{"id":8829,"date":"2021-04-19T10:32:01","date_gmt":"2021-04-19T09:32:01","guid":{"rendered":"https:\/\/www.heartfailurematters.org\/vad-din-lakare-eller-sjukskoterska-kan-gora\/jarntillskott-vid-hjartsvikt\/"},"modified":"2026-02-10T13:33:26","modified_gmt":"2026-02-10T13:33:26","slug":"jarntillskott-vid-hjartsvikt","status":"publish","type":"page","link":"https:\/\/www.heartfailurematters.org\/sv\/vad-din-lakare-eller-sjukskoterska-kan-gora\/jarntillskott-vid-hjartsvikt\/","title":{"rendered":"J\u00e4rnbehandling hos patienter med hj\u00e4rtsvikt och j\u00e4rnbrist"},"content":{"rendered":"<p><a href=\"https:\/\/www.heartfailurematters.org\/heart-failure-causes-and-other-common-medical-conditions\/iron-deficiency\/\" target=\"_blank\" rel=\"noopener\">J\u00e4rnbrist<\/a> \u00e4r vanligt hos patienter med hj\u00e4rtsvikt och minskad ejektionsfraktion. Det rekommenderas d\u00e4rf\u00f6r att unders\u00f6ka eventuell f\u00f6rekomst av j\u00e4rnbrist hos dessa patienter genom att m\u00e4ta niv\u00e5er av ferritin och transferrinm\u00e4ttnad. Specifika tr\u00f6skelv\u00e4rden f\u00f6r dessa laboratoriev\u00e4rden har definierats f\u00f6r att fastst\u00e4lla diagnos. N\u00e4r j\u00e4rnbrist har diagnostiserats b\u00f6r j\u00e4rndep\u00e5erna \u00e5terst\u00e4llas. Det \u00e4r viktigt att notera att orala j\u00e4rntillskott vanligtvis \u00e4r ineffektiva p\u00e5 grund av d\u00e5ligt upptag. D\u00e4rf\u00f6r b\u00f6r intraven\u00f6st j\u00e4rntillskott ges, vilket har visat sig vara s\u00e4kert och effektivt.<\/p>\n<p>De flesta bevis \u00e4r kopplade till den intraven\u00f6sa j\u00e4rnberedningen j\u00e4rnkarboxymaltos. Ett nyare alternativ \u00e4r j\u00e4rnderisomaltos. Intraven\u00f6st j\u00e4rn administreras vanligtvis med en infusion av j\u00e4rn uppl\u00f6st i 100 ml saltl\u00f6sning och i doser mellan 500 till 1 000 mg. Infusionen tar cirka 15 minuter. Den kan ges s\u00e4kert b\u00e5de p\u00e5 sjukhus och i \u00f6ppenv\u00e5rden. Intraven\u00f6sa j\u00e4rntillskott har visats minska symtom p\u00e5 hj\u00e4rtsvikt, f\u00f6rb\u00e4ttra livskvaliteten, \u00f6ka fysisk kapacitet och skelettmuskelstyrkan samt minska risken f\u00f6r \u00e5terkommande sjukhusinl\u00e4ggningar.<\/p>\n<p>\u00c5terst\u00e4llning av j\u00e4rnniv\u00e5n b\u00f6r kontrolleras med hj\u00e4lp av blodprov cirka tre m\u00e5nader efter den sista administrerade dosen.<\/p>\n<h2>Intraven\u00f6st j\u00e4rn som kan anv\u00e4ndas vid hj\u00e4rtsvikt<\/h2>\n<ul>\n<li>J\u00e4rnkarboxymaltos<\/li>\n<li>J\u00e4rnderisomaltos<\/li>\n<\/ul>\n<p><a title=\"\u00c5terg\u00e5 till Hj\u00e4rtsviktsl\u00e4kemedel\" href=\"https:\/\/www.heartfailurematters.org\/what-your-doctor-can-do\/heart-failure-medicines\/\">\u00c5terg\u00e5 till Hj\u00e4rtsviktsl\u00e4kemedel<\/a><\/p>\n","protected":false},"excerpt":{"rendered":"<p>J\u00e4rnbrist \u00e4r vanligt hos patienter med hj\u00e4rtsvikt och minskad ejektionsfraktion. Det rekommenderas d\u00e4rf\u00f6r att unders\u00f6ka eventuell f\u00f6rekomst av j\u00e4rnbrist hos dessa patienter genom att m\u00e4ta niv\u00e5er av ferritin och transferrinm\u00e4ttnad. Specifika tr\u00f6skelv\u00e4rden f\u00f6r dessa laboratoriev\u00e4rden har definierats f\u00f6r att fastst\u00e4lla diagnos. N\u00e4r j\u00e4rnbrist har diagnostiserats b\u00f6r j\u00e4rndep\u00e5erna \u00e5terst\u00e4llas. Det \u00e4r viktigt att notera att orala [&hellip;]<\/p>\n","protected":false},"author":1,"featured_media":10783,"parent":2685,"menu_order":0,"comment_status":"closed","ping_status":"closed","template":"","meta":{"_acf_changed":false,"footnotes":""},"categories":[],"tags":[],"class_list":["post-8829","page","type-page","status-publish","has-post-thumbnail","hentry"],"acf":[],"yoast_head":"<!-- This site is optimized with the Yoast SEO plugin v24.8.1 - https:\/\/yoast.com\/wordpress\/plugins\/seo\/ -->\n<title>J\u00e4rntillskott vid hj\u00e4rtsvikt<\/title>\n<meta name=\"description\" content=\"Hos patienter med hj\u00e4rtsvikt och j\u00e4rnbrist \u00e4r oralt j\u00e4rntillskott ineffektivt p\u00e5 grund av en mycket d\u00e5lig absorptionsf\u00f6rm\u00e5ga.\" \/>\n<meta name=\"robots\" content=\"index, follow, max-snippet:-1, max-image-preview:large, max-video-preview:-1\" \/>\n<link rel=\"canonical\" href=\"https:\/\/www.heartfailurematters.org\/sv\/vad-din-lakare-eller-sjukskoterska-kan-gora\/jarntillskott-vid-hjartsvikt\/\" \/>\n<meta property=\"og:locale\" content=\"sv_SE\" \/>\n<meta property=\"og:type\" content=\"article\" \/>\n<meta property=\"og:title\" content=\"J\u00e4rntillskott vid hj\u00e4rtsvikt\" \/>\n<meta property=\"og:description\" content=\"Hos patienter med hj\u00e4rtsvikt och j\u00e4rnbrist \u00e4r oralt j\u00e4rntillskott ineffektivt p\u00e5 grund av en mycket d\u00e5lig absorptionsf\u00f6rm\u00e5ga.\" \/>\n<meta property=\"og:url\" content=\"https:\/\/www.heartfailurematters.org\/sv\/vad-din-lakare-eller-sjukskoterska-kan-gora\/jarntillskott-vid-hjartsvikt\/\" \/>\n<meta property=\"og:site_name\" content=\"Heart Failure Matters\" \/>\n<meta property=\"article:publisher\" content=\"https:\/\/www.facebook.com\/heartfailurematters\" \/>\n<meta property=\"article:modified_time\" content=\"2026-02-10T13:33:26+00:00\" \/>\n<meta property=\"og:image\" content=\"https:\/\/www.heartfailurematters.org\/wp-content\/uploads\/2022\/03\/shutterstock_529109200-1-min.jpg\" \/>\n\t<meta property=\"og:image:width\" content=\"900\" \/>\n\t<meta property=\"og:image:height\" content=\"599\" \/>\n\t<meta property=\"og:image:type\" content=\"image\/jpeg\" \/>\n<meta name=\"twitter:card\" content=\"summary_large_image\" \/>\n<meta name=\"twitter:label1\" content=\"Ber\u00e4knad l\u00e4stid\" \/>\n\t<meta name=\"twitter:data1\" content=\"1 minut\" \/>\n<script type=\"application\/ld+json\" class=\"yoast-schema-graph\">{\"@context\":\"https:\/\/schema.org\",\"@graph\":[{\"@type\":\"WebPage\",\"@id\":\"https:\/\/www.heartfailurematters.org\/sv\/vad-din-lakare-eller-sjukskoterska-kan-gora\/jarntillskott-vid-hjartsvikt\/\",\"url\":\"https:\/\/www.heartfailurematters.org\/sv\/vad-din-lakare-eller-sjukskoterska-kan-gora\/jarntillskott-vid-hjartsvikt\/\",\"name\":\"J\u00e4rntillskott vid hj\u00e4rtsvikt\",\"isPartOf\":{\"@id\":\"https:\/\/www.heartfailurematters.org\/sv\/#website\"},\"primaryImageOfPage\":{\"@id\":\"https:\/\/www.heartfailurematters.org\/sv\/vad-din-lakare-eller-sjukskoterska-kan-gora\/jarntillskott-vid-hjartsvikt\/#primaryimage\"},\"image\":{\"@id\":\"https:\/\/www.heartfailurematters.org\/sv\/vad-din-lakare-eller-sjukskoterska-kan-gora\/jarntillskott-vid-hjartsvikt\/#primaryimage\"},\"thumbnailUrl\":\"https:\/\/www.heartfailurematters.org\/wp-content\/uploads\/2022\/03\/shutterstock_529109200-1-min.jpg\",\"datePublished\":\"2021-04-19T09:32:01+00:00\",\"dateModified\":\"2026-02-10T13:33:26+00:00\",\"description\":\"Hos patienter med hj\u00e4rtsvikt och j\u00e4rnbrist \u00e4r oralt j\u00e4rntillskott ineffektivt p\u00e5 grund av en mycket d\u00e5lig absorptionsf\u00f6rm\u00e5ga.\",\"breadcrumb\":{\"@id\":\"https:\/\/www.heartfailurematters.org\/sv\/vad-din-lakare-eller-sjukskoterska-kan-gora\/jarntillskott-vid-hjartsvikt\/#breadcrumb\"},\"inLanguage\":\"sv-SE\",\"potentialAction\":[{\"@type\":\"ReadAction\",\"target\":[\"https:\/\/www.heartfailurematters.org\/sv\/vad-din-lakare-eller-sjukskoterska-kan-gora\/jarntillskott-vid-hjartsvikt\/\"]}]},{\"@type\":\"ImageObject\",\"inLanguage\":\"sv-SE\",\"@id\":\"https:\/\/www.heartfailurematters.org\/sv\/vad-din-lakare-eller-sjukskoterska-kan-gora\/jarntillskott-vid-hjartsvikt\/#primaryimage\",\"url\":\"https:\/\/www.heartfailurematters.org\/wp-content\/uploads\/2022\/03\/shutterstock_529109200-1-min.jpg\",\"contentUrl\":\"https:\/\/www.heartfailurematters.org\/wp-content\/uploads\/2022\/03\/shutterstock_529109200-1-min.jpg\",\"width\":900,\"height\":599},{\"@type\":\"BreadcrumbList\",\"@id\":\"https:\/\/www.heartfailurematters.org\/sv\/vad-din-lakare-eller-sjukskoterska-kan-gora\/jarntillskott-vid-hjartsvikt\/#breadcrumb\",\"itemListElement\":[{\"@type\":\"ListItem\",\"position\":1,\"name\":\"Hem\",\"item\":\"https:\/\/www.heartfailurematters.org\/sv\/\"},{\"@type\":\"ListItem\",\"position\":2,\"name\":\"Vad din l\u00e4kare kan g\u00f6ra\",\"item\":\"https:\/\/www.heartfailurematters.org\/sv\/vad-din-lakare-eller-sjukskoterska-kan-gora\/\"},{\"@type\":\"ListItem\",\"position\":3,\"name\":\"J\u00e4rnbehandling hos patienter med hj\u00e4rtsvikt och j\u00e4rnbrist\"}]},{\"@type\":\"WebSite\",\"@id\":\"https:\/\/www.heartfailurematters.org\/sv\/#website\",\"url\":\"https:\/\/www.heartfailurematters.org\/sv\/\",\"name\":\"Heart Failure Matters\",\"description\":\"Practical information for patients, families and caregivers.\",\"publisher\":{\"@id\":\"https:\/\/www.heartfailurematters.org\/sv\/#organization\"},\"potentialAction\":[{\"@type\":\"SearchAction\",\"target\":{\"@type\":\"EntryPoint\",\"urlTemplate\":\"https:\/\/www.heartfailurematters.org\/sv\/?s={search_term_string}\"},\"query-input\":{\"@type\":\"PropertyValueSpecification\",\"valueRequired\":true,\"valueName\":\"search_term_string\"}}],\"inLanguage\":\"sv-SE\"},{\"@type\":\"Organization\",\"@id\":\"https:\/\/www.heartfailurematters.org\/sv\/#organization\",\"name\":\"Heart Failure Matters\",\"url\":\"https:\/\/www.heartfailurematters.org\/sv\/\",\"logo\":{\"@type\":\"ImageObject\",\"inLanguage\":\"sv-SE\",\"@id\":\"https:\/\/www.heartfailurematters.org\/sv\/#\/schema\/logo\/image\/\",\"url\":\"https:\/\/cdn-endpoint-hfm.azureedge.net\/heartfailurematters\/2024\/07\/hfm-logo1.jpg\",\"contentUrl\":\"https:\/\/cdn-endpoint-hfm.azureedge.net\/heartfailurematters\/2024\/07\/hfm-logo1.jpg\",\"width\":1280,\"height\":720,\"caption\":\"Heart Failure Matters\"},\"image\":{\"@id\":\"https:\/\/www.heartfailurematters.org\/sv\/#\/schema\/logo\/image\/\"},\"sameAs\":[\"https:\/\/www.facebook.com\/heartfailurematters\"]}]}<\/script>\n<!-- \/ Yoast SEO plugin. -->","yoast_head_json":{"title":"J\u00e4rntillskott vid hj\u00e4rtsvikt","description":"Hos patienter med hj\u00e4rtsvikt och j\u00e4rnbrist \u00e4r oralt j\u00e4rntillskott ineffektivt p\u00e5 grund av en mycket d\u00e5lig absorptionsf\u00f6rm\u00e5ga.","robots":{"index":"index","follow":"follow","max-snippet":"max-snippet:-1","max-image-preview":"max-image-preview:large","max-video-preview":"max-video-preview:-1"},"canonical":"https:\/\/www.heartfailurematters.org\/sv\/vad-din-lakare-eller-sjukskoterska-kan-gora\/jarntillskott-vid-hjartsvikt\/","og_locale":"sv_SE","og_type":"article","og_title":"J\u00e4rntillskott vid hj\u00e4rtsvikt","og_description":"Hos patienter med hj\u00e4rtsvikt och j\u00e4rnbrist \u00e4r oralt j\u00e4rntillskott ineffektivt p\u00e5 grund av en mycket d\u00e5lig absorptionsf\u00f6rm\u00e5ga.","og_url":"https:\/\/www.heartfailurematters.org\/sv\/vad-din-lakare-eller-sjukskoterska-kan-gora\/jarntillskott-vid-hjartsvikt\/","og_site_name":"Heart Failure Matters","article_publisher":"https:\/\/www.facebook.com\/heartfailurematters","article_modified_time":"2026-02-10T13:33:26+00:00","og_image":[{"width":900,"height":599,"url":"https:\/\/www.heartfailurematters.org\/wp-content\/uploads\/2022\/03\/shutterstock_529109200-1-min.jpg","type":"image\/jpeg"}],"twitter_card":"summary_large_image","twitter_misc":{"Ber\u00e4knad l\u00e4stid":"1 minut"},"schema":{"@context":"https:\/\/schema.org","@graph":[{"@type":"WebPage","@id":"https:\/\/www.heartfailurematters.org\/sv\/vad-din-lakare-eller-sjukskoterska-kan-gora\/jarntillskott-vid-hjartsvikt\/","url":"https:\/\/www.heartfailurematters.org\/sv\/vad-din-lakare-eller-sjukskoterska-kan-gora\/jarntillskott-vid-hjartsvikt\/","name":"J\u00e4rntillskott vid hj\u00e4rtsvikt","isPartOf":{"@id":"https:\/\/www.heartfailurematters.org\/sv\/#website"},"primaryImageOfPage":{"@id":"https:\/\/www.heartfailurematters.org\/sv\/vad-din-lakare-eller-sjukskoterska-kan-gora\/jarntillskott-vid-hjartsvikt\/#primaryimage"},"image":{"@id":"https:\/\/www.heartfailurematters.org\/sv\/vad-din-lakare-eller-sjukskoterska-kan-gora\/jarntillskott-vid-hjartsvikt\/#primaryimage"},"thumbnailUrl":"https:\/\/www.heartfailurematters.org\/wp-content\/uploads\/2022\/03\/shutterstock_529109200-1-min.jpg","datePublished":"2021-04-19T09:32:01+00:00","dateModified":"2026-02-10T13:33:26+00:00","description":"Hos patienter med hj\u00e4rtsvikt och j\u00e4rnbrist \u00e4r oralt j\u00e4rntillskott ineffektivt p\u00e5 grund av en mycket d\u00e5lig absorptionsf\u00f6rm\u00e5ga.","breadcrumb":{"@id":"https:\/\/www.heartfailurematters.org\/sv\/vad-din-lakare-eller-sjukskoterska-kan-gora\/jarntillskott-vid-hjartsvikt\/#breadcrumb"},"inLanguage":"sv-SE","potentialAction":[{"@type":"ReadAction","target":["https:\/\/www.heartfailurematters.org\/sv\/vad-din-lakare-eller-sjukskoterska-kan-gora\/jarntillskott-vid-hjartsvikt\/"]}]},{"@type":"ImageObject","inLanguage":"sv-SE","@id":"https:\/\/www.heartfailurematters.org\/sv\/vad-din-lakare-eller-sjukskoterska-kan-gora\/jarntillskott-vid-hjartsvikt\/#primaryimage","url":"https:\/\/www.heartfailurematters.org\/wp-content\/uploads\/2022\/03\/shutterstock_529109200-1-min.jpg","contentUrl":"https:\/\/www.heartfailurematters.org\/wp-content\/uploads\/2022\/03\/shutterstock_529109200-1-min.jpg","width":900,"height":599},{"@type":"BreadcrumbList","@id":"https:\/\/www.heartfailurematters.org\/sv\/vad-din-lakare-eller-sjukskoterska-kan-gora\/jarntillskott-vid-hjartsvikt\/#breadcrumb","itemListElement":[{"@type":"ListItem","position":1,"name":"Hem","item":"https:\/\/www.heartfailurematters.org\/sv\/"},{"@type":"ListItem","position":2,"name":"Vad din l\u00e4kare kan g\u00f6ra","item":"https:\/\/www.heartfailurematters.org\/sv\/vad-din-lakare-eller-sjukskoterska-kan-gora\/"},{"@type":"ListItem","position":3,"name":"J\u00e4rnbehandling hos patienter med hj\u00e4rtsvikt och j\u00e4rnbrist"}]},{"@type":"WebSite","@id":"https:\/\/www.heartfailurematters.org\/sv\/#website","url":"https:\/\/www.heartfailurematters.org\/sv\/","name":"Heart Failure Matters","description":"Practical information for patients, families and caregivers.","publisher":{"@id":"https:\/\/www.heartfailurematters.org\/sv\/#organization"},"potentialAction":[{"@type":"SearchAction","target":{"@type":"EntryPoint","urlTemplate":"https:\/\/www.heartfailurematters.org\/sv\/?s={search_term_string}"},"query-input":{"@type":"PropertyValueSpecification","valueRequired":true,"valueName":"search_term_string"}}],"inLanguage":"sv-SE"},{"@type":"Organization","@id":"https:\/\/www.heartfailurematters.org\/sv\/#organization","name":"Heart Failure Matters","url":"https:\/\/www.heartfailurematters.org\/sv\/","logo":{"@type":"ImageObject","inLanguage":"sv-SE","@id":"https:\/\/www.heartfailurematters.org\/sv\/#\/schema\/logo\/image\/","url":"https:\/\/cdn-endpoint-hfm.azureedge.net\/heartfailurematters\/2024\/07\/hfm-logo1.jpg","contentUrl":"https:\/\/cdn-endpoint-hfm.azureedge.net\/heartfailurematters\/2024\/07\/hfm-logo1.jpg","width":1280,"height":720,"caption":"Heart Failure Matters"},"image":{"@id":"https:\/\/www.heartfailurematters.org\/sv\/#\/schema\/logo\/image\/"},"sameAs":["https:\/\/www.facebook.com\/heartfailurematters"]}]}},"_links":{"self":[{"href":"https:\/\/www.heartfailurematters.org\/sv\/wp-json\/wp\/v2\/pages\/8829","targetHints":{"allow":["GET"]}}],"collection":[{"href":"https:\/\/www.heartfailurematters.org\/sv\/wp-json\/wp\/v2\/pages"}],"about":[{"href":"https:\/\/www.heartfailurematters.org\/sv\/wp-json\/wp\/v2\/types\/page"}],"author":[{"embeddable":true,"href":"https:\/\/www.heartfailurematters.org\/sv\/wp-json\/wp\/v2\/users\/1"}],"replies":[{"embeddable":true,"href":"https:\/\/www.heartfailurematters.org\/sv\/wp-json\/wp\/v2\/comments?post=8829"}],"version-history":[{"count":4,"href":"https:\/\/www.heartfailurematters.org\/sv\/wp-json\/wp\/v2\/pages\/8829\/revisions"}],"predecessor-version":[{"id":13986,"href":"https:\/\/www.heartfailurematters.org\/sv\/wp-json\/wp\/v2\/pages\/8829\/revisions\/13986"}],"up":[{"embeddable":true,"href":"https:\/\/www.heartfailurematters.org\/sv\/wp-json\/wp\/v2\/pages\/2685"}],"wp:featuredmedia":[{"embeddable":true,"href":"https:\/\/www.heartfailurematters.org\/sv\/wp-json\/wp\/v2\/media\/10783"}],"wp:attachment":[{"href":"https:\/\/www.heartfailurematters.org\/sv\/wp-json\/wp\/v2\/media?parent=8829"}],"wp:term":[{"taxonomy":"category","embeddable":true,"href":"https:\/\/www.heartfailurematters.org\/sv\/wp-json\/wp\/v2\/categories?post=8829"},{"taxonomy":"post_tag","embeddable":true,"href":"https:\/\/www.heartfailurematters.org\/sv\/wp-json\/wp\/v2\/tags?post=8829"}],"curies":[{"name":"wp","href":"https:\/\/api.w.org\/{rel}","templated":true}]}}