{"id":8822,"date":"2021-04-19T10:31:57","date_gmt":"2021-04-19T09:31:57","guid":{"rendered":"https:\/\/www.heartfailurematters.org\/orsaker-till-hjartsvikt-och-andra-vanliga-medicinska-tillstand\/central-somnapne\/"},"modified":"2021-06-25T17:24:33","modified_gmt":"2021-06-25T16:24:33","slug":"central-somnapne","status":"publish","type":"page","link":"https:\/\/www.heartfailurematters.org\/sv\/orsaker-till-hjartsvikt-och-andra-vanliga-medicinska-tillstand\/central-somnapne\/","title":{"rendered":"Central s\u00f6mnapn\u00e9"},"content":{"rendered":"<p>Termen apn\u00e9 inneb\u00e4r att en person slutar andas under en kort tid. Patienter med hj\u00e4rtsvikt upplever ofta s\u00f6mnst\u00f6rningar p\u00e5 natten, vilket kan innefatta apn\u00e9 och episoder av paroxysmal dyspn\u00e9 som vanligtvis upplevs som pl\u00f6tslig andn\u00f6d n\u00e4r de ligger ner, vilket kan leda till uppvaknande och behov av att sitta eller st\u00e5 upp. Onormala andningsm\u00f6nster p\u00e5 natten observeras (s\u00e5 kallad s\u00f6mnst\u00f6rning). De vanligaste typerna av s\u00f6mnst\u00f6rningar \u00e4r central s\u00f6mnapn\u00e9, obstruktiv s\u00f6mnapn\u00e9 eller en blandning av de tv\u00e5 tillst\u00e5nden. Noggrann granskning av s\u00f6mnhistorik \u00e4r avg\u00f6rande f\u00f6r att st\u00e4lla diagnosen. H\u00e4ri ing\u00e5r att fr\u00e5ga en partner hur patienten med hj\u00e4rtsvikt sover, inklusive en detaljerad beskrivning av andningsm\u00f6nstret. Att fr\u00e5ga om episoder av andningsstopp i samband med snarkning \u00e4r en viktig pusselbit.<\/p>\n<p><strong>Central s\u00f6mnapn\u00e9<\/strong> \u00e4r en s\u00f6mnrelaterad sjukdom d\u00e4r patienten slutar andas under natten (eller andningen minskar m\u00e4rkbart), vanligtvis i 10 till 30 sekunder, antingen periodiskt eller i cykler. I vissa fall kan det likna rytmiska faser av avtagande och tilltagande andning, inklusive episoder av apn\u00e9 (andningsstopp) som kallas Cheyne\u2013Stokes andning. Vid hj\u00e4rtsvikt orsakas andningsm\u00f6nstret av onormala signaler fr\u00e5n hj\u00e4rnan. Patienter med hj\u00e4rtsvikt kan ha en l\u00e5ngsammare cirkulation, vilket kan f\u00f6rs\u00e4mra f\u00f6rm\u00e5gan att snabbt k\u00e4nna av f\u00f6r\u00e4ndrade niv\u00e5er av blodgaser (syre och koldioxid). Det g\u00f6r att hj\u00e4rnan minskar antalet eller till och med slutar s\u00e4nda signaler om att andas till andningsmusklerna i br\u00f6st och mellang\u00e4rde. Detta m\u00f6nster av s\u00f6mnst\u00f6rande andning \u00e4r inte detsamma som <strong>obstruktiv s\u00f6mnapn\u00e9<\/strong> (som ocks\u00e5 kan f\u00f6rekomma vid hj\u00e4rtsvikt) och orsakas av ett avbrott i andningen p\u00e5 grund av en partiell obstruktion av det normala luftfl\u00f6det i de \u00f6vre luftv\u00e4garna, vilket vanligtvis f\u00f6rknippas med snarkning.<\/p>\n<p>En s\u00e4nkt syreniv\u00e5 i blodet p\u00e5 grund av ytlig andning eller l\u00e5nga andningspauser kan vara skadlig eftersom det kan g\u00f6ra att patienten vaknar ofta under natten och g\u00f6ra det sv\u00e5rare att somna (insomni) , samt tr\u00f6tthet under dagen. Syreunderskottet kan ocks\u00e5 utl\u00f6sa en ut\u00f6kad stimulering i det sympatiska nervsystemet som reglerar blodtryck och hj\u00e4rtfrekvens, en aktivering som kan ha negativa effekter p\u00e5 det kardiovaskul\u00e4ra systemet.<\/p>\n<p>&nbsp;<\/p>\n<h3>Apn\u00e9 och hj\u00e4rtsvikt<\/h3>\n<p>Patienter med hj\u00e4rtsvikt och central s\u00f6mnapn\u00e9 rapporterar vanligtvis pl\u00f6tsliga uppvaknanden \u00e5tf\u00f6ljda av andn\u00f6d, s\u00f6mnsv\u00e5righeter, koncentrationssv\u00e5righeter, morgonhuvudv\u00e4rk och \u00f6verdriven d\u00e5sighet dagtid. Konsekvenserna kan bli att patienten somnar under arbetet eller till och med under normal daglig aktivitet. Patienter rapporterar ocks\u00e5 utmattning och ytterligare f\u00f6rs\u00e4mring av tr\u00e4ningsf\u00f6rm\u00e5gan. \u00c5ngest eller depression kan komplicera symtomen.<\/p>\n<p>Snarkning \u00e4r vanligtvis kopplat till s\u00f6mnst\u00f6rande andning, men det visar oftare p\u00e5 en viss grad av obstruktion av det \u00f6vre luftfl\u00f6det (obstruktiv s\u00f6mnapn\u00e9). Snarkning och s\u00f6mnst\u00f6rande andning kan ocks\u00e5 f\u00f6rekomma hos patienter utan obstruktion (central s\u00f6mnapn\u00e9). Det \u00e4r viktigt att komma ih\u00e5g att central s\u00f6mnapn\u00e9 inte bara p\u00e5verkar livskvaliteten utan ocks\u00e5 \u00e4r f\u00f6rknippad med en s\u00e4mre sjukdomsprognos med t\u00e4tare sjukhusvistelser, en h\u00f6gre risk f\u00f6r hj\u00e4rtrytmavvikelser och potentiellt allvarliga komplikationer.<\/p>\n<p>F\u00f6r att st\u00e4lla diagnosen s\u00f6mnst\u00f6rning kr\u00e4vs en detaljerad utv\u00e4rdering av patientens s\u00f6mnhistorik. Fr\u00e5geformul\u00e4r \u00e4r ocks\u00e5 ofta anv\u00e4ndbara. Polysomnografi under natten, d\u00e4r andningsm\u00f6nstret \u00f6vervakas och analyseras noggrant, kan rekommenderas. Bekr\u00e4ftelse av en slutlig av s\u00f6mnapn\u00e9diagnos kr\u00e4ver ibland utv\u00e4rdering av en specialistl\u00e4kare som studerar patienten i ett s\u00f6mnlaboratorium med hj\u00e4lp av avancerad analysutrustning.<\/p>\n<p>Behandling av central s\u00f6mnapn\u00e9 hos patienter med hj\u00e4rtsvikt \u00e4r fortfarande kontroversiellt. Vid indikation \u00e4r en optimering av behandlingen av hj\u00e4rtsvikt viktig, f\u00f6retr\u00e4desvis av ett hj\u00e4rtsviktshanteringsteam, med hj\u00e4lp av l\u00e4mplig medicin och specifika ingrepp, till exempel enheter. Psykoterapi kan rekommenderas vissa patienter. F\u00f6r n\u00e4rvarande finns det dock ingen specifik behandlingsform som har visat sig f\u00f6rb\u00e4ttra resultaten. Tidigare rekommenderades ibland luftv\u00e4gsmasker med positivt tryck men nya bel\u00e4gg tyder p\u00e5 att de inte \u00e4r anv\u00e4ndbara f\u00f6r patienter med hj\u00e4rtsvikt. Andra relativt enkla larmanordningar som reagerar under perioder av apn\u00e9 kan vara anv\u00e4ndbara. Hos vissa patienter med sv\u00e5ra symtom kan behandling med s\u00e5 kallad frenisk nervstimulering \u00f6verv\u00e4gas med en anordning som liknar en pacemaker. Denna enhet \u00e4r programmerad f\u00f6r att \u00f6vervaka andning och k\u00e4nna av andningsstopp och l\u00e5nga perioder av apn\u00e9. Enheten kommer sedan att stimulera diafragman f\u00f6r att \u00e5terst\u00e4lla tillr\u00e4cklig ventilation och andning tills normal andning \u00e5terupptas.<\/p>\n<p>&nbsp;<\/p>\n<p><a href=\"https:\/\/www.heartfailurematters.org\/heart-failure-causes-and-other-common-medical-conditions\/other-common-medical-conditions-and-heart-failure\/\">G\u00e5 tillbaka till &#8221;Andra vanliga medicinska tillst\u00e5nd och hj\u00e4rtsvikt&#8221;<\/a><\/p>\n","protected":false},"excerpt":{"rendered":"<p>Termen apn\u00e9 inneb\u00e4r att en person slutar andas under en kort tid. Patienter med hj\u00e4rtsvikt upplever ofta s\u00f6mnst\u00f6rningar p\u00e5 natten, vilket kan innefatta apn\u00e9 och episoder av paroxysmal dyspn\u00e9 som vanligtvis upplevs som pl\u00f6tslig andn\u00f6d n\u00e4r de ligger ner, vilket kan leda till uppvaknande och behov av att sitta eller st\u00e5 upp. Onormala andningsm\u00f6nster p\u00e5 [&hellip;]<\/p>\n","protected":false},"author":1,"featured_media":10824,"parent":8051,"menu_order":20,"comment_status":"closed","ping_status":"closed","template":"","meta":{"_acf_changed":false,"footnotes":""},"categories":[],"tags":[],"class_list":["post-8822","page","type-page","status-publish","has-post-thumbnail","hentry"],"acf":[],"yoast_head":"<!-- This site is optimized with the Yoast SEO plugin v24.8.1 - https:\/\/yoast.com\/wordpress\/plugins\/seo\/ -->\n<title>Central s\u00f6mnapn\u00e9 - Heart Failure Matters<\/title>\n<meta name=\"description\" content=\"Patienter med hj\u00e4rtsvikt och central s\u00f6mnapn\u00e9 rapporterar vanligtvis pl\u00f6tsliga uppvaknanden \u00e5tf\u00f6ljda av andn\u00f6d och s\u00f6mnsv\u00e5righeter. Ta reda p\u00e5 mer.\" \/>\n<meta name=\"robots\" content=\"index, follow, max-snippet:-1, max-image-preview:large, max-video-preview:-1\" \/>\n<link rel=\"canonical\" href=\"https:\/\/www.heartfailurematters.org\/sv\/orsaker-till-hjartsvikt-och-andra-vanliga-medicinska-tillstand\/central-somnapne\/\" \/>\n<meta property=\"og:locale\" content=\"sv_SE\" \/>\n<meta property=\"og:type\" content=\"article\" \/>\n<meta property=\"og:title\" content=\"Central s\u00f6mnapn\u00e9 - Heart Failure Matters\" \/>\n<meta property=\"og:description\" content=\"Patienter med hj\u00e4rtsvikt och central s\u00f6mnapn\u00e9 rapporterar vanligtvis pl\u00f6tsliga uppvaknanden \u00e5tf\u00f6ljda av andn\u00f6d och s\u00f6mnsv\u00e5righeter. Ta reda p\u00e5 mer.\" \/>\n<meta property=\"og:url\" content=\"https:\/\/www.heartfailurematters.org\/sv\/orsaker-till-hjartsvikt-och-andra-vanliga-medicinska-tillstand\/central-somnapne\/\" \/>\n<meta property=\"og:site_name\" content=\"Heart Failure Matters\" \/>\n<meta property=\"article:publisher\" content=\"https:\/\/www.facebook.com\/heartfailurematters\" \/>\n<meta property=\"article:modified_time\" content=\"2021-06-25T16:24:33+00:00\" \/>\n<meta property=\"og:image\" content=\"https:\/\/www.heartfailurematters.org\/wp-content\/uploads\/2022\/03\/shutterstock_388567126-1-min.jpg\" \/>\n\t<meta property=\"og:image:width\" content=\"900\" \/>\n\t<meta property=\"og:image:height\" content=\"600\" \/>\n\t<meta property=\"og:image:type\" content=\"image\/jpeg\" \/>\n<meta name=\"twitter:card\" content=\"summary_large_image\" \/>\n<meta name=\"twitter:label1\" content=\"Ber\u00e4knad l\u00e4stid\" \/>\n\t<meta name=\"twitter:data1\" content=\"4 minuter\" \/>\n<script type=\"application\/ld+json\" class=\"yoast-schema-graph\">{\"@context\":\"https:\/\/schema.org\",\"@graph\":[{\"@type\":\"WebPage\",\"@id\":\"https:\/\/www.heartfailurematters.org\/sv\/orsaker-till-hjartsvikt-och-andra-vanliga-medicinska-tillstand\/central-somnapne\/\",\"url\":\"https:\/\/www.heartfailurematters.org\/sv\/orsaker-till-hjartsvikt-och-andra-vanliga-medicinska-tillstand\/central-somnapne\/\",\"name\":\"Central s\u00f6mnapn\u00e9 - Heart Failure Matters\",\"isPartOf\":{\"@id\":\"https:\/\/www.heartfailurematters.org\/sv\/#website\"},\"primaryImageOfPage\":{\"@id\":\"https:\/\/www.heartfailurematters.org\/sv\/orsaker-till-hjartsvikt-och-andra-vanliga-medicinska-tillstand\/central-somnapne\/#primaryimage\"},\"image\":{\"@id\":\"https:\/\/www.heartfailurematters.org\/sv\/orsaker-till-hjartsvikt-och-andra-vanliga-medicinska-tillstand\/central-somnapne\/#primaryimage\"},\"thumbnailUrl\":\"https:\/\/www.heartfailurematters.org\/wp-content\/uploads\/2022\/03\/shutterstock_388567126-1-min.jpg\",\"datePublished\":\"2021-04-19T09:31:57+00:00\",\"dateModified\":\"2021-06-25T16:24:33+00:00\",\"description\":\"Patienter med hj\u00e4rtsvikt och central s\u00f6mnapn\u00e9 rapporterar vanligtvis pl\u00f6tsliga uppvaknanden \u00e5tf\u00f6ljda av andn\u00f6d och s\u00f6mnsv\u00e5righeter. Ta reda p\u00e5 mer.\",\"breadcrumb\":{\"@id\":\"https:\/\/www.heartfailurematters.org\/sv\/orsaker-till-hjartsvikt-och-andra-vanliga-medicinska-tillstand\/central-somnapne\/#breadcrumb\"},\"inLanguage\":\"sv-SE\",\"potentialAction\":[{\"@type\":\"ReadAction\",\"target\":[\"https:\/\/www.heartfailurematters.org\/sv\/orsaker-till-hjartsvikt-och-andra-vanliga-medicinska-tillstand\/central-somnapne\/\"]}]},{\"@type\":\"ImageObject\",\"inLanguage\":\"sv-SE\",\"@id\":\"https:\/\/www.heartfailurematters.org\/sv\/orsaker-till-hjartsvikt-och-andra-vanliga-medicinska-tillstand\/central-somnapne\/#primaryimage\",\"url\":\"https:\/\/www.heartfailurematters.org\/wp-content\/uploads\/2022\/03\/shutterstock_388567126-1-min.jpg\",\"contentUrl\":\"https:\/\/www.heartfailurematters.org\/wp-content\/uploads\/2022\/03\/shutterstock_388567126-1-min.jpg\",\"width\":900,\"height\":600},{\"@type\":\"BreadcrumbList\",\"@id\":\"https:\/\/www.heartfailurematters.org\/sv\/orsaker-till-hjartsvikt-och-andra-vanliga-medicinska-tillstand\/central-somnapne\/#breadcrumb\",\"itemListElement\":[{\"@type\":\"ListItem\",\"position\":1,\"name\":\"Hem\",\"item\":\"https:\/\/www.heartfailurematters.org\/sv\/\"},{\"@type\":\"ListItem\",\"position\":2,\"name\":\"Orsaker till hj\u00e4rtsvikt och andra vanliga medicinska tillst\u00e5nd\",\"item\":\"https:\/\/www.heartfailurematters.org\/sv\/orsaker-till-hjartsvikt-och-andra-vanliga-medicinska-tillstand\/\"},{\"@type\":\"ListItem\",\"position\":3,\"name\":\"Central s\u00f6mnapn\u00e9\"}]},{\"@type\":\"WebSite\",\"@id\":\"https:\/\/www.heartfailurematters.org\/sv\/#website\",\"url\":\"https:\/\/www.heartfailurematters.org\/sv\/\",\"name\":\"Heart Failure Matters\",\"description\":\"Practical information for patients, families and caregivers.\",\"publisher\":{\"@id\":\"https:\/\/www.heartfailurematters.org\/sv\/#organization\"},\"potentialAction\":[{\"@type\":\"SearchAction\",\"target\":{\"@type\":\"EntryPoint\",\"urlTemplate\":\"https:\/\/www.heartfailurematters.org\/sv\/?s={search_term_string}\"},\"query-input\":{\"@type\":\"PropertyValueSpecification\",\"valueRequired\":true,\"valueName\":\"search_term_string\"}}],\"inLanguage\":\"sv-SE\"},{\"@type\":\"Organization\",\"@id\":\"https:\/\/www.heartfailurematters.org\/sv\/#organization\",\"name\":\"Heart Failure Matters\",\"url\":\"https:\/\/www.heartfailurematters.org\/sv\/\",\"logo\":{\"@type\":\"ImageObject\",\"inLanguage\":\"sv-SE\",\"@id\":\"https:\/\/www.heartfailurematters.org\/sv\/#\/schema\/logo\/image\/\",\"url\":\"https:\/\/cdn-endpoint-hfm.azureedge.net\/heartfailurematters\/2024\/07\/hfm-logo1.jpg\",\"contentUrl\":\"https:\/\/cdn-endpoint-hfm.azureedge.net\/heartfailurematters\/2024\/07\/hfm-logo1.jpg\",\"width\":1280,\"height\":720,\"caption\":\"Heart Failure Matters\"},\"image\":{\"@id\":\"https:\/\/www.heartfailurematters.org\/sv\/#\/schema\/logo\/image\/\"},\"sameAs\":[\"https:\/\/www.facebook.com\/heartfailurematters\"]}]}<\/script>\n<!-- \/ Yoast SEO plugin. -->","yoast_head_json":{"title":"Central s\u00f6mnapn\u00e9 - Heart Failure Matters","description":"Patienter med hj\u00e4rtsvikt och central s\u00f6mnapn\u00e9 rapporterar vanligtvis pl\u00f6tsliga uppvaknanden \u00e5tf\u00f6ljda av andn\u00f6d och s\u00f6mnsv\u00e5righeter. Ta reda p\u00e5 mer.","robots":{"index":"index","follow":"follow","max-snippet":"max-snippet:-1","max-image-preview":"max-image-preview:large","max-video-preview":"max-video-preview:-1"},"canonical":"https:\/\/www.heartfailurematters.org\/sv\/orsaker-till-hjartsvikt-och-andra-vanliga-medicinska-tillstand\/central-somnapne\/","og_locale":"sv_SE","og_type":"article","og_title":"Central s\u00f6mnapn\u00e9 - Heart Failure Matters","og_description":"Patienter med hj\u00e4rtsvikt och central s\u00f6mnapn\u00e9 rapporterar vanligtvis pl\u00f6tsliga uppvaknanden \u00e5tf\u00f6ljda av andn\u00f6d och s\u00f6mnsv\u00e5righeter. Ta reda p\u00e5 mer.","og_url":"https:\/\/www.heartfailurematters.org\/sv\/orsaker-till-hjartsvikt-och-andra-vanliga-medicinska-tillstand\/central-somnapne\/","og_site_name":"Heart Failure Matters","article_publisher":"https:\/\/www.facebook.com\/heartfailurematters","article_modified_time":"2021-06-25T16:24:33+00:00","og_image":[{"width":900,"height":600,"url":"https:\/\/www.heartfailurematters.org\/wp-content\/uploads\/2022\/03\/shutterstock_388567126-1-min.jpg","type":"image\/jpeg"}],"twitter_card":"summary_large_image","twitter_misc":{"Ber\u00e4knad l\u00e4stid":"4 minuter"},"schema":{"@context":"https:\/\/schema.org","@graph":[{"@type":"WebPage","@id":"https:\/\/www.heartfailurematters.org\/sv\/orsaker-till-hjartsvikt-och-andra-vanliga-medicinska-tillstand\/central-somnapne\/","url":"https:\/\/www.heartfailurematters.org\/sv\/orsaker-till-hjartsvikt-och-andra-vanliga-medicinska-tillstand\/central-somnapne\/","name":"Central s\u00f6mnapn\u00e9 - Heart Failure Matters","isPartOf":{"@id":"https:\/\/www.heartfailurematters.org\/sv\/#website"},"primaryImageOfPage":{"@id":"https:\/\/www.heartfailurematters.org\/sv\/orsaker-till-hjartsvikt-och-andra-vanliga-medicinska-tillstand\/central-somnapne\/#primaryimage"},"image":{"@id":"https:\/\/www.heartfailurematters.org\/sv\/orsaker-till-hjartsvikt-och-andra-vanliga-medicinska-tillstand\/central-somnapne\/#primaryimage"},"thumbnailUrl":"https:\/\/www.heartfailurematters.org\/wp-content\/uploads\/2022\/03\/shutterstock_388567126-1-min.jpg","datePublished":"2021-04-19T09:31:57+00:00","dateModified":"2021-06-25T16:24:33+00:00","description":"Patienter med hj\u00e4rtsvikt och central s\u00f6mnapn\u00e9 rapporterar vanligtvis pl\u00f6tsliga uppvaknanden \u00e5tf\u00f6ljda av andn\u00f6d och s\u00f6mnsv\u00e5righeter. Ta reda p\u00e5 mer.","breadcrumb":{"@id":"https:\/\/www.heartfailurematters.org\/sv\/orsaker-till-hjartsvikt-och-andra-vanliga-medicinska-tillstand\/central-somnapne\/#breadcrumb"},"inLanguage":"sv-SE","potentialAction":[{"@type":"ReadAction","target":["https:\/\/www.heartfailurematters.org\/sv\/orsaker-till-hjartsvikt-och-andra-vanliga-medicinska-tillstand\/central-somnapne\/"]}]},{"@type":"ImageObject","inLanguage":"sv-SE","@id":"https:\/\/www.heartfailurematters.org\/sv\/orsaker-till-hjartsvikt-och-andra-vanliga-medicinska-tillstand\/central-somnapne\/#primaryimage","url":"https:\/\/www.heartfailurematters.org\/wp-content\/uploads\/2022\/03\/shutterstock_388567126-1-min.jpg","contentUrl":"https:\/\/www.heartfailurematters.org\/wp-content\/uploads\/2022\/03\/shutterstock_388567126-1-min.jpg","width":900,"height":600},{"@type":"BreadcrumbList","@id":"https:\/\/www.heartfailurematters.org\/sv\/orsaker-till-hjartsvikt-och-andra-vanliga-medicinska-tillstand\/central-somnapne\/#breadcrumb","itemListElement":[{"@type":"ListItem","position":1,"name":"Hem","item":"https:\/\/www.heartfailurematters.org\/sv\/"},{"@type":"ListItem","position":2,"name":"Orsaker till hj\u00e4rtsvikt och andra vanliga medicinska tillst\u00e5nd","item":"https:\/\/www.heartfailurematters.org\/sv\/orsaker-till-hjartsvikt-och-andra-vanliga-medicinska-tillstand\/"},{"@type":"ListItem","position":3,"name":"Central s\u00f6mnapn\u00e9"}]},{"@type":"WebSite","@id":"https:\/\/www.heartfailurematters.org\/sv\/#website","url":"https:\/\/www.heartfailurematters.org\/sv\/","name":"Heart Failure Matters","description":"Practical information for patients, families and caregivers.","publisher":{"@id":"https:\/\/www.heartfailurematters.org\/sv\/#organization"},"potentialAction":[{"@type":"SearchAction","target":{"@type":"EntryPoint","urlTemplate":"https:\/\/www.heartfailurematters.org\/sv\/?s={search_term_string}"},"query-input":{"@type":"PropertyValueSpecification","valueRequired":true,"valueName":"search_term_string"}}],"inLanguage":"sv-SE"},{"@type":"Organization","@id":"https:\/\/www.heartfailurematters.org\/sv\/#organization","name":"Heart Failure Matters","url":"https:\/\/www.heartfailurematters.org\/sv\/","logo":{"@type":"ImageObject","inLanguage":"sv-SE","@id":"https:\/\/www.heartfailurematters.org\/sv\/#\/schema\/logo\/image\/","url":"https:\/\/cdn-endpoint-hfm.azureedge.net\/heartfailurematters\/2024\/07\/hfm-logo1.jpg","contentUrl":"https:\/\/cdn-endpoint-hfm.azureedge.net\/heartfailurematters\/2024\/07\/hfm-logo1.jpg","width":1280,"height":720,"caption":"Heart Failure Matters"},"image":{"@id":"https:\/\/www.heartfailurematters.org\/sv\/#\/schema\/logo\/image\/"},"sameAs":["https:\/\/www.facebook.com\/heartfailurematters"]}]}},"_links":{"self":[{"href":"https:\/\/www.heartfailurematters.org\/sv\/wp-json\/wp\/v2\/pages\/8822","targetHints":{"allow":["GET"]}}],"collection":[{"href":"https:\/\/www.heartfailurematters.org\/sv\/wp-json\/wp\/v2\/pages"}],"about":[{"href":"https:\/\/www.heartfailurematters.org\/sv\/wp-json\/wp\/v2\/types\/page"}],"author":[{"embeddable":true,"href":"https:\/\/www.heartfailurematters.org\/sv\/wp-json\/wp\/v2\/users\/1"}],"replies":[{"embeddable":true,"href":"https:\/\/www.heartfailurematters.org\/sv\/wp-json\/wp\/v2\/comments?post=8822"}],"version-history":[{"count":1,"href":"https:\/\/www.heartfailurematters.org\/sv\/wp-json\/wp\/v2\/pages\/8822\/revisions"}],"predecessor-version":[{"id":9193,"href":"https:\/\/www.heartfailurematters.org\/sv\/wp-json\/wp\/v2\/pages\/8822\/revisions\/9193"}],"up":[{"embeddable":true,"href":"https:\/\/www.heartfailurematters.org\/sv\/wp-json\/wp\/v2\/pages\/8051"}],"wp:featuredmedia":[{"embeddable":true,"href":"https:\/\/www.heartfailurematters.org\/sv\/wp-json\/wp\/v2\/media\/10824"}],"wp:attachment":[{"href":"https:\/\/www.heartfailurematters.org\/sv\/wp-json\/wp\/v2\/media?parent=8822"}],"wp:term":[{"taxonomy":"category","embeddable":true,"href":"https:\/\/www.heartfailurematters.org\/sv\/wp-json\/wp\/v2\/categories?post=8822"},{"taxonomy":"post_tag","embeddable":true,"href":"https:\/\/www.heartfailurematters.org\/sv\/wp-json\/wp\/v2\/tags?post=8822"}],"curies":[{"name":"wp","href":"https:\/\/api.w.org\/{rel}","templated":true}]}}