{"id":8804,"date":"2021-04-19T10:31:52","date_gmt":"2021-04-19T09:31:52","guid":{"rendered":"https:\/\/www.heartfailurematters.org\/orsaker-till-hjartsvikt-och-andra-vanliga-medicinska-tillstand\/jarnbrist\/"},"modified":"2026-02-10T13:33:24","modified_gmt":"2026-02-10T13:33:24","slug":"jarnbrist","status":"publish","type":"page","link":"https:\/\/www.heartfailurematters.org\/sv\/orsaker-till-hjartsvikt-och-andra-vanliga-medicinska-tillstand\/jarnbrist\/","title":{"rendered":"J\u00e4rnbrist"},"content":{"rendered":"<p>J\u00e4rnbrist \u00e4r den vanligaste n\u00e4ringsbristen i v\u00e4rlden. Det \u00e4r mycket vanligt hos patienter med hj\u00e4rtsvikt, oavsett orsak. Det \u00e4r ocks\u00e5 vanligt f\u00f6rekommande hos patienter utan anemi. J\u00e4rnbrist \u00e4r s\u00e4rskilt vanligt hos hj\u00e4rtsviktspatienter som \u00e4r \u00e4ldre och sk\u00f6ra och som ofta har flera andra allvarliga medicinska tillst\u00e5nd, s\u00e5som kronisk njursjukdom, diabetes eller kronisk lungsjukdom.<\/p>\n<p>F\u00f6r de flesta m\u00e4nniskor \u00e4r j\u00e4rn ett kritiskt n\u00e4rings\u00e4mne f\u00f6r optimal bildning av r\u00f6da blodkroppar (erytropoes). J\u00e4rn \u00e4r en v\u00e4sentlig del av hemoglobinmolekylen som transporterar syre i blodet. J\u00e4rnbrist \u00e4r d\u00e4rf\u00f6r traditionellt kopplat till anemi, vilket inneb\u00e4r en l\u00e5g hemoglobinniv\u00e5. Anemi kan ha m\u00e5nga orsaker men oftast beror det p\u00e5 minskad produktion av r\u00f6da blodkroppar i benm\u00e4rgen eller kronisk blodf\u00f6rlust, vanligtvis fr\u00e5n tarmarna. Kronisk j\u00e4rnbrist kan ocks\u00e5 s\u00e5 sm\u00e5ningom leda till j\u00e4rnbristanemi. Hos patienter med hj\u00e4rtsvikt \u00e4r j\u00e4rnbrist faktiskt tre g\u00e5nger vanligare \u00e4n anemi.<\/p>\n<p>Det \u00e4r viktigt att uppt\u00e4cka j\u00e4rnbrist genom att unders\u00f6ka patienter med ett rutinm\u00e4ssigt blodprov. Behandling rekommenderas oavsett om anemi f\u00f6religger eller inte. J\u00e4rnbrist i sig har m\u00e5nga kliniska nackdelar f\u00f6r patienter med hj\u00e4rtsvikt. J\u00e4rn \u00e4r inte bara en av best\u00e5ndsdelarna i hemoglobin utan finns i alla celler i kroppen som en del av v\u00e5ra mitokondrier, de cellstrukturer som tar hand om energiproduktionen. D\u00e4rf\u00f6r \u00e4r det inte f\u00f6rv\u00e5nande att j\u00e4rn beh\u00f6vs s\u00e4rskilt i v\u00e4vnader med h\u00f6gt energibehov som hj\u00e4rtat och musklerna. Symtomen p\u00e5 och konsekvenserna av j\u00e4rnbrist f\u00f6r patienter med hj\u00e4rtsvikt \u00e4r bland annat att kroppens muskler, och hj\u00e4rtat sj\u00e4lvt, inte fungerar som de ska.<\/p>\n<p>Den exakta orsaken till j\u00e4rnbrist hos patienter med hj\u00e4rtsvikt \u00e4r inte helt klarlagd. I allm\u00e4nhet f\u00f6rknippas j\u00e4rnbrist med otillr\u00e4ckligt j\u00e4rnintag via kosten, \u00f6kade j\u00e4rnf\u00f6rluster och en onormal j\u00e4rndistribution till delar av kroppen d\u00e4r det inte \u00e4r tillg\u00e4ngligt f\u00f6r anv\u00e4ndning i kroppens \u00e4mnesoms\u00e4ttning (cellul\u00e4ra processer). J\u00e4rnbrist kan ocks\u00e5 bero p\u00e5 d\u00e5ligt upptag av j\u00e4rn i tarmarna eller anv\u00e4ndningen av vissa l\u00e4kemedel som s\u00e4nker magsyran, t.ex. l\u00e4kemedel som vanligtvis anv\u00e4nds f\u00f6r matsm\u00e4ltningsbesv\u00e4r och reflux. Vissa livsmedel som inneh\u00e5ller fyktinsyra, som bl.a. finns i spannm\u00e5l och b\u00f6nor, kan minska j\u00e4rnupptaget. J\u00e4rnf\u00f6rlust kan uppst\u00e5 p\u00e5 grund av menstruationer eller vissa vanliga mag-tarmsjukdomar, till exempel mags\u00e5r eller inflammation i tarmen.<\/p>\n<p>Hos patienter med hj\u00e4rtsvikt kan j\u00e4rnbrist leda till f\u00f6rs\u00e4mring av typiska symtom som andn\u00f6d, utmattning, nedsatt fysisk kapacitet och f\u00f6rs\u00e4mrad livskvalitet. J\u00e4rnbrist \u00f6kar ocks\u00e5 risken f\u00f6r sjukhusvistelse p\u00e5 grund av hj\u00e4rtsvikt och kan \u00e4ven leda till andra allvarliga komplikationer.<\/p>\n<p>P\u00e5 grund av de m\u00f6jliga skadliga effekterna av j\u00e4rnbrist hos patienter med hj\u00e4rtsvikt rekommenderas att dessa patienter rutinm\u00e4ssigt unders\u00f6ks f\u00f6r f\u00f6rekomst av j\u00e4rnbrist. De blodprover som anv\u00e4nds kallas serumferritin (j\u00e4rnhalt i blodet) och transferrinm\u00e4ttnad (\u00e4ven j\u00e4rnm\u00e4ttnad eller TSAT) som m\u00e4ter m\u00e4ttnaden av det protein som transporterar j\u00e4rn i blodet. Dessa tester uppt\u00e4cker f\u00f6rekomst av j\u00e4rnbrist som kr\u00e4ver behandling oavsett hemoglobinniv\u00e5. F\u00f6ljande definition av j\u00e4rnbrist rekommenderas f\u00f6r patienter med hj\u00e4rtsvikt: serumferritin &lt;100 \u03bcg\/l eller serumferritin mellan 100 och 299 \u03bcg\/l och TSAT &lt;20%. B\u00e5da testerna \u00e4r n\u00f6dv\u00e4ndiga eftersom varken serumferritin eller j\u00e4rnm\u00e4ttnad var f\u00f6r sig \u00e4r tillf\u00f6rlitligt f\u00f6r bed\u00f6mning av j\u00e4rnniv\u00e5 hos patienter med hj\u00e4rtsvikt. <a href=\"https:\/\/www.heartfailurematters.org\/what-your-doctor-can-do\/iron-therapy-in-patients-with-heart-failure-and-iron-deficiency\/\">Patienterna b\u00f6r ta upp fr\u00e5gor om sin j\u00e4rnniv\u00e5 med sin l\u00e4kare eller sjuksk\u00f6terska.<\/a><\/p>\n<p><a href=\"https:\/\/www.heartfailurematters.org\/heart-failure-causes-and-other-common-medical-conditions\/other-common-medical-conditions-and-heart-failure\/\">\u00c5terg\u00e5 till Andra vanliga medicinska tillst\u00e5nd och hj\u00e4rtsvikt<\/a><\/p>\n","protected":false},"excerpt":{"rendered":"<p>J\u00e4rnbrist \u00e4r den vanligaste n\u00e4ringsbristen i v\u00e4rlden. Det \u00e4r mycket vanligt hos patienter med hj\u00e4rtsvikt, oavsett orsak. Det \u00e4r ocks\u00e5 vanligt f\u00f6rekommande hos patienter utan anemi. J\u00e4rnbrist \u00e4r s\u00e4rskilt vanligt hos hj\u00e4rtsviktspatienter som \u00e4r \u00e4ldre och sk\u00f6ra och som ofta har flera andra allvarliga medicinska tillst\u00e5nd, s\u00e5som kronisk njursjukdom, diabetes eller kronisk lungsjukdom. F\u00f6r de [&hellip;]<\/p>\n","protected":false},"author":1,"featured_media":10632,"parent":8051,"menu_order":14,"comment_status":"closed","ping_status":"closed","template":"","meta":{"_acf_changed":false,"footnotes":""},"categories":[],"tags":[],"class_list":["post-8804","page","type-page","status-publish","has-post-thumbnail","hentry"],"acf":[],"yoast_head":"<!-- This site is optimized with the Yoast SEO plugin v24.8.1 - https:\/\/yoast.com\/wordpress\/plugins\/seo\/ -->\n<title>J\u00e4rnbrist - Heart Failure Matters<\/title>\n<meta name=\"description\" content=\"Hos patienter med hj\u00e4rtsvikt kan j\u00e4rnbrist leda till f\u00f6rs\u00e4mring av typiska symtom som andn\u00f6d, utmattning och f\u00f6rs\u00e4mrad livskvalitet.\" \/>\n<meta name=\"robots\" content=\"index, follow, max-snippet:-1, max-image-preview:large, max-video-preview:-1\" \/>\n<link rel=\"canonical\" href=\"https:\/\/www.heartfailurematters.org\/sv\/orsaker-till-hjartsvikt-och-andra-vanliga-medicinska-tillstand\/jarnbrist\/\" \/>\n<meta property=\"og:locale\" content=\"sv_SE\" \/>\n<meta property=\"og:type\" content=\"article\" \/>\n<meta property=\"og:title\" content=\"J\u00e4rnbrist - Heart Failure Matters\" \/>\n<meta property=\"og:description\" content=\"Hos patienter med hj\u00e4rtsvikt kan j\u00e4rnbrist leda till f\u00f6rs\u00e4mring av typiska symtom som andn\u00f6d, utmattning och f\u00f6rs\u00e4mrad livskvalitet.\" \/>\n<meta property=\"og:url\" content=\"https:\/\/www.heartfailurematters.org\/sv\/orsaker-till-hjartsvikt-och-andra-vanliga-medicinska-tillstand\/jarnbrist\/\" \/>\n<meta property=\"og:site_name\" content=\"Heart Failure Matters\" \/>\n<meta property=\"article:publisher\" content=\"https:\/\/www.facebook.com\/heartfailurematters\" \/>\n<meta property=\"article:modified_time\" content=\"2026-02-10T13:33:24+00:00\" \/>\n<meta property=\"og:image\" content=\"https:\/\/www.heartfailurematters.org\/wp-content\/uploads\/2022\/02\/shutterstock_1114244621-1-min.jpg\" \/>\n\t<meta property=\"og:image:width\" content=\"900\" \/>\n\t<meta property=\"og:image:height\" content=\"596\" \/>\n\t<meta property=\"og:image:type\" content=\"image\/jpeg\" \/>\n<meta name=\"twitter:card\" content=\"summary_large_image\" \/>\n<meta name=\"twitter:label1\" content=\"Ber\u00e4knad l\u00e4stid\" \/>\n\t<meta name=\"twitter:data1\" content=\"3 minuter\" \/>\n<script type=\"application\/ld+json\" class=\"yoast-schema-graph\">{\"@context\":\"https:\/\/schema.org\",\"@graph\":[{\"@type\":\"WebPage\",\"@id\":\"https:\/\/www.heartfailurematters.org\/sv\/orsaker-till-hjartsvikt-och-andra-vanliga-medicinska-tillstand\/jarnbrist\/\",\"url\":\"https:\/\/www.heartfailurematters.org\/sv\/orsaker-till-hjartsvikt-och-andra-vanliga-medicinska-tillstand\/jarnbrist\/\",\"name\":\"J\u00e4rnbrist - Heart Failure Matters\",\"isPartOf\":{\"@id\":\"https:\/\/www.heartfailurematters.org\/sv\/#website\"},\"primaryImageOfPage\":{\"@id\":\"https:\/\/www.heartfailurematters.org\/sv\/orsaker-till-hjartsvikt-och-andra-vanliga-medicinska-tillstand\/jarnbrist\/#primaryimage\"},\"image\":{\"@id\":\"https:\/\/www.heartfailurematters.org\/sv\/orsaker-till-hjartsvikt-och-andra-vanliga-medicinska-tillstand\/jarnbrist\/#primaryimage\"},\"thumbnailUrl\":\"https:\/\/www.heartfailurematters.org\/wp-content\/uploads\/2022\/02\/shutterstock_1114244621-1-min.jpg\",\"datePublished\":\"2021-04-19T09:31:52+00:00\",\"dateModified\":\"2026-02-10T13:33:24+00:00\",\"description\":\"Hos patienter med hj\u00e4rtsvikt kan j\u00e4rnbrist leda till f\u00f6rs\u00e4mring av typiska symtom som andn\u00f6d, utmattning och f\u00f6rs\u00e4mrad livskvalitet.\",\"breadcrumb\":{\"@id\":\"https:\/\/www.heartfailurematters.org\/sv\/orsaker-till-hjartsvikt-och-andra-vanliga-medicinska-tillstand\/jarnbrist\/#breadcrumb\"},\"inLanguage\":\"sv-SE\",\"potentialAction\":[{\"@type\":\"ReadAction\",\"target\":[\"https:\/\/www.heartfailurematters.org\/sv\/orsaker-till-hjartsvikt-och-andra-vanliga-medicinska-tillstand\/jarnbrist\/\"]}]},{\"@type\":\"ImageObject\",\"inLanguage\":\"sv-SE\",\"@id\":\"https:\/\/www.heartfailurematters.org\/sv\/orsaker-till-hjartsvikt-och-andra-vanliga-medicinska-tillstand\/jarnbrist\/#primaryimage\",\"url\":\"https:\/\/www.heartfailurematters.org\/wp-content\/uploads\/2022\/02\/shutterstock_1114244621-1-min.jpg\",\"contentUrl\":\"https:\/\/www.heartfailurematters.org\/wp-content\/uploads\/2022\/02\/shutterstock_1114244621-1-min.jpg\",\"width\":900,\"height\":596},{\"@type\":\"BreadcrumbList\",\"@id\":\"https:\/\/www.heartfailurematters.org\/sv\/orsaker-till-hjartsvikt-och-andra-vanliga-medicinska-tillstand\/jarnbrist\/#breadcrumb\",\"itemListElement\":[{\"@type\":\"ListItem\",\"position\":1,\"name\":\"Hem\",\"item\":\"https:\/\/www.heartfailurematters.org\/sv\/\"},{\"@type\":\"ListItem\",\"position\":2,\"name\":\"Orsaker till hj\u00e4rtsvikt och andra vanliga medicinska tillst\u00e5nd\",\"item\":\"https:\/\/www.heartfailurematters.org\/sv\/orsaker-till-hjartsvikt-och-andra-vanliga-medicinska-tillstand\/\"},{\"@type\":\"ListItem\",\"position\":3,\"name\":\"J\u00e4rnbrist\"}]},{\"@type\":\"WebSite\",\"@id\":\"https:\/\/www.heartfailurematters.org\/sv\/#website\",\"url\":\"https:\/\/www.heartfailurematters.org\/sv\/\",\"name\":\"Heart Failure Matters\",\"description\":\"Practical information for patients, families and caregivers.\",\"publisher\":{\"@id\":\"https:\/\/www.heartfailurematters.org\/sv\/#organization\"},\"potentialAction\":[{\"@type\":\"SearchAction\",\"target\":{\"@type\":\"EntryPoint\",\"urlTemplate\":\"https:\/\/www.heartfailurematters.org\/sv\/?s={search_term_string}\"},\"query-input\":{\"@type\":\"PropertyValueSpecification\",\"valueRequired\":true,\"valueName\":\"search_term_string\"}}],\"inLanguage\":\"sv-SE\"},{\"@type\":\"Organization\",\"@id\":\"https:\/\/www.heartfailurematters.org\/sv\/#organization\",\"name\":\"Heart Failure Matters\",\"url\":\"https:\/\/www.heartfailurematters.org\/sv\/\",\"logo\":{\"@type\":\"ImageObject\",\"inLanguage\":\"sv-SE\",\"@id\":\"https:\/\/www.heartfailurematters.org\/sv\/#\/schema\/logo\/image\/\",\"url\":\"https:\/\/cdn-endpoint-hfm.azureedge.net\/heartfailurematters\/2024\/07\/hfm-logo1.jpg\",\"contentUrl\":\"https:\/\/cdn-endpoint-hfm.azureedge.net\/heartfailurematters\/2024\/07\/hfm-logo1.jpg\",\"width\":1280,\"height\":720,\"caption\":\"Heart Failure Matters\"},\"image\":{\"@id\":\"https:\/\/www.heartfailurematters.org\/sv\/#\/schema\/logo\/image\/\"},\"sameAs\":[\"https:\/\/www.facebook.com\/heartfailurematters\"]}]}<\/script>\n<!-- \/ Yoast SEO plugin. -->","yoast_head_json":{"title":"J\u00e4rnbrist - Heart Failure Matters","description":"Hos patienter med hj\u00e4rtsvikt kan j\u00e4rnbrist leda till f\u00f6rs\u00e4mring av typiska symtom som andn\u00f6d, utmattning och f\u00f6rs\u00e4mrad livskvalitet.","robots":{"index":"index","follow":"follow","max-snippet":"max-snippet:-1","max-image-preview":"max-image-preview:large","max-video-preview":"max-video-preview:-1"},"canonical":"https:\/\/www.heartfailurematters.org\/sv\/orsaker-till-hjartsvikt-och-andra-vanliga-medicinska-tillstand\/jarnbrist\/","og_locale":"sv_SE","og_type":"article","og_title":"J\u00e4rnbrist - Heart Failure Matters","og_description":"Hos patienter med hj\u00e4rtsvikt kan j\u00e4rnbrist leda till f\u00f6rs\u00e4mring av typiska symtom som andn\u00f6d, utmattning och f\u00f6rs\u00e4mrad livskvalitet.","og_url":"https:\/\/www.heartfailurematters.org\/sv\/orsaker-till-hjartsvikt-och-andra-vanliga-medicinska-tillstand\/jarnbrist\/","og_site_name":"Heart Failure Matters","article_publisher":"https:\/\/www.facebook.com\/heartfailurematters","article_modified_time":"2026-02-10T13:33:24+00:00","og_image":[{"width":900,"height":596,"url":"https:\/\/www.heartfailurematters.org\/wp-content\/uploads\/2022\/02\/shutterstock_1114244621-1-min.jpg","type":"image\/jpeg"}],"twitter_card":"summary_large_image","twitter_misc":{"Ber\u00e4knad l\u00e4stid":"3 minuter"},"schema":{"@context":"https:\/\/schema.org","@graph":[{"@type":"WebPage","@id":"https:\/\/www.heartfailurematters.org\/sv\/orsaker-till-hjartsvikt-och-andra-vanliga-medicinska-tillstand\/jarnbrist\/","url":"https:\/\/www.heartfailurematters.org\/sv\/orsaker-till-hjartsvikt-och-andra-vanliga-medicinska-tillstand\/jarnbrist\/","name":"J\u00e4rnbrist - Heart Failure Matters","isPartOf":{"@id":"https:\/\/www.heartfailurematters.org\/sv\/#website"},"primaryImageOfPage":{"@id":"https:\/\/www.heartfailurematters.org\/sv\/orsaker-till-hjartsvikt-och-andra-vanliga-medicinska-tillstand\/jarnbrist\/#primaryimage"},"image":{"@id":"https:\/\/www.heartfailurematters.org\/sv\/orsaker-till-hjartsvikt-och-andra-vanliga-medicinska-tillstand\/jarnbrist\/#primaryimage"},"thumbnailUrl":"https:\/\/www.heartfailurematters.org\/wp-content\/uploads\/2022\/02\/shutterstock_1114244621-1-min.jpg","datePublished":"2021-04-19T09:31:52+00:00","dateModified":"2026-02-10T13:33:24+00:00","description":"Hos patienter med hj\u00e4rtsvikt kan j\u00e4rnbrist leda till f\u00f6rs\u00e4mring av typiska symtom som andn\u00f6d, utmattning och f\u00f6rs\u00e4mrad livskvalitet.","breadcrumb":{"@id":"https:\/\/www.heartfailurematters.org\/sv\/orsaker-till-hjartsvikt-och-andra-vanliga-medicinska-tillstand\/jarnbrist\/#breadcrumb"},"inLanguage":"sv-SE","potentialAction":[{"@type":"ReadAction","target":["https:\/\/www.heartfailurematters.org\/sv\/orsaker-till-hjartsvikt-och-andra-vanliga-medicinska-tillstand\/jarnbrist\/"]}]},{"@type":"ImageObject","inLanguage":"sv-SE","@id":"https:\/\/www.heartfailurematters.org\/sv\/orsaker-till-hjartsvikt-och-andra-vanliga-medicinska-tillstand\/jarnbrist\/#primaryimage","url":"https:\/\/www.heartfailurematters.org\/wp-content\/uploads\/2022\/02\/shutterstock_1114244621-1-min.jpg","contentUrl":"https:\/\/www.heartfailurematters.org\/wp-content\/uploads\/2022\/02\/shutterstock_1114244621-1-min.jpg","width":900,"height":596},{"@type":"BreadcrumbList","@id":"https:\/\/www.heartfailurematters.org\/sv\/orsaker-till-hjartsvikt-och-andra-vanliga-medicinska-tillstand\/jarnbrist\/#breadcrumb","itemListElement":[{"@type":"ListItem","position":1,"name":"Hem","item":"https:\/\/www.heartfailurematters.org\/sv\/"},{"@type":"ListItem","position":2,"name":"Orsaker till hj\u00e4rtsvikt och andra vanliga medicinska tillst\u00e5nd","item":"https:\/\/www.heartfailurematters.org\/sv\/orsaker-till-hjartsvikt-och-andra-vanliga-medicinska-tillstand\/"},{"@type":"ListItem","position":3,"name":"J\u00e4rnbrist"}]},{"@type":"WebSite","@id":"https:\/\/www.heartfailurematters.org\/sv\/#website","url":"https:\/\/www.heartfailurematters.org\/sv\/","name":"Heart Failure Matters","description":"Practical information for patients, families and caregivers.","publisher":{"@id":"https:\/\/www.heartfailurematters.org\/sv\/#organization"},"potentialAction":[{"@type":"SearchAction","target":{"@type":"EntryPoint","urlTemplate":"https:\/\/www.heartfailurematters.org\/sv\/?s={search_term_string}"},"query-input":{"@type":"PropertyValueSpecification","valueRequired":true,"valueName":"search_term_string"}}],"inLanguage":"sv-SE"},{"@type":"Organization","@id":"https:\/\/www.heartfailurematters.org\/sv\/#organization","name":"Heart Failure Matters","url":"https:\/\/www.heartfailurematters.org\/sv\/","logo":{"@type":"ImageObject","inLanguage":"sv-SE","@id":"https:\/\/www.heartfailurematters.org\/sv\/#\/schema\/logo\/image\/","url":"https:\/\/cdn-endpoint-hfm.azureedge.net\/heartfailurematters\/2024\/07\/hfm-logo1.jpg","contentUrl":"https:\/\/cdn-endpoint-hfm.azureedge.net\/heartfailurematters\/2024\/07\/hfm-logo1.jpg","width":1280,"height":720,"caption":"Heart Failure Matters"},"image":{"@id":"https:\/\/www.heartfailurematters.org\/sv\/#\/schema\/logo\/image\/"},"sameAs":["https:\/\/www.facebook.com\/heartfailurematters"]}]}},"_links":{"self":[{"href":"https:\/\/www.heartfailurematters.org\/sv\/wp-json\/wp\/v2\/pages\/8804","targetHints":{"allow":["GET"]}}],"collection":[{"href":"https:\/\/www.heartfailurematters.org\/sv\/wp-json\/wp\/v2\/pages"}],"about":[{"href":"https:\/\/www.heartfailurematters.org\/sv\/wp-json\/wp\/v2\/types\/page"}],"author":[{"embeddable":true,"href":"https:\/\/www.heartfailurematters.org\/sv\/wp-json\/wp\/v2\/users\/1"}],"replies":[{"embeddable":true,"href":"https:\/\/www.heartfailurematters.org\/sv\/wp-json\/wp\/v2\/comments?post=8804"}],"version-history":[{"count":4,"href":"https:\/\/www.heartfailurematters.org\/sv\/wp-json\/wp\/v2\/pages\/8804\/revisions"}],"predecessor-version":[{"id":13982,"href":"https:\/\/www.heartfailurematters.org\/sv\/wp-json\/wp\/v2\/pages\/8804\/revisions\/13982"}],"up":[{"embeddable":true,"href":"https:\/\/www.heartfailurematters.org\/sv\/wp-json\/wp\/v2\/pages\/8051"}],"wp:featuredmedia":[{"embeddable":true,"href":"https:\/\/www.heartfailurematters.org\/sv\/wp-json\/wp\/v2\/media\/10632"}],"wp:attachment":[{"href":"https:\/\/www.heartfailurematters.org\/sv\/wp-json\/wp\/v2\/media?parent=8804"}],"wp:term":[{"taxonomy":"category","embeddable":true,"href":"https:\/\/www.heartfailurematters.org\/sv\/wp-json\/wp\/v2\/categories?post=8804"},{"taxonomy":"post_tag","embeddable":true,"href":"https:\/\/www.heartfailurematters.org\/sv\/wp-json\/wp\/v2\/tags?post=8804"}],"curies":[{"name":"wp","href":"https:\/\/api.w.org\/{rel}","templated":true}]}}