{"id":8136,"date":"2021-04-12T11:41:13","date_gmt":"2021-04-12T10:41:13","guid":{"rendered":"https:\/\/www.heartfailurematters.org\/vad-kan-din-lakare-gora\/sgc-stimulerare\/"},"modified":"2021-06-25T17:24:41","modified_gmt":"2021-06-25T16:24:41","slug":"sgc-stimulerare","status":"publish","type":"page","link":"https:\/\/www.heartfailurematters.org\/sv\/vad-din-lakare-eller-sjukskoterska-kan-gora\/sgc-stimulerare\/","title":{"rendered":"SGC-stimulerare"},"content":{"rendered":"<p>L\u00f6sligt guanylatcyklas (sGS) och aktivatorer minskar oxidativ stress genom att \u00f6ka niv\u00e5erna av kv\u00e4veoxid i hj\u00e4rta och blodk\u00e4rl. Dessa l\u00e4kemedel \u00e4r nya och kan bara anv\u00e4ndas f\u00f6r hj\u00e4rtsviktsbehandling i begr\u00e4nsad omfattning. Ett s\u00e5dant sGCS-medel \u00e4r riociguat som \u00e4r godk\u00e4nt f\u00f6r behandling av ett specifikt tillst\u00e5nd som kallas pulmonell hypertension, vilket p\u00e5verkar blodk\u00e4rlen i lungorna. Ett annat sGCS-medel \u00e4r vericiguat som, n\u00e4r det anv\u00e4nds i kombination med standardl\u00e4kemedel, kan bidra till att f\u00f6rhindra nya sjukhusvistelser hos patienter med sv\u00e5r hj\u00e4rtsvikt.<\/p>\n<p><strong>Verkan:<\/strong> Ungef\u00e4r en fj\u00e4rdedel av hj\u00e4rtsviktspatienterna har l\u00e5ga niv\u00e5er av cykliskt guanosinmonofosfat (cGMP). CGMP-molekylen \u00e4r en viktig intracellul\u00e4r budb\u00e4rare, som skyddar hj\u00e4rta, k\u00e4rl och njurar. En av CGMP-molekylens viktigaste effekter \u00e4r avslappning i blodk\u00e4rl och hj\u00e4rtceller. L\u00f6sliga guanylatcyklasstimulatorer (sGCS) \u00f6kar bildningen av cGMP och minskar d\u00e4rf\u00f6r stelheten i hj\u00e4rtceller och -k\u00e4rl.<\/p>\n<p><strong>Vilka f\u00f6rdelar kan man f\u00f6rv\u00e4nta sig?<\/strong> Hos patienter som lagts in p\u00e5 sjukhus f\u00f6r hj\u00e4rtsvikt och som har en ejektionsfraktion fr\u00e5n v\u00e4nster kammare som \u00e4r l\u00e4gre \u00e4n 45 %, kan vericiguat minska antalet hj\u00e4rtsviktsrelaterade \u00e5terinl\u00e4ggningar p\u00e5 sjukhus och f\u00f6rl\u00e4nga livet.<\/p>\n<p><strong>Biverkningar: <\/strong>Vericiguat tolereras v\u00e4l j\u00e4mf\u00f6rt med placebo. Symtomatisk hypotension (f\u00f6r l\u00e5gt blodtryck) och anemi rapporterades hos ett litet antal patienter.<\/p>\n<p><strong>Tips:<\/strong> Vericiguat ska tas oralt i tablettform en g\u00e5ng dagligen. Som med andra hj\u00e4rtsviktsl\u00e4kemedel ska dosen l\u00e5ngsamt h\u00f6jas i flera steg.<\/p>\n<p>&nbsp;<\/p>\n<p><a title=\"L\u00e4kemedel vid hj\u00e4rtsvikt\" href=\"https:\/\/www.heartfailurematters.org\/what-your-doctor-can-do\/heart-failure-medicines\/\">\u00c5terg\u00e5 till &#8221;L\u00e4kemedel vid hj\u00e4rtsvikt&#8221;<\/a><\/p>\n","protected":false},"excerpt":{"rendered":"<p>L\u00f6sligt guanylatcyklas (sGS) och aktivatorer minskar oxidativ stress genom att \u00f6ka niv\u00e5erna av kv\u00e4veoxid i hj\u00e4rta och blodk\u00e4rl. Dessa l\u00e4kemedel \u00e4r nya och kan bara anv\u00e4ndas f\u00f6r hj\u00e4rtsviktsbehandling i begr\u00e4nsad omfattning. Ett s\u00e5dant sGCS-medel \u00e4r riociguat som \u00e4r godk\u00e4nt f\u00f6r behandling av ett specifikt tillst\u00e5nd som kallas pulmonell hypertension, vilket p\u00e5verkar blodk\u00e4rlen i lungorna. Ett [&hellip;]<\/p>\n","protected":false},"author":1,"featured_media":10874,"parent":2685,"menu_order":0,"comment_status":"closed","ping_status":"closed","template":"","meta":{"_acf_changed":false,"footnotes":""},"categories":[],"tags":[],"class_list":["post-8136","page","type-page","status-publish","has-post-thumbnail","hentry"],"acf":[],"yoast_head":"<!-- This site is optimized with the Yoast SEO plugin v24.8.1 - https:\/\/yoast.com\/wordpress\/plugins\/seo\/ -->\n<title>SGC-stimulerare - Heart Failure Matters<\/title>\n<meta name=\"description\" content=\"L\u00f6sligt guanylatcyklas (sGS) och aktivatorer minskar oxidativ stress orsakad av \u00f6kade niv\u00e5er av kv\u00e4veoxid i hj\u00e4rta och blodk\u00e4rl.\" \/>\n<meta name=\"robots\" content=\"index, follow, max-snippet:-1, max-image-preview:large, max-video-preview:-1\" \/>\n<link rel=\"canonical\" href=\"https:\/\/www.heartfailurematters.org\/sv\/vad-din-lakare-eller-sjukskoterska-kan-gora\/sgc-stimulerare\/\" \/>\n<meta property=\"og:locale\" content=\"sv_SE\" \/>\n<meta property=\"og:type\" content=\"article\" \/>\n<meta property=\"og:title\" content=\"SGC-stimulerare - Heart Failure Matters\" \/>\n<meta property=\"og:description\" content=\"L\u00f6sligt guanylatcyklas (sGS) och aktivatorer minskar oxidativ stress orsakad av \u00f6kade niv\u00e5er av kv\u00e4veoxid i hj\u00e4rta och blodk\u00e4rl.\" \/>\n<meta property=\"og:url\" content=\"https:\/\/www.heartfailurematters.org\/sv\/vad-din-lakare-eller-sjukskoterska-kan-gora\/sgc-stimulerare\/\" \/>\n<meta property=\"og:site_name\" content=\"Heart Failure Matters\" \/>\n<meta property=\"article:publisher\" content=\"https:\/\/www.facebook.com\/heartfailurematters\" \/>\n<meta property=\"article:modified_time\" content=\"2021-06-25T16:24:41+00:00\" \/>\n<meta property=\"og:image\" content=\"https:\/\/www.heartfailurematters.org\/wp-content\/uploads\/2022\/03\/shutterstock_441673426-1-min.jpg\" \/>\n\t<meta property=\"og:image:width\" content=\"900\" \/>\n\t<meta property=\"og:image:height\" content=\"596\" \/>\n\t<meta property=\"og:image:type\" content=\"image\/jpeg\" \/>\n<meta name=\"twitter:card\" content=\"summary_large_image\" \/>\n<meta name=\"twitter:label1\" content=\"Ber\u00e4knad l\u00e4stid\" \/>\n\t<meta name=\"twitter:data1\" content=\"1 minut\" \/>\n<script type=\"application\/ld+json\" class=\"yoast-schema-graph\">{\"@context\":\"https:\/\/schema.org\",\"@graph\":[{\"@type\":\"WebPage\",\"@id\":\"https:\/\/www.heartfailurematters.org\/sv\/vad-din-lakare-eller-sjukskoterska-kan-gora\/sgc-stimulerare\/\",\"url\":\"https:\/\/www.heartfailurematters.org\/sv\/vad-din-lakare-eller-sjukskoterska-kan-gora\/sgc-stimulerare\/\",\"name\":\"SGC-stimulerare - Heart Failure Matters\",\"isPartOf\":{\"@id\":\"https:\/\/www.heartfailurematters.org\/sv\/#website\"},\"primaryImageOfPage\":{\"@id\":\"https:\/\/www.heartfailurematters.org\/sv\/vad-din-lakare-eller-sjukskoterska-kan-gora\/sgc-stimulerare\/#primaryimage\"},\"image\":{\"@id\":\"https:\/\/www.heartfailurematters.org\/sv\/vad-din-lakare-eller-sjukskoterska-kan-gora\/sgc-stimulerare\/#primaryimage\"},\"thumbnailUrl\":\"https:\/\/www.heartfailurematters.org\/wp-content\/uploads\/2022\/03\/shutterstock_441673426-1-min.jpg\",\"datePublished\":\"2021-04-12T10:41:13+00:00\",\"dateModified\":\"2021-06-25T16:24:41+00:00\",\"description\":\"L\u00f6sligt guanylatcyklas (sGS) och aktivatorer minskar oxidativ stress orsakad av \u00f6kade niv\u00e5er av kv\u00e4veoxid i hj\u00e4rta och blodk\u00e4rl.\",\"breadcrumb\":{\"@id\":\"https:\/\/www.heartfailurematters.org\/sv\/vad-din-lakare-eller-sjukskoterska-kan-gora\/sgc-stimulerare\/#breadcrumb\"},\"inLanguage\":\"sv-SE\",\"potentialAction\":[{\"@type\":\"ReadAction\",\"target\":[\"https:\/\/www.heartfailurematters.org\/sv\/vad-din-lakare-eller-sjukskoterska-kan-gora\/sgc-stimulerare\/\"]}]},{\"@type\":\"ImageObject\",\"inLanguage\":\"sv-SE\",\"@id\":\"https:\/\/www.heartfailurematters.org\/sv\/vad-din-lakare-eller-sjukskoterska-kan-gora\/sgc-stimulerare\/#primaryimage\",\"url\":\"https:\/\/www.heartfailurematters.org\/wp-content\/uploads\/2022\/03\/shutterstock_441673426-1-min.jpg\",\"contentUrl\":\"https:\/\/www.heartfailurematters.org\/wp-content\/uploads\/2022\/03\/shutterstock_441673426-1-min.jpg\",\"width\":900,\"height\":596},{\"@type\":\"BreadcrumbList\",\"@id\":\"https:\/\/www.heartfailurematters.org\/sv\/vad-din-lakare-eller-sjukskoterska-kan-gora\/sgc-stimulerare\/#breadcrumb\",\"itemListElement\":[{\"@type\":\"ListItem\",\"position\":1,\"name\":\"Hem\",\"item\":\"https:\/\/www.heartfailurematters.org\/sv\/\"},{\"@type\":\"ListItem\",\"position\":2,\"name\":\"Vad din l\u00e4kare kan g\u00f6ra\",\"item\":\"https:\/\/www.heartfailurematters.org\/sv\/vad-din-lakare-eller-sjukskoterska-kan-gora\/\"},{\"@type\":\"ListItem\",\"position\":3,\"name\":\"SGC-stimulerare\"}]},{\"@type\":\"WebSite\",\"@id\":\"https:\/\/www.heartfailurematters.org\/sv\/#website\",\"url\":\"https:\/\/www.heartfailurematters.org\/sv\/\",\"name\":\"Heart Failure Matters\",\"description\":\"Practical information for patients, families and caregivers.\",\"publisher\":{\"@id\":\"https:\/\/www.heartfailurematters.org\/sv\/#organization\"},\"potentialAction\":[{\"@type\":\"SearchAction\",\"target\":{\"@type\":\"EntryPoint\",\"urlTemplate\":\"https:\/\/www.heartfailurematters.org\/sv\/?s={search_term_string}\"},\"query-input\":{\"@type\":\"PropertyValueSpecification\",\"valueRequired\":true,\"valueName\":\"search_term_string\"}}],\"inLanguage\":\"sv-SE\"},{\"@type\":\"Organization\",\"@id\":\"https:\/\/www.heartfailurematters.org\/sv\/#organization\",\"name\":\"Heart Failure Matters\",\"url\":\"https:\/\/www.heartfailurematters.org\/sv\/\",\"logo\":{\"@type\":\"ImageObject\",\"inLanguage\":\"sv-SE\",\"@id\":\"https:\/\/www.heartfailurematters.org\/sv\/#\/schema\/logo\/image\/\",\"url\":\"https:\/\/cdn-endpoint-hfm.azureedge.net\/heartfailurematters\/2024\/07\/hfm-logo1.jpg\",\"contentUrl\":\"https:\/\/cdn-endpoint-hfm.azureedge.net\/heartfailurematters\/2024\/07\/hfm-logo1.jpg\",\"width\":1280,\"height\":720,\"caption\":\"Heart Failure Matters\"},\"image\":{\"@id\":\"https:\/\/www.heartfailurematters.org\/sv\/#\/schema\/logo\/image\/\"},\"sameAs\":[\"https:\/\/www.facebook.com\/heartfailurematters\"]}]}<\/script>\n<!-- \/ Yoast SEO plugin. -->","yoast_head_json":{"title":"SGC-stimulerare - Heart Failure Matters","description":"L\u00f6sligt guanylatcyklas (sGS) och aktivatorer minskar oxidativ stress orsakad av \u00f6kade niv\u00e5er av kv\u00e4veoxid i hj\u00e4rta och blodk\u00e4rl.","robots":{"index":"index","follow":"follow","max-snippet":"max-snippet:-1","max-image-preview":"max-image-preview:large","max-video-preview":"max-video-preview:-1"},"canonical":"https:\/\/www.heartfailurematters.org\/sv\/vad-din-lakare-eller-sjukskoterska-kan-gora\/sgc-stimulerare\/","og_locale":"sv_SE","og_type":"article","og_title":"SGC-stimulerare - Heart Failure Matters","og_description":"L\u00f6sligt guanylatcyklas (sGS) och aktivatorer minskar oxidativ stress orsakad av \u00f6kade niv\u00e5er av kv\u00e4veoxid i hj\u00e4rta och blodk\u00e4rl.","og_url":"https:\/\/www.heartfailurematters.org\/sv\/vad-din-lakare-eller-sjukskoterska-kan-gora\/sgc-stimulerare\/","og_site_name":"Heart Failure Matters","article_publisher":"https:\/\/www.facebook.com\/heartfailurematters","article_modified_time":"2021-06-25T16:24:41+00:00","og_image":[{"width":900,"height":596,"url":"https:\/\/www.heartfailurematters.org\/wp-content\/uploads\/2022\/03\/shutterstock_441673426-1-min.jpg","type":"image\/jpeg"}],"twitter_card":"summary_large_image","twitter_misc":{"Ber\u00e4knad l\u00e4stid":"1 minut"},"schema":{"@context":"https:\/\/schema.org","@graph":[{"@type":"WebPage","@id":"https:\/\/www.heartfailurematters.org\/sv\/vad-din-lakare-eller-sjukskoterska-kan-gora\/sgc-stimulerare\/","url":"https:\/\/www.heartfailurematters.org\/sv\/vad-din-lakare-eller-sjukskoterska-kan-gora\/sgc-stimulerare\/","name":"SGC-stimulerare - Heart Failure Matters","isPartOf":{"@id":"https:\/\/www.heartfailurematters.org\/sv\/#website"},"primaryImageOfPage":{"@id":"https:\/\/www.heartfailurematters.org\/sv\/vad-din-lakare-eller-sjukskoterska-kan-gora\/sgc-stimulerare\/#primaryimage"},"image":{"@id":"https:\/\/www.heartfailurematters.org\/sv\/vad-din-lakare-eller-sjukskoterska-kan-gora\/sgc-stimulerare\/#primaryimage"},"thumbnailUrl":"https:\/\/www.heartfailurematters.org\/wp-content\/uploads\/2022\/03\/shutterstock_441673426-1-min.jpg","datePublished":"2021-04-12T10:41:13+00:00","dateModified":"2021-06-25T16:24:41+00:00","description":"L\u00f6sligt guanylatcyklas (sGS) och aktivatorer minskar oxidativ stress orsakad av \u00f6kade niv\u00e5er av kv\u00e4veoxid i hj\u00e4rta och blodk\u00e4rl.","breadcrumb":{"@id":"https:\/\/www.heartfailurematters.org\/sv\/vad-din-lakare-eller-sjukskoterska-kan-gora\/sgc-stimulerare\/#breadcrumb"},"inLanguage":"sv-SE","potentialAction":[{"@type":"ReadAction","target":["https:\/\/www.heartfailurematters.org\/sv\/vad-din-lakare-eller-sjukskoterska-kan-gora\/sgc-stimulerare\/"]}]},{"@type":"ImageObject","inLanguage":"sv-SE","@id":"https:\/\/www.heartfailurematters.org\/sv\/vad-din-lakare-eller-sjukskoterska-kan-gora\/sgc-stimulerare\/#primaryimage","url":"https:\/\/www.heartfailurematters.org\/wp-content\/uploads\/2022\/03\/shutterstock_441673426-1-min.jpg","contentUrl":"https:\/\/www.heartfailurematters.org\/wp-content\/uploads\/2022\/03\/shutterstock_441673426-1-min.jpg","width":900,"height":596},{"@type":"BreadcrumbList","@id":"https:\/\/www.heartfailurematters.org\/sv\/vad-din-lakare-eller-sjukskoterska-kan-gora\/sgc-stimulerare\/#breadcrumb","itemListElement":[{"@type":"ListItem","position":1,"name":"Hem","item":"https:\/\/www.heartfailurematters.org\/sv\/"},{"@type":"ListItem","position":2,"name":"Vad din l\u00e4kare kan g\u00f6ra","item":"https:\/\/www.heartfailurematters.org\/sv\/vad-din-lakare-eller-sjukskoterska-kan-gora\/"},{"@type":"ListItem","position":3,"name":"SGC-stimulerare"}]},{"@type":"WebSite","@id":"https:\/\/www.heartfailurematters.org\/sv\/#website","url":"https:\/\/www.heartfailurematters.org\/sv\/","name":"Heart Failure Matters","description":"Practical information for patients, families and caregivers.","publisher":{"@id":"https:\/\/www.heartfailurematters.org\/sv\/#organization"},"potentialAction":[{"@type":"SearchAction","target":{"@type":"EntryPoint","urlTemplate":"https:\/\/www.heartfailurematters.org\/sv\/?s={search_term_string}"},"query-input":{"@type":"PropertyValueSpecification","valueRequired":true,"valueName":"search_term_string"}}],"inLanguage":"sv-SE"},{"@type":"Organization","@id":"https:\/\/www.heartfailurematters.org\/sv\/#organization","name":"Heart Failure Matters","url":"https:\/\/www.heartfailurematters.org\/sv\/","logo":{"@type":"ImageObject","inLanguage":"sv-SE","@id":"https:\/\/www.heartfailurematters.org\/sv\/#\/schema\/logo\/image\/","url":"https:\/\/cdn-endpoint-hfm.azureedge.net\/heartfailurematters\/2024\/07\/hfm-logo1.jpg","contentUrl":"https:\/\/cdn-endpoint-hfm.azureedge.net\/heartfailurematters\/2024\/07\/hfm-logo1.jpg","width":1280,"height":720,"caption":"Heart Failure Matters"},"image":{"@id":"https:\/\/www.heartfailurematters.org\/sv\/#\/schema\/logo\/image\/"},"sameAs":["https:\/\/www.facebook.com\/heartfailurematters"]}]}},"_links":{"self":[{"href":"https:\/\/www.heartfailurematters.org\/sv\/wp-json\/wp\/v2\/pages\/8136","targetHints":{"allow":["GET"]}}],"collection":[{"href":"https:\/\/www.heartfailurematters.org\/sv\/wp-json\/wp\/v2\/pages"}],"about":[{"href":"https:\/\/www.heartfailurematters.org\/sv\/wp-json\/wp\/v2\/types\/page"}],"author":[{"embeddable":true,"href":"https:\/\/www.heartfailurematters.org\/sv\/wp-json\/wp\/v2\/users\/1"}],"replies":[{"embeddable":true,"href":"https:\/\/www.heartfailurematters.org\/sv\/wp-json\/wp\/v2\/comments?post=8136"}],"version-history":[{"count":1,"href":"https:\/\/www.heartfailurematters.org\/sv\/wp-json\/wp\/v2\/pages\/8136\/revisions"}],"predecessor-version":[{"id":9214,"href":"https:\/\/www.heartfailurematters.org\/sv\/wp-json\/wp\/v2\/pages\/8136\/revisions\/9214"}],"up":[{"embeddable":true,"href":"https:\/\/www.heartfailurematters.org\/sv\/wp-json\/wp\/v2\/pages\/2685"}],"wp:featuredmedia":[{"embeddable":true,"href":"https:\/\/www.heartfailurematters.org\/sv\/wp-json\/wp\/v2\/media\/10874"}],"wp:attachment":[{"href":"https:\/\/www.heartfailurematters.org\/sv\/wp-json\/wp\/v2\/media?parent=8136"}],"wp:term":[{"taxonomy":"category","embeddable":true,"href":"https:\/\/www.heartfailurematters.org\/sv\/wp-json\/wp\/v2\/categories?post=8136"},{"taxonomy":"post_tag","embeddable":true,"href":"https:\/\/www.heartfailurematters.org\/sv\/wp-json\/wp\/v2\/tags?post=8136"}],"curies":[{"name":"wp","href":"https:\/\/api.w.org\/{rel}","templated":true}]}}