{"id":8102,"date":"2021-04-12T11:41:04","date_gmt":"2021-04-12T10:41:04","guid":{"rendered":"https:\/\/www.heartfailurematters.org\/orsaker-till-hjartsvikt-och-andra-vanliga-medicinska-tillstand\/fetma-anorexi\/"},"modified":"2021-06-25T17:24:31","modified_gmt":"2021-06-25T16:24:31","slug":"fetma-anorexi","status":"publish","type":"page","link":"https:\/\/www.heartfailurematters.org\/sv\/orsaker-till-hjartsvikt-och-andra-vanliga-medicinska-tillstand\/fetma-anorexi\/","title":{"rendered":"Fetma, anorexi"},"content":{"rendered":"<p>\u00d6vervikt och fetma har p\u00e5visats \u00f6ka risken f\u00f6r hj\u00e4rt- och k\u00e4rlsjukdomar, vilket i sin tur kan leda till hj\u00e4rtsvikt. Att undvika utveckling av fetma \u00e4r d\u00e4rf\u00f6r en allm\u00e4nt vedertagen rekommendation f\u00f6r att f\u00f6rebygga hj\u00e4rtsvikt. Kroppsviktshantering hos patienter med etablerad hj\u00e4rtsvikt \u00e4r dock mer komplicerat \u00e4n att bara rekommendera viktminskning. H\u00e4r \u00e4r tre sk\u00e4l till att det inte \u00e4r klarlagt om enskilda patienter med hj\u00e4rtsvikt beh\u00f6ver g\u00e5 ner i vikt eller inte.<\/p>\n<ol>\n<li>Med stigande \u00e5lder minskar fetmans inverkan p\u00e5 d\u00f6dlighetsrisken. Hos de flesta patienter med hj\u00e4rtsvikt tyder d\u00e4rf\u00f6r inte h\u00f6gre kroppsvikt p\u00e5 h\u00f6gre d\u00f6dlighetsrisk.<\/li>\n<li>Vad g\u00e4ller patienter med etablerad hj\u00e4rtsvikt finns det robusta vetenskapliga bel\u00e4gg f\u00f6r att den b\u00e4sta (l\u00e4ngsta) \u00f6verlevnaden finns hos patienter med m\u00e5ttlig \u00f6vervikt (BMI 25\u201330 kg\/m2).<\/li>\n<li>Hj\u00e4rtsvikt f\u00f6rst\u00e5s nu som en komplex sjukdom som inte bara har konsekvenser f\u00f6r hj\u00e4rtat, utan f\u00f6r hela kroppen (s\u00e4rskilt musklerna) och inbegriper metaboliska f\u00f6r\u00e4ndringar.<\/li>\n<\/ol>\n<p>Dessa metaboliska f\u00f6r\u00e4ndringar, som \u00e4r kemiska processer i kroppens celler, leder ofta till aptitl\u00f6shet (anorexi) och d\u00e4rmed ett minskat intag av mat. Metabolismen i kroppen f\u00f6r\u00e4ndras gradvis som en del av hj\u00e4rtsviktssyndromet och vissa patienter kan i ett framskridet stadium sakta men kontinuerligt g\u00e5 ner i vikt. Om s\u00e5dan oavsiktlig viktminskning intr\u00e4ffar hos patienter med hj\u00e4rtsvikt ska det ses som ett varningstecken eftersom det anger att hj\u00e4rtsviktens allvarlighetsgrad progressivt \u00f6kat. Fortsatt viktminskning p\u00e5 mer \u00e4n 5 % av kroppsvikten kallas \u201chj\u00e4rtkakexi\u201d, vilket \u00e4r f\u00f6rknippat med att symtomens allvarlighetsgrad \u00f6kar och att livskvaliteten f\u00f6rs\u00e4mras s\u00e5v\u00e4l som den \u00f6vergripande prognosen. Vid utformningen av en h\u00e4lsosam kostplan \u00e4r det viktigt att kombinera en balanserad kost med regelbunden motion.<\/p>\n<p>Viktminskningsstrategier f\u00f6r patienter med hj\u00e4rtsvikt b\u00f6r \u00f6vervakas noggrant och \u00f6verv\u00e4gas individuellt. Det \u00e4r viktigt att t\u00e4nka p\u00e5 att vikt\u00f6kning kan tyda p\u00e5 \u00f6kande v\u00e4tskeansamling vid hj\u00e4rtsviktssjukdom, och patienter, s\u00e4rskilt de som anv\u00e4nder diuretika, b\u00f6r ta upp ov\u00e4ntade viktf\u00f6r\u00e4ndringar med sin l\u00e4kare eller sjuksk\u00f6terska.<\/p>\n<p><a href=\"https:\/\/www.heartfailurematters.org\/heart-failure-causes-and-other-common-medical-conditions\/other-common-medical-conditions-and-heart-failure\/\">G\u00e5 tillbaka till &#8221;Andra vanliga medicinska tillst\u00e5nd och hj\u00e4rtsvikt&#8221;<\/a><\/p>\n","protected":false},"excerpt":{"rendered":"<p>\u00d6vervikt och fetma har p\u00e5visats \u00f6ka risken f\u00f6r hj\u00e4rt- och k\u00e4rlsjukdomar, vilket i sin tur kan leda till hj\u00e4rtsvikt. Att undvika utveckling av fetma \u00e4r d\u00e4rf\u00f6r en allm\u00e4nt vedertagen rekommendation f\u00f6r att f\u00f6rebygga hj\u00e4rtsvikt. Kroppsviktshantering hos patienter med etablerad hj\u00e4rtsvikt \u00e4r dock mer komplicerat \u00e4n att bara rekommendera viktminskning. H\u00e4r \u00e4r tre sk\u00e4l till att [&hellip;]<\/p>\n","protected":false},"author":1,"featured_media":10814,"parent":8051,"menu_order":19,"comment_status":"closed","ping_status":"closed","template":"","meta":{"_acf_changed":false,"footnotes":""},"categories":[],"tags":[],"class_list":["post-8102","page","type-page","status-publish","has-post-thumbnail","hentry"],"acf":[],"yoast_head":"<!-- This site is optimized with the Yoast SEO plugin v24.8.1 - https:\/\/yoast.com\/wordpress\/plugins\/seo\/ -->\n<title>Fetma, anorexi - Heart Failure Matters<\/title>\n<meta name=\"description\" content=\"\u00d6vervikt och fetma har p\u00e5visats \u00f6ka risken f\u00f6r hj\u00e4rt- och k\u00e4rlsjukdomar, vilket i sin tur kan leda till hj\u00e4rtsvikt.\" \/>\n<meta name=\"robots\" content=\"index, follow, max-snippet:-1, max-image-preview:large, max-video-preview:-1\" \/>\n<link rel=\"canonical\" href=\"https:\/\/www.heartfailurematters.org\/sv\/orsaker-till-hjartsvikt-och-andra-vanliga-medicinska-tillstand\/fetma-anorexi\/\" \/>\n<meta property=\"og:locale\" content=\"sv_SE\" \/>\n<meta property=\"og:type\" content=\"article\" \/>\n<meta property=\"og:title\" content=\"Fetma, anorexi - Heart Failure Matters\" \/>\n<meta property=\"og:description\" content=\"\u00d6vervikt och fetma har p\u00e5visats \u00f6ka risken f\u00f6r hj\u00e4rt- och k\u00e4rlsjukdomar, vilket i sin tur kan leda till hj\u00e4rtsvikt.\" \/>\n<meta property=\"og:url\" content=\"https:\/\/www.heartfailurematters.org\/sv\/orsaker-till-hjartsvikt-och-andra-vanliga-medicinska-tillstand\/fetma-anorexi\/\" \/>\n<meta property=\"og:site_name\" content=\"Heart Failure Matters\" \/>\n<meta property=\"article:publisher\" content=\"https:\/\/www.facebook.com\/heartfailurematters\" \/>\n<meta property=\"article:modified_time\" content=\"2021-06-25T16:24:31+00:00\" \/>\n<meta property=\"og:image\" content=\"https:\/\/www.heartfailurematters.org\/wp-content\/uploads\/2022\/03\/shutterstock_133701917-1-min.jpg\" \/>\n\t<meta property=\"og:image:width\" content=\"900\" \/>\n\t<meta property=\"og:image:height\" content=\"773\" \/>\n\t<meta property=\"og:image:type\" content=\"image\/jpeg\" \/>\n<meta name=\"twitter:card\" content=\"summary_large_image\" \/>\n<meta name=\"twitter:label1\" content=\"Ber\u00e4knad l\u00e4stid\" \/>\n\t<meta name=\"twitter:data1\" content=\"2 minuter\" \/>\n<script type=\"application\/ld+json\" class=\"yoast-schema-graph\">{\"@context\":\"https:\/\/schema.org\",\"@graph\":[{\"@type\":\"WebPage\",\"@id\":\"https:\/\/www.heartfailurematters.org\/sv\/orsaker-till-hjartsvikt-och-andra-vanliga-medicinska-tillstand\/fetma-anorexi\/\",\"url\":\"https:\/\/www.heartfailurematters.org\/sv\/orsaker-till-hjartsvikt-och-andra-vanliga-medicinska-tillstand\/fetma-anorexi\/\",\"name\":\"Fetma, anorexi - Heart Failure Matters\",\"isPartOf\":{\"@id\":\"https:\/\/www.heartfailurematters.org\/sv\/#website\"},\"primaryImageOfPage\":{\"@id\":\"https:\/\/www.heartfailurematters.org\/sv\/orsaker-till-hjartsvikt-och-andra-vanliga-medicinska-tillstand\/fetma-anorexi\/#primaryimage\"},\"image\":{\"@id\":\"https:\/\/www.heartfailurematters.org\/sv\/orsaker-till-hjartsvikt-och-andra-vanliga-medicinska-tillstand\/fetma-anorexi\/#primaryimage\"},\"thumbnailUrl\":\"https:\/\/www.heartfailurematters.org\/wp-content\/uploads\/2022\/03\/shutterstock_133701917-1-min.jpg\",\"datePublished\":\"2021-04-12T10:41:04+00:00\",\"dateModified\":\"2021-06-25T16:24:31+00:00\",\"description\":\"\u00d6vervikt och fetma har p\u00e5visats \u00f6ka risken f\u00f6r hj\u00e4rt- och k\u00e4rlsjukdomar, vilket i sin tur kan leda till hj\u00e4rtsvikt.\",\"breadcrumb\":{\"@id\":\"https:\/\/www.heartfailurematters.org\/sv\/orsaker-till-hjartsvikt-och-andra-vanliga-medicinska-tillstand\/fetma-anorexi\/#breadcrumb\"},\"inLanguage\":\"sv-SE\",\"potentialAction\":[{\"@type\":\"ReadAction\",\"target\":[\"https:\/\/www.heartfailurematters.org\/sv\/orsaker-till-hjartsvikt-och-andra-vanliga-medicinska-tillstand\/fetma-anorexi\/\"]}]},{\"@type\":\"ImageObject\",\"inLanguage\":\"sv-SE\",\"@id\":\"https:\/\/www.heartfailurematters.org\/sv\/orsaker-till-hjartsvikt-och-andra-vanliga-medicinska-tillstand\/fetma-anorexi\/#primaryimage\",\"url\":\"https:\/\/www.heartfailurematters.org\/wp-content\/uploads\/2022\/03\/shutterstock_133701917-1-min.jpg\",\"contentUrl\":\"https:\/\/www.heartfailurematters.org\/wp-content\/uploads\/2022\/03\/shutterstock_133701917-1-min.jpg\",\"width\":900,\"height\":773},{\"@type\":\"BreadcrumbList\",\"@id\":\"https:\/\/www.heartfailurematters.org\/sv\/orsaker-till-hjartsvikt-och-andra-vanliga-medicinska-tillstand\/fetma-anorexi\/#breadcrumb\",\"itemListElement\":[{\"@type\":\"ListItem\",\"position\":1,\"name\":\"Hem\",\"item\":\"https:\/\/www.heartfailurematters.org\/sv\/\"},{\"@type\":\"ListItem\",\"position\":2,\"name\":\"Orsaker till hj\u00e4rtsvikt och andra vanliga medicinska tillst\u00e5nd\",\"item\":\"https:\/\/www.heartfailurematters.org\/sv\/orsaker-till-hjartsvikt-och-andra-vanliga-medicinska-tillstand\/\"},{\"@type\":\"ListItem\",\"position\":3,\"name\":\"Fetma, anorexi\"}]},{\"@type\":\"WebSite\",\"@id\":\"https:\/\/www.heartfailurematters.org\/sv\/#website\",\"url\":\"https:\/\/www.heartfailurematters.org\/sv\/\",\"name\":\"Heart Failure Matters\",\"description\":\"Practical information for patients, families and caregivers.\",\"publisher\":{\"@id\":\"https:\/\/www.heartfailurematters.org\/sv\/#organization\"},\"potentialAction\":[{\"@type\":\"SearchAction\",\"target\":{\"@type\":\"EntryPoint\",\"urlTemplate\":\"https:\/\/www.heartfailurematters.org\/sv\/?s={search_term_string}\"},\"query-input\":{\"@type\":\"PropertyValueSpecification\",\"valueRequired\":true,\"valueName\":\"search_term_string\"}}],\"inLanguage\":\"sv-SE\"},{\"@type\":\"Organization\",\"@id\":\"https:\/\/www.heartfailurematters.org\/sv\/#organization\",\"name\":\"Heart Failure Matters\",\"url\":\"https:\/\/www.heartfailurematters.org\/sv\/\",\"logo\":{\"@type\":\"ImageObject\",\"inLanguage\":\"sv-SE\",\"@id\":\"https:\/\/www.heartfailurematters.org\/sv\/#\/schema\/logo\/image\/\",\"url\":\"https:\/\/cdn-endpoint-hfm.azureedge.net\/heartfailurematters\/2024\/07\/hfm-logo1.jpg\",\"contentUrl\":\"https:\/\/cdn-endpoint-hfm.azureedge.net\/heartfailurematters\/2024\/07\/hfm-logo1.jpg\",\"width\":1280,\"height\":720,\"caption\":\"Heart Failure Matters\"},\"image\":{\"@id\":\"https:\/\/www.heartfailurematters.org\/sv\/#\/schema\/logo\/image\/\"},\"sameAs\":[\"https:\/\/www.facebook.com\/heartfailurematters\"]}]}<\/script>\n<!-- \/ Yoast SEO plugin. -->","yoast_head_json":{"title":"Fetma, anorexi - Heart Failure Matters","description":"\u00d6vervikt och fetma har p\u00e5visats \u00f6ka risken f\u00f6r hj\u00e4rt- och k\u00e4rlsjukdomar, vilket i sin tur kan leda till hj\u00e4rtsvikt.","robots":{"index":"index","follow":"follow","max-snippet":"max-snippet:-1","max-image-preview":"max-image-preview:large","max-video-preview":"max-video-preview:-1"},"canonical":"https:\/\/www.heartfailurematters.org\/sv\/orsaker-till-hjartsvikt-och-andra-vanliga-medicinska-tillstand\/fetma-anorexi\/","og_locale":"sv_SE","og_type":"article","og_title":"Fetma, anorexi - Heart Failure Matters","og_description":"\u00d6vervikt och fetma har p\u00e5visats \u00f6ka risken f\u00f6r hj\u00e4rt- och k\u00e4rlsjukdomar, vilket i sin tur kan leda till hj\u00e4rtsvikt.","og_url":"https:\/\/www.heartfailurematters.org\/sv\/orsaker-till-hjartsvikt-och-andra-vanliga-medicinska-tillstand\/fetma-anorexi\/","og_site_name":"Heart Failure Matters","article_publisher":"https:\/\/www.facebook.com\/heartfailurematters","article_modified_time":"2021-06-25T16:24:31+00:00","og_image":[{"width":900,"height":773,"url":"https:\/\/www.heartfailurematters.org\/wp-content\/uploads\/2022\/03\/shutterstock_133701917-1-min.jpg","type":"image\/jpeg"}],"twitter_card":"summary_large_image","twitter_misc":{"Ber\u00e4knad l\u00e4stid":"2 minuter"},"schema":{"@context":"https:\/\/schema.org","@graph":[{"@type":"WebPage","@id":"https:\/\/www.heartfailurematters.org\/sv\/orsaker-till-hjartsvikt-och-andra-vanliga-medicinska-tillstand\/fetma-anorexi\/","url":"https:\/\/www.heartfailurematters.org\/sv\/orsaker-till-hjartsvikt-och-andra-vanliga-medicinska-tillstand\/fetma-anorexi\/","name":"Fetma, anorexi - Heart Failure Matters","isPartOf":{"@id":"https:\/\/www.heartfailurematters.org\/sv\/#website"},"primaryImageOfPage":{"@id":"https:\/\/www.heartfailurematters.org\/sv\/orsaker-till-hjartsvikt-och-andra-vanliga-medicinska-tillstand\/fetma-anorexi\/#primaryimage"},"image":{"@id":"https:\/\/www.heartfailurematters.org\/sv\/orsaker-till-hjartsvikt-och-andra-vanliga-medicinska-tillstand\/fetma-anorexi\/#primaryimage"},"thumbnailUrl":"https:\/\/www.heartfailurematters.org\/wp-content\/uploads\/2022\/03\/shutterstock_133701917-1-min.jpg","datePublished":"2021-04-12T10:41:04+00:00","dateModified":"2021-06-25T16:24:31+00:00","description":"\u00d6vervikt och fetma har p\u00e5visats \u00f6ka risken f\u00f6r hj\u00e4rt- och k\u00e4rlsjukdomar, vilket i sin tur kan leda till hj\u00e4rtsvikt.","breadcrumb":{"@id":"https:\/\/www.heartfailurematters.org\/sv\/orsaker-till-hjartsvikt-och-andra-vanliga-medicinska-tillstand\/fetma-anorexi\/#breadcrumb"},"inLanguage":"sv-SE","potentialAction":[{"@type":"ReadAction","target":["https:\/\/www.heartfailurematters.org\/sv\/orsaker-till-hjartsvikt-och-andra-vanliga-medicinska-tillstand\/fetma-anorexi\/"]}]},{"@type":"ImageObject","inLanguage":"sv-SE","@id":"https:\/\/www.heartfailurematters.org\/sv\/orsaker-till-hjartsvikt-och-andra-vanliga-medicinska-tillstand\/fetma-anorexi\/#primaryimage","url":"https:\/\/www.heartfailurematters.org\/wp-content\/uploads\/2022\/03\/shutterstock_133701917-1-min.jpg","contentUrl":"https:\/\/www.heartfailurematters.org\/wp-content\/uploads\/2022\/03\/shutterstock_133701917-1-min.jpg","width":900,"height":773},{"@type":"BreadcrumbList","@id":"https:\/\/www.heartfailurematters.org\/sv\/orsaker-till-hjartsvikt-och-andra-vanliga-medicinska-tillstand\/fetma-anorexi\/#breadcrumb","itemListElement":[{"@type":"ListItem","position":1,"name":"Hem","item":"https:\/\/www.heartfailurematters.org\/sv\/"},{"@type":"ListItem","position":2,"name":"Orsaker till hj\u00e4rtsvikt och andra vanliga medicinska tillst\u00e5nd","item":"https:\/\/www.heartfailurematters.org\/sv\/orsaker-till-hjartsvikt-och-andra-vanliga-medicinska-tillstand\/"},{"@type":"ListItem","position":3,"name":"Fetma, anorexi"}]},{"@type":"WebSite","@id":"https:\/\/www.heartfailurematters.org\/sv\/#website","url":"https:\/\/www.heartfailurematters.org\/sv\/","name":"Heart Failure Matters","description":"Practical information for patients, families and caregivers.","publisher":{"@id":"https:\/\/www.heartfailurematters.org\/sv\/#organization"},"potentialAction":[{"@type":"SearchAction","target":{"@type":"EntryPoint","urlTemplate":"https:\/\/www.heartfailurematters.org\/sv\/?s={search_term_string}"},"query-input":{"@type":"PropertyValueSpecification","valueRequired":true,"valueName":"search_term_string"}}],"inLanguage":"sv-SE"},{"@type":"Organization","@id":"https:\/\/www.heartfailurematters.org\/sv\/#organization","name":"Heart Failure Matters","url":"https:\/\/www.heartfailurematters.org\/sv\/","logo":{"@type":"ImageObject","inLanguage":"sv-SE","@id":"https:\/\/www.heartfailurematters.org\/sv\/#\/schema\/logo\/image\/","url":"https:\/\/cdn-endpoint-hfm.azureedge.net\/heartfailurematters\/2024\/07\/hfm-logo1.jpg","contentUrl":"https:\/\/cdn-endpoint-hfm.azureedge.net\/heartfailurematters\/2024\/07\/hfm-logo1.jpg","width":1280,"height":720,"caption":"Heart Failure Matters"},"image":{"@id":"https:\/\/www.heartfailurematters.org\/sv\/#\/schema\/logo\/image\/"},"sameAs":["https:\/\/www.facebook.com\/heartfailurematters"]}]}},"_links":{"self":[{"href":"https:\/\/www.heartfailurematters.org\/sv\/wp-json\/wp\/v2\/pages\/8102","targetHints":{"allow":["GET"]}}],"collection":[{"href":"https:\/\/www.heartfailurematters.org\/sv\/wp-json\/wp\/v2\/pages"}],"about":[{"href":"https:\/\/www.heartfailurematters.org\/sv\/wp-json\/wp\/v2\/types\/page"}],"author":[{"embeddable":true,"href":"https:\/\/www.heartfailurematters.org\/sv\/wp-json\/wp\/v2\/users\/1"}],"replies":[{"embeddable":true,"href":"https:\/\/www.heartfailurematters.org\/sv\/wp-json\/wp\/v2\/comments?post=8102"}],"version-history":[{"count":1,"href":"https:\/\/www.heartfailurematters.org\/sv\/wp-json\/wp\/v2\/pages\/8102\/revisions"}],"predecessor-version":[{"id":9190,"href":"https:\/\/www.heartfailurematters.org\/sv\/wp-json\/wp\/v2\/pages\/8102\/revisions\/9190"}],"up":[{"embeddable":true,"href":"https:\/\/www.heartfailurematters.org\/sv\/wp-json\/wp\/v2\/pages\/8051"}],"wp:featuredmedia":[{"embeddable":true,"href":"https:\/\/www.heartfailurematters.org\/sv\/wp-json\/wp\/v2\/media\/10814"}],"wp:attachment":[{"href":"https:\/\/www.heartfailurematters.org\/sv\/wp-json\/wp\/v2\/media?parent=8102"}],"wp:term":[{"taxonomy":"category","embeddable":true,"href":"https:\/\/www.heartfailurematters.org\/sv\/wp-json\/wp\/v2\/categories?post=8102"},{"taxonomy":"post_tag","embeddable":true,"href":"https:\/\/www.heartfailurematters.org\/sv\/wp-json\/wp\/v2\/tags?post=8102"}],"curies":[{"name":"wp","href":"https:\/\/api.w.org\/{rel}","templated":true}]}}