{"id":8100,"date":"2021-04-12T11:41:03","date_gmt":"2021-04-12T10:41:03","guid":{"rendered":"https:\/\/www.heartfailurematters.org\/orsaker-till-hjartsvikt-och-andra-vanliga-medicinska-tillstand\/gikt\/"},"modified":"2021-06-25T17:24:35","modified_gmt":"2021-06-25T16:24:35","slug":"gikt","status":"publish","type":"page","link":"https:\/\/www.heartfailurematters.org\/sv\/orsaker-till-hjartsvikt-och-andra-vanliga-medicinska-tillstand\/gikt\/","title":{"rendered":"Gikt"},"content":{"rendered":"<p>Gikt \u00e4r ett vanligt medicinskt tillst\u00e5nd, s\u00e4rskilt hos \u00e4ldre vuxna. Det best\u00e5r av episoder av sm\u00e4rtsam inflammation i lederna och orsakas av en \u00f6kad m\u00e4ngd urinsyra i blodet. Urinsyra \u00e4r en vanlig avfallsprodukt som finns i blodet \u2013 men att ha f\u00f6r mycket urinsyra i blodet kan leda till ett tillst\u00e5nd som kallas hyperurikemi (h\u00f6ga niv\u00e5er av urinsyra i blodet). Uppbyggnaden av urinsyra kan bilda n\u00e5lliknande kristaller i en viss led, vanligtvis i en svalare kroppsdel som stort\u00e5n. Giktattacker f\u00f6ranleder pl\u00f6tslig sm\u00e4rta, \u00f6mhet, rodnad, v\u00e4rme och svullnad.<\/p>\n<p>Personer med gikt har oftare hj\u00e4rtsjukdom, blockerade art\u00e4rer och drabbas oftare av hj\u00e4rtsvikt. Gikt \u00e4r ocks\u00e5 f\u00f6rknippat med en \u00f6kad risk f\u00f6r njursjukdom, diabetes, cancer och s\u00f6mnapn\u00e9, sannolikt p\u00e5 grund av en h\u00f6g niv\u00e5 av kronisk inflammation. Obehandlad gikt kan vara allvarligt. Ny forskning visar att patienter med gikt l\u00f6per dubbelt s\u00e5 stor risk att f\u00e5 hj\u00e4rtinfarkt eller stroke.<\/p>\n<p>Hos patienter med kronisk hj\u00e4rtsvikt uppt\u00e4cks ofta en f\u00f6rh\u00f6jd koncentration av urinsyra i blodet vid rutinm\u00e4ssiga blodprov. Diuretika, vilket patienter med hj\u00e4rtsvikt vanligtvis beh\u00f6ver f\u00f6r att minska blodstockning, \u00f6kar ofta urinsyraniv\u00e5erna och leder till gikt. Kronisk alkoholkonsumtion och fetma bidrar ocks\u00e5 till \u00f6kad bildning av urinsyra i blodet. Giktsymtom utvecklas vanligtvis efter m\u00e5nga \u00e5rs best\u00e5ende hyperurikemi. \u00d6kade niv\u00e5er av urinsyra i kroppen tillsammans med ett tillfredsst\u00e4llande svar p\u00e5 behandlingen kan bekr\u00e4ftas genom enkla blodprover.<\/p>\n<p>Att uppr\u00e4tth\u00e5lla en h\u00e4lsosam urinsyraniv\u00e5 \u00e4r viktigt f\u00f6r att minska risken f\u00f6r gikt hos patienter med hj\u00e4rtsvikt. Din l\u00e4kare kommer att ta rutinm\u00e4ssiga urinsyrablodprov, s\u00e4rskilt om du anv\u00e4nder diuretika eller har haft en episod av gikt. Motion, bibeh\u00e5llande av en h\u00e4lsosam kroppsvikt och undvikande av vissa livsmedel som kan utl\u00f6sa gikt \u00e4r viktiga f\u00f6r att minska risken. Dessa livsmedel och drycker \u00e4r mycket rika p\u00e5 puriner, dvs. essentiella organiska f\u00f6reningar som bryts ner till urinsyra. Exempel p\u00e5 s\u00e5dana livsmedel och drycker \u00e4r: \u00f6l, j\u00e4st, \u00e4rtor, b\u00f6nor, linser, spenat, svamp, r\u00f6tt k\u00f6tt, lamm och grisk\u00f6tt; in\u00e4lvsmat som lever, njurar och kalvbr\u00e4ss, ansjovis och sardiner samt skaldjur, s\u00e4rskilt r\u00e4kor och hummer.<\/p>\n<p>L\u00e4kemedel, t.ex. allopurinol, anv\u00e4nds ofta f\u00f6r att minska urinsyraniv\u00e5erna genom att h\u00e4mma dess biosyntes i kroppen och d\u00e4rigenom f\u00f6rhindra giktattacker. Att ta allopurinol f\u00f6r att s\u00e4nka urinsyraniv\u00e5erna kan dessutom skydda dig mot en stegrad hj\u00e4rtsvikt. Det \u00e4r viktigt att ta medicinen enligt l\u00e4karens ordination under l\u00e5ng tid och inte sluta utan att tala med l\u00e4karen. Det finns flera andra l\u00e4kemedel mot akut eller kronisk gikt som din l\u00e4kare kan f\u00f6rskriva vid behov. Kom ih\u00e5g att undvika anv\u00e4ndning av icke-steroida antiinflammatoriska medel (NSAID).<\/p>\n<p><a href=\"https:\/\/www.heartfailurematters.org\/heart-failure-causes-and-other-common-medical-conditions\/other-common-medical-conditions-and-heart-failure\/\">G\u00e5 tillbaka till &#8221;Andra vanliga medicinska tillst\u00e5nd och hj\u00e4rtsvikt&#8221;<\/a><\/p>\n","protected":false},"excerpt":{"rendered":"<p>Gikt \u00e4r ett vanligt medicinskt tillst\u00e5nd, s\u00e4rskilt hos \u00e4ldre vuxna. Det best\u00e5r av episoder av sm\u00e4rtsam inflammation i lederna och orsakas av en \u00f6kad m\u00e4ngd urinsyra i blodet. Urinsyra \u00e4r en vanlig avfallsprodukt som finns i blodet \u2013 men att ha f\u00f6r mycket urinsyra i blodet kan leda till ett tillst\u00e5nd som kallas hyperurikemi (h\u00f6ga [&hellip;]<\/p>\n","protected":false},"author":1,"featured_media":10834,"parent":8051,"menu_order":21,"comment_status":"closed","ping_status":"closed","template":"","meta":{"_acf_changed":false,"footnotes":""},"categories":[],"tags":[],"class_list":["post-8100","page","type-page","status-publish","has-post-thumbnail","hentry"],"acf":[],"yoast_head":"<!-- This site is optimized with the Yoast SEO plugin v24.8.1 - https:\/\/yoast.com\/wordpress\/plugins\/seo\/ -->\n<title>Gikt - Heart Failure Matters<\/title>\n<meta name=\"description\" content=\"Gikt best\u00e5r av episoder av sm\u00e4rtsam inflammation i lederna och orsakas av en \u00f6kad m\u00e4ngd urinsyra i blodet.\" \/>\n<meta name=\"robots\" content=\"index, follow, max-snippet:-1, max-image-preview:large, max-video-preview:-1\" \/>\n<link rel=\"canonical\" href=\"https:\/\/www.heartfailurematters.org\/sv\/orsaker-till-hjartsvikt-och-andra-vanliga-medicinska-tillstand\/gikt\/\" \/>\n<meta property=\"og:locale\" content=\"sv_SE\" \/>\n<meta property=\"og:type\" content=\"article\" \/>\n<meta property=\"og:title\" content=\"Gikt - Heart Failure Matters\" \/>\n<meta property=\"og:description\" content=\"Gikt best\u00e5r av episoder av sm\u00e4rtsam inflammation i lederna och orsakas av en \u00f6kad m\u00e4ngd urinsyra i blodet.\" \/>\n<meta property=\"og:url\" content=\"https:\/\/www.heartfailurematters.org\/sv\/orsaker-till-hjartsvikt-och-andra-vanliga-medicinska-tillstand\/gikt\/\" \/>\n<meta property=\"og:site_name\" content=\"Heart Failure Matters\" \/>\n<meta property=\"article:publisher\" content=\"https:\/\/www.facebook.com\/heartfailurematters\" \/>\n<meta property=\"article:modified_time\" content=\"2021-06-25T16:24:35+00:00\" \/>\n<meta property=\"og:image\" content=\"https:\/\/www.heartfailurematters.org\/wp-content\/uploads\/2022\/03\/shutterstock_1768051616-1-min.jpg\" \/>\n\t<meta property=\"og:image:width\" content=\"900\" \/>\n\t<meta property=\"og:image:height\" content=\"600\" \/>\n\t<meta property=\"og:image:type\" content=\"image\/jpeg\" \/>\n<meta name=\"twitter:card\" content=\"summary_large_image\" \/>\n<meta name=\"twitter:label1\" content=\"Ber\u00e4knad l\u00e4stid\" \/>\n\t<meta name=\"twitter:data1\" content=\"3 minuter\" \/>\n<script type=\"application\/ld+json\" class=\"yoast-schema-graph\">{\"@context\":\"https:\/\/schema.org\",\"@graph\":[{\"@type\":\"WebPage\",\"@id\":\"https:\/\/www.heartfailurematters.org\/sv\/orsaker-till-hjartsvikt-och-andra-vanliga-medicinska-tillstand\/gikt\/\",\"url\":\"https:\/\/www.heartfailurematters.org\/sv\/orsaker-till-hjartsvikt-och-andra-vanliga-medicinska-tillstand\/gikt\/\",\"name\":\"Gikt - Heart Failure Matters\",\"isPartOf\":{\"@id\":\"https:\/\/www.heartfailurematters.org\/sv\/#website\"},\"primaryImageOfPage\":{\"@id\":\"https:\/\/www.heartfailurematters.org\/sv\/orsaker-till-hjartsvikt-och-andra-vanliga-medicinska-tillstand\/gikt\/#primaryimage\"},\"image\":{\"@id\":\"https:\/\/www.heartfailurematters.org\/sv\/orsaker-till-hjartsvikt-och-andra-vanliga-medicinska-tillstand\/gikt\/#primaryimage\"},\"thumbnailUrl\":\"https:\/\/www.heartfailurematters.org\/wp-content\/uploads\/2022\/03\/shutterstock_1768051616-1-min.jpg\",\"datePublished\":\"2021-04-12T10:41:03+00:00\",\"dateModified\":\"2021-06-25T16:24:35+00:00\",\"description\":\"Gikt best\u00e5r av episoder av sm\u00e4rtsam inflammation i lederna och orsakas av en \u00f6kad m\u00e4ngd urinsyra i blodet.\",\"breadcrumb\":{\"@id\":\"https:\/\/www.heartfailurematters.org\/sv\/orsaker-till-hjartsvikt-och-andra-vanliga-medicinska-tillstand\/gikt\/#breadcrumb\"},\"inLanguage\":\"sv-SE\",\"potentialAction\":[{\"@type\":\"ReadAction\",\"target\":[\"https:\/\/www.heartfailurematters.org\/sv\/orsaker-till-hjartsvikt-och-andra-vanliga-medicinska-tillstand\/gikt\/\"]}]},{\"@type\":\"ImageObject\",\"inLanguage\":\"sv-SE\",\"@id\":\"https:\/\/www.heartfailurematters.org\/sv\/orsaker-till-hjartsvikt-och-andra-vanliga-medicinska-tillstand\/gikt\/#primaryimage\",\"url\":\"https:\/\/www.heartfailurematters.org\/wp-content\/uploads\/2022\/03\/shutterstock_1768051616-1-min.jpg\",\"contentUrl\":\"https:\/\/www.heartfailurematters.org\/wp-content\/uploads\/2022\/03\/shutterstock_1768051616-1-min.jpg\",\"width\":900,\"height\":600},{\"@type\":\"BreadcrumbList\",\"@id\":\"https:\/\/www.heartfailurematters.org\/sv\/orsaker-till-hjartsvikt-och-andra-vanliga-medicinska-tillstand\/gikt\/#breadcrumb\",\"itemListElement\":[{\"@type\":\"ListItem\",\"position\":1,\"name\":\"Hem\",\"item\":\"https:\/\/www.heartfailurematters.org\/sv\/\"},{\"@type\":\"ListItem\",\"position\":2,\"name\":\"Orsaker till hj\u00e4rtsvikt och andra vanliga medicinska tillst\u00e5nd\",\"item\":\"https:\/\/www.heartfailurematters.org\/sv\/orsaker-till-hjartsvikt-och-andra-vanliga-medicinska-tillstand\/\"},{\"@type\":\"ListItem\",\"position\":3,\"name\":\"Gikt\"}]},{\"@type\":\"WebSite\",\"@id\":\"https:\/\/www.heartfailurematters.org\/sv\/#website\",\"url\":\"https:\/\/www.heartfailurematters.org\/sv\/\",\"name\":\"Heart Failure Matters\",\"description\":\"Practical information for patients, families and caregivers.\",\"publisher\":{\"@id\":\"https:\/\/www.heartfailurematters.org\/sv\/#organization\"},\"potentialAction\":[{\"@type\":\"SearchAction\",\"target\":{\"@type\":\"EntryPoint\",\"urlTemplate\":\"https:\/\/www.heartfailurematters.org\/sv\/?s={search_term_string}\"},\"query-input\":{\"@type\":\"PropertyValueSpecification\",\"valueRequired\":true,\"valueName\":\"search_term_string\"}}],\"inLanguage\":\"sv-SE\"},{\"@type\":\"Organization\",\"@id\":\"https:\/\/www.heartfailurematters.org\/sv\/#organization\",\"name\":\"Heart Failure Matters\",\"url\":\"https:\/\/www.heartfailurematters.org\/sv\/\",\"logo\":{\"@type\":\"ImageObject\",\"inLanguage\":\"sv-SE\",\"@id\":\"https:\/\/www.heartfailurematters.org\/sv\/#\/schema\/logo\/image\/\",\"url\":\"https:\/\/cdn-endpoint-hfm.azureedge.net\/heartfailurematters\/2024\/07\/hfm-logo1.jpg\",\"contentUrl\":\"https:\/\/cdn-endpoint-hfm.azureedge.net\/heartfailurematters\/2024\/07\/hfm-logo1.jpg\",\"width\":1280,\"height\":720,\"caption\":\"Heart Failure Matters\"},\"image\":{\"@id\":\"https:\/\/www.heartfailurematters.org\/sv\/#\/schema\/logo\/image\/\"},\"sameAs\":[\"https:\/\/www.facebook.com\/heartfailurematters\"]}]}<\/script>\n<!-- \/ Yoast SEO plugin. -->","yoast_head_json":{"title":"Gikt - Heart Failure Matters","description":"Gikt best\u00e5r av episoder av sm\u00e4rtsam inflammation i lederna och orsakas av en \u00f6kad m\u00e4ngd urinsyra i blodet.","robots":{"index":"index","follow":"follow","max-snippet":"max-snippet:-1","max-image-preview":"max-image-preview:large","max-video-preview":"max-video-preview:-1"},"canonical":"https:\/\/www.heartfailurematters.org\/sv\/orsaker-till-hjartsvikt-och-andra-vanliga-medicinska-tillstand\/gikt\/","og_locale":"sv_SE","og_type":"article","og_title":"Gikt - Heart Failure Matters","og_description":"Gikt best\u00e5r av episoder av sm\u00e4rtsam inflammation i lederna och orsakas av en \u00f6kad m\u00e4ngd urinsyra i blodet.","og_url":"https:\/\/www.heartfailurematters.org\/sv\/orsaker-till-hjartsvikt-och-andra-vanliga-medicinska-tillstand\/gikt\/","og_site_name":"Heart Failure Matters","article_publisher":"https:\/\/www.facebook.com\/heartfailurematters","article_modified_time":"2021-06-25T16:24:35+00:00","og_image":[{"width":900,"height":600,"url":"https:\/\/www.heartfailurematters.org\/wp-content\/uploads\/2022\/03\/shutterstock_1768051616-1-min.jpg","type":"image\/jpeg"}],"twitter_card":"summary_large_image","twitter_misc":{"Ber\u00e4knad l\u00e4stid":"3 minuter"},"schema":{"@context":"https:\/\/schema.org","@graph":[{"@type":"WebPage","@id":"https:\/\/www.heartfailurematters.org\/sv\/orsaker-till-hjartsvikt-och-andra-vanliga-medicinska-tillstand\/gikt\/","url":"https:\/\/www.heartfailurematters.org\/sv\/orsaker-till-hjartsvikt-och-andra-vanliga-medicinska-tillstand\/gikt\/","name":"Gikt - Heart Failure Matters","isPartOf":{"@id":"https:\/\/www.heartfailurematters.org\/sv\/#website"},"primaryImageOfPage":{"@id":"https:\/\/www.heartfailurematters.org\/sv\/orsaker-till-hjartsvikt-och-andra-vanliga-medicinska-tillstand\/gikt\/#primaryimage"},"image":{"@id":"https:\/\/www.heartfailurematters.org\/sv\/orsaker-till-hjartsvikt-och-andra-vanliga-medicinska-tillstand\/gikt\/#primaryimage"},"thumbnailUrl":"https:\/\/www.heartfailurematters.org\/wp-content\/uploads\/2022\/03\/shutterstock_1768051616-1-min.jpg","datePublished":"2021-04-12T10:41:03+00:00","dateModified":"2021-06-25T16:24:35+00:00","description":"Gikt best\u00e5r av episoder av sm\u00e4rtsam inflammation i lederna och orsakas av en \u00f6kad m\u00e4ngd urinsyra i blodet.","breadcrumb":{"@id":"https:\/\/www.heartfailurematters.org\/sv\/orsaker-till-hjartsvikt-och-andra-vanliga-medicinska-tillstand\/gikt\/#breadcrumb"},"inLanguage":"sv-SE","potentialAction":[{"@type":"ReadAction","target":["https:\/\/www.heartfailurematters.org\/sv\/orsaker-till-hjartsvikt-och-andra-vanliga-medicinska-tillstand\/gikt\/"]}]},{"@type":"ImageObject","inLanguage":"sv-SE","@id":"https:\/\/www.heartfailurematters.org\/sv\/orsaker-till-hjartsvikt-och-andra-vanliga-medicinska-tillstand\/gikt\/#primaryimage","url":"https:\/\/www.heartfailurematters.org\/wp-content\/uploads\/2022\/03\/shutterstock_1768051616-1-min.jpg","contentUrl":"https:\/\/www.heartfailurematters.org\/wp-content\/uploads\/2022\/03\/shutterstock_1768051616-1-min.jpg","width":900,"height":600},{"@type":"BreadcrumbList","@id":"https:\/\/www.heartfailurematters.org\/sv\/orsaker-till-hjartsvikt-och-andra-vanliga-medicinska-tillstand\/gikt\/#breadcrumb","itemListElement":[{"@type":"ListItem","position":1,"name":"Hem","item":"https:\/\/www.heartfailurematters.org\/sv\/"},{"@type":"ListItem","position":2,"name":"Orsaker till hj\u00e4rtsvikt och andra vanliga medicinska tillst\u00e5nd","item":"https:\/\/www.heartfailurematters.org\/sv\/orsaker-till-hjartsvikt-och-andra-vanliga-medicinska-tillstand\/"},{"@type":"ListItem","position":3,"name":"Gikt"}]},{"@type":"WebSite","@id":"https:\/\/www.heartfailurematters.org\/sv\/#website","url":"https:\/\/www.heartfailurematters.org\/sv\/","name":"Heart Failure Matters","description":"Practical information for patients, families and caregivers.","publisher":{"@id":"https:\/\/www.heartfailurematters.org\/sv\/#organization"},"potentialAction":[{"@type":"SearchAction","target":{"@type":"EntryPoint","urlTemplate":"https:\/\/www.heartfailurematters.org\/sv\/?s={search_term_string}"},"query-input":{"@type":"PropertyValueSpecification","valueRequired":true,"valueName":"search_term_string"}}],"inLanguage":"sv-SE"},{"@type":"Organization","@id":"https:\/\/www.heartfailurematters.org\/sv\/#organization","name":"Heart Failure Matters","url":"https:\/\/www.heartfailurematters.org\/sv\/","logo":{"@type":"ImageObject","inLanguage":"sv-SE","@id":"https:\/\/www.heartfailurematters.org\/sv\/#\/schema\/logo\/image\/","url":"https:\/\/cdn-endpoint-hfm.azureedge.net\/heartfailurematters\/2024\/07\/hfm-logo1.jpg","contentUrl":"https:\/\/cdn-endpoint-hfm.azureedge.net\/heartfailurematters\/2024\/07\/hfm-logo1.jpg","width":1280,"height":720,"caption":"Heart Failure Matters"},"image":{"@id":"https:\/\/www.heartfailurematters.org\/sv\/#\/schema\/logo\/image\/"},"sameAs":["https:\/\/www.facebook.com\/heartfailurematters"]}]}},"_links":{"self":[{"href":"https:\/\/www.heartfailurematters.org\/sv\/wp-json\/wp\/v2\/pages\/8100","targetHints":{"allow":["GET"]}}],"collection":[{"href":"https:\/\/www.heartfailurematters.org\/sv\/wp-json\/wp\/v2\/pages"}],"about":[{"href":"https:\/\/www.heartfailurematters.org\/sv\/wp-json\/wp\/v2\/types\/page"}],"author":[{"embeddable":true,"href":"https:\/\/www.heartfailurematters.org\/sv\/wp-json\/wp\/v2\/users\/1"}],"replies":[{"embeddable":true,"href":"https:\/\/www.heartfailurematters.org\/sv\/wp-json\/wp\/v2\/comments?post=8100"}],"version-history":[{"count":1,"href":"https:\/\/www.heartfailurematters.org\/sv\/wp-json\/wp\/v2\/pages\/8100\/revisions"}],"predecessor-version":[{"id":9197,"href":"https:\/\/www.heartfailurematters.org\/sv\/wp-json\/wp\/v2\/pages\/8100\/revisions\/9197"}],"up":[{"embeddable":true,"href":"https:\/\/www.heartfailurematters.org\/sv\/wp-json\/wp\/v2\/pages\/8051"}],"wp:featuredmedia":[{"embeddable":true,"href":"https:\/\/www.heartfailurematters.org\/sv\/wp-json\/wp\/v2\/media\/10834"}],"wp:attachment":[{"href":"https:\/\/www.heartfailurematters.org\/sv\/wp-json\/wp\/v2\/media?parent=8100"}],"wp:term":[{"taxonomy":"category","embeddable":true,"href":"https:\/\/www.heartfailurematters.org\/sv\/wp-json\/wp\/v2\/categories?post=8100"},{"taxonomy":"post_tag","embeddable":true,"href":"https:\/\/www.heartfailurematters.org\/sv\/wp-json\/wp\/v2\/tags?post=8100"}],"curies":[{"name":"wp","href":"https:\/\/api.w.org\/{rel}","templated":true}]}}