{"id":8098,"date":"2021-04-12T11:41:03","date_gmt":"2021-04-12T10:41:03","guid":{"rendered":"https:\/\/www.heartfailurematters.org\/orsaker-till-hjartsvikt-och-andra-vanliga-medicinska-tillstand\/depression-och-angest\/"},"modified":"2021-06-25T17:24:36","modified_gmt":"2021-06-25T16:24:36","slug":"depression-och-angest","status":"publish","type":"page","link":"https:\/\/www.heartfailurematters.org\/sv\/orsaker-till-hjartsvikt-och-andra-vanliga-medicinska-tillstand\/depression-och-angest\/","title":{"rendered":"Depression och \u00e5ngest"},"content":{"rendered":"<p>Hos personer med hj\u00e4rtsvikt \u00e4r depression och \u00e5ngest vanligt. S\u00e5 m\u00e5nga som en av fem personer med hj\u00e4rtsvikt har lindriga till m\u00e5ttliga symtom p\u00e5 depression och en mindre grupp har sv\u00e5rare depressiva symtom. Depression \u00e4r vanligast hos patienter med sv\u00e5rare hj\u00e4rtsviktssymtom och fysiska begr\u00e4nsningar. \u00d6verlappningen av symtom p\u00e5 depression och symtom p\u00e5 hj\u00e4rtsvikt g\u00f6r det ofta sv\u00e5rare att diagnosticera depression, vilket ibland kan f\u00f6rsena igenk\u00e4nnandet av depressionssjukdomen. Depression kan orsaka flera allvarliga symtom som l\u00e5g sj\u00e4lvk\u00e4nsla, k\u00e4nslor av hoppl\u00f6shet, maktl\u00f6shet, koncentrationssv\u00e5righeter, \u00e5ngest, irritation, tr\u00f6tthet och fysiska besv\u00e4r.<\/p>\n<p>Depression kan g\u00f6ra det mer utmanande att f\u00f6lja rekommenderad medicinsk behandling och fullf\u00f6lja egenv\u00e5rd. \u00c5ngest och depression kan ocks\u00e5 f\u00f6rs\u00e4mra livskvaliteten och leda till tr\u00f6tthet och f\u00f6rs\u00e4mrad funktionsf\u00f6rm\u00e5ga. F\u00f6r n\u00e4rvarande finns det ingen specifik medicin eller psykoterapi som \u00e4r effektiv f\u00f6r patienter med hj\u00e4rtsvikt. De flesta antidepressiva l\u00e4kemedel, s\u00e5som selektiva serotonin\u00e5terupptagsh\u00e4mmare (SSRI), verkar vara s\u00e4kra att ta av personer med hj\u00e4rtsvikt. Kognitiv beteendeterapi, som \u00e4r en psykosocial behandlingsform som syftar till att f\u00f6rb\u00e4ttra den mentala h\u00e4lsan och hj\u00e4lpa till att utveckla strategier f\u00f6r personlig hantering, har visat sig f\u00f6rb\u00e4ttra resultaten f\u00f6r patienter med hj\u00e4rtsvikt.<\/p>\n<p>Att f\u00e5 diagnosen hj\u00e4rtsvikt inneb\u00e4r ofta att patienten m\u00e5ste g\u00f6ra v\u00e4sentliga f\u00f6r\u00e4ndringar i sitt vardagsliv och sina dagliga aktiviteter. Att anpassa sig till dessa f\u00f6r\u00e4ndringar kan vara utmanande och ibland leda till k\u00e4nslor som \u00e5ngest, stress och depression. Nedan f\u00f6ljer exempel p\u00e5 n\u00e5gra olika situationer som kan orsaka k\u00e4nslom\u00e4ssiga reaktioner n\u00e4r du har hj\u00e4rtsvikt:<\/p>\n<ul>\n<li>orosk\u00e4nslor att n\u00e5got allvarligt pl\u00f6tsligt ska h\u00e4nda<\/li>\n<li>en k\u00e4nsla av att inte ha kontroll \u00f6ver hur hj\u00e4rtsjukdomen utvecklas<\/li>\n<li>stress och sv\u00e5righeter att slappna av<\/li>\n<li>att k\u00e4nna sig nedst\u00e4md \u00f6ver sitt hj\u00e4rtfel och k\u00e4nna sig begr\u00e4nsad i din fysiska f\u00f6rm\u00e5ga.<\/li>\n<\/ul>\n<p>Alla dessa k\u00e4nslor \u00e4r naturliga och du \u00e4r inte ensam om att k\u00e4nna dem. Vissa patienter k\u00e4nner motst\u00e5nd och ilska \u00f6ver att ha dessa jobbiga k\u00e4nslor, vilket kan g\u00f6ra att de upplever k\u00e4nslorna \u00e4nnu starkare. Att acceptera k\u00e4nslorna ist\u00e4llet f\u00f6r att f\u00f6rs\u00f6ka undertrycka dem kan vara sv\u00e5rt men det \u00e4r ett n\u00f6dv\u00e4ndigt f\u00f6rsta steg f\u00f6r att hj\u00e4lpa dig att hantera dina k\u00e4nslor.<\/p>\n<h2>\u00c5ngest<\/h2>\n<p>\u00c5ngest \u00e4r ett ofta f\u00f6rbisett tillst\u00e5nd hos personer med hj\u00e4rtsvikt. \u00c5ngest \u00e4r en form av r\u00e4dsla som har till uppgift att g\u00f6ra oss medvetna om faror och f\u00f6rbereda oss f\u00f6r att s\u00f6ka skydd. Det kallas flykt- och kamprespons (fight or flight response). Det \u00e4r en instinktiv reaktion som du inte kan kontrollera med viljan. I situationer d\u00e4r r\u00e4dslan har en tydlig orsak, till exempel h\u00f6jdskr\u00e4ck, \u00e4r det l\u00e4tt att undvika det som orsakar r\u00e4dslan. N\u00e4r det inte finns n\u00e5got l\u00e4tt identifierbart som kan elimineras eller undvikas, som att ha diagnosen kronisk hj\u00e4rtsvikt, blir r\u00e4dslan sv\u00e5rare att hantera.<\/p>\n<p>Vanliga symtom p\u00e5 \u00e5ngest \u00e4r andningssv\u00e5righeter, yrsel, illam\u00e5ende, magbesv\u00e4r, orolig mage eller ett tryck \u00f6ver br\u00f6stet. Du kan k\u00e4nna att hj\u00e4rtat sl\u00e5r snabbare \u00e4n vanligt, svettas, k\u00e4nna dig kall och torr i munnen, kissa oftare eller k\u00e4nna en pirrande k\u00e4nsla eller domnad i h\u00e4nder eller f\u00f6tter.<\/p>\n<p>Du kanske m\u00e4rker att vissa tecken p\u00e5 depression och oro, som tr\u00f6tthet och andn\u00f6d, liknar symtom vid hj\u00e4rtsvikt. Ett s\u00e4tt att skilja mellan depressionssymtom, \u00e5ngest och hj\u00e4rtsvikt \u00e4r att vara uppm\u00e4rksam p\u00e5 om symtomen uppst\u00e5r i samband med anstr\u00e4ngning. Symtom p\u00e5 hj\u00e4rtsvikt f\u00f6rv\u00e4rras i allm\u00e4nhet vid fysisk anstr\u00e4ngning och minskar under vila, medan symtom p\u00e5 depression och \u00e5ngest kan uppst\u00e5 oavsett om du r\u00f6r dig eller inte och kan faktiskt f\u00f6rb\u00e4ttras efter fysisk anstr\u00e4ngning. D\u00e4rf\u00f6r \u00e4r det viktigt att du f\u00f6ljer r\u00e5den fr\u00e5n din l\u00e4kare eller hj\u00e4rtsviktssjuksk\u00f6terska.<\/p>\n<p><a href=\"https:\/\/www.heartfailurematters.org\/heart-failure-causes-and-other-common-medical-conditions\/other-common-medical-conditions-and-heart-failure\/\">G\u00e5 tillbaka till &#8221;Andra vanliga medicinska tillst\u00e5nd och hj\u00e4rtsvikt&#8221;<\/a><\/p>\n","protected":false},"excerpt":{"rendered":"<p>Hos personer med hj\u00e4rtsvikt \u00e4r depression och \u00e5ngest vanligt. S\u00e5 m\u00e5nga som en av fem personer med hj\u00e4rtsvikt har lindriga till m\u00e5ttliga symtom p\u00e5 depression och en mindre grupp har sv\u00e5rare depressiva symtom. Depression \u00e4r vanligast hos patienter med sv\u00e5rare hj\u00e4rtsviktssymtom och fysiska begr\u00e4nsningar. \u00d6verlappningen av symtom p\u00e5 depression och symtom p\u00e5 hj\u00e4rtsvikt g\u00f6r det [&hellip;]<\/p>\n","protected":false},"author":1,"featured_media":10854,"parent":8051,"menu_order":23,"comment_status":"closed","ping_status":"closed","template":"","meta":{"_acf_changed":false,"footnotes":""},"categories":[],"tags":[],"class_list":["post-8098","page","type-page","status-publish","has-post-thumbnail","hentry"],"acf":[],"yoast_head":"<!-- This site is optimized with the Yoast SEO plugin v24.8.1 - https:\/\/yoast.com\/wordpress\/plugins\/seo\/ -->\n<title>Depression och \u00e5ngest - Heart Failure Matters<\/title>\n<meta name=\"description\" content=\"Depression \u00e4r vanligast hos patienter med sv\u00e5rare hj\u00e4rtsviktssymtom och fysiska begr\u00e4nsningar. \u00d6verlappningen av symtom p\u00e5 depression och symtom p\u00e5 hj\u00e4rtsvikt g\u00f6r det ofta sv\u00e5rare att diagnosticera depression.\" \/>\n<meta name=\"robots\" content=\"index, follow, max-snippet:-1, max-image-preview:large, max-video-preview:-1\" \/>\n<link rel=\"canonical\" href=\"https:\/\/www.heartfailurematters.org\/sv\/orsaker-till-hjartsvikt-och-andra-vanliga-medicinska-tillstand\/depression-och-angest\/\" \/>\n<meta property=\"og:locale\" content=\"sv_SE\" \/>\n<meta property=\"og:type\" content=\"article\" \/>\n<meta property=\"og:title\" content=\"Depression och \u00e5ngest - Heart Failure Matters\" \/>\n<meta property=\"og:description\" content=\"Depression \u00e4r vanligast hos patienter med sv\u00e5rare hj\u00e4rtsviktssymtom och fysiska begr\u00e4nsningar. \u00d6verlappningen av symtom p\u00e5 depression och symtom p\u00e5 hj\u00e4rtsvikt g\u00f6r det ofta sv\u00e5rare att diagnosticera depression.\" \/>\n<meta property=\"og:url\" content=\"https:\/\/www.heartfailurematters.org\/sv\/orsaker-till-hjartsvikt-och-andra-vanliga-medicinska-tillstand\/depression-och-angest\/\" \/>\n<meta property=\"og:site_name\" content=\"Heart Failure Matters\" \/>\n<meta property=\"article:publisher\" content=\"https:\/\/www.facebook.com\/heartfailurematters\" \/>\n<meta property=\"article:modified_time\" content=\"2021-06-25T16:24:36+00:00\" \/>\n<meta property=\"og:image\" content=\"https:\/\/www.heartfailurematters.org\/wp-content\/uploads\/2022\/03\/shutterstock_1769847845-1-min.jpg\" \/>\n\t<meta property=\"og:image:width\" content=\"900\" \/>\n\t<meta property=\"og:image:height\" content=\"600\" \/>\n\t<meta property=\"og:image:type\" content=\"image\/jpeg\" \/>\n<meta name=\"twitter:card\" content=\"summary_large_image\" \/>\n<meta name=\"twitter:label1\" content=\"Ber\u00e4knad l\u00e4stid\" \/>\n\t<meta name=\"twitter:data1\" content=\"4 minuter\" \/>\n<script type=\"application\/ld+json\" class=\"yoast-schema-graph\">{\"@context\":\"https:\/\/schema.org\",\"@graph\":[{\"@type\":\"WebPage\",\"@id\":\"https:\/\/www.heartfailurematters.org\/sv\/orsaker-till-hjartsvikt-och-andra-vanliga-medicinska-tillstand\/depression-och-angest\/\",\"url\":\"https:\/\/www.heartfailurematters.org\/sv\/orsaker-till-hjartsvikt-och-andra-vanliga-medicinska-tillstand\/depression-och-angest\/\",\"name\":\"Depression och \u00e5ngest - Heart Failure Matters\",\"isPartOf\":{\"@id\":\"https:\/\/www.heartfailurematters.org\/sv\/#website\"},\"primaryImageOfPage\":{\"@id\":\"https:\/\/www.heartfailurematters.org\/sv\/orsaker-till-hjartsvikt-och-andra-vanliga-medicinska-tillstand\/depression-och-angest\/#primaryimage\"},\"image\":{\"@id\":\"https:\/\/www.heartfailurematters.org\/sv\/orsaker-till-hjartsvikt-och-andra-vanliga-medicinska-tillstand\/depression-och-angest\/#primaryimage\"},\"thumbnailUrl\":\"https:\/\/www.heartfailurematters.org\/wp-content\/uploads\/2022\/03\/shutterstock_1769847845-1-min.jpg\",\"datePublished\":\"2021-04-12T10:41:03+00:00\",\"dateModified\":\"2021-06-25T16:24:36+00:00\",\"description\":\"Depression \u00e4r vanligast hos patienter med sv\u00e5rare hj\u00e4rtsviktssymtom och fysiska begr\u00e4nsningar. \u00d6verlappningen av symtom p\u00e5 depression och symtom p\u00e5 hj\u00e4rtsvikt g\u00f6r det ofta sv\u00e5rare att diagnosticera depression.\",\"breadcrumb\":{\"@id\":\"https:\/\/www.heartfailurematters.org\/sv\/orsaker-till-hjartsvikt-och-andra-vanliga-medicinska-tillstand\/depression-och-angest\/#breadcrumb\"},\"inLanguage\":\"sv-SE\",\"potentialAction\":[{\"@type\":\"ReadAction\",\"target\":[\"https:\/\/www.heartfailurematters.org\/sv\/orsaker-till-hjartsvikt-och-andra-vanliga-medicinska-tillstand\/depression-och-angest\/\"]}]},{\"@type\":\"ImageObject\",\"inLanguage\":\"sv-SE\",\"@id\":\"https:\/\/www.heartfailurematters.org\/sv\/orsaker-till-hjartsvikt-och-andra-vanliga-medicinska-tillstand\/depression-och-angest\/#primaryimage\",\"url\":\"https:\/\/www.heartfailurematters.org\/wp-content\/uploads\/2022\/03\/shutterstock_1769847845-1-min.jpg\",\"contentUrl\":\"https:\/\/www.heartfailurematters.org\/wp-content\/uploads\/2022\/03\/shutterstock_1769847845-1-min.jpg\",\"width\":900,\"height\":600},{\"@type\":\"BreadcrumbList\",\"@id\":\"https:\/\/www.heartfailurematters.org\/sv\/orsaker-till-hjartsvikt-och-andra-vanliga-medicinska-tillstand\/depression-och-angest\/#breadcrumb\",\"itemListElement\":[{\"@type\":\"ListItem\",\"position\":1,\"name\":\"Hem\",\"item\":\"https:\/\/www.heartfailurematters.org\/sv\/\"},{\"@type\":\"ListItem\",\"position\":2,\"name\":\"Orsaker till hj\u00e4rtsvikt och andra vanliga medicinska tillst\u00e5nd\",\"item\":\"https:\/\/www.heartfailurematters.org\/sv\/orsaker-till-hjartsvikt-och-andra-vanliga-medicinska-tillstand\/\"},{\"@type\":\"ListItem\",\"position\":3,\"name\":\"Depression och \u00e5ngest\"}]},{\"@type\":\"WebSite\",\"@id\":\"https:\/\/www.heartfailurematters.org\/sv\/#website\",\"url\":\"https:\/\/www.heartfailurematters.org\/sv\/\",\"name\":\"Heart Failure Matters\",\"description\":\"Practical information for patients, families and caregivers.\",\"publisher\":{\"@id\":\"https:\/\/www.heartfailurematters.org\/sv\/#organization\"},\"potentialAction\":[{\"@type\":\"SearchAction\",\"target\":{\"@type\":\"EntryPoint\",\"urlTemplate\":\"https:\/\/www.heartfailurematters.org\/sv\/?s={search_term_string}\"},\"query-input\":{\"@type\":\"PropertyValueSpecification\",\"valueRequired\":true,\"valueName\":\"search_term_string\"}}],\"inLanguage\":\"sv-SE\"},{\"@type\":\"Organization\",\"@id\":\"https:\/\/www.heartfailurematters.org\/sv\/#organization\",\"name\":\"Heart Failure Matters\",\"url\":\"https:\/\/www.heartfailurematters.org\/sv\/\",\"logo\":{\"@type\":\"ImageObject\",\"inLanguage\":\"sv-SE\",\"@id\":\"https:\/\/www.heartfailurematters.org\/sv\/#\/schema\/logo\/image\/\",\"url\":\"https:\/\/cdn-endpoint-hfm.azureedge.net\/heartfailurematters\/2024\/07\/hfm-logo1.jpg\",\"contentUrl\":\"https:\/\/cdn-endpoint-hfm.azureedge.net\/heartfailurematters\/2024\/07\/hfm-logo1.jpg\",\"width\":1280,\"height\":720,\"caption\":\"Heart Failure Matters\"},\"image\":{\"@id\":\"https:\/\/www.heartfailurematters.org\/sv\/#\/schema\/logo\/image\/\"},\"sameAs\":[\"https:\/\/www.facebook.com\/heartfailurematters\"]}]}<\/script>\n<!-- \/ Yoast SEO plugin. -->","yoast_head_json":{"title":"Depression och \u00e5ngest - Heart Failure Matters","description":"Depression \u00e4r vanligast hos patienter med sv\u00e5rare hj\u00e4rtsviktssymtom och fysiska begr\u00e4nsningar. \u00d6verlappningen av symtom p\u00e5 depression och symtom p\u00e5 hj\u00e4rtsvikt g\u00f6r det ofta sv\u00e5rare att diagnosticera depression.","robots":{"index":"index","follow":"follow","max-snippet":"max-snippet:-1","max-image-preview":"max-image-preview:large","max-video-preview":"max-video-preview:-1"},"canonical":"https:\/\/www.heartfailurematters.org\/sv\/orsaker-till-hjartsvikt-och-andra-vanliga-medicinska-tillstand\/depression-och-angest\/","og_locale":"sv_SE","og_type":"article","og_title":"Depression och \u00e5ngest - Heart Failure Matters","og_description":"Depression \u00e4r vanligast hos patienter med sv\u00e5rare hj\u00e4rtsviktssymtom och fysiska begr\u00e4nsningar. \u00d6verlappningen av symtom p\u00e5 depression och symtom p\u00e5 hj\u00e4rtsvikt g\u00f6r det ofta sv\u00e5rare att diagnosticera depression.","og_url":"https:\/\/www.heartfailurematters.org\/sv\/orsaker-till-hjartsvikt-och-andra-vanliga-medicinska-tillstand\/depression-och-angest\/","og_site_name":"Heart Failure Matters","article_publisher":"https:\/\/www.facebook.com\/heartfailurematters","article_modified_time":"2021-06-25T16:24:36+00:00","og_image":[{"width":900,"height":600,"url":"https:\/\/www.heartfailurematters.org\/wp-content\/uploads\/2022\/03\/shutterstock_1769847845-1-min.jpg","type":"image\/jpeg"}],"twitter_card":"summary_large_image","twitter_misc":{"Ber\u00e4knad l\u00e4stid":"4 minuter"},"schema":{"@context":"https:\/\/schema.org","@graph":[{"@type":"WebPage","@id":"https:\/\/www.heartfailurematters.org\/sv\/orsaker-till-hjartsvikt-och-andra-vanliga-medicinska-tillstand\/depression-och-angest\/","url":"https:\/\/www.heartfailurematters.org\/sv\/orsaker-till-hjartsvikt-och-andra-vanliga-medicinska-tillstand\/depression-och-angest\/","name":"Depression och \u00e5ngest - Heart Failure Matters","isPartOf":{"@id":"https:\/\/www.heartfailurematters.org\/sv\/#website"},"primaryImageOfPage":{"@id":"https:\/\/www.heartfailurematters.org\/sv\/orsaker-till-hjartsvikt-och-andra-vanliga-medicinska-tillstand\/depression-och-angest\/#primaryimage"},"image":{"@id":"https:\/\/www.heartfailurematters.org\/sv\/orsaker-till-hjartsvikt-och-andra-vanliga-medicinska-tillstand\/depression-och-angest\/#primaryimage"},"thumbnailUrl":"https:\/\/www.heartfailurematters.org\/wp-content\/uploads\/2022\/03\/shutterstock_1769847845-1-min.jpg","datePublished":"2021-04-12T10:41:03+00:00","dateModified":"2021-06-25T16:24:36+00:00","description":"Depression \u00e4r vanligast hos patienter med sv\u00e5rare hj\u00e4rtsviktssymtom och fysiska begr\u00e4nsningar. \u00d6verlappningen av symtom p\u00e5 depression och symtom p\u00e5 hj\u00e4rtsvikt g\u00f6r det ofta sv\u00e5rare att diagnosticera depression.","breadcrumb":{"@id":"https:\/\/www.heartfailurematters.org\/sv\/orsaker-till-hjartsvikt-och-andra-vanliga-medicinska-tillstand\/depression-och-angest\/#breadcrumb"},"inLanguage":"sv-SE","potentialAction":[{"@type":"ReadAction","target":["https:\/\/www.heartfailurematters.org\/sv\/orsaker-till-hjartsvikt-och-andra-vanliga-medicinska-tillstand\/depression-och-angest\/"]}]},{"@type":"ImageObject","inLanguage":"sv-SE","@id":"https:\/\/www.heartfailurematters.org\/sv\/orsaker-till-hjartsvikt-och-andra-vanliga-medicinska-tillstand\/depression-och-angest\/#primaryimage","url":"https:\/\/www.heartfailurematters.org\/wp-content\/uploads\/2022\/03\/shutterstock_1769847845-1-min.jpg","contentUrl":"https:\/\/www.heartfailurematters.org\/wp-content\/uploads\/2022\/03\/shutterstock_1769847845-1-min.jpg","width":900,"height":600},{"@type":"BreadcrumbList","@id":"https:\/\/www.heartfailurematters.org\/sv\/orsaker-till-hjartsvikt-och-andra-vanliga-medicinska-tillstand\/depression-och-angest\/#breadcrumb","itemListElement":[{"@type":"ListItem","position":1,"name":"Hem","item":"https:\/\/www.heartfailurematters.org\/sv\/"},{"@type":"ListItem","position":2,"name":"Orsaker till hj\u00e4rtsvikt och andra vanliga medicinska tillst\u00e5nd","item":"https:\/\/www.heartfailurematters.org\/sv\/orsaker-till-hjartsvikt-och-andra-vanliga-medicinska-tillstand\/"},{"@type":"ListItem","position":3,"name":"Depression och \u00e5ngest"}]},{"@type":"WebSite","@id":"https:\/\/www.heartfailurematters.org\/sv\/#website","url":"https:\/\/www.heartfailurematters.org\/sv\/","name":"Heart Failure Matters","description":"Practical information for patients, families and caregivers.","publisher":{"@id":"https:\/\/www.heartfailurematters.org\/sv\/#organization"},"potentialAction":[{"@type":"SearchAction","target":{"@type":"EntryPoint","urlTemplate":"https:\/\/www.heartfailurematters.org\/sv\/?s={search_term_string}"},"query-input":{"@type":"PropertyValueSpecification","valueRequired":true,"valueName":"search_term_string"}}],"inLanguage":"sv-SE"},{"@type":"Organization","@id":"https:\/\/www.heartfailurematters.org\/sv\/#organization","name":"Heart Failure Matters","url":"https:\/\/www.heartfailurematters.org\/sv\/","logo":{"@type":"ImageObject","inLanguage":"sv-SE","@id":"https:\/\/www.heartfailurematters.org\/sv\/#\/schema\/logo\/image\/","url":"https:\/\/cdn-endpoint-hfm.azureedge.net\/heartfailurematters\/2024\/07\/hfm-logo1.jpg","contentUrl":"https:\/\/cdn-endpoint-hfm.azureedge.net\/heartfailurematters\/2024\/07\/hfm-logo1.jpg","width":1280,"height":720,"caption":"Heart Failure Matters"},"image":{"@id":"https:\/\/www.heartfailurematters.org\/sv\/#\/schema\/logo\/image\/"},"sameAs":["https:\/\/www.facebook.com\/heartfailurematters"]}]}},"_links":{"self":[{"href":"https:\/\/www.heartfailurematters.org\/sv\/wp-json\/wp\/v2\/pages\/8098","targetHints":{"allow":["GET"]}}],"collection":[{"href":"https:\/\/www.heartfailurematters.org\/sv\/wp-json\/wp\/v2\/pages"}],"about":[{"href":"https:\/\/www.heartfailurematters.org\/sv\/wp-json\/wp\/v2\/types\/page"}],"author":[{"embeddable":true,"href":"https:\/\/www.heartfailurematters.org\/sv\/wp-json\/wp\/v2\/users\/1"}],"replies":[{"embeddable":true,"href":"https:\/\/www.heartfailurematters.org\/sv\/wp-json\/wp\/v2\/comments?post=8098"}],"version-history":[{"count":1,"href":"https:\/\/www.heartfailurematters.org\/sv\/wp-json\/wp\/v2\/pages\/8098\/revisions"}],"predecessor-version":[{"id":9202,"href":"https:\/\/www.heartfailurematters.org\/sv\/wp-json\/wp\/v2\/pages\/8098\/revisions\/9202"}],"up":[{"embeddable":true,"href":"https:\/\/www.heartfailurematters.org\/sv\/wp-json\/wp\/v2\/pages\/8051"}],"wp:featuredmedia":[{"embeddable":true,"href":"https:\/\/www.heartfailurematters.org\/sv\/wp-json\/wp\/v2\/media\/10854"}],"wp:attachment":[{"href":"https:\/\/www.heartfailurematters.org\/sv\/wp-json\/wp\/v2\/media?parent=8098"}],"wp:term":[{"taxonomy":"category","embeddable":true,"href":"https:\/\/www.heartfailurematters.org\/sv\/wp-json\/wp\/v2\/categories?post=8098"},{"taxonomy":"post_tag","embeddable":true,"href":"https:\/\/www.heartfailurematters.org\/sv\/wp-json\/wp\/v2\/tags?post=8098"}],"curies":[{"name":"wp","href":"https:\/\/api.w.org\/{rel}","templated":true}]}}