{"id":2847,"date":"2021-01-28T14:47:58","date_gmt":"2021-01-28T14:47:58","guid":{"rendered":"https:\/\/www.heartfailurematters.org\/for-caregivers\/"},"modified":"2023-09-13T15:15:42","modified_gmt":"2023-09-13T14:15:42","slug":"for-anhorigvardare","status":"publish","type":"page","link":"https:\/\/www.heartfailurematters.org\/sv\/for-anhorigvardare\/","title":{"rendered":"F\u00f6r familj och anh\u00f6rigv\u00e5rdare"},"content":{"rendered":"<p>Det h\u00e4r avsnittet handlar om v\u00e5rdgivare f\u00f6r personer med hj\u00e4rtsvikt, inklusive, men inte begr\u00e4nsat till, kronisk hj\u00e4rtsvikt. En v\u00e5rdgivare kan vara en make\/maka, ett barn, ett barnbarn, ett syskon, en f\u00f6r\u00e4lder eller en v\u00e4n. Ibland kan en v\u00e5rdgivare tillhandah\u00e5llas genom socialtj\u00e4nsten eller anst\u00e4llas privat.<\/p>\n<p>N\u00e4r en familjemedlem eller v\u00e4n diagnostiseras med hj\u00e4rtsvikt kan du uppleva en rad k\u00e4nslor. Den som diagnostiserats med hj\u00e4rtsvikt kommer att m\u00f6ta m\u00e5nga utmaningar n\u00e4r det g\u00e4ller att acceptera sin diagnos, utbilda sig om hj\u00e4rtsvikt och dess behandlingar och fatta beslut om sin v\u00e5rd. Hen kommer ocks\u00e5 l\u00e4ra sig hur hen hanterar sina hj\u00e4rtsviktssymtom i vardagen och vilka eventuella livsstilsf\u00f6r\u00e4ndringar som kan beh\u00f6vas. Som sl\u00e4kting eller v\u00e4n kommer du ocks\u00e5 att m\u00f6ta utmaningar vad g\u00e4ller att f\u00f6rst\u00e5 diagnosen, vilka nya l\u00e4kemedel som finns och hur sjukdomen p\u00e5verkar den sjukes livsstil.<\/p>\n<p>Att ge v\u00e5rd och st\u00f6d till en person med en kronisk sjukdom som hj\u00e4rtsvikt kan vara b\u00e5de meningsfullt och givande. Samtidigt kan det ocks\u00e5 vara fysiskt och k\u00e4nslom\u00e4ssigt anstr\u00e4ngande. Personer med hj\u00e4rtsvikt kan beh\u00f6va praktisk hj\u00e4lp av dig, men \u00e4ven st\u00f6d med anpassningen till en fungerande vardag med hj\u00e4rtsvikt liksom med att fatta beslut om behandlingar. Din roll kan ocks\u00e5 komma att innefatta st\u00f6d i utformningen av en v\u00e5rdplan f\u00f6r att hantera sjukdomen och att hantera \u00f6nskem\u00e5l om v\u00e5rd och behandlingar fr\u00e5n personen med hj\u00e4rtsvikt. Du kanske f\u00f6rs\u00f6ker st\u00f6dja personen p\u00e5 b\u00e4sta s\u00e4tt samtidigt som du sj\u00e4lv hanterar utmaningar i ditt eget liv. Det \u00e4r viktigt att du ocks\u00e5 f\u00e5r st\u00f6d p\u00e5 v\u00e4gen. Detta handlar inte bara om hur du kan st\u00f6dja din sl\u00e4kting eller v\u00e4n, utan ocks\u00e5 om hur du kan st\u00f6dja dig sj\u00e4lv. Om du \u00e4r en professionell v\u00e5rdgivare \u00e4r det viktigt att du har en god f\u00f6rst\u00e5else f\u00f6r vad hj\u00e4rtsvikt \u00e4r, vikten av behandlingar och \u00f6vervakning av symtomen f\u00f6r att kunna f\u00f6r\u00e4ndra tillst\u00e5ndet. V\u00e5rdgivare spelar en viktig roll f\u00f6r att k\u00e4nna igen hj\u00e4rtsviktssymtom och f\u00f6rhindra sjukhusinl\u00e4ggning.<\/p>\n<p>I det h\u00e4r avsnittet beskrivs v\u00e5rdgivarnas roll och de s\u00e4rskilda utmaningar som de kan m\u00f6ta. Vi hoppas kunna ge uppslag och anv\u00e4ndbara tips f\u00f6r att underl\u00e4tta din roll som v\u00e5rdgivare. Du kan anpassa alla f\u00f6rslag till din egen situation och dina \u00f6nskem\u00e5l, eftersom dina behov och erfarenheter \u00e4r unika f\u00f6r dig.<\/p>\n<h4>V\u00e5rdgivarens roll:<\/h4>\n<ul>\n<li><a href=\"https:\/\/www.heartfailurematters.org\/for-caregivers\/family-and-caregiver-information\/\">Information f\u00f6r familj och anh\u00f6rigv\u00e5rdare<\/a><\/li>\n<li><a href=\"https:\/\/www.heartfailurematters.org\/for-caregivers\/simple-things-you-can-do-to-help\/\">Enkla saker du kan g\u00f6ra f\u00f6r att hj\u00e4lpa<\/a><\/li>\n<li><a href=\"https:\/\/www.heartfailurematters.org\/for-caregivers\/how-you-may-be-feeling\/\">Hur du kan m\u00e5<\/a><\/li>\n<li><a href=\"https:\/\/www.heartfailurematters.org\/for-caregivers\/financial-concerns\/\">Ekonomiska problem<\/a><\/li>\n<li><a href=\"https:\/\/www.heartfailurematters.org\/for-caregivers\/understanding-your-role\/\">Att f\u00f6rst\u00e5 din roll<\/a><\/li>\n<li><a href=\"https:\/\/www.heartfailurematters.org\/for-caregivers\/understanding-their-emotions\/\">Att f\u00f6rst\u00e5 deras k\u00e4nslor<\/a><\/li>\n<li><a href=\"https:\/\/www.heartfailurematters.org\/for-caregivers\/support-networks\/\">St\u00f6djande n\u00e4tverk<\/a><\/li>\n<li><a href=\"https:\/\/www.heartfailurematters.org\/for-caregivers\/planning-for-the-future\/\">Planera f\u00f6r framtiden<\/a><\/li>\n<\/ul>\n","protected":false},"excerpt":{"rendered":"<p>Det h\u00e4r avsnittet handlar om v\u00e5rdgivare f\u00f6r personer med hj\u00e4rtsvikt, inklusive, men inte begr\u00e4nsat till, kronisk hj\u00e4rtsvikt. En v\u00e5rdgivare kan vara en make\/maka, ett barn, ett barnbarn, ett syskon, en f\u00f6r\u00e4lder eller en v\u00e4n. Ibland kan en v\u00e5rdgivare tillhandah\u00e5llas genom socialtj\u00e4nsten eller anst\u00e4llas privat. N\u00e4r en familjemedlem eller v\u00e4n diagnostiseras med hj\u00e4rtsvikt kan du uppleva [&hellip;]<\/p>\n","protected":false},"author":1,"featured_media":0,"parent":0,"menu_order":0,"comment_status":"closed","ping_status":"closed","template":"","meta":{"_acf_changed":false,"footnotes":""},"categories":[88],"tags":[],"class_list":["post-2847","page","type-page","status-publish","hentry","category-for-caregivers-sv"],"acf":[],"yoast_head":"<!-- This site is optimized with the Yoast SEO plugin v24.8.1 - https:\/\/yoast.com\/wordpress\/plugins\/seo\/ -->\n<title>R\u00e5d om hj\u00e4rtsvikt f\u00f6r v\u00e5rdgivare | Att ge v\u00e5rd och st\u00f6d<\/title>\n<meta name=\"description\" content=\"Hj\u00e4rtsviktsinformation f\u00f6r v\u00e5rdgivare, makar, barn, barnbarn, syskon eller f\u00f6r\u00e4ldrar till hj\u00e4rtsviktspatienter.\" \/>\n<meta name=\"robots\" content=\"index, follow, max-snippet:-1, max-image-preview:large, max-video-preview:-1\" \/>\n<link rel=\"canonical\" href=\"https:\/\/www.heartfailurematters.org\/sv\/for-anhorigvardare\/\" \/>\n<meta property=\"og:locale\" content=\"sv_SE\" \/>\n<meta property=\"og:type\" content=\"article\" \/>\n<meta property=\"og:title\" content=\"R\u00e5d om hj\u00e4rtsvikt f\u00f6r v\u00e5rdgivare | Att ge v\u00e5rd och st\u00f6d\" \/>\n<meta property=\"og:description\" content=\"Hj\u00e4rtsviktsinformation f\u00f6r v\u00e5rdgivare, makar, barn, barnbarn, syskon eller f\u00f6r\u00e4ldrar till hj\u00e4rtsviktspatienter.\" \/>\n<meta property=\"og:url\" content=\"https:\/\/www.heartfailurematters.org\/sv\/for-anhorigvardare\/\" \/>\n<meta property=\"og:site_name\" content=\"Heart Failure Matters\" \/>\n<meta property=\"article:publisher\" content=\"https:\/\/www.facebook.com\/heartfailurematters\" \/>\n<meta property=\"article:modified_time\" content=\"2023-09-13T14:15:42+00:00\" \/>\n<meta name=\"twitter:card\" content=\"summary_large_image\" \/>\n<meta name=\"twitter:label1\" content=\"Ber\u00e4knad l\u00e4stid\" \/>\n\t<meta name=\"twitter:data1\" content=\"3 minuter\" \/>\n<script type=\"application\/ld+json\" class=\"yoast-schema-graph\">{\"@context\":\"https:\/\/schema.org\",\"@graph\":[{\"@type\":\"WebPage\",\"@id\":\"https:\/\/www.heartfailurematters.org\/sv\/for-anhorigvardare\/\",\"url\":\"https:\/\/www.heartfailurematters.org\/sv\/for-anhorigvardare\/\",\"name\":\"R\u00e5d om hj\u00e4rtsvikt f\u00f6r v\u00e5rdgivare | Att ge v\u00e5rd och st\u00f6d\",\"isPartOf\":{\"@id\":\"https:\/\/www.heartfailurematters.org\/sv\/#website\"},\"datePublished\":\"2021-01-28T14:47:58+00:00\",\"dateModified\":\"2023-09-13T14:15:42+00:00\",\"description\":\"Hj\u00e4rtsviktsinformation f\u00f6r v\u00e5rdgivare, makar, barn, barnbarn, syskon eller f\u00f6r\u00e4ldrar till hj\u00e4rtsviktspatienter.\",\"breadcrumb\":{\"@id\":\"https:\/\/www.heartfailurematters.org\/sv\/for-anhorigvardare\/#breadcrumb\"},\"inLanguage\":\"sv-SE\",\"potentialAction\":[{\"@type\":\"ReadAction\",\"target\":[\"https:\/\/www.heartfailurematters.org\/sv\/for-anhorigvardare\/\"]}]},{\"@type\":\"BreadcrumbList\",\"@id\":\"https:\/\/www.heartfailurematters.org\/sv\/for-anhorigvardare\/#breadcrumb\",\"itemListElement\":[{\"@type\":\"ListItem\",\"position\":1,\"name\":\"Hem\",\"item\":\"https:\/\/www.heartfailurematters.org\/sv\/\"},{\"@type\":\"ListItem\",\"position\":2,\"name\":\"F\u00f6r familj och anh\u00f6rigv\u00e5rdare\"}]},{\"@type\":\"WebSite\",\"@id\":\"https:\/\/www.heartfailurematters.org\/sv\/#website\",\"url\":\"https:\/\/www.heartfailurematters.org\/sv\/\",\"name\":\"Heart Failure Matters\",\"description\":\"Practical information for patients, families and caregivers.\",\"publisher\":{\"@id\":\"https:\/\/www.heartfailurematters.org\/sv\/#organization\"},\"potentialAction\":[{\"@type\":\"SearchAction\",\"target\":{\"@type\":\"EntryPoint\",\"urlTemplate\":\"https:\/\/www.heartfailurematters.org\/sv\/?s={search_term_string}\"},\"query-input\":{\"@type\":\"PropertyValueSpecification\",\"valueRequired\":true,\"valueName\":\"search_term_string\"}}],\"inLanguage\":\"sv-SE\"},{\"@type\":\"Organization\",\"@id\":\"https:\/\/www.heartfailurematters.org\/sv\/#organization\",\"name\":\"Heart Failure Matters\",\"url\":\"https:\/\/www.heartfailurematters.org\/sv\/\",\"logo\":{\"@type\":\"ImageObject\",\"inLanguage\":\"sv-SE\",\"@id\":\"https:\/\/www.heartfailurematters.org\/sv\/#\/schema\/logo\/image\/\",\"url\":\"https:\/\/cdn-endpoint-hfm.azureedge.net\/heartfailurematters\/2024\/07\/hfm-logo1.jpg\",\"contentUrl\":\"https:\/\/cdn-endpoint-hfm.azureedge.net\/heartfailurematters\/2024\/07\/hfm-logo1.jpg\",\"width\":1280,\"height\":720,\"caption\":\"Heart Failure Matters\"},\"image\":{\"@id\":\"https:\/\/www.heartfailurematters.org\/sv\/#\/schema\/logo\/image\/\"},\"sameAs\":[\"https:\/\/www.facebook.com\/heartfailurematters\"]}]}<\/script>\n<!-- \/ Yoast SEO plugin. -->","yoast_head_json":{"title":"R\u00e5d om hj\u00e4rtsvikt f\u00f6r v\u00e5rdgivare | Att ge v\u00e5rd och st\u00f6d","description":"Hj\u00e4rtsviktsinformation f\u00f6r v\u00e5rdgivare, makar, barn, barnbarn, syskon eller f\u00f6r\u00e4ldrar till hj\u00e4rtsviktspatienter.","robots":{"index":"index","follow":"follow","max-snippet":"max-snippet:-1","max-image-preview":"max-image-preview:large","max-video-preview":"max-video-preview:-1"},"canonical":"https:\/\/www.heartfailurematters.org\/sv\/for-anhorigvardare\/","og_locale":"sv_SE","og_type":"article","og_title":"R\u00e5d om hj\u00e4rtsvikt f\u00f6r v\u00e5rdgivare | Att ge v\u00e5rd och st\u00f6d","og_description":"Hj\u00e4rtsviktsinformation f\u00f6r v\u00e5rdgivare, makar, barn, barnbarn, syskon eller f\u00f6r\u00e4ldrar till hj\u00e4rtsviktspatienter.","og_url":"https:\/\/www.heartfailurematters.org\/sv\/for-anhorigvardare\/","og_site_name":"Heart Failure Matters","article_publisher":"https:\/\/www.facebook.com\/heartfailurematters","article_modified_time":"2023-09-13T14:15:42+00:00","twitter_card":"summary_large_image","twitter_misc":{"Ber\u00e4knad l\u00e4stid":"3 minuter"},"schema":{"@context":"https:\/\/schema.org","@graph":[{"@type":"WebPage","@id":"https:\/\/www.heartfailurematters.org\/sv\/for-anhorigvardare\/","url":"https:\/\/www.heartfailurematters.org\/sv\/for-anhorigvardare\/","name":"R\u00e5d om hj\u00e4rtsvikt f\u00f6r v\u00e5rdgivare | Att ge v\u00e5rd och st\u00f6d","isPartOf":{"@id":"https:\/\/www.heartfailurematters.org\/sv\/#website"},"datePublished":"2021-01-28T14:47:58+00:00","dateModified":"2023-09-13T14:15:42+00:00","description":"Hj\u00e4rtsviktsinformation f\u00f6r v\u00e5rdgivare, makar, barn, barnbarn, syskon eller f\u00f6r\u00e4ldrar till hj\u00e4rtsviktspatienter.","breadcrumb":{"@id":"https:\/\/www.heartfailurematters.org\/sv\/for-anhorigvardare\/#breadcrumb"},"inLanguage":"sv-SE","potentialAction":[{"@type":"ReadAction","target":["https:\/\/www.heartfailurematters.org\/sv\/for-anhorigvardare\/"]}]},{"@type":"BreadcrumbList","@id":"https:\/\/www.heartfailurematters.org\/sv\/for-anhorigvardare\/#breadcrumb","itemListElement":[{"@type":"ListItem","position":1,"name":"Hem","item":"https:\/\/www.heartfailurematters.org\/sv\/"},{"@type":"ListItem","position":2,"name":"F\u00f6r familj och anh\u00f6rigv\u00e5rdare"}]},{"@type":"WebSite","@id":"https:\/\/www.heartfailurematters.org\/sv\/#website","url":"https:\/\/www.heartfailurematters.org\/sv\/","name":"Heart Failure Matters","description":"Practical information for patients, families and caregivers.","publisher":{"@id":"https:\/\/www.heartfailurematters.org\/sv\/#organization"},"potentialAction":[{"@type":"SearchAction","target":{"@type":"EntryPoint","urlTemplate":"https:\/\/www.heartfailurematters.org\/sv\/?s={search_term_string}"},"query-input":{"@type":"PropertyValueSpecification","valueRequired":true,"valueName":"search_term_string"}}],"inLanguage":"sv-SE"},{"@type":"Organization","@id":"https:\/\/www.heartfailurematters.org\/sv\/#organization","name":"Heart Failure Matters","url":"https:\/\/www.heartfailurematters.org\/sv\/","logo":{"@type":"ImageObject","inLanguage":"sv-SE","@id":"https:\/\/www.heartfailurematters.org\/sv\/#\/schema\/logo\/image\/","url":"https:\/\/cdn-endpoint-hfm.azureedge.net\/heartfailurematters\/2024\/07\/hfm-logo1.jpg","contentUrl":"https:\/\/cdn-endpoint-hfm.azureedge.net\/heartfailurematters\/2024\/07\/hfm-logo1.jpg","width":1280,"height":720,"caption":"Heart Failure Matters"},"image":{"@id":"https:\/\/www.heartfailurematters.org\/sv\/#\/schema\/logo\/image\/"},"sameAs":["https:\/\/www.facebook.com\/heartfailurematters"]}]}},"_links":{"self":[{"href":"https:\/\/www.heartfailurematters.org\/sv\/wp-json\/wp\/v2\/pages\/2847","targetHints":{"allow":["GET"]}}],"collection":[{"href":"https:\/\/www.heartfailurematters.org\/sv\/wp-json\/wp\/v2\/pages"}],"about":[{"href":"https:\/\/www.heartfailurematters.org\/sv\/wp-json\/wp\/v2\/types\/page"}],"author":[{"embeddable":true,"href":"https:\/\/www.heartfailurematters.org\/sv\/wp-json\/wp\/v2\/users\/1"}],"replies":[{"embeddable":true,"href":"https:\/\/www.heartfailurematters.org\/sv\/wp-json\/wp\/v2\/comments?post=2847"}],"version-history":[{"count":4,"href":"https:\/\/www.heartfailurematters.org\/sv\/wp-json\/wp\/v2\/pages\/2847\/revisions"}],"predecessor-version":[{"id":12986,"href":"https:\/\/www.heartfailurematters.org\/sv\/wp-json\/wp\/v2\/pages\/2847\/revisions\/12986"}],"wp:attachment":[{"href":"https:\/\/www.heartfailurematters.org\/sv\/wp-json\/wp\/v2\/media?parent=2847"}],"wp:term":[{"taxonomy":"category","embeddable":true,"href":"https:\/\/www.heartfailurematters.org\/sv\/wp-json\/wp\/v2\/categories?post=2847"},{"taxonomy":"post_tag","embeddable":true,"href":"https:\/\/www.heartfailurematters.org\/sv\/wp-json\/wp\/v2\/tags?post=2847"}],"curies":[{"name":"wp","href":"https:\/\/api.w.org\/{rel}","templated":true}]}}