{"id":2663,"date":"2021-01-27T22:12:56","date_gmt":"2021-01-27T22:12:56","guid":{"rendered":"http:\/\/heartfailurematters.local:8888\/antiarytmika\/"},"modified":"2026-02-10T13:33:20","modified_gmt":"2026-02-10T13:33:20","slug":"antiarytmika","status":"publish","type":"page","link":"https:\/\/www.heartfailurematters.org\/sv\/vad-din-lakare-eller-sjukskoterska-kan-gora\/antiarytmika\/","title":{"rendered":"Antiarytmika"},"content":{"rendered":"<h2>Vad de g\u00f6r<\/h2>\n<p><strong>Antiarytmiska<\/strong> l\u00e4kemedel \u00e4r en st\u00f6rre grupp mediciner som kan anv\u00e4ndas f\u00f6r att kontrollera en onormal hj\u00e4rtrytm. Vid hj\u00e4rtsvikt ordineras dock antiarytmiska l\u00e4kemedel med f\u00f6rsiktighet, eftersom de kan ha allvarliga biverkningar.<\/p>\n<h2>Biverkningar av utvalda antiarytmiska l\u00e4kemedel<\/h2>\n<ul>\n<li><strong>Amiodaron<\/strong> \u00e4r ett kraftigt verkande l\u00e4kemedel som ibland beh\u00f6vs f\u00f6r att kontrollera hj\u00e4rtrytmrubbningar vid hj\u00e4rtsvikt. Det \u00f6kar dock hudens k\u00e4nslighet f\u00f6r solljus avsev\u00e4rt! D\u00e4rf\u00f6r b\u00f6r du undvika direkt solexponering och alltid anv\u00e4nda solskydd med h\u00f6g skyddsfaktor. Det \u00e4r rekommenderat att kontrollera huden \u00e5rligen hos en hudl\u00e4kare. L\u00e5ngtidsbehandling med amiodaron kan dessutom p\u00e5verka sk\u00f6ldk\u00f6rtelfunktionen och synen, vilket ocks\u00e5 b\u00f6r kontrolleras regelbundet. Halten amiodaron i kroppen kan kontrolleras med ett s\u00e4rskilt blodprov.<\/li>\n<li><strong>Digoxin eller digitoxin<\/strong> \u00e4r s\u00e5 kallade hj\u00e4rtglykosider. De saktar ner hj\u00e4rtslagen vid f\u00f6rmaksflimmer. Idag f\u00f6rskrivs endast l\u00e5ga doser, vilket g\u00f6r att dessa l\u00e4kemedel tolereras v\u00e4l. Biverkningar \u00e4r vanligare vid h\u00f6gre doser och inkluderar symtom som illam\u00e5ende, aptitl\u00f6shet och diarr\u00e9. Halten digoxin eller digitoxin i kroppen kan kontrolleras med ett s\u00e4rskilt blodprov.<\/li>\n<\/ul>\n<h2>Tips<\/h2>\n<p>Vissa antiarytmiska l\u00e4kemedel kan interagera med grapefruktjuice, vilket kan p\u00e5verka l\u00e4kemedlets effekt. Din l\u00e4kare kan f\u00f6rklara detta f\u00f6r dig.<\/p>\n<p><a href=\"https:\/\/www.heartfailurematters.org\/what-your-doctor-can-do\/heart-failure-medicines\/\">\u00c5terg\u00e5 till Hj\u00e4rtsviktsl\u00e4kemedel<\/a><\/p>\n","protected":false},"excerpt":{"rendered":"<p>Vad de g\u00f6r Antiarytmiska l\u00e4kemedel \u00e4r en st\u00f6rre grupp mediciner som kan anv\u00e4ndas f\u00f6r att kontrollera en onormal hj\u00e4rtrytm. Vid hj\u00e4rtsvikt ordineras dock antiarytmiska l\u00e4kemedel med f\u00f6rsiktighet, eftersom de kan ha allvarliga biverkningar. Biverkningar av utvalda antiarytmiska l\u00e4kemedel Amiodaron \u00e4r ett kraftigt verkande l\u00e4kemedel som ibland beh\u00f6vs f\u00f6r att kontrollera hj\u00e4rtrytmrubbningar vid hj\u00e4rtsvikt. Det \u00f6kar [&hellip;]<\/p>\n","protected":false},"author":1,"featured_media":0,"parent":2685,"menu_order":0,"comment_status":"open","ping_status":"open","template":"","meta":{"_acf_changed":false,"footnotes":""},"categories":[],"tags":[],"class_list":["post-2663","page","type-page","status-publish","hentry"],"acf":[],"yoast_head":"<!-- This site is optimized with the Yoast SEO plugin v24.8.1 - https:\/\/yoast.com\/wordpress\/plugins\/seo\/ -->\n<title>Antiarytmika och hj\u00e4rtsvikt<\/title>\n<meta name=\"description\" content=\"Antiarytmiska l\u00e4kemedel anv\u00e4nds f\u00f6r att kontrollera oregelbunden hj\u00e4rtrytm. L\u00e4s mer om antiarytmika, biverkningar och v\u00e5ra b\u00e4sta tips.\" \/>\n<meta name=\"robots\" content=\"index, follow, max-snippet:-1, max-image-preview:large, max-video-preview:-1\" \/>\n<link rel=\"canonical\" href=\"https:\/\/www.heartfailurematters.org\/sv\/vad-din-lakare-eller-sjukskoterska-kan-gora\/antiarytmika\/\" \/>\n<meta property=\"og:locale\" content=\"sv_SE\" \/>\n<meta property=\"og:type\" content=\"article\" \/>\n<meta property=\"og:title\" content=\"Antiarytmika och hj\u00e4rtsvikt\" \/>\n<meta property=\"og:description\" content=\"Antiarytmiska l\u00e4kemedel anv\u00e4nds f\u00f6r att kontrollera oregelbunden hj\u00e4rtrytm. L\u00e4s mer om antiarytmika, biverkningar och v\u00e5ra b\u00e4sta tips.\" \/>\n<meta property=\"og:url\" content=\"https:\/\/www.heartfailurematters.org\/sv\/vad-din-lakare-eller-sjukskoterska-kan-gora\/antiarytmika\/\" \/>\n<meta property=\"og:site_name\" content=\"Heart Failure Matters\" \/>\n<meta property=\"article:publisher\" content=\"https:\/\/www.facebook.com\/heartfailurematters\" \/>\n<meta property=\"article:modified_time\" content=\"2026-02-10T13:33:20+00:00\" \/>\n<meta name=\"twitter:card\" content=\"summary_large_image\" \/>\n<meta name=\"twitter:label1\" content=\"Ber\u00e4knad l\u00e4stid\" \/>\n\t<meta name=\"twitter:data1\" content=\"1 minut\" \/>\n<script type=\"application\/ld+json\" class=\"yoast-schema-graph\">{\"@context\":\"https:\/\/schema.org\",\"@graph\":[{\"@type\":\"WebPage\",\"@id\":\"https:\/\/www.heartfailurematters.org\/sv\/vad-din-lakare-eller-sjukskoterska-kan-gora\/antiarytmika\/\",\"url\":\"https:\/\/www.heartfailurematters.org\/sv\/vad-din-lakare-eller-sjukskoterska-kan-gora\/antiarytmika\/\",\"name\":\"Antiarytmika och hj\u00e4rtsvikt\",\"isPartOf\":{\"@id\":\"https:\/\/www.heartfailurematters.org\/sv\/#website\"},\"datePublished\":\"2021-01-27T22:12:56+00:00\",\"dateModified\":\"2026-02-10T13:33:20+00:00\",\"description\":\"Antiarytmiska l\u00e4kemedel anv\u00e4nds f\u00f6r att kontrollera oregelbunden hj\u00e4rtrytm. L\u00e4s mer om antiarytmika, biverkningar och v\u00e5ra b\u00e4sta tips.\",\"breadcrumb\":{\"@id\":\"https:\/\/www.heartfailurematters.org\/sv\/vad-din-lakare-eller-sjukskoterska-kan-gora\/antiarytmika\/#breadcrumb\"},\"inLanguage\":\"sv-SE\",\"potentialAction\":[{\"@type\":\"ReadAction\",\"target\":[\"https:\/\/www.heartfailurematters.org\/sv\/vad-din-lakare-eller-sjukskoterska-kan-gora\/antiarytmika\/\"]}]},{\"@type\":\"BreadcrumbList\",\"@id\":\"https:\/\/www.heartfailurematters.org\/sv\/vad-din-lakare-eller-sjukskoterska-kan-gora\/antiarytmika\/#breadcrumb\",\"itemListElement\":[{\"@type\":\"ListItem\",\"position\":1,\"name\":\"Hem\",\"item\":\"https:\/\/www.heartfailurematters.org\/sv\/\"},{\"@type\":\"ListItem\",\"position\":2,\"name\":\"Vad din l\u00e4kare kan g\u00f6ra\",\"item\":\"https:\/\/www.heartfailurematters.org\/sv\/vad-din-lakare-eller-sjukskoterska-kan-gora\/\"},{\"@type\":\"ListItem\",\"position\":3,\"name\":\"Antiarytmika\"}]},{\"@type\":\"WebSite\",\"@id\":\"https:\/\/www.heartfailurematters.org\/sv\/#website\",\"url\":\"https:\/\/www.heartfailurematters.org\/sv\/\",\"name\":\"Heart Failure Matters\",\"description\":\"Practical information for patients, families and caregivers.\",\"publisher\":{\"@id\":\"https:\/\/www.heartfailurematters.org\/sv\/#organization\"},\"potentialAction\":[{\"@type\":\"SearchAction\",\"target\":{\"@type\":\"EntryPoint\",\"urlTemplate\":\"https:\/\/www.heartfailurematters.org\/sv\/?s={search_term_string}\"},\"query-input\":{\"@type\":\"PropertyValueSpecification\",\"valueRequired\":true,\"valueName\":\"search_term_string\"}}],\"inLanguage\":\"sv-SE\"},{\"@type\":\"Organization\",\"@id\":\"https:\/\/www.heartfailurematters.org\/sv\/#organization\",\"name\":\"Heart Failure Matters\",\"url\":\"https:\/\/www.heartfailurematters.org\/sv\/\",\"logo\":{\"@type\":\"ImageObject\",\"inLanguage\":\"sv-SE\",\"@id\":\"https:\/\/www.heartfailurematters.org\/sv\/#\/schema\/logo\/image\/\",\"url\":\"https:\/\/cdn-endpoint-hfm.azureedge.net\/heartfailurematters\/2024\/07\/hfm-logo1.jpg\",\"contentUrl\":\"https:\/\/cdn-endpoint-hfm.azureedge.net\/heartfailurematters\/2024\/07\/hfm-logo1.jpg\",\"width\":1280,\"height\":720,\"caption\":\"Heart Failure Matters\"},\"image\":{\"@id\":\"https:\/\/www.heartfailurematters.org\/sv\/#\/schema\/logo\/image\/\"},\"sameAs\":[\"https:\/\/www.facebook.com\/heartfailurematters\"]}]}<\/script>\n<!-- \/ Yoast SEO plugin. -->","yoast_head_json":{"title":"Antiarytmika och hj\u00e4rtsvikt","description":"Antiarytmiska l\u00e4kemedel anv\u00e4nds f\u00f6r att kontrollera oregelbunden hj\u00e4rtrytm. L\u00e4s mer om antiarytmika, biverkningar och v\u00e5ra b\u00e4sta tips.","robots":{"index":"index","follow":"follow","max-snippet":"max-snippet:-1","max-image-preview":"max-image-preview:large","max-video-preview":"max-video-preview:-1"},"canonical":"https:\/\/www.heartfailurematters.org\/sv\/vad-din-lakare-eller-sjukskoterska-kan-gora\/antiarytmika\/","og_locale":"sv_SE","og_type":"article","og_title":"Antiarytmika och hj\u00e4rtsvikt","og_description":"Antiarytmiska l\u00e4kemedel anv\u00e4nds f\u00f6r att kontrollera oregelbunden hj\u00e4rtrytm. L\u00e4s mer om antiarytmika, biverkningar och v\u00e5ra b\u00e4sta tips.","og_url":"https:\/\/www.heartfailurematters.org\/sv\/vad-din-lakare-eller-sjukskoterska-kan-gora\/antiarytmika\/","og_site_name":"Heart Failure Matters","article_publisher":"https:\/\/www.facebook.com\/heartfailurematters","article_modified_time":"2026-02-10T13:33:20+00:00","twitter_card":"summary_large_image","twitter_misc":{"Ber\u00e4knad l\u00e4stid":"1 minut"},"schema":{"@context":"https:\/\/schema.org","@graph":[{"@type":"WebPage","@id":"https:\/\/www.heartfailurematters.org\/sv\/vad-din-lakare-eller-sjukskoterska-kan-gora\/antiarytmika\/","url":"https:\/\/www.heartfailurematters.org\/sv\/vad-din-lakare-eller-sjukskoterska-kan-gora\/antiarytmika\/","name":"Antiarytmika och hj\u00e4rtsvikt","isPartOf":{"@id":"https:\/\/www.heartfailurematters.org\/sv\/#website"},"datePublished":"2021-01-27T22:12:56+00:00","dateModified":"2026-02-10T13:33:20+00:00","description":"Antiarytmiska l\u00e4kemedel anv\u00e4nds f\u00f6r att kontrollera oregelbunden hj\u00e4rtrytm. L\u00e4s mer om antiarytmika, biverkningar och v\u00e5ra b\u00e4sta tips.","breadcrumb":{"@id":"https:\/\/www.heartfailurematters.org\/sv\/vad-din-lakare-eller-sjukskoterska-kan-gora\/antiarytmika\/#breadcrumb"},"inLanguage":"sv-SE","potentialAction":[{"@type":"ReadAction","target":["https:\/\/www.heartfailurematters.org\/sv\/vad-din-lakare-eller-sjukskoterska-kan-gora\/antiarytmika\/"]}]},{"@type":"BreadcrumbList","@id":"https:\/\/www.heartfailurematters.org\/sv\/vad-din-lakare-eller-sjukskoterska-kan-gora\/antiarytmika\/#breadcrumb","itemListElement":[{"@type":"ListItem","position":1,"name":"Hem","item":"https:\/\/www.heartfailurematters.org\/sv\/"},{"@type":"ListItem","position":2,"name":"Vad din l\u00e4kare kan g\u00f6ra","item":"https:\/\/www.heartfailurematters.org\/sv\/vad-din-lakare-eller-sjukskoterska-kan-gora\/"},{"@type":"ListItem","position":3,"name":"Antiarytmika"}]},{"@type":"WebSite","@id":"https:\/\/www.heartfailurematters.org\/sv\/#website","url":"https:\/\/www.heartfailurematters.org\/sv\/","name":"Heart Failure Matters","description":"Practical information for patients, families and caregivers.","publisher":{"@id":"https:\/\/www.heartfailurematters.org\/sv\/#organization"},"potentialAction":[{"@type":"SearchAction","target":{"@type":"EntryPoint","urlTemplate":"https:\/\/www.heartfailurematters.org\/sv\/?s={search_term_string}"},"query-input":{"@type":"PropertyValueSpecification","valueRequired":true,"valueName":"search_term_string"}}],"inLanguage":"sv-SE"},{"@type":"Organization","@id":"https:\/\/www.heartfailurematters.org\/sv\/#organization","name":"Heart Failure Matters","url":"https:\/\/www.heartfailurematters.org\/sv\/","logo":{"@type":"ImageObject","inLanguage":"sv-SE","@id":"https:\/\/www.heartfailurematters.org\/sv\/#\/schema\/logo\/image\/","url":"https:\/\/cdn-endpoint-hfm.azureedge.net\/heartfailurematters\/2024\/07\/hfm-logo1.jpg","contentUrl":"https:\/\/cdn-endpoint-hfm.azureedge.net\/heartfailurematters\/2024\/07\/hfm-logo1.jpg","width":1280,"height":720,"caption":"Heart Failure Matters"},"image":{"@id":"https:\/\/www.heartfailurematters.org\/sv\/#\/schema\/logo\/image\/"},"sameAs":["https:\/\/www.facebook.com\/heartfailurematters"]}]}},"_links":{"self":[{"href":"https:\/\/www.heartfailurematters.org\/sv\/wp-json\/wp\/v2\/pages\/2663","targetHints":{"allow":["GET"]}}],"collection":[{"href":"https:\/\/www.heartfailurematters.org\/sv\/wp-json\/wp\/v2\/pages"}],"about":[{"href":"https:\/\/www.heartfailurematters.org\/sv\/wp-json\/wp\/v2\/types\/page"}],"author":[{"embeddable":true,"href":"https:\/\/www.heartfailurematters.org\/sv\/wp-json\/wp\/v2\/users\/1"}],"replies":[{"embeddable":true,"href":"https:\/\/www.heartfailurematters.org\/sv\/wp-json\/wp\/v2\/comments?post=2663"}],"version-history":[{"count":2,"href":"https:\/\/www.heartfailurematters.org\/sv\/wp-json\/wp\/v2\/pages\/2663\/revisions"}],"predecessor-version":[{"id":13975,"href":"https:\/\/www.heartfailurematters.org\/sv\/wp-json\/wp\/v2\/pages\/2663\/revisions\/13975"}],"up":[{"embeddable":true,"href":"https:\/\/www.heartfailurematters.org\/sv\/wp-json\/wp\/v2\/pages\/2685"}],"wp:attachment":[{"href":"https:\/\/www.heartfailurematters.org\/sv\/wp-json\/wp\/v2\/media?parent=2663"}],"wp:term":[{"taxonomy":"category","embeddable":true,"href":"https:\/\/www.heartfailurematters.org\/sv\/wp-json\/wp\/v2\/categories?post=2663"},{"taxonomy":"post_tag","embeddable":true,"href":"https:\/\/www.heartfailurematters.org\/sv\/wp-json\/wp\/v2\/tags?post=2663"}],"curies":[{"name":"wp","href":"https:\/\/api.w.org\/{rel}","templated":true}]}}