{"id":2660,"date":"2021-01-27T22:12:56","date_gmt":"2021-01-27T22:12:56","guid":{"rendered":"http:\/\/heartfailurematters.local:8888\/lakemedel-for-akut-hjartsvikt\/"},"modified":"2021-01-27T22:12:56","modified_gmt":"2021-01-27T22:12:56","slug":"lakemedel-for-akut-hjartsvikt","status":"publish","type":"page","link":"https:\/\/www.heartfailurematters.org\/sv\/vad-din-lakare-eller-sjukskoterska-kan-gora\/lakemedel-for-akut-hjartsvikt\/","title":{"rendered":"L\u00e4kemedel f\u00f6r akut hj\u00e4rtsvikt"},"content":{"rendered":"<h2>S\u00e5 verkar de<\/h2>\n<p>Det finns flera l\u00e4kemedel som anv\u00e4nds f\u00f6r att f\u00f6rb\u00e4ttra det kortsiktiga f\u00f6rloppet av akut hj\u00e4rtsvikt. De kan anv\u00e4ndas under en episod av akut hj\u00e4rtsvikt. De hj\u00e4lper genom att f\u00e5 hj\u00e4rtat att pumpa mer kraftfullt eller genom att utvidga (\u00f6ppna) blodk\u00e4rl och minska arbetsbelastningen.<\/p>\n<p>Akut hj\u00e4rtsvikt k\u00e4nnetecknas av symtom som uppst\u00e5r snabbt, som andn\u00f6d, som kr\u00e4ver omedelbar sjukhusv\u00e5rd.<\/p>\n<p>Behandlingen b\u00f6r ges p\u00e5 sjukhus och detaljerad information om s\u00e5dan behandling ligger utanf\u00f6r ramen f\u00f6r denna webbplats. Men det \u00e4r viktigt att patienter med <a class=\"addtooltip\" title=\"&lt;div id='ToolTipTextWrap'&gt;Kronisk hj\u00e4rtsvikt&lt;\/div&gt;&lt;p&gt; L\u00e5ngvarig hj\u00e4rtsvikt som utvecklas l\u00e5ngsamt \u00f6ver tid och som s\u00e5 sm\u00e5ningom f\u00f6rv\u00e4rras och kr\u00e4ver l\u00e5ngtidsbehandling.&lt;\/p&gt;\"><strong>kronisk hj\u00e4rtsvikt<\/strong><\/a> s\u00f6ker hj\u00e4lp omedelbart n\u00e4r symtomen blir allvarliga och akuta, f\u00f6r att f\u00e5 l\u00e4mplig behandling s\u00e5 snart som m\u00f6jligt.<\/p>\n<p>Dessa l\u00e4kemedel ges vanligen p\u00e5 en intensivv\u00e5rdsavdelning med hj\u00e4lp av kontinuerliga injektioner (dropp eller infusionspump) och patienterna \u00f6vervakas noga.<\/p>\n<h2>Typer av l\u00e4kemedel<\/h2>\n<ul>\n<li><strong>Dobutamin<\/strong><\/li>\n<li><strong>Dopamin<\/strong><\/li>\n<li><\/li>\n<li><\/li>\n<li><strong>Glyceryltrinitrat\/nitroglycerin<br \/> <\/strong><\/li>\n<li><strong>Levosimendan<br \/> <\/strong>(Simdax\u00ae)<\/li>\n<li><\/li>\n<li><strong>Milrinon<\/strong><br \/>(Corotrop\u00ae)<\/li>\n<li><\/li>\n<\/ul>\n<p><a href=\"https:\/\/www.heartfailurematters.org\/sv\/vad-din-lakare-eller-sjukskoterska-kan-gora\/lakemedel-vid-hjartsvikt\/\">\u00c5terg\u00e5 till &#8221;L\u00e4kemedel vid hj\u00e4rtsvikt&#8221;<\/a><\/p>\n","protected":false},"excerpt":{"rendered":"<p>S\u00e5 verkar de Det finns flera l\u00e4kemedel som anv\u00e4nds f\u00f6r att f\u00f6rb\u00e4ttra det kortsiktiga f\u00f6rloppet av akut hj\u00e4rtsvikt. De kan anv\u00e4ndas under en episod av akut hj\u00e4rtsvikt. De hj\u00e4lper genom att f\u00e5 hj\u00e4rtat att pumpa mer kraftfullt eller genom att utvidga (\u00f6ppna) blodk\u00e4rl och minska arbetsbelastningen. Akut hj\u00e4rtsvikt k\u00e4nnetecknas av symtom som uppst\u00e5r snabbt, som [&hellip;]<\/p>\n","protected":false},"author":1,"featured_media":10874,"parent":2685,"menu_order":0,"comment_status":"open","ping_status":"open","template":"","meta":{"_acf_changed":false,"footnotes":""},"categories":[],"tags":[],"class_list":["post-2660","page","type-page","status-publish","has-post-thumbnail","hentry"],"acf":[],"yoast_head":"<!-- This site is optimized with the Yoast SEO plugin v24.8.1 - https:\/\/yoast.com\/wordpress\/plugins\/seo\/ -->\n<title>L\u00e4kemedel f\u00f6r akut hj\u00e4rtsvikt<\/title>\n<meta name=\"description\" content=\"Dessa l\u00e4kemedel f\u00f6rb\u00e4ttrar hj\u00e4rtats funktion p\u00e5 kort sikt. De g\u00f6r det genom att f\u00e5 hj\u00e4rtat att pumpa mer kraftfullt eller genom att utvidga (\u00f6ppna) blodk\u00e4rl och minska arbetsbelastningen.\" \/>\n<meta name=\"robots\" content=\"index, follow, max-snippet:-1, max-image-preview:large, max-video-preview:-1\" \/>\n<link rel=\"canonical\" href=\"https:\/\/www.heartfailurematters.org\/sv\/vad-din-lakare-eller-sjukskoterska-kan-gora\/lakemedel-for-akut-hjartsvikt\/\" \/>\n<meta property=\"og:locale\" content=\"sv_SE\" \/>\n<meta property=\"og:type\" content=\"article\" \/>\n<meta property=\"og:title\" content=\"L\u00e4kemedel f\u00f6r akut hj\u00e4rtsvikt\" \/>\n<meta property=\"og:description\" content=\"Dessa l\u00e4kemedel f\u00f6rb\u00e4ttrar hj\u00e4rtats funktion p\u00e5 kort sikt. De g\u00f6r det genom att f\u00e5 hj\u00e4rtat att pumpa mer kraftfullt eller genom att utvidga (\u00f6ppna) blodk\u00e4rl och minska arbetsbelastningen.\" \/>\n<meta property=\"og:url\" content=\"https:\/\/www.heartfailurematters.org\/sv\/vad-din-lakare-eller-sjukskoterska-kan-gora\/lakemedel-for-akut-hjartsvikt\/\" \/>\n<meta property=\"og:site_name\" content=\"Heart Failure Matters\" \/>\n<meta property=\"article:publisher\" content=\"https:\/\/www.facebook.com\/heartfailurematters\" \/>\n<meta property=\"og:image\" content=\"https:\/\/www.heartfailurematters.org\/wp-content\/uploads\/2022\/03\/shutterstock_441673426-1-min.jpg\" \/>\n\t<meta property=\"og:image:width\" content=\"900\" \/>\n\t<meta property=\"og:image:height\" content=\"596\" \/>\n\t<meta property=\"og:image:type\" content=\"image\/jpeg\" \/>\n<meta name=\"twitter:card\" content=\"summary_large_image\" \/>\n<meta name=\"twitter:label1\" content=\"Ber\u00e4knad l\u00e4stid\" \/>\n\t<meta name=\"twitter:data1\" content=\"1 minut\" \/>\n<script type=\"application\/ld+json\" class=\"yoast-schema-graph\">{\"@context\":\"https:\/\/schema.org\",\"@graph\":[{\"@type\":\"WebPage\",\"@id\":\"https:\/\/www.heartfailurematters.org\/sv\/vad-din-lakare-eller-sjukskoterska-kan-gora\/lakemedel-for-akut-hjartsvikt\/\",\"url\":\"https:\/\/www.heartfailurematters.org\/sv\/vad-din-lakare-eller-sjukskoterska-kan-gora\/lakemedel-for-akut-hjartsvikt\/\",\"name\":\"L\u00e4kemedel f\u00f6r akut hj\u00e4rtsvikt\",\"isPartOf\":{\"@id\":\"https:\/\/www.heartfailurematters.org\/sv\/#website\"},\"primaryImageOfPage\":{\"@id\":\"https:\/\/www.heartfailurematters.org\/sv\/vad-din-lakare-eller-sjukskoterska-kan-gora\/lakemedel-for-akut-hjartsvikt\/#primaryimage\"},\"image\":{\"@id\":\"https:\/\/www.heartfailurematters.org\/sv\/vad-din-lakare-eller-sjukskoterska-kan-gora\/lakemedel-for-akut-hjartsvikt\/#primaryimage\"},\"thumbnailUrl\":\"https:\/\/www.heartfailurematters.org\/wp-content\/uploads\/2022\/03\/shutterstock_441673426-1-min.jpg\",\"datePublished\":\"2021-01-27T22:12:56+00:00\",\"description\":\"Dessa l\u00e4kemedel f\u00f6rb\u00e4ttrar hj\u00e4rtats funktion p\u00e5 kort sikt. De g\u00f6r det genom att f\u00e5 hj\u00e4rtat att pumpa mer kraftfullt eller genom att utvidga (\u00f6ppna) blodk\u00e4rl och minska arbetsbelastningen.\",\"breadcrumb\":{\"@id\":\"https:\/\/www.heartfailurematters.org\/sv\/vad-din-lakare-eller-sjukskoterska-kan-gora\/lakemedel-for-akut-hjartsvikt\/#breadcrumb\"},\"inLanguage\":\"sv-SE\",\"potentialAction\":[{\"@type\":\"ReadAction\",\"target\":[\"https:\/\/www.heartfailurematters.org\/sv\/vad-din-lakare-eller-sjukskoterska-kan-gora\/lakemedel-for-akut-hjartsvikt\/\"]}]},{\"@type\":\"ImageObject\",\"inLanguage\":\"sv-SE\",\"@id\":\"https:\/\/www.heartfailurematters.org\/sv\/vad-din-lakare-eller-sjukskoterska-kan-gora\/lakemedel-for-akut-hjartsvikt\/#primaryimage\",\"url\":\"https:\/\/www.heartfailurematters.org\/wp-content\/uploads\/2022\/03\/shutterstock_441673426-1-min.jpg\",\"contentUrl\":\"https:\/\/www.heartfailurematters.org\/wp-content\/uploads\/2022\/03\/shutterstock_441673426-1-min.jpg\",\"width\":900,\"height\":596},{\"@type\":\"BreadcrumbList\",\"@id\":\"https:\/\/www.heartfailurematters.org\/sv\/vad-din-lakare-eller-sjukskoterska-kan-gora\/lakemedel-for-akut-hjartsvikt\/#breadcrumb\",\"itemListElement\":[{\"@type\":\"ListItem\",\"position\":1,\"name\":\"Hem\",\"item\":\"https:\/\/www.heartfailurematters.org\/sv\/\"},{\"@type\":\"ListItem\",\"position\":2,\"name\":\"Vad din l\u00e4kare kan g\u00f6ra\",\"item\":\"https:\/\/www.heartfailurematters.org\/sv\/vad-din-lakare-eller-sjukskoterska-kan-gora\/\"},{\"@type\":\"ListItem\",\"position\":3,\"name\":\"L\u00e4kemedel f\u00f6r akut hj\u00e4rtsvikt\"}]},{\"@type\":\"WebSite\",\"@id\":\"https:\/\/www.heartfailurematters.org\/sv\/#website\",\"url\":\"https:\/\/www.heartfailurematters.org\/sv\/\",\"name\":\"Heart Failure Matters\",\"description\":\"Practical information for patients, families and caregivers.\",\"publisher\":{\"@id\":\"https:\/\/www.heartfailurematters.org\/sv\/#organization\"},\"potentialAction\":[{\"@type\":\"SearchAction\",\"target\":{\"@type\":\"EntryPoint\",\"urlTemplate\":\"https:\/\/www.heartfailurematters.org\/sv\/?s={search_term_string}\"},\"query-input\":{\"@type\":\"PropertyValueSpecification\",\"valueRequired\":true,\"valueName\":\"search_term_string\"}}],\"inLanguage\":\"sv-SE\"},{\"@type\":\"Organization\",\"@id\":\"https:\/\/www.heartfailurematters.org\/sv\/#organization\",\"name\":\"Heart Failure Matters\",\"url\":\"https:\/\/www.heartfailurematters.org\/sv\/\",\"logo\":{\"@type\":\"ImageObject\",\"inLanguage\":\"sv-SE\",\"@id\":\"https:\/\/www.heartfailurematters.org\/sv\/#\/schema\/logo\/image\/\",\"url\":\"https:\/\/cdn-endpoint-hfm.azureedge.net\/heartfailurematters\/2024\/07\/hfm-logo1.jpg\",\"contentUrl\":\"https:\/\/cdn-endpoint-hfm.azureedge.net\/heartfailurematters\/2024\/07\/hfm-logo1.jpg\",\"width\":1280,\"height\":720,\"caption\":\"Heart Failure Matters\"},\"image\":{\"@id\":\"https:\/\/www.heartfailurematters.org\/sv\/#\/schema\/logo\/image\/\"},\"sameAs\":[\"https:\/\/www.facebook.com\/heartfailurematters\"]}]}<\/script>\n<!-- \/ Yoast SEO plugin. -->","yoast_head_json":{"title":"L\u00e4kemedel f\u00f6r akut hj\u00e4rtsvikt","description":"Dessa l\u00e4kemedel f\u00f6rb\u00e4ttrar hj\u00e4rtats funktion p\u00e5 kort sikt. De g\u00f6r det genom att f\u00e5 hj\u00e4rtat att pumpa mer kraftfullt eller genom att utvidga (\u00f6ppna) blodk\u00e4rl och minska arbetsbelastningen.","robots":{"index":"index","follow":"follow","max-snippet":"max-snippet:-1","max-image-preview":"max-image-preview:large","max-video-preview":"max-video-preview:-1"},"canonical":"https:\/\/www.heartfailurematters.org\/sv\/vad-din-lakare-eller-sjukskoterska-kan-gora\/lakemedel-for-akut-hjartsvikt\/","og_locale":"sv_SE","og_type":"article","og_title":"L\u00e4kemedel f\u00f6r akut hj\u00e4rtsvikt","og_description":"Dessa l\u00e4kemedel f\u00f6rb\u00e4ttrar hj\u00e4rtats funktion p\u00e5 kort sikt. De g\u00f6r det genom att f\u00e5 hj\u00e4rtat att pumpa mer kraftfullt eller genom att utvidga (\u00f6ppna) blodk\u00e4rl och minska arbetsbelastningen.","og_url":"https:\/\/www.heartfailurematters.org\/sv\/vad-din-lakare-eller-sjukskoterska-kan-gora\/lakemedel-for-akut-hjartsvikt\/","og_site_name":"Heart Failure Matters","article_publisher":"https:\/\/www.facebook.com\/heartfailurematters","og_image":[{"width":900,"height":596,"url":"https:\/\/www.heartfailurematters.org\/wp-content\/uploads\/2022\/03\/shutterstock_441673426-1-min.jpg","type":"image\/jpeg"}],"twitter_card":"summary_large_image","twitter_misc":{"Ber\u00e4knad l\u00e4stid":"1 minut"},"schema":{"@context":"https:\/\/schema.org","@graph":[{"@type":"WebPage","@id":"https:\/\/www.heartfailurematters.org\/sv\/vad-din-lakare-eller-sjukskoterska-kan-gora\/lakemedel-for-akut-hjartsvikt\/","url":"https:\/\/www.heartfailurematters.org\/sv\/vad-din-lakare-eller-sjukskoterska-kan-gora\/lakemedel-for-akut-hjartsvikt\/","name":"L\u00e4kemedel f\u00f6r akut hj\u00e4rtsvikt","isPartOf":{"@id":"https:\/\/www.heartfailurematters.org\/sv\/#website"},"primaryImageOfPage":{"@id":"https:\/\/www.heartfailurematters.org\/sv\/vad-din-lakare-eller-sjukskoterska-kan-gora\/lakemedel-for-akut-hjartsvikt\/#primaryimage"},"image":{"@id":"https:\/\/www.heartfailurematters.org\/sv\/vad-din-lakare-eller-sjukskoterska-kan-gora\/lakemedel-for-akut-hjartsvikt\/#primaryimage"},"thumbnailUrl":"https:\/\/www.heartfailurematters.org\/wp-content\/uploads\/2022\/03\/shutterstock_441673426-1-min.jpg","datePublished":"2021-01-27T22:12:56+00:00","description":"Dessa l\u00e4kemedel f\u00f6rb\u00e4ttrar hj\u00e4rtats funktion p\u00e5 kort sikt. De g\u00f6r det genom att f\u00e5 hj\u00e4rtat att pumpa mer kraftfullt eller genom att utvidga (\u00f6ppna) blodk\u00e4rl och minska arbetsbelastningen.","breadcrumb":{"@id":"https:\/\/www.heartfailurematters.org\/sv\/vad-din-lakare-eller-sjukskoterska-kan-gora\/lakemedel-for-akut-hjartsvikt\/#breadcrumb"},"inLanguage":"sv-SE","potentialAction":[{"@type":"ReadAction","target":["https:\/\/www.heartfailurematters.org\/sv\/vad-din-lakare-eller-sjukskoterska-kan-gora\/lakemedel-for-akut-hjartsvikt\/"]}]},{"@type":"ImageObject","inLanguage":"sv-SE","@id":"https:\/\/www.heartfailurematters.org\/sv\/vad-din-lakare-eller-sjukskoterska-kan-gora\/lakemedel-for-akut-hjartsvikt\/#primaryimage","url":"https:\/\/www.heartfailurematters.org\/wp-content\/uploads\/2022\/03\/shutterstock_441673426-1-min.jpg","contentUrl":"https:\/\/www.heartfailurematters.org\/wp-content\/uploads\/2022\/03\/shutterstock_441673426-1-min.jpg","width":900,"height":596},{"@type":"BreadcrumbList","@id":"https:\/\/www.heartfailurematters.org\/sv\/vad-din-lakare-eller-sjukskoterska-kan-gora\/lakemedel-for-akut-hjartsvikt\/#breadcrumb","itemListElement":[{"@type":"ListItem","position":1,"name":"Hem","item":"https:\/\/www.heartfailurematters.org\/sv\/"},{"@type":"ListItem","position":2,"name":"Vad din l\u00e4kare kan g\u00f6ra","item":"https:\/\/www.heartfailurematters.org\/sv\/vad-din-lakare-eller-sjukskoterska-kan-gora\/"},{"@type":"ListItem","position":3,"name":"L\u00e4kemedel f\u00f6r akut hj\u00e4rtsvikt"}]},{"@type":"WebSite","@id":"https:\/\/www.heartfailurematters.org\/sv\/#website","url":"https:\/\/www.heartfailurematters.org\/sv\/","name":"Heart Failure Matters","description":"Practical information for patients, families and caregivers.","publisher":{"@id":"https:\/\/www.heartfailurematters.org\/sv\/#organization"},"potentialAction":[{"@type":"SearchAction","target":{"@type":"EntryPoint","urlTemplate":"https:\/\/www.heartfailurematters.org\/sv\/?s={search_term_string}"},"query-input":{"@type":"PropertyValueSpecification","valueRequired":true,"valueName":"search_term_string"}}],"inLanguage":"sv-SE"},{"@type":"Organization","@id":"https:\/\/www.heartfailurematters.org\/sv\/#organization","name":"Heart Failure Matters","url":"https:\/\/www.heartfailurematters.org\/sv\/","logo":{"@type":"ImageObject","inLanguage":"sv-SE","@id":"https:\/\/www.heartfailurematters.org\/sv\/#\/schema\/logo\/image\/","url":"https:\/\/cdn-endpoint-hfm.azureedge.net\/heartfailurematters\/2024\/07\/hfm-logo1.jpg","contentUrl":"https:\/\/cdn-endpoint-hfm.azureedge.net\/heartfailurematters\/2024\/07\/hfm-logo1.jpg","width":1280,"height":720,"caption":"Heart Failure Matters"},"image":{"@id":"https:\/\/www.heartfailurematters.org\/sv\/#\/schema\/logo\/image\/"},"sameAs":["https:\/\/www.facebook.com\/heartfailurematters"]}]}},"_links":{"self":[{"href":"https:\/\/www.heartfailurematters.org\/sv\/wp-json\/wp\/v2\/pages\/2660","targetHints":{"allow":["GET"]}}],"collection":[{"href":"https:\/\/www.heartfailurematters.org\/sv\/wp-json\/wp\/v2\/pages"}],"about":[{"href":"https:\/\/www.heartfailurematters.org\/sv\/wp-json\/wp\/v2\/types\/page"}],"author":[{"embeddable":true,"href":"https:\/\/www.heartfailurematters.org\/sv\/wp-json\/wp\/v2\/users\/1"}],"replies":[{"embeddable":true,"href":"https:\/\/www.heartfailurematters.org\/sv\/wp-json\/wp\/v2\/comments?post=2660"}],"version-history":[{"count":0,"href":"https:\/\/www.heartfailurematters.org\/sv\/wp-json\/wp\/v2\/pages\/2660\/revisions"}],"up":[{"embeddable":true,"href":"https:\/\/www.heartfailurematters.org\/sv\/wp-json\/wp\/v2\/pages\/2685"}],"wp:featuredmedia":[{"embeddable":true,"href":"https:\/\/www.heartfailurematters.org\/sv\/wp-json\/wp\/v2\/media\/10874"}],"wp:attachment":[{"href":"https:\/\/www.heartfailurematters.org\/sv\/wp-json\/wp\/v2\/media?parent=2660"}],"wp:term":[{"taxonomy":"category","embeddable":true,"href":"https:\/\/www.heartfailurematters.org\/sv\/wp-json\/wp\/v2\/categories?post=2660"},{"taxonomy":"post_tag","embeddable":true,"href":"https:\/\/www.heartfailurematters.org\/sv\/wp-json\/wp\/v2\/tags?post=2660"}],"curies":[{"name":"wp","href":"https:\/\/api.w.org\/{rel}","templated":true}]}}