{"id":2657,"date":"2021-01-27T22:12:56","date_gmt":"2021-01-27T22:12:56","guid":{"rendered":"http:\/\/heartfailurematters.local:8888\/magnetisk-resonanstomografi-av-hjartat\/"},"modified":"2021-07-19T10:34:16","modified_gmt":"2021-07-19T09:34:16","slug":"magnetisk-resonanstomografi-av-hjartat","status":"publish","type":"page","link":"https:\/\/www.heartfailurematters.org\/sv\/att-forsta-hjartsvikt\/magnetisk-resonanstomografi-av-hjartat\/","title":{"rendered":"Magnetisk resonanstomografi av hj\u00e4rtat"},"content":{"rendered":"<p>En <a class=\"addtooltip\" title=\"&lt;div id='ToolTipTextWrap'&gt;Magnetisk resonanstomografi av hj\u00e4rtat&lt;\/div&gt;&lt;p&gt; En typ av hj\u00e4rtavbildning med ett kraftfullt magnetiskt f\u00e4lt som ger mycket detaljerade bilder av hj\u00e4rtat&lt;\/p&gt;\"><strong>magnetisk resonanstomografi av hj\u00e4rtat<\/strong><\/a> g\u00f6rs i samma maskin som en vanlig <a class=\"addtooltip\" title=\"&lt;div id='ToolTipTextWrap'&gt;Magnetisk resonanstomografi (MRI)&lt;\/div&gt;&lt;p&gt; Ett test d\u00e4r magnetiska v\u00e5gor och radiov\u00e5gor anv\u00e4nds f\u00f6r att ta detaljerade bilder av insidan av en persons kropp.&lt;\/p&gt;\"><strong>MRI-skanning<\/strong><\/a>\u00a0, men tar bara bilder av br\u00f6stet.<\/p>\n<p>Vid magnetisk resonanstomografi anv\u00e4nds magnetf\u00e4lt och radiov\u00e5gor f\u00f6r att ta bilder av kroppens insida.<\/p>\n<p>Du f\u00e5r ligga inuti en kort tunnel, som rymmer en speciell magnet. Korta laddningar av magnetf\u00e4lt och radiov\u00e5gor s\u00e4nds genom kroppen. Det tar ungef\u00e4r 30 till 45 minuter och du m\u00e5ste ligga helt still. Maskinen kan ge ifr\u00e5n sig ett dunkande ljud medan den skannar och det kan upplevas som obehagligt av vissa personer. Men skanningen \u00e4r helt sm\u00e4rtfri och ofarlig eftersom ingen str\u00e5lning anv\u00e4nds.<\/p>\n<p>Bilderna av strukturen p\u00e5 ditt hj\u00e4rta och blodk\u00e4rl \u00e4r mycket detaljerade. Magnetisk resonanstomografi av hj\u00e4rtat kan ocks\u00e5 m\u00e4ta blodfl\u00f6det genom hj\u00e4rtat och vissa av dina stora art\u00e4rer.<\/p>\n<p>Genom skanningen kan din l\u00e4kare se om ditt hj\u00e4rta inte fungerar som det ska och hitta eventuella problem relaterade till strukturen i ditt hj\u00e4rta.<\/p>\n<p><a href=\"https:\/\/www.heartfailurematters.org\/sv\/att-forsta-hjartsvikt\/vanliga-hjartsviktsundersokningar\/\">\u00c5terg\u00e5 till &#8221;Vanliga hj\u00e4rtsviktstester&#8221;<\/a><\/p>\n","protected":false},"excerpt":{"rendered":"<p>En magnetisk resonanstomografi av hj\u00e4rtat g\u00f6rs i samma maskin som en vanlig MRI-skanning\u00a0, men tar bara bilder av br\u00f6stet. Vid magnetisk resonanstomografi anv\u00e4nds magnetf\u00e4lt och radiov\u00e5gor f\u00f6r att ta bilder av kroppens insida. Du f\u00e5r ligga inuti en kort tunnel, som rymmer en speciell magnet. Korta laddningar av magnetf\u00e4lt och radiov\u00e5gor s\u00e4nds genom kroppen. Det [&hellip;]<\/p>\n","protected":false},"author":1,"featured_media":10682,"parent":2421,"menu_order":0,"comment_status":"open","ping_status":"open","template":"","meta":{"_acf_changed":false,"footnotes":""},"categories":[],"tags":[],"class_list":["post-2657","page","type-page","status-publish","has-post-thumbnail","hentry"],"acf":[],"yoast_head":"<!-- This site is optimized with the Yoast SEO plugin v24.8.1 - https:\/\/yoast.com\/wordpress\/plugins\/seo\/ -->\n<title>Magnetisk resonanstomografi av hj\u00e4rtat f\u00f6r hj\u00e4rtsvikt<\/title>\n<meta name=\"description\" content=\"En magnetisk resonanstomografi av hj\u00e4rtat g\u00f6rs i samma maskin som en vanlig magnetisk resonanstomografi, men tar bara bilder av br\u00f6stet. Vid magnetisk resonanstomografi anv\u00e4nds magnetf\u00e4lt och radiov\u00e5gor f\u00f6r att ta bilder av kroppens insida.\" \/>\n<meta name=\"robots\" content=\"index, follow, max-snippet:-1, max-image-preview:large, max-video-preview:-1\" \/>\n<link rel=\"canonical\" href=\"https:\/\/www.heartfailurematters.org\/sv\/att-forsta-hjartsvikt\/magnetisk-resonanstomografi-av-hjartat\/\" \/>\n<meta property=\"og:locale\" content=\"sv_SE\" \/>\n<meta property=\"og:type\" content=\"article\" \/>\n<meta property=\"og:title\" content=\"Magnetisk resonanstomografi av hj\u00e4rtat f\u00f6r hj\u00e4rtsvikt\" \/>\n<meta property=\"og:description\" content=\"En magnetisk resonanstomografi av hj\u00e4rtat g\u00f6rs i samma maskin som en vanlig magnetisk resonanstomografi, men tar bara bilder av br\u00f6stet. Vid magnetisk resonanstomografi anv\u00e4nds magnetf\u00e4lt och radiov\u00e5gor f\u00f6r att ta bilder av kroppens insida.\" \/>\n<meta property=\"og:url\" content=\"https:\/\/www.heartfailurematters.org\/sv\/att-forsta-hjartsvikt\/magnetisk-resonanstomografi-av-hjartat\/\" \/>\n<meta property=\"og:site_name\" content=\"Heart Failure Matters\" \/>\n<meta property=\"article:publisher\" content=\"https:\/\/www.facebook.com\/heartfailurematters\" \/>\n<meta property=\"article:modified_time\" content=\"2021-07-19T09:34:16+00:00\" \/>\n<meta property=\"og:image\" content=\"https:\/\/www.heartfailurematters.org\/wp-content\/uploads\/2022\/02\/shutterstock_1927970642-1-min.jpg\" \/>\n\t<meta property=\"og:image:width\" content=\"900\" \/>\n\t<meta property=\"og:image:height\" content=\"600\" \/>\n\t<meta property=\"og:image:type\" content=\"image\/jpeg\" \/>\n<meta name=\"twitter:card\" content=\"summary_large_image\" \/>\n<meta name=\"twitter:label1\" content=\"Ber\u00e4knad l\u00e4stid\" \/>\n\t<meta name=\"twitter:data1\" content=\"1 minut\" \/>\n<script type=\"application\/ld+json\" class=\"yoast-schema-graph\">{\"@context\":\"https:\/\/schema.org\",\"@graph\":[{\"@type\":\"WebPage\",\"@id\":\"https:\/\/www.heartfailurematters.org\/sv\/att-forsta-hjartsvikt\/magnetisk-resonanstomografi-av-hjartat\/\",\"url\":\"https:\/\/www.heartfailurematters.org\/sv\/att-forsta-hjartsvikt\/magnetisk-resonanstomografi-av-hjartat\/\",\"name\":\"Magnetisk resonanstomografi av hj\u00e4rtat f\u00f6r hj\u00e4rtsvikt\",\"isPartOf\":{\"@id\":\"https:\/\/www.heartfailurematters.org\/sv\/#website\"},\"primaryImageOfPage\":{\"@id\":\"https:\/\/www.heartfailurematters.org\/sv\/att-forsta-hjartsvikt\/magnetisk-resonanstomografi-av-hjartat\/#primaryimage\"},\"image\":{\"@id\":\"https:\/\/www.heartfailurematters.org\/sv\/att-forsta-hjartsvikt\/magnetisk-resonanstomografi-av-hjartat\/#primaryimage\"},\"thumbnailUrl\":\"https:\/\/www.heartfailurematters.org\/wp-content\/uploads\/2022\/02\/shutterstock_1927970642-1-min.jpg\",\"datePublished\":\"2021-01-27T22:12:56+00:00\",\"dateModified\":\"2021-07-19T09:34:16+00:00\",\"description\":\"En magnetisk resonanstomografi av hj\u00e4rtat g\u00f6rs i samma maskin som en vanlig magnetisk resonanstomografi, men tar bara bilder av br\u00f6stet. Vid magnetisk resonanstomografi anv\u00e4nds magnetf\u00e4lt och radiov\u00e5gor f\u00f6r att ta bilder av kroppens insida.\",\"breadcrumb\":{\"@id\":\"https:\/\/www.heartfailurematters.org\/sv\/att-forsta-hjartsvikt\/magnetisk-resonanstomografi-av-hjartat\/#breadcrumb\"},\"inLanguage\":\"sv-SE\",\"potentialAction\":[{\"@type\":\"ReadAction\",\"target\":[\"https:\/\/www.heartfailurematters.org\/sv\/att-forsta-hjartsvikt\/magnetisk-resonanstomografi-av-hjartat\/\"]}]},{\"@type\":\"ImageObject\",\"inLanguage\":\"sv-SE\",\"@id\":\"https:\/\/www.heartfailurematters.org\/sv\/att-forsta-hjartsvikt\/magnetisk-resonanstomografi-av-hjartat\/#primaryimage\",\"url\":\"https:\/\/www.heartfailurematters.org\/wp-content\/uploads\/2022\/02\/shutterstock_1927970642-1-min.jpg\",\"contentUrl\":\"https:\/\/www.heartfailurematters.org\/wp-content\/uploads\/2022\/02\/shutterstock_1927970642-1-min.jpg\",\"width\":900,\"height\":600},{\"@type\":\"BreadcrumbList\",\"@id\":\"https:\/\/www.heartfailurematters.org\/sv\/att-forsta-hjartsvikt\/magnetisk-resonanstomografi-av-hjartat\/#breadcrumb\",\"itemListElement\":[{\"@type\":\"ListItem\",\"position\":1,\"name\":\"Hem\",\"item\":\"https:\/\/www.heartfailurematters.org\/sv\/\"},{\"@type\":\"ListItem\",\"position\":2,\"name\":\"Att f\u00f6rst\u00e5 hj\u00e4rtsvikt\",\"item\":\"https:\/\/www.heartfailurematters.org\/sv\/att-forsta-hjartsvikt\/\"},{\"@type\":\"ListItem\",\"position\":3,\"name\":\"Magnetisk resonanstomografi av hj\u00e4rtat\"}]},{\"@type\":\"WebSite\",\"@id\":\"https:\/\/www.heartfailurematters.org\/sv\/#website\",\"url\":\"https:\/\/www.heartfailurematters.org\/sv\/\",\"name\":\"Heart Failure Matters\",\"description\":\"Practical information for patients, families and caregivers.\",\"publisher\":{\"@id\":\"https:\/\/www.heartfailurematters.org\/sv\/#organization\"},\"potentialAction\":[{\"@type\":\"SearchAction\",\"target\":{\"@type\":\"EntryPoint\",\"urlTemplate\":\"https:\/\/www.heartfailurematters.org\/sv\/?s={search_term_string}\"},\"query-input\":{\"@type\":\"PropertyValueSpecification\",\"valueRequired\":true,\"valueName\":\"search_term_string\"}}],\"inLanguage\":\"sv-SE\"},{\"@type\":\"Organization\",\"@id\":\"https:\/\/www.heartfailurematters.org\/sv\/#organization\",\"name\":\"Heart Failure Matters\",\"url\":\"https:\/\/www.heartfailurematters.org\/sv\/\",\"logo\":{\"@type\":\"ImageObject\",\"inLanguage\":\"sv-SE\",\"@id\":\"https:\/\/www.heartfailurematters.org\/sv\/#\/schema\/logo\/image\/\",\"url\":\"https:\/\/cdn-endpoint-hfm.azureedge.net\/heartfailurematters\/2024\/07\/hfm-logo1.jpg\",\"contentUrl\":\"https:\/\/cdn-endpoint-hfm.azureedge.net\/heartfailurematters\/2024\/07\/hfm-logo1.jpg\",\"width\":1280,\"height\":720,\"caption\":\"Heart Failure Matters\"},\"image\":{\"@id\":\"https:\/\/www.heartfailurematters.org\/sv\/#\/schema\/logo\/image\/\"},\"sameAs\":[\"https:\/\/www.facebook.com\/heartfailurematters\"]}]}<\/script>\n<!-- \/ Yoast SEO plugin. -->","yoast_head_json":{"title":"Magnetisk resonanstomografi av hj\u00e4rtat f\u00f6r hj\u00e4rtsvikt","description":"En magnetisk resonanstomografi av hj\u00e4rtat g\u00f6rs i samma maskin som en vanlig magnetisk resonanstomografi, men tar bara bilder av br\u00f6stet. Vid magnetisk resonanstomografi anv\u00e4nds magnetf\u00e4lt och radiov\u00e5gor f\u00f6r att ta bilder av kroppens insida.","robots":{"index":"index","follow":"follow","max-snippet":"max-snippet:-1","max-image-preview":"max-image-preview:large","max-video-preview":"max-video-preview:-1"},"canonical":"https:\/\/www.heartfailurematters.org\/sv\/att-forsta-hjartsvikt\/magnetisk-resonanstomografi-av-hjartat\/","og_locale":"sv_SE","og_type":"article","og_title":"Magnetisk resonanstomografi av hj\u00e4rtat f\u00f6r hj\u00e4rtsvikt","og_description":"En magnetisk resonanstomografi av hj\u00e4rtat g\u00f6rs i samma maskin som en vanlig magnetisk resonanstomografi, men tar bara bilder av br\u00f6stet. Vid magnetisk resonanstomografi anv\u00e4nds magnetf\u00e4lt och radiov\u00e5gor f\u00f6r att ta bilder av kroppens insida.","og_url":"https:\/\/www.heartfailurematters.org\/sv\/att-forsta-hjartsvikt\/magnetisk-resonanstomografi-av-hjartat\/","og_site_name":"Heart Failure Matters","article_publisher":"https:\/\/www.facebook.com\/heartfailurematters","article_modified_time":"2021-07-19T09:34:16+00:00","og_image":[{"width":900,"height":600,"url":"https:\/\/www.heartfailurematters.org\/wp-content\/uploads\/2022\/02\/shutterstock_1927970642-1-min.jpg","type":"image\/jpeg"}],"twitter_card":"summary_large_image","twitter_misc":{"Ber\u00e4knad l\u00e4stid":"1 minut"},"schema":{"@context":"https:\/\/schema.org","@graph":[{"@type":"WebPage","@id":"https:\/\/www.heartfailurematters.org\/sv\/att-forsta-hjartsvikt\/magnetisk-resonanstomografi-av-hjartat\/","url":"https:\/\/www.heartfailurematters.org\/sv\/att-forsta-hjartsvikt\/magnetisk-resonanstomografi-av-hjartat\/","name":"Magnetisk resonanstomografi av hj\u00e4rtat f\u00f6r hj\u00e4rtsvikt","isPartOf":{"@id":"https:\/\/www.heartfailurematters.org\/sv\/#website"},"primaryImageOfPage":{"@id":"https:\/\/www.heartfailurematters.org\/sv\/att-forsta-hjartsvikt\/magnetisk-resonanstomografi-av-hjartat\/#primaryimage"},"image":{"@id":"https:\/\/www.heartfailurematters.org\/sv\/att-forsta-hjartsvikt\/magnetisk-resonanstomografi-av-hjartat\/#primaryimage"},"thumbnailUrl":"https:\/\/www.heartfailurematters.org\/wp-content\/uploads\/2022\/02\/shutterstock_1927970642-1-min.jpg","datePublished":"2021-01-27T22:12:56+00:00","dateModified":"2021-07-19T09:34:16+00:00","description":"En magnetisk resonanstomografi av hj\u00e4rtat g\u00f6rs i samma maskin som en vanlig magnetisk resonanstomografi, men tar bara bilder av br\u00f6stet. Vid magnetisk resonanstomografi anv\u00e4nds magnetf\u00e4lt och radiov\u00e5gor f\u00f6r att ta bilder av kroppens insida.","breadcrumb":{"@id":"https:\/\/www.heartfailurematters.org\/sv\/att-forsta-hjartsvikt\/magnetisk-resonanstomografi-av-hjartat\/#breadcrumb"},"inLanguage":"sv-SE","potentialAction":[{"@type":"ReadAction","target":["https:\/\/www.heartfailurematters.org\/sv\/att-forsta-hjartsvikt\/magnetisk-resonanstomografi-av-hjartat\/"]}]},{"@type":"ImageObject","inLanguage":"sv-SE","@id":"https:\/\/www.heartfailurematters.org\/sv\/att-forsta-hjartsvikt\/magnetisk-resonanstomografi-av-hjartat\/#primaryimage","url":"https:\/\/www.heartfailurematters.org\/wp-content\/uploads\/2022\/02\/shutterstock_1927970642-1-min.jpg","contentUrl":"https:\/\/www.heartfailurematters.org\/wp-content\/uploads\/2022\/02\/shutterstock_1927970642-1-min.jpg","width":900,"height":600},{"@type":"BreadcrumbList","@id":"https:\/\/www.heartfailurematters.org\/sv\/att-forsta-hjartsvikt\/magnetisk-resonanstomografi-av-hjartat\/#breadcrumb","itemListElement":[{"@type":"ListItem","position":1,"name":"Hem","item":"https:\/\/www.heartfailurematters.org\/sv\/"},{"@type":"ListItem","position":2,"name":"Att f\u00f6rst\u00e5 hj\u00e4rtsvikt","item":"https:\/\/www.heartfailurematters.org\/sv\/att-forsta-hjartsvikt\/"},{"@type":"ListItem","position":3,"name":"Magnetisk resonanstomografi av hj\u00e4rtat"}]},{"@type":"WebSite","@id":"https:\/\/www.heartfailurematters.org\/sv\/#website","url":"https:\/\/www.heartfailurematters.org\/sv\/","name":"Heart Failure Matters","description":"Practical information for patients, families and caregivers.","publisher":{"@id":"https:\/\/www.heartfailurematters.org\/sv\/#organization"},"potentialAction":[{"@type":"SearchAction","target":{"@type":"EntryPoint","urlTemplate":"https:\/\/www.heartfailurematters.org\/sv\/?s={search_term_string}"},"query-input":{"@type":"PropertyValueSpecification","valueRequired":true,"valueName":"search_term_string"}}],"inLanguage":"sv-SE"},{"@type":"Organization","@id":"https:\/\/www.heartfailurematters.org\/sv\/#organization","name":"Heart Failure Matters","url":"https:\/\/www.heartfailurematters.org\/sv\/","logo":{"@type":"ImageObject","inLanguage":"sv-SE","@id":"https:\/\/www.heartfailurematters.org\/sv\/#\/schema\/logo\/image\/","url":"https:\/\/cdn-endpoint-hfm.azureedge.net\/heartfailurematters\/2024\/07\/hfm-logo1.jpg","contentUrl":"https:\/\/cdn-endpoint-hfm.azureedge.net\/heartfailurematters\/2024\/07\/hfm-logo1.jpg","width":1280,"height":720,"caption":"Heart Failure Matters"},"image":{"@id":"https:\/\/www.heartfailurematters.org\/sv\/#\/schema\/logo\/image\/"},"sameAs":["https:\/\/www.facebook.com\/heartfailurematters"]}]}},"_links":{"self":[{"href":"https:\/\/www.heartfailurematters.org\/sv\/wp-json\/wp\/v2\/pages\/2657","targetHints":{"allow":["GET"]}}],"collection":[{"href":"https:\/\/www.heartfailurematters.org\/sv\/wp-json\/wp\/v2\/pages"}],"about":[{"href":"https:\/\/www.heartfailurematters.org\/sv\/wp-json\/wp\/v2\/types\/page"}],"author":[{"embeddable":true,"href":"https:\/\/www.heartfailurematters.org\/sv\/wp-json\/wp\/v2\/users\/1"}],"replies":[{"embeddable":true,"href":"https:\/\/www.heartfailurematters.org\/sv\/wp-json\/wp\/v2\/comments?post=2657"}],"version-history":[{"count":1,"href":"https:\/\/www.heartfailurematters.org\/sv\/wp-json\/wp\/v2\/pages\/2657\/revisions"}],"predecessor-version":[{"id":9495,"href":"https:\/\/www.heartfailurematters.org\/sv\/wp-json\/wp\/v2\/pages\/2657\/revisions\/9495"}],"up":[{"embeddable":true,"href":"https:\/\/www.heartfailurematters.org\/sv\/wp-json\/wp\/v2\/pages\/2421"}],"wp:featuredmedia":[{"embeddable":true,"href":"https:\/\/www.heartfailurematters.org\/sv\/wp-json\/wp\/v2\/media\/10682"}],"wp:attachment":[{"href":"https:\/\/www.heartfailurematters.org\/sv\/wp-json\/wp\/v2\/media?parent=2657"}],"wp:term":[{"taxonomy":"category","embeddable":true,"href":"https:\/\/www.heartfailurematters.org\/sv\/wp-json\/wp\/v2\/categories?post=2657"},{"taxonomy":"post_tag","embeddable":true,"href":"https:\/\/www.heartfailurematters.org\/sv\/wp-json\/wp\/v2\/tags?post=2657"}],"curies":[{"name":"wp","href":"https:\/\/api.w.org\/{rel}","templated":true}]}}