{"id":2656,"date":"2021-01-27T22:12:56","date_gmt":"2021-01-27T22:12:56","guid":{"rendered":"http:\/\/heartfailurematters.local:8888\/hosta-eller-pipande-eller-vasande-andning\/"},"modified":"2022-01-19T12:01:56","modified_gmt":"2022-01-19T12:01:56","slug":"hosta-eller-pipande-eller-vasande-andning","status":"publish","type":"page","link":"https:\/\/www.heartfailurematters.org\/sv\/att-forsta-hjartsvikt\/hosta-eller-pipande-eller-vasande-andning\/","title":{"rendered":"Hosta eller v\u00e4sande andetag"},"content":{"rendered":"<p><img decoding=\"async\" class=\"size-full wp-image-6472 alignleft\" src=\"https:\/\/cdn-endpoint-hfm.azureedge.net\/heartfailurematters\/2021\/02\/coughing-wheezing.jpg\" alt=\"\" width=\"211\" height=\"206\" \/>F\u00f6rutom andf\u00e5ddhet kan en del m\u00e4nniskor med hj\u00e4rtsvikt utveckla Hosta eller v\u00e4sande andetag.\u00a0Det beror vanligtvis p\u00e5 <a class=\"addtooltip\" title=\"&lt;div id='ToolTipTextWrap'&gt;Blodstockning&lt;\/div&gt;&lt;p&gt; N\u00e4r det finns f\u00f6r mycket v\u00e4tska i blodet som cirkulerar runt i kroppen och blodstockning, stiger trycket i blodk\u00e4rlen. V\u00e4tska l\u00e4cker d\u00e5 ut i de omgivande v\u00e4vnaderna, d\u00e4r den samlas och leder till \u00f6dem.&lt;\/p&gt;\"><strong>blodstockning<\/strong><\/a> i lungorna, men kan ocks\u00e5 orsakas av lungsjukdomar (s\u00e5som <a class=\"addtooltip\" title=\"&lt;div id='ToolTipTextWrap'&gt;Kronisk obstruktiv lungsjukdom (KOL)&lt;\/div&gt;&lt;p&gt;En lungsjukdom som vanligtvis orsakas av r\u00f6kning och d\u00e4r luftr\u00f6ren i lungorna \u00e4r delvis blockerade (ihoptr\u00e4ngda), vilket g\u00f6r det sv\u00e5rt att andas.&lt;\/p&gt;\"><strong>kronisk obstruktiv lungsjukdom (KOL)<\/strong><\/a> och <a class=\"addtooltip\" title=\"&lt;div id='ToolTipTextWrap'&gt; Astma&lt;\/div&gt;&lt;p&gt; En sjukdom i luftv\u00e4garna som orsakar f\u00f6rtr\u00e4ngning av luftr\u00f6ren i lungorna, vilket g\u00f6r det s\u00e4rskilt sv\u00e5rt att andas ut.&lt;\/p&gt;\"><strong>astma<\/strong><\/a>).<\/p>\n<p>&nbsp;<\/p>\n<p>Om du har hosta eller pipande andning blir det, p\u00e5 samma s\u00e4tt som vid andn\u00f6d, mer bekv\u00e4mt om du st\u00f6ttar upp dig med kuddar eller sitter upp.<\/p>\n<p>&nbsp;<\/p>\n<table border=\"1\" width=\"100%\" cellspacing=\"0\" cellpadding=\"0\">\n<tbody>\n<tr>\n<td style=\"width: 30%;\">\n<h2>Animation<\/h2>\n<\/td>\n<td style=\"text-align: left; vertical-align: middle; width: 70%;\"><\/td>\n<\/tr>\n<tr>\n<td style=\"width: 30%;\"><a class=\"lightview\" href=\"https:\/\/www.youtube.com\/embed\/oabn2cWylIA?hl=sv_SE&amp;autoplay=1;&amp;version=3&amp;rel=0&amp;showinfo=0\" data-lightview-options=\"width: 620, height: 450\" data-lightview-title=\"How heart failure causes fluid accumulation\" data-lightview-caption=\"The animation below shows how heart failure can lead to fluid accumulation in the body, affecting appetite and weight gain and leading to swolling legs and ankles.\"><img decoding=\"async\" class=\"alignnone size-full wp-image-5047\" src=\"https:\/\/cdn-endpoint-hfm.azureedge.net\/heartfailurematters\/2021\/02\/04-animation.jpg\" alt=\"\" width=\"180\" height=\"130\" \/><\/a><\/td>\n<td style=\"text-align: left; vertical-align: middle; width: 70%;\">Animation som f\u00f6rklarar hur hj\u00e4rtsvikt orsakar blodstockning<\/td>\n<\/tr>\n<\/tbody>\n<\/table>\n<p><a title=\"\u00c5terg\u00e5 till &quot;Symtom&quot;\" href=\"https:\/\/www.heartfailurematters.org\/sv\/att-forsta-hjartsvikt\/symtom-pa-hjartsvikt\/\">\u00c5terg\u00e5 till &#8221;Symtom&#8221;<\/a><\/p>\n","protected":false},"excerpt":{"rendered":"<p>F\u00f6rutom andf\u00e5ddhet kan en del m\u00e4nniskor med hj\u00e4rtsvikt utveckla Hosta eller v\u00e4sande andetag.\u00a0Det beror vanligtvis p\u00e5 blodstockning i lungorna, men kan ocks\u00e5 orsakas av lungsjukdomar (s\u00e5som kronisk obstruktiv lungsjukdom (KOL) och astma). &nbsp; Om du har hosta eller pipande andning blir det, p\u00e5 samma s\u00e4tt som vid andn\u00f6d, mer bekv\u00e4mt om du st\u00f6ttar upp dig [&hellip;]<\/p>\n","protected":false},"author":1,"featured_media":0,"parent":2421,"menu_order":0,"comment_status":"open","ping_status":"open","template":"","meta":{"_acf_changed":false,"footnotes":""},"categories":[],"tags":[],"class_list":["post-2656","page","type-page","status-publish","hentry"],"acf":[],"yoast_head":"<!-- This site is optimized with the Yoast SEO plugin v24.8.1 - https:\/\/yoast.com\/wordpress\/plugins\/seo\/ -->\n<title>Hosta eller pipande andning och hj\u00e4rtsvikt<\/title>\n<meta name=\"description\" content=\"F\u00f6rutom andf\u00e5ddhet kan en del m\u00e4nniskor med hj\u00e4rtsvikt utveckla hosta eller pipande, v\u00e4sande andning. H\u00e4r hittar du mer information\" \/>\n<meta name=\"robots\" content=\"index, follow, max-snippet:-1, max-image-preview:large, max-video-preview:-1\" \/>\n<link rel=\"canonical\" href=\"https:\/\/www.heartfailurematters.org\/sv\/att-forsta-hjartsvikt\/hosta-eller-pipande-eller-vasande-andning\/\" \/>\n<meta property=\"og:locale\" content=\"sv_SE\" \/>\n<meta property=\"og:type\" content=\"article\" \/>\n<meta property=\"og:title\" content=\"Hosta eller pipande andning och hj\u00e4rtsvikt\" \/>\n<meta property=\"og:description\" content=\"F\u00f6rutom andf\u00e5ddhet kan en del m\u00e4nniskor med hj\u00e4rtsvikt utveckla hosta eller pipande, v\u00e4sande andning. H\u00e4r hittar du mer information\" \/>\n<meta property=\"og:url\" content=\"https:\/\/www.heartfailurematters.org\/sv\/att-forsta-hjartsvikt\/hosta-eller-pipande-eller-vasande-andning\/\" \/>\n<meta property=\"og:site_name\" content=\"Heart Failure Matters\" \/>\n<meta property=\"article:publisher\" content=\"https:\/\/www.facebook.com\/heartfailurematters\" \/>\n<meta property=\"article:modified_time\" content=\"2022-01-19T12:01:56+00:00\" \/>\n<meta property=\"og:image\" content=\"https:\/\/cdn-endpoint-hfm.azureedge.net\/heartfailurematters\/2021\/02\/coughing-wheezing.jpg\" \/>\n<meta name=\"twitter:card\" content=\"summary_large_image\" \/>\n<meta name=\"twitter:label1\" content=\"Ber\u00e4knad l\u00e4stid\" \/>\n\t<meta name=\"twitter:data1\" content=\"1 minut\" \/>\n<script type=\"application\/ld+json\" class=\"yoast-schema-graph\">{\"@context\":\"https:\/\/schema.org\",\"@graph\":[{\"@type\":\"WebPage\",\"@id\":\"https:\/\/www.heartfailurematters.org\/sv\/att-forsta-hjartsvikt\/hosta-eller-pipande-eller-vasande-andning\/\",\"url\":\"https:\/\/www.heartfailurematters.org\/sv\/att-forsta-hjartsvikt\/hosta-eller-pipande-eller-vasande-andning\/\",\"name\":\"Hosta eller pipande andning och hj\u00e4rtsvikt\",\"isPartOf\":{\"@id\":\"https:\/\/www.heartfailurematters.org\/sv\/#website\"},\"primaryImageOfPage\":{\"@id\":\"https:\/\/www.heartfailurematters.org\/sv\/att-forsta-hjartsvikt\/hosta-eller-pipande-eller-vasande-andning\/#primaryimage\"},\"image\":{\"@id\":\"https:\/\/www.heartfailurematters.org\/sv\/att-forsta-hjartsvikt\/hosta-eller-pipande-eller-vasande-andning\/#primaryimage\"},\"thumbnailUrl\":\"https:\/\/cdn-endpoint-hfm.azureedge.net\/heartfailurematters\/2021\/02\/coughing-wheezing.jpg\",\"datePublished\":\"2021-01-27T22:12:56+00:00\",\"dateModified\":\"2022-01-19T12:01:56+00:00\",\"description\":\"F\u00f6rutom andf\u00e5ddhet kan en del m\u00e4nniskor med hj\u00e4rtsvikt utveckla hosta eller pipande, v\u00e4sande andning. H\u00e4r hittar du mer information\",\"breadcrumb\":{\"@id\":\"https:\/\/www.heartfailurematters.org\/sv\/att-forsta-hjartsvikt\/hosta-eller-pipande-eller-vasande-andning\/#breadcrumb\"},\"inLanguage\":\"sv-SE\",\"potentialAction\":[{\"@type\":\"ReadAction\",\"target\":[\"https:\/\/www.heartfailurematters.org\/sv\/att-forsta-hjartsvikt\/hosta-eller-pipande-eller-vasande-andning\/\"]}]},{\"@type\":\"ImageObject\",\"inLanguage\":\"sv-SE\",\"@id\":\"https:\/\/www.heartfailurematters.org\/sv\/att-forsta-hjartsvikt\/hosta-eller-pipande-eller-vasande-andning\/#primaryimage\",\"url\":\"https:\/\/cdn-endpoint-hfm.azureedge.net\/heartfailurematters\/2021\/02\/coughing-wheezing.jpg\",\"contentUrl\":\"https:\/\/cdn-endpoint-hfm.azureedge.net\/heartfailurematters\/2021\/02\/coughing-wheezing.jpg\"},{\"@type\":\"BreadcrumbList\",\"@id\":\"https:\/\/www.heartfailurematters.org\/sv\/att-forsta-hjartsvikt\/hosta-eller-pipande-eller-vasande-andning\/#breadcrumb\",\"itemListElement\":[{\"@type\":\"ListItem\",\"position\":1,\"name\":\"Hem\",\"item\":\"https:\/\/www.heartfailurematters.org\/sv\/\"},{\"@type\":\"ListItem\",\"position\":2,\"name\":\"Att f\u00f6rst\u00e5 hj\u00e4rtsvikt\",\"item\":\"https:\/\/www.heartfailurematters.org\/sv\/att-forsta-hjartsvikt\/\"},{\"@type\":\"ListItem\",\"position\":3,\"name\":\"Hosta eller v\u00e4sande andetag\"}]},{\"@type\":\"WebSite\",\"@id\":\"https:\/\/www.heartfailurematters.org\/sv\/#website\",\"url\":\"https:\/\/www.heartfailurematters.org\/sv\/\",\"name\":\"Heart Failure Matters\",\"description\":\"Practical information for patients, families and caregivers.\",\"publisher\":{\"@id\":\"https:\/\/www.heartfailurematters.org\/sv\/#organization\"},\"potentialAction\":[{\"@type\":\"SearchAction\",\"target\":{\"@type\":\"EntryPoint\",\"urlTemplate\":\"https:\/\/www.heartfailurematters.org\/sv\/?s={search_term_string}\"},\"query-input\":{\"@type\":\"PropertyValueSpecification\",\"valueRequired\":true,\"valueName\":\"search_term_string\"}}],\"inLanguage\":\"sv-SE\"},{\"@type\":\"Organization\",\"@id\":\"https:\/\/www.heartfailurematters.org\/sv\/#organization\",\"name\":\"Heart Failure Matters\",\"url\":\"https:\/\/www.heartfailurematters.org\/sv\/\",\"logo\":{\"@type\":\"ImageObject\",\"inLanguage\":\"sv-SE\",\"@id\":\"https:\/\/www.heartfailurematters.org\/sv\/#\/schema\/logo\/image\/\",\"url\":\"https:\/\/cdn-endpoint-hfm.azureedge.net\/heartfailurematters\/2024\/07\/hfm-logo1.jpg\",\"contentUrl\":\"https:\/\/cdn-endpoint-hfm.azureedge.net\/heartfailurematters\/2024\/07\/hfm-logo1.jpg\",\"width\":1280,\"height\":720,\"caption\":\"Heart Failure Matters\"},\"image\":{\"@id\":\"https:\/\/www.heartfailurematters.org\/sv\/#\/schema\/logo\/image\/\"},\"sameAs\":[\"https:\/\/www.facebook.com\/heartfailurematters\"]}]}<\/script>\n<!-- \/ Yoast SEO plugin. -->","yoast_head_json":{"title":"Hosta eller pipande andning och hj\u00e4rtsvikt","description":"F\u00f6rutom andf\u00e5ddhet kan en del m\u00e4nniskor med hj\u00e4rtsvikt utveckla hosta eller pipande, v\u00e4sande andning. H\u00e4r hittar du mer information","robots":{"index":"index","follow":"follow","max-snippet":"max-snippet:-1","max-image-preview":"max-image-preview:large","max-video-preview":"max-video-preview:-1"},"canonical":"https:\/\/www.heartfailurematters.org\/sv\/att-forsta-hjartsvikt\/hosta-eller-pipande-eller-vasande-andning\/","og_locale":"sv_SE","og_type":"article","og_title":"Hosta eller pipande andning och hj\u00e4rtsvikt","og_description":"F\u00f6rutom andf\u00e5ddhet kan en del m\u00e4nniskor med hj\u00e4rtsvikt utveckla hosta eller pipande, v\u00e4sande andning. H\u00e4r hittar du mer information","og_url":"https:\/\/www.heartfailurematters.org\/sv\/att-forsta-hjartsvikt\/hosta-eller-pipande-eller-vasande-andning\/","og_site_name":"Heart Failure Matters","article_publisher":"https:\/\/www.facebook.com\/heartfailurematters","article_modified_time":"2022-01-19T12:01:56+00:00","og_image":[{"url":"https:\/\/cdn-endpoint-hfm.azureedge.net\/heartfailurematters\/2021\/02\/coughing-wheezing.jpg","type":"","width":"","height":""}],"twitter_card":"summary_large_image","twitter_misc":{"Ber\u00e4knad l\u00e4stid":"1 minut"},"schema":{"@context":"https:\/\/schema.org","@graph":[{"@type":"WebPage","@id":"https:\/\/www.heartfailurematters.org\/sv\/att-forsta-hjartsvikt\/hosta-eller-pipande-eller-vasande-andning\/","url":"https:\/\/www.heartfailurematters.org\/sv\/att-forsta-hjartsvikt\/hosta-eller-pipande-eller-vasande-andning\/","name":"Hosta eller pipande andning och hj\u00e4rtsvikt","isPartOf":{"@id":"https:\/\/www.heartfailurematters.org\/sv\/#website"},"primaryImageOfPage":{"@id":"https:\/\/www.heartfailurematters.org\/sv\/att-forsta-hjartsvikt\/hosta-eller-pipande-eller-vasande-andning\/#primaryimage"},"image":{"@id":"https:\/\/www.heartfailurematters.org\/sv\/att-forsta-hjartsvikt\/hosta-eller-pipande-eller-vasande-andning\/#primaryimage"},"thumbnailUrl":"https:\/\/cdn-endpoint-hfm.azureedge.net\/heartfailurematters\/2021\/02\/coughing-wheezing.jpg","datePublished":"2021-01-27T22:12:56+00:00","dateModified":"2022-01-19T12:01:56+00:00","description":"F\u00f6rutom andf\u00e5ddhet kan en del m\u00e4nniskor med hj\u00e4rtsvikt utveckla hosta eller pipande, v\u00e4sande andning. H\u00e4r hittar du mer information","breadcrumb":{"@id":"https:\/\/www.heartfailurematters.org\/sv\/att-forsta-hjartsvikt\/hosta-eller-pipande-eller-vasande-andning\/#breadcrumb"},"inLanguage":"sv-SE","potentialAction":[{"@type":"ReadAction","target":["https:\/\/www.heartfailurematters.org\/sv\/att-forsta-hjartsvikt\/hosta-eller-pipande-eller-vasande-andning\/"]}]},{"@type":"ImageObject","inLanguage":"sv-SE","@id":"https:\/\/www.heartfailurematters.org\/sv\/att-forsta-hjartsvikt\/hosta-eller-pipande-eller-vasande-andning\/#primaryimage","url":"https:\/\/cdn-endpoint-hfm.azureedge.net\/heartfailurematters\/2021\/02\/coughing-wheezing.jpg","contentUrl":"https:\/\/cdn-endpoint-hfm.azureedge.net\/heartfailurematters\/2021\/02\/coughing-wheezing.jpg"},{"@type":"BreadcrumbList","@id":"https:\/\/www.heartfailurematters.org\/sv\/att-forsta-hjartsvikt\/hosta-eller-pipande-eller-vasande-andning\/#breadcrumb","itemListElement":[{"@type":"ListItem","position":1,"name":"Hem","item":"https:\/\/www.heartfailurematters.org\/sv\/"},{"@type":"ListItem","position":2,"name":"Att f\u00f6rst\u00e5 hj\u00e4rtsvikt","item":"https:\/\/www.heartfailurematters.org\/sv\/att-forsta-hjartsvikt\/"},{"@type":"ListItem","position":3,"name":"Hosta eller v\u00e4sande andetag"}]},{"@type":"WebSite","@id":"https:\/\/www.heartfailurematters.org\/sv\/#website","url":"https:\/\/www.heartfailurematters.org\/sv\/","name":"Heart Failure Matters","description":"Practical information for patients, families and caregivers.","publisher":{"@id":"https:\/\/www.heartfailurematters.org\/sv\/#organization"},"potentialAction":[{"@type":"SearchAction","target":{"@type":"EntryPoint","urlTemplate":"https:\/\/www.heartfailurematters.org\/sv\/?s={search_term_string}"},"query-input":{"@type":"PropertyValueSpecification","valueRequired":true,"valueName":"search_term_string"}}],"inLanguage":"sv-SE"},{"@type":"Organization","@id":"https:\/\/www.heartfailurematters.org\/sv\/#organization","name":"Heart Failure Matters","url":"https:\/\/www.heartfailurematters.org\/sv\/","logo":{"@type":"ImageObject","inLanguage":"sv-SE","@id":"https:\/\/www.heartfailurematters.org\/sv\/#\/schema\/logo\/image\/","url":"https:\/\/cdn-endpoint-hfm.azureedge.net\/heartfailurematters\/2024\/07\/hfm-logo1.jpg","contentUrl":"https:\/\/cdn-endpoint-hfm.azureedge.net\/heartfailurematters\/2024\/07\/hfm-logo1.jpg","width":1280,"height":720,"caption":"Heart Failure Matters"},"image":{"@id":"https:\/\/www.heartfailurematters.org\/sv\/#\/schema\/logo\/image\/"},"sameAs":["https:\/\/www.facebook.com\/heartfailurematters"]}]}},"_links":{"self":[{"href":"https:\/\/www.heartfailurematters.org\/sv\/wp-json\/wp\/v2\/pages\/2656","targetHints":{"allow":["GET"]}}],"collection":[{"href":"https:\/\/www.heartfailurematters.org\/sv\/wp-json\/wp\/v2\/pages"}],"about":[{"href":"https:\/\/www.heartfailurematters.org\/sv\/wp-json\/wp\/v2\/types\/page"}],"author":[{"embeddable":true,"href":"https:\/\/www.heartfailurematters.org\/sv\/wp-json\/wp\/v2\/users\/1"}],"replies":[{"embeddable":true,"href":"https:\/\/www.heartfailurematters.org\/sv\/wp-json\/wp\/v2\/comments?post=2656"}],"version-history":[{"count":9,"href":"https:\/\/www.heartfailurematters.org\/sv\/wp-json\/wp\/v2\/pages\/2656\/revisions"}],"predecessor-version":[{"id":10249,"href":"https:\/\/www.heartfailurematters.org\/sv\/wp-json\/wp\/v2\/pages\/2656\/revisions\/10249"}],"up":[{"embeddable":true,"href":"https:\/\/www.heartfailurematters.org\/sv\/wp-json\/wp\/v2\/pages\/2421"}],"wp:attachment":[{"href":"https:\/\/www.heartfailurematters.org\/sv\/wp-json\/wp\/v2\/media?parent=2656"}],"wp:term":[{"taxonomy":"category","embeddable":true,"href":"https:\/\/www.heartfailurematters.org\/sv\/wp-json\/wp\/v2\/categories?post=2656"},{"taxonomy":"post_tag","embeddable":true,"href":"https:\/\/www.heartfailurematters.org\/sv\/wp-json\/wp\/v2\/tags?post=2656"}],"curies":[{"name":"wp","href":"https:\/\/api.w.org\/{rel}","templated":true}]}}