{"id":2655,"date":"2021-01-27T22:12:56","date_gmt":"2021-01-27T22:12:56","guid":{"rendered":"http:\/\/heartfailurematters.local:8888\/andnod-2\/"},"modified":"2021-01-27T22:12:56","modified_gmt":"2021-01-27T22:12:56","slug":"andnod","status":"publish","type":"page","link":"https:\/\/www.heartfailurematters.org\/sv\/varningstecken\/andnod\/","title":{"rendered":"Andn\u00f6d"},"content":{"rendered":"<p>Andn\u00f6d \u00e4r ett vanligt symtom f\u00f6r m\u00e5nga m\u00e4nniskor med hj\u00e4rtsvikt. Du b\u00f6r \u00f6vervaka din andning och vara medveten om eventuella f\u00f6r\u00e4ndringar. Du uppt\u00e4cker kanske att du inte kan g\u00e5 lika l\u00e5ngt som tidigare innan du blir andf\u00e5dd. Du kanske ocks\u00e5 m\u00e4rker att du blir mer andf\u00e5dd p\u00e5 natten n\u00e4r du ligger ner. Du kanske beh\u00f6ver fler kuddar under huvudet\/\u00f6verkroppen, f\u00f6r att kunna andas.<\/p>\n<p>Andn\u00f6d beror p\u00e5 att blod i kroppen stockar sig i blodk\u00e4rlen, som skickar tillbaka blod fr\u00e5n lungorna till hj\u00e4rtat, p\u00e5 grund av att hj\u00e4rtat inte pumpar ut blod fr\u00e5n hj\u00e4rtat p\u00e5 ett effektivt s\u00e4tt. &nbsp;<a class=\"addtooltip\" title=\"Ett \u00f6verskott av v\u00e4tska i en del av kroppen.\"><strong title=\"\">Blodstockningen<\/strong><\/a> g\u00f6r att v\u00e4tska tr\u00e4nger ut fr\u00e5n blodk\u00e4rlen och in i lungorna.<\/p>\n<p>Om du f\u00e5r SV\u00c5R och ih\u00e5llande andn\u00f6d, b\u00f6r du ringa f\u00f6r ambulans 112 f\u00f6r omedelbar transport till sjukhuset. Om du upplever att andn\u00f6den \u00f6kar och att du klarar av f\u00e4rre aktiviteter, b\u00f6r du kontakta din l\u00e4kare eller sjuksk\u00f6terska f\u00f6r att f\u00e5 r\u00e5d.<\/p>\n","protected":false},"excerpt":{"rendered":"<p>Andn\u00f6d \u00e4r ett vanligt symtom f\u00f6r m\u00e5nga m\u00e4nniskor med hj\u00e4rtsvikt. Du b\u00f6r \u00f6vervaka din andning och vara medveten om eventuella f\u00f6r\u00e4ndringar. Du uppt\u00e4cker kanske att du inte kan g\u00e5 lika l\u00e5ngt som tidigare innan du blir andf\u00e5dd. Du kanske ocks\u00e5 m\u00e4rker att du blir mer andf\u00e5dd p\u00e5 natten n\u00e4r du ligger ner. Du kanske beh\u00f6ver [&hellip;]<\/p>\n","protected":false},"author":1,"featured_media":10569,"parent":2870,"menu_order":1,"comment_status":"open","ping_status":"closed","template":"","meta":{"_acf_changed":false,"footnotes":""},"categories":[133],"tags":[],"class_list":["post-2655","page","type-page","status-publish","has-post-thumbnail","hentry","category-warning-signs-sv"],"acf":[],"yoast_head":"<!-- This site is optimized with the Yoast SEO plugin v24.8.1 - https:\/\/yoast.com\/wordpress\/plugins\/seo\/ -->\n<title>Andn\u00f6d<\/title>\n<meta name=\"description\" content=\"Andn\u00f6d \u00e4r ett vanligt symtom f\u00f6r m\u00e5nga m\u00e4nniskor med hj\u00e4rtsvikt. Du b\u00f6r \u00f6vervaka din andning och vara medveten om eventuella f\u00f6r\u00e4ndringar.\" \/>\n<meta name=\"robots\" content=\"index, follow, max-snippet:-1, max-image-preview:large, max-video-preview:-1\" \/>\n<link rel=\"canonical\" href=\"https:\/\/www.heartfailurematters.org\/sv\/varningstecken\/andnod\/\" \/>\n<meta property=\"og:locale\" content=\"sv_SE\" \/>\n<meta property=\"og:type\" content=\"article\" \/>\n<meta property=\"og:title\" content=\"Andn\u00f6d\" \/>\n<meta property=\"og:description\" content=\"Andn\u00f6d \u00e4r ett vanligt symtom f\u00f6r m\u00e5nga m\u00e4nniskor med hj\u00e4rtsvikt. Du b\u00f6r \u00f6vervaka din andning och vara medveten om eventuella f\u00f6r\u00e4ndringar.\" \/>\n<meta property=\"og:url\" content=\"https:\/\/www.heartfailurematters.org\/sv\/varningstecken\/andnod\/\" \/>\n<meta property=\"og:site_name\" content=\"Heart Failure Matters\" \/>\n<meta property=\"article:publisher\" content=\"https:\/\/www.facebook.com\/heartfailurematters\" \/>\n<meta property=\"og:image\" content=\"https:\/\/www.heartfailurematters.org\/wp-content\/uploads\/2022\/02\/shutterstock_1401929189-1-min.jpg?_t=1773223225\" \/>\n\t<meta property=\"og:image:width\" content=\"900\" \/>\n\t<meta property=\"og:image:height\" content=\"600\" \/>\n\t<meta property=\"og:image:type\" content=\"image\/jpeg\" \/>\n<meta name=\"twitter:card\" content=\"summary_large_image\" \/>\n<meta name=\"twitter:label1\" content=\"Ber\u00e4knad l\u00e4stid\" \/>\n\t<meta name=\"twitter:data1\" content=\"1 minut\" \/>\n<script type=\"application\/ld+json\" class=\"yoast-schema-graph\">{\"@context\":\"https:\/\/schema.org\",\"@graph\":[{\"@type\":\"WebPage\",\"@id\":\"https:\/\/www.heartfailurematters.org\/sv\/varningstecken\/andnod\/\",\"url\":\"https:\/\/www.heartfailurematters.org\/sv\/varningstecken\/andnod\/\",\"name\":\"Andn\u00f6d\",\"isPartOf\":{\"@id\":\"https:\/\/www.heartfailurematters.org\/sv\/#website\"},\"primaryImageOfPage\":{\"@id\":\"https:\/\/www.heartfailurematters.org\/sv\/varningstecken\/andnod\/#primaryimage\"},\"image\":{\"@id\":\"https:\/\/www.heartfailurematters.org\/sv\/varningstecken\/andnod\/#primaryimage\"},\"thumbnailUrl\":\"https:\/\/www.heartfailurematters.org\/wp-content\/uploads\/2022\/02\/shutterstock_1401929189-1-min.jpg\",\"datePublished\":\"2021-01-27T22:12:56+00:00\",\"description\":\"Andn\u00f6d \u00e4r ett vanligt symtom f\u00f6r m\u00e5nga m\u00e4nniskor med hj\u00e4rtsvikt. Du b\u00f6r \u00f6vervaka din andning och vara medveten om eventuella f\u00f6r\u00e4ndringar.\",\"breadcrumb\":{\"@id\":\"https:\/\/www.heartfailurematters.org\/sv\/varningstecken\/andnod\/#breadcrumb\"},\"inLanguage\":\"sv-SE\",\"potentialAction\":[{\"@type\":\"ReadAction\",\"target\":[\"https:\/\/www.heartfailurematters.org\/sv\/varningstecken\/andnod\/\"]}]},{\"@type\":\"ImageObject\",\"inLanguage\":\"sv-SE\",\"@id\":\"https:\/\/www.heartfailurematters.org\/sv\/varningstecken\/andnod\/#primaryimage\",\"url\":\"https:\/\/www.heartfailurematters.org\/wp-content\/uploads\/2022\/02\/shutterstock_1401929189-1-min.jpg\",\"contentUrl\":\"https:\/\/www.heartfailurematters.org\/wp-content\/uploads\/2022\/02\/shutterstock_1401929189-1-min.jpg\",\"width\":900,\"height\":600},{\"@type\":\"BreadcrumbList\",\"@id\":\"https:\/\/www.heartfailurematters.org\/sv\/varningstecken\/andnod\/#breadcrumb\",\"itemListElement\":[{\"@type\":\"ListItem\",\"position\":1,\"name\":\"Hem\",\"item\":\"https:\/\/www.heartfailurematters.org\/sv\/\"},{\"@type\":\"ListItem\",\"position\":2,\"name\":\"Varningstecken\",\"item\":\"https:\/\/www.heartfailurematters.org\/sv\/varningstecken\/\"},{\"@type\":\"ListItem\",\"position\":3,\"name\":\"Andn\u00f6d\"}]},{\"@type\":\"WebSite\",\"@id\":\"https:\/\/www.heartfailurematters.org\/sv\/#website\",\"url\":\"https:\/\/www.heartfailurematters.org\/sv\/\",\"name\":\"Heart Failure Matters\",\"description\":\"Practical information for patients, families and caregivers.\",\"publisher\":{\"@id\":\"https:\/\/www.heartfailurematters.org\/sv\/#organization\"},\"potentialAction\":[{\"@type\":\"SearchAction\",\"target\":{\"@type\":\"EntryPoint\",\"urlTemplate\":\"https:\/\/www.heartfailurematters.org\/sv\/?s={search_term_string}\"},\"query-input\":{\"@type\":\"PropertyValueSpecification\",\"valueRequired\":true,\"valueName\":\"search_term_string\"}}],\"inLanguage\":\"sv-SE\"},{\"@type\":\"Organization\",\"@id\":\"https:\/\/www.heartfailurematters.org\/sv\/#organization\",\"name\":\"Heart Failure Matters\",\"url\":\"https:\/\/www.heartfailurematters.org\/sv\/\",\"logo\":{\"@type\":\"ImageObject\",\"inLanguage\":\"sv-SE\",\"@id\":\"https:\/\/www.heartfailurematters.org\/sv\/#\/schema\/logo\/image\/\",\"url\":\"https:\/\/cdn-endpoint-hfm.azureedge.net\/heartfailurematters\/2024\/07\/hfm-logo1.jpg\",\"contentUrl\":\"https:\/\/cdn-endpoint-hfm.azureedge.net\/heartfailurematters\/2024\/07\/hfm-logo1.jpg\",\"width\":1280,\"height\":720,\"caption\":\"Heart Failure Matters\"},\"image\":{\"@id\":\"https:\/\/www.heartfailurematters.org\/sv\/#\/schema\/logo\/image\/\"},\"sameAs\":[\"https:\/\/www.facebook.com\/heartfailurematters\"]}]}<\/script>\n<!-- \/ Yoast SEO plugin. -->","yoast_head_json":{"title":"Andn\u00f6d","description":"Andn\u00f6d \u00e4r ett vanligt symtom f\u00f6r m\u00e5nga m\u00e4nniskor med hj\u00e4rtsvikt. Du b\u00f6r \u00f6vervaka din andning och vara medveten om eventuella f\u00f6r\u00e4ndringar.","robots":{"index":"index","follow":"follow","max-snippet":"max-snippet:-1","max-image-preview":"max-image-preview:large","max-video-preview":"max-video-preview:-1"},"canonical":"https:\/\/www.heartfailurematters.org\/sv\/varningstecken\/andnod\/","og_locale":"sv_SE","og_type":"article","og_title":"Andn\u00f6d","og_description":"Andn\u00f6d \u00e4r ett vanligt symtom f\u00f6r m\u00e5nga m\u00e4nniskor med hj\u00e4rtsvikt. Du b\u00f6r \u00f6vervaka din andning och vara medveten om eventuella f\u00f6r\u00e4ndringar.","og_url":"https:\/\/www.heartfailurematters.org\/sv\/varningstecken\/andnod\/","og_site_name":"Heart Failure Matters","article_publisher":"https:\/\/www.facebook.com\/heartfailurematters","og_image":[{"width":900,"height":600,"url":"https:\/\/www.heartfailurematters.org\/wp-content\/uploads\/2022\/02\/shutterstock_1401929189-1-min.jpg?_t=1773223225","type":"image\/jpeg"}],"twitter_card":"summary_large_image","twitter_misc":{"Ber\u00e4knad l\u00e4stid":"1 minut"},"schema":{"@context":"https:\/\/schema.org","@graph":[{"@type":"WebPage","@id":"https:\/\/www.heartfailurematters.org\/sv\/varningstecken\/andnod\/","url":"https:\/\/www.heartfailurematters.org\/sv\/varningstecken\/andnod\/","name":"Andn\u00f6d","isPartOf":{"@id":"https:\/\/www.heartfailurematters.org\/sv\/#website"},"primaryImageOfPage":{"@id":"https:\/\/www.heartfailurematters.org\/sv\/varningstecken\/andnod\/#primaryimage"},"image":{"@id":"https:\/\/www.heartfailurematters.org\/sv\/varningstecken\/andnod\/#primaryimage"},"thumbnailUrl":"https:\/\/www.heartfailurematters.org\/wp-content\/uploads\/2022\/02\/shutterstock_1401929189-1-min.jpg","datePublished":"2021-01-27T22:12:56+00:00","description":"Andn\u00f6d \u00e4r ett vanligt symtom f\u00f6r m\u00e5nga m\u00e4nniskor med hj\u00e4rtsvikt. Du b\u00f6r \u00f6vervaka din andning och vara medveten om eventuella f\u00f6r\u00e4ndringar.","breadcrumb":{"@id":"https:\/\/www.heartfailurematters.org\/sv\/varningstecken\/andnod\/#breadcrumb"},"inLanguage":"sv-SE","potentialAction":[{"@type":"ReadAction","target":["https:\/\/www.heartfailurematters.org\/sv\/varningstecken\/andnod\/"]}]},{"@type":"ImageObject","inLanguage":"sv-SE","@id":"https:\/\/www.heartfailurematters.org\/sv\/varningstecken\/andnod\/#primaryimage","url":"https:\/\/www.heartfailurematters.org\/wp-content\/uploads\/2022\/02\/shutterstock_1401929189-1-min.jpg","contentUrl":"https:\/\/www.heartfailurematters.org\/wp-content\/uploads\/2022\/02\/shutterstock_1401929189-1-min.jpg","width":900,"height":600},{"@type":"BreadcrumbList","@id":"https:\/\/www.heartfailurematters.org\/sv\/varningstecken\/andnod\/#breadcrumb","itemListElement":[{"@type":"ListItem","position":1,"name":"Hem","item":"https:\/\/www.heartfailurematters.org\/sv\/"},{"@type":"ListItem","position":2,"name":"Varningstecken","item":"https:\/\/www.heartfailurematters.org\/sv\/varningstecken\/"},{"@type":"ListItem","position":3,"name":"Andn\u00f6d"}]},{"@type":"WebSite","@id":"https:\/\/www.heartfailurematters.org\/sv\/#website","url":"https:\/\/www.heartfailurematters.org\/sv\/","name":"Heart Failure Matters","description":"Practical information for patients, families and caregivers.","publisher":{"@id":"https:\/\/www.heartfailurematters.org\/sv\/#organization"},"potentialAction":[{"@type":"SearchAction","target":{"@type":"EntryPoint","urlTemplate":"https:\/\/www.heartfailurematters.org\/sv\/?s={search_term_string}"},"query-input":{"@type":"PropertyValueSpecification","valueRequired":true,"valueName":"search_term_string"}}],"inLanguage":"sv-SE"},{"@type":"Organization","@id":"https:\/\/www.heartfailurematters.org\/sv\/#organization","name":"Heart Failure Matters","url":"https:\/\/www.heartfailurematters.org\/sv\/","logo":{"@type":"ImageObject","inLanguage":"sv-SE","@id":"https:\/\/www.heartfailurematters.org\/sv\/#\/schema\/logo\/image\/","url":"https:\/\/cdn-endpoint-hfm.azureedge.net\/heartfailurematters\/2024\/07\/hfm-logo1.jpg","contentUrl":"https:\/\/cdn-endpoint-hfm.azureedge.net\/heartfailurematters\/2024\/07\/hfm-logo1.jpg","width":1280,"height":720,"caption":"Heart Failure Matters"},"image":{"@id":"https:\/\/www.heartfailurematters.org\/sv\/#\/schema\/logo\/image\/"},"sameAs":["https:\/\/www.facebook.com\/heartfailurematters"]}]}},"_links":{"self":[{"href":"https:\/\/www.heartfailurematters.org\/sv\/wp-json\/wp\/v2\/pages\/2655","targetHints":{"allow":["GET"]}}],"collection":[{"href":"https:\/\/www.heartfailurematters.org\/sv\/wp-json\/wp\/v2\/pages"}],"about":[{"href":"https:\/\/www.heartfailurematters.org\/sv\/wp-json\/wp\/v2\/types\/page"}],"author":[{"embeddable":true,"href":"https:\/\/www.heartfailurematters.org\/sv\/wp-json\/wp\/v2\/users\/1"}],"replies":[{"embeddable":true,"href":"https:\/\/www.heartfailurematters.org\/sv\/wp-json\/wp\/v2\/comments?post=2655"}],"version-history":[{"count":0,"href":"https:\/\/www.heartfailurematters.org\/sv\/wp-json\/wp\/v2\/pages\/2655\/revisions"}],"up":[{"embeddable":true,"href":"https:\/\/www.heartfailurematters.org\/sv\/wp-json\/wp\/v2\/pages\/2870"}],"wp:featuredmedia":[{"embeddable":true,"href":"https:\/\/www.heartfailurematters.org\/sv\/wp-json\/wp\/v2\/media\/10569"}],"wp:attachment":[{"href":"https:\/\/www.heartfailurematters.org\/sv\/wp-json\/wp\/v2\/media?parent=2655"}],"wp:term":[{"taxonomy":"category","embeddable":true,"href":"https:\/\/www.heartfailurematters.org\/sv\/wp-json\/wp\/v2\/categories?post=2655"},{"taxonomy":"post_tag","embeddable":true,"href":"https:\/\/www.heartfailurematters.org\/sv\/wp-json\/wp\/v2\/tags?post=2655"}],"curies":[{"name":"wp","href":"https:\/\/api.w.org\/{rel}","templated":true}]}}