{"id":2652,"date":"2021-01-27T22:12:56","date_gmt":"2021-01-27T22:12:56","guid":{"rendered":"http:\/\/heartfailurematters.local:8888\/medfodda-hjartfel\/"},"modified":"2026-02-10T13:33:26","modified_gmt":"2026-02-10T13:33:26","slug":"medfodda-hjartfel","status":"publish","type":"page","link":"https:\/\/www.heartfailurematters.org\/sv\/orsaker-till-hjartsvikt-och-andra-vanliga-medicinska-tillstand\/medfodda-hjartfel\/","title":{"rendered":"Medf\u00f6dda hj\u00e4rtfel hos vuxna"},"content":{"rendered":"<p>Medf\u00f6dd hj\u00e4rtsjukdom \u00e4r en missbildning i hj\u00e4rtstrukturen som \u00e4r n\u00e4rvarande fr\u00e5n f\u00f6dseln och som p\u00e5verkar mellan 1\u20132 % av alla som \u00f6verlever f\u00f6dseln. V\u00e5rdkvaliteten f\u00f6r sp\u00e4dbarn och barn med medf\u00f6dd hj\u00e4rtsjukdom har f\u00f6rb\u00e4ttrats avsev\u00e4rt under de senaste decennierna. Fler vuxna \u00e4n n\u00e5gonsin tidigare lever d\u00e4rmed idag med medf\u00f6dd hj\u00e4rtsjukdom. Medf\u00f6dda hj\u00e4rtfel kan variera fr\u00e5n lindriga till sv\u00e5ra. F\u00f6r mer detaljerad information om de olika typerna av medf\u00f6dd hj\u00e4rtsjukdom, klicka <a href=\"https:\/\/www.mayoclinic.org\/diseases-conditions\/congenital-heart-defects-children\/symptoms-causes\/syc-20350074\" target=\"_blank\" rel=\"noopener\">h\u00e4r<\/a>.<\/p>\n<p>M\u00e5nga vuxna med medf\u00f6dd hj\u00e4rtsjukdom lever ett normalt liv. F\u00f6r dem \u00e4r det normalt att bes\u00f6ka sjukhuset regelbundet f\u00f6r hj\u00e4rtunders\u00f6kningar och bed\u00f6mning av symtom. Uppf\u00f6ljning med ett specialistteam \u00e4r viktigt eftersom personer med medf\u00f6dd hj\u00e4rtsjukdom l\u00f6per h\u00f6gre risk att utveckla andra hj\u00e4rtsjukdomar. Detta inkluderar onormal hj\u00e4rtrytm (arytmier), hj\u00e4rtinfektioner (endokardit), h\u00f6gt blodtryck i lungorna (pulmonell hypertension) samt operationer eller andra ingrepp s\u00e5som pacemaker eller defibrillator.<\/p>\n<p>Hj\u00e4rtsvikt \u00e4r en vanlig l\u00e5ngsiktig komplikation vid medf\u00f6dd hj\u00e4rtsjukdom. Faktorer som bidrar till att hj\u00e4rtsvikt utvecklas innefattar strukturella problem som f\u00f6rtjockade eller l\u00e4ckande hj\u00e4rtklaffar, h\u00e5l i hj\u00e4rtat eller onormala blodk\u00e4rlsf\u00f6rbindelser. Vissa personer har hj\u00e4rtats huvudsakliga pumpkammare p\u00e5 motsatta sidor, medan andra kanske bara har en enda fungerande pumpkammare. Hos m\u00e5nga av dessa patienter kan kirurgi eller andra typer av ingrepp bidra till att f\u00f6rb\u00e4ttra hj\u00e4rtats struktur och funktion. Tecken och symtom p\u00e5 hj\u00e4rtsvikt vid medf\u00f6dd hj\u00e4rtsjukdom liknar i stor utstr\u00e4ckning symtomen vid andra typer av hj\u00e4rtsvikt, men de kan vara sv\u00e5rare att k\u00e4nna igen och behandla. D\u00e4rf\u00f6r \u00e4r det viktigt med regelbunden uppf\u00f6ljning med en specialist p\u00e5 medf\u00f6dd hj\u00e4rtsjukdom. De har tillg\u00e5ng till blodprover och andra unders\u00f6kningar som g\u00f6r det l\u00e4ttare att identifiera n\u00e4r hj\u00e4rtfunktionen b\u00f6rjar f\u00f6r\u00e4ndras.<\/p>\n<p>Med tiden kan hj\u00e4rtfunktionen hos en person med medf\u00f6dd hj\u00e4rtsjukdom f\u00f6rs\u00e4mras och pumpkamrarna (ventriklarna) kan bli styvare. Behandling utg\u00f6rs vanligtvis av liknande l\u00e4kemedel och apparater som anv\u00e4nds f\u00f6r personer med hj\u00e4rtsvikt utan medf\u00f6dd hj\u00e4rtsjukdom. Vissa personer kan komma att utv\u00e4rderas f\u00f6r hj\u00e4rttransplantation. Om du har medf\u00f6dd hj\u00e4rtsjukdom \u00e4r det mycket viktigt att anamma en h\u00e4lsosam livsstil, inklusive regelbunden motion och en h\u00e4lsosam kost f\u00f6r hj\u00e4rtat.<\/p>\n<p>Klicka <a href=\"https:\/\/www.mayoclinic.org\/diseases-conditions\/congenital-heart-defects-children\/symptoms-causes\/syc-20350074\" target=\"_blank\" rel=\"noopener\">h\u00e4r<\/a> f\u00f6r mer information.<\/p>\n<h3>Vad inneb\u00e4r hj\u00e4rtsvikt vid medf\u00f6tt hj\u00e4rtfel?<\/h3>\n<p><iframe title=\"YouTube-spelare\" src=\"https:\/\/www.youtube.com\/embed\/oXz_dkQ2PgI?si=wAEvAF8jqsrCNBDn\" width=\"560\" height=\"315\" frameborder=\"0\" allowfullscreen=\"allowfullscreen\"\/><\/p>\n<h3>Vad kan patienter g\u00f6ra f\u00f6r att f\u00e5 ett b\u00e4ttre liv med hj\u00e4rtsvikt och medf\u00f6tt hj\u00e4rtfel?<\/h3>\n<p><iframe title=\"YouTube-spelare\" src=\"https:\/\/www.youtube.com\/embed\/xt89C35G030?si=poYS8XrU1Vf5Vk_H\" width=\"560\" height=\"315\" frameborder=\"0\" allowfullscreen=\"allowfullscreen\"\/><\/p>\n<h3>Vilka behandlingar finns f\u00f6r m\u00e4nniskor med hj\u00e4rtsvikt och medf\u00f6tt hj\u00e4rtfel?<\/h3>\n<p><iframe title=\"YouTube-spelare\" src=\"https:\/\/www.youtube.com\/embed\/tCAQX2Rv4_E?si=rtD7-WqRU0FVGTkR\" width=\"560\" height=\"315\" frameborder=\"0\" allowfullscreen=\"allowfullscreen\"\/><\/p>\n<p><a title=\"\u00c5terg\u00e5 till Vanliga hj\u00e4rtsjukdomar\" href=\"https:\/\/www.heartfailurematters.org\/heart-failure-causes-and-other-common-medical-conditions\/common-heart-conditions\/\">\u00c5terg\u00e5 till Vanliga hj\u00e4rtsjukdomar<\/a><\/p>\n","protected":false},"excerpt":{"rendered":"<p>Medf\u00f6dd hj\u00e4rtsjukdom \u00e4r en missbildning i hj\u00e4rtstrukturen som \u00e4r n\u00e4rvarande fr\u00e5n f\u00f6dseln och som p\u00e5verkar mellan 1\u20132 % av alla som \u00f6verlever f\u00f6dseln. V\u00e5rdkvaliteten f\u00f6r sp\u00e4dbarn och barn med medf\u00f6dd hj\u00e4rtsjukdom har f\u00f6rb\u00e4ttrats avsev\u00e4rt under de senaste decennierna. Fler vuxna \u00e4n n\u00e5gonsin tidigare lever d\u00e4rmed idag med medf\u00f6dd hj\u00e4rtsjukdom. Medf\u00f6dda hj\u00e4rtfel kan variera fr\u00e5n lindriga [&hellip;]<\/p>\n","protected":false},"author":1,"featured_media":10752,"parent":8051,"menu_order":8,"comment_status":"open","ping_status":"open","template":"","meta":{"_acf_changed":false,"footnotes":""},"categories":[],"tags":[],"class_list":["post-2652","page","type-page","status-publish","has-post-thumbnail","hentry"],"acf":[],"yoast_head":"<!-- This site is optimized with the Yoast SEO plugin v24.8.1 - https:\/\/yoast.com\/wordpress\/plugins\/seo\/ -->\n<title>Medf\u00f6dda hj\u00e4rtfel och hj\u00e4rtsvikt<\/title>\n<meta name=\"description\" content=\"Om ditt hj\u00e4rta och dess kammare inte formades p\u00e5 r\u00e4tt s\u00e4tt innan f\u00f6dseln kan blodfl\u00f6det i hj\u00e4rtat eller n\u00e4rliggande blodk\u00e4rl blockeras eller f\u00f6rbindas fel.\" \/>\n<meta name=\"robots\" content=\"index, follow, max-snippet:-1, max-image-preview:large, max-video-preview:-1\" \/>\n<link rel=\"canonical\" href=\"https:\/\/www.heartfailurematters.org\/sv\/orsaker-till-hjartsvikt-och-andra-vanliga-medicinska-tillstand\/medfodda-hjartfel\/\" \/>\n<meta property=\"og:locale\" content=\"sv_SE\" \/>\n<meta property=\"og:type\" content=\"article\" \/>\n<meta property=\"og:title\" content=\"Medf\u00f6dda hj\u00e4rtfel och hj\u00e4rtsvikt\" \/>\n<meta property=\"og:description\" content=\"Om ditt hj\u00e4rta och dess kammare inte formades p\u00e5 r\u00e4tt s\u00e4tt innan f\u00f6dseln kan blodfl\u00f6det i hj\u00e4rtat eller n\u00e4rliggande blodk\u00e4rl blockeras eller f\u00f6rbindas fel.\" \/>\n<meta property=\"og:url\" content=\"https:\/\/www.heartfailurematters.org\/sv\/orsaker-till-hjartsvikt-och-andra-vanliga-medicinska-tillstand\/medfodda-hjartfel\/\" \/>\n<meta property=\"og:site_name\" content=\"Heart Failure Matters\" \/>\n<meta property=\"article:publisher\" content=\"https:\/\/www.facebook.com\/heartfailurematters\" \/>\n<meta property=\"article:modified_time\" content=\"2026-02-10T13:33:26+00:00\" \/>\n<meta property=\"og:image\" content=\"https:\/\/www.heartfailurematters.org\/wp-content\/uploads\/2022\/03\/shutterstock_1673602240-1-min.jpg\" \/>\n\t<meta property=\"og:image:width\" content=\"900\" \/>\n\t<meta property=\"og:image:height\" content=\"601\" \/>\n\t<meta property=\"og:image:type\" content=\"image\/jpeg\" \/>\n<meta name=\"twitter:card\" content=\"summary_large_image\" \/>\n<meta name=\"twitter:label1\" content=\"Ber\u00e4knad l\u00e4stid\" \/>\n\t<meta name=\"twitter:data1\" content=\"2 minuter\" \/>\n<script type=\"application\/ld+json\" class=\"yoast-schema-graph\">{\"@context\":\"https:\/\/schema.org\",\"@graph\":[{\"@type\":\"WebPage\",\"@id\":\"https:\/\/www.heartfailurematters.org\/sv\/orsaker-till-hjartsvikt-och-andra-vanliga-medicinska-tillstand\/medfodda-hjartfel\/\",\"url\":\"https:\/\/www.heartfailurematters.org\/sv\/orsaker-till-hjartsvikt-och-andra-vanliga-medicinska-tillstand\/medfodda-hjartfel\/\",\"name\":\"Medf\u00f6dda hj\u00e4rtfel och hj\u00e4rtsvikt\",\"isPartOf\":{\"@id\":\"https:\/\/www.heartfailurematters.org\/sv\/#website\"},\"primaryImageOfPage\":{\"@id\":\"https:\/\/www.heartfailurematters.org\/sv\/orsaker-till-hjartsvikt-och-andra-vanliga-medicinska-tillstand\/medfodda-hjartfel\/#primaryimage\"},\"image\":{\"@id\":\"https:\/\/www.heartfailurematters.org\/sv\/orsaker-till-hjartsvikt-och-andra-vanliga-medicinska-tillstand\/medfodda-hjartfel\/#primaryimage\"},\"thumbnailUrl\":\"https:\/\/www.heartfailurematters.org\/wp-content\/uploads\/2022\/03\/shutterstock_1673602240-1-min.jpg\",\"datePublished\":\"2021-01-27T22:12:56+00:00\",\"dateModified\":\"2026-02-10T13:33:26+00:00\",\"description\":\"Om ditt hj\u00e4rta och dess kammare inte formades p\u00e5 r\u00e4tt s\u00e4tt innan f\u00f6dseln kan blodfl\u00f6det i hj\u00e4rtat eller n\u00e4rliggande blodk\u00e4rl blockeras eller f\u00f6rbindas fel.\",\"breadcrumb\":{\"@id\":\"https:\/\/www.heartfailurematters.org\/sv\/orsaker-till-hjartsvikt-och-andra-vanliga-medicinska-tillstand\/medfodda-hjartfel\/#breadcrumb\"},\"inLanguage\":\"sv-SE\",\"potentialAction\":[{\"@type\":\"ReadAction\",\"target\":[\"https:\/\/www.heartfailurematters.org\/sv\/orsaker-till-hjartsvikt-och-andra-vanliga-medicinska-tillstand\/medfodda-hjartfel\/\"]}]},{\"@type\":\"ImageObject\",\"inLanguage\":\"sv-SE\",\"@id\":\"https:\/\/www.heartfailurematters.org\/sv\/orsaker-till-hjartsvikt-och-andra-vanliga-medicinska-tillstand\/medfodda-hjartfel\/#primaryimage\",\"url\":\"https:\/\/www.heartfailurematters.org\/wp-content\/uploads\/2022\/03\/shutterstock_1673602240-1-min.jpg\",\"contentUrl\":\"https:\/\/www.heartfailurematters.org\/wp-content\/uploads\/2022\/03\/shutterstock_1673602240-1-min.jpg\",\"width\":900,\"height\":601},{\"@type\":\"BreadcrumbList\",\"@id\":\"https:\/\/www.heartfailurematters.org\/sv\/orsaker-till-hjartsvikt-och-andra-vanliga-medicinska-tillstand\/medfodda-hjartfel\/#breadcrumb\",\"itemListElement\":[{\"@type\":\"ListItem\",\"position\":1,\"name\":\"Hem\",\"item\":\"https:\/\/www.heartfailurematters.org\/sv\/\"},{\"@type\":\"ListItem\",\"position\":2,\"name\":\"Orsaker till hj\u00e4rtsvikt och andra vanliga medicinska tillst\u00e5nd\",\"item\":\"https:\/\/www.heartfailurematters.org\/sv\/orsaker-till-hjartsvikt-och-andra-vanliga-medicinska-tillstand\/\"},{\"@type\":\"ListItem\",\"position\":3,\"name\":\"Medf\u00f6dda hj\u00e4rtfel hos vuxna\"}]},{\"@type\":\"WebSite\",\"@id\":\"https:\/\/www.heartfailurematters.org\/sv\/#website\",\"url\":\"https:\/\/www.heartfailurematters.org\/sv\/\",\"name\":\"Heart Failure Matters\",\"description\":\"Practical information for patients, families and caregivers.\",\"publisher\":{\"@id\":\"https:\/\/www.heartfailurematters.org\/sv\/#organization\"},\"potentialAction\":[{\"@type\":\"SearchAction\",\"target\":{\"@type\":\"EntryPoint\",\"urlTemplate\":\"https:\/\/www.heartfailurematters.org\/sv\/?s={search_term_string}\"},\"query-input\":{\"@type\":\"PropertyValueSpecification\",\"valueRequired\":true,\"valueName\":\"search_term_string\"}}],\"inLanguage\":\"sv-SE\"},{\"@type\":\"Organization\",\"@id\":\"https:\/\/www.heartfailurematters.org\/sv\/#organization\",\"name\":\"Heart Failure Matters\",\"url\":\"https:\/\/www.heartfailurematters.org\/sv\/\",\"logo\":{\"@type\":\"ImageObject\",\"inLanguage\":\"sv-SE\",\"@id\":\"https:\/\/www.heartfailurematters.org\/sv\/#\/schema\/logo\/image\/\",\"url\":\"https:\/\/cdn-endpoint-hfm.azureedge.net\/heartfailurematters\/2024\/07\/hfm-logo1.jpg\",\"contentUrl\":\"https:\/\/cdn-endpoint-hfm.azureedge.net\/heartfailurematters\/2024\/07\/hfm-logo1.jpg\",\"width\":1280,\"height\":720,\"caption\":\"Heart Failure Matters\"},\"image\":{\"@id\":\"https:\/\/www.heartfailurematters.org\/sv\/#\/schema\/logo\/image\/\"},\"sameAs\":[\"https:\/\/www.facebook.com\/heartfailurematters\"]}]}<\/script>\n<!-- \/ Yoast SEO plugin. -->","yoast_head_json":{"title":"Medf\u00f6dda hj\u00e4rtfel och hj\u00e4rtsvikt","description":"Om ditt hj\u00e4rta och dess kammare inte formades p\u00e5 r\u00e4tt s\u00e4tt innan f\u00f6dseln kan blodfl\u00f6det i hj\u00e4rtat eller n\u00e4rliggande blodk\u00e4rl blockeras eller f\u00f6rbindas fel.","robots":{"index":"index","follow":"follow","max-snippet":"max-snippet:-1","max-image-preview":"max-image-preview:large","max-video-preview":"max-video-preview:-1"},"canonical":"https:\/\/www.heartfailurematters.org\/sv\/orsaker-till-hjartsvikt-och-andra-vanliga-medicinska-tillstand\/medfodda-hjartfel\/","og_locale":"sv_SE","og_type":"article","og_title":"Medf\u00f6dda hj\u00e4rtfel och hj\u00e4rtsvikt","og_description":"Om ditt hj\u00e4rta och dess kammare inte formades p\u00e5 r\u00e4tt s\u00e4tt innan f\u00f6dseln kan blodfl\u00f6det i hj\u00e4rtat eller n\u00e4rliggande blodk\u00e4rl blockeras eller f\u00f6rbindas fel.","og_url":"https:\/\/www.heartfailurematters.org\/sv\/orsaker-till-hjartsvikt-och-andra-vanliga-medicinska-tillstand\/medfodda-hjartfel\/","og_site_name":"Heart Failure Matters","article_publisher":"https:\/\/www.facebook.com\/heartfailurematters","article_modified_time":"2026-02-10T13:33:26+00:00","og_image":[{"width":900,"height":601,"url":"https:\/\/www.heartfailurematters.org\/wp-content\/uploads\/2022\/03\/shutterstock_1673602240-1-min.jpg","type":"image\/jpeg"}],"twitter_card":"summary_large_image","twitter_misc":{"Ber\u00e4knad l\u00e4stid":"2 minuter"},"schema":{"@context":"https:\/\/schema.org","@graph":[{"@type":"WebPage","@id":"https:\/\/www.heartfailurematters.org\/sv\/orsaker-till-hjartsvikt-och-andra-vanliga-medicinska-tillstand\/medfodda-hjartfel\/","url":"https:\/\/www.heartfailurematters.org\/sv\/orsaker-till-hjartsvikt-och-andra-vanliga-medicinska-tillstand\/medfodda-hjartfel\/","name":"Medf\u00f6dda hj\u00e4rtfel och hj\u00e4rtsvikt","isPartOf":{"@id":"https:\/\/www.heartfailurematters.org\/sv\/#website"},"primaryImageOfPage":{"@id":"https:\/\/www.heartfailurematters.org\/sv\/orsaker-till-hjartsvikt-och-andra-vanliga-medicinska-tillstand\/medfodda-hjartfel\/#primaryimage"},"image":{"@id":"https:\/\/www.heartfailurematters.org\/sv\/orsaker-till-hjartsvikt-och-andra-vanliga-medicinska-tillstand\/medfodda-hjartfel\/#primaryimage"},"thumbnailUrl":"https:\/\/www.heartfailurematters.org\/wp-content\/uploads\/2022\/03\/shutterstock_1673602240-1-min.jpg","datePublished":"2021-01-27T22:12:56+00:00","dateModified":"2026-02-10T13:33:26+00:00","description":"Om ditt hj\u00e4rta och dess kammare inte formades p\u00e5 r\u00e4tt s\u00e4tt innan f\u00f6dseln kan blodfl\u00f6det i hj\u00e4rtat eller n\u00e4rliggande blodk\u00e4rl blockeras eller f\u00f6rbindas fel.","breadcrumb":{"@id":"https:\/\/www.heartfailurematters.org\/sv\/orsaker-till-hjartsvikt-och-andra-vanliga-medicinska-tillstand\/medfodda-hjartfel\/#breadcrumb"},"inLanguage":"sv-SE","potentialAction":[{"@type":"ReadAction","target":["https:\/\/www.heartfailurematters.org\/sv\/orsaker-till-hjartsvikt-och-andra-vanliga-medicinska-tillstand\/medfodda-hjartfel\/"]}]},{"@type":"ImageObject","inLanguage":"sv-SE","@id":"https:\/\/www.heartfailurematters.org\/sv\/orsaker-till-hjartsvikt-och-andra-vanliga-medicinska-tillstand\/medfodda-hjartfel\/#primaryimage","url":"https:\/\/www.heartfailurematters.org\/wp-content\/uploads\/2022\/03\/shutterstock_1673602240-1-min.jpg","contentUrl":"https:\/\/www.heartfailurematters.org\/wp-content\/uploads\/2022\/03\/shutterstock_1673602240-1-min.jpg","width":900,"height":601},{"@type":"BreadcrumbList","@id":"https:\/\/www.heartfailurematters.org\/sv\/orsaker-till-hjartsvikt-och-andra-vanliga-medicinska-tillstand\/medfodda-hjartfel\/#breadcrumb","itemListElement":[{"@type":"ListItem","position":1,"name":"Hem","item":"https:\/\/www.heartfailurematters.org\/sv\/"},{"@type":"ListItem","position":2,"name":"Orsaker till hj\u00e4rtsvikt och andra vanliga medicinska tillst\u00e5nd","item":"https:\/\/www.heartfailurematters.org\/sv\/orsaker-till-hjartsvikt-och-andra-vanliga-medicinska-tillstand\/"},{"@type":"ListItem","position":3,"name":"Medf\u00f6dda hj\u00e4rtfel hos vuxna"}]},{"@type":"WebSite","@id":"https:\/\/www.heartfailurematters.org\/sv\/#website","url":"https:\/\/www.heartfailurematters.org\/sv\/","name":"Heart Failure Matters","description":"Practical information for patients, families and caregivers.","publisher":{"@id":"https:\/\/www.heartfailurematters.org\/sv\/#organization"},"potentialAction":[{"@type":"SearchAction","target":{"@type":"EntryPoint","urlTemplate":"https:\/\/www.heartfailurematters.org\/sv\/?s={search_term_string}"},"query-input":{"@type":"PropertyValueSpecification","valueRequired":true,"valueName":"search_term_string"}}],"inLanguage":"sv-SE"},{"@type":"Organization","@id":"https:\/\/www.heartfailurematters.org\/sv\/#organization","name":"Heart Failure Matters","url":"https:\/\/www.heartfailurematters.org\/sv\/","logo":{"@type":"ImageObject","inLanguage":"sv-SE","@id":"https:\/\/www.heartfailurematters.org\/sv\/#\/schema\/logo\/image\/","url":"https:\/\/cdn-endpoint-hfm.azureedge.net\/heartfailurematters\/2024\/07\/hfm-logo1.jpg","contentUrl":"https:\/\/cdn-endpoint-hfm.azureedge.net\/heartfailurematters\/2024\/07\/hfm-logo1.jpg","width":1280,"height":720,"caption":"Heart Failure Matters"},"image":{"@id":"https:\/\/www.heartfailurematters.org\/sv\/#\/schema\/logo\/image\/"},"sameAs":["https:\/\/www.facebook.com\/heartfailurematters"]}]}},"_links":{"self":[{"href":"https:\/\/www.heartfailurematters.org\/sv\/wp-json\/wp\/v2\/pages\/2652","targetHints":{"allow":["GET"]}}],"collection":[{"href":"https:\/\/www.heartfailurematters.org\/sv\/wp-json\/wp\/v2\/pages"}],"about":[{"href":"https:\/\/www.heartfailurematters.org\/sv\/wp-json\/wp\/v2\/types\/page"}],"author":[{"embeddable":true,"href":"https:\/\/www.heartfailurematters.org\/sv\/wp-json\/wp\/v2\/users\/1"}],"replies":[{"embeddable":true,"href":"https:\/\/www.heartfailurematters.org\/sv\/wp-json\/wp\/v2\/comments?post=2652"}],"version-history":[{"count":2,"href":"https:\/\/www.heartfailurematters.org\/sv\/wp-json\/wp\/v2\/pages\/2652\/revisions"}],"predecessor-version":[{"id":13987,"href":"https:\/\/www.heartfailurematters.org\/sv\/wp-json\/wp\/v2\/pages\/2652\/revisions\/13987"}],"up":[{"embeddable":true,"href":"https:\/\/www.heartfailurematters.org\/sv\/wp-json\/wp\/v2\/pages\/8051"}],"wp:featuredmedia":[{"embeddable":true,"href":"https:\/\/www.heartfailurematters.org\/sv\/wp-json\/wp\/v2\/media\/10752"}],"wp:attachment":[{"href":"https:\/\/www.heartfailurematters.org\/sv\/wp-json\/wp\/v2\/media?parent=2652"}],"wp:term":[{"taxonomy":"category","embeddable":true,"href":"https:\/\/www.heartfailurematters.org\/sv\/wp-json\/wp\/v2\/categories?post=2652"},{"taxonomy":"post_tag","embeddable":true,"href":"https:\/\/www.heartfailurematters.org\/sv\/wp-json\/wp\/v2\/tags?post=2652"}],"curies":[{"name":"wp","href":"https:\/\/api.w.org\/{rel}","templated":true}]}}