{"id":2650,"date":"2021-01-27T22:12:56","date_gmt":"2021-01-27T22:12:56","guid":{"rendered":"http:\/\/heartfailurematters.local:8888\/att-ge-vard\/"},"modified":"2021-01-27T22:12:56","modified_gmt":"2021-01-27T22:12:56","slug":"att-ge-vard","status":"publish","type":"page","link":"https:\/\/www.heartfailurematters.org\/sv\/fraga-din-lakare\/att-ge-vard\/","title":{"rendered":"Att ge v\u00e5rd"},"content":{"rendered":"<p>&nbsp;<a href=\"\/sv\/vardare\/information-for-familj-och-anhorigvardare\/\"\">Informationsavsnittet f\u00f6r familj och anh\u00f6riga<\/a>&nbsp; ger r\u00e5d och tips om en anh\u00f6rigas roll, men ibland kan anh\u00f6riga beh\u00f6va mer st\u00f6d. Sjukv\u00e5rdspersonal, inklusive din l\u00e4kare och sjuksk\u00f6terska, kan ge dig fler r\u00e5d om det st\u00f6d du kan f\u00e5 och vem du kan kontakta.<\/p>\n<p><strong>Min n\u00e4rst\u00e5ende har f\u00e5tt diagnosen hj\u00e4rtsvikt, vad kan jag g\u00f6ra f\u00f6r att hj\u00e4lpa? <\/strong><br \/>Det finns m\u00e5nga s\u00e4tt som du kan hj\u00e4lpa din n\u00e4rst\u00e5ende med den dagliga hanteringen av deras hj\u00e4rtsvikt. Det kan vara bra att f\u00f6lja med p\u00e5 deras l\u00e4karbes\u00f6k eftersom l\u00e4karen kan f\u00f6resl\u00e5 s\u00e4tt som du som anh\u00f6rig kan hj\u00e4lpa till med. Det kan till exempel vara att hj\u00e4lp din n\u00e4rst\u00e5ende med hj\u00e4rtsvikt att komma ih\u00e5g att ta sina mediciner, anpassa din egen kost f\u00f6r att st\u00e4mma \u00f6verens med din n\u00e4rst\u00e5ende med hj\u00e4rtsvikts kostrestriktioner, uppmuntra daglig aktivitet och vara ett st\u00f6d under sv\u00e5ra perioder.<\/p>\n<p><strong>Finns det n\u00e5gra lokala st\u00f6dgrupper f\u00f6r anh\u00f6riga? <\/strong><br \/>Att ge v\u00e5rd kan vara en mycket kr\u00e4vande roll, b\u00e5de fysiskt och mentalt. Din n\u00e4rst\u00e5endes l\u00e4kare eller sjuksk\u00f6terska kan ge dig information om eventuella lokala st\u00f6dgrupper speciellt f\u00f6r anh\u00f6riga. Dessa grupper kan vara till god hj\u00e4lp, eftersom det d\u00e4r finns m\u00e4nniskor i samma situation som du, som kommer att vara glada och tacksamma att dela med sig av sina erfarenheter till dig.<\/p>\n<p><strong>Kan socialtj\u00e4nsten eller sjukv\u00e5rden hj\u00e4lpa mig?<\/strong><br \/>Du kan ha r\u00e4tt till olika typer av st\u00f6d n\u00e4r du v\u00e5rdar en anh\u00f6rig. Din l\u00e4kare eller sjuksk\u00f6terska kan ge dig kontaktuppgifter till kommunen (handl\u00e4ggare eller anh\u00f6rigkonsulent) eller sjukv\u00e5rdens kuratorer, s\u00e5 att du kan ta reda p\u00e5 om du \u00e4r ber\u00e4ttigad till st\u00f6d.<\/p>\n","protected":false},"excerpt":{"rendered":"<p>&nbsp;<\/p>\n","protected":false},"author":1,"featured_media":11149,"parent":2767,"menu_order":8,"comment_status":"open","ping_status":"closed","template":"","meta":{"_acf_changed":false,"footnotes":""},"categories":[70],"tags":[],"class_list":["post-2650","page","type-page","status-publish","has-post-thumbnail","hentry","category-ask-your-doctor-sv"],"acf":[],"yoast_head":"<!-- This site is optimized with the Yoast SEO plugin v24.8.1 - https:\/\/yoast.com\/wordpress\/plugins\/seo\/ -->\n<title>Att ge v\u00e5rd<\/title>\n<meta name=\"description\" content=\"Informationsavsnittet f\u00f6r familj och anh\u00f6riga ger r\u00e5d och tips om en anh\u00f6riges roll, men ibland kan anh\u00f6riga beh\u00f6va mer st\u00f6d. Ta reda p\u00e5 mer\" \/>\n<meta name=\"robots\" content=\"index, follow, max-snippet:-1, max-image-preview:large, max-video-preview:-1\" \/>\n<link rel=\"canonical\" href=\"https:\/\/www.heartfailurematters.org\/sv\/fraga-din-lakare\/att-ge-vard\/\" \/>\n<meta property=\"og:locale\" content=\"sv_SE\" \/>\n<meta property=\"og:type\" content=\"article\" \/>\n<meta property=\"og:title\" content=\"Att ge v\u00e5rd\" \/>\n<meta property=\"og:description\" content=\"Informationsavsnittet f\u00f6r familj och anh\u00f6riga ger r\u00e5d och tips om en anh\u00f6riges roll, men ibland kan anh\u00f6riga beh\u00f6va mer st\u00f6d. Ta reda p\u00e5 mer\" \/>\n<meta property=\"og:url\" content=\"https:\/\/www.heartfailurematters.org\/sv\/fraga-din-lakare\/att-ge-vard\/\" \/>\n<meta property=\"og:site_name\" content=\"Heart Failure Matters\" \/>\n<meta property=\"article:publisher\" content=\"https:\/\/www.facebook.com\/heartfailurematters\" \/>\n<meta property=\"og:image\" content=\"https:\/\/www.heartfailurematters.org\/wp-content\/uploads\/2022\/03\/shutterstock_326634329-1-min.jpg?_t=1773139797\" \/>\n\t<meta property=\"og:image:width\" content=\"900\" \/>\n\t<meta property=\"og:image:height\" content=\"600\" \/>\n\t<meta property=\"og:image:type\" content=\"image\/jpeg\" \/>\n<meta name=\"twitter:card\" content=\"summary_large_image\" \/>\n<script type=\"application\/ld+json\" class=\"yoast-schema-graph\">{\"@context\":\"https:\/\/schema.org\",\"@graph\":[{\"@type\":\"WebPage\",\"@id\":\"https:\/\/www.heartfailurematters.org\/sv\/fraga-din-lakare\/att-ge-vard\/\",\"url\":\"https:\/\/www.heartfailurematters.org\/sv\/fraga-din-lakare\/att-ge-vard\/\",\"name\":\"Att ge v\u00e5rd\",\"isPartOf\":{\"@id\":\"https:\/\/www.heartfailurematters.org\/sv\/#website\"},\"primaryImageOfPage\":{\"@id\":\"https:\/\/www.heartfailurematters.org\/sv\/fraga-din-lakare\/att-ge-vard\/#primaryimage\"},\"image\":{\"@id\":\"https:\/\/www.heartfailurematters.org\/sv\/fraga-din-lakare\/att-ge-vard\/#primaryimage\"},\"thumbnailUrl\":\"https:\/\/www.heartfailurematters.org\/wp-content\/uploads\/2022\/03\/shutterstock_326634329-1-min.jpg\",\"datePublished\":\"2021-01-27T22:12:56+00:00\",\"description\":\"Informationsavsnittet f\u00f6r familj och anh\u00f6riga ger r\u00e5d och tips om en anh\u00f6riges roll, men ibland kan anh\u00f6riga beh\u00f6va mer st\u00f6d. Ta reda p\u00e5 mer\",\"breadcrumb\":{\"@id\":\"https:\/\/www.heartfailurematters.org\/sv\/fraga-din-lakare\/att-ge-vard\/#breadcrumb\"},\"inLanguage\":\"sv-SE\",\"potentialAction\":[{\"@type\":\"ReadAction\",\"target\":[\"https:\/\/www.heartfailurematters.org\/sv\/fraga-din-lakare\/att-ge-vard\/\"]}]},{\"@type\":\"ImageObject\",\"inLanguage\":\"sv-SE\",\"@id\":\"https:\/\/www.heartfailurematters.org\/sv\/fraga-din-lakare\/att-ge-vard\/#primaryimage\",\"url\":\"https:\/\/www.heartfailurematters.org\/wp-content\/uploads\/2022\/03\/shutterstock_326634329-1-min.jpg\",\"contentUrl\":\"https:\/\/www.heartfailurematters.org\/wp-content\/uploads\/2022\/03\/shutterstock_326634329-1-min.jpg\",\"width\":900,\"height\":600},{\"@type\":\"BreadcrumbList\",\"@id\":\"https:\/\/www.heartfailurematters.org\/sv\/fraga-din-lakare\/att-ge-vard\/#breadcrumb\",\"itemListElement\":[{\"@type\":\"ListItem\",\"position\":1,\"name\":\"Hem\",\"item\":\"https:\/\/www.heartfailurematters.org\/sv\/\"},{\"@type\":\"ListItem\",\"position\":2,\"name\":\"Fr\u00e5ga din l\u00e4kare\",\"item\":\"https:\/\/www.heartfailurematters.org\/sv\/fraga-din-lakare\/\"},{\"@type\":\"ListItem\",\"position\":3,\"name\":\"Att ge v\u00e5rd\"}]},{\"@type\":\"WebSite\",\"@id\":\"https:\/\/www.heartfailurematters.org\/sv\/#website\",\"url\":\"https:\/\/www.heartfailurematters.org\/sv\/\",\"name\":\"Heart Failure Matters\",\"description\":\"Practical information for patients, families and caregivers.\",\"publisher\":{\"@id\":\"https:\/\/www.heartfailurematters.org\/sv\/#organization\"},\"potentialAction\":[{\"@type\":\"SearchAction\",\"target\":{\"@type\":\"EntryPoint\",\"urlTemplate\":\"https:\/\/www.heartfailurematters.org\/sv\/?s={search_term_string}\"},\"query-input\":{\"@type\":\"PropertyValueSpecification\",\"valueRequired\":true,\"valueName\":\"search_term_string\"}}],\"inLanguage\":\"sv-SE\"},{\"@type\":\"Organization\",\"@id\":\"https:\/\/www.heartfailurematters.org\/sv\/#organization\",\"name\":\"Heart Failure Matters\",\"url\":\"https:\/\/www.heartfailurematters.org\/sv\/\",\"logo\":{\"@type\":\"ImageObject\",\"inLanguage\":\"sv-SE\",\"@id\":\"https:\/\/www.heartfailurematters.org\/sv\/#\/schema\/logo\/image\/\",\"url\":\"https:\/\/cdn-endpoint-hfm.azureedge.net\/heartfailurematters\/2024\/07\/hfm-logo1.jpg\",\"contentUrl\":\"https:\/\/cdn-endpoint-hfm.azureedge.net\/heartfailurematters\/2024\/07\/hfm-logo1.jpg\",\"width\":1280,\"height\":720,\"caption\":\"Heart Failure Matters\"},\"image\":{\"@id\":\"https:\/\/www.heartfailurematters.org\/sv\/#\/schema\/logo\/image\/\"},\"sameAs\":[\"https:\/\/www.facebook.com\/heartfailurematters\"]}]}<\/script>\n<!-- \/ Yoast SEO plugin. -->","yoast_head_json":{"title":"Att ge v\u00e5rd","description":"Informationsavsnittet f\u00f6r familj och anh\u00f6riga ger r\u00e5d och tips om en anh\u00f6riges roll, men ibland kan anh\u00f6riga beh\u00f6va mer st\u00f6d. Ta reda p\u00e5 mer","robots":{"index":"index","follow":"follow","max-snippet":"max-snippet:-1","max-image-preview":"max-image-preview:large","max-video-preview":"max-video-preview:-1"},"canonical":"https:\/\/www.heartfailurematters.org\/sv\/fraga-din-lakare\/att-ge-vard\/","og_locale":"sv_SE","og_type":"article","og_title":"Att ge v\u00e5rd","og_description":"Informationsavsnittet f\u00f6r familj och anh\u00f6riga ger r\u00e5d och tips om en anh\u00f6riges roll, men ibland kan anh\u00f6riga beh\u00f6va mer st\u00f6d. Ta reda p\u00e5 mer","og_url":"https:\/\/www.heartfailurematters.org\/sv\/fraga-din-lakare\/att-ge-vard\/","og_site_name":"Heart Failure Matters","article_publisher":"https:\/\/www.facebook.com\/heartfailurematters","og_image":[{"width":900,"height":600,"url":"https:\/\/www.heartfailurematters.org\/wp-content\/uploads\/2022\/03\/shutterstock_326634329-1-min.jpg?_t=1773139797","type":"image\/jpeg"}],"twitter_card":"summary_large_image","schema":{"@context":"https:\/\/schema.org","@graph":[{"@type":"WebPage","@id":"https:\/\/www.heartfailurematters.org\/sv\/fraga-din-lakare\/att-ge-vard\/","url":"https:\/\/www.heartfailurematters.org\/sv\/fraga-din-lakare\/att-ge-vard\/","name":"Att ge v\u00e5rd","isPartOf":{"@id":"https:\/\/www.heartfailurematters.org\/sv\/#website"},"primaryImageOfPage":{"@id":"https:\/\/www.heartfailurematters.org\/sv\/fraga-din-lakare\/att-ge-vard\/#primaryimage"},"image":{"@id":"https:\/\/www.heartfailurematters.org\/sv\/fraga-din-lakare\/att-ge-vard\/#primaryimage"},"thumbnailUrl":"https:\/\/www.heartfailurematters.org\/wp-content\/uploads\/2022\/03\/shutterstock_326634329-1-min.jpg","datePublished":"2021-01-27T22:12:56+00:00","description":"Informationsavsnittet f\u00f6r familj och anh\u00f6riga ger r\u00e5d och tips om en anh\u00f6riges roll, men ibland kan anh\u00f6riga beh\u00f6va mer st\u00f6d. Ta reda p\u00e5 mer","breadcrumb":{"@id":"https:\/\/www.heartfailurematters.org\/sv\/fraga-din-lakare\/att-ge-vard\/#breadcrumb"},"inLanguage":"sv-SE","potentialAction":[{"@type":"ReadAction","target":["https:\/\/www.heartfailurematters.org\/sv\/fraga-din-lakare\/att-ge-vard\/"]}]},{"@type":"ImageObject","inLanguage":"sv-SE","@id":"https:\/\/www.heartfailurematters.org\/sv\/fraga-din-lakare\/att-ge-vard\/#primaryimage","url":"https:\/\/www.heartfailurematters.org\/wp-content\/uploads\/2022\/03\/shutterstock_326634329-1-min.jpg","contentUrl":"https:\/\/www.heartfailurematters.org\/wp-content\/uploads\/2022\/03\/shutterstock_326634329-1-min.jpg","width":900,"height":600},{"@type":"BreadcrumbList","@id":"https:\/\/www.heartfailurematters.org\/sv\/fraga-din-lakare\/att-ge-vard\/#breadcrumb","itemListElement":[{"@type":"ListItem","position":1,"name":"Hem","item":"https:\/\/www.heartfailurematters.org\/sv\/"},{"@type":"ListItem","position":2,"name":"Fr\u00e5ga din l\u00e4kare","item":"https:\/\/www.heartfailurematters.org\/sv\/fraga-din-lakare\/"},{"@type":"ListItem","position":3,"name":"Att ge v\u00e5rd"}]},{"@type":"WebSite","@id":"https:\/\/www.heartfailurematters.org\/sv\/#website","url":"https:\/\/www.heartfailurematters.org\/sv\/","name":"Heart Failure Matters","description":"Practical information for patients, families and caregivers.","publisher":{"@id":"https:\/\/www.heartfailurematters.org\/sv\/#organization"},"potentialAction":[{"@type":"SearchAction","target":{"@type":"EntryPoint","urlTemplate":"https:\/\/www.heartfailurematters.org\/sv\/?s={search_term_string}"},"query-input":{"@type":"PropertyValueSpecification","valueRequired":true,"valueName":"search_term_string"}}],"inLanguage":"sv-SE"},{"@type":"Organization","@id":"https:\/\/www.heartfailurematters.org\/sv\/#organization","name":"Heart Failure Matters","url":"https:\/\/www.heartfailurematters.org\/sv\/","logo":{"@type":"ImageObject","inLanguage":"sv-SE","@id":"https:\/\/www.heartfailurematters.org\/sv\/#\/schema\/logo\/image\/","url":"https:\/\/cdn-endpoint-hfm.azureedge.net\/heartfailurematters\/2024\/07\/hfm-logo1.jpg","contentUrl":"https:\/\/cdn-endpoint-hfm.azureedge.net\/heartfailurematters\/2024\/07\/hfm-logo1.jpg","width":1280,"height":720,"caption":"Heart Failure Matters"},"image":{"@id":"https:\/\/www.heartfailurematters.org\/sv\/#\/schema\/logo\/image\/"},"sameAs":["https:\/\/www.facebook.com\/heartfailurematters"]}]}},"_links":{"self":[{"href":"https:\/\/www.heartfailurematters.org\/sv\/wp-json\/wp\/v2\/pages\/2650","targetHints":{"allow":["GET"]}}],"collection":[{"href":"https:\/\/www.heartfailurematters.org\/sv\/wp-json\/wp\/v2\/pages"}],"about":[{"href":"https:\/\/www.heartfailurematters.org\/sv\/wp-json\/wp\/v2\/types\/page"}],"author":[{"embeddable":true,"href":"https:\/\/www.heartfailurematters.org\/sv\/wp-json\/wp\/v2\/users\/1"}],"replies":[{"embeddable":true,"href":"https:\/\/www.heartfailurematters.org\/sv\/wp-json\/wp\/v2\/comments?post=2650"}],"version-history":[{"count":0,"href":"https:\/\/www.heartfailurematters.org\/sv\/wp-json\/wp\/v2\/pages\/2650\/revisions"}],"up":[{"embeddable":true,"href":"https:\/\/www.heartfailurematters.org\/sv\/wp-json\/wp\/v2\/pages\/2767"}],"wp:featuredmedia":[{"embeddable":true,"href":"https:\/\/www.heartfailurematters.org\/sv\/wp-json\/wp\/v2\/media\/11149"}],"wp:attachment":[{"href":"https:\/\/www.heartfailurematters.org\/sv\/wp-json\/wp\/v2\/media?parent=2650"}],"wp:term":[{"taxonomy":"category","embeddable":true,"href":"https:\/\/www.heartfailurematters.org\/sv\/wp-json\/wp\/v2\/categories?post=2650"},{"taxonomy":"post_tag","embeddable":true,"href":"https:\/\/www.heartfailurematters.org\/sv\/wp-json\/wp\/v2\/tags?post=2650"}],"curies":[{"name":"wp","href":"https:\/\/api.w.org\/{rel}","templated":true}]}}