{"id":2644,"date":"2021-01-27T22:12:47","date_gmt":"2021-01-27T22:12:47","guid":{"rendered":"http:\/\/heartfailurematters.local:8888\/att-prata-med-din-familj-om-din-hjartsvikt\/"},"modified":"2026-02-10T13:33:23","modified_gmt":"2026-02-10T13:33:23","slug":"att-prata-med-din-familj-om-din-hjartsvikt","status":"publish","type":"page","link":"https:\/\/www.heartfailurematters.org\/sv\/att-leva-med-hjartsvikt\/att-prata-med-din-familj-om-din-hjartsvikt\/","title":{"rendered":"Att prata med din familj om din hj\u00e4rtsvikt"},"content":{"rendered":"<p>Det kan i b\u00f6rjan vara sv\u00e5rt att prata om din hj\u00e4rtsvikt, innan du sj\u00e4lv hunnit acceptera och anpassa dig till tillst\u00e5ndet. Det \u00e4r viktigt att f\u00f6rst\u00e5 att dina anh\u00f6riga ocks\u00e5 kan ha reaktioner som liknar dina egna. De kan vara r\u00e4dda och oroliga f\u00f6r din h\u00e4lsa och ditt v\u00e4lbefinnande. De kan beh\u00f6va dela sina tankar och k\u00e4nslor med dig. Det \u00e4r v\u00e4rt att t\u00e4nka p\u00e5 att om du drar dig f\u00f6r att prata om det du upplever s\u00e5 kan det p\u00e5verka m\u00e4nniskor i din n\u00e4rhet. F\u00f6r att hantera hj\u00e4rtsvikt effektivt kr\u00e4vs ofta att flera hj\u00e4lps \u00e5t. Dina familjemedlemmar kan vara ett stort st\u00f6d n\u00e4r det g\u00e4ller att hj\u00e4lpa dig h\u00e5lla dig s\u00e5 aktiv som m\u00f6jligt i samband med din hj\u00e4rtsvikt. S\u00e5 det \u00e4r viktigt f\u00f6r ditt eget v\u00e4lbefinnande att du inte st\u00e4nger ute dina anh\u00f6riga och familjemedlemmar och hindrar dem fr\u00e5n att hj\u00e4lpa och st\u00f6tta dig. Visa att du uppskattar att de bryr sig om dig. F\u00f6ljande f\u00f6rslag kan hj\u00e4lpa dig att prata med dina anh\u00f6riga om din hj\u00e4rtsvikt och engagera dem p\u00e5 ett s\u00e4tt som k\u00e4nns naturligt f\u00f6r dig:<\/p>\n<ul>\n<li>H\u00e5ll dem informerade och uppdaterade i takt med att du l\u00e4r dig mer om hj\u00e4rtsvikt.<\/li>\n<li>Ber\u00e4tta hur du vill att de ska st\u00f6tta dig, k\u00e4nslom\u00e4ssigt och moraliskt.<\/li>\n<li>F\u00e5 dem att hj\u00e4lpa till med olika delar av din medicinska v\u00e5rd, till exempel din medicinering, att ta pulsen och kontrollera blodtrycket.<\/li>\n<li>T\u00e4nk \u00f6ver hur du och din familj kan g\u00f6ra aktiviteter tillsammans, till exempel att:<\/li>\n<li>Var \u00f6ppen f\u00f6r familjeutflykter med realistiska aktivitetsniv\u00e5er<\/li>\n<li>Laga h\u00e4lsosamma m\u00e5ltider tillsammans<\/li>\n<li>Uppmuntra andra i din familj att g\u00f6ra samma positiva f\u00f6r\u00e4ndringar i sin livsstil, eftersom det kan minska deras egen risk f\u00f6r hj\u00e4rtsjukdom.<\/li>\n<li>Se till att dina familjemedlemmar vet att du accepterar hj\u00e4lp, men att du vill vara s\u00e5 oberoende som m\u00f6jligt. \u00c4ven om personer med hj\u00e4rtsvikt ofta har vissa fysiska begr\u00e4nsningar beh\u00f6ver de h\u00e5lla sig aktiva och motionera regelbundet. Det \u00e4r en viktig del av ditt behandlingsprogram.<\/li>\n<\/ul>\n<p><a title=\"\u00c5terg\u00e5 till \"Relationer\"\" href=\"https:\/\/www.heartfailurematters.org\/living-with-heart-failure\/relationships\/\">\u00c5terg\u00e5 till &#8221;Relationer&#8221;<\/a><\/p>\n","protected":false},"excerpt":{"rendered":"<p>Det kan i b\u00f6rjan vara sv\u00e5rt att prata om din hj\u00e4rtsvikt, innan du sj\u00e4lv hunnit acceptera och anpassa dig till tillst\u00e5ndet. Det \u00e4r viktigt att f\u00f6rst\u00e5 att dina anh\u00f6riga ocks\u00e5 kan ha reaktioner som liknar dina egna. De kan vara r\u00e4dda och oroliga f\u00f6r din h\u00e4lsa och ditt v\u00e4lbefinnande. De kan beh\u00f6va dela sina tankar [&hellip;]<\/p>\n","protected":false},"author":1,"featured_media":11149,"parent":2818,"menu_order":0,"comment_status":"open","ping_status":"open","template":"","meta":{"_acf_changed":false,"footnotes":""},"categories":[],"tags":[],"class_list":["post-2644","page","type-page","status-publish","has-post-thumbnail","hentry"],"acf":[],"yoast_head":"<!-- This site is optimized with the Yoast SEO plugin v24.8.1 - https:\/\/yoast.com\/wordpress\/plugins\/seo\/ -->\n<title>Att prata med din familj om din hj\u00e4rtsvikt<\/title>\n<meta name=\"description\" content=\"Det \u00e4r viktigt att f\u00f6rst\u00e5 att dina anh\u00f6riga ocks\u00e5 kan ha reaktioner som liknar dina egna. De kan vara r\u00e4dda och oroliga f\u00f6r din h\u00e4lsa och ditt v\u00e4lbefinnande\" \/>\n<meta name=\"robots\" content=\"index, follow, max-snippet:-1, max-image-preview:large, max-video-preview:-1\" \/>\n<link rel=\"canonical\" href=\"https:\/\/www.heartfailurematters.org\/sv\/att-leva-med-hjartsvikt\/att-prata-med-din-familj-om-din-hjartsvikt\/\" \/>\n<meta property=\"og:locale\" content=\"sv_SE\" \/>\n<meta property=\"og:type\" content=\"article\" \/>\n<meta property=\"og:title\" content=\"Att prata med din familj om din hj\u00e4rtsvikt\" \/>\n<meta property=\"og:description\" content=\"Det \u00e4r viktigt att f\u00f6rst\u00e5 att dina anh\u00f6riga ocks\u00e5 kan ha reaktioner som liknar dina egna. De kan vara r\u00e4dda och oroliga f\u00f6r din h\u00e4lsa och ditt v\u00e4lbefinnande\" \/>\n<meta property=\"og:url\" content=\"https:\/\/www.heartfailurematters.org\/sv\/att-leva-med-hjartsvikt\/att-prata-med-din-familj-om-din-hjartsvikt\/\" \/>\n<meta property=\"og:site_name\" content=\"Heart Failure Matters\" \/>\n<meta property=\"article:publisher\" content=\"https:\/\/www.facebook.com\/heartfailurematters\" \/>\n<meta property=\"article:modified_time\" content=\"2026-02-10T13:33:23+00:00\" \/>\n<meta property=\"og:image\" content=\"https:\/\/www.heartfailurematters.org\/wp-content\/uploads\/2022\/03\/shutterstock_326634329-1-min.jpg\" \/>\n\t<meta property=\"og:image:width\" content=\"900\" \/>\n\t<meta property=\"og:image:height\" content=\"600\" \/>\n\t<meta property=\"og:image:type\" content=\"image\/jpeg\" \/>\n<meta name=\"twitter:card\" content=\"summary_large_image\" \/>\n<meta name=\"twitter:label1\" content=\"Ber\u00e4knad l\u00e4stid\" \/>\n\t<meta name=\"twitter:data1\" content=\"2 minuter\" \/>\n<script type=\"application\/ld+json\" class=\"yoast-schema-graph\">{\"@context\":\"https:\/\/schema.org\",\"@graph\":[{\"@type\":\"WebPage\",\"@id\":\"https:\/\/www.heartfailurematters.org\/sv\/att-leva-med-hjartsvikt\/att-prata-med-din-familj-om-din-hjartsvikt\/\",\"url\":\"https:\/\/www.heartfailurematters.org\/sv\/att-leva-med-hjartsvikt\/att-prata-med-din-familj-om-din-hjartsvikt\/\",\"name\":\"Att prata med din familj om din hj\u00e4rtsvikt\",\"isPartOf\":{\"@id\":\"https:\/\/www.heartfailurematters.org\/sv\/#website\"},\"primaryImageOfPage\":{\"@id\":\"https:\/\/www.heartfailurematters.org\/sv\/att-leva-med-hjartsvikt\/att-prata-med-din-familj-om-din-hjartsvikt\/#primaryimage\"},\"image\":{\"@id\":\"https:\/\/www.heartfailurematters.org\/sv\/att-leva-med-hjartsvikt\/att-prata-med-din-familj-om-din-hjartsvikt\/#primaryimage\"},\"thumbnailUrl\":\"https:\/\/www.heartfailurematters.org\/wp-content\/uploads\/2022\/03\/shutterstock_326634329-1-min.jpg\",\"datePublished\":\"2021-01-27T22:12:47+00:00\",\"dateModified\":\"2026-02-10T13:33:23+00:00\",\"description\":\"Det \u00e4r viktigt att f\u00f6rst\u00e5 att dina anh\u00f6riga ocks\u00e5 kan ha reaktioner som liknar dina egna. De kan vara r\u00e4dda och oroliga f\u00f6r din h\u00e4lsa och ditt v\u00e4lbefinnande\",\"breadcrumb\":{\"@id\":\"https:\/\/www.heartfailurematters.org\/sv\/att-leva-med-hjartsvikt\/att-prata-med-din-familj-om-din-hjartsvikt\/#breadcrumb\"},\"inLanguage\":\"sv-SE\",\"potentialAction\":[{\"@type\":\"ReadAction\",\"target\":[\"https:\/\/www.heartfailurematters.org\/sv\/att-leva-med-hjartsvikt\/att-prata-med-din-familj-om-din-hjartsvikt\/\"]}]},{\"@type\":\"ImageObject\",\"inLanguage\":\"sv-SE\",\"@id\":\"https:\/\/www.heartfailurematters.org\/sv\/att-leva-med-hjartsvikt\/att-prata-med-din-familj-om-din-hjartsvikt\/#primaryimage\",\"url\":\"https:\/\/www.heartfailurematters.org\/wp-content\/uploads\/2022\/03\/shutterstock_326634329-1-min.jpg\",\"contentUrl\":\"https:\/\/www.heartfailurematters.org\/wp-content\/uploads\/2022\/03\/shutterstock_326634329-1-min.jpg\",\"width\":900,\"height\":600},{\"@type\":\"BreadcrumbList\",\"@id\":\"https:\/\/www.heartfailurematters.org\/sv\/att-leva-med-hjartsvikt\/att-prata-med-din-familj-om-din-hjartsvikt\/#breadcrumb\",\"itemListElement\":[{\"@type\":\"ListItem\",\"position\":1,\"name\":\"Hem\",\"item\":\"https:\/\/www.heartfailurematters.org\/sv\/\"},{\"@type\":\"ListItem\",\"position\":2,\"name\":\"Att leva med hj\u00e4rtsvikt\",\"item\":\"https:\/\/www.heartfailurematters.org\/sv\/att-leva-med-hjartsvikt\/\"},{\"@type\":\"ListItem\",\"position\":3,\"name\":\"Att prata med din familj om din hj\u00e4rtsvikt\"}]},{\"@type\":\"WebSite\",\"@id\":\"https:\/\/www.heartfailurematters.org\/sv\/#website\",\"url\":\"https:\/\/www.heartfailurematters.org\/sv\/\",\"name\":\"Heart Failure Matters\",\"description\":\"Practical information for patients, families and caregivers.\",\"publisher\":{\"@id\":\"https:\/\/www.heartfailurematters.org\/sv\/#organization\"},\"potentialAction\":[{\"@type\":\"SearchAction\",\"target\":{\"@type\":\"EntryPoint\",\"urlTemplate\":\"https:\/\/www.heartfailurematters.org\/sv\/?s={search_term_string}\"},\"query-input\":{\"@type\":\"PropertyValueSpecification\",\"valueRequired\":true,\"valueName\":\"search_term_string\"}}],\"inLanguage\":\"sv-SE\"},{\"@type\":\"Organization\",\"@id\":\"https:\/\/www.heartfailurematters.org\/sv\/#organization\",\"name\":\"Heart Failure Matters\",\"url\":\"https:\/\/www.heartfailurematters.org\/sv\/\",\"logo\":{\"@type\":\"ImageObject\",\"inLanguage\":\"sv-SE\",\"@id\":\"https:\/\/www.heartfailurematters.org\/sv\/#\/schema\/logo\/image\/\",\"url\":\"https:\/\/cdn-endpoint-hfm.azureedge.net\/heartfailurematters\/2024\/07\/hfm-logo1.jpg\",\"contentUrl\":\"https:\/\/cdn-endpoint-hfm.azureedge.net\/heartfailurematters\/2024\/07\/hfm-logo1.jpg\",\"width\":1280,\"height\":720,\"caption\":\"Heart Failure Matters\"},\"image\":{\"@id\":\"https:\/\/www.heartfailurematters.org\/sv\/#\/schema\/logo\/image\/\"},\"sameAs\":[\"https:\/\/www.facebook.com\/heartfailurematters\"]}]}<\/script>\n<!-- \/ Yoast SEO plugin. -->","yoast_head_json":{"title":"Att prata med din familj om din hj\u00e4rtsvikt","description":"Det \u00e4r viktigt att f\u00f6rst\u00e5 att dina anh\u00f6riga ocks\u00e5 kan ha reaktioner som liknar dina egna. De kan vara r\u00e4dda och oroliga f\u00f6r din h\u00e4lsa och ditt v\u00e4lbefinnande","robots":{"index":"index","follow":"follow","max-snippet":"max-snippet:-1","max-image-preview":"max-image-preview:large","max-video-preview":"max-video-preview:-1"},"canonical":"https:\/\/www.heartfailurematters.org\/sv\/att-leva-med-hjartsvikt\/att-prata-med-din-familj-om-din-hjartsvikt\/","og_locale":"sv_SE","og_type":"article","og_title":"Att prata med din familj om din hj\u00e4rtsvikt","og_description":"Det \u00e4r viktigt att f\u00f6rst\u00e5 att dina anh\u00f6riga ocks\u00e5 kan ha reaktioner som liknar dina egna. De kan vara r\u00e4dda och oroliga f\u00f6r din h\u00e4lsa och ditt v\u00e4lbefinnande","og_url":"https:\/\/www.heartfailurematters.org\/sv\/att-leva-med-hjartsvikt\/att-prata-med-din-familj-om-din-hjartsvikt\/","og_site_name":"Heart Failure Matters","article_publisher":"https:\/\/www.facebook.com\/heartfailurematters","article_modified_time":"2026-02-10T13:33:23+00:00","og_image":[{"width":900,"height":600,"url":"https:\/\/www.heartfailurematters.org\/wp-content\/uploads\/2022\/03\/shutterstock_326634329-1-min.jpg","type":"image\/jpeg"}],"twitter_card":"summary_large_image","twitter_misc":{"Ber\u00e4knad l\u00e4stid":"2 minuter"},"schema":{"@context":"https:\/\/schema.org","@graph":[{"@type":"WebPage","@id":"https:\/\/www.heartfailurematters.org\/sv\/att-leva-med-hjartsvikt\/att-prata-med-din-familj-om-din-hjartsvikt\/","url":"https:\/\/www.heartfailurematters.org\/sv\/att-leva-med-hjartsvikt\/att-prata-med-din-familj-om-din-hjartsvikt\/","name":"Att prata med din familj om din hj\u00e4rtsvikt","isPartOf":{"@id":"https:\/\/www.heartfailurematters.org\/sv\/#website"},"primaryImageOfPage":{"@id":"https:\/\/www.heartfailurematters.org\/sv\/att-leva-med-hjartsvikt\/att-prata-med-din-familj-om-din-hjartsvikt\/#primaryimage"},"image":{"@id":"https:\/\/www.heartfailurematters.org\/sv\/att-leva-med-hjartsvikt\/att-prata-med-din-familj-om-din-hjartsvikt\/#primaryimage"},"thumbnailUrl":"https:\/\/www.heartfailurematters.org\/wp-content\/uploads\/2022\/03\/shutterstock_326634329-1-min.jpg","datePublished":"2021-01-27T22:12:47+00:00","dateModified":"2026-02-10T13:33:23+00:00","description":"Det \u00e4r viktigt att f\u00f6rst\u00e5 att dina anh\u00f6riga ocks\u00e5 kan ha reaktioner som liknar dina egna. De kan vara r\u00e4dda och oroliga f\u00f6r din h\u00e4lsa och ditt v\u00e4lbefinnande","breadcrumb":{"@id":"https:\/\/www.heartfailurematters.org\/sv\/att-leva-med-hjartsvikt\/att-prata-med-din-familj-om-din-hjartsvikt\/#breadcrumb"},"inLanguage":"sv-SE","potentialAction":[{"@type":"ReadAction","target":["https:\/\/www.heartfailurematters.org\/sv\/att-leva-med-hjartsvikt\/att-prata-med-din-familj-om-din-hjartsvikt\/"]}]},{"@type":"ImageObject","inLanguage":"sv-SE","@id":"https:\/\/www.heartfailurematters.org\/sv\/att-leva-med-hjartsvikt\/att-prata-med-din-familj-om-din-hjartsvikt\/#primaryimage","url":"https:\/\/www.heartfailurematters.org\/wp-content\/uploads\/2022\/03\/shutterstock_326634329-1-min.jpg","contentUrl":"https:\/\/www.heartfailurematters.org\/wp-content\/uploads\/2022\/03\/shutterstock_326634329-1-min.jpg","width":900,"height":600},{"@type":"BreadcrumbList","@id":"https:\/\/www.heartfailurematters.org\/sv\/att-leva-med-hjartsvikt\/att-prata-med-din-familj-om-din-hjartsvikt\/#breadcrumb","itemListElement":[{"@type":"ListItem","position":1,"name":"Hem","item":"https:\/\/www.heartfailurematters.org\/sv\/"},{"@type":"ListItem","position":2,"name":"Att leva med hj\u00e4rtsvikt","item":"https:\/\/www.heartfailurematters.org\/sv\/att-leva-med-hjartsvikt\/"},{"@type":"ListItem","position":3,"name":"Att prata med din familj om din hj\u00e4rtsvikt"}]},{"@type":"WebSite","@id":"https:\/\/www.heartfailurematters.org\/sv\/#website","url":"https:\/\/www.heartfailurematters.org\/sv\/","name":"Heart Failure Matters","description":"Practical information for patients, families and caregivers.","publisher":{"@id":"https:\/\/www.heartfailurematters.org\/sv\/#organization"},"potentialAction":[{"@type":"SearchAction","target":{"@type":"EntryPoint","urlTemplate":"https:\/\/www.heartfailurematters.org\/sv\/?s={search_term_string}"},"query-input":{"@type":"PropertyValueSpecification","valueRequired":true,"valueName":"search_term_string"}}],"inLanguage":"sv-SE"},{"@type":"Organization","@id":"https:\/\/www.heartfailurematters.org\/sv\/#organization","name":"Heart Failure Matters","url":"https:\/\/www.heartfailurematters.org\/sv\/","logo":{"@type":"ImageObject","inLanguage":"sv-SE","@id":"https:\/\/www.heartfailurematters.org\/sv\/#\/schema\/logo\/image\/","url":"https:\/\/cdn-endpoint-hfm.azureedge.net\/heartfailurematters\/2024\/07\/hfm-logo1.jpg","contentUrl":"https:\/\/cdn-endpoint-hfm.azureedge.net\/heartfailurematters\/2024\/07\/hfm-logo1.jpg","width":1280,"height":720,"caption":"Heart Failure Matters"},"image":{"@id":"https:\/\/www.heartfailurematters.org\/sv\/#\/schema\/logo\/image\/"},"sameAs":["https:\/\/www.facebook.com\/heartfailurematters"]}]}},"_links":{"self":[{"href":"https:\/\/www.heartfailurematters.org\/sv\/wp-json\/wp\/v2\/pages\/2644","targetHints":{"allow":["GET"]}}],"collection":[{"href":"https:\/\/www.heartfailurematters.org\/sv\/wp-json\/wp\/v2\/pages"}],"about":[{"href":"https:\/\/www.heartfailurematters.org\/sv\/wp-json\/wp\/v2\/types\/page"}],"author":[{"embeddable":true,"href":"https:\/\/www.heartfailurematters.org\/sv\/wp-json\/wp\/v2\/users\/1"}],"replies":[{"embeddable":true,"href":"https:\/\/www.heartfailurematters.org\/sv\/wp-json\/wp\/v2\/comments?post=2644"}],"version-history":[{"count":1,"href":"https:\/\/www.heartfailurematters.org\/sv\/wp-json\/wp\/v2\/pages\/2644\/revisions"}],"predecessor-version":[{"id":13893,"href":"https:\/\/www.heartfailurematters.org\/sv\/wp-json\/wp\/v2\/pages\/2644\/revisions\/13893"}],"up":[{"embeddable":true,"href":"https:\/\/www.heartfailurematters.org\/sv\/wp-json\/wp\/v2\/pages\/2818"}],"wp:featuredmedia":[{"embeddable":true,"href":"https:\/\/www.heartfailurematters.org\/sv\/wp-json\/wp\/v2\/media\/11149"}],"wp:attachment":[{"href":"https:\/\/www.heartfailurematters.org\/sv\/wp-json\/wp\/v2\/media?parent=2644"}],"wp:term":[{"taxonomy":"category","embeddable":true,"href":"https:\/\/www.heartfailurematters.org\/sv\/wp-json\/wp\/v2\/categories?post=2644"},{"taxonomy":"post_tag","embeddable":true,"href":"https:\/\/www.heartfailurematters.org\/sv\/wp-json\/wp\/v2\/tags?post=2644"}],"curies":[{"name":"wp","href":"https:\/\/api.w.org\/{rel}","templated":true}]}}