{"id":2643,"date":"2021-01-27T22:12:47","date_gmt":"2021-01-27T22:12:47","guid":{"rendered":"http:\/\/heartfailurematters.local:8888\/trotthet-utmattning\/"},"modified":"2021-06-25T17:24:35","modified_gmt":"2021-06-25T16:24:35","slug":"trotthet-utmattning","status":"publish","type":"page","link":"https:\/\/www.heartfailurematters.org\/sv\/att-forsta-hjartsvikt\/trotthet-utmattning\/","title":{"rendered":"Tr\u00f6tthet\/utmattning"},"content":{"rendered":"<p><img decoding=\"async\" class=\"alignleft size-full wp-image-6762\" src=\"https:\/\/cdn-endpoint-hfm.azureedge.net\/heartfailurematters\/2021\/02\/fatigue.jpg\" alt=\"\" width=\"211\" height=\"206\"><\/p>\n<p>Hj\u00e4rtsvikt minskar hj\u00e4rtats f\u00f6rm\u00e5ga att pumpa, s\u00e5 mindre blod n\u00e5r musklerna. Denna brist p\u00e5 syre och n\u00e4ring g\u00f6r att dina muskler blir tr\u00f6tta mycket snabbare.<\/p>\n<p>Dessutom resulterar den minskade pumpf\u00f6rm\u00e5gan i blodstockning i lungorna, vilket i sin tur orsakar andn\u00f6d. Vissa patienter har sv\u00e5rt att skilja mellan tr\u00f6tthet\/utmattning och andn\u00f6d. \u00d6kad tr\u00f6tthet vid anstr\u00e4ngning eller under aktivitet \u00e4r mer sannolikt relaterat till hj\u00e4rtsvikt.<\/p>\n<p>Du kan eventuellt minska tr\u00f6ttheten genom att motionera. M\u00e5ttlig motion och tr\u00e4ning kan bidra till att f\u00f6rb\u00e4ttra dina symtom. I motsats till vad m\u00e5nga tror, \u00e4r motion nyttigt f\u00f6r patienter med hj\u00e4rtsvikt. Motion minskar ocks\u00e5 stress och \u00f6kar din energi och kraft.<\/p>\n<p><a title=\"L\u00e4s mer om n\u00e4r man ska motionera och vad man ska g\u00f6ra\" href=\"https:\/\/www.heartfailurematters.org\/what-you-can-do\/activity-and-exercise\/\">Klicka h\u00e4r<\/a> f\u00f6r att l\u00e4sa mer om n\u00e4r man ska motionera och vad man ska g\u00f6ra.<\/p>\n<p>Du uppt\u00e4cker kanske ocks\u00e5 att <a title=\"Tekniker f\u00f6r att spara energi\" href=\"https:\/\/www.heartfailurematters.org\/living-with-heart-failure\/techniques-to-conserve-energy\/\">tekniker f\u00f6r att spara energi<\/a> hj\u00e4lper dig att f\u00f6rst\u00e5 vad du kan g\u00f6ra, och se till att du har tillr\u00e4ckligt med energi f\u00f6r att g\u00f6ra de saker du verkligen tycker om.<\/p>\n<p><a title=\"\u00c5terg\u00e5 till Symtom\" href=\"https:\/\/www.heartfailurematters.org\/understanding-heart-failure\/symptoms-of-heart-failure\/\">\u00c5terg\u00e5 till Symtom<\/a><\/p>\n","protected":false},"excerpt":{"rendered":"<p>Hj\u00e4rtsvikt minskar hj\u00e4rtats f\u00f6rm\u00e5ga att pumpa, s\u00e5 mindre blod n\u00e5r musklerna. Denna brist p\u00e5 syre och n\u00e4ring g\u00f6r att dina muskler blir tr\u00f6tta mycket snabbare. Dessutom resulterar den minskade pumpf\u00f6rm\u00e5gan i blodstockning i lungorna, vilket i sin tur orsakar andn\u00f6d. Vissa patienter har sv\u00e5rt att skilja mellan tr\u00f6tthet\/utmattning och andn\u00f6d. \u00d6kad tr\u00f6tthet vid anstr\u00e4ngning eller [&hellip;]<\/p>\n","protected":false},"author":1,"featured_media":0,"parent":2421,"menu_order":0,"comment_status":"open","ping_status":"open","template":"","meta":{"_acf_changed":false,"footnotes":""},"categories":[],"tags":[],"class_list":["post-2643","page","type-page","status-publish","hentry"],"acf":[],"yoast_head":"<!-- This site is optimized with the Yoast SEO plugin v24.8.1 - https:\/\/yoast.com\/wordpress\/plugins\/seo\/ -->\n<title>Tr\u00f6tthet\/utmattning och hj\u00e4rtsvikt<\/title>\n<meta name=\"description\" content=\"Hj\u00e4rtsvikt minskar hj\u00e4rtats f\u00f6rm\u00e5ga att pumpa, s\u00e5 mindre blod n\u00e5r musklerna. Denna brist p\u00e5 syre och n\u00e4ring g\u00f6r att dina muskler blir tr\u00f6tta mycket snabbare.\" \/>\n<meta name=\"robots\" content=\"index, follow, max-snippet:-1, max-image-preview:large, max-video-preview:-1\" \/>\n<link rel=\"canonical\" href=\"https:\/\/www.heartfailurematters.org\/sv\/att-forsta-hjartsvikt\/trotthet-utmattning\/\" \/>\n<meta property=\"og:locale\" content=\"sv_SE\" \/>\n<meta property=\"og:type\" content=\"article\" \/>\n<meta property=\"og:title\" content=\"Tr\u00f6tthet\/utmattning och hj\u00e4rtsvikt\" \/>\n<meta property=\"og:description\" content=\"Hj\u00e4rtsvikt minskar hj\u00e4rtats f\u00f6rm\u00e5ga att pumpa, s\u00e5 mindre blod n\u00e5r musklerna. Denna brist p\u00e5 syre och n\u00e4ring g\u00f6r att dina muskler blir tr\u00f6tta mycket snabbare.\" \/>\n<meta property=\"og:url\" content=\"https:\/\/www.heartfailurematters.org\/sv\/att-forsta-hjartsvikt\/trotthet-utmattning\/\" \/>\n<meta property=\"og:site_name\" content=\"Heart Failure Matters\" \/>\n<meta property=\"article:publisher\" content=\"https:\/\/www.facebook.com\/heartfailurematters\" \/>\n<meta property=\"article:modified_time\" content=\"2021-06-25T16:24:35+00:00\" \/>\n<meta property=\"og:image\" content=\"https:\/\/cdn-endpoint-hfm.azureedge.net\/heartfailurematters\/2021\/02\/fatigue.jpg\" \/>\n<meta name=\"twitter:card\" content=\"summary_large_image\" \/>\n<meta name=\"twitter:label1\" content=\"Ber\u00e4knad l\u00e4stid\" \/>\n\t<meta name=\"twitter:data1\" content=\"1 minut\" \/>\n<script type=\"application\/ld+json\" class=\"yoast-schema-graph\">{\"@context\":\"https:\/\/schema.org\",\"@graph\":[{\"@type\":\"WebPage\",\"@id\":\"https:\/\/www.heartfailurematters.org\/sv\/att-forsta-hjartsvikt\/trotthet-utmattning\/\",\"url\":\"https:\/\/www.heartfailurematters.org\/sv\/att-forsta-hjartsvikt\/trotthet-utmattning\/\",\"name\":\"Tr\u00f6tthet\/utmattning och hj\u00e4rtsvikt\",\"isPartOf\":{\"@id\":\"https:\/\/www.heartfailurematters.org\/sv\/#website\"},\"primaryImageOfPage\":{\"@id\":\"https:\/\/www.heartfailurematters.org\/sv\/att-forsta-hjartsvikt\/trotthet-utmattning\/#primaryimage\"},\"image\":{\"@id\":\"https:\/\/www.heartfailurematters.org\/sv\/att-forsta-hjartsvikt\/trotthet-utmattning\/#primaryimage\"},\"thumbnailUrl\":\"https:\/\/cdn-endpoint-hfm.azureedge.net\/heartfailurematters\/2021\/02\/fatigue.jpg\",\"datePublished\":\"2021-01-27T22:12:47+00:00\",\"dateModified\":\"2021-06-25T16:24:35+00:00\",\"description\":\"Hj\u00e4rtsvikt minskar hj\u00e4rtats f\u00f6rm\u00e5ga att pumpa, s\u00e5 mindre blod n\u00e5r musklerna. Denna brist p\u00e5 syre och n\u00e4ring g\u00f6r att dina muskler blir tr\u00f6tta mycket snabbare.\",\"breadcrumb\":{\"@id\":\"https:\/\/www.heartfailurematters.org\/sv\/att-forsta-hjartsvikt\/trotthet-utmattning\/#breadcrumb\"},\"inLanguage\":\"sv-SE\",\"potentialAction\":[{\"@type\":\"ReadAction\",\"target\":[\"https:\/\/www.heartfailurematters.org\/sv\/att-forsta-hjartsvikt\/trotthet-utmattning\/\"]}]},{\"@type\":\"ImageObject\",\"inLanguage\":\"sv-SE\",\"@id\":\"https:\/\/www.heartfailurematters.org\/sv\/att-forsta-hjartsvikt\/trotthet-utmattning\/#primaryimage\",\"url\":\"https:\/\/cdn-endpoint-hfm.azureedge.net\/heartfailurematters\/2021\/02\/fatigue.jpg\",\"contentUrl\":\"https:\/\/cdn-endpoint-hfm.azureedge.net\/heartfailurematters\/2021\/02\/fatigue.jpg\"},{\"@type\":\"BreadcrumbList\",\"@id\":\"https:\/\/www.heartfailurematters.org\/sv\/att-forsta-hjartsvikt\/trotthet-utmattning\/#breadcrumb\",\"itemListElement\":[{\"@type\":\"ListItem\",\"position\":1,\"name\":\"Hem\",\"item\":\"https:\/\/www.heartfailurematters.org\/sv\/\"},{\"@type\":\"ListItem\",\"position\":2,\"name\":\"Att f\u00f6rst\u00e5 hj\u00e4rtsvikt\",\"item\":\"https:\/\/www.heartfailurematters.org\/sv\/att-forsta-hjartsvikt\/\"},{\"@type\":\"ListItem\",\"position\":3,\"name\":\"Tr\u00f6tthet\/utmattning\"}]},{\"@type\":\"WebSite\",\"@id\":\"https:\/\/www.heartfailurematters.org\/sv\/#website\",\"url\":\"https:\/\/www.heartfailurematters.org\/sv\/\",\"name\":\"Heart Failure Matters\",\"description\":\"Practical information for patients, families and caregivers.\",\"publisher\":{\"@id\":\"https:\/\/www.heartfailurematters.org\/sv\/#organization\"},\"potentialAction\":[{\"@type\":\"SearchAction\",\"target\":{\"@type\":\"EntryPoint\",\"urlTemplate\":\"https:\/\/www.heartfailurematters.org\/sv\/?s={search_term_string}\"},\"query-input\":{\"@type\":\"PropertyValueSpecification\",\"valueRequired\":true,\"valueName\":\"search_term_string\"}}],\"inLanguage\":\"sv-SE\"},{\"@type\":\"Organization\",\"@id\":\"https:\/\/www.heartfailurematters.org\/sv\/#organization\",\"name\":\"Heart Failure Matters\",\"url\":\"https:\/\/www.heartfailurematters.org\/sv\/\",\"logo\":{\"@type\":\"ImageObject\",\"inLanguage\":\"sv-SE\",\"@id\":\"https:\/\/www.heartfailurematters.org\/sv\/#\/schema\/logo\/image\/\",\"url\":\"https:\/\/cdn-endpoint-hfm.azureedge.net\/heartfailurematters\/2024\/07\/hfm-logo1.jpg\",\"contentUrl\":\"https:\/\/cdn-endpoint-hfm.azureedge.net\/heartfailurematters\/2024\/07\/hfm-logo1.jpg\",\"width\":1280,\"height\":720,\"caption\":\"Heart Failure Matters\"},\"image\":{\"@id\":\"https:\/\/www.heartfailurematters.org\/sv\/#\/schema\/logo\/image\/\"},\"sameAs\":[\"https:\/\/www.facebook.com\/heartfailurematters\"]}]}<\/script>\n<!-- \/ Yoast SEO plugin. -->","yoast_head_json":{"title":"Tr\u00f6tthet\/utmattning och hj\u00e4rtsvikt","description":"Hj\u00e4rtsvikt minskar hj\u00e4rtats f\u00f6rm\u00e5ga att pumpa, s\u00e5 mindre blod n\u00e5r musklerna. Denna brist p\u00e5 syre och n\u00e4ring g\u00f6r att dina muskler blir tr\u00f6tta mycket snabbare.","robots":{"index":"index","follow":"follow","max-snippet":"max-snippet:-1","max-image-preview":"max-image-preview:large","max-video-preview":"max-video-preview:-1"},"canonical":"https:\/\/www.heartfailurematters.org\/sv\/att-forsta-hjartsvikt\/trotthet-utmattning\/","og_locale":"sv_SE","og_type":"article","og_title":"Tr\u00f6tthet\/utmattning och hj\u00e4rtsvikt","og_description":"Hj\u00e4rtsvikt minskar hj\u00e4rtats f\u00f6rm\u00e5ga att pumpa, s\u00e5 mindre blod n\u00e5r musklerna. Denna brist p\u00e5 syre och n\u00e4ring g\u00f6r att dina muskler blir tr\u00f6tta mycket snabbare.","og_url":"https:\/\/www.heartfailurematters.org\/sv\/att-forsta-hjartsvikt\/trotthet-utmattning\/","og_site_name":"Heart Failure Matters","article_publisher":"https:\/\/www.facebook.com\/heartfailurematters","article_modified_time":"2021-06-25T16:24:35+00:00","og_image":[{"url":"https:\/\/cdn-endpoint-hfm.azureedge.net\/heartfailurematters\/2021\/02\/fatigue.jpg","type":"","width":"","height":""}],"twitter_card":"summary_large_image","twitter_misc":{"Ber\u00e4knad l\u00e4stid":"1 minut"},"schema":{"@context":"https:\/\/schema.org","@graph":[{"@type":"WebPage","@id":"https:\/\/www.heartfailurematters.org\/sv\/att-forsta-hjartsvikt\/trotthet-utmattning\/","url":"https:\/\/www.heartfailurematters.org\/sv\/att-forsta-hjartsvikt\/trotthet-utmattning\/","name":"Tr\u00f6tthet\/utmattning och hj\u00e4rtsvikt","isPartOf":{"@id":"https:\/\/www.heartfailurematters.org\/sv\/#website"},"primaryImageOfPage":{"@id":"https:\/\/www.heartfailurematters.org\/sv\/att-forsta-hjartsvikt\/trotthet-utmattning\/#primaryimage"},"image":{"@id":"https:\/\/www.heartfailurematters.org\/sv\/att-forsta-hjartsvikt\/trotthet-utmattning\/#primaryimage"},"thumbnailUrl":"https:\/\/cdn-endpoint-hfm.azureedge.net\/heartfailurematters\/2021\/02\/fatigue.jpg","datePublished":"2021-01-27T22:12:47+00:00","dateModified":"2021-06-25T16:24:35+00:00","description":"Hj\u00e4rtsvikt minskar hj\u00e4rtats f\u00f6rm\u00e5ga att pumpa, s\u00e5 mindre blod n\u00e5r musklerna. Denna brist p\u00e5 syre och n\u00e4ring g\u00f6r att dina muskler blir tr\u00f6tta mycket snabbare.","breadcrumb":{"@id":"https:\/\/www.heartfailurematters.org\/sv\/att-forsta-hjartsvikt\/trotthet-utmattning\/#breadcrumb"},"inLanguage":"sv-SE","potentialAction":[{"@type":"ReadAction","target":["https:\/\/www.heartfailurematters.org\/sv\/att-forsta-hjartsvikt\/trotthet-utmattning\/"]}]},{"@type":"ImageObject","inLanguage":"sv-SE","@id":"https:\/\/www.heartfailurematters.org\/sv\/att-forsta-hjartsvikt\/trotthet-utmattning\/#primaryimage","url":"https:\/\/cdn-endpoint-hfm.azureedge.net\/heartfailurematters\/2021\/02\/fatigue.jpg","contentUrl":"https:\/\/cdn-endpoint-hfm.azureedge.net\/heartfailurematters\/2021\/02\/fatigue.jpg"},{"@type":"BreadcrumbList","@id":"https:\/\/www.heartfailurematters.org\/sv\/att-forsta-hjartsvikt\/trotthet-utmattning\/#breadcrumb","itemListElement":[{"@type":"ListItem","position":1,"name":"Hem","item":"https:\/\/www.heartfailurematters.org\/sv\/"},{"@type":"ListItem","position":2,"name":"Att f\u00f6rst\u00e5 hj\u00e4rtsvikt","item":"https:\/\/www.heartfailurematters.org\/sv\/att-forsta-hjartsvikt\/"},{"@type":"ListItem","position":3,"name":"Tr\u00f6tthet\/utmattning"}]},{"@type":"WebSite","@id":"https:\/\/www.heartfailurematters.org\/sv\/#website","url":"https:\/\/www.heartfailurematters.org\/sv\/","name":"Heart Failure Matters","description":"Practical information for patients, families and caregivers.","publisher":{"@id":"https:\/\/www.heartfailurematters.org\/sv\/#organization"},"potentialAction":[{"@type":"SearchAction","target":{"@type":"EntryPoint","urlTemplate":"https:\/\/www.heartfailurematters.org\/sv\/?s={search_term_string}"},"query-input":{"@type":"PropertyValueSpecification","valueRequired":true,"valueName":"search_term_string"}}],"inLanguage":"sv-SE"},{"@type":"Organization","@id":"https:\/\/www.heartfailurematters.org\/sv\/#organization","name":"Heart Failure Matters","url":"https:\/\/www.heartfailurematters.org\/sv\/","logo":{"@type":"ImageObject","inLanguage":"sv-SE","@id":"https:\/\/www.heartfailurematters.org\/sv\/#\/schema\/logo\/image\/","url":"https:\/\/cdn-endpoint-hfm.azureedge.net\/heartfailurematters\/2024\/07\/hfm-logo1.jpg","contentUrl":"https:\/\/cdn-endpoint-hfm.azureedge.net\/heartfailurematters\/2024\/07\/hfm-logo1.jpg","width":1280,"height":720,"caption":"Heart Failure Matters"},"image":{"@id":"https:\/\/www.heartfailurematters.org\/sv\/#\/schema\/logo\/image\/"},"sameAs":["https:\/\/www.facebook.com\/heartfailurematters"]}]}},"_links":{"self":[{"href":"https:\/\/www.heartfailurematters.org\/sv\/wp-json\/wp\/v2\/pages\/2643","targetHints":{"allow":["GET"]}}],"collection":[{"href":"https:\/\/www.heartfailurematters.org\/sv\/wp-json\/wp\/v2\/pages"}],"about":[{"href":"https:\/\/www.heartfailurematters.org\/sv\/wp-json\/wp\/v2\/types\/page"}],"author":[{"embeddable":true,"href":"https:\/\/www.heartfailurematters.org\/sv\/wp-json\/wp\/v2\/users\/1"}],"replies":[{"embeddable":true,"href":"https:\/\/www.heartfailurematters.org\/sv\/wp-json\/wp\/v2\/comments?post=2643"}],"version-history":[{"count":3,"href":"https:\/\/www.heartfailurematters.org\/sv\/wp-json\/wp\/v2\/pages\/2643\/revisions"}],"predecessor-version":[{"id":9198,"href":"https:\/\/www.heartfailurematters.org\/sv\/wp-json\/wp\/v2\/pages\/2643\/revisions\/9198"}],"up":[{"embeddable":true,"href":"https:\/\/www.heartfailurematters.org\/sv\/wp-json\/wp\/v2\/pages\/2421"}],"wp:attachment":[{"href":"https:\/\/www.heartfailurematters.org\/sv\/wp-json\/wp\/v2\/media?parent=2643"}],"wp:term":[{"taxonomy":"category","embeddable":true,"href":"https:\/\/www.heartfailurematters.org\/sv\/wp-json\/wp\/v2\/categories?post=2643"},{"taxonomy":"post_tag","embeddable":true,"href":"https:\/\/www.heartfailurematters.org\/sv\/wp-json\/wp\/v2\/tags?post=2643"}],"curies":[{"name":"wp","href":"https:\/\/api.w.org\/{rel}","templated":true}]}}