{"id":2638,"date":"2021-01-27T22:12:47","date_gmt":"2021-01-27T22:12:47","guid":{"rendered":"http:\/\/heartfailurematters.local:8888\/rokning-2\/"},"modified":"2021-01-27T22:12:47","modified_gmt":"2021-01-27T22:12:47","slug":"rokning","status":"publish","type":"page","link":"https:\/\/www.heartfailurematters.org\/sv\/att-leva-med-hjartsvikt\/rokning\/","title":{"rendered":"R\u00f6kning"},"content":{"rendered":"<p>Kolmonoxid i cigarettr&ouml;k p&aring;verkar blodets syres&auml;ttande f&ouml;rm&aring;ga. Ditt hj&auml;rta m&aring;ste d&auml;rf&ouml;r arbeta h&aring;rdare f&ouml;r att f&ouml;rse kroppen med tillr&auml;ckligt syre. R&ouml;kning bidrar ocks&aring; till avlagringar av fett i blodk&auml;rlen, vilket g&ouml;r att blodk&auml;rlen smalnar av och inneb&auml;r risk f&ouml;r utveckling av blodpropp (trombos) och f&ouml;rh&ouml;jt blodtryck. Den ligger ocks&aring; bakom kronisk obstruktiv luftv&auml;gssjukdom med andn&ouml;d och symtom liknande de f&ouml;r hj&auml;rtsvikt. R&ouml;kning orsakar att blodk&auml;rlen i kroppen, bland annat i hj&auml;rtat, drar ihop sig (smalnar av). Det kommer att f&ouml;rv&auml;rra hj&auml;rtsviktssymtomen. Det &auml;r aldrig f&ouml;r sent att sluta r&ouml;ka och att sluta kommer alltid att vara till nytta f&ouml;r hj&auml;rtat och din allm&auml;nna h&auml;lsa.<\/p>\n<p>Det finns flera olika s&auml;tt att sluta r&ouml;ka. Var inte r&auml;dd f&ouml;r att be om hj&auml;lp eftersom det finns m&aring;nga st&ouml;dgrupper och andra resurser som &auml;r tillg&auml;ngliga f&ouml;r att hj&auml;lpa dig. Du kanske uppt&auml;cker att inte alla r&aring;d kommer att fungera f&ouml;r dig, men med lite envishet kommer du s&auml;kert att hitta ett s&auml;tt att sluta r&ouml;ka.<\/p>\n<p>H&auml;r &auml;r n&aring;gra vanliga s&auml;tt att sluta r&ouml;ka:&nbsp;&nbsp;&nbsp;<\/p>\n<p>Det finns flera olika s&auml;tt att sluta r&ouml;ka. Var inte r&auml;dd f&ouml;r att be om hj&auml;lp eftersom det finns m&aring;nga st&ouml;dgrupper och andra resurser som &auml;r tillg&auml;ngliga f&ouml;r att hj&auml;lpa dig. Du kanske uppt&auml;cker att inte alla r&aring;d kommer att fungera f&ouml;r dig, men med lite envishet kommer du s&auml;kert att hitta ett s&auml;tt att sluta r&ouml;ka. H&auml;r &auml;r n&aring;gra vanliga s&auml;tt att sluta r&ouml;ka:&nbsp;&nbsp;&nbsp;<\/p>\n<ul>\n<li>Anv&auml;nd de tillg&auml;ngliga produkter som hj&auml;lper mot abstinenssymtom (t.ex. nikotinpl&aring;ster, tuggummi) och fr&aring;ga din l&auml;kare eller sjuksk&ouml;terska om r&aring;d.<\/li>\n<li>Flera nya l&auml;kemedel finns nu att k&ouml;pa. Tala om de olika alternativen med din l&auml;kare.<\/li>\n<li>Planera ett datum f&ouml;r att sluta och sluta sedan r&ouml;ka tv&auml;rt. Det kommer att minska kroppens sug efter nikotin p&aring; ett b&auml;ttre s&auml;tt &auml;n med en mer gradvis minskning. Nikotiners&auml;ttning (pl&aring;ster eller tuggummi) kan ocks&aring; hj&auml;lpa dig att sluta r&ouml;ka.&nbsp;&nbsp;&nbsp;&nbsp;&nbsp;&nbsp;&nbsp;&nbsp;&nbsp;&nbsp;&nbsp;<\/li>\n<li>Borsta t&auml;nderna efter m&aring;ltiden i st&auml;llet f&ouml;r att t&auml;nda en cigarett, f&ouml;r ibland hj&auml;lper det att &auml;ndra smak i munnen.<\/li>\n<li>Undvik platser d&auml;r r&ouml;kning &auml;r till&aring;ten, till exempel uteplatser p&aring; pubar och barer, i b&ouml;rjan n&auml;r du f&ouml;rs&ouml;ker sluta r&ouml;ka. Om r&ouml;kning &auml;r till&aring;ten p&aring; din arbetsplats, diskutera ditt beslut med dina kollegor.<\/li>\n<li>Hitta n&aring;got annat som du kan g&ouml;ra med h&auml;nderna eller munnen, som att leka med ett gem eller tugga tuggummi.<\/li>\n<li>Bli mer aktiv. Motion &ouml;kar moralen och hj&auml;lper dig att slappna av.<\/li>\n<li>Du kanske uppt&auml;cker att du g&aring;r upp i vikt samtidigt som du f&ouml;rs&ouml;ker sluta r&ouml;ka. Det &auml;r mycket viktigare att sluta r&ouml;ka &auml;n att beh&aring;lla din idealvikt. N&auml;r du har slutat r&ouml;ka f&ouml;r gott, kan du t&auml;nka p&aring; att g&aring; ner i vikt.<\/li>\n<li>T&ouml;m inte askfatet, det kommer att visa dig hur mycket du r&ouml;ker och hur hemskt gammal r&ouml;k luktar.<\/li>\n<li>Engagera din familj, s&auml;rskilt de som r&ouml;ker &ndash; det kan vara nyckeln till framg&aring;ng.<\/li>\n<\/ul>\n<p>Du kanske inte k&auml;nner av h&auml;lsoeffekterna av att sluta r&ouml;ka omedelbart, men med tiden kommer du att k&auml;nna dig b&auml;ttre och friskare i allm&auml;nhet.<\/p>\n<p>Ytterligare information om att sluta r&ouml;ka finns p&aring; f&ouml;ljande webbplatser:<\/p>\n<p><a href=\"http:\/\/rokfri.1177.se\/\" target=\"_blank\" rel=\"noopener\">R&ouml;kfri 1177<\/a><br \/><a href=\"http:\/\/slutarokalinjen.se\/\" target=\"_blank\" rel=\"noopener\">Sluta R&ouml;ka Linjen<\/a><\/p>\n<p><a href=\"https:\/\/www.heartfailurematters.org\/sv\/att-leva-med-hjartsvikt\/livsstil\/\">&Aring;terg&aring; till &#8221;Livsstil&#8221;<\/a><\/p>\n","protected":false},"excerpt":{"rendered":"<p>Kolmonoxid i cigarettr&ouml;k p&aring;verkar blodets syres&auml;ttande f&ouml;rm&aring;ga. Ditt hj&auml;rta m&aring;ste d&auml;rf&ouml;r arbeta h&aring;rdare f&ouml;r att f&ouml;rse kroppen med tillr&auml;ckligt syre. R&ouml;kning bidrar ocks&aring; till avlagringar av fett i blodk&auml;rlen, vilket g&ouml;r att blodk&auml;rlen smalnar av och inneb&auml;r risk f&ouml;r utveckling av blodpropp (trombos) och f&ouml;rh&ouml;jt blodtryck. Den ligger ocks&aring; bakom kronisk obstruktiv luftv&auml;gssjukdom med andn&ouml;d [&hellip;]<\/p>\n","protected":false},"author":1,"featured_media":11059,"parent":2818,"menu_order":0,"comment_status":"open","ping_status":"open","template":"","meta":{"_acf_changed":false,"footnotes":""},"categories":[],"tags":[],"class_list":["post-2638","page","type-page","status-publish","has-post-thumbnail","hentry"],"acf":[],"yoast_head":"<!-- This site is optimized with the Yoast SEO plugin v24.8.1 - https:\/\/yoast.com\/wordpress\/plugins\/seo\/ -->\n<title>Hj\u00e4rtsvikt och r\u00f6kning<\/title>\n<meta name=\"description\" content=\"Kolmonoxid i cigarettr\u00f6k p\u00e5verkar blodets syres\u00e4ttande f\u00f6rm\u00e5ga. Ditt hj\u00e4rta m\u00e5ste d\u00e4rf\u00f6r arbeta h\u00e5rdare f\u00f6r att f\u00f6rse kroppen med tillr\u00e4ckligt syre.\" \/>\n<meta name=\"robots\" content=\"index, follow, max-snippet:-1, max-image-preview:large, max-video-preview:-1\" \/>\n<link rel=\"canonical\" href=\"https:\/\/www.heartfailurematters.org\/sv\/att-leva-med-hjartsvikt\/rokning\/\" \/>\n<meta property=\"og:locale\" content=\"sv_SE\" \/>\n<meta property=\"og:type\" content=\"article\" \/>\n<meta property=\"og:title\" content=\"Hj\u00e4rtsvikt och r\u00f6kning\" \/>\n<meta property=\"og:description\" content=\"Kolmonoxid i cigarettr\u00f6k p\u00e5verkar blodets syres\u00e4ttande f\u00f6rm\u00e5ga. Ditt hj\u00e4rta m\u00e5ste d\u00e4rf\u00f6r arbeta h\u00e5rdare f\u00f6r att f\u00f6rse kroppen med tillr\u00e4ckligt syre.\" \/>\n<meta property=\"og:url\" content=\"https:\/\/www.heartfailurematters.org\/sv\/att-leva-med-hjartsvikt\/rokning\/\" \/>\n<meta property=\"og:site_name\" content=\"Heart Failure Matters\" \/>\n<meta property=\"article:publisher\" content=\"https:\/\/www.facebook.com\/heartfailurematters\" \/>\n<meta property=\"og:image\" content=\"https:\/\/www.heartfailurematters.org\/wp-content\/uploads\/2022\/03\/shutterstock_1476923477-1-min.jpg\" \/>\n\t<meta property=\"og:image:width\" content=\"900\" \/>\n\t<meta property=\"og:image:height\" content=\"601\" \/>\n\t<meta property=\"og:image:type\" content=\"image\/jpeg\" \/>\n<meta name=\"twitter:card\" content=\"summary_large_image\" \/>\n<meta name=\"twitter:label1\" content=\"Ber\u00e4knad l\u00e4stid\" \/>\n\t<meta name=\"twitter:data1\" content=\"4 minuter\" \/>\n<script type=\"application\/ld+json\" class=\"yoast-schema-graph\">{\"@context\":\"https:\/\/schema.org\",\"@graph\":[{\"@type\":\"WebPage\",\"@id\":\"https:\/\/www.heartfailurematters.org\/sv\/att-leva-med-hjartsvikt\/rokning\/\",\"url\":\"https:\/\/www.heartfailurematters.org\/sv\/att-leva-med-hjartsvikt\/rokning\/\",\"name\":\"Hj\u00e4rtsvikt och r\u00f6kning\",\"isPartOf\":{\"@id\":\"https:\/\/www.heartfailurematters.org\/sv\/#website\"},\"primaryImageOfPage\":{\"@id\":\"https:\/\/www.heartfailurematters.org\/sv\/att-leva-med-hjartsvikt\/rokning\/#primaryimage\"},\"image\":{\"@id\":\"https:\/\/www.heartfailurematters.org\/sv\/att-leva-med-hjartsvikt\/rokning\/#primaryimage\"},\"thumbnailUrl\":\"https:\/\/www.heartfailurematters.org\/wp-content\/uploads\/2022\/03\/shutterstock_1476923477-1-min.jpg\",\"datePublished\":\"2021-01-27T22:12:47+00:00\",\"description\":\"Kolmonoxid i cigarettr\u00f6k p\u00e5verkar blodets syres\u00e4ttande f\u00f6rm\u00e5ga. Ditt hj\u00e4rta m\u00e5ste d\u00e4rf\u00f6r arbeta h\u00e5rdare f\u00f6r att f\u00f6rse kroppen med tillr\u00e4ckligt syre.\",\"breadcrumb\":{\"@id\":\"https:\/\/www.heartfailurematters.org\/sv\/att-leva-med-hjartsvikt\/rokning\/#breadcrumb\"},\"inLanguage\":\"sv-SE\",\"potentialAction\":[{\"@type\":\"ReadAction\",\"target\":[\"https:\/\/www.heartfailurematters.org\/sv\/att-leva-med-hjartsvikt\/rokning\/\"]}]},{\"@type\":\"ImageObject\",\"inLanguage\":\"sv-SE\",\"@id\":\"https:\/\/www.heartfailurematters.org\/sv\/att-leva-med-hjartsvikt\/rokning\/#primaryimage\",\"url\":\"https:\/\/www.heartfailurematters.org\/wp-content\/uploads\/2022\/03\/shutterstock_1476923477-1-min.jpg\",\"contentUrl\":\"https:\/\/www.heartfailurematters.org\/wp-content\/uploads\/2022\/03\/shutterstock_1476923477-1-min.jpg\",\"width\":900,\"height\":601},{\"@type\":\"BreadcrumbList\",\"@id\":\"https:\/\/www.heartfailurematters.org\/sv\/att-leva-med-hjartsvikt\/rokning\/#breadcrumb\",\"itemListElement\":[{\"@type\":\"ListItem\",\"position\":1,\"name\":\"Hem\",\"item\":\"https:\/\/www.heartfailurematters.org\/sv\/\"},{\"@type\":\"ListItem\",\"position\":2,\"name\":\"Att leva med hj\u00e4rtsvikt\",\"item\":\"https:\/\/www.heartfailurematters.org\/sv\/att-leva-med-hjartsvikt\/\"},{\"@type\":\"ListItem\",\"position\":3,\"name\":\"R\u00f6kning\"}]},{\"@type\":\"WebSite\",\"@id\":\"https:\/\/www.heartfailurematters.org\/sv\/#website\",\"url\":\"https:\/\/www.heartfailurematters.org\/sv\/\",\"name\":\"Heart Failure Matters\",\"description\":\"Practical information for patients, families and caregivers.\",\"publisher\":{\"@id\":\"https:\/\/www.heartfailurematters.org\/sv\/#organization\"},\"potentialAction\":[{\"@type\":\"SearchAction\",\"target\":{\"@type\":\"EntryPoint\",\"urlTemplate\":\"https:\/\/www.heartfailurematters.org\/sv\/?s={search_term_string}\"},\"query-input\":{\"@type\":\"PropertyValueSpecification\",\"valueRequired\":true,\"valueName\":\"search_term_string\"}}],\"inLanguage\":\"sv-SE\"},{\"@type\":\"Organization\",\"@id\":\"https:\/\/www.heartfailurematters.org\/sv\/#organization\",\"name\":\"Heart Failure Matters\",\"url\":\"https:\/\/www.heartfailurematters.org\/sv\/\",\"logo\":{\"@type\":\"ImageObject\",\"inLanguage\":\"sv-SE\",\"@id\":\"https:\/\/www.heartfailurematters.org\/sv\/#\/schema\/logo\/image\/\",\"url\":\"https:\/\/cdn-endpoint-hfm.azureedge.net\/heartfailurematters\/2024\/07\/hfm-logo1.jpg\",\"contentUrl\":\"https:\/\/cdn-endpoint-hfm.azureedge.net\/heartfailurematters\/2024\/07\/hfm-logo1.jpg\",\"width\":1280,\"height\":720,\"caption\":\"Heart Failure Matters\"},\"image\":{\"@id\":\"https:\/\/www.heartfailurematters.org\/sv\/#\/schema\/logo\/image\/\"},\"sameAs\":[\"https:\/\/www.facebook.com\/heartfailurematters\"]}]}<\/script>\n<!-- \/ Yoast SEO plugin. -->","yoast_head_json":{"title":"Hj\u00e4rtsvikt och r\u00f6kning","description":"Kolmonoxid i cigarettr\u00f6k p\u00e5verkar blodets syres\u00e4ttande f\u00f6rm\u00e5ga. Ditt hj\u00e4rta m\u00e5ste d\u00e4rf\u00f6r arbeta h\u00e5rdare f\u00f6r att f\u00f6rse kroppen med tillr\u00e4ckligt syre.","robots":{"index":"index","follow":"follow","max-snippet":"max-snippet:-1","max-image-preview":"max-image-preview:large","max-video-preview":"max-video-preview:-1"},"canonical":"https:\/\/www.heartfailurematters.org\/sv\/att-leva-med-hjartsvikt\/rokning\/","og_locale":"sv_SE","og_type":"article","og_title":"Hj\u00e4rtsvikt och r\u00f6kning","og_description":"Kolmonoxid i cigarettr\u00f6k p\u00e5verkar blodets syres\u00e4ttande f\u00f6rm\u00e5ga. Ditt hj\u00e4rta m\u00e5ste d\u00e4rf\u00f6r arbeta h\u00e5rdare f\u00f6r att f\u00f6rse kroppen med tillr\u00e4ckligt syre.","og_url":"https:\/\/www.heartfailurematters.org\/sv\/att-leva-med-hjartsvikt\/rokning\/","og_site_name":"Heart Failure Matters","article_publisher":"https:\/\/www.facebook.com\/heartfailurematters","og_image":[{"width":900,"height":601,"url":"https:\/\/www.heartfailurematters.org\/wp-content\/uploads\/2022\/03\/shutterstock_1476923477-1-min.jpg","type":"image\/jpeg"}],"twitter_card":"summary_large_image","twitter_misc":{"Ber\u00e4knad l\u00e4stid":"4 minuter"},"schema":{"@context":"https:\/\/schema.org","@graph":[{"@type":"WebPage","@id":"https:\/\/www.heartfailurematters.org\/sv\/att-leva-med-hjartsvikt\/rokning\/","url":"https:\/\/www.heartfailurematters.org\/sv\/att-leva-med-hjartsvikt\/rokning\/","name":"Hj\u00e4rtsvikt och r\u00f6kning","isPartOf":{"@id":"https:\/\/www.heartfailurematters.org\/sv\/#website"},"primaryImageOfPage":{"@id":"https:\/\/www.heartfailurematters.org\/sv\/att-leva-med-hjartsvikt\/rokning\/#primaryimage"},"image":{"@id":"https:\/\/www.heartfailurematters.org\/sv\/att-leva-med-hjartsvikt\/rokning\/#primaryimage"},"thumbnailUrl":"https:\/\/www.heartfailurematters.org\/wp-content\/uploads\/2022\/03\/shutterstock_1476923477-1-min.jpg","datePublished":"2021-01-27T22:12:47+00:00","description":"Kolmonoxid i cigarettr\u00f6k p\u00e5verkar blodets syres\u00e4ttande f\u00f6rm\u00e5ga. Ditt hj\u00e4rta m\u00e5ste d\u00e4rf\u00f6r arbeta h\u00e5rdare f\u00f6r att f\u00f6rse kroppen med tillr\u00e4ckligt syre.","breadcrumb":{"@id":"https:\/\/www.heartfailurematters.org\/sv\/att-leva-med-hjartsvikt\/rokning\/#breadcrumb"},"inLanguage":"sv-SE","potentialAction":[{"@type":"ReadAction","target":["https:\/\/www.heartfailurematters.org\/sv\/att-leva-med-hjartsvikt\/rokning\/"]}]},{"@type":"ImageObject","inLanguage":"sv-SE","@id":"https:\/\/www.heartfailurematters.org\/sv\/att-leva-med-hjartsvikt\/rokning\/#primaryimage","url":"https:\/\/www.heartfailurematters.org\/wp-content\/uploads\/2022\/03\/shutterstock_1476923477-1-min.jpg","contentUrl":"https:\/\/www.heartfailurematters.org\/wp-content\/uploads\/2022\/03\/shutterstock_1476923477-1-min.jpg","width":900,"height":601},{"@type":"BreadcrumbList","@id":"https:\/\/www.heartfailurematters.org\/sv\/att-leva-med-hjartsvikt\/rokning\/#breadcrumb","itemListElement":[{"@type":"ListItem","position":1,"name":"Hem","item":"https:\/\/www.heartfailurematters.org\/sv\/"},{"@type":"ListItem","position":2,"name":"Att leva med hj\u00e4rtsvikt","item":"https:\/\/www.heartfailurematters.org\/sv\/att-leva-med-hjartsvikt\/"},{"@type":"ListItem","position":3,"name":"R\u00f6kning"}]},{"@type":"WebSite","@id":"https:\/\/www.heartfailurematters.org\/sv\/#website","url":"https:\/\/www.heartfailurematters.org\/sv\/","name":"Heart Failure Matters","description":"Practical information for patients, families and caregivers.","publisher":{"@id":"https:\/\/www.heartfailurematters.org\/sv\/#organization"},"potentialAction":[{"@type":"SearchAction","target":{"@type":"EntryPoint","urlTemplate":"https:\/\/www.heartfailurematters.org\/sv\/?s={search_term_string}"},"query-input":{"@type":"PropertyValueSpecification","valueRequired":true,"valueName":"search_term_string"}}],"inLanguage":"sv-SE"},{"@type":"Organization","@id":"https:\/\/www.heartfailurematters.org\/sv\/#organization","name":"Heart Failure Matters","url":"https:\/\/www.heartfailurematters.org\/sv\/","logo":{"@type":"ImageObject","inLanguage":"sv-SE","@id":"https:\/\/www.heartfailurematters.org\/sv\/#\/schema\/logo\/image\/","url":"https:\/\/cdn-endpoint-hfm.azureedge.net\/heartfailurematters\/2024\/07\/hfm-logo1.jpg","contentUrl":"https:\/\/cdn-endpoint-hfm.azureedge.net\/heartfailurematters\/2024\/07\/hfm-logo1.jpg","width":1280,"height":720,"caption":"Heart Failure Matters"},"image":{"@id":"https:\/\/www.heartfailurematters.org\/sv\/#\/schema\/logo\/image\/"},"sameAs":["https:\/\/www.facebook.com\/heartfailurematters"]}]}},"_links":{"self":[{"href":"https:\/\/www.heartfailurematters.org\/sv\/wp-json\/wp\/v2\/pages\/2638","targetHints":{"allow":["GET"]}}],"collection":[{"href":"https:\/\/www.heartfailurematters.org\/sv\/wp-json\/wp\/v2\/pages"}],"about":[{"href":"https:\/\/www.heartfailurematters.org\/sv\/wp-json\/wp\/v2\/types\/page"}],"author":[{"embeddable":true,"href":"https:\/\/www.heartfailurematters.org\/sv\/wp-json\/wp\/v2\/users\/1"}],"replies":[{"embeddable":true,"href":"https:\/\/www.heartfailurematters.org\/sv\/wp-json\/wp\/v2\/comments?post=2638"}],"version-history":[{"count":0,"href":"https:\/\/www.heartfailurematters.org\/sv\/wp-json\/wp\/v2\/pages\/2638\/revisions"}],"up":[{"embeddable":true,"href":"https:\/\/www.heartfailurematters.org\/sv\/wp-json\/wp\/v2\/pages\/2818"}],"wp:featuredmedia":[{"embeddable":true,"href":"https:\/\/www.heartfailurematters.org\/sv\/wp-json\/wp\/v2\/media\/11059"}],"wp:attachment":[{"href":"https:\/\/www.heartfailurematters.org\/sv\/wp-json\/wp\/v2\/media?parent=2638"}],"wp:term":[{"taxonomy":"category","embeddable":true,"href":"https:\/\/www.heartfailurematters.org\/sv\/wp-json\/wp\/v2\/categories?post=2638"},{"taxonomy":"post_tag","embeddable":true,"href":"https:\/\/www.heartfailurematters.org\/sv\/wp-json\/wp\/v2\/tags?post=2638"}],"curies":[{"name":"wp","href":"https:\/\/api.w.org\/{rel}","templated":true}]}}