{"id":2635,"date":"2021-01-27T22:12:47","date_gmt":"2021-01-27T22:12:47","guid":{"rendered":"http:\/\/heartfailurematters.local:8888\/antikoagulantia-och-nya-orala-antikoagulantia\/"},"modified":"2026-02-10T13:33:21","modified_gmt":"2026-02-10T13:33:21","slug":"antikoagulantia-och-nya-orala-antikoagulantia","status":"publish","type":"page","link":"https:\/\/www.heartfailurematters.org\/sv\/vad-din-lakare-eller-sjukskoterska-kan-gora\/antikoagulantia-och-nya-orala-antikoagulantia\/","title":{"rendered":"Antikoagulantia och nya orala antikoagulantia"},"content":{"rendered":"<h2>Vad de g\u00f6r<\/h2>\n<p><strong>Antikoagulantia<\/strong>, \u00e4ven k\u00e4nt som <strong>antitrombotiska medel<\/strong>, h\u00e4mmar uppkomst eller tillv\u00e4xt av blodproppar. De \u00e4r viktiga eftersom personer med hj\u00e4rtsvikt kan producera blodproppar i hj\u00e4rtat eller i blodk\u00e4rlen som \u00e5ters\u00e4nder blod till hj\u00e4rtat. F\u00f6r patienter med<strong>f\u00f6rmaksflimmer, som \u00e4r en oregelbunden hj\u00e4rtrytm som \u00e4r s\u00e4rskilt vanligt hos patienter med hj\u00e4rtsvikt, \u00e4r <\/strong><a class=\"addtooltip\" title=\"&lt;div id='ToolTipTextWrap'&gt;antikoagulantia&lt;\/div&gt;&lt;p&gt; L\u00e4kemedel som f\u00f6rhindrar blodproppar, i synnerhet i kransk\u00e4rlen.&lt;\/p&gt;\"><strong>behandling med antikoagulantia<\/strong><\/a> av avg\u00f6rande betydelse, eftersom de skyddar mot att blodproppar bildas i v\u00e4nster f\u00f6rmak, som kan flytta sig till hj\u00e4rnan och leda till en stroke (blodpropp i hj\u00e4rnan).<\/p>\n<p>\u00c4ven om<a class=\"addtooltip\" title=\"&lt;div id='ToolTipTextWrap'&gt;antikoagulantia&lt;\/div&gt;&lt;p&gt; L\u00e4kemedel som f\u00f6rhindrar blodproppar, i synnerhet i kransk\u00e4rlen.&lt;\/p&gt;\"><strong>antikoagulantia<\/strong><\/a> ofta kallas f\u00f6r blodf\u00f6rtunnande medel, f\u00e5r de faktiskt inte blodet att flyta mer fritt genom blodk\u00e4rlen. Se dem som n\u00e5got som f\u00f6rhindrar tr\u00f6gflytande blod fr\u00e5n att bilda blodproppar d\u00e4r det inte borde.<\/p>\n<p>Warfarin \u00e4r det vanligaste antikoagulerande medlet och tas i form av tabletter. Dosen warfarin varierar fr\u00e5n person till person. Din l\u00e4kare eller sjuksk\u00f6terska kommer att m\u00e4ta ditt <strong>INR-v\u00e4rde (International Normalised Ratio)<\/strong> regelbundet, s\u00e4rskilt i b\u00f6rjan av behandlingen och sedan rutinm\u00e4ssigt f\u00f6r att fastst\u00e4lla r\u00e4tt dos f\u00f6r dig. Det \u00e4r viktigt att du inte missar att ta n\u00e5gra tabletter eller tar extra doser. Om du g\u00f6r det m\u00e5ste du informera din l\u00e4kare eller sjuksk\u00f6terska.<\/p>\n<p>Ibland kan du f\u00e5 en subkutan injektion med antikoagulantia strax under huden (vanligtvis en typ av heparin) i st\u00e4llet f\u00f6r warfarin. Detta \u00e4r vanligt p\u00e5 sjukhus under perioder d\u00e5 du inte kan r\u00f6ra dig, till exempel under en sjukhusvistelse f\u00f6r ett medicinskt ingrepp, eller om du inte kan ta tabletter.<\/p>\n<p>Under de senaste \u00e5ren, har en ny generation av <a class=\"addtooltip\" title=\"&lt;div id='ToolTipTextWrap'&gt;antikoagulantia&lt;\/div&gt;&lt;p&gt; L\u00e4kemedel som f\u00f6rhindrar blodproppar, i synnerhet i kransk\u00e4rlen.&lt;\/p&gt;\"><strong>antikoagulantia<\/strong><\/a> utvecklats, s\u00e5 kallade &#8221;nya orala antikoagulantia&#8221; eller <strong>NOAK<\/strong>. Dessa l\u00e4kemedel anv\u00e4nds numera ofta f\u00f6r att skydda patienter med f\u00f6rmaksflimmer mot stroke. NOAK:s \u00e4r minst lika effektiva som warfarin och kan vara l\u00e4ttare att anv\u00e4nda, eftersom blodprover (INR) inte beh\u00f6ver tas regelbundet f\u00f6r att m\u00e4ta blodets tendens att bilda en propp.<\/p>\n<h2>Biverkningar<\/h2>\n<p>Antikoagulantia kan \u00f6ka kroppens tendens att bl\u00f6da. Det visar sig vanligtvis som bl\u00e5m\u00e4rken eller en mindre bl\u00f6dning. \u00c4ven om risken \u00e4r l\u00e5g finns det ocks\u00e5 en \u00f6kad risk f\u00f6r en st\u00f6rre <strong>hemorragi<\/strong> (allvarlig bl\u00f6dning), till exempel vid f\u00f6rekomst av mags\u00e5r.<\/p>\n<p>Effekten av warfarin varar i flera dagar efter att man slutar ta tabletterna, men din l\u00e4kare kan administrera en behandling som snabbt minskar ben\u00e4genheten att bl\u00f6da. NOAK har d\u00e4remot en kortvarig effekt \u2013 timmar snarare \u00e4n dagar \u2013 vilket inneb\u00e4r att en ben\u00e4genhet att bl\u00f6da kan vara l\u00e4ttare att hantera.<\/p>\n<h2>Topptips<\/h2>\n<p>Det \u00e4r viktigt att samarbeta med din l\u00e4kare eller sjuksk\u00f6terska n\u00e4r behandlingen p\u00e5b\u00f6rjas f\u00f6r att fastst\u00e4lla r\u00e4tt dos warfarin eller NOAK samtidigt som en stabil niv\u00e5 av antikoagulation bibeh\u00e5lls.<\/p>\n<p>Ber\u00e4tta f\u00f6r alla l\u00e4kare, inklusive din v\u00e5rdcentralsl\u00e4kare (allm\u00e4nl\u00e4kare), din tandl\u00e4kare och apotekspersonal, om du behandlas med warfarin eller NOAK. Det \u00e4r bra att ha ett kort om medicinsk behandling eller armband p\u00e5 dig f\u00f6r eventuella n\u00f6dsituationer som anger att du behandlas med warfarin eller NOAK.<\/p>\n<p>P\u00e5 grund av risken f\u00f6r bl\u00f6dning \u00e4r det viktigt att du meddelar din l\u00e4kare omedelbart om du m\u00e4rker n\u00e5gra tecken p\u00e5 onormal bl\u00f6dning, inklusive of\u00f6rklarliga bl\u00e5m\u00e4rken eller bl\u00f6dning fr\u00e5n tandk\u00f6ttet, n\u00e4san, urinv\u00e4garna eller tarmen. Det \u00e4r mycket viktigt att rapportera exakt n\u00e4r du tog din sista dos antikoagulantia, s\u00e5som warfarin eller NOAK.<\/p>\n<h2>\u00c4ven k\u00e4nd som:<\/h2>\n<ul>\n<li><strong>Orala antikoagulantia<\/strong><\/li>\n<li><strong>Warfarin<br \/>\n<\/strong>(Waran\u00ae)<\/li>\n<li><strong>Acenokumarin<br \/>\n<\/strong>(Sinthrome\u00ae)<\/li>\n<li><strong>Fenindion <\/strong><\/li>\n<li><strong>NOAK<\/strong><\/li>\n<li><strong>Dabigatran<br \/>\n<\/strong>(Pradaxa\u00ae)<\/li>\n<li><strong>Rivaroxaban<br \/>\n<\/strong>(Xarelto\u00ae)<\/li>\n<li><strong>Apixaban<\/strong><br \/>\nEliquis\u00ae<\/li>\n<li><a href=\"http:\/\/flexikon.doccheck.com\/de\/Edoxaban\"><strong>Edoxaban<\/strong><\/a><\/li>\n<li>Fenprokoumon (Marcumar\u00ae)<\/li>\n<\/ul>\n<p><strong> <\/strong><\/p>\n<p><strong>Antikoagulantia som injiceras <\/strong><\/p>\n<p><strong>Dalteparin<\/strong><br \/>\n(Fragmin\u00ae)<\/p>\n<p><strong>Enoxaparin<\/strong><br \/>\n(Clexane\u00ae) (Klexane\u00ae)<\/p>\n<p><strong>Tinzaparin<br \/>\n<\/strong>(Innohep\u00ae)<\/p>\n<p><strong>Fondaparinux<\/strong><br \/>\n(Arixtra\u00ae)<\/p>\n<p><strong>Heparin<\/strong><\/p>\n<p><a href=\"https:\/\/www.heartfailurematters.org\/what-your-doctor-can-do\/heart-failure-medicines\/\">\u00c5terg\u00e5 till Hj\u00e4rtsviktsl\u00e4kemedel<\/a><\/p>\n","protected":false},"excerpt":{"rendered":"<p>Vad de g\u00f6r Antikoagulantia, \u00e4ven k\u00e4nt som antitrombotiska medel, h\u00e4mmar uppkomst eller tillv\u00e4xt av blodproppar. De \u00e4r viktiga eftersom personer med hj\u00e4rtsvikt kan producera blodproppar i hj\u00e4rtat eller i blodk\u00e4rlen som \u00e5ters\u00e4nder blod till hj\u00e4rtat. F\u00f6r patienter medf\u00f6rmaksflimmer, som \u00e4r en oregelbunden hj\u00e4rtrytm som \u00e4r s\u00e4rskilt vanligt hos patienter med hj\u00e4rtsvikt, \u00e4r behandling med antikoagulantia [&hellip;]<\/p>\n","protected":false},"author":1,"featured_media":10874,"parent":2685,"menu_order":0,"comment_status":"open","ping_status":"open","template":"","meta":{"_acf_changed":false,"footnotes":""},"categories":[],"tags":[],"class_list":["post-2635","page","type-page","status-publish","has-post-thumbnail","hentry"],"acf":[],"yoast_head":"<!-- This site is optimized with the Yoast SEO plugin v24.8.1 - https:\/\/yoast.com\/wordpress\/plugins\/seo\/ -->\n<title>Antikoagulantia och nya orala antikoagulantia<\/title>\n<meta name=\"description\" content=\"Antikoagulantia (\u00e4ven kallat antitrombotiska medel) f\u00f6rhindrar uppkomsten eller tillv\u00e4xten av blodproppar. L\u00e4s mer om hj\u00e4rtsviktspatienter och blodf\u00f6rtunnande medel.\" \/>\n<meta name=\"robots\" content=\"index, follow, max-snippet:-1, max-image-preview:large, max-video-preview:-1\" \/>\n<link rel=\"canonical\" href=\"https:\/\/www.heartfailurematters.org\/sv\/vad-din-lakare-eller-sjukskoterska-kan-gora\/antikoagulantia-och-nya-orala-antikoagulantia\/\" \/>\n<meta property=\"og:locale\" content=\"sv_SE\" \/>\n<meta property=\"og:type\" content=\"article\" \/>\n<meta property=\"og:title\" content=\"Antikoagulantia och nya orala antikoagulantia\" \/>\n<meta property=\"og:description\" content=\"Antikoagulantia (\u00e4ven kallat antitrombotiska medel) f\u00f6rhindrar uppkomsten eller tillv\u00e4xten av blodproppar. L\u00e4s mer om hj\u00e4rtsviktspatienter och blodf\u00f6rtunnande medel.\" \/>\n<meta property=\"og:url\" content=\"https:\/\/www.heartfailurematters.org\/sv\/vad-din-lakare-eller-sjukskoterska-kan-gora\/antikoagulantia-och-nya-orala-antikoagulantia\/\" \/>\n<meta property=\"og:site_name\" content=\"Heart Failure Matters\" \/>\n<meta property=\"article:publisher\" content=\"https:\/\/www.facebook.com\/heartfailurematters\" \/>\n<meta property=\"article:modified_time\" content=\"2026-02-10T13:33:21+00:00\" \/>\n<meta property=\"og:image\" content=\"https:\/\/www.heartfailurematters.org\/wp-content\/uploads\/2022\/03\/shutterstock_441673426-1-min.jpg\" \/>\n\t<meta property=\"og:image:width\" content=\"900\" \/>\n\t<meta property=\"og:image:height\" content=\"596\" \/>\n\t<meta property=\"og:image:type\" content=\"image\/jpeg\" \/>\n<meta name=\"twitter:card\" content=\"summary_large_image\" \/>\n<meta name=\"twitter:label1\" content=\"Ber\u00e4knad l\u00e4stid\" \/>\n\t<meta name=\"twitter:data1\" content=\"3 minuter\" \/>\n<script type=\"application\/ld+json\" class=\"yoast-schema-graph\">{\"@context\":\"https:\/\/schema.org\",\"@graph\":[{\"@type\":\"WebPage\",\"@id\":\"https:\/\/www.heartfailurematters.org\/sv\/vad-din-lakare-eller-sjukskoterska-kan-gora\/antikoagulantia-och-nya-orala-antikoagulantia\/\",\"url\":\"https:\/\/www.heartfailurematters.org\/sv\/vad-din-lakare-eller-sjukskoterska-kan-gora\/antikoagulantia-och-nya-orala-antikoagulantia\/\",\"name\":\"Antikoagulantia och nya orala antikoagulantia\",\"isPartOf\":{\"@id\":\"https:\/\/www.heartfailurematters.org\/sv\/#website\"},\"primaryImageOfPage\":{\"@id\":\"https:\/\/www.heartfailurematters.org\/sv\/vad-din-lakare-eller-sjukskoterska-kan-gora\/antikoagulantia-och-nya-orala-antikoagulantia\/#primaryimage\"},\"image\":{\"@id\":\"https:\/\/www.heartfailurematters.org\/sv\/vad-din-lakare-eller-sjukskoterska-kan-gora\/antikoagulantia-och-nya-orala-antikoagulantia\/#primaryimage\"},\"thumbnailUrl\":\"https:\/\/www.heartfailurematters.org\/wp-content\/uploads\/2022\/03\/shutterstock_441673426-1-min.jpg\",\"datePublished\":\"2021-01-27T22:12:47+00:00\",\"dateModified\":\"2026-02-10T13:33:21+00:00\",\"description\":\"Antikoagulantia (\u00e4ven kallat antitrombotiska medel) f\u00f6rhindrar uppkomsten eller tillv\u00e4xten av blodproppar. L\u00e4s mer om hj\u00e4rtsviktspatienter och blodf\u00f6rtunnande medel.\",\"breadcrumb\":{\"@id\":\"https:\/\/www.heartfailurematters.org\/sv\/vad-din-lakare-eller-sjukskoterska-kan-gora\/antikoagulantia-och-nya-orala-antikoagulantia\/#breadcrumb\"},\"inLanguage\":\"sv-SE\",\"potentialAction\":[{\"@type\":\"ReadAction\",\"target\":[\"https:\/\/www.heartfailurematters.org\/sv\/vad-din-lakare-eller-sjukskoterska-kan-gora\/antikoagulantia-och-nya-orala-antikoagulantia\/\"]}]},{\"@type\":\"ImageObject\",\"inLanguage\":\"sv-SE\",\"@id\":\"https:\/\/www.heartfailurematters.org\/sv\/vad-din-lakare-eller-sjukskoterska-kan-gora\/antikoagulantia-och-nya-orala-antikoagulantia\/#primaryimage\",\"url\":\"https:\/\/www.heartfailurematters.org\/wp-content\/uploads\/2022\/03\/shutterstock_441673426-1-min.jpg\",\"contentUrl\":\"https:\/\/www.heartfailurematters.org\/wp-content\/uploads\/2022\/03\/shutterstock_441673426-1-min.jpg\",\"width\":900,\"height\":596},{\"@type\":\"BreadcrumbList\",\"@id\":\"https:\/\/www.heartfailurematters.org\/sv\/vad-din-lakare-eller-sjukskoterska-kan-gora\/antikoagulantia-och-nya-orala-antikoagulantia\/#breadcrumb\",\"itemListElement\":[{\"@type\":\"ListItem\",\"position\":1,\"name\":\"Hem\",\"item\":\"https:\/\/www.heartfailurematters.org\/sv\/\"},{\"@type\":\"ListItem\",\"position\":2,\"name\":\"Vad din l\u00e4kare kan g\u00f6ra\",\"item\":\"https:\/\/www.heartfailurematters.org\/sv\/vad-din-lakare-eller-sjukskoterska-kan-gora\/\"},{\"@type\":\"ListItem\",\"position\":3,\"name\":\"Antikoagulantia och nya orala antikoagulantia\"}]},{\"@type\":\"WebSite\",\"@id\":\"https:\/\/www.heartfailurematters.org\/sv\/#website\",\"url\":\"https:\/\/www.heartfailurematters.org\/sv\/\",\"name\":\"Heart Failure Matters\",\"description\":\"Practical information for patients, families and caregivers.\",\"publisher\":{\"@id\":\"https:\/\/www.heartfailurematters.org\/sv\/#organization\"},\"potentialAction\":[{\"@type\":\"SearchAction\",\"target\":{\"@type\":\"EntryPoint\",\"urlTemplate\":\"https:\/\/www.heartfailurematters.org\/sv\/?s={search_term_string}\"},\"query-input\":{\"@type\":\"PropertyValueSpecification\",\"valueRequired\":true,\"valueName\":\"search_term_string\"}}],\"inLanguage\":\"sv-SE\"},{\"@type\":\"Organization\",\"@id\":\"https:\/\/www.heartfailurematters.org\/sv\/#organization\",\"name\":\"Heart Failure Matters\",\"url\":\"https:\/\/www.heartfailurematters.org\/sv\/\",\"logo\":{\"@type\":\"ImageObject\",\"inLanguage\":\"sv-SE\",\"@id\":\"https:\/\/www.heartfailurematters.org\/sv\/#\/schema\/logo\/image\/\",\"url\":\"https:\/\/cdn-endpoint-hfm.azureedge.net\/heartfailurematters\/2024\/07\/hfm-logo1.jpg\",\"contentUrl\":\"https:\/\/cdn-endpoint-hfm.azureedge.net\/heartfailurematters\/2024\/07\/hfm-logo1.jpg\",\"width\":1280,\"height\":720,\"caption\":\"Heart Failure Matters\"},\"image\":{\"@id\":\"https:\/\/www.heartfailurematters.org\/sv\/#\/schema\/logo\/image\/\"},\"sameAs\":[\"https:\/\/www.facebook.com\/heartfailurematters\"]}]}<\/script>\n<!-- \/ Yoast SEO plugin. -->","yoast_head_json":{"title":"Antikoagulantia och nya orala antikoagulantia","description":"Antikoagulantia (\u00e4ven kallat antitrombotiska medel) f\u00f6rhindrar uppkomsten eller tillv\u00e4xten av blodproppar. L\u00e4s mer om hj\u00e4rtsviktspatienter och blodf\u00f6rtunnande medel.","robots":{"index":"index","follow":"follow","max-snippet":"max-snippet:-1","max-image-preview":"max-image-preview:large","max-video-preview":"max-video-preview:-1"},"canonical":"https:\/\/www.heartfailurematters.org\/sv\/vad-din-lakare-eller-sjukskoterska-kan-gora\/antikoagulantia-och-nya-orala-antikoagulantia\/","og_locale":"sv_SE","og_type":"article","og_title":"Antikoagulantia och nya orala antikoagulantia","og_description":"Antikoagulantia (\u00e4ven kallat antitrombotiska medel) f\u00f6rhindrar uppkomsten eller tillv\u00e4xten av blodproppar. L\u00e4s mer om hj\u00e4rtsviktspatienter och blodf\u00f6rtunnande medel.","og_url":"https:\/\/www.heartfailurematters.org\/sv\/vad-din-lakare-eller-sjukskoterska-kan-gora\/antikoagulantia-och-nya-orala-antikoagulantia\/","og_site_name":"Heart Failure Matters","article_publisher":"https:\/\/www.facebook.com\/heartfailurematters","article_modified_time":"2026-02-10T13:33:21+00:00","og_image":[{"width":900,"height":596,"url":"https:\/\/www.heartfailurematters.org\/wp-content\/uploads\/2022\/03\/shutterstock_441673426-1-min.jpg","type":"image\/jpeg"}],"twitter_card":"summary_large_image","twitter_misc":{"Ber\u00e4knad l\u00e4stid":"3 minuter"},"schema":{"@context":"https:\/\/schema.org","@graph":[{"@type":"WebPage","@id":"https:\/\/www.heartfailurematters.org\/sv\/vad-din-lakare-eller-sjukskoterska-kan-gora\/antikoagulantia-och-nya-orala-antikoagulantia\/","url":"https:\/\/www.heartfailurematters.org\/sv\/vad-din-lakare-eller-sjukskoterska-kan-gora\/antikoagulantia-och-nya-orala-antikoagulantia\/","name":"Antikoagulantia och nya orala antikoagulantia","isPartOf":{"@id":"https:\/\/www.heartfailurematters.org\/sv\/#website"},"primaryImageOfPage":{"@id":"https:\/\/www.heartfailurematters.org\/sv\/vad-din-lakare-eller-sjukskoterska-kan-gora\/antikoagulantia-och-nya-orala-antikoagulantia\/#primaryimage"},"image":{"@id":"https:\/\/www.heartfailurematters.org\/sv\/vad-din-lakare-eller-sjukskoterska-kan-gora\/antikoagulantia-och-nya-orala-antikoagulantia\/#primaryimage"},"thumbnailUrl":"https:\/\/www.heartfailurematters.org\/wp-content\/uploads\/2022\/03\/shutterstock_441673426-1-min.jpg","datePublished":"2021-01-27T22:12:47+00:00","dateModified":"2026-02-10T13:33:21+00:00","description":"Antikoagulantia (\u00e4ven kallat antitrombotiska medel) f\u00f6rhindrar uppkomsten eller tillv\u00e4xten av blodproppar. L\u00e4s mer om hj\u00e4rtsviktspatienter och blodf\u00f6rtunnande medel.","breadcrumb":{"@id":"https:\/\/www.heartfailurematters.org\/sv\/vad-din-lakare-eller-sjukskoterska-kan-gora\/antikoagulantia-och-nya-orala-antikoagulantia\/#breadcrumb"},"inLanguage":"sv-SE","potentialAction":[{"@type":"ReadAction","target":["https:\/\/www.heartfailurematters.org\/sv\/vad-din-lakare-eller-sjukskoterska-kan-gora\/antikoagulantia-och-nya-orala-antikoagulantia\/"]}]},{"@type":"ImageObject","inLanguage":"sv-SE","@id":"https:\/\/www.heartfailurematters.org\/sv\/vad-din-lakare-eller-sjukskoterska-kan-gora\/antikoagulantia-och-nya-orala-antikoagulantia\/#primaryimage","url":"https:\/\/www.heartfailurematters.org\/wp-content\/uploads\/2022\/03\/shutterstock_441673426-1-min.jpg","contentUrl":"https:\/\/www.heartfailurematters.org\/wp-content\/uploads\/2022\/03\/shutterstock_441673426-1-min.jpg","width":900,"height":596},{"@type":"BreadcrumbList","@id":"https:\/\/www.heartfailurematters.org\/sv\/vad-din-lakare-eller-sjukskoterska-kan-gora\/antikoagulantia-och-nya-orala-antikoagulantia\/#breadcrumb","itemListElement":[{"@type":"ListItem","position":1,"name":"Hem","item":"https:\/\/www.heartfailurematters.org\/sv\/"},{"@type":"ListItem","position":2,"name":"Vad din l\u00e4kare kan g\u00f6ra","item":"https:\/\/www.heartfailurematters.org\/sv\/vad-din-lakare-eller-sjukskoterska-kan-gora\/"},{"@type":"ListItem","position":3,"name":"Antikoagulantia och nya orala antikoagulantia"}]},{"@type":"WebSite","@id":"https:\/\/www.heartfailurematters.org\/sv\/#website","url":"https:\/\/www.heartfailurematters.org\/sv\/","name":"Heart Failure Matters","description":"Practical information for patients, families and caregivers.","publisher":{"@id":"https:\/\/www.heartfailurematters.org\/sv\/#organization"},"potentialAction":[{"@type":"SearchAction","target":{"@type":"EntryPoint","urlTemplate":"https:\/\/www.heartfailurematters.org\/sv\/?s={search_term_string}"},"query-input":{"@type":"PropertyValueSpecification","valueRequired":true,"valueName":"search_term_string"}}],"inLanguage":"sv-SE"},{"@type":"Organization","@id":"https:\/\/www.heartfailurematters.org\/sv\/#organization","name":"Heart Failure Matters","url":"https:\/\/www.heartfailurematters.org\/sv\/","logo":{"@type":"ImageObject","inLanguage":"sv-SE","@id":"https:\/\/www.heartfailurematters.org\/sv\/#\/schema\/logo\/image\/","url":"https:\/\/cdn-endpoint-hfm.azureedge.net\/heartfailurematters\/2024\/07\/hfm-logo1.jpg","contentUrl":"https:\/\/cdn-endpoint-hfm.azureedge.net\/heartfailurematters\/2024\/07\/hfm-logo1.jpg","width":1280,"height":720,"caption":"Heart Failure Matters"},"image":{"@id":"https:\/\/www.heartfailurematters.org\/sv\/#\/schema\/logo\/image\/"},"sameAs":["https:\/\/www.facebook.com\/heartfailurematters"]}]}},"_links":{"self":[{"href":"https:\/\/www.heartfailurematters.org\/sv\/wp-json\/wp\/v2\/pages\/2635","targetHints":{"allow":["GET"]}}],"collection":[{"href":"https:\/\/www.heartfailurematters.org\/sv\/wp-json\/wp\/v2\/pages"}],"about":[{"href":"https:\/\/www.heartfailurematters.org\/sv\/wp-json\/wp\/v2\/types\/page"}],"author":[{"embeddable":true,"href":"https:\/\/www.heartfailurematters.org\/sv\/wp-json\/wp\/v2\/users\/1"}],"replies":[{"embeddable":true,"href":"https:\/\/www.heartfailurematters.org\/sv\/wp-json\/wp\/v2\/comments?post=2635"}],"version-history":[{"count":2,"href":"https:\/\/www.heartfailurematters.org\/sv\/wp-json\/wp\/v2\/pages\/2635\/revisions"}],"predecessor-version":[{"id":13977,"href":"https:\/\/www.heartfailurematters.org\/sv\/wp-json\/wp\/v2\/pages\/2635\/revisions\/13977"}],"up":[{"embeddable":true,"href":"https:\/\/www.heartfailurematters.org\/sv\/wp-json\/wp\/v2\/pages\/2685"}],"wp:featuredmedia":[{"embeddable":true,"href":"https:\/\/www.heartfailurematters.org\/sv\/wp-json\/wp\/v2\/media\/10874"}],"wp:attachment":[{"href":"https:\/\/www.heartfailurematters.org\/sv\/wp-json\/wp\/v2\/media?parent=2635"}],"wp:term":[{"taxonomy":"category","embeddable":true,"href":"https:\/\/www.heartfailurematters.org\/sv\/wp-json\/wp\/v2\/categories?post=2635"},{"taxonomy":"post_tag","embeddable":true,"href":"https:\/\/www.heartfailurematters.org\/sv\/wp-json\/wp\/v2\/tags?post=2635"}],"curies":[{"name":"wp","href":"https:\/\/api.w.org\/{rel}","templated":true}]}}