{"id":2634,"date":"2021-01-27T22:12:47","date_gmt":"2021-01-27T22:12:47","guid":{"rendered":"http:\/\/heartfailurematters.local:8888\/inplanterbar-defibrillator-icd\/"},"modified":"2021-01-27T22:12:47","modified_gmt":"2021-01-27T22:12:47","slug":"inplanterbar-defibrillator-icd","status":"publish","type":"page","link":"https:\/\/www.heartfailurematters.org\/sv\/vad-din-lakare-eller-sjukskoterska-kan-gora\/inplanterbar-defibrillator-icd\/","title":{"rendered":"Inplanterbar defibrillator (ICD)"},"content":{"rendered":"<h2>Vad g\u00f6r den?<\/h2>\n<p>En <a class=\"addtooltip\" title=\"&lt;div id='ToolTipTextWrap'&gt;Inplanterbar defibrillator (ICD)&lt;\/div&gt;&lt;p&gt; En liten enhet som \u00e4r monterad under nyckelbenet som \u00f6vervakar hj\u00e4rtrytmen och behandlar onormal hj\u00e4rtrytm med hj\u00e4lp av elektriska impulser.&lt;\/p&gt;\"><strong>Implanterbar defibrillator (ICD)<\/strong><\/a> \u00e4r en pacemakerliknande anordning som kontinuerligt \u00f6vervakar din hj\u00e4rtrytm. Om den k\u00e4nner av minsta problem med rytmen, ger den en rad sm\u00e4rtfria elektriska impulser f\u00f6r att r\u00e4tta till hj\u00e4rtrytmen. Om det inte fungerar, eller om ett allvarligare problem med hj\u00e4rtrytmen uppt\u00e4cks, kommer ICD:n att ge en liten elektrisk st\u00f6t \u2013 en s\u00e5 kallad <a class=\"addtooltip\" title=\"&lt;div id='ToolTipTextWrap'&gt;Elkonvertering&lt;\/div&gt;&lt;p&gt; En procedur d\u00e4r man ger hj\u00e4rtat en elektrisk st\u00f6t f\u00f6r att g\u00f6ra en onormal hj\u00e4rtrytm normal.&lt;\/p&gt;\"><strong>elkonvertering<\/strong><\/a>&nbsp;. Om det inte fungerar, eller om ett mycket allvarligt problem med hj\u00e4rtrytmen uppt\u00e4cks, kommer ICD:n att ge en mer m\u00e4rkbar st\u00f6t till hj\u00e4rtat \u2013 en s\u00e5 kallad defibrillering.<\/p>\n<p>ICD:er anv\u00e4nds i allm\u00e4nhet p\u00e5 personer med h\u00f6g risk f\u00f6r allvarliga rytmproblem i h\u00e5lrummen (de l\u00e4gre hj\u00e4rtrummen) i hj\u00e4rtat, eftersom det \u00e4r den fr\u00e4msta orsaken till pl\u00f6tslig hj\u00e4rtd\u00f6d. I vissa patientgrupper med hj\u00e4rtsvikt har dessa mekaniska hj\u00e4lpmedel visat sig f\u00f6rl\u00e4nga livet. L\u00e4kare v\u00e4ljer ofta att kombinera en ICD med en CRT i samma hj\u00e4lpmedel. D\u00e5 kallas hj\u00e4lpmedlet CRT-D.<\/p>\n<h2>Var och hur s\u00e4tts den p\u00e5 plats?<\/h2>\n<p>En ICD implanteras vanligtvis under lokalbed\u00f6vning, precis nedanf\u00f6r nyckelbenet med flexibla elektrodledningar (belagda tr\u00e5dar) som utg\u00e5r fr\u00e5n den och som \u00e4r placerade i hj\u00e4rtat. Ingreppet tar vanligtvis en till tv\u00e5 timmar.<\/p>\n<p>Elektrodledningen f\u00f6rs in i en ven vid axeln eller l\u00e4ngst ner p\u00e5 halsen. Kardiologen styr in ledningen i r\u00e4tt hj\u00e4rtrum i hj\u00e4rtat, kontrollerar positionen p\u00e5 en r\u00f6ntgensk\u00e4rm och f\u00e4ster den i r\u00e4tt l\u00e4ge, med ett stygn vid axeln. Ledningen ansluts sedan till pulsgeneratorn och ICD:n placeras i en liten &#8221;ficka&#8221;, eller utrymme, mellan huden och br\u00f6stmuskeln. Apparaten testas sedan innan s\u00e5ret st\u00e4ngs.<\/p>\n<h2>Efter ingreppet<\/h2>\n<p>N\u00e4r ICD:n har monterats, kan du k\u00e4nna en viss sm\u00e4rta eller obehag och det kan finnas vissa bl\u00e5m\u00e4rken p\u00e5 platsen f\u00f6r ICD:n, men dessa problem brukar f\u00f6rsvinna inom n\u00e5gra dagar. De flesta personer kan g\u00e5 omkring senare samma dag och \u00e5terg\u00e5 till det normala inom tv\u00e5 till fyra veckor.<\/p>\n<p>Funktionen och batteritiden p\u00e5 din ICD ska kontrolleras regelbundet p\u00e5 en <a class=\"addtooltip\" title=\"&lt;div id='ToolTipTextWrap'&gt;Pacemaker&lt;\/div&gt;&lt;p&gt; En liten enhet som inplanteras under nyckelbenet som \u00f6vervakar hj\u00e4rtfrekvensen och, n\u00e4r det beh\u00f6vs, stimulerar hj\u00e4rtmuskeln att dra ihop sig med hj\u00e4lp av elektriska impulser.&lt;\/p&gt;\"><strong>pacemakermottagning<\/strong><\/a>. Beroende p\u00e5 den apparat som implanterats kan en fj\u00e4rr\u00f6vervakad uppf\u00f6ljning f\u00f6resl\u00e5s, f\u00f6r att \u00f6vervaka apparaten. Med den kan man snabbt identifiera st\u00f6rningar av hj\u00e4rtrytmen och teknisk dysfunktion samt f\u00f6rb\u00e4ttra din v\u00e5rd och minska behovet av att komma till sjukhuset f\u00f6r kontroller.<\/p>\n<p>Endast enheten beh\u00f6ver bytas ut (inte ledningarna) om batteriet tar slut. Batteriet varar vanligtvis mellan fem och sju \u00e5r innan det beh\u00f6ver bytas ut. Det \u00e4r viktigt att du l\u00e5ter en l\u00e4kare eller tandl\u00e4kare veta att du har en ICD innan de genomf\u00f6r n\u00e5gra ingrepp. \u00c4ven om det inte \u00e4r troligt att de flesta medicinska ingrepp och tandingrepp kommer att st\u00f6ra enhetens funktion, kan vissa kr\u00e4va s\u00e4kerhets\u00e5tg\u00e4rder som minimerar eventuella st\u00f6rningar. ICD:er kan ibland uppt\u00e4ckas av s\u00e4kerhetsmaskiner p\u00e5 flygplatser, s\u00e5 om du har en ICD b\u00f6r du alltid informera s\u00e4kerhetspersonalen. Enhetens funktion p\u00e5verkas s\u00e4llan.<\/p>\n<p>Endast enheten beh\u00f6ver bytas ut (inte ledningarna) om batteriet tar slut. Batteriet varar vanligtvis mellan fem och sju \u00e5r innan det beh\u00f6ver bytas ut. Det \u00e4r viktigt att du l\u00e5ter en l\u00e4kare eller tandl\u00e4kare veta att du har en ICD innan de genomf\u00f6r n\u00e5gra ingrepp. \u00c4ven om det inte \u00e4r troligt att de flesta medicinska ingrepp och tandingrepp kommer att st\u00f6ra enhetens funktion, kan vissa kr\u00e4va s\u00e4kerhets\u00e5tg\u00e4rder som minimerar eventuella st\u00f6rningar. ICD:er kan ibland uppt\u00e4ckas av s\u00e4kerhetskontroller p\u00e5 flygplatser, s\u00e5 om du har en ICD b\u00f6r du alltid informera s\u00e4kerhetspersonalen. Enhetens funktion p\u00e5verkas s\u00e4llan.<\/p>\n<p>Det finns tv\u00e5 typer av ICD:er &nbsp;&nbsp;&nbsp;&nbsp;<\/p>\n<ul>\n<li>ICD f\u00f6r en kammare&nbsp;&nbsp;&nbsp;<\/li>\n<li>ICD f\u00f6r tv\u00e5 kammare<\/li>\n<\/ul>\n<p><a href=\"https:\/\/www.heartfailurematters.org\/sv\/vad-din-lakare-eller-sjukskoterska-kan-gora\/inplanterbara-apparater\/\">\u00c5terg\u00e5 till &#8221;Enheter&#8221;<\/a><\/p>\n","protected":false},"excerpt":{"rendered":"<p>Vad g\u00f6r den? En Implanterbar defibrillator (ICD) \u00e4r en pacemakerliknande anordning som kontinuerligt \u00f6vervakar din hj\u00e4rtrytm. Om den k\u00e4nner av minsta problem med rytmen, ger den en rad sm\u00e4rtfria elektriska impulser f\u00f6r att r\u00e4tta till hj\u00e4rtrytmen. Om det inte fungerar, eller om ett allvarligare problem med hj\u00e4rtrytmen uppt\u00e4cks, kommer ICD:n att ge en liten elektrisk [&hellip;]<\/p>\n","protected":false},"author":1,"featured_media":10928,"parent":2685,"menu_order":0,"comment_status":"open","ping_status":"open","template":"","meta":{"_acf_changed":false,"footnotes":""},"categories":[],"tags":[],"class_list":["post-2634","page","type-page","status-publish","has-post-thumbnail","hentry"],"acf":[],"yoast_head":"<!-- This site is optimized with the Yoast SEO plugin v24.8.1 - https:\/\/yoast.com\/wordpress\/plugins\/seo\/ -->\n<title>Inplanterbar defibrillator (ICD)<\/title>\n<meta name=\"description\" content=\"En implanterbar defibrillator (ICD) \u00e4r en pacemakerliknande anordning som kontinuerligt \u00f6vervakar din hj\u00e4rtrytm. Se hur den fungerar h\u00e4r\" \/>\n<meta name=\"robots\" content=\"index, follow, max-snippet:-1, max-image-preview:large, max-video-preview:-1\" \/>\n<link rel=\"canonical\" href=\"https:\/\/www.heartfailurematters.org\/sv\/vad-din-lakare-eller-sjukskoterska-kan-gora\/inplanterbar-defibrillator-icd\/\" \/>\n<meta property=\"og:locale\" content=\"sv_SE\" \/>\n<meta property=\"og:type\" content=\"article\" \/>\n<meta property=\"og:title\" content=\"Inplanterbar defibrillator (ICD)\" \/>\n<meta property=\"og:description\" content=\"En implanterbar defibrillator (ICD) \u00e4r en pacemakerliknande anordning som kontinuerligt \u00f6vervakar din hj\u00e4rtrytm. Se hur den fungerar h\u00e4r\" \/>\n<meta property=\"og:url\" content=\"https:\/\/www.heartfailurematters.org\/sv\/vad-din-lakare-eller-sjukskoterska-kan-gora\/inplanterbar-defibrillator-icd\/\" \/>\n<meta property=\"og:site_name\" content=\"Heart Failure Matters\" \/>\n<meta property=\"article:publisher\" content=\"https:\/\/www.facebook.com\/heartfailurematters\" \/>\n<meta property=\"og:image\" content=\"https:\/\/www.heartfailurematters.org\/wp-content\/uploads\/2022\/03\/ICD-min.jpg\" \/>\n\t<meta property=\"og:image:width\" content=\"900\" \/>\n\t<meta property=\"og:image:height\" content=\"590\" \/>\n\t<meta property=\"og:image:type\" content=\"image\/jpeg\" \/>\n<meta name=\"twitter:card\" content=\"summary_large_image\" \/>\n<meta name=\"twitter:label1\" content=\"Ber\u00e4knad l\u00e4stid\" \/>\n\t<meta name=\"twitter:data1\" content=\"3 minuter\" \/>\n<script type=\"application\/ld+json\" class=\"yoast-schema-graph\">{\"@context\":\"https:\/\/schema.org\",\"@graph\":[{\"@type\":\"WebPage\",\"@id\":\"https:\/\/www.heartfailurematters.org\/sv\/vad-din-lakare-eller-sjukskoterska-kan-gora\/inplanterbar-defibrillator-icd\/\",\"url\":\"https:\/\/www.heartfailurematters.org\/sv\/vad-din-lakare-eller-sjukskoterska-kan-gora\/inplanterbar-defibrillator-icd\/\",\"name\":\"Inplanterbar defibrillator (ICD)\",\"isPartOf\":{\"@id\":\"https:\/\/www.heartfailurematters.org\/sv\/#website\"},\"primaryImageOfPage\":{\"@id\":\"https:\/\/www.heartfailurematters.org\/sv\/vad-din-lakare-eller-sjukskoterska-kan-gora\/inplanterbar-defibrillator-icd\/#primaryimage\"},\"image\":{\"@id\":\"https:\/\/www.heartfailurematters.org\/sv\/vad-din-lakare-eller-sjukskoterska-kan-gora\/inplanterbar-defibrillator-icd\/#primaryimage\"},\"thumbnailUrl\":\"https:\/\/www.heartfailurematters.org\/wp-content\/uploads\/2022\/03\/ICD-min.jpg\",\"datePublished\":\"2021-01-27T22:12:47+00:00\",\"description\":\"En implanterbar defibrillator (ICD) \u00e4r en pacemakerliknande anordning som kontinuerligt \u00f6vervakar din hj\u00e4rtrytm. Se hur den fungerar h\u00e4r\",\"breadcrumb\":{\"@id\":\"https:\/\/www.heartfailurematters.org\/sv\/vad-din-lakare-eller-sjukskoterska-kan-gora\/inplanterbar-defibrillator-icd\/#breadcrumb\"},\"inLanguage\":\"sv-SE\",\"potentialAction\":[{\"@type\":\"ReadAction\",\"target\":[\"https:\/\/www.heartfailurematters.org\/sv\/vad-din-lakare-eller-sjukskoterska-kan-gora\/inplanterbar-defibrillator-icd\/\"]}]},{\"@type\":\"ImageObject\",\"inLanguage\":\"sv-SE\",\"@id\":\"https:\/\/www.heartfailurematters.org\/sv\/vad-din-lakare-eller-sjukskoterska-kan-gora\/inplanterbar-defibrillator-icd\/#primaryimage\",\"url\":\"https:\/\/www.heartfailurematters.org\/wp-content\/uploads\/2022\/03\/ICD-min.jpg\",\"contentUrl\":\"https:\/\/www.heartfailurematters.org\/wp-content\/uploads\/2022\/03\/ICD-min.jpg\",\"width\":900,\"height\":590},{\"@type\":\"BreadcrumbList\",\"@id\":\"https:\/\/www.heartfailurematters.org\/sv\/vad-din-lakare-eller-sjukskoterska-kan-gora\/inplanterbar-defibrillator-icd\/#breadcrumb\",\"itemListElement\":[{\"@type\":\"ListItem\",\"position\":1,\"name\":\"Hem\",\"item\":\"https:\/\/www.heartfailurematters.org\/sv\/\"},{\"@type\":\"ListItem\",\"position\":2,\"name\":\"Vad din l\u00e4kare kan g\u00f6ra\",\"item\":\"https:\/\/www.heartfailurematters.org\/sv\/vad-din-lakare-eller-sjukskoterska-kan-gora\/\"},{\"@type\":\"ListItem\",\"position\":3,\"name\":\"Inplanterbar defibrillator (ICD)\"}]},{\"@type\":\"WebSite\",\"@id\":\"https:\/\/www.heartfailurematters.org\/sv\/#website\",\"url\":\"https:\/\/www.heartfailurematters.org\/sv\/\",\"name\":\"Heart Failure Matters\",\"description\":\"Practical information for patients, families and caregivers.\",\"publisher\":{\"@id\":\"https:\/\/www.heartfailurematters.org\/sv\/#organization\"},\"potentialAction\":[{\"@type\":\"SearchAction\",\"target\":{\"@type\":\"EntryPoint\",\"urlTemplate\":\"https:\/\/www.heartfailurematters.org\/sv\/?s={search_term_string}\"},\"query-input\":{\"@type\":\"PropertyValueSpecification\",\"valueRequired\":true,\"valueName\":\"search_term_string\"}}],\"inLanguage\":\"sv-SE\"},{\"@type\":\"Organization\",\"@id\":\"https:\/\/www.heartfailurematters.org\/sv\/#organization\",\"name\":\"Heart Failure Matters\",\"url\":\"https:\/\/www.heartfailurematters.org\/sv\/\",\"logo\":{\"@type\":\"ImageObject\",\"inLanguage\":\"sv-SE\",\"@id\":\"https:\/\/www.heartfailurematters.org\/sv\/#\/schema\/logo\/image\/\",\"url\":\"https:\/\/cdn-endpoint-hfm.azureedge.net\/heartfailurematters\/2024\/07\/hfm-logo1.jpg\",\"contentUrl\":\"https:\/\/cdn-endpoint-hfm.azureedge.net\/heartfailurematters\/2024\/07\/hfm-logo1.jpg\",\"width\":1280,\"height\":720,\"caption\":\"Heart Failure Matters\"},\"image\":{\"@id\":\"https:\/\/www.heartfailurematters.org\/sv\/#\/schema\/logo\/image\/\"},\"sameAs\":[\"https:\/\/www.facebook.com\/heartfailurematters\"]}]}<\/script>\n<!-- \/ Yoast SEO plugin. -->","yoast_head_json":{"title":"Inplanterbar defibrillator (ICD)","description":"En implanterbar defibrillator (ICD) \u00e4r en pacemakerliknande anordning som kontinuerligt \u00f6vervakar din hj\u00e4rtrytm. Se hur den fungerar h\u00e4r","robots":{"index":"index","follow":"follow","max-snippet":"max-snippet:-1","max-image-preview":"max-image-preview:large","max-video-preview":"max-video-preview:-1"},"canonical":"https:\/\/www.heartfailurematters.org\/sv\/vad-din-lakare-eller-sjukskoterska-kan-gora\/inplanterbar-defibrillator-icd\/","og_locale":"sv_SE","og_type":"article","og_title":"Inplanterbar defibrillator (ICD)","og_description":"En implanterbar defibrillator (ICD) \u00e4r en pacemakerliknande anordning som kontinuerligt \u00f6vervakar din hj\u00e4rtrytm. Se hur den fungerar h\u00e4r","og_url":"https:\/\/www.heartfailurematters.org\/sv\/vad-din-lakare-eller-sjukskoterska-kan-gora\/inplanterbar-defibrillator-icd\/","og_site_name":"Heart Failure Matters","article_publisher":"https:\/\/www.facebook.com\/heartfailurematters","og_image":[{"width":900,"height":590,"url":"https:\/\/www.heartfailurematters.org\/wp-content\/uploads\/2022\/03\/ICD-min.jpg","type":"image\/jpeg"}],"twitter_card":"summary_large_image","twitter_misc":{"Ber\u00e4knad l\u00e4stid":"3 minuter"},"schema":{"@context":"https:\/\/schema.org","@graph":[{"@type":"WebPage","@id":"https:\/\/www.heartfailurematters.org\/sv\/vad-din-lakare-eller-sjukskoterska-kan-gora\/inplanterbar-defibrillator-icd\/","url":"https:\/\/www.heartfailurematters.org\/sv\/vad-din-lakare-eller-sjukskoterska-kan-gora\/inplanterbar-defibrillator-icd\/","name":"Inplanterbar defibrillator (ICD)","isPartOf":{"@id":"https:\/\/www.heartfailurematters.org\/sv\/#website"},"primaryImageOfPage":{"@id":"https:\/\/www.heartfailurematters.org\/sv\/vad-din-lakare-eller-sjukskoterska-kan-gora\/inplanterbar-defibrillator-icd\/#primaryimage"},"image":{"@id":"https:\/\/www.heartfailurematters.org\/sv\/vad-din-lakare-eller-sjukskoterska-kan-gora\/inplanterbar-defibrillator-icd\/#primaryimage"},"thumbnailUrl":"https:\/\/www.heartfailurematters.org\/wp-content\/uploads\/2022\/03\/ICD-min.jpg","datePublished":"2021-01-27T22:12:47+00:00","description":"En implanterbar defibrillator (ICD) \u00e4r en pacemakerliknande anordning som kontinuerligt \u00f6vervakar din hj\u00e4rtrytm. Se hur den fungerar h\u00e4r","breadcrumb":{"@id":"https:\/\/www.heartfailurematters.org\/sv\/vad-din-lakare-eller-sjukskoterska-kan-gora\/inplanterbar-defibrillator-icd\/#breadcrumb"},"inLanguage":"sv-SE","potentialAction":[{"@type":"ReadAction","target":["https:\/\/www.heartfailurematters.org\/sv\/vad-din-lakare-eller-sjukskoterska-kan-gora\/inplanterbar-defibrillator-icd\/"]}]},{"@type":"ImageObject","inLanguage":"sv-SE","@id":"https:\/\/www.heartfailurematters.org\/sv\/vad-din-lakare-eller-sjukskoterska-kan-gora\/inplanterbar-defibrillator-icd\/#primaryimage","url":"https:\/\/www.heartfailurematters.org\/wp-content\/uploads\/2022\/03\/ICD-min.jpg","contentUrl":"https:\/\/www.heartfailurematters.org\/wp-content\/uploads\/2022\/03\/ICD-min.jpg","width":900,"height":590},{"@type":"BreadcrumbList","@id":"https:\/\/www.heartfailurematters.org\/sv\/vad-din-lakare-eller-sjukskoterska-kan-gora\/inplanterbar-defibrillator-icd\/#breadcrumb","itemListElement":[{"@type":"ListItem","position":1,"name":"Hem","item":"https:\/\/www.heartfailurematters.org\/sv\/"},{"@type":"ListItem","position":2,"name":"Vad din l\u00e4kare kan g\u00f6ra","item":"https:\/\/www.heartfailurematters.org\/sv\/vad-din-lakare-eller-sjukskoterska-kan-gora\/"},{"@type":"ListItem","position":3,"name":"Inplanterbar defibrillator (ICD)"}]},{"@type":"WebSite","@id":"https:\/\/www.heartfailurematters.org\/sv\/#website","url":"https:\/\/www.heartfailurematters.org\/sv\/","name":"Heart Failure Matters","description":"Practical information for patients, families and caregivers.","publisher":{"@id":"https:\/\/www.heartfailurematters.org\/sv\/#organization"},"potentialAction":[{"@type":"SearchAction","target":{"@type":"EntryPoint","urlTemplate":"https:\/\/www.heartfailurematters.org\/sv\/?s={search_term_string}"},"query-input":{"@type":"PropertyValueSpecification","valueRequired":true,"valueName":"search_term_string"}}],"inLanguage":"sv-SE"},{"@type":"Organization","@id":"https:\/\/www.heartfailurematters.org\/sv\/#organization","name":"Heart Failure Matters","url":"https:\/\/www.heartfailurematters.org\/sv\/","logo":{"@type":"ImageObject","inLanguage":"sv-SE","@id":"https:\/\/www.heartfailurematters.org\/sv\/#\/schema\/logo\/image\/","url":"https:\/\/cdn-endpoint-hfm.azureedge.net\/heartfailurematters\/2024\/07\/hfm-logo1.jpg","contentUrl":"https:\/\/cdn-endpoint-hfm.azureedge.net\/heartfailurematters\/2024\/07\/hfm-logo1.jpg","width":1280,"height":720,"caption":"Heart Failure Matters"},"image":{"@id":"https:\/\/www.heartfailurematters.org\/sv\/#\/schema\/logo\/image\/"},"sameAs":["https:\/\/www.facebook.com\/heartfailurematters"]}]}},"_links":{"self":[{"href":"https:\/\/www.heartfailurematters.org\/sv\/wp-json\/wp\/v2\/pages\/2634","targetHints":{"allow":["GET"]}}],"collection":[{"href":"https:\/\/www.heartfailurematters.org\/sv\/wp-json\/wp\/v2\/pages"}],"about":[{"href":"https:\/\/www.heartfailurematters.org\/sv\/wp-json\/wp\/v2\/types\/page"}],"author":[{"embeddable":true,"href":"https:\/\/www.heartfailurematters.org\/sv\/wp-json\/wp\/v2\/users\/1"}],"replies":[{"embeddable":true,"href":"https:\/\/www.heartfailurematters.org\/sv\/wp-json\/wp\/v2\/comments?post=2634"}],"version-history":[{"count":0,"href":"https:\/\/www.heartfailurematters.org\/sv\/wp-json\/wp\/v2\/pages\/2634\/revisions"}],"up":[{"embeddable":true,"href":"https:\/\/www.heartfailurematters.org\/sv\/wp-json\/wp\/v2\/pages\/2685"}],"wp:featuredmedia":[{"embeddable":true,"href":"https:\/\/www.heartfailurematters.org\/sv\/wp-json\/wp\/v2\/media\/10928"}],"wp:attachment":[{"href":"https:\/\/www.heartfailurematters.org\/sv\/wp-json\/wp\/v2\/media?parent=2634"}],"wp:term":[{"taxonomy":"category","embeddable":true,"href":"https:\/\/www.heartfailurematters.org\/sv\/wp-json\/wp\/v2\/categories?post=2634"},{"taxonomy":"post_tag","embeddable":true,"href":"https:\/\/www.heartfailurematters.org\/sv\/wp-json\/wp\/v2\/tags?post=2634"}],"curies":[{"name":"wp","href":"https:\/\/api.w.org\/{rel}","templated":true}]}}