{"id":2627,"date":"2021-01-27T22:12:47","date_gmt":"2021-01-27T22:12:47","guid":{"rendered":"http:\/\/heartfailurematters.local:8888\/anpassa-kosten-kalium\/"},"modified":"2021-01-27T22:12:47","modified_gmt":"2021-01-27T22:12:47","slug":"anpassa-kosten-kalium","status":"publish","type":"page","link":"https:\/\/www.heartfailurematters.org\/sv\/vad-du-sjalv-kan-gora\/anpassa-kosten-kalium\/","title":{"rendered":"Anpassa kosten: Kalium"},"content":{"rendered":"<p><a class=\"addtooltip\" title=\"&lt;div id='ToolTipTextWrap'&gt;Kalium&lt;\/div&gt;&lt;p&gt; Ett viktigt mineral som kr\u00e4vs av kroppen f\u00f6r normal cellfunktion. behandling med diuretika (urindrivande l\u00e4kemedel) kan leda till f\u00f6rlust av kalium.&lt;\/p&gt;\"><strong>Kalium<\/strong><\/a> \u00e4r ett viktigt mineral som kroppen beh\u00f6ver f\u00f6r att fungera som den ska. Vanligtvis f\u00e5r du den rekommenderade dagliga dosen genom kosten, men om du tar diuretika f\u00f6r hj\u00e4rtsvikt kan kroppen f\u00f6rlora en del av sitt kalium. Du kan d\u00e5 f\u00f6rskrivas en typ av <a class=\"addtooltip\" title=\"&lt;div id='ToolTipTextWrap'&gt;Diuretika&lt;\/div&gt;&lt;p&gt; En grupp av l\u00e4kemedel som p\u00e5verkar njurarna att producera mer urin, vilket minskar kvarh\u00e5llande av v\u00e4tska och blodstockning.&lt;\/p&gt;\"><strong>diuretika<\/strong><\/a> eller anpassa andra l\u00e4kemedel f\u00f6r att f\u00f6rhindra att detta h\u00e4nder. Du kan bli ombedd att komplettera kosten med livsmedel som \u00e4r rika p\u00e5 kalium.<\/p>\n<p>F\u00f6ljande livsmedel \u00e4r goda kaliumk\u00e4llor:<\/p>\n<ul>\n<li>bananer<\/li>\n<li>apelsiner<\/li>\n<li>torkade plommon<\/li>\n<li>sojab\u00f6nor<\/li>\n<li>n\u00e4tmelon<\/li>\n<li>fisk som h\u00e4lleflundra eller flundra<\/li>\n<li>potatis<\/li>\n<\/ul>\n<p>Att \u00e4ta salt mat \u00f6kar m\u00e4ngden natrium i kroppen, vilket kan leda till att kroppen f\u00f6rlorar kalium. D\u00e4rf\u00f6r \u00e4r det viktigt att <a href=\"https:\/\/www.heartfailurematters.org\/sv\/vad-du-sjalv-kan-gora\/anpassa-kosten-salt\/\">minska ditt saltintag<\/a>.<\/p>\n<p><a href=\"https:\/\/www.heartfailurematters.org\/sv\/vad-du-sjalv-kan-gora\/anpassa-kosten\/\">\u00c5terg\u00e5 till &#8221;Anpassa kosten&#8221;<\/a><\/p>\n","protected":false},"excerpt":{"rendered":"<p>Kalium \u00e4r ett viktigt mineral som kroppen beh\u00f6ver f\u00f6r att fungera som den ska. Vanligtvis f\u00e5r du den rekommenderade dagliga dosen genom kosten, men om du tar diuretika f\u00f6r hj\u00e4rtsvikt kan kroppen f\u00f6rlora en del av sitt kalium. Du kan d\u00e5 f\u00f6rskrivas en typ av diuretika eller anpassa andra l\u00e4kemedel f\u00f6r att f\u00f6rhindra att detta [&hellip;]<\/p>\n","protected":false},"author":1,"featured_media":11035,"parent":2721,"menu_order":0,"comment_status":"open","ping_status":"open","template":"","meta":{"_acf_changed":false,"footnotes":""},"categories":[],"tags":[],"class_list":["post-2627","page","type-page","status-publish","has-post-thumbnail","hentry"],"acf":[],"yoast_head":"<!-- This site is optimized with the Yoast SEO plugin v24.8.1 - https:\/\/yoast.com\/wordpress\/plugins\/seo\/ -->\n<title>Anpassa kosten: Kalium<\/title>\n<meta name=\"description\" content=\"Kalium \u00e4r ett viktigt mineral som kroppen beh\u00f6ver f\u00f6r att fungera som den ska. Vanligtvis f\u00e5r du den rekommenderade dagliga dosen i kosten, men om du tar urindrivande l\u00e4kemedel (diuretika) f\u00f6r hj\u00e4rtsvikt, kan kroppen f\u00f6rlora en del av sitt kalium.\" \/>\n<meta name=\"robots\" content=\"index, follow, max-snippet:-1, max-image-preview:large, max-video-preview:-1\" \/>\n<link rel=\"canonical\" href=\"https:\/\/www.heartfailurematters.org\/sv\/vad-du-sjalv-kan-gora\/anpassa-kosten-kalium\/\" \/>\n<meta property=\"og:locale\" content=\"sv_SE\" \/>\n<meta property=\"og:type\" content=\"article\" \/>\n<meta property=\"og:title\" content=\"Anpassa kosten: Kalium\" \/>\n<meta property=\"og:description\" content=\"Kalium \u00e4r ett viktigt mineral som kroppen beh\u00f6ver f\u00f6r att fungera som den ska. Vanligtvis f\u00e5r du den rekommenderade dagliga dosen i kosten, men om du tar urindrivande l\u00e4kemedel (diuretika) f\u00f6r hj\u00e4rtsvikt, kan kroppen f\u00f6rlora en del av sitt kalium.\" \/>\n<meta property=\"og:url\" content=\"https:\/\/www.heartfailurematters.org\/sv\/vad-du-sjalv-kan-gora\/anpassa-kosten-kalium\/\" \/>\n<meta property=\"og:site_name\" content=\"Heart Failure Matters\" \/>\n<meta property=\"article:publisher\" content=\"https:\/\/www.facebook.com\/heartfailurematters\" \/>\n<meta property=\"og:image\" content=\"https:\/\/www.heartfailurematters.org\/wp-content\/uploads\/2022\/03\/shutterstock_244685272-1-min.jpg\" \/>\n\t<meta property=\"og:image:width\" content=\"900\" \/>\n\t<meta property=\"og:image:height\" content=\"600\" \/>\n\t<meta property=\"og:image:type\" content=\"image\/jpeg\" \/>\n<meta name=\"twitter:card\" content=\"summary_large_image\" \/>\n<meta name=\"twitter:label1\" content=\"Ber\u00e4knad l\u00e4stid\" \/>\n\t<meta name=\"twitter:data1\" content=\"1 minut\" \/>\n<script type=\"application\/ld+json\" class=\"yoast-schema-graph\">{\"@context\":\"https:\/\/schema.org\",\"@graph\":[{\"@type\":\"WebPage\",\"@id\":\"https:\/\/www.heartfailurematters.org\/sv\/vad-du-sjalv-kan-gora\/anpassa-kosten-kalium\/\",\"url\":\"https:\/\/www.heartfailurematters.org\/sv\/vad-du-sjalv-kan-gora\/anpassa-kosten-kalium\/\",\"name\":\"Anpassa kosten: Kalium\",\"isPartOf\":{\"@id\":\"https:\/\/www.heartfailurematters.org\/sv\/#website\"},\"primaryImageOfPage\":{\"@id\":\"https:\/\/www.heartfailurematters.org\/sv\/vad-du-sjalv-kan-gora\/anpassa-kosten-kalium\/#primaryimage\"},\"image\":{\"@id\":\"https:\/\/www.heartfailurematters.org\/sv\/vad-du-sjalv-kan-gora\/anpassa-kosten-kalium\/#primaryimage\"},\"thumbnailUrl\":\"https:\/\/www.heartfailurematters.org\/wp-content\/uploads\/2022\/03\/shutterstock_244685272-1-min.jpg\",\"datePublished\":\"2021-01-27T22:12:47+00:00\",\"description\":\"Kalium \u00e4r ett viktigt mineral som kroppen beh\u00f6ver f\u00f6r att fungera som den ska. Vanligtvis f\u00e5r du den rekommenderade dagliga dosen i kosten, men om du tar urindrivande l\u00e4kemedel (diuretika) f\u00f6r hj\u00e4rtsvikt, kan kroppen f\u00f6rlora en del av sitt kalium.\",\"breadcrumb\":{\"@id\":\"https:\/\/www.heartfailurematters.org\/sv\/vad-du-sjalv-kan-gora\/anpassa-kosten-kalium\/#breadcrumb\"},\"inLanguage\":\"sv-SE\",\"potentialAction\":[{\"@type\":\"ReadAction\",\"target\":[\"https:\/\/www.heartfailurematters.org\/sv\/vad-du-sjalv-kan-gora\/anpassa-kosten-kalium\/\"]}]},{\"@type\":\"ImageObject\",\"inLanguage\":\"sv-SE\",\"@id\":\"https:\/\/www.heartfailurematters.org\/sv\/vad-du-sjalv-kan-gora\/anpassa-kosten-kalium\/#primaryimage\",\"url\":\"https:\/\/www.heartfailurematters.org\/wp-content\/uploads\/2022\/03\/shutterstock_244685272-1-min.jpg\",\"contentUrl\":\"https:\/\/www.heartfailurematters.org\/wp-content\/uploads\/2022\/03\/shutterstock_244685272-1-min.jpg\",\"width\":900,\"height\":600},{\"@type\":\"BreadcrumbList\",\"@id\":\"https:\/\/www.heartfailurematters.org\/sv\/vad-du-sjalv-kan-gora\/anpassa-kosten-kalium\/#breadcrumb\",\"itemListElement\":[{\"@type\":\"ListItem\",\"position\":1,\"name\":\"Hem\",\"item\":\"https:\/\/www.heartfailurematters.org\/sv\/\"},{\"@type\":\"ListItem\",\"position\":2,\"name\":\"Vad du kan g\u00f6ra f\u00f6r att hantera din hj\u00e4rtsvikt\",\"item\":\"https:\/\/www.heartfailurematters.org\/sv\/vad-du-sjalv-kan-gora\/\"},{\"@type\":\"ListItem\",\"position\":3,\"name\":\"Anpassa kosten: Kalium\"}]},{\"@type\":\"WebSite\",\"@id\":\"https:\/\/www.heartfailurematters.org\/sv\/#website\",\"url\":\"https:\/\/www.heartfailurematters.org\/sv\/\",\"name\":\"Heart Failure Matters\",\"description\":\"Practical information for patients, families and caregivers.\",\"publisher\":{\"@id\":\"https:\/\/www.heartfailurematters.org\/sv\/#organization\"},\"potentialAction\":[{\"@type\":\"SearchAction\",\"target\":{\"@type\":\"EntryPoint\",\"urlTemplate\":\"https:\/\/www.heartfailurematters.org\/sv\/?s={search_term_string}\"},\"query-input\":{\"@type\":\"PropertyValueSpecification\",\"valueRequired\":true,\"valueName\":\"search_term_string\"}}],\"inLanguage\":\"sv-SE\"},{\"@type\":\"Organization\",\"@id\":\"https:\/\/www.heartfailurematters.org\/sv\/#organization\",\"name\":\"Heart Failure Matters\",\"url\":\"https:\/\/www.heartfailurematters.org\/sv\/\",\"logo\":{\"@type\":\"ImageObject\",\"inLanguage\":\"sv-SE\",\"@id\":\"https:\/\/www.heartfailurematters.org\/sv\/#\/schema\/logo\/image\/\",\"url\":\"https:\/\/cdn-endpoint-hfm.azureedge.net\/heartfailurematters\/2024\/07\/hfm-logo1.jpg\",\"contentUrl\":\"https:\/\/cdn-endpoint-hfm.azureedge.net\/heartfailurematters\/2024\/07\/hfm-logo1.jpg\",\"width\":1280,\"height\":720,\"caption\":\"Heart Failure Matters\"},\"image\":{\"@id\":\"https:\/\/www.heartfailurematters.org\/sv\/#\/schema\/logo\/image\/\"},\"sameAs\":[\"https:\/\/www.facebook.com\/heartfailurematters\"]}]}<\/script>\n<!-- \/ Yoast SEO plugin. -->","yoast_head_json":{"title":"Anpassa kosten: Kalium","description":"Kalium \u00e4r ett viktigt mineral som kroppen beh\u00f6ver f\u00f6r att fungera som den ska. Vanligtvis f\u00e5r du den rekommenderade dagliga dosen i kosten, men om du tar urindrivande l\u00e4kemedel (diuretika) f\u00f6r hj\u00e4rtsvikt, kan kroppen f\u00f6rlora en del av sitt kalium.","robots":{"index":"index","follow":"follow","max-snippet":"max-snippet:-1","max-image-preview":"max-image-preview:large","max-video-preview":"max-video-preview:-1"},"canonical":"https:\/\/www.heartfailurematters.org\/sv\/vad-du-sjalv-kan-gora\/anpassa-kosten-kalium\/","og_locale":"sv_SE","og_type":"article","og_title":"Anpassa kosten: Kalium","og_description":"Kalium \u00e4r ett viktigt mineral som kroppen beh\u00f6ver f\u00f6r att fungera som den ska. Vanligtvis f\u00e5r du den rekommenderade dagliga dosen i kosten, men om du tar urindrivande l\u00e4kemedel (diuretika) f\u00f6r hj\u00e4rtsvikt, kan kroppen f\u00f6rlora en del av sitt kalium.","og_url":"https:\/\/www.heartfailurematters.org\/sv\/vad-du-sjalv-kan-gora\/anpassa-kosten-kalium\/","og_site_name":"Heart Failure Matters","article_publisher":"https:\/\/www.facebook.com\/heartfailurematters","og_image":[{"width":900,"height":600,"url":"https:\/\/www.heartfailurematters.org\/wp-content\/uploads\/2022\/03\/shutterstock_244685272-1-min.jpg","type":"image\/jpeg"}],"twitter_card":"summary_large_image","twitter_misc":{"Ber\u00e4knad l\u00e4stid":"1 minut"},"schema":{"@context":"https:\/\/schema.org","@graph":[{"@type":"WebPage","@id":"https:\/\/www.heartfailurematters.org\/sv\/vad-du-sjalv-kan-gora\/anpassa-kosten-kalium\/","url":"https:\/\/www.heartfailurematters.org\/sv\/vad-du-sjalv-kan-gora\/anpassa-kosten-kalium\/","name":"Anpassa kosten: Kalium","isPartOf":{"@id":"https:\/\/www.heartfailurematters.org\/sv\/#website"},"primaryImageOfPage":{"@id":"https:\/\/www.heartfailurematters.org\/sv\/vad-du-sjalv-kan-gora\/anpassa-kosten-kalium\/#primaryimage"},"image":{"@id":"https:\/\/www.heartfailurematters.org\/sv\/vad-du-sjalv-kan-gora\/anpassa-kosten-kalium\/#primaryimage"},"thumbnailUrl":"https:\/\/www.heartfailurematters.org\/wp-content\/uploads\/2022\/03\/shutterstock_244685272-1-min.jpg","datePublished":"2021-01-27T22:12:47+00:00","description":"Kalium \u00e4r ett viktigt mineral som kroppen beh\u00f6ver f\u00f6r att fungera som den ska. Vanligtvis f\u00e5r du den rekommenderade dagliga dosen i kosten, men om du tar urindrivande l\u00e4kemedel (diuretika) f\u00f6r hj\u00e4rtsvikt, kan kroppen f\u00f6rlora en del av sitt kalium.","breadcrumb":{"@id":"https:\/\/www.heartfailurematters.org\/sv\/vad-du-sjalv-kan-gora\/anpassa-kosten-kalium\/#breadcrumb"},"inLanguage":"sv-SE","potentialAction":[{"@type":"ReadAction","target":["https:\/\/www.heartfailurematters.org\/sv\/vad-du-sjalv-kan-gora\/anpassa-kosten-kalium\/"]}]},{"@type":"ImageObject","inLanguage":"sv-SE","@id":"https:\/\/www.heartfailurematters.org\/sv\/vad-du-sjalv-kan-gora\/anpassa-kosten-kalium\/#primaryimage","url":"https:\/\/www.heartfailurematters.org\/wp-content\/uploads\/2022\/03\/shutterstock_244685272-1-min.jpg","contentUrl":"https:\/\/www.heartfailurematters.org\/wp-content\/uploads\/2022\/03\/shutterstock_244685272-1-min.jpg","width":900,"height":600},{"@type":"BreadcrumbList","@id":"https:\/\/www.heartfailurematters.org\/sv\/vad-du-sjalv-kan-gora\/anpassa-kosten-kalium\/#breadcrumb","itemListElement":[{"@type":"ListItem","position":1,"name":"Hem","item":"https:\/\/www.heartfailurematters.org\/sv\/"},{"@type":"ListItem","position":2,"name":"Vad du kan g\u00f6ra f\u00f6r att hantera din hj\u00e4rtsvikt","item":"https:\/\/www.heartfailurematters.org\/sv\/vad-du-sjalv-kan-gora\/"},{"@type":"ListItem","position":3,"name":"Anpassa kosten: Kalium"}]},{"@type":"WebSite","@id":"https:\/\/www.heartfailurematters.org\/sv\/#website","url":"https:\/\/www.heartfailurematters.org\/sv\/","name":"Heart Failure Matters","description":"Practical information for patients, families and caregivers.","publisher":{"@id":"https:\/\/www.heartfailurematters.org\/sv\/#organization"},"potentialAction":[{"@type":"SearchAction","target":{"@type":"EntryPoint","urlTemplate":"https:\/\/www.heartfailurematters.org\/sv\/?s={search_term_string}"},"query-input":{"@type":"PropertyValueSpecification","valueRequired":true,"valueName":"search_term_string"}}],"inLanguage":"sv-SE"},{"@type":"Organization","@id":"https:\/\/www.heartfailurematters.org\/sv\/#organization","name":"Heart Failure Matters","url":"https:\/\/www.heartfailurematters.org\/sv\/","logo":{"@type":"ImageObject","inLanguage":"sv-SE","@id":"https:\/\/www.heartfailurematters.org\/sv\/#\/schema\/logo\/image\/","url":"https:\/\/cdn-endpoint-hfm.azureedge.net\/heartfailurematters\/2024\/07\/hfm-logo1.jpg","contentUrl":"https:\/\/cdn-endpoint-hfm.azureedge.net\/heartfailurematters\/2024\/07\/hfm-logo1.jpg","width":1280,"height":720,"caption":"Heart Failure Matters"},"image":{"@id":"https:\/\/www.heartfailurematters.org\/sv\/#\/schema\/logo\/image\/"},"sameAs":["https:\/\/www.facebook.com\/heartfailurematters"]}]}},"_links":{"self":[{"href":"https:\/\/www.heartfailurematters.org\/sv\/wp-json\/wp\/v2\/pages\/2627","targetHints":{"allow":["GET"]}}],"collection":[{"href":"https:\/\/www.heartfailurematters.org\/sv\/wp-json\/wp\/v2\/pages"}],"about":[{"href":"https:\/\/www.heartfailurematters.org\/sv\/wp-json\/wp\/v2\/types\/page"}],"author":[{"embeddable":true,"href":"https:\/\/www.heartfailurematters.org\/sv\/wp-json\/wp\/v2\/users\/1"}],"replies":[{"embeddable":true,"href":"https:\/\/www.heartfailurematters.org\/sv\/wp-json\/wp\/v2\/comments?post=2627"}],"version-history":[{"count":0,"href":"https:\/\/www.heartfailurematters.org\/sv\/wp-json\/wp\/v2\/pages\/2627\/revisions"}],"up":[{"embeddable":true,"href":"https:\/\/www.heartfailurematters.org\/sv\/wp-json\/wp\/v2\/pages\/2721"}],"wp:featuredmedia":[{"embeddable":true,"href":"https:\/\/www.heartfailurematters.org\/sv\/wp-json\/wp\/v2\/media\/11035"}],"wp:attachment":[{"href":"https:\/\/www.heartfailurematters.org\/sv\/wp-json\/wp\/v2\/media?parent=2627"}],"wp:term":[{"taxonomy":"category","embeddable":true,"href":"https:\/\/www.heartfailurematters.org\/sv\/wp-json\/wp\/v2\/categories?post=2627"},{"taxonomy":"post_tag","embeddable":true,"href":"https:\/\/www.heartfailurematters.org\/sv\/wp-json\/wp\/v2\/tags?post=2627"}],"curies":[{"name":"wp","href":"https:\/\/api.w.org\/{rel}","templated":true}]}}