{"id":2618,"date":"2021-01-27T22:12:38","date_gmt":"2021-01-27T22:12:38","guid":{"rendered":"http:\/\/heartfailurematters.local:8888\/trombocythammande-behandling\/"},"modified":"2026-02-10T13:20:07","modified_gmt":"2026-02-10T13:20:07","slug":"trombocythammande-behandling","status":"publish","type":"page","link":"https:\/\/www.heartfailurematters.org\/sv\/vad-din-lakare-eller-sjukskoterska-kan-gora\/trombocythammande-behandling\/","title":{"rendered":"Trombocyth\u00e4mmande behandling"},"content":{"rendered":"<h2>Vad de g\u00f6r<\/h2>\n<p><a class=\"addtooltip\" title=\"&lt;div id='ToolTipTextWrap'&gt;trombocyth\u00e4mmande l\u00e4kemedel&lt;\/div&gt;&lt;p&gt;L\u00e4kemedel som motverkar trombocyter i blodet f\u00f6r att f\u00f6rhindra att blodproppar bildas.&lt;\/p&gt;\"><strong>Trombocyth\u00e4mmande medel<\/strong><\/a> f\u00f6rhindrar uppkomsten av blodproppar i art\u00e4rerna. Blodproppar i hj\u00e4rtats och hj\u00e4rnans art\u00e4rer kan orsaka hj\u00e4rtinfarkt eller stroke.<\/p>\n<p>\u00c4ven om trombocyth\u00e4mmande medel ofta kallas f\u00f6r blodf\u00f6rtunnande medel, f\u00e5r de faktiskt inte blodet att flyta mer fritt genom blodk\u00e4rlen.<\/p>\n<p>Acetylsalicylsyra (aspirin) \u00e4r det vanligaste trombocyth\u00e4mmande l\u00e4kemedlet. Dosen av acetylsalicylsyra som tas f\u00f6r att f\u00f6rebygga blodproppar \u00e4r mycket l\u00e4gre \u00e4n den dos som anv\u00e4nds f\u00f6r sm\u00e4rtlindring. En h\u00f6gre dos acetylsalicylsyra ger inte st\u00f6rre effekt, men det \u00f6kar risken f\u00f6r biverkningar. H\u00e5ll dig d\u00e4rf\u00f6r till den dos som din l\u00e4kare rekommenderat.<\/p>\n<h2>Biverkningar<\/h2>\n<p>De flesta m\u00e4nniskor f\u00e5r inga biverkningar av en l\u00e5g dos acetylsalicylsyra. Nyttan med att ta acetylsalicylsyra uppv\u00e4ger oftast den mindre risken f\u00f6r biverkningar. De allvarligaste biverkningarna, som endast uppkommer f\u00f6r ett f\u00e5tal personer, \u00e4r bland annat magbesv\u00e4r eller bl\u00f6dning och i s\u00e4llsynta fall allergi mot acetylsalicylsyra.<\/p>\n<p>Nyare trombocyth\u00e4mmande l\u00e4kemedel, s\u00e5som klopidogrel, kan ge f\u00e4rre magbesv\u00e4r.<\/p>\n<h2>Topptips<\/h2>\n<p>F\u00f6r att minska risken f\u00f6r magbesv\u00e4r \u00e4r det b\u00e4st att ta trombocyth\u00e4mmande l\u00e4kemedel med eller efter maten.<\/p>\n<p>Om du tar en l\u00e5g dos acetylsalicylsyra f\u00f6r att f\u00f6rebygga blodproppar och du m\u00e5ste ta sm\u00e4rtstillande l\u00e4kemedel (till exempel mot huvudv\u00e4rk) \u00e4r det b\u00e4ttre att ta paracetamol i st\u00e4llet f\u00f6r en h\u00f6gre dos acetylsalicylsyra.<\/p>\n<h2>\u00c4ven k\u00e4nd som:<\/h2>\n<ul>\n<li><strong>Aspirin<\/strong><br \/>\n(Gencardia\u00ae, Micropirin\u00ae, Angettes 75\u00ae, Caprin\u00ae, Nu-Seals\u00ae, Albyl\u00ae)<\/li>\n<li><strong>Klopidogrel<\/strong><br \/>\n(Plavix\u00ae)<\/li>\n<li><strong>Tiklopidin<br \/>\n<\/strong>(Ticlid\u00ae)<\/li>\n<li><strong>Dipyridamol<br \/>\n<\/strong>(Persantin\u00ae, Persantin Retard\u00ae), Kombinationspreparat (Asasantin Retard\u00ae)<\/li>\n<li><strong>Tikagrelor<\/strong><br \/>\n(Brilinta\u00ae, Brilique\u00ae)<\/li>\n<li><strong>Prasugrel<\/strong><br \/>\n(Effient\u00ae)<\/li>\n<\/ul>\n<p><a href=\"https:\/\/www.heartfailurematters.org\/what-your-doctor-can-do\/heart-failure-medicines\/\">\u00c5terg\u00e5 till Hj\u00e4rtsviktsl\u00e4kemedel<\/a><\/p>\n","protected":false},"excerpt":{"rendered":"<p>Vad de g\u00f6r Trombocyth\u00e4mmande medel f\u00f6rhindrar uppkomsten av blodproppar i art\u00e4rerna. Blodproppar i hj\u00e4rtats och hj\u00e4rnans art\u00e4rer kan orsaka hj\u00e4rtinfarkt eller stroke. \u00c4ven om trombocyth\u00e4mmande medel ofta kallas f\u00f6r blodf\u00f6rtunnande medel, f\u00e5r de faktiskt inte blodet att flyta mer fritt genom blodk\u00e4rlen. Acetylsalicylsyra (aspirin) \u00e4r det vanligaste trombocyth\u00e4mmande l\u00e4kemedlet. Dosen av acetylsalicylsyra som tas f\u00f6r [&hellip;]<\/p>\n","protected":false},"author":1,"featured_media":10874,"parent":2685,"menu_order":0,"comment_status":"open","ping_status":"open","template":"","meta":{"_acf_changed":false,"footnotes":""},"categories":[],"tags":[],"class_list":["post-2618","page","type-page","status-publish","has-post-thumbnail","hentry"],"acf":[],"yoast_head":"<!-- This site is optimized with the Yoast SEO plugin v24.8.1 - https:\/\/yoast.com\/wordpress\/plugins\/seo\/ -->\n<title>Vad \u00e4r trombocyth\u00e4mmande behandling?<\/title>\n<meta name=\"description\" content=\"Trombocyth\u00e4mmande l\u00e4kemedel f\u00f6rhindrar uppkomsten av blodproppar i art\u00e4rerna. Blodproppar i hj\u00e4rtats och hj\u00e4rnans art\u00e4rer kan orsaka hj\u00e4rtinfarkt eller stroke.\" \/>\n<meta name=\"robots\" content=\"index, follow, max-snippet:-1, max-image-preview:large, max-video-preview:-1\" \/>\n<link rel=\"canonical\" href=\"https:\/\/www.heartfailurematters.org\/sv\/vad-din-lakare-eller-sjukskoterska-kan-gora\/trombocythammande-behandling\/\" \/>\n<meta property=\"og:locale\" content=\"sv_SE\" \/>\n<meta property=\"og:type\" content=\"article\" \/>\n<meta property=\"og:title\" content=\"Vad \u00e4r trombocyth\u00e4mmande behandling?\" \/>\n<meta property=\"og:description\" content=\"Trombocyth\u00e4mmande l\u00e4kemedel f\u00f6rhindrar uppkomsten av blodproppar i art\u00e4rerna. Blodproppar i hj\u00e4rtats och hj\u00e4rnans art\u00e4rer kan orsaka hj\u00e4rtinfarkt eller stroke.\" \/>\n<meta property=\"og:url\" content=\"https:\/\/www.heartfailurematters.org\/sv\/vad-din-lakare-eller-sjukskoterska-kan-gora\/trombocythammande-behandling\/\" \/>\n<meta property=\"og:site_name\" content=\"Heart Failure Matters\" \/>\n<meta property=\"article:publisher\" content=\"https:\/\/www.facebook.com\/heartfailurematters\" \/>\n<meta property=\"article:modified_time\" content=\"2026-02-10T13:20:07+00:00\" \/>\n<meta property=\"og:image\" content=\"https:\/\/www.heartfailurematters.org\/wp-content\/uploads\/2022\/03\/shutterstock_441673426-1-min.jpg\" \/>\n\t<meta property=\"og:image:width\" content=\"900\" \/>\n\t<meta property=\"og:image:height\" content=\"596\" \/>\n\t<meta property=\"og:image:type\" content=\"image\/jpeg\" \/>\n<meta name=\"twitter:card\" content=\"summary_large_image\" \/>\n<meta name=\"twitter:label1\" content=\"Ber\u00e4knad l\u00e4stid\" \/>\n\t<meta name=\"twitter:data1\" content=\"1 minut\" \/>\n<script type=\"application\/ld+json\" class=\"yoast-schema-graph\">{\"@context\":\"https:\/\/schema.org\",\"@graph\":[{\"@type\":\"WebPage\",\"@id\":\"https:\/\/www.heartfailurematters.org\/sv\/vad-din-lakare-eller-sjukskoterska-kan-gora\/trombocythammande-behandling\/\",\"url\":\"https:\/\/www.heartfailurematters.org\/sv\/vad-din-lakare-eller-sjukskoterska-kan-gora\/trombocythammande-behandling\/\",\"name\":\"Vad \u00e4r trombocyth\u00e4mmande behandling?\",\"isPartOf\":{\"@id\":\"https:\/\/www.heartfailurematters.org\/sv\/#website\"},\"primaryImageOfPage\":{\"@id\":\"https:\/\/www.heartfailurematters.org\/sv\/vad-din-lakare-eller-sjukskoterska-kan-gora\/trombocythammande-behandling\/#primaryimage\"},\"image\":{\"@id\":\"https:\/\/www.heartfailurematters.org\/sv\/vad-din-lakare-eller-sjukskoterska-kan-gora\/trombocythammande-behandling\/#primaryimage\"},\"thumbnailUrl\":\"https:\/\/www.heartfailurematters.org\/wp-content\/uploads\/2022\/03\/shutterstock_441673426-1-min.jpg\",\"datePublished\":\"2021-01-27T22:12:38+00:00\",\"dateModified\":\"2026-02-10T13:20:07+00:00\",\"description\":\"Trombocyth\u00e4mmande l\u00e4kemedel f\u00f6rhindrar uppkomsten av blodproppar i art\u00e4rerna. Blodproppar i hj\u00e4rtats och hj\u00e4rnans art\u00e4rer kan orsaka hj\u00e4rtinfarkt eller stroke.\",\"breadcrumb\":{\"@id\":\"https:\/\/www.heartfailurematters.org\/sv\/vad-din-lakare-eller-sjukskoterska-kan-gora\/trombocythammande-behandling\/#breadcrumb\"},\"inLanguage\":\"sv-SE\",\"potentialAction\":[{\"@type\":\"ReadAction\",\"target\":[\"https:\/\/www.heartfailurematters.org\/sv\/vad-din-lakare-eller-sjukskoterska-kan-gora\/trombocythammande-behandling\/\"]}]},{\"@type\":\"ImageObject\",\"inLanguage\":\"sv-SE\",\"@id\":\"https:\/\/www.heartfailurematters.org\/sv\/vad-din-lakare-eller-sjukskoterska-kan-gora\/trombocythammande-behandling\/#primaryimage\",\"url\":\"https:\/\/www.heartfailurematters.org\/wp-content\/uploads\/2022\/03\/shutterstock_441673426-1-min.jpg\",\"contentUrl\":\"https:\/\/www.heartfailurematters.org\/wp-content\/uploads\/2022\/03\/shutterstock_441673426-1-min.jpg\",\"width\":900,\"height\":596},{\"@type\":\"BreadcrumbList\",\"@id\":\"https:\/\/www.heartfailurematters.org\/sv\/vad-din-lakare-eller-sjukskoterska-kan-gora\/trombocythammande-behandling\/#breadcrumb\",\"itemListElement\":[{\"@type\":\"ListItem\",\"position\":1,\"name\":\"Hem\",\"item\":\"https:\/\/www.heartfailurematters.org\/sv\/\"},{\"@type\":\"ListItem\",\"position\":2,\"name\":\"Vad din l\u00e4kare kan g\u00f6ra\",\"item\":\"https:\/\/www.heartfailurematters.org\/sv\/vad-din-lakare-eller-sjukskoterska-kan-gora\/\"},{\"@type\":\"ListItem\",\"position\":3,\"name\":\"Trombocyth\u00e4mmande behandling\"}]},{\"@type\":\"WebSite\",\"@id\":\"https:\/\/www.heartfailurematters.org\/sv\/#website\",\"url\":\"https:\/\/www.heartfailurematters.org\/sv\/\",\"name\":\"Heart Failure Matters\",\"description\":\"Practical information for patients, families and caregivers.\",\"publisher\":{\"@id\":\"https:\/\/www.heartfailurematters.org\/sv\/#organization\"},\"potentialAction\":[{\"@type\":\"SearchAction\",\"target\":{\"@type\":\"EntryPoint\",\"urlTemplate\":\"https:\/\/www.heartfailurematters.org\/sv\/?s={search_term_string}\"},\"query-input\":{\"@type\":\"PropertyValueSpecification\",\"valueRequired\":true,\"valueName\":\"search_term_string\"}}],\"inLanguage\":\"sv-SE\"},{\"@type\":\"Organization\",\"@id\":\"https:\/\/www.heartfailurematters.org\/sv\/#organization\",\"name\":\"Heart Failure Matters\",\"url\":\"https:\/\/www.heartfailurematters.org\/sv\/\",\"logo\":{\"@type\":\"ImageObject\",\"inLanguage\":\"sv-SE\",\"@id\":\"https:\/\/www.heartfailurematters.org\/sv\/#\/schema\/logo\/image\/\",\"url\":\"https:\/\/cdn-endpoint-hfm.azureedge.net\/heartfailurematters\/2024\/07\/hfm-logo1.jpg\",\"contentUrl\":\"https:\/\/cdn-endpoint-hfm.azureedge.net\/heartfailurematters\/2024\/07\/hfm-logo1.jpg\",\"width\":1280,\"height\":720,\"caption\":\"Heart Failure Matters\"},\"image\":{\"@id\":\"https:\/\/www.heartfailurematters.org\/sv\/#\/schema\/logo\/image\/\"},\"sameAs\":[\"https:\/\/www.facebook.com\/heartfailurematters\"]}]}<\/script>\n<!-- \/ Yoast SEO plugin. -->","yoast_head_json":{"title":"Vad \u00e4r trombocyth\u00e4mmande behandling?","description":"Trombocyth\u00e4mmande l\u00e4kemedel f\u00f6rhindrar uppkomsten av blodproppar i art\u00e4rerna. Blodproppar i hj\u00e4rtats och hj\u00e4rnans art\u00e4rer kan orsaka hj\u00e4rtinfarkt eller stroke.","robots":{"index":"index","follow":"follow","max-snippet":"max-snippet:-1","max-image-preview":"max-image-preview:large","max-video-preview":"max-video-preview:-1"},"canonical":"https:\/\/www.heartfailurematters.org\/sv\/vad-din-lakare-eller-sjukskoterska-kan-gora\/trombocythammande-behandling\/","og_locale":"sv_SE","og_type":"article","og_title":"Vad \u00e4r trombocyth\u00e4mmande behandling?","og_description":"Trombocyth\u00e4mmande l\u00e4kemedel f\u00f6rhindrar uppkomsten av blodproppar i art\u00e4rerna. Blodproppar i hj\u00e4rtats och hj\u00e4rnans art\u00e4rer kan orsaka hj\u00e4rtinfarkt eller stroke.","og_url":"https:\/\/www.heartfailurematters.org\/sv\/vad-din-lakare-eller-sjukskoterska-kan-gora\/trombocythammande-behandling\/","og_site_name":"Heart Failure Matters","article_publisher":"https:\/\/www.facebook.com\/heartfailurematters","article_modified_time":"2026-02-10T13:20:07+00:00","og_image":[{"width":900,"height":596,"url":"https:\/\/www.heartfailurematters.org\/wp-content\/uploads\/2022\/03\/shutterstock_441673426-1-min.jpg","type":"image\/jpeg"}],"twitter_card":"summary_large_image","twitter_misc":{"Ber\u00e4knad l\u00e4stid":"1 minut"},"schema":{"@context":"https:\/\/schema.org","@graph":[{"@type":"WebPage","@id":"https:\/\/www.heartfailurematters.org\/sv\/vad-din-lakare-eller-sjukskoterska-kan-gora\/trombocythammande-behandling\/","url":"https:\/\/www.heartfailurematters.org\/sv\/vad-din-lakare-eller-sjukskoterska-kan-gora\/trombocythammande-behandling\/","name":"Vad \u00e4r trombocyth\u00e4mmande behandling?","isPartOf":{"@id":"https:\/\/www.heartfailurematters.org\/sv\/#website"},"primaryImageOfPage":{"@id":"https:\/\/www.heartfailurematters.org\/sv\/vad-din-lakare-eller-sjukskoterska-kan-gora\/trombocythammande-behandling\/#primaryimage"},"image":{"@id":"https:\/\/www.heartfailurematters.org\/sv\/vad-din-lakare-eller-sjukskoterska-kan-gora\/trombocythammande-behandling\/#primaryimage"},"thumbnailUrl":"https:\/\/www.heartfailurematters.org\/wp-content\/uploads\/2022\/03\/shutterstock_441673426-1-min.jpg","datePublished":"2021-01-27T22:12:38+00:00","dateModified":"2026-02-10T13:20:07+00:00","description":"Trombocyth\u00e4mmande l\u00e4kemedel f\u00f6rhindrar uppkomsten av blodproppar i art\u00e4rerna. Blodproppar i hj\u00e4rtats och hj\u00e4rnans art\u00e4rer kan orsaka hj\u00e4rtinfarkt eller stroke.","breadcrumb":{"@id":"https:\/\/www.heartfailurematters.org\/sv\/vad-din-lakare-eller-sjukskoterska-kan-gora\/trombocythammande-behandling\/#breadcrumb"},"inLanguage":"sv-SE","potentialAction":[{"@type":"ReadAction","target":["https:\/\/www.heartfailurematters.org\/sv\/vad-din-lakare-eller-sjukskoterska-kan-gora\/trombocythammande-behandling\/"]}]},{"@type":"ImageObject","inLanguage":"sv-SE","@id":"https:\/\/www.heartfailurematters.org\/sv\/vad-din-lakare-eller-sjukskoterska-kan-gora\/trombocythammande-behandling\/#primaryimage","url":"https:\/\/www.heartfailurematters.org\/wp-content\/uploads\/2022\/03\/shutterstock_441673426-1-min.jpg","contentUrl":"https:\/\/www.heartfailurematters.org\/wp-content\/uploads\/2022\/03\/shutterstock_441673426-1-min.jpg","width":900,"height":596},{"@type":"BreadcrumbList","@id":"https:\/\/www.heartfailurematters.org\/sv\/vad-din-lakare-eller-sjukskoterska-kan-gora\/trombocythammande-behandling\/#breadcrumb","itemListElement":[{"@type":"ListItem","position":1,"name":"Hem","item":"https:\/\/www.heartfailurematters.org\/sv\/"},{"@type":"ListItem","position":2,"name":"Vad din l\u00e4kare kan g\u00f6ra","item":"https:\/\/www.heartfailurematters.org\/sv\/vad-din-lakare-eller-sjukskoterska-kan-gora\/"},{"@type":"ListItem","position":3,"name":"Trombocyth\u00e4mmande behandling"}]},{"@type":"WebSite","@id":"https:\/\/www.heartfailurematters.org\/sv\/#website","url":"https:\/\/www.heartfailurematters.org\/sv\/","name":"Heart Failure Matters","description":"Practical information for patients, families and caregivers.","publisher":{"@id":"https:\/\/www.heartfailurematters.org\/sv\/#organization"},"potentialAction":[{"@type":"SearchAction","target":{"@type":"EntryPoint","urlTemplate":"https:\/\/www.heartfailurematters.org\/sv\/?s={search_term_string}"},"query-input":{"@type":"PropertyValueSpecification","valueRequired":true,"valueName":"search_term_string"}}],"inLanguage":"sv-SE"},{"@type":"Organization","@id":"https:\/\/www.heartfailurematters.org\/sv\/#organization","name":"Heart Failure Matters","url":"https:\/\/www.heartfailurematters.org\/sv\/","logo":{"@type":"ImageObject","inLanguage":"sv-SE","@id":"https:\/\/www.heartfailurematters.org\/sv\/#\/schema\/logo\/image\/","url":"https:\/\/cdn-endpoint-hfm.azureedge.net\/heartfailurematters\/2024\/07\/hfm-logo1.jpg","contentUrl":"https:\/\/cdn-endpoint-hfm.azureedge.net\/heartfailurematters\/2024\/07\/hfm-logo1.jpg","width":1280,"height":720,"caption":"Heart Failure Matters"},"image":{"@id":"https:\/\/www.heartfailurematters.org\/sv\/#\/schema\/logo\/image\/"},"sameAs":["https:\/\/www.facebook.com\/heartfailurematters"]}]}},"_links":{"self":[{"href":"https:\/\/www.heartfailurematters.org\/sv\/wp-json\/wp\/v2\/pages\/2618","targetHints":{"allow":["GET"]}}],"collection":[{"href":"https:\/\/www.heartfailurematters.org\/sv\/wp-json\/wp\/v2\/pages"}],"about":[{"href":"https:\/\/www.heartfailurematters.org\/sv\/wp-json\/wp\/v2\/types\/page"}],"author":[{"embeddable":true,"href":"https:\/\/www.heartfailurematters.org\/sv\/wp-json\/wp\/v2\/users\/1"}],"replies":[{"embeddable":true,"href":"https:\/\/www.heartfailurematters.org\/sv\/wp-json\/wp\/v2\/comments?post=2618"}],"version-history":[{"count":2,"href":"https:\/\/www.heartfailurematters.org\/sv\/wp-json\/wp\/v2\/pages\/2618\/revisions"}],"predecessor-version":[{"id":13961,"href":"https:\/\/www.heartfailurematters.org\/sv\/wp-json\/wp\/v2\/pages\/2618\/revisions\/13961"}],"up":[{"embeddable":true,"href":"https:\/\/www.heartfailurematters.org\/sv\/wp-json\/wp\/v2\/pages\/2685"}],"wp:featuredmedia":[{"embeddable":true,"href":"https:\/\/www.heartfailurematters.org\/sv\/wp-json\/wp\/v2\/media\/10874"}],"wp:attachment":[{"href":"https:\/\/www.heartfailurematters.org\/sv\/wp-json\/wp\/v2\/media?parent=2618"}],"wp:term":[{"taxonomy":"category","embeddable":true,"href":"https:\/\/www.heartfailurematters.org\/sv\/wp-json\/wp\/v2\/categories?post=2618"},{"taxonomy":"post_tag","embeddable":true,"href":"https:\/\/www.heartfailurematters.org\/sv\/wp-json\/wp\/v2\/tags?post=2618"}],"curies":[{"name":"wp","href":"https:\/\/api.w.org\/{rel}","templated":true}]}}