{"id":2617,"date":"2021-01-27T22:12:38","date_gmt":"2021-01-27T22:12:38","guid":{"rendered":"http:\/\/heartfailurematters.local:8888\/nitrater-vasodilatorer-karlvidgande-lakemedel\/"},"modified":"2026-02-10T13:20:04","modified_gmt":"2026-02-10T13:20:04","slug":"nitrater-vasodilatorer-karlvidgande-lakemedel","status":"publish","type":"page","link":"https:\/\/www.heartfailurematters.org\/sv\/vad-din-lakare-eller-sjukskoterska-kan-gora\/nitrater-vasodilatorer-karlvidgande-lakemedel\/","title":{"rendered":"Nitrater\/vasodilatorer (k\u00e4rlvidgande l\u00e4kemedel)"},"content":{"rendered":"<h2>Vad de g\u00f6r<\/h2>\n<p><a class=\"addtooltip\" title=\"&lt;div id='ToolTipTextWrap'&gt;nitrater&lt;\/div&gt;&lt;p&gt; L\u00e5ngtidsverkande nitroglycerinpreparat som tas oralt.&lt;\/p&gt;\"><strong>Nitrater<\/strong><\/a> \u00e4r l\u00e4kemedel som f\u00e5r blodk\u00e4rlen att vidgas och d\u00e4rigenom minskar motst\u00e5ndet i k\u00e4rlsystemet. Den k\u00e4rlvidgande effekten hos nitrater s\u00e4nker blodtrycket och underl\u00e4ttar blodfl\u00f6det i kroppen, vilket kan f\u00f6rb\u00e4ttra symtomen.<\/p>\n<p>Vissa nitrater tas regelbundet. Vissa kortverkande nitrater (s\u00e5som glyceryltrinitrat\/nitroglycerin) kan tas som spray eller tabletter som l\u00e4ggs under tungan \u201dvid behov\u201d mot br\u00f6stsm\u00e4rtor (angina\/k\u00e4rlkramp). Det finns flera andra typer av vasodilatorer, ut\u00f6ver nitrater, som anv\u00e4nds vid hj\u00e4rtsvikt. De kan ocks\u00e5 ges i form av pl\u00e5ster och salvor, som appliceras p\u00e5 huden (angina\/k\u00e4rlkramp). Det finns flera andra typer av vasodilatorer, ut\u00f6ver nitrater, som anv\u00e4nds vid hj\u00e4rtsvikt. De kan ocks\u00e5 ges i form av pl\u00e5ster och salvor, som appliceras p\u00e5 huden.<\/p>\n<h2>Vilka \u00e4r de f\u00f6rv\u00e4ntade f\u00f6rdelarna?<\/h2>\n<p><strong>Nitrater<\/strong> minskar f\u00f6rekomsten och intensiteten av br\u00f6stsm\u00e4rtor (k\u00e4rlkramp) och ges d\u00e4rf\u00f6r f\u00f6r att lindra symtom. Andra vasodilatorer, t.ex. hydralazin och minoxidil, kan anv\u00e4ndas f\u00f6r att f\u00f6rb\u00e4ttra symtom som andn\u00f6d.<\/p>\n<h2>Vilka \u00e4r de f\u00f6rv\u00e4ntade f\u00f6rdelarna?<\/h2>\n<p>Nitrater minskar f\u00f6rekomsten och intensiteten av br\u00f6stsm\u00e4rtor (k\u00e4rlkramp) och ges d\u00e4rf\u00f6r f\u00f6r att lindra symtom. Andra vasodilatorer, t.ex. hydralazin och minoxidil, kan anv\u00e4ndas f\u00f6r att f\u00f6rb\u00e4ttra symtom som andn\u00f6d.<\/p>\n<h2>Biverkningar<\/h2>\n<p>K\u00e4rlvidgande l\u00e4kemedel (vasodilatorer) kan orsaka l\u00e5gt blodtryck, vilket kan f\u00e5 dig att k\u00e4nna dig svag eller yr n\u00e4r du s\u00e4tter dig ner eller st\u00e4ller dig upp f\u00f6r snabbt. Andra biverkningar kan vara huvudv\u00e4rk, rodnad, hj\u00e4rtklappning och n\u00e4st\u00e4ppa. Huvudv\u00e4rk \u00e4r s\u00e4rskilt vanligt vid behandling med l\u00e5ngverkande vasodilatorer, s\u00e5som nitrater.<\/p>\n<h2>Topptips<\/h2>\n<p><a href=\"https:\/\/www.heartfailurematters.org\/understanding-heart-failure\/dizziness\/\" shape=\"rect\">Yrsel<\/a> kan uppst\u00e5 med alla l\u00e4kemedel som s\u00e4nker blodtrycket. Men vid hj\u00e4rtsvikt fungerar ditt hj\u00e4rta vanligtvis b\u00e4ttre vid l\u00e4gre tryck.<\/p>\n<p>Om du k\u00e4nner dig yr p\u00e5 morgonen, prova att flytta f\u00f6tterna fram och tillbaka ett tiotal g\u00e5nger innan du st\u00e5r upp. Du kan ocks\u00e5 dingla med benen \u00f6ver s\u00e4ngkanten innan du s\u00e4tter dig upp och sedan sitta p\u00e5 s\u00e4ngkanten i en minut innan du st\u00e4ller dig upp. Undvik att st\u00e4lla dig upp f\u00f6r snabbt, b\u00e5de fr\u00e5n ett sittande l\u00e4ge eller n\u00e4r du b\u00f6jer dig ner, eftersom det kan g\u00f6ra dig yr. Ta den tid du beh\u00f6ver och l\u00e5t kroppen anpassa sig.<\/p>\n<h2>Nitrater\/vasodilatorer:<\/h2>\n<ul>\n<li><strong>Glyceryltrinitrat\/GTN\/nitroglycerinpreparat<\/strong><br \/>\n(Coro-Nitro Pump Spray\u00ae, Glytrin Spray\u00ae, Nitrolingual Pumpspray\u00ae, Nitromin\u00ae, Suscard\u00ae, Deponit\u00ae, Minitran\u00ae, Nitro-Dur\u00ae, Percutol\u00ae, Transiderm-Nitro\u00ae)<\/li>\n<li><strong>Isosorbiddinitrat<\/strong><br \/>\n(Angitak\u00ae, Isoket Retard\u00ae)<\/li>\n<li><strong>Isosorbidmononitrat<\/strong><br \/>\n(Angeze\u00ae, Angeze SR\u00ae, Chemydur 60X\u00ae, Elantan\u00ae, Ismo\u00ae, Elantan LA\u00ae, Imdur\u00ae, Isib 60XL\u00ae, Ismo Retard\u00ae, Isodur\u00ae, Isotard\u00ae, Modisal LA\u00ae, Modisal XL\u00ae, Monomax\u00ae, Monomil X\u00ae, Monosorb XL 60\u00ae, Zemon\u00ae)<\/li>\n<li><strong>Hydralazin<\/strong><br \/>\n(Apresoline\u00ae)<\/li>\n<li><strong>Minoxidil<\/strong><br \/>\n(Loniten\u00ae)<\/li>\n<li><strong>Nesiritid<\/strong><br \/>\n(Natrecor\u00ae)<\/li>\n<li><strong>Levosimendan<\/strong><br \/>\n(Simdax\u00ae)<\/li>\n<\/ul>\n<table border=\"1\" width=\"100%\" cellspacing=\"0\" cellpadding=\"0\">\n<tbody>\n<tr>\n<td style=\"width: 25%;\">\n<h2>Animering<\/h2>\n<\/td>\n<td style=\"width: 75%; vertical-align: middle; text-align: left;\"\/>\n<\/tr>\n<tr>\n<td style=\"width: 25%;\"><a class=\"lightview\" href=\"https:\/\/www.youtube.com\/embed\/lx_ReyaK408?hl=en_UK&amp;autoplay=1;&amp;version=3&amp;rel=0&amp;showinfo=0\" data-lightview-caption=\"The animation above shows how ACE (Angiotensin converting enzyme) inhibitors can help you by causing your blood vessels to relax and thus lower your blood pressure. This means your heart doesn't have to work so hard to squeeze your blood around your body.\" data-lightview-title=\"How ACE inhibitors work in heart failure\" data-lightview-options=\"width: 535, height: 400\" data-lightview-type=\"iframe\" data-lightview-group=\"journey\"><img decoding=\"async\" class=\"alignleft size-full wp-image-5071\" src=\"https:\/\/cdn-endpoint-hfm.azureedge.net\/heartfailurematters\/2021\/02\/07-animation.jpg\" alt=\"\" width=\"180\" height=\"130\"\/><\/a><\/td>\n<td style=\"width: 75%; vertical-align: middle; text-align: left;\">Animation som f\u00f6rklarar hur vasodilatorer verkar vid hj\u00e4rtsvikt<\/td>\n<\/tr>\n<\/tbody>\n<\/table>\n<p><a href=\"https:\/\/www.heartfailurematters.org\/what-your-doctor-can-do\/heart-failure-medicines\/\" shape=\"rect\">\u00c5terg\u00e5 till Hj\u00e4rtsviktsl\u00e4kemedel<\/a><\/p>\n","protected":false},"excerpt":{"rendered":"<p>Vad de g\u00f6r Nitrater \u00e4r l\u00e4kemedel som f\u00e5r blodk\u00e4rlen att vidgas och d\u00e4rigenom minskar motst\u00e5ndet i k\u00e4rlsystemet. Den k\u00e4rlvidgande effekten hos nitrater s\u00e4nker blodtrycket och underl\u00e4ttar blodfl\u00f6det i kroppen, vilket kan f\u00f6rb\u00e4ttra symtomen. Vissa nitrater tas regelbundet. Vissa kortverkande nitrater (s\u00e5som glyceryltrinitrat\/nitroglycerin) kan tas som spray eller tabletter som l\u00e4ggs under tungan \u201dvid behov\u201d mot [&hellip;]<\/p>\n","protected":false},"author":1,"featured_media":10874,"parent":2685,"menu_order":0,"comment_status":"open","ping_status":"open","template":"","meta":{"_acf_changed":false,"footnotes":""},"categories":[],"tags":[],"class_list":["post-2617","page","type-page","status-publish","has-post-thumbnail","hentry"],"acf":[],"yoast_head":"<!-- This site is optimized with the Yoast SEO plugin v24.8.1 - https:\/\/yoast.com\/wordpress\/plugins\/seo\/ -->\n<title>Nitrater\/vasodilatorer och hj\u00e4rtsvikt<\/title>\n<meta name=\"description\" content=\"K\u00e4rlvidgande l\u00e4kemedel mot hj\u00e4rtsvikt: L\u00e4s om vad de \u00e4r, hur de verkar, eventuella biverkningar och de b\u00e4sta tipsen f\u00f6r att hantera biverkningar.\" \/>\n<meta name=\"robots\" content=\"index, follow, max-snippet:-1, max-image-preview:large, max-video-preview:-1\" \/>\n<link rel=\"canonical\" href=\"https:\/\/www.heartfailurematters.org\/sv\/vad-din-lakare-eller-sjukskoterska-kan-gora\/nitrater-vasodilatorer-karlvidgande-lakemedel\/\" \/>\n<meta property=\"og:locale\" content=\"sv_SE\" \/>\n<meta property=\"og:type\" content=\"article\" \/>\n<meta property=\"og:title\" content=\"Nitrater\/vasodilatorer och hj\u00e4rtsvikt\" \/>\n<meta property=\"og:description\" content=\"K\u00e4rlvidgande l\u00e4kemedel mot hj\u00e4rtsvikt: L\u00e4s om vad de \u00e4r, hur de verkar, eventuella biverkningar och de b\u00e4sta tipsen f\u00f6r att hantera biverkningar.\" \/>\n<meta property=\"og:url\" content=\"https:\/\/www.heartfailurematters.org\/sv\/vad-din-lakare-eller-sjukskoterska-kan-gora\/nitrater-vasodilatorer-karlvidgande-lakemedel\/\" \/>\n<meta property=\"og:site_name\" content=\"Heart Failure Matters\" \/>\n<meta property=\"article:publisher\" content=\"https:\/\/www.facebook.com\/heartfailurematters\" \/>\n<meta property=\"article:modified_time\" content=\"2026-02-10T13:20:04+00:00\" \/>\n<meta property=\"og:image\" content=\"https:\/\/www.heartfailurematters.org\/wp-content\/uploads\/2022\/03\/shutterstock_441673426-1-min.jpg\" \/>\n\t<meta property=\"og:image:width\" content=\"900\" \/>\n\t<meta property=\"og:image:height\" content=\"596\" \/>\n\t<meta property=\"og:image:type\" content=\"image\/jpeg\" \/>\n<meta name=\"twitter:card\" content=\"summary_large_image\" \/>\n<meta name=\"twitter:label1\" content=\"Ber\u00e4knad l\u00e4stid\" \/>\n\t<meta name=\"twitter:data1\" content=\"2 minuter\" \/>\n<script type=\"application\/ld+json\" class=\"yoast-schema-graph\">{\"@context\":\"https:\/\/schema.org\",\"@graph\":[{\"@type\":\"WebPage\",\"@id\":\"https:\/\/www.heartfailurematters.org\/sv\/vad-din-lakare-eller-sjukskoterska-kan-gora\/nitrater-vasodilatorer-karlvidgande-lakemedel\/\",\"url\":\"https:\/\/www.heartfailurematters.org\/sv\/vad-din-lakare-eller-sjukskoterska-kan-gora\/nitrater-vasodilatorer-karlvidgande-lakemedel\/\",\"name\":\"Nitrater\/vasodilatorer och hj\u00e4rtsvikt\",\"isPartOf\":{\"@id\":\"https:\/\/www.heartfailurematters.org\/sv\/#website\"},\"primaryImageOfPage\":{\"@id\":\"https:\/\/www.heartfailurematters.org\/sv\/vad-din-lakare-eller-sjukskoterska-kan-gora\/nitrater-vasodilatorer-karlvidgande-lakemedel\/#primaryimage\"},\"image\":{\"@id\":\"https:\/\/www.heartfailurematters.org\/sv\/vad-din-lakare-eller-sjukskoterska-kan-gora\/nitrater-vasodilatorer-karlvidgande-lakemedel\/#primaryimage\"},\"thumbnailUrl\":\"https:\/\/www.heartfailurematters.org\/wp-content\/uploads\/2022\/03\/shutterstock_441673426-1-min.jpg\",\"datePublished\":\"2021-01-27T22:12:38+00:00\",\"dateModified\":\"2026-02-10T13:20:04+00:00\",\"description\":\"K\u00e4rlvidgande l\u00e4kemedel mot hj\u00e4rtsvikt: L\u00e4s om vad de \u00e4r, hur de verkar, eventuella biverkningar och de b\u00e4sta tipsen f\u00f6r att hantera biverkningar.\",\"breadcrumb\":{\"@id\":\"https:\/\/www.heartfailurematters.org\/sv\/vad-din-lakare-eller-sjukskoterska-kan-gora\/nitrater-vasodilatorer-karlvidgande-lakemedel\/#breadcrumb\"},\"inLanguage\":\"sv-SE\",\"potentialAction\":[{\"@type\":\"ReadAction\",\"target\":[\"https:\/\/www.heartfailurematters.org\/sv\/vad-din-lakare-eller-sjukskoterska-kan-gora\/nitrater-vasodilatorer-karlvidgande-lakemedel\/\"]}]},{\"@type\":\"ImageObject\",\"inLanguage\":\"sv-SE\",\"@id\":\"https:\/\/www.heartfailurematters.org\/sv\/vad-din-lakare-eller-sjukskoterska-kan-gora\/nitrater-vasodilatorer-karlvidgande-lakemedel\/#primaryimage\",\"url\":\"https:\/\/www.heartfailurematters.org\/wp-content\/uploads\/2022\/03\/shutterstock_441673426-1-min.jpg\",\"contentUrl\":\"https:\/\/www.heartfailurematters.org\/wp-content\/uploads\/2022\/03\/shutterstock_441673426-1-min.jpg\",\"width\":900,\"height\":596},{\"@type\":\"BreadcrumbList\",\"@id\":\"https:\/\/www.heartfailurematters.org\/sv\/vad-din-lakare-eller-sjukskoterska-kan-gora\/nitrater-vasodilatorer-karlvidgande-lakemedel\/#breadcrumb\",\"itemListElement\":[{\"@type\":\"ListItem\",\"position\":1,\"name\":\"Hem\",\"item\":\"https:\/\/www.heartfailurematters.org\/sv\/\"},{\"@type\":\"ListItem\",\"position\":2,\"name\":\"Vad din l\u00e4kare kan g\u00f6ra\",\"item\":\"https:\/\/www.heartfailurematters.org\/sv\/vad-din-lakare-eller-sjukskoterska-kan-gora\/\"},{\"@type\":\"ListItem\",\"position\":3,\"name\":\"Nitrater\/vasodilatorer (k\u00e4rlvidgande l\u00e4kemedel)\"}]},{\"@type\":\"WebSite\",\"@id\":\"https:\/\/www.heartfailurematters.org\/sv\/#website\",\"url\":\"https:\/\/www.heartfailurematters.org\/sv\/\",\"name\":\"Heart Failure Matters\",\"description\":\"Practical information for patients, families and caregivers.\",\"publisher\":{\"@id\":\"https:\/\/www.heartfailurematters.org\/sv\/#organization\"},\"potentialAction\":[{\"@type\":\"SearchAction\",\"target\":{\"@type\":\"EntryPoint\",\"urlTemplate\":\"https:\/\/www.heartfailurematters.org\/sv\/?s={search_term_string}\"},\"query-input\":{\"@type\":\"PropertyValueSpecification\",\"valueRequired\":true,\"valueName\":\"search_term_string\"}}],\"inLanguage\":\"sv-SE\"},{\"@type\":\"Organization\",\"@id\":\"https:\/\/www.heartfailurematters.org\/sv\/#organization\",\"name\":\"Heart Failure Matters\",\"url\":\"https:\/\/www.heartfailurematters.org\/sv\/\",\"logo\":{\"@type\":\"ImageObject\",\"inLanguage\":\"sv-SE\",\"@id\":\"https:\/\/www.heartfailurematters.org\/sv\/#\/schema\/logo\/image\/\",\"url\":\"https:\/\/cdn-endpoint-hfm.azureedge.net\/heartfailurematters\/2024\/07\/hfm-logo1.jpg\",\"contentUrl\":\"https:\/\/cdn-endpoint-hfm.azureedge.net\/heartfailurematters\/2024\/07\/hfm-logo1.jpg\",\"width\":1280,\"height\":720,\"caption\":\"Heart Failure Matters\"},\"image\":{\"@id\":\"https:\/\/www.heartfailurematters.org\/sv\/#\/schema\/logo\/image\/\"},\"sameAs\":[\"https:\/\/www.facebook.com\/heartfailurematters\"]}]}<\/script>\n<!-- \/ Yoast SEO plugin. -->","yoast_head_json":{"title":"Nitrater\/vasodilatorer och hj\u00e4rtsvikt","description":"K\u00e4rlvidgande l\u00e4kemedel mot hj\u00e4rtsvikt: L\u00e4s om vad de \u00e4r, hur de verkar, eventuella biverkningar och de b\u00e4sta tipsen f\u00f6r att hantera biverkningar.","robots":{"index":"index","follow":"follow","max-snippet":"max-snippet:-1","max-image-preview":"max-image-preview:large","max-video-preview":"max-video-preview:-1"},"canonical":"https:\/\/www.heartfailurematters.org\/sv\/vad-din-lakare-eller-sjukskoterska-kan-gora\/nitrater-vasodilatorer-karlvidgande-lakemedel\/","og_locale":"sv_SE","og_type":"article","og_title":"Nitrater\/vasodilatorer och hj\u00e4rtsvikt","og_description":"K\u00e4rlvidgande l\u00e4kemedel mot hj\u00e4rtsvikt: L\u00e4s om vad de \u00e4r, hur de verkar, eventuella biverkningar och de b\u00e4sta tipsen f\u00f6r att hantera biverkningar.","og_url":"https:\/\/www.heartfailurematters.org\/sv\/vad-din-lakare-eller-sjukskoterska-kan-gora\/nitrater-vasodilatorer-karlvidgande-lakemedel\/","og_site_name":"Heart Failure Matters","article_publisher":"https:\/\/www.facebook.com\/heartfailurematters","article_modified_time":"2026-02-10T13:20:04+00:00","og_image":[{"width":900,"height":596,"url":"https:\/\/www.heartfailurematters.org\/wp-content\/uploads\/2022\/03\/shutterstock_441673426-1-min.jpg","type":"image\/jpeg"}],"twitter_card":"summary_large_image","twitter_misc":{"Ber\u00e4knad l\u00e4stid":"2 minuter"},"schema":{"@context":"https:\/\/schema.org","@graph":[{"@type":"WebPage","@id":"https:\/\/www.heartfailurematters.org\/sv\/vad-din-lakare-eller-sjukskoterska-kan-gora\/nitrater-vasodilatorer-karlvidgande-lakemedel\/","url":"https:\/\/www.heartfailurematters.org\/sv\/vad-din-lakare-eller-sjukskoterska-kan-gora\/nitrater-vasodilatorer-karlvidgande-lakemedel\/","name":"Nitrater\/vasodilatorer och hj\u00e4rtsvikt","isPartOf":{"@id":"https:\/\/www.heartfailurematters.org\/sv\/#website"},"primaryImageOfPage":{"@id":"https:\/\/www.heartfailurematters.org\/sv\/vad-din-lakare-eller-sjukskoterska-kan-gora\/nitrater-vasodilatorer-karlvidgande-lakemedel\/#primaryimage"},"image":{"@id":"https:\/\/www.heartfailurematters.org\/sv\/vad-din-lakare-eller-sjukskoterska-kan-gora\/nitrater-vasodilatorer-karlvidgande-lakemedel\/#primaryimage"},"thumbnailUrl":"https:\/\/www.heartfailurematters.org\/wp-content\/uploads\/2022\/03\/shutterstock_441673426-1-min.jpg","datePublished":"2021-01-27T22:12:38+00:00","dateModified":"2026-02-10T13:20:04+00:00","description":"K\u00e4rlvidgande l\u00e4kemedel mot hj\u00e4rtsvikt: L\u00e4s om vad de \u00e4r, hur de verkar, eventuella biverkningar och de b\u00e4sta tipsen f\u00f6r att hantera biverkningar.","breadcrumb":{"@id":"https:\/\/www.heartfailurematters.org\/sv\/vad-din-lakare-eller-sjukskoterska-kan-gora\/nitrater-vasodilatorer-karlvidgande-lakemedel\/#breadcrumb"},"inLanguage":"sv-SE","potentialAction":[{"@type":"ReadAction","target":["https:\/\/www.heartfailurematters.org\/sv\/vad-din-lakare-eller-sjukskoterska-kan-gora\/nitrater-vasodilatorer-karlvidgande-lakemedel\/"]}]},{"@type":"ImageObject","inLanguage":"sv-SE","@id":"https:\/\/www.heartfailurematters.org\/sv\/vad-din-lakare-eller-sjukskoterska-kan-gora\/nitrater-vasodilatorer-karlvidgande-lakemedel\/#primaryimage","url":"https:\/\/www.heartfailurematters.org\/wp-content\/uploads\/2022\/03\/shutterstock_441673426-1-min.jpg","contentUrl":"https:\/\/www.heartfailurematters.org\/wp-content\/uploads\/2022\/03\/shutterstock_441673426-1-min.jpg","width":900,"height":596},{"@type":"BreadcrumbList","@id":"https:\/\/www.heartfailurematters.org\/sv\/vad-din-lakare-eller-sjukskoterska-kan-gora\/nitrater-vasodilatorer-karlvidgande-lakemedel\/#breadcrumb","itemListElement":[{"@type":"ListItem","position":1,"name":"Hem","item":"https:\/\/www.heartfailurematters.org\/sv\/"},{"@type":"ListItem","position":2,"name":"Vad din l\u00e4kare kan g\u00f6ra","item":"https:\/\/www.heartfailurematters.org\/sv\/vad-din-lakare-eller-sjukskoterska-kan-gora\/"},{"@type":"ListItem","position":3,"name":"Nitrater\/vasodilatorer (k\u00e4rlvidgande l\u00e4kemedel)"}]},{"@type":"WebSite","@id":"https:\/\/www.heartfailurematters.org\/sv\/#website","url":"https:\/\/www.heartfailurematters.org\/sv\/","name":"Heart Failure Matters","description":"Practical information for patients, families and caregivers.","publisher":{"@id":"https:\/\/www.heartfailurematters.org\/sv\/#organization"},"potentialAction":[{"@type":"SearchAction","target":{"@type":"EntryPoint","urlTemplate":"https:\/\/www.heartfailurematters.org\/sv\/?s={search_term_string}"},"query-input":{"@type":"PropertyValueSpecification","valueRequired":true,"valueName":"search_term_string"}}],"inLanguage":"sv-SE"},{"@type":"Organization","@id":"https:\/\/www.heartfailurematters.org\/sv\/#organization","name":"Heart Failure Matters","url":"https:\/\/www.heartfailurematters.org\/sv\/","logo":{"@type":"ImageObject","inLanguage":"sv-SE","@id":"https:\/\/www.heartfailurematters.org\/sv\/#\/schema\/logo\/image\/","url":"https:\/\/cdn-endpoint-hfm.azureedge.net\/heartfailurematters\/2024\/07\/hfm-logo1.jpg","contentUrl":"https:\/\/cdn-endpoint-hfm.azureedge.net\/heartfailurematters\/2024\/07\/hfm-logo1.jpg","width":1280,"height":720,"caption":"Heart Failure Matters"},"image":{"@id":"https:\/\/www.heartfailurematters.org\/sv\/#\/schema\/logo\/image\/"},"sameAs":["https:\/\/www.facebook.com\/heartfailurematters"]}]}},"_links":{"self":[{"href":"https:\/\/www.heartfailurematters.org\/sv\/wp-json\/wp\/v2\/pages\/2617","targetHints":{"allow":["GET"]}}],"collection":[{"href":"https:\/\/www.heartfailurematters.org\/sv\/wp-json\/wp\/v2\/pages"}],"about":[{"href":"https:\/\/www.heartfailurematters.org\/sv\/wp-json\/wp\/v2\/types\/page"}],"author":[{"embeddable":true,"href":"https:\/\/www.heartfailurematters.org\/sv\/wp-json\/wp\/v2\/users\/1"}],"replies":[{"embeddable":true,"href":"https:\/\/www.heartfailurematters.org\/sv\/wp-json\/wp\/v2\/comments?post=2617"}],"version-history":[{"count":5,"href":"https:\/\/www.heartfailurematters.org\/sv\/wp-json\/wp\/v2\/pages\/2617\/revisions"}],"predecessor-version":[{"id":13957,"href":"https:\/\/www.heartfailurematters.org\/sv\/wp-json\/wp\/v2\/pages\/2617\/revisions\/13957"}],"up":[{"embeddable":true,"href":"https:\/\/www.heartfailurematters.org\/sv\/wp-json\/wp\/v2\/pages\/2685"}],"wp:featuredmedia":[{"embeddable":true,"href":"https:\/\/www.heartfailurematters.org\/sv\/wp-json\/wp\/v2\/media\/10874"}],"wp:attachment":[{"href":"https:\/\/www.heartfailurematters.org\/sv\/wp-json\/wp\/v2\/media?parent=2617"}],"wp:term":[{"taxonomy":"category","embeddable":true,"href":"https:\/\/www.heartfailurematters.org\/sv\/wp-json\/wp\/v2\/categories?post=2617"},{"taxonomy":"post_tag","embeddable":true,"href":"https:\/\/www.heartfailurematters.org\/sv\/wp-json\/wp\/v2\/tags?post=2617"}],"curies":[{"name":"wp","href":"https:\/\/api.w.org\/{rel}","templated":true}]}}