{"id":2615,"date":"2021-01-27T22:12:38","date_gmt":"2021-01-27T22:12:38","guid":{"rendered":"http:\/\/heartfailurematters.local:8888\/anpassa-kosten-alkohol\/"},"modified":"2021-01-27T22:12:38","modified_gmt":"2021-01-27T22:12:38","slug":"anpassa-kosten-alkohol","status":"publish","type":"page","link":"https:\/\/www.heartfailurematters.org\/sv\/vad-du-sjalv-kan-gora\/anpassa-kosten-alkohol\/","title":{"rendered":"Anpassa kosten: Alkohol"},"content":{"rendered":"<p>Alkohol kan f&aring; hj&auml;rtmuskeln att slappna av, att sakta ner hj&auml;rtats puls och att s&auml;nka blodtrycket. Lite alkohol kan bidra till att f&ouml;rhindra <a class=\"addtooltip\" title=\"Uppst&aring;r n&auml;r kransk&auml;rlen blir smalare eller helt blockerade. Det g&ouml;r att blodfl&ouml;det minskar, vilket kan leda till k&auml;rlkramp (angina), hj&auml;rtinfarkt och hj&auml;rtsvikt.\"><strong>kransk&auml;rlssjukdom<\/strong><\/a>, men, n&auml;r du har ett befintligt hj&auml;rtfel, kan f&ouml;r mycket alkohol h&ouml;ja pulsen och blodtrycket och ett l&aring;ngsiktigt missbruk kan orsaka <a class=\"addtooltip\" title=\"Ett tillst&aring;nd som g&ouml;r att hj&auml;rtmuskeln blir f&ouml;rstorad, onormalt tjock eller stel. Det finns m&aring;nga orsaker till hj&auml;rtmuskelsjukdom (kardiomyopati).\"><strong> en<\/strong> <strong>hj&auml;rtmuskelsjukdom (kardiomyopati)<\/strong><\/a>.<\/p>\n<p>Din l&auml;kare eller hj&auml;rtsjuksk&ouml;terska kan ge dig r&aring;d om hur mycket alkohol som &auml;r s&auml;kert f&ouml;r dig att dricka. I allm&auml;nhet rekommenderas att man inte b&ouml;r dricka mer &auml;n ett till tv&aring; standardglas av alkoholhaltiga drycker per dag. Ett glas stark&ouml;l (33 cl), ett glas vin (15 cl) eller 4 cl starksprit klassas som ett standardglas. Om du har allvarliga symtom, kan du r&aring;das att undvika alkohol helt och h&aring;llet.&nbsp;<\/p>\n<p>Gl&ouml;m inte bort att alkoholhaltiga drycker b&ouml;r r&auml;knas som en del av den ber&auml;knade v&auml;tskan f&ouml;r dagen.&nbsp;<\/p>\n<p><a href=\"https:\/\/www.heartfailurematters.org\/sv\/vad-du-sjalv-kan-gora\/anpassa-kosten\/\">&Aring;terg&aring; till &#8221;Anpassa kosten&#8221;<\/a><\/p>\n","protected":false},"excerpt":{"rendered":"<p>Alkohol kan f&aring; hj&auml;rtmuskeln att slappna av, att sakta ner hj&auml;rtats puls och att s&auml;nka blodtrycket. Lite alkohol kan bidra till att f&ouml;rhindra kransk&auml;rlssjukdom, men, n&auml;r du har ett befintligt hj&auml;rtfel, kan f&ouml;r mycket alkohol h&ouml;ja pulsen och blodtrycket och ett l&aring;ngsiktigt missbruk kan orsaka en hj&auml;rtmuskelsjukdom (kardiomyopati). Din l&auml;kare eller hj&auml;rtsjuksk&ouml;terska kan ge dig [&hellip;]<\/p>\n","protected":false},"author":1,"featured_media":10844,"parent":2721,"menu_order":0,"comment_status":"open","ping_status":"open","template":"","meta":{"_acf_changed":false,"footnotes":""},"categories":[],"tags":[],"class_list":["post-2615","page","type-page","status-publish","has-post-thumbnail","hentry"],"acf":[],"yoast_head":"<!-- This site is optimized with the Yoast SEO plugin v24.8.1 - https:\/\/yoast.com\/wordpress\/plugins\/seo\/ -->\n<title>Anpassa kosten: Alkohol<\/title>\n<meta name=\"description\" content=\"En mindre m\u00e4ngd alkohol kan bidra till att f\u00f6rhindra kransk\u00e4rlssjukdom, men f\u00f6r mycket alkohol kan h\u00f6ja pulsen n\u00e4r du har ett befintligt hj\u00e4rtfel\" \/>\n<meta name=\"robots\" content=\"index, follow, max-snippet:-1, max-image-preview:large, max-video-preview:-1\" \/>\n<link rel=\"canonical\" href=\"https:\/\/www.heartfailurematters.org\/sv\/vad-du-sjalv-kan-gora\/anpassa-kosten-alkohol\/\" \/>\n<meta property=\"og:locale\" content=\"sv_SE\" \/>\n<meta property=\"og:type\" content=\"article\" \/>\n<meta property=\"og:title\" content=\"Anpassa kosten: Alkohol\" \/>\n<meta property=\"og:description\" content=\"En mindre m\u00e4ngd alkohol kan bidra till att f\u00f6rhindra kransk\u00e4rlssjukdom, men f\u00f6r mycket alkohol kan h\u00f6ja pulsen n\u00e4r du har ett befintligt hj\u00e4rtfel\" \/>\n<meta property=\"og:url\" content=\"https:\/\/www.heartfailurematters.org\/sv\/vad-du-sjalv-kan-gora\/anpassa-kosten-alkohol\/\" \/>\n<meta property=\"og:site_name\" content=\"Heart Failure Matters\" \/>\n<meta property=\"article:publisher\" content=\"https:\/\/www.facebook.com\/heartfailurematters\" \/>\n<meta property=\"og:image\" content=\"https:\/\/www.heartfailurematters.org\/wp-content\/uploads\/2022\/03\/shutterstock_1671285592-1-min.jpg\" \/>\n\t<meta property=\"og:image:width\" content=\"900\" \/>\n\t<meta property=\"og:image:height\" content=\"450\" \/>\n\t<meta property=\"og:image:type\" content=\"image\/jpeg\" \/>\n<meta name=\"twitter:card\" content=\"summary_large_image\" \/>\n<meta name=\"twitter:label1\" content=\"Ber\u00e4knad l\u00e4stid\" \/>\n\t<meta name=\"twitter:data1\" content=\"1 minut\" \/>\n<script type=\"application\/ld+json\" class=\"yoast-schema-graph\">{\"@context\":\"https:\/\/schema.org\",\"@graph\":[{\"@type\":\"WebPage\",\"@id\":\"https:\/\/www.heartfailurematters.org\/sv\/vad-du-sjalv-kan-gora\/anpassa-kosten-alkohol\/\",\"url\":\"https:\/\/www.heartfailurematters.org\/sv\/vad-du-sjalv-kan-gora\/anpassa-kosten-alkohol\/\",\"name\":\"Anpassa kosten: Alkohol\",\"isPartOf\":{\"@id\":\"https:\/\/www.heartfailurematters.org\/sv\/#website\"},\"primaryImageOfPage\":{\"@id\":\"https:\/\/www.heartfailurematters.org\/sv\/vad-du-sjalv-kan-gora\/anpassa-kosten-alkohol\/#primaryimage\"},\"image\":{\"@id\":\"https:\/\/www.heartfailurematters.org\/sv\/vad-du-sjalv-kan-gora\/anpassa-kosten-alkohol\/#primaryimage\"},\"thumbnailUrl\":\"https:\/\/www.heartfailurematters.org\/wp-content\/uploads\/2022\/03\/shutterstock_1671285592-1-min.jpg\",\"datePublished\":\"2021-01-27T22:12:38+00:00\",\"description\":\"En mindre m\u00e4ngd alkohol kan bidra till att f\u00f6rhindra kransk\u00e4rlssjukdom, men f\u00f6r mycket alkohol kan h\u00f6ja pulsen n\u00e4r du har ett befintligt hj\u00e4rtfel\",\"breadcrumb\":{\"@id\":\"https:\/\/www.heartfailurematters.org\/sv\/vad-du-sjalv-kan-gora\/anpassa-kosten-alkohol\/#breadcrumb\"},\"inLanguage\":\"sv-SE\",\"potentialAction\":[{\"@type\":\"ReadAction\",\"target\":[\"https:\/\/www.heartfailurematters.org\/sv\/vad-du-sjalv-kan-gora\/anpassa-kosten-alkohol\/\"]}]},{\"@type\":\"ImageObject\",\"inLanguage\":\"sv-SE\",\"@id\":\"https:\/\/www.heartfailurematters.org\/sv\/vad-du-sjalv-kan-gora\/anpassa-kosten-alkohol\/#primaryimage\",\"url\":\"https:\/\/www.heartfailurematters.org\/wp-content\/uploads\/2022\/03\/shutterstock_1671285592-1-min.jpg\",\"contentUrl\":\"https:\/\/www.heartfailurematters.org\/wp-content\/uploads\/2022\/03\/shutterstock_1671285592-1-min.jpg\",\"width\":900,\"height\":450},{\"@type\":\"BreadcrumbList\",\"@id\":\"https:\/\/www.heartfailurematters.org\/sv\/vad-du-sjalv-kan-gora\/anpassa-kosten-alkohol\/#breadcrumb\",\"itemListElement\":[{\"@type\":\"ListItem\",\"position\":1,\"name\":\"Hem\",\"item\":\"https:\/\/www.heartfailurematters.org\/sv\/\"},{\"@type\":\"ListItem\",\"position\":2,\"name\":\"Vad du kan g\u00f6ra f\u00f6r att hantera din hj\u00e4rtsvikt\",\"item\":\"https:\/\/www.heartfailurematters.org\/sv\/vad-du-sjalv-kan-gora\/\"},{\"@type\":\"ListItem\",\"position\":3,\"name\":\"Anpassa kosten: Alkohol\"}]},{\"@type\":\"WebSite\",\"@id\":\"https:\/\/www.heartfailurematters.org\/sv\/#website\",\"url\":\"https:\/\/www.heartfailurematters.org\/sv\/\",\"name\":\"Heart Failure Matters\",\"description\":\"Practical information for patients, families and caregivers.\",\"publisher\":{\"@id\":\"https:\/\/www.heartfailurematters.org\/sv\/#organization\"},\"potentialAction\":[{\"@type\":\"SearchAction\",\"target\":{\"@type\":\"EntryPoint\",\"urlTemplate\":\"https:\/\/www.heartfailurematters.org\/sv\/?s={search_term_string}\"},\"query-input\":{\"@type\":\"PropertyValueSpecification\",\"valueRequired\":true,\"valueName\":\"search_term_string\"}}],\"inLanguage\":\"sv-SE\"},{\"@type\":\"Organization\",\"@id\":\"https:\/\/www.heartfailurematters.org\/sv\/#organization\",\"name\":\"Heart Failure Matters\",\"url\":\"https:\/\/www.heartfailurematters.org\/sv\/\",\"logo\":{\"@type\":\"ImageObject\",\"inLanguage\":\"sv-SE\",\"@id\":\"https:\/\/www.heartfailurematters.org\/sv\/#\/schema\/logo\/image\/\",\"url\":\"https:\/\/cdn-endpoint-hfm.azureedge.net\/heartfailurematters\/2024\/07\/hfm-logo1.jpg\",\"contentUrl\":\"https:\/\/cdn-endpoint-hfm.azureedge.net\/heartfailurematters\/2024\/07\/hfm-logo1.jpg\",\"width\":1280,\"height\":720,\"caption\":\"Heart Failure Matters\"},\"image\":{\"@id\":\"https:\/\/www.heartfailurematters.org\/sv\/#\/schema\/logo\/image\/\"},\"sameAs\":[\"https:\/\/www.facebook.com\/heartfailurematters\"]}]}<\/script>\n<!-- \/ Yoast SEO plugin. -->","yoast_head_json":{"title":"Anpassa kosten: Alkohol","description":"En mindre m\u00e4ngd alkohol kan bidra till att f\u00f6rhindra kransk\u00e4rlssjukdom, men f\u00f6r mycket alkohol kan h\u00f6ja pulsen n\u00e4r du har ett befintligt hj\u00e4rtfel","robots":{"index":"index","follow":"follow","max-snippet":"max-snippet:-1","max-image-preview":"max-image-preview:large","max-video-preview":"max-video-preview:-1"},"canonical":"https:\/\/www.heartfailurematters.org\/sv\/vad-du-sjalv-kan-gora\/anpassa-kosten-alkohol\/","og_locale":"sv_SE","og_type":"article","og_title":"Anpassa kosten: Alkohol","og_description":"En mindre m\u00e4ngd alkohol kan bidra till att f\u00f6rhindra kransk\u00e4rlssjukdom, men f\u00f6r mycket alkohol kan h\u00f6ja pulsen n\u00e4r du har ett befintligt hj\u00e4rtfel","og_url":"https:\/\/www.heartfailurematters.org\/sv\/vad-du-sjalv-kan-gora\/anpassa-kosten-alkohol\/","og_site_name":"Heart Failure Matters","article_publisher":"https:\/\/www.facebook.com\/heartfailurematters","og_image":[{"width":900,"height":450,"url":"https:\/\/www.heartfailurematters.org\/wp-content\/uploads\/2022\/03\/shutterstock_1671285592-1-min.jpg","type":"image\/jpeg"}],"twitter_card":"summary_large_image","twitter_misc":{"Ber\u00e4knad l\u00e4stid":"1 minut"},"schema":{"@context":"https:\/\/schema.org","@graph":[{"@type":"WebPage","@id":"https:\/\/www.heartfailurematters.org\/sv\/vad-du-sjalv-kan-gora\/anpassa-kosten-alkohol\/","url":"https:\/\/www.heartfailurematters.org\/sv\/vad-du-sjalv-kan-gora\/anpassa-kosten-alkohol\/","name":"Anpassa kosten: Alkohol","isPartOf":{"@id":"https:\/\/www.heartfailurematters.org\/sv\/#website"},"primaryImageOfPage":{"@id":"https:\/\/www.heartfailurematters.org\/sv\/vad-du-sjalv-kan-gora\/anpassa-kosten-alkohol\/#primaryimage"},"image":{"@id":"https:\/\/www.heartfailurematters.org\/sv\/vad-du-sjalv-kan-gora\/anpassa-kosten-alkohol\/#primaryimage"},"thumbnailUrl":"https:\/\/www.heartfailurematters.org\/wp-content\/uploads\/2022\/03\/shutterstock_1671285592-1-min.jpg","datePublished":"2021-01-27T22:12:38+00:00","description":"En mindre m\u00e4ngd alkohol kan bidra till att f\u00f6rhindra kransk\u00e4rlssjukdom, men f\u00f6r mycket alkohol kan h\u00f6ja pulsen n\u00e4r du har ett befintligt hj\u00e4rtfel","breadcrumb":{"@id":"https:\/\/www.heartfailurematters.org\/sv\/vad-du-sjalv-kan-gora\/anpassa-kosten-alkohol\/#breadcrumb"},"inLanguage":"sv-SE","potentialAction":[{"@type":"ReadAction","target":["https:\/\/www.heartfailurematters.org\/sv\/vad-du-sjalv-kan-gora\/anpassa-kosten-alkohol\/"]}]},{"@type":"ImageObject","inLanguage":"sv-SE","@id":"https:\/\/www.heartfailurematters.org\/sv\/vad-du-sjalv-kan-gora\/anpassa-kosten-alkohol\/#primaryimage","url":"https:\/\/www.heartfailurematters.org\/wp-content\/uploads\/2022\/03\/shutterstock_1671285592-1-min.jpg","contentUrl":"https:\/\/www.heartfailurematters.org\/wp-content\/uploads\/2022\/03\/shutterstock_1671285592-1-min.jpg","width":900,"height":450},{"@type":"BreadcrumbList","@id":"https:\/\/www.heartfailurematters.org\/sv\/vad-du-sjalv-kan-gora\/anpassa-kosten-alkohol\/#breadcrumb","itemListElement":[{"@type":"ListItem","position":1,"name":"Hem","item":"https:\/\/www.heartfailurematters.org\/sv\/"},{"@type":"ListItem","position":2,"name":"Vad du kan g\u00f6ra f\u00f6r att hantera din hj\u00e4rtsvikt","item":"https:\/\/www.heartfailurematters.org\/sv\/vad-du-sjalv-kan-gora\/"},{"@type":"ListItem","position":3,"name":"Anpassa kosten: Alkohol"}]},{"@type":"WebSite","@id":"https:\/\/www.heartfailurematters.org\/sv\/#website","url":"https:\/\/www.heartfailurematters.org\/sv\/","name":"Heart Failure Matters","description":"Practical information for patients, families and caregivers.","publisher":{"@id":"https:\/\/www.heartfailurematters.org\/sv\/#organization"},"potentialAction":[{"@type":"SearchAction","target":{"@type":"EntryPoint","urlTemplate":"https:\/\/www.heartfailurematters.org\/sv\/?s={search_term_string}"},"query-input":{"@type":"PropertyValueSpecification","valueRequired":true,"valueName":"search_term_string"}}],"inLanguage":"sv-SE"},{"@type":"Organization","@id":"https:\/\/www.heartfailurematters.org\/sv\/#organization","name":"Heart Failure Matters","url":"https:\/\/www.heartfailurematters.org\/sv\/","logo":{"@type":"ImageObject","inLanguage":"sv-SE","@id":"https:\/\/www.heartfailurematters.org\/sv\/#\/schema\/logo\/image\/","url":"https:\/\/cdn-endpoint-hfm.azureedge.net\/heartfailurematters\/2024\/07\/hfm-logo1.jpg","contentUrl":"https:\/\/cdn-endpoint-hfm.azureedge.net\/heartfailurematters\/2024\/07\/hfm-logo1.jpg","width":1280,"height":720,"caption":"Heart Failure Matters"},"image":{"@id":"https:\/\/www.heartfailurematters.org\/sv\/#\/schema\/logo\/image\/"},"sameAs":["https:\/\/www.facebook.com\/heartfailurematters"]}]}},"_links":{"self":[{"href":"https:\/\/www.heartfailurematters.org\/sv\/wp-json\/wp\/v2\/pages\/2615","targetHints":{"allow":["GET"]}}],"collection":[{"href":"https:\/\/www.heartfailurematters.org\/sv\/wp-json\/wp\/v2\/pages"}],"about":[{"href":"https:\/\/www.heartfailurematters.org\/sv\/wp-json\/wp\/v2\/types\/page"}],"author":[{"embeddable":true,"href":"https:\/\/www.heartfailurematters.org\/sv\/wp-json\/wp\/v2\/users\/1"}],"replies":[{"embeddable":true,"href":"https:\/\/www.heartfailurematters.org\/sv\/wp-json\/wp\/v2\/comments?post=2615"}],"version-history":[{"count":0,"href":"https:\/\/www.heartfailurematters.org\/sv\/wp-json\/wp\/v2\/pages\/2615\/revisions"}],"up":[{"embeddable":true,"href":"https:\/\/www.heartfailurematters.org\/sv\/wp-json\/wp\/v2\/pages\/2721"}],"wp:featuredmedia":[{"embeddable":true,"href":"https:\/\/www.heartfailurematters.org\/sv\/wp-json\/wp\/v2\/media\/10844"}],"wp:attachment":[{"href":"https:\/\/www.heartfailurematters.org\/sv\/wp-json\/wp\/v2\/media?parent=2615"}],"wp:term":[{"taxonomy":"category","embeddable":true,"href":"https:\/\/www.heartfailurematters.org\/sv\/wp-json\/wp\/v2\/categories?post=2615"},{"taxonomy":"post_tag","embeddable":true,"href":"https:\/\/www.heartfailurematters.org\/sv\/wp-json\/wp\/v2\/tags?post=2615"}],"curies":[{"name":"wp","href":"https:\/\/api.w.org\/{rel}","templated":true}]}}