{"id":2613,"date":"2021-01-27T22:12:38","date_gmt":"2021-01-27T22:12:38","guid":{"rendered":"http:\/\/heartfailurematters.local:8888\/kost\/"},"modified":"2021-04-14T13:20:06","modified_gmt":"2021-04-14T12:20:06","slug":"kost","status":"publish","type":"page","link":"https:\/\/www.heartfailurematters.org\/sv\/for-anhorigvardare\/kost\/","title":{"rendered":"Kost"},"content":{"rendered":"<p>Att f\u00f6lja en v\u00e4lbalanserad kost, som rekommenderas av l\u00e4karen, sjuksk\u00f6terskan eller dietisten, hj\u00e4lper din n\u00e4rst\u00e5ende med hj\u00e4rtsvikt att m\u00e5 b\u00e4ttre, kontrollera deras hj\u00e4rtsviktssymtom och \u00e4ven \u00f6ka deras energiniv\u00e5. Uppmuntra din n\u00e4rst\u00e5ende med hj\u00e4rtsvikt att \u00e4ta h\u00e4lsosamt, undvika f\u00f6r mycket salt och bibeh\u00e5lla en h\u00e4lsosam kroppsvikt. Alltf\u00f6r stora v\u00e4tskeintag b\u00f6r ocks\u00e5 undvikas. Under s\u00e4rskilda omst\u00e4ndigheter, s\u00e5som perioder av extremt varmt v\u00e4der och fuktighet, eller tillf\u00e4llen av kr\u00e4kning eller diarr\u00e9, kan din n\u00e4rst\u00e5ende med hj\u00e4rtsvikt beh\u00f6va \u00f6ka sitt v\u00e4tskeintag.<\/p>\n<p>V\u00e4tskerestriktion beh\u00f6vs vanligen inte, men vissa patienter med sv\u00e5r hj\u00e4rtsvikt och blodstockning kan beh\u00f6va en v\u00e4tskerestriktion p\u00e5 en och en halv till tv\u00e5 liter per dag.<\/p>\n<p><a href=\"https:\/\/www.heartfailurematters.org\/what-you-can-do\/adjusting-your-diet\/\">Klicka h\u00e4r<\/a> f\u00f6r att f\u00e5 mer information om hur man f\u00e5r en h\u00e4lsosam kost.<\/p>\n<p><a href=\"\/sv\/vardare\/enkla-saker-du-kan-gora-som-hjalper\/\">\u00c5terg\u00e5 till &#8221;Enkla saker du kan g\u00f6ra f\u00f6r att hj\u00e4lpa&#8221;<\/a><\/p>\n","protected":false},"excerpt":{"rendered":"<p>Att f\u00f6lja en v\u00e4lbalanserad kost, som rekommenderas av l\u00e4karen, sjuksk\u00f6terskan eller dietisten, hj\u00e4lper din n\u00e4rst\u00e5ende med hj\u00e4rtsvikt att m\u00e5 b\u00e4ttre, kontrollera deras hj\u00e4rtsviktssymtom och \u00e4ven \u00f6ka deras energiniv\u00e5. Uppmuntra din n\u00e4rst\u00e5ende med hj\u00e4rtsvikt att \u00e4ta h\u00e4lsosamt, undvika f\u00f6r mycket salt och bibeh\u00e5lla en h\u00e4lsosam kroppsvikt. Alltf\u00f6r stora v\u00e4tskeintag b\u00f6r ocks\u00e5 undvikas. Under s\u00e4rskilda omst\u00e4ndigheter, s\u00e5som [&hellip;]<\/p>\n","protected":false},"author":1,"featured_media":11000,"parent":2847,"menu_order":0,"comment_status":"open","ping_status":"open","template":"","meta":{"_acf_changed":false,"footnotes":""},"categories":[],"tags":[],"class_list":["post-2613","page","type-page","status-publish","has-post-thumbnail","hentry"],"acf":[],"yoast_head":"<!-- This site is optimized with the Yoast SEO plugin v24.8.1 - https:\/\/yoast.com\/wordpress\/plugins\/seo\/ -->\n<title>Kost<\/title>\n<meta name=\"description\" content=\"Att f\u00f6lja en v\u00e4lbalanserad kost, som rekommenderas av l\u00e4karen, sjuksk\u00f6terskan eller dietisten, hj\u00e4lper din n\u00e4rst\u00e5ende med hj\u00e4rtsvikt att m\u00e5 b\u00e4ttre, kontrollera deras hj\u00e4rtsviktssymtom och \u00e4ven \u00f6ka deras energiniv\u00e5.\" \/>\n<meta name=\"robots\" content=\"index, follow, max-snippet:-1, max-image-preview:large, max-video-preview:-1\" \/>\n<link rel=\"canonical\" href=\"https:\/\/www.heartfailurematters.org\/sv\/for-anhorigvardare\/kost\/\" \/>\n<meta property=\"og:locale\" content=\"sv_SE\" \/>\n<meta property=\"og:type\" content=\"article\" \/>\n<meta property=\"og:title\" content=\"Kost\" \/>\n<meta property=\"og:description\" content=\"Att f\u00f6lja en v\u00e4lbalanserad kost, som rekommenderas av l\u00e4karen, sjuksk\u00f6terskan eller dietisten, hj\u00e4lper din n\u00e4rst\u00e5ende med hj\u00e4rtsvikt att m\u00e5 b\u00e4ttre, kontrollera deras hj\u00e4rtsviktssymtom och \u00e4ven \u00f6ka deras energiniv\u00e5.\" \/>\n<meta property=\"og:url\" content=\"https:\/\/www.heartfailurematters.org\/sv\/for-anhorigvardare\/kost\/\" \/>\n<meta property=\"og:site_name\" content=\"Heart Failure Matters\" \/>\n<meta property=\"article:publisher\" content=\"https:\/\/www.facebook.com\/heartfailurematters\" \/>\n<meta property=\"article:modified_time\" content=\"2021-04-14T12:20:06+00:00\" \/>\n<meta property=\"og:image\" content=\"https:\/\/www.heartfailurematters.org\/wp-content\/uploads\/2022\/03\/shutterstock_1130328140-1-min.jpg\" \/>\n\t<meta property=\"og:image:width\" content=\"900\" \/>\n\t<meta property=\"og:image:height\" content=\"599\" \/>\n\t<meta property=\"og:image:type\" content=\"image\/jpeg\" \/>\n<meta name=\"twitter:card\" content=\"summary_large_image\" \/>\n<meta name=\"twitter:label1\" content=\"Ber\u00e4knad l\u00e4stid\" \/>\n\t<meta name=\"twitter:data1\" content=\"1 minut\" \/>\n<script type=\"application\/ld+json\" class=\"yoast-schema-graph\">{\"@context\":\"https:\/\/schema.org\",\"@graph\":[{\"@type\":\"WebPage\",\"@id\":\"https:\/\/www.heartfailurematters.org\/sv\/for-anhorigvardare\/kost\/\",\"url\":\"https:\/\/www.heartfailurematters.org\/sv\/for-anhorigvardare\/kost\/\",\"name\":\"Kost\",\"isPartOf\":{\"@id\":\"https:\/\/www.heartfailurematters.org\/sv\/#website\"},\"primaryImageOfPage\":{\"@id\":\"https:\/\/www.heartfailurematters.org\/sv\/for-anhorigvardare\/kost\/#primaryimage\"},\"image\":{\"@id\":\"https:\/\/www.heartfailurematters.org\/sv\/for-anhorigvardare\/kost\/#primaryimage\"},\"thumbnailUrl\":\"https:\/\/www.heartfailurematters.org\/wp-content\/uploads\/2022\/03\/shutterstock_1130328140-1-min.jpg\",\"datePublished\":\"2021-01-27T22:12:38+00:00\",\"dateModified\":\"2021-04-14T12:20:06+00:00\",\"description\":\"Att f\u00f6lja en v\u00e4lbalanserad kost, som rekommenderas av l\u00e4karen, sjuksk\u00f6terskan eller dietisten, hj\u00e4lper din n\u00e4rst\u00e5ende med hj\u00e4rtsvikt att m\u00e5 b\u00e4ttre, kontrollera deras hj\u00e4rtsviktssymtom och \u00e4ven \u00f6ka deras energiniv\u00e5.\",\"breadcrumb\":{\"@id\":\"https:\/\/www.heartfailurematters.org\/sv\/for-anhorigvardare\/kost\/#breadcrumb\"},\"inLanguage\":\"sv-SE\",\"potentialAction\":[{\"@type\":\"ReadAction\",\"target\":[\"https:\/\/www.heartfailurematters.org\/sv\/for-anhorigvardare\/kost\/\"]}]},{\"@type\":\"ImageObject\",\"inLanguage\":\"sv-SE\",\"@id\":\"https:\/\/www.heartfailurematters.org\/sv\/for-anhorigvardare\/kost\/#primaryimage\",\"url\":\"https:\/\/www.heartfailurematters.org\/wp-content\/uploads\/2022\/03\/shutterstock_1130328140-1-min.jpg\",\"contentUrl\":\"https:\/\/www.heartfailurematters.org\/wp-content\/uploads\/2022\/03\/shutterstock_1130328140-1-min.jpg\",\"width\":900,\"height\":599},{\"@type\":\"BreadcrumbList\",\"@id\":\"https:\/\/www.heartfailurematters.org\/sv\/for-anhorigvardare\/kost\/#breadcrumb\",\"itemListElement\":[{\"@type\":\"ListItem\",\"position\":1,\"name\":\"Hem\",\"item\":\"https:\/\/www.heartfailurematters.org\/sv\/\"},{\"@type\":\"ListItem\",\"position\":2,\"name\":\"F\u00f6r familj och anh\u00f6rigv\u00e5rdare\",\"item\":\"https:\/\/www.heartfailurematters.org\/sv\/for-anhorigvardare\/\"},{\"@type\":\"ListItem\",\"position\":3,\"name\":\"Kost\"}]},{\"@type\":\"WebSite\",\"@id\":\"https:\/\/www.heartfailurematters.org\/sv\/#website\",\"url\":\"https:\/\/www.heartfailurematters.org\/sv\/\",\"name\":\"Heart Failure Matters\",\"description\":\"Practical information for patients, families and caregivers.\",\"publisher\":{\"@id\":\"https:\/\/www.heartfailurematters.org\/sv\/#organization\"},\"potentialAction\":[{\"@type\":\"SearchAction\",\"target\":{\"@type\":\"EntryPoint\",\"urlTemplate\":\"https:\/\/www.heartfailurematters.org\/sv\/?s={search_term_string}\"},\"query-input\":{\"@type\":\"PropertyValueSpecification\",\"valueRequired\":true,\"valueName\":\"search_term_string\"}}],\"inLanguage\":\"sv-SE\"},{\"@type\":\"Organization\",\"@id\":\"https:\/\/www.heartfailurematters.org\/sv\/#organization\",\"name\":\"Heart Failure Matters\",\"url\":\"https:\/\/www.heartfailurematters.org\/sv\/\",\"logo\":{\"@type\":\"ImageObject\",\"inLanguage\":\"sv-SE\",\"@id\":\"https:\/\/www.heartfailurematters.org\/sv\/#\/schema\/logo\/image\/\",\"url\":\"https:\/\/cdn-endpoint-hfm.azureedge.net\/heartfailurematters\/2024\/07\/hfm-logo1.jpg\",\"contentUrl\":\"https:\/\/cdn-endpoint-hfm.azureedge.net\/heartfailurematters\/2024\/07\/hfm-logo1.jpg\",\"width\":1280,\"height\":720,\"caption\":\"Heart Failure Matters\"},\"image\":{\"@id\":\"https:\/\/www.heartfailurematters.org\/sv\/#\/schema\/logo\/image\/\"},\"sameAs\":[\"https:\/\/www.facebook.com\/heartfailurematters\"]}]}<\/script>\n<!-- \/ Yoast SEO plugin. -->","yoast_head_json":{"title":"Kost","description":"Att f\u00f6lja en v\u00e4lbalanserad kost, som rekommenderas av l\u00e4karen, sjuksk\u00f6terskan eller dietisten, hj\u00e4lper din n\u00e4rst\u00e5ende med hj\u00e4rtsvikt att m\u00e5 b\u00e4ttre, kontrollera deras hj\u00e4rtsviktssymtom och \u00e4ven \u00f6ka deras energiniv\u00e5.","robots":{"index":"index","follow":"follow","max-snippet":"max-snippet:-1","max-image-preview":"max-image-preview:large","max-video-preview":"max-video-preview:-1"},"canonical":"https:\/\/www.heartfailurematters.org\/sv\/for-anhorigvardare\/kost\/","og_locale":"sv_SE","og_type":"article","og_title":"Kost","og_description":"Att f\u00f6lja en v\u00e4lbalanserad kost, som rekommenderas av l\u00e4karen, sjuksk\u00f6terskan eller dietisten, hj\u00e4lper din n\u00e4rst\u00e5ende med hj\u00e4rtsvikt att m\u00e5 b\u00e4ttre, kontrollera deras hj\u00e4rtsviktssymtom och \u00e4ven \u00f6ka deras energiniv\u00e5.","og_url":"https:\/\/www.heartfailurematters.org\/sv\/for-anhorigvardare\/kost\/","og_site_name":"Heart Failure Matters","article_publisher":"https:\/\/www.facebook.com\/heartfailurematters","article_modified_time":"2021-04-14T12:20:06+00:00","og_image":[{"width":900,"height":599,"url":"https:\/\/www.heartfailurematters.org\/wp-content\/uploads\/2022\/03\/shutterstock_1130328140-1-min.jpg","type":"image\/jpeg"}],"twitter_card":"summary_large_image","twitter_misc":{"Ber\u00e4knad l\u00e4stid":"1 minut"},"schema":{"@context":"https:\/\/schema.org","@graph":[{"@type":"WebPage","@id":"https:\/\/www.heartfailurematters.org\/sv\/for-anhorigvardare\/kost\/","url":"https:\/\/www.heartfailurematters.org\/sv\/for-anhorigvardare\/kost\/","name":"Kost","isPartOf":{"@id":"https:\/\/www.heartfailurematters.org\/sv\/#website"},"primaryImageOfPage":{"@id":"https:\/\/www.heartfailurematters.org\/sv\/for-anhorigvardare\/kost\/#primaryimage"},"image":{"@id":"https:\/\/www.heartfailurematters.org\/sv\/for-anhorigvardare\/kost\/#primaryimage"},"thumbnailUrl":"https:\/\/www.heartfailurematters.org\/wp-content\/uploads\/2022\/03\/shutterstock_1130328140-1-min.jpg","datePublished":"2021-01-27T22:12:38+00:00","dateModified":"2021-04-14T12:20:06+00:00","description":"Att f\u00f6lja en v\u00e4lbalanserad kost, som rekommenderas av l\u00e4karen, sjuksk\u00f6terskan eller dietisten, hj\u00e4lper din n\u00e4rst\u00e5ende med hj\u00e4rtsvikt att m\u00e5 b\u00e4ttre, kontrollera deras hj\u00e4rtsviktssymtom och \u00e4ven \u00f6ka deras energiniv\u00e5.","breadcrumb":{"@id":"https:\/\/www.heartfailurematters.org\/sv\/for-anhorigvardare\/kost\/#breadcrumb"},"inLanguage":"sv-SE","potentialAction":[{"@type":"ReadAction","target":["https:\/\/www.heartfailurematters.org\/sv\/for-anhorigvardare\/kost\/"]}]},{"@type":"ImageObject","inLanguage":"sv-SE","@id":"https:\/\/www.heartfailurematters.org\/sv\/for-anhorigvardare\/kost\/#primaryimage","url":"https:\/\/www.heartfailurematters.org\/wp-content\/uploads\/2022\/03\/shutterstock_1130328140-1-min.jpg","contentUrl":"https:\/\/www.heartfailurematters.org\/wp-content\/uploads\/2022\/03\/shutterstock_1130328140-1-min.jpg","width":900,"height":599},{"@type":"BreadcrumbList","@id":"https:\/\/www.heartfailurematters.org\/sv\/for-anhorigvardare\/kost\/#breadcrumb","itemListElement":[{"@type":"ListItem","position":1,"name":"Hem","item":"https:\/\/www.heartfailurematters.org\/sv\/"},{"@type":"ListItem","position":2,"name":"F\u00f6r familj och anh\u00f6rigv\u00e5rdare","item":"https:\/\/www.heartfailurematters.org\/sv\/for-anhorigvardare\/"},{"@type":"ListItem","position":3,"name":"Kost"}]},{"@type":"WebSite","@id":"https:\/\/www.heartfailurematters.org\/sv\/#website","url":"https:\/\/www.heartfailurematters.org\/sv\/","name":"Heart Failure Matters","description":"Practical information for patients, families and caregivers.","publisher":{"@id":"https:\/\/www.heartfailurematters.org\/sv\/#organization"},"potentialAction":[{"@type":"SearchAction","target":{"@type":"EntryPoint","urlTemplate":"https:\/\/www.heartfailurematters.org\/sv\/?s={search_term_string}"},"query-input":{"@type":"PropertyValueSpecification","valueRequired":true,"valueName":"search_term_string"}}],"inLanguage":"sv-SE"},{"@type":"Organization","@id":"https:\/\/www.heartfailurematters.org\/sv\/#organization","name":"Heart Failure Matters","url":"https:\/\/www.heartfailurematters.org\/sv\/","logo":{"@type":"ImageObject","inLanguage":"sv-SE","@id":"https:\/\/www.heartfailurematters.org\/sv\/#\/schema\/logo\/image\/","url":"https:\/\/cdn-endpoint-hfm.azureedge.net\/heartfailurematters\/2024\/07\/hfm-logo1.jpg","contentUrl":"https:\/\/cdn-endpoint-hfm.azureedge.net\/heartfailurematters\/2024\/07\/hfm-logo1.jpg","width":1280,"height":720,"caption":"Heart Failure Matters"},"image":{"@id":"https:\/\/www.heartfailurematters.org\/sv\/#\/schema\/logo\/image\/"},"sameAs":["https:\/\/www.facebook.com\/heartfailurematters"]}]}},"_links":{"self":[{"href":"https:\/\/www.heartfailurematters.org\/sv\/wp-json\/wp\/v2\/pages\/2613","targetHints":{"allow":["GET"]}}],"collection":[{"href":"https:\/\/www.heartfailurematters.org\/sv\/wp-json\/wp\/v2\/pages"}],"about":[{"href":"https:\/\/www.heartfailurematters.org\/sv\/wp-json\/wp\/v2\/types\/page"}],"author":[{"embeddable":true,"href":"https:\/\/www.heartfailurematters.org\/sv\/wp-json\/wp\/v2\/users\/1"}],"replies":[{"embeddable":true,"href":"https:\/\/www.heartfailurematters.org\/sv\/wp-json\/wp\/v2\/comments?post=2613"}],"version-history":[{"count":1,"href":"https:\/\/www.heartfailurematters.org\/sv\/wp-json\/wp\/v2\/pages\/2613\/revisions"}],"predecessor-version":[{"id":8679,"href":"https:\/\/www.heartfailurematters.org\/sv\/wp-json\/wp\/v2\/pages\/2613\/revisions\/8679"}],"up":[{"embeddable":true,"href":"https:\/\/www.heartfailurematters.org\/sv\/wp-json\/wp\/v2\/pages\/2847"}],"wp:featuredmedia":[{"embeddable":true,"href":"https:\/\/www.heartfailurematters.org\/sv\/wp-json\/wp\/v2\/media\/11000"}],"wp:attachment":[{"href":"https:\/\/www.heartfailurematters.org\/sv\/wp-json\/wp\/v2\/media?parent=2613"}],"wp:term":[{"taxonomy":"category","embeddable":true,"href":"https:\/\/www.heartfailurematters.org\/sv\/wp-json\/wp\/v2\/categories?post=2613"},{"taxonomy":"post_tag","embeddable":true,"href":"https:\/\/www.heartfailurematters.org\/sv\/wp-json\/wp\/v2\/tags?post=2613"}],"curies":[{"name":"wp","href":"https:\/\/api.w.org\/{rel}","templated":true}]}}