{"id":2612,"date":"2021-01-27T22:12:38","date_gmt":"2021-01-27T22:12:38","guid":{"rendered":"http:\/\/heartfailurematters.local:8888\/att-halla-andra-medicinska-tillstand-under-kontroll\/"},"modified":"2021-01-27T22:12:38","modified_gmt":"2021-01-27T22:12:38","slug":"att-halla-andra-medicinska-tillstand-under-kontroll","status":"publish","type":"page","link":"https:\/\/www.heartfailurematters.org\/sv\/vad-du-sjalv-kan-gora\/att-halla-andra-medicinska-tillstand-under-kontroll\/","title":{"rendered":"Att h\u00e5lla andra medicinska tillst\u00e5nd under kontroll"},"content":{"rendered":"<p>Hj\u00e4rtsvikt anses vara en kronisk sjukdom eftersom det \u00e4r sannolikt att du f\u00e5r l\u00e5ngtidsbehandling f\u00f6r den. Du kan ocks\u00e5 ha ett eller flera andra kroniska sjukdomstillst\u00e5nd. Det kan betyda att du m\u00e5ste ta mediciner eller f\u00f6r\u00e4ndra din livsstil ut\u00f6ver vad din l\u00e4kare har rekommenderat f\u00f6r att sk\u00f6ta din hj\u00e4rtsvikt.<\/p>\n<p>Det \u00e4r viktigt att hantera andra kroniska tillst\u00e5nd s\u00e5 bra som m\u00f6jligt, eftersom dessa kan f\u00f6rv\u00e4rra hj\u00e4rtsvikten om de inte kontrolleras tillr\u00e4ckligt v\u00e4l. Det kan vara en utmaning att hantera flera sjukdomstillst\u00e5nd, s\u00e5 se till att din l\u00e4kare och sjuksk\u00f6terska h\u00e5lls informerad om dina kroniska sjukdomar och deras behandlingar, s\u00e5 bidrar det till att du uppn\u00e5r b\u00e4sta m\u00f6jliga resultat. Det g\u00e4ller s\u00e4rskilt om du g\u00e5r hos fler \u00e4n en l\u00e4kare f\u00f6r olika tillst\u00e5nd.<\/p>\n<p>F\u00f6ljande tillst\u00e5nd diagnostiseras eller upplevs ofta av hj\u00e4rtsviktspatienter&nbsp;<\/p>\n<ul>\n<li>H\u00f6gt blodtryck (<a class=\"addtooltip\" title=\"&lt;div id='ToolTipTextWrap'&gt;Hypertoni&lt;\/div&gt;&lt;p&gt; Kontinuerligt h\u00f6gt blodtryck.&lt;\/p&gt;\"><strong>hypertoni<\/strong><\/a>)<\/li>\n<li>Onormal hj\u00e4rtrytm, s\u00e5som f\u00f6rmaksflimmer<\/li>\n<li>Lungtillst\u00e5nd s\u00e5som <a class=\"addtooltip\" title=\"&lt;div id='ToolTipTextWrap'&gt;Astma&lt;\/div&gt;&lt;p&gt; En sjukdom i luftv\u00e4garna som orsakar f\u00f6rtr\u00e4ngning av luftr\u00f6ren i lungorna, vilket g\u00f6r det s\u00e4rskilt sv\u00e5rt att andas ut.&lt;\/p&gt;\">astma<strong><\/strong><\/a> eller obstruktiv luftv\u00e4gssjukdom,<\/li>\n<li>Sk\u00f6ldk\u00f6rtelproblem<\/li>\n<li>Artrit, muskel- och ledv\u00e4rk<\/li>\n<li><a class=\"addtooltip\" title=\"&lt;div id='ToolTipTextWrap'&gt;Diabetes&lt;\/div&gt;&lt;p&gt; Ett tillst\u00e5nd d\u00e4r kroppen inte producerar tillr\u00e4ckligt med insulin eller d\u00e4r det producerade insulinet inte fungerar korrekt.&lt;\/p&gt;\"><strong>Diabetes<\/strong><\/a><\/li>\n<li><strong><a class=\"addtooltip\" title=\"Ett l\u00e5gt antal r\u00f6da blodkroppar eller en liten m\u00e4ngd hemoglobin i blodkroppar, vilket resulterar i minskad syretillf\u00f6rsel till v\u00e4vnader och organ. \"><strong title=\"\"><\/strong>Anemi<\/a><\/strong><\/li>\n<li>Depression \u00e4r ofta ett stort problem vid symtomatisk hj\u00e4rtsvikt och n\u00e5got du b\u00f6r ta upp med din l\u00e4kare.<\/li>\n<\/ul>\n","protected":false},"excerpt":{"rendered":"<p>Hj\u00e4rtsvikt anses vara en kronisk sjukdom eftersom det \u00e4r sannolikt att du f\u00e5r l\u00e5ngtidsbehandling f\u00f6r den. Du kan ocks\u00e5 ha ett eller flera andra kroniska sjukdomstillst\u00e5nd. Det kan betyda att du m\u00e5ste ta mediciner eller f\u00f6r\u00e4ndra din livsstil ut\u00f6ver vad din l\u00e4kare har rekommenderat f\u00f6r att sk\u00f6ta din hj\u00e4rtsvikt. Det \u00e4r viktigt att hantera andra [&hellip;]<\/p>\n","protected":false},"author":1,"featured_media":0,"parent":2721,"menu_order":0,"comment_status":"open","ping_status":"open","template":"","meta":{"_acf_changed":false,"footnotes":""},"categories":[],"tags":[],"class_list":["post-2612","page","type-page","status-publish","hentry"],"acf":[],"yoast_head":"<!-- This site is optimized with the Yoast SEO plugin v24.8.1 - https:\/\/yoast.com\/wordpress\/plugins\/seo\/ -->\n<title>Att h\u00e5lla medicinska tillst\u00e5nd under kontroll<\/title>\n<meta name=\"description\" content=\"Hj\u00e4rtsvikt anses vara en kronisk sjukdom eftersom det \u00e4r sannolikt att du f\u00e5r l\u00e5ngtidsbehandling f\u00f6r den. Du kan ocks\u00e5 ha ett eller flera andra kroniska sjukdomstillst\u00e5nd.\" \/>\n<meta name=\"robots\" content=\"index, follow, max-snippet:-1, max-image-preview:large, max-video-preview:-1\" \/>\n<link rel=\"canonical\" href=\"https:\/\/www.heartfailurematters.org\/sv\/vad-du-sjalv-kan-gora\/att-halla-andra-medicinska-tillstand-under-kontroll\/\" \/>\n<meta property=\"og:locale\" content=\"sv_SE\" \/>\n<meta property=\"og:type\" content=\"article\" \/>\n<meta property=\"og:title\" content=\"Att h\u00e5lla medicinska tillst\u00e5nd under kontroll\" \/>\n<meta property=\"og:description\" content=\"Hj\u00e4rtsvikt anses vara en kronisk sjukdom eftersom det \u00e4r sannolikt att du f\u00e5r l\u00e5ngtidsbehandling f\u00f6r den. Du kan ocks\u00e5 ha ett eller flera andra kroniska sjukdomstillst\u00e5nd.\" \/>\n<meta property=\"og:url\" content=\"https:\/\/www.heartfailurematters.org\/sv\/vad-du-sjalv-kan-gora\/att-halla-andra-medicinska-tillstand-under-kontroll\/\" \/>\n<meta property=\"og:site_name\" content=\"Heart Failure Matters\" \/>\n<meta property=\"article:publisher\" content=\"https:\/\/www.facebook.com\/heartfailurematters\" \/>\n<meta name=\"twitter:card\" content=\"summary_large_image\" \/>\n<meta name=\"twitter:label1\" content=\"Ber\u00e4knad l\u00e4stid\" \/>\n\t<meta name=\"twitter:data1\" content=\"1 minut\" \/>\n<script type=\"application\/ld+json\" class=\"yoast-schema-graph\">{\"@context\":\"https:\/\/schema.org\",\"@graph\":[{\"@type\":\"WebPage\",\"@id\":\"https:\/\/www.heartfailurematters.org\/sv\/vad-du-sjalv-kan-gora\/att-halla-andra-medicinska-tillstand-under-kontroll\/\",\"url\":\"https:\/\/www.heartfailurematters.org\/sv\/vad-du-sjalv-kan-gora\/att-halla-andra-medicinska-tillstand-under-kontroll\/\",\"name\":\"Att h\u00e5lla medicinska tillst\u00e5nd under kontroll\",\"isPartOf\":{\"@id\":\"https:\/\/www.heartfailurematters.org\/sv\/#website\"},\"datePublished\":\"2021-01-27T22:12:38+00:00\",\"description\":\"Hj\u00e4rtsvikt anses vara en kronisk sjukdom eftersom det \u00e4r sannolikt att du f\u00e5r l\u00e5ngtidsbehandling f\u00f6r den. Du kan ocks\u00e5 ha ett eller flera andra kroniska sjukdomstillst\u00e5nd.\",\"breadcrumb\":{\"@id\":\"https:\/\/www.heartfailurematters.org\/sv\/vad-du-sjalv-kan-gora\/att-halla-andra-medicinska-tillstand-under-kontroll\/#breadcrumb\"},\"inLanguage\":\"sv-SE\",\"potentialAction\":[{\"@type\":\"ReadAction\",\"target\":[\"https:\/\/www.heartfailurematters.org\/sv\/vad-du-sjalv-kan-gora\/att-halla-andra-medicinska-tillstand-under-kontroll\/\"]}]},{\"@type\":\"BreadcrumbList\",\"@id\":\"https:\/\/www.heartfailurematters.org\/sv\/vad-du-sjalv-kan-gora\/att-halla-andra-medicinska-tillstand-under-kontroll\/#breadcrumb\",\"itemListElement\":[{\"@type\":\"ListItem\",\"position\":1,\"name\":\"Hem\",\"item\":\"https:\/\/www.heartfailurematters.org\/sv\/\"},{\"@type\":\"ListItem\",\"position\":2,\"name\":\"Vad du kan g\u00f6ra f\u00f6r att hantera din hj\u00e4rtsvikt\",\"item\":\"https:\/\/www.heartfailurematters.org\/sv\/vad-du-sjalv-kan-gora\/\"},{\"@type\":\"ListItem\",\"position\":3,\"name\":\"Att h\u00e5lla andra medicinska tillst\u00e5nd under kontroll\"}]},{\"@type\":\"WebSite\",\"@id\":\"https:\/\/www.heartfailurematters.org\/sv\/#website\",\"url\":\"https:\/\/www.heartfailurematters.org\/sv\/\",\"name\":\"Heart Failure Matters\",\"description\":\"Practical information for patients, families and caregivers.\",\"publisher\":{\"@id\":\"https:\/\/www.heartfailurematters.org\/sv\/#organization\"},\"potentialAction\":[{\"@type\":\"SearchAction\",\"target\":{\"@type\":\"EntryPoint\",\"urlTemplate\":\"https:\/\/www.heartfailurematters.org\/sv\/?s={search_term_string}\"},\"query-input\":{\"@type\":\"PropertyValueSpecification\",\"valueRequired\":true,\"valueName\":\"search_term_string\"}}],\"inLanguage\":\"sv-SE\"},{\"@type\":\"Organization\",\"@id\":\"https:\/\/www.heartfailurematters.org\/sv\/#organization\",\"name\":\"Heart Failure Matters\",\"url\":\"https:\/\/www.heartfailurematters.org\/sv\/\",\"logo\":{\"@type\":\"ImageObject\",\"inLanguage\":\"sv-SE\",\"@id\":\"https:\/\/www.heartfailurematters.org\/sv\/#\/schema\/logo\/image\/\",\"url\":\"https:\/\/cdn-endpoint-hfm.azureedge.net\/heartfailurematters\/2024\/07\/hfm-logo1.jpg\",\"contentUrl\":\"https:\/\/cdn-endpoint-hfm.azureedge.net\/heartfailurematters\/2024\/07\/hfm-logo1.jpg\",\"width\":1280,\"height\":720,\"caption\":\"Heart Failure Matters\"},\"image\":{\"@id\":\"https:\/\/www.heartfailurematters.org\/sv\/#\/schema\/logo\/image\/\"},\"sameAs\":[\"https:\/\/www.facebook.com\/heartfailurematters\"]}]}<\/script>\n<!-- \/ Yoast SEO plugin. -->","yoast_head_json":{"title":"Att h\u00e5lla medicinska tillst\u00e5nd under kontroll","description":"Hj\u00e4rtsvikt anses vara en kronisk sjukdom eftersom det \u00e4r sannolikt att du f\u00e5r l\u00e5ngtidsbehandling f\u00f6r den. Du kan ocks\u00e5 ha ett eller flera andra kroniska sjukdomstillst\u00e5nd.","robots":{"index":"index","follow":"follow","max-snippet":"max-snippet:-1","max-image-preview":"max-image-preview:large","max-video-preview":"max-video-preview:-1"},"canonical":"https:\/\/www.heartfailurematters.org\/sv\/vad-du-sjalv-kan-gora\/att-halla-andra-medicinska-tillstand-under-kontroll\/","og_locale":"sv_SE","og_type":"article","og_title":"Att h\u00e5lla medicinska tillst\u00e5nd under kontroll","og_description":"Hj\u00e4rtsvikt anses vara en kronisk sjukdom eftersom det \u00e4r sannolikt att du f\u00e5r l\u00e5ngtidsbehandling f\u00f6r den. Du kan ocks\u00e5 ha ett eller flera andra kroniska sjukdomstillst\u00e5nd.","og_url":"https:\/\/www.heartfailurematters.org\/sv\/vad-du-sjalv-kan-gora\/att-halla-andra-medicinska-tillstand-under-kontroll\/","og_site_name":"Heart Failure Matters","article_publisher":"https:\/\/www.facebook.com\/heartfailurematters","twitter_card":"summary_large_image","twitter_misc":{"Ber\u00e4knad l\u00e4stid":"1 minut"},"schema":{"@context":"https:\/\/schema.org","@graph":[{"@type":"WebPage","@id":"https:\/\/www.heartfailurematters.org\/sv\/vad-du-sjalv-kan-gora\/att-halla-andra-medicinska-tillstand-under-kontroll\/","url":"https:\/\/www.heartfailurematters.org\/sv\/vad-du-sjalv-kan-gora\/att-halla-andra-medicinska-tillstand-under-kontroll\/","name":"Att h\u00e5lla medicinska tillst\u00e5nd under kontroll","isPartOf":{"@id":"https:\/\/www.heartfailurematters.org\/sv\/#website"},"datePublished":"2021-01-27T22:12:38+00:00","description":"Hj\u00e4rtsvikt anses vara en kronisk sjukdom eftersom det \u00e4r sannolikt att du f\u00e5r l\u00e5ngtidsbehandling f\u00f6r den. Du kan ocks\u00e5 ha ett eller flera andra kroniska sjukdomstillst\u00e5nd.","breadcrumb":{"@id":"https:\/\/www.heartfailurematters.org\/sv\/vad-du-sjalv-kan-gora\/att-halla-andra-medicinska-tillstand-under-kontroll\/#breadcrumb"},"inLanguage":"sv-SE","potentialAction":[{"@type":"ReadAction","target":["https:\/\/www.heartfailurematters.org\/sv\/vad-du-sjalv-kan-gora\/att-halla-andra-medicinska-tillstand-under-kontroll\/"]}]},{"@type":"BreadcrumbList","@id":"https:\/\/www.heartfailurematters.org\/sv\/vad-du-sjalv-kan-gora\/att-halla-andra-medicinska-tillstand-under-kontroll\/#breadcrumb","itemListElement":[{"@type":"ListItem","position":1,"name":"Hem","item":"https:\/\/www.heartfailurematters.org\/sv\/"},{"@type":"ListItem","position":2,"name":"Vad du kan g\u00f6ra f\u00f6r att hantera din hj\u00e4rtsvikt","item":"https:\/\/www.heartfailurematters.org\/sv\/vad-du-sjalv-kan-gora\/"},{"@type":"ListItem","position":3,"name":"Att h\u00e5lla andra medicinska tillst\u00e5nd under kontroll"}]},{"@type":"WebSite","@id":"https:\/\/www.heartfailurematters.org\/sv\/#website","url":"https:\/\/www.heartfailurematters.org\/sv\/","name":"Heart Failure Matters","description":"Practical information for patients, families and caregivers.","publisher":{"@id":"https:\/\/www.heartfailurematters.org\/sv\/#organization"},"potentialAction":[{"@type":"SearchAction","target":{"@type":"EntryPoint","urlTemplate":"https:\/\/www.heartfailurematters.org\/sv\/?s={search_term_string}"},"query-input":{"@type":"PropertyValueSpecification","valueRequired":true,"valueName":"search_term_string"}}],"inLanguage":"sv-SE"},{"@type":"Organization","@id":"https:\/\/www.heartfailurematters.org\/sv\/#organization","name":"Heart Failure Matters","url":"https:\/\/www.heartfailurematters.org\/sv\/","logo":{"@type":"ImageObject","inLanguage":"sv-SE","@id":"https:\/\/www.heartfailurematters.org\/sv\/#\/schema\/logo\/image\/","url":"https:\/\/cdn-endpoint-hfm.azureedge.net\/heartfailurematters\/2024\/07\/hfm-logo1.jpg","contentUrl":"https:\/\/cdn-endpoint-hfm.azureedge.net\/heartfailurematters\/2024\/07\/hfm-logo1.jpg","width":1280,"height":720,"caption":"Heart Failure Matters"},"image":{"@id":"https:\/\/www.heartfailurematters.org\/sv\/#\/schema\/logo\/image\/"},"sameAs":["https:\/\/www.facebook.com\/heartfailurematters"]}]}},"_links":{"self":[{"href":"https:\/\/www.heartfailurematters.org\/sv\/wp-json\/wp\/v2\/pages\/2612","targetHints":{"allow":["GET"]}}],"collection":[{"href":"https:\/\/www.heartfailurematters.org\/sv\/wp-json\/wp\/v2\/pages"}],"about":[{"href":"https:\/\/www.heartfailurematters.org\/sv\/wp-json\/wp\/v2\/types\/page"}],"author":[{"embeddable":true,"href":"https:\/\/www.heartfailurematters.org\/sv\/wp-json\/wp\/v2\/users\/1"}],"replies":[{"embeddable":true,"href":"https:\/\/www.heartfailurematters.org\/sv\/wp-json\/wp\/v2\/comments?post=2612"}],"version-history":[{"count":0,"href":"https:\/\/www.heartfailurematters.org\/sv\/wp-json\/wp\/v2\/pages\/2612\/revisions"}],"up":[{"embeddable":true,"href":"https:\/\/www.heartfailurematters.org\/sv\/wp-json\/wp\/v2\/pages\/2721"}],"wp:attachment":[{"href":"https:\/\/www.heartfailurematters.org\/sv\/wp-json\/wp\/v2\/media?parent=2612"}],"wp:term":[{"taxonomy":"category","embeddable":true,"href":"https:\/\/www.heartfailurematters.org\/sv\/wp-json\/wp\/v2\/categories?post=2612"},{"taxonomy":"post_tag","embeddable":true,"href":"https:\/\/www.heartfailurematters.org\/sv\/wp-json\/wp\/v2\/tags?post=2612"}],"curies":[{"name":"wp","href":"https:\/\/api.w.org\/{rel}","templated":true}]}}