{"id":2611,"date":"2021-01-27T22:12:38","date_gmt":"2021-01-27T22:12:38","guid":{"rendered":"http:\/\/heartfailurematters.local:8888\/forfattare-och-innehall\/"},"modified":"2026-03-05T10:35:57","modified_gmt":"2026-03-05T10:35:57","slug":"forfattare-och-innehall","status":"publish","type":"page","link":"https:\/\/www.heartfailurematters.org\/sv\/forfattare-och-innehall\/","title":{"rendered":"F\u00f6rfattare och inneh\u00e5ll"},"content":{"rendered":"<p>Webbplatsen <em><strong>heartfailurematters.org<\/strong><\/em> har utvecklats under ledning av <a title=\"Heart Failure Association of the European Society of Cardiology\" href=\"https:\/\/www.escardio.org\/HFA\" target=\"_blank\" rel=\"noopener\">Heart Failure Association of the European Society of Cardiology<\/a> (HFA of the ESC).<\/p>\n<p>Inneh\u00e5llet p\u00e5 denna webbplats utg\u00f6rs av originalinneh\u00e5ll och bygger p\u00e5 rekommendationer som f\u00f6ljer riktlinjerna fr\u00e5n <strong>European Society of Cardiology<\/strong>(ESC) ESC:s patientforum har bidragit till inneh\u00e5llet.<\/p>\n<h2>Heart Failure Matters utskott \u2013 mandat: 2024\u20132026<\/h2>\n<p><strong>Ordf\u00f6rande:<\/strong> Prof. Stefan Stoerk (DE)<br \/>\n<strong>Vice ordf\u00f6rande:<\/strong> Prof. Kenneth Dickstein (NO)<\/p>\n<p>&nbsp;<\/p>\n<p><strong>Kommitt\u00e9medlemmar:<\/strong><\/p>\n<ul>\n<li>Dr. Michela Barisone (IT)<\/li>\n<li>Prof. Tiny Jaarsma (SE)<\/li>\n<li>Dr. Emmanouil Kampanieris (GR)<\/li>\n<li>Prof. Mitja Lainscak (SL)<\/li>\n<li>Dr. Michal Laufer\u2011Perl (IL)<\/li>\n<li>Mr. Michael Madigan (IE)<\/li>\n<li>Mrs. Maggie Simpson (UK)<\/li>\n<li>Prof. Hadi Skouri (LB)<\/li>\n<li>Professor Mucio Tavares de Oliveira Junior (BR)<\/li>\n<li>Dr. Styliani Vakrou (GR)<\/li>\n<\/ul>\n<p><strong>Heart Failure Association vill tacka f\u00f6ljande kollegor f\u00f6r deras bidrag och hj\u00e4lp med att uppdatera inneh\u00e5llet p\u00e5 <a href=\"https:\/\/www.heartfailurematters.org\/sv\/\" target=\"_blank\" rel=\"noopener\">heartfailurematters.org.<\/a><\/strong><\/p>\n<ul>\n<li>Julia Begrambekova (RU)<\/li>\n<li>Prof. Martin Cowie (UK)<\/li>\n<li>Prof. Jelena Celuktiene (LT)<\/li>\n<li>Prof. Rudolf De Boer (NL)<\/li>\n<li>Prof. Wolfram Doehner (DE)<\/li>\n<li>Dr. Loreena Hill (UK)<\/li>\n<li>Prof. Stephane Heymans (NL)<\/li>\n<li>Prof. Ewa Jankowska (PL)<\/li>\n<li>Prof. Tiny Jaarsma (SE)<\/li>\n<li>Prof. Mitja Lainscak (SL)<\/li>\n<li>Prof. Ekaterini Lambrinou<\/li>\n<li>Dr. Brenda Moura (PT)<\/li>\n<li>Prof. Wilfried Mullens (BE)<\/li>\n<li>Dr. Alejandro Recio Mayoral (ES)<\/li>\n<li>Prof. Frans Hendrik Rutten (NL)<\/li>\n<li>Prof. Anna Stromberg (SE)<\/li>\n<li>Prof. Jean\u2011No\u00ebl Trochu (FR)<\/li>\n<li>Prof. Faiez Zannad (FR)<\/li>\n<\/ul>\n<p><strong>Vi vill uttrycka v\u00e5r uppriktiga tacksamhet till volont\u00e4rerna f\u00f6r deras tid oche deras v\u00e4rdefulla medverkan i granskningen av \u00f6vers\u00e4ttningen av webbplatsen:<\/strong><\/p>\n<ul>\n<li>Dr. Emanuele Bobbio<\/li>\n<li>Dr. Jonathan Johansson<\/li>\n<li>Associate Prof. Camilla Hage<\/li>\n<\/ul>\n<p>&nbsp;<\/p>\n","protected":false},"excerpt":{"rendered":"<p>Webbplatsen heartfailurematters.org har utvecklats under ledning av Heart Failure Association of the European Society of Cardiology (HFA of the ESC). Inneh\u00e5llet p\u00e5 denna webbplats utg\u00f6rs av originalinneh\u00e5ll och bygger p\u00e5 rekommendationer som f\u00f6ljer riktlinjerna fr\u00e5n European Society of Cardiology(ESC) ESC:s patientforum har bidragit till inneh\u00e5llet. Heart Failure Matters utskott \u2013 mandat: 2024\u20132026 Ordf\u00f6rande: Prof. Stefan [&hellip;]<\/p>\n","protected":false},"author":1,"featured_media":0,"parent":0,"menu_order":0,"comment_status":"open","ping_status":"open","template":"","meta":{"_acf_changed":false,"footnotes":""},"categories":[],"tags":[],"class_list":["post-2611","page","type-page","status-publish","hentry"],"acf":[],"yoast_head":"<!-- This site is optimized with the Yoast SEO plugin v24.8.1 - https:\/\/yoast.com\/wordpress\/plugins\/seo\/ -->\n<title>F\u00f6rfattare och inneh\u00e5ll<\/title>\n<meta name=\"description\" content=\"Webbplatsen heartfailurematters.org har utvecklats under ledning av Heart Failure Association of the European Society of Cardiology (HFA of the ESC).\" \/>\n<meta name=\"robots\" content=\"index, follow, max-snippet:-1, max-image-preview:large, max-video-preview:-1\" \/>\n<link rel=\"canonical\" href=\"https:\/\/www.heartfailurematters.org\/sv\/forfattare-och-innehall\/\" \/>\n<meta property=\"og:locale\" content=\"sv_SE\" \/>\n<meta property=\"og:type\" content=\"article\" \/>\n<meta property=\"og:title\" content=\"F\u00f6rfattare och inneh\u00e5ll\" \/>\n<meta property=\"og:description\" content=\"Webbplatsen heartfailurematters.org har utvecklats under ledning av Heart Failure Association of the European Society of Cardiology (HFA of the ESC).\" \/>\n<meta property=\"og:url\" content=\"https:\/\/www.heartfailurematters.org\/sv\/forfattare-och-innehall\/\" \/>\n<meta property=\"og:site_name\" content=\"Heart Failure Matters\" \/>\n<meta property=\"article:publisher\" content=\"https:\/\/www.facebook.com\/heartfailurematters\" \/>\n<meta property=\"article:modified_time\" content=\"2026-03-05T10:35:57+00:00\" \/>\n<meta name=\"twitter:card\" content=\"summary_large_image\" \/>\n<meta name=\"twitter:label1\" content=\"Ber\u00e4knad l\u00e4stid\" \/>\n\t<meta name=\"twitter:data1\" content=\"2 minuter\" \/>\n<script type=\"application\/ld+json\" class=\"yoast-schema-graph\">{\"@context\":\"https:\/\/schema.org\",\"@graph\":[{\"@type\":\"WebPage\",\"@id\":\"https:\/\/www.heartfailurematters.org\/sv\/forfattare-och-innehall\/\",\"url\":\"https:\/\/www.heartfailurematters.org\/sv\/forfattare-och-innehall\/\",\"name\":\"F\u00f6rfattare och inneh\u00e5ll\",\"isPartOf\":{\"@id\":\"https:\/\/www.heartfailurematters.org\/sv\/#website\"},\"datePublished\":\"2021-01-27T22:12:38+00:00\",\"dateModified\":\"2026-03-05T10:35:57+00:00\",\"description\":\"Webbplatsen heartfailurematters.org har utvecklats under ledning av Heart Failure Association of the European Society of Cardiology (HFA of the ESC).\",\"breadcrumb\":{\"@id\":\"https:\/\/www.heartfailurematters.org\/sv\/forfattare-och-innehall\/#breadcrumb\"},\"inLanguage\":\"sv-SE\",\"potentialAction\":[{\"@type\":\"ReadAction\",\"target\":[\"https:\/\/www.heartfailurematters.org\/sv\/forfattare-och-innehall\/\"]}]},{\"@type\":\"BreadcrumbList\",\"@id\":\"https:\/\/www.heartfailurematters.org\/sv\/forfattare-och-innehall\/#breadcrumb\",\"itemListElement\":[{\"@type\":\"ListItem\",\"position\":1,\"name\":\"Hem\",\"item\":\"https:\/\/www.heartfailurematters.org\/sv\/\"},{\"@type\":\"ListItem\",\"position\":2,\"name\":\"F\u00f6rfattare och inneh\u00e5ll\"}]},{\"@type\":\"WebSite\",\"@id\":\"https:\/\/www.heartfailurematters.org\/sv\/#website\",\"url\":\"https:\/\/www.heartfailurematters.org\/sv\/\",\"name\":\"Heart Failure Matters\",\"description\":\"Practical information for patients, families and caregivers.\",\"publisher\":{\"@id\":\"https:\/\/www.heartfailurematters.org\/sv\/#organization\"},\"potentialAction\":[{\"@type\":\"SearchAction\",\"target\":{\"@type\":\"EntryPoint\",\"urlTemplate\":\"https:\/\/www.heartfailurematters.org\/sv\/?s={search_term_string}\"},\"query-input\":{\"@type\":\"PropertyValueSpecification\",\"valueRequired\":true,\"valueName\":\"search_term_string\"}}],\"inLanguage\":\"sv-SE\"},{\"@type\":\"Organization\",\"@id\":\"https:\/\/www.heartfailurematters.org\/sv\/#organization\",\"name\":\"Heart Failure Matters\",\"url\":\"https:\/\/www.heartfailurematters.org\/sv\/\",\"logo\":{\"@type\":\"ImageObject\",\"inLanguage\":\"sv-SE\",\"@id\":\"https:\/\/www.heartfailurematters.org\/sv\/#\/schema\/logo\/image\/\",\"url\":\"https:\/\/cdn-endpoint-hfm.azureedge.net\/heartfailurematters\/2024\/07\/hfm-logo1.jpg\",\"contentUrl\":\"https:\/\/cdn-endpoint-hfm.azureedge.net\/heartfailurematters\/2024\/07\/hfm-logo1.jpg\",\"width\":1280,\"height\":720,\"caption\":\"Heart Failure Matters\"},\"image\":{\"@id\":\"https:\/\/www.heartfailurematters.org\/sv\/#\/schema\/logo\/image\/\"},\"sameAs\":[\"https:\/\/www.facebook.com\/heartfailurematters\"]}]}<\/script>\n<!-- \/ Yoast SEO plugin. -->","yoast_head_json":{"title":"F\u00f6rfattare och inneh\u00e5ll","description":"Webbplatsen heartfailurematters.org har utvecklats under ledning av Heart Failure Association of the European Society of Cardiology (HFA of the ESC).","robots":{"index":"index","follow":"follow","max-snippet":"max-snippet:-1","max-image-preview":"max-image-preview:large","max-video-preview":"max-video-preview:-1"},"canonical":"https:\/\/www.heartfailurematters.org\/sv\/forfattare-och-innehall\/","og_locale":"sv_SE","og_type":"article","og_title":"F\u00f6rfattare och inneh\u00e5ll","og_description":"Webbplatsen heartfailurematters.org har utvecklats under ledning av Heart Failure Association of the European Society of Cardiology (HFA of the ESC).","og_url":"https:\/\/www.heartfailurematters.org\/sv\/forfattare-och-innehall\/","og_site_name":"Heart Failure Matters","article_publisher":"https:\/\/www.facebook.com\/heartfailurematters","article_modified_time":"2026-03-05T10:35:57+00:00","twitter_card":"summary_large_image","twitter_misc":{"Ber\u00e4knad l\u00e4stid":"2 minuter"},"schema":{"@context":"https:\/\/schema.org","@graph":[{"@type":"WebPage","@id":"https:\/\/www.heartfailurematters.org\/sv\/forfattare-och-innehall\/","url":"https:\/\/www.heartfailurematters.org\/sv\/forfattare-och-innehall\/","name":"F\u00f6rfattare och inneh\u00e5ll","isPartOf":{"@id":"https:\/\/www.heartfailurematters.org\/sv\/#website"},"datePublished":"2021-01-27T22:12:38+00:00","dateModified":"2026-03-05T10:35:57+00:00","description":"Webbplatsen heartfailurematters.org har utvecklats under ledning av Heart Failure Association of the European Society of Cardiology (HFA of the ESC).","breadcrumb":{"@id":"https:\/\/www.heartfailurematters.org\/sv\/forfattare-och-innehall\/#breadcrumb"},"inLanguage":"sv-SE","potentialAction":[{"@type":"ReadAction","target":["https:\/\/www.heartfailurematters.org\/sv\/forfattare-och-innehall\/"]}]},{"@type":"BreadcrumbList","@id":"https:\/\/www.heartfailurematters.org\/sv\/forfattare-och-innehall\/#breadcrumb","itemListElement":[{"@type":"ListItem","position":1,"name":"Hem","item":"https:\/\/www.heartfailurematters.org\/sv\/"},{"@type":"ListItem","position":2,"name":"F\u00f6rfattare och inneh\u00e5ll"}]},{"@type":"WebSite","@id":"https:\/\/www.heartfailurematters.org\/sv\/#website","url":"https:\/\/www.heartfailurematters.org\/sv\/","name":"Heart Failure Matters","description":"Practical information for patients, families and caregivers.","publisher":{"@id":"https:\/\/www.heartfailurematters.org\/sv\/#organization"},"potentialAction":[{"@type":"SearchAction","target":{"@type":"EntryPoint","urlTemplate":"https:\/\/www.heartfailurematters.org\/sv\/?s={search_term_string}"},"query-input":{"@type":"PropertyValueSpecification","valueRequired":true,"valueName":"search_term_string"}}],"inLanguage":"sv-SE"},{"@type":"Organization","@id":"https:\/\/www.heartfailurematters.org\/sv\/#organization","name":"Heart Failure Matters","url":"https:\/\/www.heartfailurematters.org\/sv\/","logo":{"@type":"ImageObject","inLanguage":"sv-SE","@id":"https:\/\/www.heartfailurematters.org\/sv\/#\/schema\/logo\/image\/","url":"https:\/\/cdn-endpoint-hfm.azureedge.net\/heartfailurematters\/2024\/07\/hfm-logo1.jpg","contentUrl":"https:\/\/cdn-endpoint-hfm.azureedge.net\/heartfailurematters\/2024\/07\/hfm-logo1.jpg","width":1280,"height":720,"caption":"Heart Failure Matters"},"image":{"@id":"https:\/\/www.heartfailurematters.org\/sv\/#\/schema\/logo\/image\/"},"sameAs":["https:\/\/www.facebook.com\/heartfailurematters"]}]}},"_links":{"self":[{"href":"https:\/\/www.heartfailurematters.org\/sv\/wp-json\/wp\/v2\/pages\/2611","targetHints":{"allow":["GET"]}}],"collection":[{"href":"https:\/\/www.heartfailurematters.org\/sv\/wp-json\/wp\/v2\/pages"}],"about":[{"href":"https:\/\/www.heartfailurematters.org\/sv\/wp-json\/wp\/v2\/types\/page"}],"author":[{"embeddable":true,"href":"https:\/\/www.heartfailurematters.org\/sv\/wp-json\/wp\/v2\/users\/1"}],"replies":[{"embeddable":true,"href":"https:\/\/www.heartfailurematters.org\/sv\/wp-json\/wp\/v2\/comments?post=2611"}],"version-history":[{"count":9,"href":"https:\/\/www.heartfailurematters.org\/sv\/wp-json\/wp\/v2\/pages\/2611\/revisions"}],"predecessor-version":[{"id":14039,"href":"https:\/\/www.heartfailurematters.org\/sv\/wp-json\/wp\/v2\/pages\/2611\/revisions\/14039"}],"wp:attachment":[{"href":"https:\/\/www.heartfailurematters.org\/sv\/wp-json\/wp\/v2\/media?parent=2611"}],"wp:term":[{"taxonomy":"category","embeddable":true,"href":"https:\/\/www.heartfailurematters.org\/sv\/wp-json\/wp\/v2\/categories?post=2611"},{"taxonomy":"post_tag","embeddable":true,"href":"https:\/\/www.heartfailurematters.org\/sv\/wp-json\/wp\/v2\/tags?post=2611"}],"curies":[{"name":"wp","href":"https:\/\/api.w.org\/{rel}","templated":true}]}}