{"id":2604,"date":"2021-01-27T22:12:30","date_gmt":"2021-01-27T22:12:30","guid":{"rendered":"http:\/\/heartfailurematters.local:8888\/mekanisk-hjartpump-for-vanster-kammare-lvad-left-ventricular-assist-devices\/"},"modified":"2021-01-27T22:12:30","modified_gmt":"2021-01-27T22:12:30","slug":"mekanisk-hjartpump-for-vanster-kammare-lvad-left-ventricular-assist-devices","status":"publish","type":"page","link":"https:\/\/www.heartfailurematters.org\/sv\/vad-din-lakare-eller-sjukskoterska-kan-gora\/mekanisk-hjartpump-for-vanster-kammare-lvad-left-ventricular-assist-devices\/","title":{"rendered":"Mekanisk hj\u00e4rtpump f\u00f6r v\u00e4nster kammare (LVAD \u2013 Left Ventricular Assist Devices)"},"content":{"rendered":"<h2>Vad g&ouml;r den?<\/h2>\n<p>Vissa patienter med sv&aring;r hj&auml;rtsvikt kanske inte &auml;r l&auml;mpliga kandidater f&ouml;r en hj&auml;rttransplantation. Donatorhj&auml;rtan &auml;r dessutom inte alltid tillg&auml;ngliga och vissa patienter kan f&aring; v&auml;nta flera &aring;r innan ett l&auml;mpligt donatorhj&auml;rta hittas. Mekaniskt cirkulationsst&ouml;d &auml;r ett s&auml;tt att f&ouml;rb&auml;ttra blodcirkulationen i hela kroppen med hj&auml;lp av en mekanisk hj&auml;rtpump (ventricular assist device, VAD).&nbsp;Mekaniska hj&auml;rtpumpar hj&auml;lper ett skadat hj&auml;rta att pumpa blod till hela kroppen. De ers&auml;tter inte ett hj&auml;rta och ditt eget hj&auml;rta kommer att forts&auml;tta att fungera.<\/p>\n<p>Mekaniska hj&auml;rtpumpar bidrar till att hj&auml;lpa den normala funktionen av hj&auml;rtat, f&ouml;rl&auml;nga livet och ge en f&ouml;rb&auml;ttrad livskvalitet f&ouml;r personer med sv&aring;r hj&auml;rtsvikt. Mekaniska hj&auml;rtpumpar kan anv&auml;ndas f&ouml;r kortsiktigt st&ouml;d, som en bro-till-hj&auml;rttransplantation. Det betyder att det kan hj&auml;lpa en patient att &ouml;verleva tills ett donatorhj&auml;rta blir tillg&auml;ngligt. De kan ocks&aring; anv&auml;ndas som destinationsterapi, vilket ger ett l&aring;ngsiktigt st&ouml;d till patienter som inte &auml;r l&auml;mpliga f&ouml;r en hj&auml;rttransplantation.<\/p>\n<h2>Mekaniska hj&auml;rtpumpar anv&auml;nds av tre huvudsakliga sk&auml;l:<\/h2>\n<ul>\n<li>F&ouml;r att h&aring;lla patienter vid liv tills ett donatorhj&auml;rta kan hittas f&ouml;r hj&auml;rttransplantation. Om s&aring; &auml;r fallet anv&auml;nds den som en bro-till-hj&auml;rttransplantation.<\/li>\n<li>F&ouml;r att l&aring;ta hj&auml;rtat &rdquo;vila&rdquo;, s&aring; att det kan &aring;tervinna en del av sin normala funktion. Hos patienter d&auml;r hj&auml;rtat &aring;terh&auml;mtat sig till en viss del, kan enheten tas bort och en hj&auml;rttransplantation kanske inte beh&ouml;vs alls. Om s&aring; &auml;r fallet anv&auml;nds den mekaniska hj&auml;rtpumpen som en bro-till-&aring;terh&auml;mtning.&nbsp;&nbsp;<\/li>\n<li>F&ouml;r att st&ouml;dja cirkulationen under ett antal &aring;r. Det &auml;r vanligtvis alternativet f&ouml;r vissa patienter, som &auml;r f&ouml;r sjuka f&ouml;r en hj&auml;rttransplantation. I det h&auml;r fallet anv&auml;nds den mekaniska hj&auml;rtpumpen som destinationsterapi (livsl&aring;ng behandling).<\/li>\n<\/ul>\n<p>Mekaniska hj&auml;rtpumpar har varit godk&auml;nda f&ouml;r anv&auml;ndning i Europa i mer &auml;n ett decennium. Mekaniska hj&auml;rtpumpar har f&ouml;rb&auml;ttrat &ouml;verlevnad och livskvalitet f&ouml;r patienter med sv&aring;r hj&auml;rtsvikt. Nyare hj&auml;rtpumpar &auml;r mindre, tystare och h&aring;ller l&auml;ngre. Patienter har &ouml;verlevt under flera &aring;r med en mekanisk hj&auml;rtpump i v&auml;ntan p&aring; ett donatorhj&auml;rta. &nbsp;<\/p>\n<h2>N&auml;stan alla mekaniska hj&auml;rtpumpar best&aring;r av tre delar:<\/h2>\n<ul>\n<li>En hj&auml;rtpump som implanteras inuti kroppen eller placeras utanp&aring; kroppen<\/li>\n<li>En styrenhet utanf&ouml;r kroppen som anv&auml;nds f&ouml;r att programmera inst&auml;llningarna f&ouml;r denna mekaniska hj&auml;rtpump&nbsp;&nbsp;&nbsp;&nbsp;<\/li>\n<li>En utv&auml;ndig energik&auml;lla f&ouml;r att driva pumpen, antingen en man&ouml;verpanel eller ett batteri.<\/li>\n<\/ul>\n<p>En mekanisk hj&auml;rtpump &auml;r ett behandlingsalternativ f&ouml;r vissa patienter med hj&auml;rtsvikt i slutstadiet. Din l&auml;kare kommer att avg&ouml;ra om en mekanisk hj&auml;rtpump &auml;r en l&auml;mplig behandling f&ouml;r dig.<\/p>\n<h2>Var och hur s&auml;tts den p&aring; plats?<\/h2>\n<p>Att implantera en mekanisk hj&auml;rtpump f&ouml;r v&auml;nster kammare (Left Ventricular Assist Devices, LVAD) i en patient kr&auml;ver ett kirurgiskt ingrepp under narkos. Hj&auml;rtkirurgen ansluter hj&auml;rtpumpenheten i hj&auml;rtspetsen (apexregionen) av den v&auml;nstra kammaren och implanterar en kanyl i stora kroppspuls&aring;dern (aortan) f&ouml;r att dra blod fr&aring;n den v&auml;nstra kammaren och &aring;terf&ouml;ra det till den allm&auml;nna cirkulationen (v&auml;nster VAD). Alternativt ansluts enheten till h&ouml;ger kammare eller h&ouml;ger f&ouml;rmak f&ouml;r att dra ut blod som &aring;terf&ouml;rs till lungart&auml;ren (h&ouml;ger VAD). I b&aring;da fallen &ouml;kar blodfl&ouml;det i kroppen och f&ouml;rb&auml;ttrar genombl&ouml;dningen i dina organ.<\/p>\n<h2>Efter ingreppet<\/h2>\n<p>Det kr&auml;vs ofta n&aring;gra dagar p&aring; den post-operativa v&aring;rdenheten, f&ouml;ljt av n&aring;gra dagar p&aring; en vanlig v&aring;rdavdelning, f&ouml;r att &aring;terh&auml;mta sig och f&ouml;r att f&aring; en f&ouml;rst&aring;else f&ouml;r hur man anv&auml;nder den mekaniska hj&auml;rtpumpen. Efter det f&ouml;resl&aring;s ofta ett rehabiliteringsprogram f&ouml;r att f&ouml;rb&auml;ttra din fysiska funktionsf&ouml;rm&aring;ga. M&ouml;jliga biverkningar kan omfatta: bl&ouml;dning under operation, infektion, blodpropp och att enheten inte fungerar p&aring; ett tillfredst&auml;llande s&auml;tt. En mekanisk hj&auml;rtpump &auml;r utformad f&ouml;r att fungera under l&aring;ng tid. Enheten kommer att varna dig om det uppst&aring;r ett problem.&nbsp; Sjukhuset kommer att utbilda dig och din familj att f&ouml;rst&aring; enheten och dess larmanordningar.<\/p>\n<p>Att ha en mekanisk hj&auml;rtpump kommer att kr&auml;va viss anpassning f&ouml;r dig och din familj. Att hantera batterierna &auml;r enkelt. Trots viktiga tekniska framsteg beh&ouml;vs det fortfarande dras en kabel (drivlina), genom huden som f&ouml;rbinder den inre pumpen med den externa styrenheten, och utg&aring;ngsst&auml;llets f&ouml;rband kr&auml;ver s&auml;rskild uppm&auml;rksamhet f&ouml;r att f&ouml;rhindra infektion. Man m&aring;ste forts&auml;tta att ta vissa hj&auml;rtsviktsl&auml;kemedel och blodf&ouml;rtunnande l&auml;kemedel. De flesta m&auml;nniskor som har en mekanisk hj&auml;rtpump kan bo hemma, r&ouml;ra sig fritt, &auml;gna sig &aring;t sina favoritsysslor och till och med &aring;terg&aring; till arbetet eller skolan. M&aring;nga patienter med en mekanisk hj&auml;rtpump uppt&auml;cker ocks&aring; att de har mer energi &auml;n tidigare, eftersom mer syrerikt blod flyter genom kroppen. Tala med din l&auml;kare eller sjuksk&ouml;terska p&aring; sjukhuset om du beh&ouml;ver mer information.<\/p>\n<p><a href=\"https:\/\/www.heartfailurematters.org\/sv\/vad-din-lakare-eller-sjukskoterska-kan-gora\/inplanterbara-apparater\/\">&Aring;terg&aring; till &#8221;Enheter&#8221;<\/a><\/p>\n<h2>&nbsp;<\/h2>\n","protected":false},"excerpt":{"rendered":"<p>Vad g&ouml;r den? Vissa patienter med sv&aring;r hj&auml;rtsvikt kanske inte &auml;r l&auml;mpliga kandidater f&ouml;r en hj&auml;rttransplantation. Donatorhj&auml;rtan &auml;r dessutom inte alltid tillg&auml;ngliga och vissa patienter kan f&aring; v&auml;nta flera &aring;r innan ett l&auml;mpligt donatorhj&auml;rta hittas. Mekaniskt cirkulationsst&ouml;d &auml;r ett s&auml;tt att f&ouml;rb&auml;ttra blodcirkulationen i hela kroppen med hj&auml;lp av en mekanisk hj&auml;rtpump (ventricular assist device, [&hellip;]<\/p>\n","protected":false},"author":1,"featured_media":10580,"parent":2685,"menu_order":0,"comment_status":"open","ping_status":"open","template":"","meta":{"_acf_changed":false,"footnotes":""},"categories":[],"tags":[],"class_list":["post-2604","page","type-page","status-publish","has-post-thumbnail","hentry"],"acf":[],"yoast_head":"<!-- This site is optimized with the Yoast SEO plugin v24.8.1 - https:\/\/yoast.com\/wordpress\/plugins\/seo\/ -->\n<title>En mekanisk hj\u00e4rtpump f\u00f6r v\u00e4nster kammare (LVAD \u2013 Left Ventricular Assist Devices)<\/title>\n<meta name=\"description\" content=\"En mekanisk hj\u00e4rtpump bidrar till att st\u00f6dja en normal hj\u00e4rtfunktion, f\u00f6rl\u00e4nga livet och ge en f\u00f6rb\u00e4ttrad livskvalitet f\u00f6r personer med framskriden hj\u00e4rtsvikt.\" \/>\n<meta name=\"robots\" content=\"index, follow, max-snippet:-1, max-image-preview:large, max-video-preview:-1\" \/>\n<link rel=\"canonical\" href=\"https:\/\/www.heartfailurematters.org\/sv\/vad-din-lakare-eller-sjukskoterska-kan-gora\/mekanisk-hjartpump-for-vanster-kammare-lvad-left-ventricular-assist-devices\/\" \/>\n<meta property=\"og:locale\" content=\"sv_SE\" \/>\n<meta property=\"og:type\" content=\"article\" \/>\n<meta property=\"og:title\" content=\"En mekanisk hj\u00e4rtpump f\u00f6r v\u00e4nster kammare (LVAD \u2013 Left Ventricular Assist Devices)\" \/>\n<meta property=\"og:description\" content=\"En mekanisk hj\u00e4rtpump bidrar till att st\u00f6dja en normal hj\u00e4rtfunktion, f\u00f6rl\u00e4nga livet och ge en f\u00f6rb\u00e4ttrad livskvalitet f\u00f6r personer med framskriden hj\u00e4rtsvikt.\" \/>\n<meta property=\"og:url\" content=\"https:\/\/www.heartfailurematters.org\/sv\/vad-din-lakare-eller-sjukskoterska-kan-gora\/mekanisk-hjartpump-for-vanster-kammare-lvad-left-ventricular-assist-devices\/\" \/>\n<meta property=\"og:site_name\" content=\"Heart Failure Matters\" \/>\n<meta property=\"article:publisher\" content=\"https:\/\/www.facebook.com\/heartfailurematters\" \/>\n<meta property=\"og:image\" content=\"https:\/\/www.heartfailurematters.org\/wp-content\/uploads\/2022\/02\/shutterstock_121294759-1-min.jpg\" \/>\n\t<meta property=\"og:image:width\" content=\"900\" \/>\n\t<meta property=\"og:image:height\" content=\"600\" \/>\n\t<meta property=\"og:image:type\" content=\"image\/jpeg\" \/>\n<meta name=\"twitter:card\" content=\"summary_large_image\" \/>\n<meta name=\"twitter:label1\" content=\"Ber\u00e4knad l\u00e4stid\" \/>\n\t<meta name=\"twitter:data1\" content=\"6 minuter\" \/>\n<script type=\"application\/ld+json\" class=\"yoast-schema-graph\">{\"@context\":\"https:\/\/schema.org\",\"@graph\":[{\"@type\":\"WebPage\",\"@id\":\"https:\/\/www.heartfailurematters.org\/sv\/vad-din-lakare-eller-sjukskoterska-kan-gora\/mekanisk-hjartpump-for-vanster-kammare-lvad-left-ventricular-assist-devices\/\",\"url\":\"https:\/\/www.heartfailurematters.org\/sv\/vad-din-lakare-eller-sjukskoterska-kan-gora\/mekanisk-hjartpump-for-vanster-kammare-lvad-left-ventricular-assist-devices\/\",\"name\":\"En mekanisk hj\u00e4rtpump f\u00f6r v\u00e4nster kammare (LVAD \u2013 Left Ventricular Assist Devices)\",\"isPartOf\":{\"@id\":\"https:\/\/www.heartfailurematters.org\/sv\/#website\"},\"primaryImageOfPage\":{\"@id\":\"https:\/\/www.heartfailurematters.org\/sv\/vad-din-lakare-eller-sjukskoterska-kan-gora\/mekanisk-hjartpump-for-vanster-kammare-lvad-left-ventricular-assist-devices\/#primaryimage\"},\"image\":{\"@id\":\"https:\/\/www.heartfailurematters.org\/sv\/vad-din-lakare-eller-sjukskoterska-kan-gora\/mekanisk-hjartpump-for-vanster-kammare-lvad-left-ventricular-assist-devices\/#primaryimage\"},\"thumbnailUrl\":\"https:\/\/www.heartfailurematters.org\/wp-content\/uploads\/2022\/02\/shutterstock_121294759-1-min.jpg\",\"datePublished\":\"2021-01-27T22:12:30+00:00\",\"description\":\"En mekanisk hj\u00e4rtpump bidrar till att st\u00f6dja en normal hj\u00e4rtfunktion, f\u00f6rl\u00e4nga livet och ge en f\u00f6rb\u00e4ttrad livskvalitet f\u00f6r personer med framskriden hj\u00e4rtsvikt.\",\"breadcrumb\":{\"@id\":\"https:\/\/www.heartfailurematters.org\/sv\/vad-din-lakare-eller-sjukskoterska-kan-gora\/mekanisk-hjartpump-for-vanster-kammare-lvad-left-ventricular-assist-devices\/#breadcrumb\"},\"inLanguage\":\"sv-SE\",\"potentialAction\":[{\"@type\":\"ReadAction\",\"target\":[\"https:\/\/www.heartfailurematters.org\/sv\/vad-din-lakare-eller-sjukskoterska-kan-gora\/mekanisk-hjartpump-for-vanster-kammare-lvad-left-ventricular-assist-devices\/\"]}]},{\"@type\":\"ImageObject\",\"inLanguage\":\"sv-SE\",\"@id\":\"https:\/\/www.heartfailurematters.org\/sv\/vad-din-lakare-eller-sjukskoterska-kan-gora\/mekanisk-hjartpump-for-vanster-kammare-lvad-left-ventricular-assist-devices\/#primaryimage\",\"url\":\"https:\/\/www.heartfailurematters.org\/wp-content\/uploads\/2022\/02\/shutterstock_121294759-1-min.jpg\",\"contentUrl\":\"https:\/\/www.heartfailurematters.org\/wp-content\/uploads\/2022\/02\/shutterstock_121294759-1-min.jpg\",\"width\":900,\"height\":600},{\"@type\":\"BreadcrumbList\",\"@id\":\"https:\/\/www.heartfailurematters.org\/sv\/vad-din-lakare-eller-sjukskoterska-kan-gora\/mekanisk-hjartpump-for-vanster-kammare-lvad-left-ventricular-assist-devices\/#breadcrumb\",\"itemListElement\":[{\"@type\":\"ListItem\",\"position\":1,\"name\":\"Hem\",\"item\":\"https:\/\/www.heartfailurematters.org\/sv\/\"},{\"@type\":\"ListItem\",\"position\":2,\"name\":\"Vad din l\u00e4kare kan g\u00f6ra\",\"item\":\"https:\/\/www.heartfailurematters.org\/sv\/vad-din-lakare-eller-sjukskoterska-kan-gora\/\"},{\"@type\":\"ListItem\",\"position\":3,\"name\":\"Mekanisk hj\u00e4rtpump f\u00f6r v\u00e4nster kammare (LVAD \u2013 Left Ventricular Assist Devices)\"}]},{\"@type\":\"WebSite\",\"@id\":\"https:\/\/www.heartfailurematters.org\/sv\/#website\",\"url\":\"https:\/\/www.heartfailurematters.org\/sv\/\",\"name\":\"Heart Failure Matters\",\"description\":\"Practical information for patients, families and caregivers.\",\"publisher\":{\"@id\":\"https:\/\/www.heartfailurematters.org\/sv\/#organization\"},\"potentialAction\":[{\"@type\":\"SearchAction\",\"target\":{\"@type\":\"EntryPoint\",\"urlTemplate\":\"https:\/\/www.heartfailurematters.org\/sv\/?s={search_term_string}\"},\"query-input\":{\"@type\":\"PropertyValueSpecification\",\"valueRequired\":true,\"valueName\":\"search_term_string\"}}],\"inLanguage\":\"sv-SE\"},{\"@type\":\"Organization\",\"@id\":\"https:\/\/www.heartfailurematters.org\/sv\/#organization\",\"name\":\"Heart Failure Matters\",\"url\":\"https:\/\/www.heartfailurematters.org\/sv\/\",\"logo\":{\"@type\":\"ImageObject\",\"inLanguage\":\"sv-SE\",\"@id\":\"https:\/\/www.heartfailurematters.org\/sv\/#\/schema\/logo\/image\/\",\"url\":\"https:\/\/cdn-endpoint-hfm.azureedge.net\/heartfailurematters\/2024\/07\/hfm-logo1.jpg\",\"contentUrl\":\"https:\/\/cdn-endpoint-hfm.azureedge.net\/heartfailurematters\/2024\/07\/hfm-logo1.jpg\",\"width\":1280,\"height\":720,\"caption\":\"Heart Failure Matters\"},\"image\":{\"@id\":\"https:\/\/www.heartfailurematters.org\/sv\/#\/schema\/logo\/image\/\"},\"sameAs\":[\"https:\/\/www.facebook.com\/heartfailurematters\"]}]}<\/script>\n<!-- \/ Yoast SEO plugin. -->","yoast_head_json":{"title":"En mekanisk hj\u00e4rtpump f\u00f6r v\u00e4nster kammare (LVAD \u2013 Left Ventricular Assist Devices)","description":"En mekanisk hj\u00e4rtpump bidrar till att st\u00f6dja en normal hj\u00e4rtfunktion, f\u00f6rl\u00e4nga livet och ge en f\u00f6rb\u00e4ttrad livskvalitet f\u00f6r personer med framskriden hj\u00e4rtsvikt.","robots":{"index":"index","follow":"follow","max-snippet":"max-snippet:-1","max-image-preview":"max-image-preview:large","max-video-preview":"max-video-preview:-1"},"canonical":"https:\/\/www.heartfailurematters.org\/sv\/vad-din-lakare-eller-sjukskoterska-kan-gora\/mekanisk-hjartpump-for-vanster-kammare-lvad-left-ventricular-assist-devices\/","og_locale":"sv_SE","og_type":"article","og_title":"En mekanisk hj\u00e4rtpump f\u00f6r v\u00e4nster kammare (LVAD \u2013 Left Ventricular Assist Devices)","og_description":"En mekanisk hj\u00e4rtpump bidrar till att st\u00f6dja en normal hj\u00e4rtfunktion, f\u00f6rl\u00e4nga livet och ge en f\u00f6rb\u00e4ttrad livskvalitet f\u00f6r personer med framskriden hj\u00e4rtsvikt.","og_url":"https:\/\/www.heartfailurematters.org\/sv\/vad-din-lakare-eller-sjukskoterska-kan-gora\/mekanisk-hjartpump-for-vanster-kammare-lvad-left-ventricular-assist-devices\/","og_site_name":"Heart Failure Matters","article_publisher":"https:\/\/www.facebook.com\/heartfailurematters","og_image":[{"width":900,"height":600,"url":"https:\/\/www.heartfailurematters.org\/wp-content\/uploads\/2022\/02\/shutterstock_121294759-1-min.jpg","type":"image\/jpeg"}],"twitter_card":"summary_large_image","twitter_misc":{"Ber\u00e4knad l\u00e4stid":"6 minuter"},"schema":{"@context":"https:\/\/schema.org","@graph":[{"@type":"WebPage","@id":"https:\/\/www.heartfailurematters.org\/sv\/vad-din-lakare-eller-sjukskoterska-kan-gora\/mekanisk-hjartpump-for-vanster-kammare-lvad-left-ventricular-assist-devices\/","url":"https:\/\/www.heartfailurematters.org\/sv\/vad-din-lakare-eller-sjukskoterska-kan-gora\/mekanisk-hjartpump-for-vanster-kammare-lvad-left-ventricular-assist-devices\/","name":"En mekanisk hj\u00e4rtpump f\u00f6r v\u00e4nster kammare (LVAD \u2013 Left Ventricular Assist Devices)","isPartOf":{"@id":"https:\/\/www.heartfailurematters.org\/sv\/#website"},"primaryImageOfPage":{"@id":"https:\/\/www.heartfailurematters.org\/sv\/vad-din-lakare-eller-sjukskoterska-kan-gora\/mekanisk-hjartpump-for-vanster-kammare-lvad-left-ventricular-assist-devices\/#primaryimage"},"image":{"@id":"https:\/\/www.heartfailurematters.org\/sv\/vad-din-lakare-eller-sjukskoterska-kan-gora\/mekanisk-hjartpump-for-vanster-kammare-lvad-left-ventricular-assist-devices\/#primaryimage"},"thumbnailUrl":"https:\/\/www.heartfailurematters.org\/wp-content\/uploads\/2022\/02\/shutterstock_121294759-1-min.jpg","datePublished":"2021-01-27T22:12:30+00:00","description":"En mekanisk hj\u00e4rtpump bidrar till att st\u00f6dja en normal hj\u00e4rtfunktion, f\u00f6rl\u00e4nga livet och ge en f\u00f6rb\u00e4ttrad livskvalitet f\u00f6r personer med framskriden hj\u00e4rtsvikt.","breadcrumb":{"@id":"https:\/\/www.heartfailurematters.org\/sv\/vad-din-lakare-eller-sjukskoterska-kan-gora\/mekanisk-hjartpump-for-vanster-kammare-lvad-left-ventricular-assist-devices\/#breadcrumb"},"inLanguage":"sv-SE","potentialAction":[{"@type":"ReadAction","target":["https:\/\/www.heartfailurematters.org\/sv\/vad-din-lakare-eller-sjukskoterska-kan-gora\/mekanisk-hjartpump-for-vanster-kammare-lvad-left-ventricular-assist-devices\/"]}]},{"@type":"ImageObject","inLanguage":"sv-SE","@id":"https:\/\/www.heartfailurematters.org\/sv\/vad-din-lakare-eller-sjukskoterska-kan-gora\/mekanisk-hjartpump-for-vanster-kammare-lvad-left-ventricular-assist-devices\/#primaryimage","url":"https:\/\/www.heartfailurematters.org\/wp-content\/uploads\/2022\/02\/shutterstock_121294759-1-min.jpg","contentUrl":"https:\/\/www.heartfailurematters.org\/wp-content\/uploads\/2022\/02\/shutterstock_121294759-1-min.jpg","width":900,"height":600},{"@type":"BreadcrumbList","@id":"https:\/\/www.heartfailurematters.org\/sv\/vad-din-lakare-eller-sjukskoterska-kan-gora\/mekanisk-hjartpump-for-vanster-kammare-lvad-left-ventricular-assist-devices\/#breadcrumb","itemListElement":[{"@type":"ListItem","position":1,"name":"Hem","item":"https:\/\/www.heartfailurematters.org\/sv\/"},{"@type":"ListItem","position":2,"name":"Vad din l\u00e4kare kan g\u00f6ra","item":"https:\/\/www.heartfailurematters.org\/sv\/vad-din-lakare-eller-sjukskoterska-kan-gora\/"},{"@type":"ListItem","position":3,"name":"Mekanisk hj\u00e4rtpump f\u00f6r v\u00e4nster kammare (LVAD \u2013 Left Ventricular Assist Devices)"}]},{"@type":"WebSite","@id":"https:\/\/www.heartfailurematters.org\/sv\/#website","url":"https:\/\/www.heartfailurematters.org\/sv\/","name":"Heart Failure Matters","description":"Practical information for patients, families and caregivers.","publisher":{"@id":"https:\/\/www.heartfailurematters.org\/sv\/#organization"},"potentialAction":[{"@type":"SearchAction","target":{"@type":"EntryPoint","urlTemplate":"https:\/\/www.heartfailurematters.org\/sv\/?s={search_term_string}"},"query-input":{"@type":"PropertyValueSpecification","valueRequired":true,"valueName":"search_term_string"}}],"inLanguage":"sv-SE"},{"@type":"Organization","@id":"https:\/\/www.heartfailurematters.org\/sv\/#organization","name":"Heart Failure Matters","url":"https:\/\/www.heartfailurematters.org\/sv\/","logo":{"@type":"ImageObject","inLanguage":"sv-SE","@id":"https:\/\/www.heartfailurematters.org\/sv\/#\/schema\/logo\/image\/","url":"https:\/\/cdn-endpoint-hfm.azureedge.net\/heartfailurematters\/2024\/07\/hfm-logo1.jpg","contentUrl":"https:\/\/cdn-endpoint-hfm.azureedge.net\/heartfailurematters\/2024\/07\/hfm-logo1.jpg","width":1280,"height":720,"caption":"Heart Failure Matters"},"image":{"@id":"https:\/\/www.heartfailurematters.org\/sv\/#\/schema\/logo\/image\/"},"sameAs":["https:\/\/www.facebook.com\/heartfailurematters"]}]}},"_links":{"self":[{"href":"https:\/\/www.heartfailurematters.org\/sv\/wp-json\/wp\/v2\/pages\/2604","targetHints":{"allow":["GET"]}}],"collection":[{"href":"https:\/\/www.heartfailurematters.org\/sv\/wp-json\/wp\/v2\/pages"}],"about":[{"href":"https:\/\/www.heartfailurematters.org\/sv\/wp-json\/wp\/v2\/types\/page"}],"author":[{"embeddable":true,"href":"https:\/\/www.heartfailurematters.org\/sv\/wp-json\/wp\/v2\/users\/1"}],"replies":[{"embeddable":true,"href":"https:\/\/www.heartfailurematters.org\/sv\/wp-json\/wp\/v2\/comments?post=2604"}],"version-history":[{"count":0,"href":"https:\/\/www.heartfailurematters.org\/sv\/wp-json\/wp\/v2\/pages\/2604\/revisions"}],"up":[{"embeddable":true,"href":"https:\/\/www.heartfailurematters.org\/sv\/wp-json\/wp\/v2\/pages\/2685"}],"wp:featuredmedia":[{"embeddable":true,"href":"https:\/\/www.heartfailurematters.org\/sv\/wp-json\/wp\/v2\/media\/10580"}],"wp:attachment":[{"href":"https:\/\/www.heartfailurematters.org\/sv\/wp-json\/wp\/v2\/media?parent=2604"}],"wp:term":[{"taxonomy":"category","embeddable":true,"href":"https:\/\/www.heartfailurematters.org\/sv\/wp-json\/wp\/v2\/categories?post=2604"},{"taxonomy":"post_tag","embeddable":true,"href":"https:\/\/www.heartfailurematters.org\/sv\/wp-json\/wp\/v2\/tags?post=2604"}],"curies":[{"name":"wp","href":"https:\/\/api.w.org\/{rel}","templated":true}]}}