{"id":2602,"date":"2021-01-27T22:12:47","date_gmt":"2021-01-27T22:12:47","guid":{"rendered":"http:\/\/heartfailurematters.local:8888\/vad-ar-hjartsvikt\/"},"modified":"2022-02-24T16:04:42","modified_gmt":"2022-02-24T16:04:42","slug":"vad-ar-hjartsvikt","status":"publish","type":"page","link":"https:\/\/www.heartfailurematters.org\/sv\/att-forsta-hjartsvikt\/vad-ar-hjartsvikt\/","title":{"rendered":"Vad \u00e4r hj\u00e4rtsvikt?"},"content":{"rendered":"<p>Hj\u00e4rtsvikt \u00e4r ett allvarligt medicinskt tillst\u00e5nd d\u00e4r hj\u00e4rtat inte pumpar runt blodet i kroppen s\u00e5 bra som det borde. Det inneb\u00e4r att blodet inte kan leverera tillr\u00e4ckligt med syre och n\u00e4ring till kroppen f\u00f6r att den ska kunna fungera normalt. Det kan exempelvis leda till att du k\u00e4nner dig tr\u00f6tt eller utmattad. Det inneb\u00e4r ocks\u00e5 att du inte kan bli av med slaggprodukter ordentligt. Det leder till en ansamling av v\u00e4tska i lungorna och andra delar av kroppen, som ben och buk.<\/p>\n<p>Hj\u00e4rtsvikt utvecklas ofta p\u00e5 grund av att du har eller har haft ett medicinskt tillst\u00e5nd som p\u00e5verkar hj\u00e4rtat, som <a class=\"addtooltip\" title=\"Uppst\u00e5r n\u00e4r kransk\u00e4rlen blir tr\u00e4ngre eller helt blockerade. Det g\u00f6r att blodfl\u00f6det minskas, vilket kan leda till angina (k\u00e4rlkramp), hj\u00e4rtinfarkt och senare hj\u00e4rtsvikt.\"><strong>kransk\u00e4rlssjukdom<\/strong><\/a>, <a class=\"addtooltip\" title=\"Orsakas av skador som uppst\u00e5r i hj\u00e4rtmuskeln n\u00e4r ett kransk\u00e4rl blir blockerat och blodfl\u00f6det till en del av muskeln kraftigt minskas eller stoppas.\"><strong>hj\u00e4rtinfarkt <\/strong><\/a>eller h\u00f6gt blodtryck, som har skadat eller utsatt hj\u00e4rtat f\u00f6r extra belastning.\u00a0Detta \u00e4r de vanligaste orsakerna till varf\u00f6r du kan ha utvecklat hj\u00e4rtsvikt. Men det finns m\u00e5nga andra anledningar till varf\u00f6r du kan ha hj\u00e4rtsvikt, ut\u00f6ver h\u00f6gt blodtryck och kransk\u00e4rlssjukdom, till exempel hj\u00e4rtklaffssjukdom, hj\u00e4rtmuskelsjukdom och hj\u00e4rtrytmrubbningar (arytmier).<\/p>\n<p>Hj\u00e4rtsvikt kan utvecklas i alla \u00e5ldrar, men blir p\u00e5tagligt vanligare med stigande \u00e5lder. Omkring 1 % av befolkningen under 65 \u00e5r har hj\u00e4rtsvikt, men bland personer mellan 75 till 84 \u00e5r \u00e4r siffran 7 % och siffran \u00f6kar till 15 % hos personer \u00e4ldre \u00e4n 85. Det \u00e4r den vanligaste orsaken till sjukhusv\u00e5rd hos patienter \u00f6ver 65 \u00e5r.<\/p>\n<p>\u00c4ven om det kallas &#8221;svikt&#8221;, betyder det inte att ditt hj\u00e4rta \u00e4r p\u00e5 v\u00e4g att svikta och helt sluta fungera. Det betyder att ditt hj\u00e4rta har sv\u00e5rt att arbeta f\u00f6r att uppfylla kroppens behov (s\u00e4rskilt under aktivitet).<\/p>\n","protected":false},"excerpt":{"rendered":"<p>Hj\u00e4rtsvikt \u00e4r ett allvarligt medicinskt tillst\u00e5nd d\u00e4r hj\u00e4rtat inte pumpar runt blodet i kroppen s\u00e5 bra som det borde. Det inneb\u00e4r att blodet inte kan leverera tillr\u00e4ckligt med syre och n\u00e4ring till kroppen f\u00f6r att den ska kunna fungera normalt. Det kan exempelvis leda till att du k\u00e4nner dig tr\u00f6tt eller utmattad. Det inneb\u00e4r ocks\u00e5 [&hellip;]<\/p>\n","protected":false},"author":1,"featured_media":10553,"parent":2421,"menu_order":2,"comment_status":"open","ping_status":"closed","template":"","meta":{"_acf_changed":false,"footnotes":""},"categories":[124],"tags":[],"class_list":["post-2602","page","type-page","status-publish","has-post-thumbnail","hentry","category-understanding-heart-failure-sv"],"acf":[],"yoast_head":"<!-- This site is optimized with the Yoast SEO plugin v24.8.1 - https:\/\/yoast.com\/wordpress\/plugins\/seo\/ -->\n<title>Vad \u00e4r hj\u00e4rtsvikt?<\/title>\n<meta name=\"description\" content=\"Hj\u00e4rtsvikt \u00e4r ett allvarligt medicinskt tillst\u00e5nd d\u00e4r hj\u00e4rtat inte pumpar runt blodet i kroppen s\u00e5 bra som det borde. Ta reda p\u00e5 vad det inneb\u00e4r f\u00f6r din kropp\" \/>\n<meta name=\"robots\" content=\"index, follow, max-snippet:-1, max-image-preview:large, max-video-preview:-1\" \/>\n<link rel=\"canonical\" href=\"https:\/\/www.heartfailurematters.org\/sv\/att-forsta-hjartsvikt\/vad-ar-hjartsvikt\/\" \/>\n<meta property=\"og:locale\" content=\"sv_SE\" \/>\n<meta property=\"og:type\" content=\"article\" \/>\n<meta property=\"og:title\" content=\"Vad \u00e4r hj\u00e4rtsvikt?\" \/>\n<meta property=\"og:description\" content=\"Hj\u00e4rtsvikt \u00e4r ett allvarligt medicinskt tillst\u00e5nd d\u00e4r hj\u00e4rtat inte pumpar runt blodet i kroppen s\u00e5 bra som det borde. Ta reda p\u00e5 vad det inneb\u00e4r f\u00f6r din kropp\" \/>\n<meta property=\"og:url\" content=\"https:\/\/www.heartfailurematters.org\/sv\/att-forsta-hjartsvikt\/vad-ar-hjartsvikt\/\" \/>\n<meta property=\"og:site_name\" content=\"Heart Failure Matters\" \/>\n<meta property=\"article:publisher\" content=\"https:\/\/www.facebook.com\/heartfailurematters\" \/>\n<meta property=\"article:modified_time\" content=\"2022-02-24T16:04:42+00:00\" \/>\n<meta property=\"og:image\" content=\"https:\/\/www.heartfailurematters.org\/wp-content\/uploads\/2022\/02\/shutterstock_1024028398-1-min.jpg?_t=1773222478\" \/>\n\t<meta property=\"og:image:width\" content=\"900\" \/>\n\t<meta property=\"og:image:height\" content=\"600\" \/>\n\t<meta property=\"og:image:type\" content=\"image\/jpeg\" \/>\n<meta name=\"twitter:card\" content=\"summary_large_image\" \/>\n<meta name=\"twitter:label1\" content=\"Ber\u00e4knad l\u00e4stid\" \/>\n\t<meta name=\"twitter:data1\" content=\"1 minut\" \/>\n<script type=\"application\/ld+json\" class=\"yoast-schema-graph\">{\"@context\":\"https:\/\/schema.org\",\"@graph\":[{\"@type\":\"WebPage\",\"@id\":\"https:\/\/www.heartfailurematters.org\/sv\/att-forsta-hjartsvikt\/vad-ar-hjartsvikt\/\",\"url\":\"https:\/\/www.heartfailurematters.org\/sv\/att-forsta-hjartsvikt\/vad-ar-hjartsvikt\/\",\"name\":\"Vad \u00e4r hj\u00e4rtsvikt?\",\"isPartOf\":{\"@id\":\"https:\/\/www.heartfailurematters.org\/sv\/#website\"},\"primaryImageOfPage\":{\"@id\":\"https:\/\/www.heartfailurematters.org\/sv\/att-forsta-hjartsvikt\/vad-ar-hjartsvikt\/#primaryimage\"},\"image\":{\"@id\":\"https:\/\/www.heartfailurematters.org\/sv\/att-forsta-hjartsvikt\/vad-ar-hjartsvikt\/#primaryimage\"},\"thumbnailUrl\":\"https:\/\/www.heartfailurematters.org\/wp-content\/uploads\/2022\/02\/shutterstock_1024028398-1-min.jpg\",\"datePublished\":\"2021-01-27T22:12:47+00:00\",\"dateModified\":\"2022-02-24T16:04:42+00:00\",\"description\":\"Hj\u00e4rtsvikt \u00e4r ett allvarligt medicinskt tillst\u00e5nd d\u00e4r hj\u00e4rtat inte pumpar runt blodet i kroppen s\u00e5 bra som det borde. Ta reda p\u00e5 vad det inneb\u00e4r f\u00f6r din kropp\",\"breadcrumb\":{\"@id\":\"https:\/\/www.heartfailurematters.org\/sv\/att-forsta-hjartsvikt\/vad-ar-hjartsvikt\/#breadcrumb\"},\"inLanguage\":\"sv-SE\",\"potentialAction\":[{\"@type\":\"ReadAction\",\"target\":[\"https:\/\/www.heartfailurematters.org\/sv\/att-forsta-hjartsvikt\/vad-ar-hjartsvikt\/\"]}]},{\"@type\":\"ImageObject\",\"inLanguage\":\"sv-SE\",\"@id\":\"https:\/\/www.heartfailurematters.org\/sv\/att-forsta-hjartsvikt\/vad-ar-hjartsvikt\/#primaryimage\",\"url\":\"https:\/\/www.heartfailurematters.org\/wp-content\/uploads\/2022\/02\/shutterstock_1024028398-1-min.jpg\",\"contentUrl\":\"https:\/\/www.heartfailurematters.org\/wp-content\/uploads\/2022\/02\/shutterstock_1024028398-1-min.jpg\",\"width\":900,\"height\":600},{\"@type\":\"BreadcrumbList\",\"@id\":\"https:\/\/www.heartfailurematters.org\/sv\/att-forsta-hjartsvikt\/vad-ar-hjartsvikt\/#breadcrumb\",\"itemListElement\":[{\"@type\":\"ListItem\",\"position\":1,\"name\":\"Hem\",\"item\":\"https:\/\/www.heartfailurematters.org\/sv\/\"},{\"@type\":\"ListItem\",\"position\":2,\"name\":\"Att f\u00f6rst\u00e5 hj\u00e4rtsvikt\",\"item\":\"https:\/\/www.heartfailurematters.org\/sv\/att-forsta-hjartsvikt\/\"},{\"@type\":\"ListItem\",\"position\":3,\"name\":\"Vad \u00e4r hj\u00e4rtsvikt?\"}]},{\"@type\":\"WebSite\",\"@id\":\"https:\/\/www.heartfailurematters.org\/sv\/#website\",\"url\":\"https:\/\/www.heartfailurematters.org\/sv\/\",\"name\":\"Heart Failure Matters\",\"description\":\"Practical information for patients, families and caregivers.\",\"publisher\":{\"@id\":\"https:\/\/www.heartfailurematters.org\/sv\/#organization\"},\"potentialAction\":[{\"@type\":\"SearchAction\",\"target\":{\"@type\":\"EntryPoint\",\"urlTemplate\":\"https:\/\/www.heartfailurematters.org\/sv\/?s={search_term_string}\"},\"query-input\":{\"@type\":\"PropertyValueSpecification\",\"valueRequired\":true,\"valueName\":\"search_term_string\"}}],\"inLanguage\":\"sv-SE\"},{\"@type\":\"Organization\",\"@id\":\"https:\/\/www.heartfailurematters.org\/sv\/#organization\",\"name\":\"Heart Failure Matters\",\"url\":\"https:\/\/www.heartfailurematters.org\/sv\/\",\"logo\":{\"@type\":\"ImageObject\",\"inLanguage\":\"sv-SE\",\"@id\":\"https:\/\/www.heartfailurematters.org\/sv\/#\/schema\/logo\/image\/\",\"url\":\"https:\/\/cdn-endpoint-hfm.azureedge.net\/heartfailurematters\/2024\/07\/hfm-logo1.jpg\",\"contentUrl\":\"https:\/\/cdn-endpoint-hfm.azureedge.net\/heartfailurematters\/2024\/07\/hfm-logo1.jpg\",\"width\":1280,\"height\":720,\"caption\":\"Heart Failure Matters\"},\"image\":{\"@id\":\"https:\/\/www.heartfailurematters.org\/sv\/#\/schema\/logo\/image\/\"},\"sameAs\":[\"https:\/\/www.facebook.com\/heartfailurematters\"]}]}<\/script>\n<!-- \/ Yoast SEO plugin. -->","yoast_head_json":{"title":"Vad \u00e4r hj\u00e4rtsvikt?","description":"Hj\u00e4rtsvikt \u00e4r ett allvarligt medicinskt tillst\u00e5nd d\u00e4r hj\u00e4rtat inte pumpar runt blodet i kroppen s\u00e5 bra som det borde. Ta reda p\u00e5 vad det inneb\u00e4r f\u00f6r din kropp","robots":{"index":"index","follow":"follow","max-snippet":"max-snippet:-1","max-image-preview":"max-image-preview:large","max-video-preview":"max-video-preview:-1"},"canonical":"https:\/\/www.heartfailurematters.org\/sv\/att-forsta-hjartsvikt\/vad-ar-hjartsvikt\/","og_locale":"sv_SE","og_type":"article","og_title":"Vad \u00e4r hj\u00e4rtsvikt?","og_description":"Hj\u00e4rtsvikt \u00e4r ett allvarligt medicinskt tillst\u00e5nd d\u00e4r hj\u00e4rtat inte pumpar runt blodet i kroppen s\u00e5 bra som det borde. Ta reda p\u00e5 vad det inneb\u00e4r f\u00f6r din kropp","og_url":"https:\/\/www.heartfailurematters.org\/sv\/att-forsta-hjartsvikt\/vad-ar-hjartsvikt\/","og_site_name":"Heart Failure Matters","article_publisher":"https:\/\/www.facebook.com\/heartfailurematters","article_modified_time":"2022-02-24T16:04:42+00:00","og_image":[{"width":900,"height":600,"url":"https:\/\/www.heartfailurematters.org\/wp-content\/uploads\/2022\/02\/shutterstock_1024028398-1-min.jpg?_t=1773222478","type":"image\/jpeg"}],"twitter_card":"summary_large_image","twitter_misc":{"Ber\u00e4knad l\u00e4stid":"1 minut"},"schema":{"@context":"https:\/\/schema.org","@graph":[{"@type":"WebPage","@id":"https:\/\/www.heartfailurematters.org\/sv\/att-forsta-hjartsvikt\/vad-ar-hjartsvikt\/","url":"https:\/\/www.heartfailurematters.org\/sv\/att-forsta-hjartsvikt\/vad-ar-hjartsvikt\/","name":"Vad \u00e4r hj\u00e4rtsvikt?","isPartOf":{"@id":"https:\/\/www.heartfailurematters.org\/sv\/#website"},"primaryImageOfPage":{"@id":"https:\/\/www.heartfailurematters.org\/sv\/att-forsta-hjartsvikt\/vad-ar-hjartsvikt\/#primaryimage"},"image":{"@id":"https:\/\/www.heartfailurematters.org\/sv\/att-forsta-hjartsvikt\/vad-ar-hjartsvikt\/#primaryimage"},"thumbnailUrl":"https:\/\/www.heartfailurematters.org\/wp-content\/uploads\/2022\/02\/shutterstock_1024028398-1-min.jpg","datePublished":"2021-01-27T22:12:47+00:00","dateModified":"2022-02-24T16:04:42+00:00","description":"Hj\u00e4rtsvikt \u00e4r ett allvarligt medicinskt tillst\u00e5nd d\u00e4r hj\u00e4rtat inte pumpar runt blodet i kroppen s\u00e5 bra som det borde. Ta reda p\u00e5 vad det inneb\u00e4r f\u00f6r din kropp","breadcrumb":{"@id":"https:\/\/www.heartfailurematters.org\/sv\/att-forsta-hjartsvikt\/vad-ar-hjartsvikt\/#breadcrumb"},"inLanguage":"sv-SE","potentialAction":[{"@type":"ReadAction","target":["https:\/\/www.heartfailurematters.org\/sv\/att-forsta-hjartsvikt\/vad-ar-hjartsvikt\/"]}]},{"@type":"ImageObject","inLanguage":"sv-SE","@id":"https:\/\/www.heartfailurematters.org\/sv\/att-forsta-hjartsvikt\/vad-ar-hjartsvikt\/#primaryimage","url":"https:\/\/www.heartfailurematters.org\/wp-content\/uploads\/2022\/02\/shutterstock_1024028398-1-min.jpg","contentUrl":"https:\/\/www.heartfailurematters.org\/wp-content\/uploads\/2022\/02\/shutterstock_1024028398-1-min.jpg","width":900,"height":600},{"@type":"BreadcrumbList","@id":"https:\/\/www.heartfailurematters.org\/sv\/att-forsta-hjartsvikt\/vad-ar-hjartsvikt\/#breadcrumb","itemListElement":[{"@type":"ListItem","position":1,"name":"Hem","item":"https:\/\/www.heartfailurematters.org\/sv\/"},{"@type":"ListItem","position":2,"name":"Att f\u00f6rst\u00e5 hj\u00e4rtsvikt","item":"https:\/\/www.heartfailurematters.org\/sv\/att-forsta-hjartsvikt\/"},{"@type":"ListItem","position":3,"name":"Vad \u00e4r hj\u00e4rtsvikt?"}]},{"@type":"WebSite","@id":"https:\/\/www.heartfailurematters.org\/sv\/#website","url":"https:\/\/www.heartfailurematters.org\/sv\/","name":"Heart Failure Matters","description":"Practical information for patients, families and caregivers.","publisher":{"@id":"https:\/\/www.heartfailurematters.org\/sv\/#organization"},"potentialAction":[{"@type":"SearchAction","target":{"@type":"EntryPoint","urlTemplate":"https:\/\/www.heartfailurematters.org\/sv\/?s={search_term_string}"},"query-input":{"@type":"PropertyValueSpecification","valueRequired":true,"valueName":"search_term_string"}}],"inLanguage":"sv-SE"},{"@type":"Organization","@id":"https:\/\/www.heartfailurematters.org\/sv\/#organization","name":"Heart Failure Matters","url":"https:\/\/www.heartfailurematters.org\/sv\/","logo":{"@type":"ImageObject","inLanguage":"sv-SE","@id":"https:\/\/www.heartfailurematters.org\/sv\/#\/schema\/logo\/image\/","url":"https:\/\/cdn-endpoint-hfm.azureedge.net\/heartfailurematters\/2024\/07\/hfm-logo1.jpg","contentUrl":"https:\/\/cdn-endpoint-hfm.azureedge.net\/heartfailurematters\/2024\/07\/hfm-logo1.jpg","width":1280,"height":720,"caption":"Heart Failure Matters"},"image":{"@id":"https:\/\/www.heartfailurematters.org\/sv\/#\/schema\/logo\/image\/"},"sameAs":["https:\/\/www.facebook.com\/heartfailurematters"]}]}},"_links":{"self":[{"href":"https:\/\/www.heartfailurematters.org\/sv\/wp-json\/wp\/v2\/pages\/2602","targetHints":{"allow":["GET"]}}],"collection":[{"href":"https:\/\/www.heartfailurematters.org\/sv\/wp-json\/wp\/v2\/pages"}],"about":[{"href":"https:\/\/www.heartfailurematters.org\/sv\/wp-json\/wp\/v2\/types\/page"}],"author":[{"embeddable":true,"href":"https:\/\/www.heartfailurematters.org\/sv\/wp-json\/wp\/v2\/users\/1"}],"replies":[{"embeddable":true,"href":"https:\/\/www.heartfailurematters.org\/sv\/wp-json\/wp\/v2\/comments?post=2602"}],"version-history":[{"count":2,"href":"https:\/\/www.heartfailurematters.org\/sv\/wp-json\/wp\/v2\/pages\/2602\/revisions"}],"predecessor-version":[{"id":10559,"href":"https:\/\/www.heartfailurematters.org\/sv\/wp-json\/wp\/v2\/pages\/2602\/revisions\/10559"}],"up":[{"embeddable":true,"href":"https:\/\/www.heartfailurematters.org\/sv\/wp-json\/wp\/v2\/pages\/2421"}],"wp:featuredmedia":[{"embeddable":true,"href":"https:\/\/www.heartfailurematters.org\/sv\/wp-json\/wp\/v2\/media\/10553"}],"wp:attachment":[{"href":"https:\/\/www.heartfailurematters.org\/sv\/wp-json\/wp\/v2\/media?parent=2602"}],"wp:term":[{"taxonomy":"category","embeddable":true,"href":"https:\/\/www.heartfailurematters.org\/sv\/wp-json\/wp\/v2\/categories?post=2602"},{"taxonomy":"post_tag","embeddable":true,"href":"https:\/\/www.heartfailurematters.org\/sv\/wp-json\/wp\/v2\/tags?post=2602"}],"curies":[{"name":"wp","href":"https:\/\/api.w.org\/{rel}","templated":true}]}}