{"id":2601,"date":"2021-01-27T22:12:30","date_gmt":"2021-01-27T22:12:30","guid":{"rendered":"http:\/\/heartfailurematters.local:8888\/snabb-hjartfrekvens\/"},"modified":"2021-02-16T15:13:39","modified_gmt":"2021-02-16T15:13:39","slug":"snabb-hjartfrekvens","status":"publish","type":"page","link":"https:\/\/www.heartfailurematters.org\/sv\/att-forsta-hjartsvikt\/snabb-hjartfrekvens\/","title":{"rendered":"Snabb hj\u00e4rtfrekvens"},"content":{"rendered":"<p><img decoding=\"async\" class=\"alignleft size-full wp-image-6782\" src=\"https:\/\/www.heartfailurematters.org\/wp-content\/uploads\/2021\/02\/rapid-heart-rate.jpg\" alt=\"\" width=\"211\" height=\"206\" \/><\/p>\n<p>Vid hj\u00e4rtsvikt f\u00f6rs\u00f6ker hj\u00e4rtat kompensera sin bristande pumpf\u00f6rm\u00e5ga genom att sl\u00e5 snabbare (takykardi) f\u00f6r att h\u00e5lla ig\u00e5ng samma blodfl\u00f6de genom hela kroppen. Denna \u00f6kade hj\u00e4rtfrekvens kan ibland vara oj\u00e4mn och orsaka hj\u00e4rtklappning, som k\u00e4nns som att ditt hj\u00e4rta rusar eller bultar. Du b\u00f6r diskutera <a class=\"addtooltip\" title=\"&lt;div id='ToolTipTextWrap'&gt;Hj\u00e4rtklappning&lt;\/div&gt;&lt;p&gt; F\u00f6rnimmelser av \u00f6verhoppade, extra eller oregelbundna hj\u00e4rtslag.&lt;\/p&gt;\"><strong>hj\u00e4rtklappning<\/strong><\/a> med din l\u00e4kare eller sjuksk\u00f6terska.<\/p>\n<table border=\"1\" width=\"100%\" cellspacing=\"0\" cellpadding=\"0\">\n<tbody>\n<tr>\n<td style=\"width: 25%;\">\n<h2>Animation<\/h2>\n<\/td>\n<td style=\"text-align: left; vertical-align: middle; width: 75%;\"><\/td>\n<\/tr>\n<tr>\n<td style=\"width: 25%;\"><a class=\"lightview\" title=\"Animation \u2013 Hur hj\u00e4rtat och kroppen anpassar sig vid hj\u00e4rtsvikt\" href=\"https:\/\/www.youtube.com\/embed\/jl0u9qhCeqg?hl=en_UK&amp;autoplay=1;&amp;version=3&amp;rel=0&amp;showinfo=0\" data-lightview-options=\"width: 620, height: 450\" data-lightview-title=\"How the heart and body adapt in heart failure\"><img decoding=\"async\" src=\"https:\/\/www.heartfailurematters.org\/wp-content\/uploads\/2021\/02\/03-animation.jpg\" alt=\"\" width=\"180\" height=\"130\" class=\"alignleft size-full wp-image-5036\" \/><\/a><\/td>\n<td style=\"text-align: left; vertical-align: middle; width: 75%;\">Animation som f\u00f6rklarar hur hj\u00e4rtat och kroppen anpassar sig vid hj\u00e4rtsvikt<\/td>\n<\/tr>\n<\/tbody>\n<\/table>\n<p>&nbsp;<\/p>\n<p><a title=\"\u00c5terg\u00e5 till &quot;Symtom&quot;\" href=\"https:\/\/www.heartfailurematters.org\/sv\/att-forsta-hjartsvikt\/symtom-pa-hjartsvikt\/\">\u00c5terg\u00e5 till &#8221;Symtom&#8221;<\/a><\/p>\n","protected":false},"excerpt":{"rendered":"<p>Vid hj\u00e4rtsvikt f\u00f6rs\u00f6ker hj\u00e4rtat kompensera sin bristande pumpf\u00f6rm\u00e5ga genom att sl\u00e5 snabbare (takykardi) f\u00f6r att h\u00e5lla ig\u00e5ng samma blodfl\u00f6de genom hela kroppen. Denna \u00f6kade hj\u00e4rtfrekvens kan ibland vara oj\u00e4mn och orsaka hj\u00e4rtklappning, som k\u00e4nns som att ditt hj\u00e4rta rusar eller bultar. Du b\u00f6r diskutera hj\u00e4rtklappning med din l\u00e4kare eller sjuksk\u00f6terska. Animation Animation som f\u00f6rklarar hur [&hellip;]<\/p>\n","protected":false},"author":1,"featured_media":0,"parent":2421,"menu_order":0,"comment_status":"open","ping_status":"open","template":"","meta":{"_acf_changed":false,"footnotes":""},"categories":[],"tags":[],"class_list":["post-2601","page","type-page","status-publish","hentry"],"acf":[],"yoast_head":"<!-- This site is optimized with the Yoast SEO plugin v24.8.1 - https:\/\/yoast.com\/wordpress\/plugins\/seo\/ -->\n<title>Snabb hj\u00e4rtfrekvens<\/title>\n<meta name=\"description\" content=\"Vid hj\u00e4rtsvikt f\u00f6rs\u00f6ker ditt hj\u00e4rta att kompensera detta genom att sl\u00e5 snabbare. Den h\u00e4r animerade filmen f\u00f6rklarar processen p\u00e5 ett enkelt s\u00e4tt\" \/>\n<meta name=\"robots\" content=\"index, follow, max-snippet:-1, max-image-preview:large, max-video-preview:-1\" \/>\n<link rel=\"canonical\" href=\"https:\/\/www.heartfailurematters.org\/sv\/att-forsta-hjartsvikt\/snabb-hjartfrekvens\/\" \/>\n<meta property=\"og:locale\" content=\"sv_SE\" \/>\n<meta property=\"og:type\" content=\"article\" \/>\n<meta property=\"og:title\" content=\"Snabb hj\u00e4rtfrekvens\" \/>\n<meta property=\"og:description\" content=\"Vid hj\u00e4rtsvikt f\u00f6rs\u00f6ker ditt hj\u00e4rta att kompensera detta genom att sl\u00e5 snabbare. Den h\u00e4r animerade filmen f\u00f6rklarar processen p\u00e5 ett enkelt s\u00e4tt\" \/>\n<meta property=\"og:url\" content=\"https:\/\/www.heartfailurematters.org\/sv\/att-forsta-hjartsvikt\/snabb-hjartfrekvens\/\" \/>\n<meta property=\"og:site_name\" content=\"Heart Failure Matters\" \/>\n<meta property=\"article:publisher\" content=\"https:\/\/www.facebook.com\/heartfailurematters\" \/>\n<meta property=\"article:modified_time\" content=\"2021-02-16T15:13:39+00:00\" \/>\n<meta property=\"og:image\" content=\"https:\/\/www.heartfailurematters.org\/wp-content\/uploads\/2021\/02\/rapid-heart-rate.jpg\" \/>\n<meta name=\"twitter:card\" content=\"summary_large_image\" \/>\n<meta name=\"twitter:label1\" content=\"Ber\u00e4knad l\u00e4stid\" \/>\n\t<meta name=\"twitter:data1\" content=\"1 minut\" \/>\n<script type=\"application\/ld+json\" class=\"yoast-schema-graph\">{\"@context\":\"https:\/\/schema.org\",\"@graph\":[{\"@type\":\"WebPage\",\"@id\":\"https:\/\/www.heartfailurematters.org\/sv\/att-forsta-hjartsvikt\/snabb-hjartfrekvens\/\",\"url\":\"https:\/\/www.heartfailurematters.org\/sv\/att-forsta-hjartsvikt\/snabb-hjartfrekvens\/\",\"name\":\"Snabb hj\u00e4rtfrekvens\",\"isPartOf\":{\"@id\":\"https:\/\/www.heartfailurematters.org\/sv\/#website\"},\"primaryImageOfPage\":{\"@id\":\"https:\/\/www.heartfailurematters.org\/sv\/att-forsta-hjartsvikt\/snabb-hjartfrekvens\/#primaryimage\"},\"image\":{\"@id\":\"https:\/\/www.heartfailurematters.org\/sv\/att-forsta-hjartsvikt\/snabb-hjartfrekvens\/#primaryimage\"},\"thumbnailUrl\":\"https:\/\/www.heartfailurematters.org\/wp-content\/uploads\/2021\/02\/rapid-heart-rate.jpg\",\"datePublished\":\"2021-01-27T22:12:30+00:00\",\"dateModified\":\"2021-02-16T15:13:39+00:00\",\"description\":\"Vid hj\u00e4rtsvikt f\u00f6rs\u00f6ker ditt hj\u00e4rta att kompensera detta genom att sl\u00e5 snabbare. Den h\u00e4r animerade filmen f\u00f6rklarar processen p\u00e5 ett enkelt s\u00e4tt\",\"breadcrumb\":{\"@id\":\"https:\/\/www.heartfailurematters.org\/sv\/att-forsta-hjartsvikt\/snabb-hjartfrekvens\/#breadcrumb\"},\"inLanguage\":\"sv-SE\",\"potentialAction\":[{\"@type\":\"ReadAction\",\"target\":[\"https:\/\/www.heartfailurematters.org\/sv\/att-forsta-hjartsvikt\/snabb-hjartfrekvens\/\"]}]},{\"@type\":\"ImageObject\",\"inLanguage\":\"sv-SE\",\"@id\":\"https:\/\/www.heartfailurematters.org\/sv\/att-forsta-hjartsvikt\/snabb-hjartfrekvens\/#primaryimage\",\"url\":\"https:\/\/www.heartfailurematters.org\/wp-content\/uploads\/2021\/02\/rapid-heart-rate.jpg\",\"contentUrl\":\"https:\/\/www.heartfailurematters.org\/wp-content\/uploads\/2021\/02\/rapid-heart-rate.jpg\"},{\"@type\":\"BreadcrumbList\",\"@id\":\"https:\/\/www.heartfailurematters.org\/sv\/att-forsta-hjartsvikt\/snabb-hjartfrekvens\/#breadcrumb\",\"itemListElement\":[{\"@type\":\"ListItem\",\"position\":1,\"name\":\"Hem\",\"item\":\"https:\/\/www.heartfailurematters.org\/sv\/\"},{\"@type\":\"ListItem\",\"position\":2,\"name\":\"Att f\u00f6rst\u00e5 hj\u00e4rtsvikt\",\"item\":\"https:\/\/www.heartfailurematters.org\/sv\/att-forsta-hjartsvikt\/\"},{\"@type\":\"ListItem\",\"position\":3,\"name\":\"Snabb hj\u00e4rtfrekvens\"}]},{\"@type\":\"WebSite\",\"@id\":\"https:\/\/www.heartfailurematters.org\/sv\/#website\",\"url\":\"https:\/\/www.heartfailurematters.org\/sv\/\",\"name\":\"Heart Failure Matters\",\"description\":\"Practical information for patients, families and caregivers.\",\"publisher\":{\"@id\":\"https:\/\/www.heartfailurematters.org\/sv\/#organization\"},\"potentialAction\":[{\"@type\":\"SearchAction\",\"target\":{\"@type\":\"EntryPoint\",\"urlTemplate\":\"https:\/\/www.heartfailurematters.org\/sv\/?s={search_term_string}\"},\"query-input\":{\"@type\":\"PropertyValueSpecification\",\"valueRequired\":true,\"valueName\":\"search_term_string\"}}],\"inLanguage\":\"sv-SE\"},{\"@type\":\"Organization\",\"@id\":\"https:\/\/www.heartfailurematters.org\/sv\/#organization\",\"name\":\"Heart Failure Matters\",\"url\":\"https:\/\/www.heartfailurematters.org\/sv\/\",\"logo\":{\"@type\":\"ImageObject\",\"inLanguage\":\"sv-SE\",\"@id\":\"https:\/\/www.heartfailurematters.org\/sv\/#\/schema\/logo\/image\/\",\"url\":\"https:\/\/cdn-endpoint-hfm.azureedge.net\/heartfailurematters\/2024\/07\/hfm-logo1.jpg\",\"contentUrl\":\"https:\/\/cdn-endpoint-hfm.azureedge.net\/heartfailurematters\/2024\/07\/hfm-logo1.jpg\",\"width\":1280,\"height\":720,\"caption\":\"Heart Failure Matters\"},\"image\":{\"@id\":\"https:\/\/www.heartfailurematters.org\/sv\/#\/schema\/logo\/image\/\"},\"sameAs\":[\"https:\/\/www.facebook.com\/heartfailurematters\"]}]}<\/script>\n<!-- \/ Yoast SEO plugin. -->","yoast_head_json":{"title":"Snabb hj\u00e4rtfrekvens","description":"Vid hj\u00e4rtsvikt f\u00f6rs\u00f6ker ditt hj\u00e4rta att kompensera detta genom att sl\u00e5 snabbare. Den h\u00e4r animerade filmen f\u00f6rklarar processen p\u00e5 ett enkelt s\u00e4tt","robots":{"index":"index","follow":"follow","max-snippet":"max-snippet:-1","max-image-preview":"max-image-preview:large","max-video-preview":"max-video-preview:-1"},"canonical":"https:\/\/www.heartfailurematters.org\/sv\/att-forsta-hjartsvikt\/snabb-hjartfrekvens\/","og_locale":"sv_SE","og_type":"article","og_title":"Snabb hj\u00e4rtfrekvens","og_description":"Vid hj\u00e4rtsvikt f\u00f6rs\u00f6ker ditt hj\u00e4rta att kompensera detta genom att sl\u00e5 snabbare. Den h\u00e4r animerade filmen f\u00f6rklarar processen p\u00e5 ett enkelt s\u00e4tt","og_url":"https:\/\/www.heartfailurematters.org\/sv\/att-forsta-hjartsvikt\/snabb-hjartfrekvens\/","og_site_name":"Heart Failure Matters","article_publisher":"https:\/\/www.facebook.com\/heartfailurematters","article_modified_time":"2021-02-16T15:13:39+00:00","og_image":[{"url":"https:\/\/www.heartfailurematters.org\/wp-content\/uploads\/2021\/02\/rapid-heart-rate.jpg","type":"","width":"","height":""}],"twitter_card":"summary_large_image","twitter_misc":{"Ber\u00e4knad l\u00e4stid":"1 minut"},"schema":{"@context":"https:\/\/schema.org","@graph":[{"@type":"WebPage","@id":"https:\/\/www.heartfailurematters.org\/sv\/att-forsta-hjartsvikt\/snabb-hjartfrekvens\/","url":"https:\/\/www.heartfailurematters.org\/sv\/att-forsta-hjartsvikt\/snabb-hjartfrekvens\/","name":"Snabb hj\u00e4rtfrekvens","isPartOf":{"@id":"https:\/\/www.heartfailurematters.org\/sv\/#website"},"primaryImageOfPage":{"@id":"https:\/\/www.heartfailurematters.org\/sv\/att-forsta-hjartsvikt\/snabb-hjartfrekvens\/#primaryimage"},"image":{"@id":"https:\/\/www.heartfailurematters.org\/sv\/att-forsta-hjartsvikt\/snabb-hjartfrekvens\/#primaryimage"},"thumbnailUrl":"https:\/\/www.heartfailurematters.org\/wp-content\/uploads\/2021\/02\/rapid-heart-rate.jpg","datePublished":"2021-01-27T22:12:30+00:00","dateModified":"2021-02-16T15:13:39+00:00","description":"Vid hj\u00e4rtsvikt f\u00f6rs\u00f6ker ditt hj\u00e4rta att kompensera detta genom att sl\u00e5 snabbare. Den h\u00e4r animerade filmen f\u00f6rklarar processen p\u00e5 ett enkelt s\u00e4tt","breadcrumb":{"@id":"https:\/\/www.heartfailurematters.org\/sv\/att-forsta-hjartsvikt\/snabb-hjartfrekvens\/#breadcrumb"},"inLanguage":"sv-SE","potentialAction":[{"@type":"ReadAction","target":["https:\/\/www.heartfailurematters.org\/sv\/att-forsta-hjartsvikt\/snabb-hjartfrekvens\/"]}]},{"@type":"ImageObject","inLanguage":"sv-SE","@id":"https:\/\/www.heartfailurematters.org\/sv\/att-forsta-hjartsvikt\/snabb-hjartfrekvens\/#primaryimage","url":"https:\/\/www.heartfailurematters.org\/wp-content\/uploads\/2021\/02\/rapid-heart-rate.jpg","contentUrl":"https:\/\/www.heartfailurematters.org\/wp-content\/uploads\/2021\/02\/rapid-heart-rate.jpg"},{"@type":"BreadcrumbList","@id":"https:\/\/www.heartfailurematters.org\/sv\/att-forsta-hjartsvikt\/snabb-hjartfrekvens\/#breadcrumb","itemListElement":[{"@type":"ListItem","position":1,"name":"Hem","item":"https:\/\/www.heartfailurematters.org\/sv\/"},{"@type":"ListItem","position":2,"name":"Att f\u00f6rst\u00e5 hj\u00e4rtsvikt","item":"https:\/\/www.heartfailurematters.org\/sv\/att-forsta-hjartsvikt\/"},{"@type":"ListItem","position":3,"name":"Snabb hj\u00e4rtfrekvens"}]},{"@type":"WebSite","@id":"https:\/\/www.heartfailurematters.org\/sv\/#website","url":"https:\/\/www.heartfailurematters.org\/sv\/","name":"Heart Failure Matters","description":"Practical information for patients, families and caregivers.","publisher":{"@id":"https:\/\/www.heartfailurematters.org\/sv\/#organization"},"potentialAction":[{"@type":"SearchAction","target":{"@type":"EntryPoint","urlTemplate":"https:\/\/www.heartfailurematters.org\/sv\/?s={search_term_string}"},"query-input":{"@type":"PropertyValueSpecification","valueRequired":true,"valueName":"search_term_string"}}],"inLanguage":"sv-SE"},{"@type":"Organization","@id":"https:\/\/www.heartfailurematters.org\/sv\/#organization","name":"Heart Failure Matters","url":"https:\/\/www.heartfailurematters.org\/sv\/","logo":{"@type":"ImageObject","inLanguage":"sv-SE","@id":"https:\/\/www.heartfailurematters.org\/sv\/#\/schema\/logo\/image\/","url":"https:\/\/cdn-endpoint-hfm.azureedge.net\/heartfailurematters\/2024\/07\/hfm-logo1.jpg","contentUrl":"https:\/\/cdn-endpoint-hfm.azureedge.net\/heartfailurematters\/2024\/07\/hfm-logo1.jpg","width":1280,"height":720,"caption":"Heart Failure Matters"},"image":{"@id":"https:\/\/www.heartfailurematters.org\/sv\/#\/schema\/logo\/image\/"},"sameAs":["https:\/\/www.facebook.com\/heartfailurematters"]}]}},"_links":{"self":[{"href":"https:\/\/www.heartfailurematters.org\/sv\/wp-json\/wp\/v2\/pages\/2601","targetHints":{"allow":["GET"]}}],"collection":[{"href":"https:\/\/www.heartfailurematters.org\/sv\/wp-json\/wp\/v2\/pages"}],"about":[{"href":"https:\/\/www.heartfailurematters.org\/sv\/wp-json\/wp\/v2\/types\/page"}],"author":[{"embeddable":true,"href":"https:\/\/www.heartfailurematters.org\/sv\/wp-json\/wp\/v2\/users\/1"}],"replies":[{"embeddable":true,"href":"https:\/\/www.heartfailurematters.org\/sv\/wp-json\/wp\/v2\/comments?post=2601"}],"version-history":[{"count":2,"href":"https:\/\/www.heartfailurematters.org\/sv\/wp-json\/wp\/v2\/pages\/2601\/revisions"}],"predecessor-version":[{"id":6801,"href":"https:\/\/www.heartfailurematters.org\/sv\/wp-json\/wp\/v2\/pages\/2601\/revisions\/6801"}],"up":[{"embeddable":true,"href":"https:\/\/www.heartfailurematters.org\/sv\/wp-json\/wp\/v2\/pages\/2421"}],"wp:attachment":[{"href":"https:\/\/www.heartfailurematters.org\/sv\/wp-json\/wp\/v2\/media?parent=2601"}],"wp:term":[{"taxonomy":"category","embeddable":true,"href":"https:\/\/www.heartfailurematters.org\/sv\/wp-json\/wp\/v2\/categories?post=2601"},{"taxonomy":"post_tag","embeddable":true,"href":"https:\/\/www.heartfailurematters.org\/sv\/wp-json\/wp\/v2\/tags?post=2601"}],"curies":[{"name":"wp","href":"https:\/\/api.w.org\/{rel}","templated":true}]}}