{"id":2596,"date":"2021-01-27T22:12:30","date_gmt":"2021-01-27T22:12:30","guid":{"rendered":"http:\/\/heartfailurematters.local:8888\/hjalpa-till-med-sjukvardsfragor\/"},"modified":"2026-02-10T13:20:11","modified_gmt":"2026-02-10T13:20:11","slug":"hjalpa-till-med-sjukvardsfragor","status":"publish","type":"page","link":"https:\/\/www.heartfailurematters.org\/sv\/for-anhorigvardare\/hjalpa-till-med-sjukvardsfragor\/","title":{"rendered":"Hj\u00e4lpa till med sjukv\u00e5rdsfr\u00e5gor"},"content":{"rendered":"<p>Att organisera din personliga v\u00e5rd och hantera de m\u00e5nga fr\u00e5gor som uppst\u00e5r kan till en b\u00f6rjan k\u00e4nnas f\u00f6rvirrande och \u00f6verv\u00e4ldigande, eftersom det finns mycket information att komma ih\u00e5g.<\/p>\n<p>H\u00e4r \u00e4r n\u00e5gra f\u00f6rslag p\u00e5 hur du kan hj\u00e4lpa till med din partners eller anh\u00f6rigas v\u00e5rdbehov:<\/p>\n<ul>\n<li>Ta en aktiv roll under l\u00e4karbes\u00f6k genom att st\u00e4lla fr\u00e5gor och anteckna, men utan att ta \u00f6ver samtalet. P\u00e5 s\u00e5 s\u00e4tt kan du hj\u00e4lpa din partner eller anh\u00f6riga att komma ih\u00e5g information om <a title=\"\" href=\"https:\/\/www.heartfailurematters.org\/what-your-doctor-can-do\/heart-failure-medicines\/\">hj\u00e4rtsviktsl\u00e4kemedel<\/a>, <a title=\"\" href=\"https:\/\/www.heartfailurematters.org\/what-you-can-do\/adjusting-your-diet\/\">kost<\/a> och <a title=\"\" href=\"https:\/\/www.heartfailurematters.org\/what-you-can-do\/activity-and-exercise\/\">motion<\/a>.<\/li>\n<li>Hj\u00e4lp din partner, anh\u00f6rig eller v\u00e5rdare att f\u00f6lja l\u00e4karens eller sjuksk\u00f6terskans r\u00e5d genom b\u00e5de praktiskt och moraliskt st\u00f6d. Till exempel:\n<ul>\n<li><a title=\"\" href=\"https:\/\/www.heartfailurematters.org\/what-your-doctor-can-do\/the-importance-of-taking-your-medicines\/\">hantera deras l\u00e4kemedel<\/a><\/li>\n<li>f\u00f6resl\u00e5 att ni <a title=\"\" href=\"https:\/\/www.heartfailurematters.org\/what-you-can-do\/activity-and-exercise\/\">motionerar<\/a> tillsammans regelbundet<\/li>\n<li>om du r\u00f6ker, sluta <a title=\"\" href=\"https:\/\/www.heartfailurematters.org\/what-you-can-do\/smoking-vaping\/\">r\u00f6ka<\/a> samtidigt<\/li>\n<li>k\u00f6p och laga nyttig mat med l\u00e5g salthalt som du och din partner eller n\u00e4rst\u00e5ende tycker om<\/li>\n<li>p\u00e5minn f\u00f6rsiktigt om varf\u00f6r det \u00e4r viktigt att de \u00e4ndrar sin <a title=\"\" href=\"https:\/\/www.heartfailurematters.org\/what-you-can-do\/adjusting-your-diet\/\">kost<\/a><\/li>\n<li>hj\u00e4lp till att \u00f6vervaka symtom genom att hj\u00e4lpa till med <a title=\"\" href=\"https:\/\/www.heartfailurematters.org\/what-you-can-do\/adjusting-your-diet-maintaining-a-healthy-weight\/\">daglig v\u00e4gning<\/a> och m\u00e4ta <a title=\"\" href=\"https:\/\/www.heartfailurematters.org\/what-you-can-do\/taking-your-own-blood-pressure-and-pulse\/\">hj\u00e4rtfrekvens och blodtryck<\/a><\/li>\n<\/ul>\n<\/li>\n<li>Uppmuntra din partner eller n\u00e4rst\u00e5ende att vaccinera sig mot <a title=\"\" href=\"https:\/\/www.heartfailurematters.org\/living-with-heart-failure\/immunisations\/\">influensa och lunginflammation<\/a>, om det rekommenderas av l\u00e4kare eller sjuksk\u00f6terska.<\/li>\n<li>\u00d6vervaka din partners eller n\u00e4rst\u00e5endes framsteg. H\u00e4lso- och sjukv\u00e5rdspersonal f\u00f6rlitar sig ofta p\u00e5 anh\u00f6rigv\u00e5rdare f\u00f6r information om patientens tillst\u00e5nd, f\u00f6r\u00e4ndringar i symtom och framsteg avseende kost och motion. Du kan l\u00e4sa mer om vad man b\u00f6r h\u00e5lla utkik efter i avsnittet <a href=\"https:\/\/www.heartfailurematters.org\/warning-signs\/chest-pain\/\">Varningstecken<\/a>.<\/li>\n<\/ul>\n<p><a title=\"\" href=\"https:\/\/www.heartfailurematters.org\/for-caregivers\/understanding-your-role\/\">\u00c5terg\u00e5 till &#8221;Att f\u00f6rst\u00e5 din roll&#8221;<\/a><\/p>\n","protected":false},"excerpt":{"rendered":"<p>Att organisera din personliga v\u00e5rd och hantera de m\u00e5nga fr\u00e5gor som uppst\u00e5r kan till en b\u00f6rjan k\u00e4nnas f\u00f6rvirrande och \u00f6verv\u00e4ldigande, eftersom det finns mycket information att komma ih\u00e5g. H\u00e4r \u00e4r n\u00e5gra f\u00f6rslag p\u00e5 hur du kan hj\u00e4lpa till med din partners eller anh\u00f6rigas v\u00e5rdbehov: Ta en aktiv roll under l\u00e4karbes\u00f6k genom att st\u00e4lla fr\u00e5gor och [&hellip;]<\/p>\n","protected":false},"author":1,"featured_media":11149,"parent":2847,"menu_order":0,"comment_status":"open","ping_status":"open","template":"","meta":{"_acf_changed":false,"footnotes":""},"categories":[],"tags":[],"class_list":["post-2596","page","type-page","status-publish","has-post-thumbnail","hentry"],"acf":[],"yoast_head":"<!-- This site is optimized with the Yoast SEO plugin v24.8.1 - https:\/\/yoast.com\/wordpress\/plugins\/seo\/ -->\n<title>Hj\u00e4lpa till med sjukv\u00e5rdsfr\u00e5gor<\/title>\n<meta name=\"description\" content=\"Fr\u00e5gor som r\u00f6r sjukv\u00e5rd kan vara s\u00e4rskilt f\u00f6rvirrande och \u00f6verv\u00e4ldigande till en b\u00f6rjan d\u00e5 det ofta verkar vara mycket information att komma ih\u00e5g. L\u00e4s mer h\u00e4r\" \/>\n<meta name=\"robots\" content=\"index, follow, max-snippet:-1, max-image-preview:large, max-video-preview:-1\" \/>\n<link rel=\"canonical\" href=\"https:\/\/www.heartfailurematters.org\/sv\/for-anhorigvardare\/hjalpa-till-med-sjukvardsfragor\/\" \/>\n<meta property=\"og:locale\" content=\"sv_SE\" \/>\n<meta property=\"og:type\" content=\"article\" \/>\n<meta property=\"og:title\" content=\"Hj\u00e4lpa till med sjukv\u00e5rdsfr\u00e5gor\" \/>\n<meta property=\"og:description\" content=\"Fr\u00e5gor som r\u00f6r sjukv\u00e5rd kan vara s\u00e4rskilt f\u00f6rvirrande och \u00f6verv\u00e4ldigande till en b\u00f6rjan d\u00e5 det ofta verkar vara mycket information att komma ih\u00e5g. L\u00e4s mer h\u00e4r\" \/>\n<meta property=\"og:url\" content=\"https:\/\/www.heartfailurematters.org\/sv\/for-anhorigvardare\/hjalpa-till-med-sjukvardsfragor\/\" \/>\n<meta property=\"og:site_name\" content=\"Heart Failure Matters\" \/>\n<meta property=\"article:publisher\" content=\"https:\/\/www.facebook.com\/heartfailurematters\" \/>\n<meta property=\"article:modified_time\" content=\"2026-02-10T13:20:11+00:00\" \/>\n<meta property=\"og:image\" content=\"https:\/\/www.heartfailurematters.org\/wp-content\/uploads\/2022\/03\/shutterstock_326634329-1-min.jpg\" \/>\n\t<meta property=\"og:image:width\" content=\"900\" \/>\n\t<meta property=\"og:image:height\" content=\"600\" \/>\n\t<meta property=\"og:image:type\" content=\"image\/jpeg\" \/>\n<meta name=\"twitter:card\" content=\"summary_large_image\" \/>\n<meta name=\"twitter:label1\" content=\"Ber\u00e4knad l\u00e4stid\" \/>\n\t<meta name=\"twitter:data1\" content=\"1 minut\" \/>\n<script type=\"application\/ld+json\" class=\"yoast-schema-graph\">{\"@context\":\"https:\/\/schema.org\",\"@graph\":[{\"@type\":\"WebPage\",\"@id\":\"https:\/\/www.heartfailurematters.org\/sv\/for-anhorigvardare\/hjalpa-till-med-sjukvardsfragor\/\",\"url\":\"https:\/\/www.heartfailurematters.org\/sv\/for-anhorigvardare\/hjalpa-till-med-sjukvardsfragor\/\",\"name\":\"Hj\u00e4lpa till med sjukv\u00e5rdsfr\u00e5gor\",\"isPartOf\":{\"@id\":\"https:\/\/www.heartfailurematters.org\/sv\/#website\"},\"primaryImageOfPage\":{\"@id\":\"https:\/\/www.heartfailurematters.org\/sv\/for-anhorigvardare\/hjalpa-till-med-sjukvardsfragor\/#primaryimage\"},\"image\":{\"@id\":\"https:\/\/www.heartfailurematters.org\/sv\/for-anhorigvardare\/hjalpa-till-med-sjukvardsfragor\/#primaryimage\"},\"thumbnailUrl\":\"https:\/\/www.heartfailurematters.org\/wp-content\/uploads\/2022\/03\/shutterstock_326634329-1-min.jpg\",\"datePublished\":\"2021-01-27T22:12:30+00:00\",\"dateModified\":\"2026-02-10T13:20:11+00:00\",\"description\":\"Fr\u00e5gor som r\u00f6r sjukv\u00e5rd kan vara s\u00e4rskilt f\u00f6rvirrande och \u00f6verv\u00e4ldigande till en b\u00f6rjan d\u00e5 det ofta verkar vara mycket information att komma ih\u00e5g. L\u00e4s mer h\u00e4r\",\"breadcrumb\":{\"@id\":\"https:\/\/www.heartfailurematters.org\/sv\/for-anhorigvardare\/hjalpa-till-med-sjukvardsfragor\/#breadcrumb\"},\"inLanguage\":\"sv-SE\",\"potentialAction\":[{\"@type\":\"ReadAction\",\"target\":[\"https:\/\/www.heartfailurematters.org\/sv\/for-anhorigvardare\/hjalpa-till-med-sjukvardsfragor\/\"]}]},{\"@type\":\"ImageObject\",\"inLanguage\":\"sv-SE\",\"@id\":\"https:\/\/www.heartfailurematters.org\/sv\/for-anhorigvardare\/hjalpa-till-med-sjukvardsfragor\/#primaryimage\",\"url\":\"https:\/\/www.heartfailurematters.org\/wp-content\/uploads\/2022\/03\/shutterstock_326634329-1-min.jpg\",\"contentUrl\":\"https:\/\/www.heartfailurematters.org\/wp-content\/uploads\/2022\/03\/shutterstock_326634329-1-min.jpg\",\"width\":900,\"height\":600},{\"@type\":\"BreadcrumbList\",\"@id\":\"https:\/\/www.heartfailurematters.org\/sv\/for-anhorigvardare\/hjalpa-till-med-sjukvardsfragor\/#breadcrumb\",\"itemListElement\":[{\"@type\":\"ListItem\",\"position\":1,\"name\":\"Hem\",\"item\":\"https:\/\/www.heartfailurematters.org\/sv\/\"},{\"@type\":\"ListItem\",\"position\":2,\"name\":\"F\u00f6r familj och anh\u00f6rigv\u00e5rdare\",\"item\":\"https:\/\/www.heartfailurematters.org\/sv\/for-anhorigvardare\/\"},{\"@type\":\"ListItem\",\"position\":3,\"name\":\"Hj\u00e4lpa till med sjukv\u00e5rdsfr\u00e5gor\"}]},{\"@type\":\"WebSite\",\"@id\":\"https:\/\/www.heartfailurematters.org\/sv\/#website\",\"url\":\"https:\/\/www.heartfailurematters.org\/sv\/\",\"name\":\"Heart Failure Matters\",\"description\":\"Practical information for patients, families and caregivers.\",\"publisher\":{\"@id\":\"https:\/\/www.heartfailurematters.org\/sv\/#organization\"},\"potentialAction\":[{\"@type\":\"SearchAction\",\"target\":{\"@type\":\"EntryPoint\",\"urlTemplate\":\"https:\/\/www.heartfailurematters.org\/sv\/?s={search_term_string}\"},\"query-input\":{\"@type\":\"PropertyValueSpecification\",\"valueRequired\":true,\"valueName\":\"search_term_string\"}}],\"inLanguage\":\"sv-SE\"},{\"@type\":\"Organization\",\"@id\":\"https:\/\/www.heartfailurematters.org\/sv\/#organization\",\"name\":\"Heart Failure Matters\",\"url\":\"https:\/\/www.heartfailurematters.org\/sv\/\",\"logo\":{\"@type\":\"ImageObject\",\"inLanguage\":\"sv-SE\",\"@id\":\"https:\/\/www.heartfailurematters.org\/sv\/#\/schema\/logo\/image\/\",\"url\":\"https:\/\/cdn-endpoint-hfm.azureedge.net\/heartfailurematters\/2024\/07\/hfm-logo1.jpg\",\"contentUrl\":\"https:\/\/cdn-endpoint-hfm.azureedge.net\/heartfailurematters\/2024\/07\/hfm-logo1.jpg\",\"width\":1280,\"height\":720,\"caption\":\"Heart Failure Matters\"},\"image\":{\"@id\":\"https:\/\/www.heartfailurematters.org\/sv\/#\/schema\/logo\/image\/\"},\"sameAs\":[\"https:\/\/www.facebook.com\/heartfailurematters\"]}]}<\/script>\n<!-- \/ Yoast SEO plugin. -->","yoast_head_json":{"title":"Hj\u00e4lpa till med sjukv\u00e5rdsfr\u00e5gor","description":"Fr\u00e5gor som r\u00f6r sjukv\u00e5rd kan vara s\u00e4rskilt f\u00f6rvirrande och \u00f6verv\u00e4ldigande till en b\u00f6rjan d\u00e5 det ofta verkar vara mycket information att komma ih\u00e5g. L\u00e4s mer h\u00e4r","robots":{"index":"index","follow":"follow","max-snippet":"max-snippet:-1","max-image-preview":"max-image-preview:large","max-video-preview":"max-video-preview:-1"},"canonical":"https:\/\/www.heartfailurematters.org\/sv\/for-anhorigvardare\/hjalpa-till-med-sjukvardsfragor\/","og_locale":"sv_SE","og_type":"article","og_title":"Hj\u00e4lpa till med sjukv\u00e5rdsfr\u00e5gor","og_description":"Fr\u00e5gor som r\u00f6r sjukv\u00e5rd kan vara s\u00e4rskilt f\u00f6rvirrande och \u00f6verv\u00e4ldigande till en b\u00f6rjan d\u00e5 det ofta verkar vara mycket information att komma ih\u00e5g. L\u00e4s mer h\u00e4r","og_url":"https:\/\/www.heartfailurematters.org\/sv\/for-anhorigvardare\/hjalpa-till-med-sjukvardsfragor\/","og_site_name":"Heart Failure Matters","article_publisher":"https:\/\/www.facebook.com\/heartfailurematters","article_modified_time":"2026-02-10T13:20:11+00:00","og_image":[{"width":900,"height":600,"url":"https:\/\/www.heartfailurematters.org\/wp-content\/uploads\/2022\/03\/shutterstock_326634329-1-min.jpg","type":"image\/jpeg"}],"twitter_card":"summary_large_image","twitter_misc":{"Ber\u00e4knad l\u00e4stid":"1 minut"},"schema":{"@context":"https:\/\/schema.org","@graph":[{"@type":"WebPage","@id":"https:\/\/www.heartfailurematters.org\/sv\/for-anhorigvardare\/hjalpa-till-med-sjukvardsfragor\/","url":"https:\/\/www.heartfailurematters.org\/sv\/for-anhorigvardare\/hjalpa-till-med-sjukvardsfragor\/","name":"Hj\u00e4lpa till med sjukv\u00e5rdsfr\u00e5gor","isPartOf":{"@id":"https:\/\/www.heartfailurematters.org\/sv\/#website"},"primaryImageOfPage":{"@id":"https:\/\/www.heartfailurematters.org\/sv\/for-anhorigvardare\/hjalpa-till-med-sjukvardsfragor\/#primaryimage"},"image":{"@id":"https:\/\/www.heartfailurematters.org\/sv\/for-anhorigvardare\/hjalpa-till-med-sjukvardsfragor\/#primaryimage"},"thumbnailUrl":"https:\/\/www.heartfailurematters.org\/wp-content\/uploads\/2022\/03\/shutterstock_326634329-1-min.jpg","datePublished":"2021-01-27T22:12:30+00:00","dateModified":"2026-02-10T13:20:11+00:00","description":"Fr\u00e5gor som r\u00f6r sjukv\u00e5rd kan vara s\u00e4rskilt f\u00f6rvirrande och \u00f6verv\u00e4ldigande till en b\u00f6rjan d\u00e5 det ofta verkar vara mycket information att komma ih\u00e5g. L\u00e4s mer h\u00e4r","breadcrumb":{"@id":"https:\/\/www.heartfailurematters.org\/sv\/for-anhorigvardare\/hjalpa-till-med-sjukvardsfragor\/#breadcrumb"},"inLanguage":"sv-SE","potentialAction":[{"@type":"ReadAction","target":["https:\/\/www.heartfailurematters.org\/sv\/for-anhorigvardare\/hjalpa-till-med-sjukvardsfragor\/"]}]},{"@type":"ImageObject","inLanguage":"sv-SE","@id":"https:\/\/www.heartfailurematters.org\/sv\/for-anhorigvardare\/hjalpa-till-med-sjukvardsfragor\/#primaryimage","url":"https:\/\/www.heartfailurematters.org\/wp-content\/uploads\/2022\/03\/shutterstock_326634329-1-min.jpg","contentUrl":"https:\/\/www.heartfailurematters.org\/wp-content\/uploads\/2022\/03\/shutterstock_326634329-1-min.jpg","width":900,"height":600},{"@type":"BreadcrumbList","@id":"https:\/\/www.heartfailurematters.org\/sv\/for-anhorigvardare\/hjalpa-till-med-sjukvardsfragor\/#breadcrumb","itemListElement":[{"@type":"ListItem","position":1,"name":"Hem","item":"https:\/\/www.heartfailurematters.org\/sv\/"},{"@type":"ListItem","position":2,"name":"F\u00f6r familj och anh\u00f6rigv\u00e5rdare","item":"https:\/\/www.heartfailurematters.org\/sv\/for-anhorigvardare\/"},{"@type":"ListItem","position":3,"name":"Hj\u00e4lpa till med sjukv\u00e5rdsfr\u00e5gor"}]},{"@type":"WebSite","@id":"https:\/\/www.heartfailurematters.org\/sv\/#website","url":"https:\/\/www.heartfailurematters.org\/sv\/","name":"Heart Failure Matters","description":"Practical information for patients, families and caregivers.","publisher":{"@id":"https:\/\/www.heartfailurematters.org\/sv\/#organization"},"potentialAction":[{"@type":"SearchAction","target":{"@type":"EntryPoint","urlTemplate":"https:\/\/www.heartfailurematters.org\/sv\/?s={search_term_string}"},"query-input":{"@type":"PropertyValueSpecification","valueRequired":true,"valueName":"search_term_string"}}],"inLanguage":"sv-SE"},{"@type":"Organization","@id":"https:\/\/www.heartfailurematters.org\/sv\/#organization","name":"Heart Failure Matters","url":"https:\/\/www.heartfailurematters.org\/sv\/","logo":{"@type":"ImageObject","inLanguage":"sv-SE","@id":"https:\/\/www.heartfailurematters.org\/sv\/#\/schema\/logo\/image\/","url":"https:\/\/cdn-endpoint-hfm.azureedge.net\/heartfailurematters\/2024\/07\/hfm-logo1.jpg","contentUrl":"https:\/\/cdn-endpoint-hfm.azureedge.net\/heartfailurematters\/2024\/07\/hfm-logo1.jpg","width":1280,"height":720,"caption":"Heart Failure Matters"},"image":{"@id":"https:\/\/www.heartfailurematters.org\/sv\/#\/schema\/logo\/image\/"},"sameAs":["https:\/\/www.facebook.com\/heartfailurematters"]}]}},"_links":{"self":[{"href":"https:\/\/www.heartfailurematters.org\/sv\/wp-json\/wp\/v2\/pages\/2596","targetHints":{"allow":["GET"]}}],"collection":[{"href":"https:\/\/www.heartfailurematters.org\/sv\/wp-json\/wp\/v2\/pages"}],"about":[{"href":"https:\/\/www.heartfailurematters.org\/sv\/wp-json\/wp\/v2\/types\/page"}],"author":[{"embeddable":true,"href":"https:\/\/www.heartfailurematters.org\/sv\/wp-json\/wp\/v2\/users\/1"}],"replies":[{"embeddable":true,"href":"https:\/\/www.heartfailurematters.org\/sv\/wp-json\/wp\/v2\/comments?post=2596"}],"version-history":[{"count":6,"href":"https:\/\/www.heartfailurematters.org\/sv\/wp-json\/wp\/v2\/pages\/2596\/revisions"}],"predecessor-version":[{"id":13881,"href":"https:\/\/www.heartfailurematters.org\/sv\/wp-json\/wp\/v2\/pages\/2596\/revisions\/13881"}],"up":[{"embeddable":true,"href":"https:\/\/www.heartfailurematters.org\/sv\/wp-json\/wp\/v2\/pages\/2847"}],"wp:featuredmedia":[{"embeddable":true,"href":"https:\/\/www.heartfailurematters.org\/sv\/wp-json\/wp\/v2\/media\/11149"}],"wp:attachment":[{"href":"https:\/\/www.heartfailurematters.org\/sv\/wp-json\/wp\/v2\/media?parent=2596"}],"wp:term":[{"taxonomy":"category","embeddable":true,"href":"https:\/\/www.heartfailurematters.org\/sv\/wp-json\/wp\/v2\/categories?post=2596"},{"taxonomy":"post_tag","embeddable":true,"href":"https:\/\/www.heartfailurematters.org\/sv\/wp-json\/wp\/v2\/tags?post=2596"}],"curies":[{"name":"wp","href":"https:\/\/api.w.org\/{rel}","templated":true}]}}