{"id":2595,"date":"2021-01-27T22:12:30","date_gmt":"2021-01-27T22:12:30","guid":{"rendered":"http:\/\/heartfailurematters.local:8888\/ballongvidgning-perkutan-koronarintervention-pci\/"},"modified":"2021-07-12T16:02:07","modified_gmt":"2021-07-12T15:02:07","slug":"ballongvidgning-perkutan-koronarintervention-pci","status":"publish","type":"page","link":"https:\/\/www.heartfailurematters.org\/sv\/vad-din-lakare-eller-sjukskoterska-kan-gora\/ballongvidgning-perkutan-koronarintervention-pci\/","title":{"rendered":"Ballongvidgning (perkutan koronarintervention \u2013 PCI)"},"content":{"rendered":"<h2>Varf\u00f6r g\u00f6r man en s\u00e5dan?<\/h2>\n<p>Ansamling av fett och kolesterol (s\u00e5 kallat\u00a0<a class=\"addtooltip\" title=\"Ansamling av kolesterol, fettf\u00f6reningar, kalcium och blodpropps\u00e4mnen i v\u00e4ggen i en art\u00e4r.\"><strong title=\"\">plack<\/strong><\/a>), eller stora blodproppar, kan orsaka f\u00f6rtr\u00e4ngning eller f\u00f6rtr\u00e4ngning av dina art\u00e4rer. Det kan g\u00f6ra s\u00e5 att hj\u00e4rtmuskeln sv\u00e4lts p\u00e5 syre, eftersom blodfl\u00f6det har minskat avsev\u00e4rt.\u00a0<a class=\"addtooltip\" title=\"Ett ingrepp som anv\u00e4nds f\u00f6r att \u00e5terst\u00e4lla blodtillf\u00f6rseln till ett f\u00f6rtr\u00e4ngt blodk\u00e4rl genom utvidgning av k\u00e4rlet med en ballong. Det kan anv\u00e4ndas i den akuta fasen av en hj\u00e4rtinfarkt och en stent anv\u00e4nds ofta.\"><strong title=\"\">Ballongvidgning (perkutan koronarintervention \u2013 PCI)<\/strong><\/a> \u00e4r till f\u00f6r att \u00e5terst\u00e4lla tillf\u00f6rseln av blod till hj\u00e4rtat genom att ta bort f\u00f6rtr\u00e4ngningar i f\u00f6rtr\u00e4ngda art\u00e4rer som kan orsaka hj\u00e4rtsvikt. Det \u00e4r mindre invasivt \u00e4n kirurgi. PCI, tillsammans med\u00a0<a href=\"https:\/\/www.heartfailurematters.org\/sv\/vad-din-lakare-eller-sjukskoterska-kan-gora\/stentning\/\">stentning<\/a>, har visat sig fungera bra f\u00f6r m\u00e5nga patienter.<\/p>\n<h2>Vad inneb\u00e4r det?<\/h2>\n<p>Ett fint, flexibelt, ih\u00e5ligt r\u00f6r (<a class=\"addtooltip\" title=\"Ett tunt, b\u00f6jligt r\u00f6r som anv\u00e4nds i m\u00e5nga procedurer.\"><strong title=\"\">kateter<\/strong><\/a>) med en liten uppbl\u00e5sbar ballong vid spetsen f\u00f6rs in en art\u00e4r, antingen i ljumsken eller armen, och styrs mot hj\u00e4rtat med r\u00f6ntgenunders\u00f6kning. N\u00e4r den n\u00e5r den f\u00f6rtr\u00e4ngda eller blockerade delen, bl\u00e5ses ballongen upp f\u00f6r att snabbt \u00f6ppna art\u00e4ren och \u00e5terst\u00e4lla blodfl\u00f6det. Alla patienter beh\u00f6ver antitrombotiska l\u00e4kemedel efter ingreppet f\u00f6r att f\u00f6rhindra blodproppar.<\/p>\n<h2>Fr\u00e5gor att st\u00e4lla till din l\u00e4kare:<\/h2>\n<ul>\n<li>Vad finns det f\u00f6r risker med det h\u00e4r ingreppet?<\/li>\n<li>M\u00e5ste jag stanna p\u00e5 sjukhuset?<\/li>\n<li>Vad beh\u00f6ver jag g\u00f6ra f\u00f6r att f\u00f6rbereda mig f\u00f6r ingreppet?<\/li>\n<li>Kommer jag att f\u00e5 lokalbed\u00f6vning eller narkos?<\/li>\n<li>M\u00e5ste jag ta n\u00e5gra ytterligare mediciner efter ingreppet?<\/li>\n<li>Kommer jag att f\u00e5 en stent inf\u00f6rd under PCI-ingreppet?<\/li>\n<\/ul>\n<p><a title=\"\" href=\"https:\/\/www.heartfailurematters.org\/sv\/vad-din-lakare-eller-sjukskoterska-kan-gora\/andra-undersokningar\/\">\u00c5terg\u00e5 till &#8221;Andra ingrepp&#8221;<\/a><\/p>\n","protected":false},"excerpt":{"rendered":"<p>Varf\u00f6r g\u00f6r man en s\u00e5dan? Ansamling av fett och kolesterol (s\u00e5 kallat\u00a0plack), eller stora blodproppar, kan orsaka f\u00f6rtr\u00e4ngning eller f\u00f6rtr\u00e4ngning av dina art\u00e4rer. Det kan g\u00f6ra s\u00e5 att hj\u00e4rtmuskeln sv\u00e4lts p\u00e5 syre, eftersom blodfl\u00f6det har minskat avsev\u00e4rt.\u00a0Ballongvidgning (perkutan koronarintervention \u2013 PCI) \u00e4r till f\u00f6r att \u00e5terst\u00e4lla tillf\u00f6rseln av blod till hj\u00e4rtat genom att ta bort [&hellip;]<\/p>\n","protected":false},"author":1,"featured_media":10692,"parent":2685,"menu_order":0,"comment_status":"open","ping_status":"open","template":"","meta":{"_acf_changed":false,"footnotes":""},"categories":[],"tags":[],"class_list":["post-2595","page","type-page","status-publish","has-post-thumbnail","hentry"],"acf":[],"yoast_head":"<!-- This site is optimized with the Yoast SEO plugin v24.8.1 - https:\/\/yoast.com\/wordpress\/plugins\/seo\/ -->\n<title>Ballongvidgning (perkutan koronarintervention \u2013 PCI)<\/title>\n<meta name=\"description\" content=\"Ballongvidgning (perkutan koronarintervention \u2013 PCI) \u00e4r till f\u00f6r att \u00e5terst\u00e4lla tillf\u00f6rseln av blod till hj\u00e4rtat genom att ta bort f\u00f6rtr\u00e4ngningar i f\u00f6rtr\u00e4ngda art\u00e4rer som kan orsaka hj\u00e4rtsvikt.\" \/>\n<meta name=\"robots\" content=\"index, follow, max-snippet:-1, max-image-preview:large, max-video-preview:-1\" \/>\n<link rel=\"canonical\" href=\"https:\/\/www.heartfailurematters.org\/sv\/vad-din-lakare-eller-sjukskoterska-kan-gora\/ballongvidgning-perkutan-koronarintervention-pci\/\" \/>\n<meta property=\"og:locale\" content=\"sv_SE\" \/>\n<meta property=\"og:type\" content=\"article\" \/>\n<meta property=\"og:title\" content=\"Ballongvidgning (perkutan koronarintervention \u2013 PCI)\" \/>\n<meta property=\"og:description\" content=\"Ballongvidgning (perkutan koronarintervention \u2013 PCI) \u00e4r till f\u00f6r att \u00e5terst\u00e4lla tillf\u00f6rseln av blod till hj\u00e4rtat genom att ta bort f\u00f6rtr\u00e4ngningar i f\u00f6rtr\u00e4ngda art\u00e4rer som kan orsaka hj\u00e4rtsvikt.\" \/>\n<meta property=\"og:url\" content=\"https:\/\/www.heartfailurematters.org\/sv\/vad-din-lakare-eller-sjukskoterska-kan-gora\/ballongvidgning-perkutan-koronarintervention-pci\/\" \/>\n<meta property=\"og:site_name\" content=\"Heart Failure Matters\" \/>\n<meta property=\"article:publisher\" content=\"https:\/\/www.facebook.com\/heartfailurematters\" \/>\n<meta property=\"article:modified_time\" content=\"2021-07-12T15:02:07+00:00\" \/>\n<meta property=\"og:image\" content=\"https:\/\/www.heartfailurematters.org\/wp-content\/uploads\/2022\/02\/shutterstock_26945083-1-min.jpg\" \/>\n\t<meta property=\"og:image:width\" content=\"900\" \/>\n\t<meta property=\"og:image:height\" content=\"600\" \/>\n\t<meta property=\"og:image:type\" content=\"image\/jpeg\" \/>\n<meta name=\"twitter:card\" content=\"summary_large_image\" \/>\n<meta name=\"twitter:label1\" content=\"Ber\u00e4knad l\u00e4stid\" \/>\n\t<meta name=\"twitter:data1\" content=\"1 minut\" \/>\n<script type=\"application\/ld+json\" class=\"yoast-schema-graph\">{\"@context\":\"https:\/\/schema.org\",\"@graph\":[{\"@type\":\"WebPage\",\"@id\":\"https:\/\/www.heartfailurematters.org\/sv\/vad-din-lakare-eller-sjukskoterska-kan-gora\/ballongvidgning-perkutan-koronarintervention-pci\/\",\"url\":\"https:\/\/www.heartfailurematters.org\/sv\/vad-din-lakare-eller-sjukskoterska-kan-gora\/ballongvidgning-perkutan-koronarintervention-pci\/\",\"name\":\"Ballongvidgning (perkutan koronarintervention \u2013 PCI)\",\"isPartOf\":{\"@id\":\"https:\/\/www.heartfailurematters.org\/sv\/#website\"},\"primaryImageOfPage\":{\"@id\":\"https:\/\/www.heartfailurematters.org\/sv\/vad-din-lakare-eller-sjukskoterska-kan-gora\/ballongvidgning-perkutan-koronarintervention-pci\/#primaryimage\"},\"image\":{\"@id\":\"https:\/\/www.heartfailurematters.org\/sv\/vad-din-lakare-eller-sjukskoterska-kan-gora\/ballongvidgning-perkutan-koronarintervention-pci\/#primaryimage\"},\"thumbnailUrl\":\"https:\/\/www.heartfailurematters.org\/wp-content\/uploads\/2022\/02\/shutterstock_26945083-1-min.jpg\",\"datePublished\":\"2021-01-27T22:12:30+00:00\",\"dateModified\":\"2021-07-12T15:02:07+00:00\",\"description\":\"Ballongvidgning (perkutan koronarintervention \u2013 PCI) \u00e4r till f\u00f6r att \u00e5terst\u00e4lla tillf\u00f6rseln av blod till hj\u00e4rtat genom att ta bort f\u00f6rtr\u00e4ngningar i f\u00f6rtr\u00e4ngda art\u00e4rer som kan orsaka hj\u00e4rtsvikt.\",\"breadcrumb\":{\"@id\":\"https:\/\/www.heartfailurematters.org\/sv\/vad-din-lakare-eller-sjukskoterska-kan-gora\/ballongvidgning-perkutan-koronarintervention-pci\/#breadcrumb\"},\"inLanguage\":\"sv-SE\",\"potentialAction\":[{\"@type\":\"ReadAction\",\"target\":[\"https:\/\/www.heartfailurematters.org\/sv\/vad-din-lakare-eller-sjukskoterska-kan-gora\/ballongvidgning-perkutan-koronarintervention-pci\/\"]}]},{\"@type\":\"ImageObject\",\"inLanguage\":\"sv-SE\",\"@id\":\"https:\/\/www.heartfailurematters.org\/sv\/vad-din-lakare-eller-sjukskoterska-kan-gora\/ballongvidgning-perkutan-koronarintervention-pci\/#primaryimage\",\"url\":\"https:\/\/www.heartfailurematters.org\/wp-content\/uploads\/2022\/02\/shutterstock_26945083-1-min.jpg\",\"contentUrl\":\"https:\/\/www.heartfailurematters.org\/wp-content\/uploads\/2022\/02\/shutterstock_26945083-1-min.jpg\",\"width\":900,\"height\":600},{\"@type\":\"BreadcrumbList\",\"@id\":\"https:\/\/www.heartfailurematters.org\/sv\/vad-din-lakare-eller-sjukskoterska-kan-gora\/ballongvidgning-perkutan-koronarintervention-pci\/#breadcrumb\",\"itemListElement\":[{\"@type\":\"ListItem\",\"position\":1,\"name\":\"Hem\",\"item\":\"https:\/\/www.heartfailurematters.org\/sv\/\"},{\"@type\":\"ListItem\",\"position\":2,\"name\":\"Vad din l\u00e4kare kan g\u00f6ra\",\"item\":\"https:\/\/www.heartfailurematters.org\/sv\/vad-din-lakare-eller-sjukskoterska-kan-gora\/\"},{\"@type\":\"ListItem\",\"position\":3,\"name\":\"Ballongvidgning (perkutan koronarintervention \u2013 PCI)\"}]},{\"@type\":\"WebSite\",\"@id\":\"https:\/\/www.heartfailurematters.org\/sv\/#website\",\"url\":\"https:\/\/www.heartfailurematters.org\/sv\/\",\"name\":\"Heart Failure Matters\",\"description\":\"Practical information for patients, families and caregivers.\",\"publisher\":{\"@id\":\"https:\/\/www.heartfailurematters.org\/sv\/#organization\"},\"potentialAction\":[{\"@type\":\"SearchAction\",\"target\":{\"@type\":\"EntryPoint\",\"urlTemplate\":\"https:\/\/www.heartfailurematters.org\/sv\/?s={search_term_string}\"},\"query-input\":{\"@type\":\"PropertyValueSpecification\",\"valueRequired\":true,\"valueName\":\"search_term_string\"}}],\"inLanguage\":\"sv-SE\"},{\"@type\":\"Organization\",\"@id\":\"https:\/\/www.heartfailurematters.org\/sv\/#organization\",\"name\":\"Heart Failure Matters\",\"url\":\"https:\/\/www.heartfailurematters.org\/sv\/\",\"logo\":{\"@type\":\"ImageObject\",\"inLanguage\":\"sv-SE\",\"@id\":\"https:\/\/www.heartfailurematters.org\/sv\/#\/schema\/logo\/image\/\",\"url\":\"https:\/\/cdn-endpoint-hfm.azureedge.net\/heartfailurematters\/2024\/07\/hfm-logo1.jpg\",\"contentUrl\":\"https:\/\/cdn-endpoint-hfm.azureedge.net\/heartfailurematters\/2024\/07\/hfm-logo1.jpg\",\"width\":1280,\"height\":720,\"caption\":\"Heart Failure Matters\"},\"image\":{\"@id\":\"https:\/\/www.heartfailurematters.org\/sv\/#\/schema\/logo\/image\/\"},\"sameAs\":[\"https:\/\/www.facebook.com\/heartfailurematters\"]}]}<\/script>\n<!-- \/ Yoast SEO plugin. -->","yoast_head_json":{"title":"Ballongvidgning (perkutan koronarintervention \u2013 PCI)","description":"Ballongvidgning (perkutan koronarintervention \u2013 PCI) \u00e4r till f\u00f6r att \u00e5terst\u00e4lla tillf\u00f6rseln av blod till hj\u00e4rtat genom att ta bort f\u00f6rtr\u00e4ngningar i f\u00f6rtr\u00e4ngda art\u00e4rer som kan orsaka hj\u00e4rtsvikt.","robots":{"index":"index","follow":"follow","max-snippet":"max-snippet:-1","max-image-preview":"max-image-preview:large","max-video-preview":"max-video-preview:-1"},"canonical":"https:\/\/www.heartfailurematters.org\/sv\/vad-din-lakare-eller-sjukskoterska-kan-gora\/ballongvidgning-perkutan-koronarintervention-pci\/","og_locale":"sv_SE","og_type":"article","og_title":"Ballongvidgning (perkutan koronarintervention \u2013 PCI)","og_description":"Ballongvidgning (perkutan koronarintervention \u2013 PCI) \u00e4r till f\u00f6r att \u00e5terst\u00e4lla tillf\u00f6rseln av blod till hj\u00e4rtat genom att ta bort f\u00f6rtr\u00e4ngningar i f\u00f6rtr\u00e4ngda art\u00e4rer som kan orsaka hj\u00e4rtsvikt.","og_url":"https:\/\/www.heartfailurematters.org\/sv\/vad-din-lakare-eller-sjukskoterska-kan-gora\/ballongvidgning-perkutan-koronarintervention-pci\/","og_site_name":"Heart Failure Matters","article_publisher":"https:\/\/www.facebook.com\/heartfailurematters","article_modified_time":"2021-07-12T15:02:07+00:00","og_image":[{"width":900,"height":600,"url":"https:\/\/www.heartfailurematters.org\/wp-content\/uploads\/2022\/02\/shutterstock_26945083-1-min.jpg","type":"image\/jpeg"}],"twitter_card":"summary_large_image","twitter_misc":{"Ber\u00e4knad l\u00e4stid":"1 minut"},"schema":{"@context":"https:\/\/schema.org","@graph":[{"@type":"WebPage","@id":"https:\/\/www.heartfailurematters.org\/sv\/vad-din-lakare-eller-sjukskoterska-kan-gora\/ballongvidgning-perkutan-koronarintervention-pci\/","url":"https:\/\/www.heartfailurematters.org\/sv\/vad-din-lakare-eller-sjukskoterska-kan-gora\/ballongvidgning-perkutan-koronarintervention-pci\/","name":"Ballongvidgning (perkutan koronarintervention \u2013 PCI)","isPartOf":{"@id":"https:\/\/www.heartfailurematters.org\/sv\/#website"},"primaryImageOfPage":{"@id":"https:\/\/www.heartfailurematters.org\/sv\/vad-din-lakare-eller-sjukskoterska-kan-gora\/ballongvidgning-perkutan-koronarintervention-pci\/#primaryimage"},"image":{"@id":"https:\/\/www.heartfailurematters.org\/sv\/vad-din-lakare-eller-sjukskoterska-kan-gora\/ballongvidgning-perkutan-koronarintervention-pci\/#primaryimage"},"thumbnailUrl":"https:\/\/www.heartfailurematters.org\/wp-content\/uploads\/2022\/02\/shutterstock_26945083-1-min.jpg","datePublished":"2021-01-27T22:12:30+00:00","dateModified":"2021-07-12T15:02:07+00:00","description":"Ballongvidgning (perkutan koronarintervention \u2013 PCI) \u00e4r till f\u00f6r att \u00e5terst\u00e4lla tillf\u00f6rseln av blod till hj\u00e4rtat genom att ta bort f\u00f6rtr\u00e4ngningar i f\u00f6rtr\u00e4ngda art\u00e4rer som kan orsaka hj\u00e4rtsvikt.","breadcrumb":{"@id":"https:\/\/www.heartfailurematters.org\/sv\/vad-din-lakare-eller-sjukskoterska-kan-gora\/ballongvidgning-perkutan-koronarintervention-pci\/#breadcrumb"},"inLanguage":"sv-SE","potentialAction":[{"@type":"ReadAction","target":["https:\/\/www.heartfailurematters.org\/sv\/vad-din-lakare-eller-sjukskoterska-kan-gora\/ballongvidgning-perkutan-koronarintervention-pci\/"]}]},{"@type":"ImageObject","inLanguage":"sv-SE","@id":"https:\/\/www.heartfailurematters.org\/sv\/vad-din-lakare-eller-sjukskoterska-kan-gora\/ballongvidgning-perkutan-koronarintervention-pci\/#primaryimage","url":"https:\/\/www.heartfailurematters.org\/wp-content\/uploads\/2022\/02\/shutterstock_26945083-1-min.jpg","contentUrl":"https:\/\/www.heartfailurematters.org\/wp-content\/uploads\/2022\/02\/shutterstock_26945083-1-min.jpg","width":900,"height":600},{"@type":"BreadcrumbList","@id":"https:\/\/www.heartfailurematters.org\/sv\/vad-din-lakare-eller-sjukskoterska-kan-gora\/ballongvidgning-perkutan-koronarintervention-pci\/#breadcrumb","itemListElement":[{"@type":"ListItem","position":1,"name":"Hem","item":"https:\/\/www.heartfailurematters.org\/sv\/"},{"@type":"ListItem","position":2,"name":"Vad din l\u00e4kare kan g\u00f6ra","item":"https:\/\/www.heartfailurematters.org\/sv\/vad-din-lakare-eller-sjukskoterska-kan-gora\/"},{"@type":"ListItem","position":3,"name":"Ballongvidgning (perkutan koronarintervention \u2013 PCI)"}]},{"@type":"WebSite","@id":"https:\/\/www.heartfailurematters.org\/sv\/#website","url":"https:\/\/www.heartfailurematters.org\/sv\/","name":"Heart Failure Matters","description":"Practical information for patients, families and caregivers.","publisher":{"@id":"https:\/\/www.heartfailurematters.org\/sv\/#organization"},"potentialAction":[{"@type":"SearchAction","target":{"@type":"EntryPoint","urlTemplate":"https:\/\/www.heartfailurematters.org\/sv\/?s={search_term_string}"},"query-input":{"@type":"PropertyValueSpecification","valueRequired":true,"valueName":"search_term_string"}}],"inLanguage":"sv-SE"},{"@type":"Organization","@id":"https:\/\/www.heartfailurematters.org\/sv\/#organization","name":"Heart Failure Matters","url":"https:\/\/www.heartfailurematters.org\/sv\/","logo":{"@type":"ImageObject","inLanguage":"sv-SE","@id":"https:\/\/www.heartfailurematters.org\/sv\/#\/schema\/logo\/image\/","url":"https:\/\/cdn-endpoint-hfm.azureedge.net\/heartfailurematters\/2024\/07\/hfm-logo1.jpg","contentUrl":"https:\/\/cdn-endpoint-hfm.azureedge.net\/heartfailurematters\/2024\/07\/hfm-logo1.jpg","width":1280,"height":720,"caption":"Heart Failure Matters"},"image":{"@id":"https:\/\/www.heartfailurematters.org\/sv\/#\/schema\/logo\/image\/"},"sameAs":["https:\/\/www.facebook.com\/heartfailurematters"]}]}},"_links":{"self":[{"href":"https:\/\/www.heartfailurematters.org\/sv\/wp-json\/wp\/v2\/pages\/2595","targetHints":{"allow":["GET"]}}],"collection":[{"href":"https:\/\/www.heartfailurematters.org\/sv\/wp-json\/wp\/v2\/pages"}],"about":[{"href":"https:\/\/www.heartfailurematters.org\/sv\/wp-json\/wp\/v2\/types\/page"}],"author":[{"embeddable":true,"href":"https:\/\/www.heartfailurematters.org\/sv\/wp-json\/wp\/v2\/users\/1"}],"replies":[{"embeddable":true,"href":"https:\/\/www.heartfailurematters.org\/sv\/wp-json\/wp\/v2\/comments?post=2595"}],"version-history":[{"count":3,"href":"https:\/\/www.heartfailurematters.org\/sv\/wp-json\/wp\/v2\/pages\/2595\/revisions"}],"predecessor-version":[{"id":9358,"href":"https:\/\/www.heartfailurematters.org\/sv\/wp-json\/wp\/v2\/pages\/2595\/revisions\/9358"}],"up":[{"embeddable":true,"href":"https:\/\/www.heartfailurematters.org\/sv\/wp-json\/wp\/v2\/pages\/2685"}],"wp:featuredmedia":[{"embeddable":true,"href":"https:\/\/www.heartfailurematters.org\/sv\/wp-json\/wp\/v2\/media\/10692"}],"wp:attachment":[{"href":"https:\/\/www.heartfailurematters.org\/sv\/wp-json\/wp\/v2\/media?parent=2595"}],"wp:term":[{"taxonomy":"category","embeddable":true,"href":"https:\/\/www.heartfailurematters.org\/sv\/wp-json\/wp\/v2\/categories?post=2595"},{"taxonomy":"post_tag","embeddable":true,"href":"https:\/\/www.heartfailurematters.org\/sv\/wp-json\/wp\/v2\/tags?post=2595"}],"curies":[{"name":"wp","href":"https:\/\/api.w.org\/{rel}","templated":true}]}}