{"id":2592,"date":"2021-01-27T22:12:30","date_gmt":"2021-01-27T22:12:30","guid":{"rendered":"http:\/\/heartfailurematters.local:8888\/arbetsprov\/"},"modified":"2021-07-27T15:04:36","modified_gmt":"2021-07-27T14:04:36","slug":"arbetsprov","status":"publish","type":"page","link":"https:\/\/www.heartfailurematters.org\/sv\/att-forsta-hjartsvikt\/arbetsprov\/","title":{"rendered":"Arbetsprov"},"content":{"rendered":"<p><strong><a class=\"addtooltip\" title=\" Kontrollerad fysisk aktivitet, vanligtvis p\u00e5 ett l\u00f6pband eller en stillast\u00e5ende cykel, anv\u00e4nds f\u00f6r att bed\u00f6ma hur v\u00e4l hj\u00e4rta och kropp fungerar vid tr\u00e4ning eller stress. Det h\u00e4r testet kan visa tecken p\u00e5 ischemi (otillr\u00e4cklig blodf\u00f6rs\u00f6rjning) p\u00e5 grund av kransk\u00e4rlssjukdom. \" href=\"https:\/\/www.heartfailurematters.org\/sv\/att-forsta-hjartsvikt\/arbetsprov\/\">Arbetsprovhj\u00e4lper<\/a>\u00a0<\/strong> din l\u00e4kare att ta reda p\u00e5 hur v\u00e4l ditt hj\u00e4rta hanterar tr\u00e4ning eller stress. Testet inneb\u00e4r att du motionerar p\u00e5 ett l\u00f6pband medan din puls, andning, blodtryck och den elektriska aktiviteten i ditt hj\u00e4rta \u00f6vervakas.<\/p>\n<p>Du \u00e4r ansluten till \u00f6vervakningsutrustning och ombeds sedan att g\u00e5 l\u00e5ngsamt p\u00e5 ett l\u00f6pband eller cykla p\u00e5 en stillast\u00e5ende cykel. Hastigheten \u00f6kas till en snabbare takt och l\u00f6pbandet lutas f\u00f6r att producera effekten av att g\u00e5 uppf\u00f6r en liten kulle (p\u00e5 en cykel, \u00f6kar belastningen p\u00e5 pedalerna kontinuerligt eller p\u00e5 ett stegvis s\u00e4tt). Du kan ocks\u00e5 bli ombedd att andas i ett r\u00f6r i ett par minuter.<\/p>\n<p>Testerna kan stoppas n\u00e4r som helst om det skulle beh\u00f6vas. Efter\u00e5t kommer du att sitta eller ligga medan ditt hj\u00e4rta och blodtryck kontrolleras.<\/p>\n<p>Ibland kan du, f\u00f6rutom ett vanligt konditionstest, bli ombedd att b\u00e4ra en mask f\u00f6r att samla luften du andas ut, f\u00f6r att m\u00e4ta hur mycket du andas och hur snabbt din kropp f\u00f6rbrukar syre. Detta kallas ett hj\u00e4rtarbetsprov.<\/p>\n<p>N\u00e4r din kropp arbetar h\u00e5rdare under testet, kr\u00e4ver den mer syre, s\u00e5 hj\u00e4rtat m\u00e5ste pumpa mer blod. Testet kan visa om blodtillf\u00f6rseln minskas i art\u00e4rerna som f\u00f6rser hj\u00e4rtat med blod. Det bidrar ocks\u00e5 till att bed\u00f6ma din fysiska kapacitet och best\u00e4mma vilken motionsniv\u00e5 som passar b\u00e4st f\u00f6r dig.<\/p>\n<p>Arbetsprovet anv\u00e4nds vid diagnos av\u00a0<a class=\"addtooltip\" title=\"Uppst\u00e5r n\u00e4r kransk\u00e4rlen blir tr\u00e4ngre eller helt blockerade. Det g\u00f6r att blodfl\u00f6det minskas, vilket kan leda till angina, hj\u00e4rtinfarkt och hj\u00e4rtsvikt.\" href=\"https:\/\/www.heartfailurematters.org\/sv\/att-forsta-hjartsvikt\/arbetsprov\/\"><strong>kransk\u00e4rlssjukdom<\/strong><\/a>, som \u00e4r en viktig riskfaktor f\u00f6r hj\u00e4rtsvikt, och f\u00f6r att utv\u00e4rdera din\u00a0<a class=\"addtooltip\" title=\" En term som anv\u00e4nds f\u00f6r att beskriva hur v\u00e4ltr\u00e4nad en person \u00e4r eller hur mycket man fysiskt klarar av. \" href=\"https:\/\/www.heartfailurematters.org\/sv\/att-forsta-hjartsvikt\/arbetsprov\/\"><strong> fysiska kapacitet<\/strong><\/a>.<\/p>\n<table border=\"1\" width=\"100%\" cellspacing=\"0\" cellpadding=\"0\">\n<tbody>\n<tr>\n<td width=\"100%\"><img decoding=\"async\" class=\"alignleft size-full wp-image-6742\" src=\"https:\/\/cdn-endpoint-hfm.azureedge.net\/heartfailurematters\/2021\/02\/Patient-during-an-exercise-test.jpg\" alt=\"\" width=\"211\" height=\"206\" \/><\/td>\n<\/tr>\n<tr>\n<td width=\"100%\"><span class=\"caption\">\u00a9 Siemens<\/span><br \/>\n<span style=\"font-size: medium;\">Patient under ett arbetsprov<\/span><\/td>\n<\/tr>\n<\/tbody>\n<\/table>\n<p>\u00c5terg\u00e5 till &#8221;Vanliga hj\u00e4rtsviktstester&#8221;<\/p>\n","protected":false},"excerpt":{"rendered":"<p>Arbetsprovhj\u00e4lper\u00a0 din l\u00e4kare att ta reda p\u00e5 hur v\u00e4l ditt hj\u00e4rta hanterar tr\u00e4ning eller stress. Testet inneb\u00e4r att du motionerar p\u00e5 ett l\u00f6pband medan din puls, andning, blodtryck och den elektriska aktiviteten i ditt hj\u00e4rta \u00f6vervakas. Du \u00e4r ansluten till \u00f6vervakningsutrustning och ombeds sedan att g\u00e5 l\u00e5ngsamt p\u00e5 ett l\u00f6pband eller cykla p\u00e5 en stillast\u00e5ende [&hellip;]<\/p>\n","protected":false},"author":1,"featured_media":10672,"parent":2421,"menu_order":0,"comment_status":"open","ping_status":"open","template":"","meta":{"_acf_changed":false,"footnotes":""},"categories":[],"tags":[],"class_list":["post-2592","page","type-page","status-publish","has-post-thumbnail","hentry"],"acf":[],"yoast_head":"<!-- This site is optimized with the Yoast SEO plugin v24.8.1 - https:\/\/yoast.com\/wordpress\/plugins\/seo\/ -->\n<title>Tr\u00e4ningstester vid hj\u00e4rtsvikt<\/title>\n<meta name=\"description\" content=\"Arbetsprov hj\u00e4lper din l\u00e4kare att ta reda p\u00e5 hur v\u00e4l ditt hj\u00e4rta hanterar tr\u00e4ning eller stress. Testet inneb\u00e4r att du motionerar p\u00e5 ett l\u00f6pband medan din puls, andning, blodtryck och den elektriska aktiviteten i ditt hj\u00e4rta \u00f6vervakas.\" \/>\n<meta name=\"robots\" content=\"index, follow, max-snippet:-1, max-image-preview:large, max-video-preview:-1\" \/>\n<link rel=\"canonical\" href=\"https:\/\/www.heartfailurematters.org\/sv\/att-forsta-hjartsvikt\/arbetsprov\/\" \/>\n<meta property=\"og:locale\" content=\"sv_SE\" \/>\n<meta property=\"og:type\" content=\"article\" \/>\n<meta property=\"og:title\" content=\"Tr\u00e4ningstester vid hj\u00e4rtsvikt\" \/>\n<meta property=\"og:description\" content=\"Arbetsprov hj\u00e4lper din l\u00e4kare att ta reda p\u00e5 hur v\u00e4l ditt hj\u00e4rta hanterar tr\u00e4ning eller stress. Testet inneb\u00e4r att du motionerar p\u00e5 ett l\u00f6pband medan din puls, andning, blodtryck och den elektriska aktiviteten i ditt hj\u00e4rta \u00f6vervakas.\" \/>\n<meta property=\"og:url\" content=\"https:\/\/www.heartfailurematters.org\/sv\/att-forsta-hjartsvikt\/arbetsprov\/\" \/>\n<meta property=\"og:site_name\" content=\"Heart Failure Matters\" \/>\n<meta property=\"article:publisher\" content=\"https:\/\/www.facebook.com\/heartfailurematters\" \/>\n<meta property=\"article:modified_time\" content=\"2021-07-27T14:04:36+00:00\" \/>\n<meta property=\"og:image\" content=\"https:\/\/www.heartfailurematters.org\/wp-content\/uploads\/2022\/02\/shutterstock_362699957-1-min.jpg\" \/>\n\t<meta property=\"og:image:width\" content=\"900\" \/>\n\t<meta property=\"og:image:height\" content=\"600\" \/>\n\t<meta property=\"og:image:type\" content=\"image\/jpeg\" \/>\n<meta name=\"twitter:card\" content=\"summary_large_image\" \/>\n<meta name=\"twitter:label1\" content=\"Ber\u00e4knad l\u00e4stid\" \/>\n\t<meta name=\"twitter:data1\" content=\"2 minuter\" \/>\n<script type=\"application\/ld+json\" class=\"yoast-schema-graph\">{\"@context\":\"https:\/\/schema.org\",\"@graph\":[{\"@type\":\"WebPage\",\"@id\":\"https:\/\/www.heartfailurematters.org\/sv\/att-forsta-hjartsvikt\/arbetsprov\/\",\"url\":\"https:\/\/www.heartfailurematters.org\/sv\/att-forsta-hjartsvikt\/arbetsprov\/\",\"name\":\"Tr\u00e4ningstester vid hj\u00e4rtsvikt\",\"isPartOf\":{\"@id\":\"https:\/\/www.heartfailurematters.org\/sv\/#website\"},\"primaryImageOfPage\":{\"@id\":\"https:\/\/www.heartfailurematters.org\/sv\/att-forsta-hjartsvikt\/arbetsprov\/#primaryimage\"},\"image\":{\"@id\":\"https:\/\/www.heartfailurematters.org\/sv\/att-forsta-hjartsvikt\/arbetsprov\/#primaryimage\"},\"thumbnailUrl\":\"https:\/\/www.heartfailurematters.org\/wp-content\/uploads\/2022\/02\/shutterstock_362699957-1-min.jpg\",\"datePublished\":\"2021-01-27T22:12:30+00:00\",\"dateModified\":\"2021-07-27T14:04:36+00:00\",\"description\":\"Arbetsprov hj\u00e4lper din l\u00e4kare att ta reda p\u00e5 hur v\u00e4l ditt hj\u00e4rta hanterar tr\u00e4ning eller stress. Testet inneb\u00e4r att du motionerar p\u00e5 ett l\u00f6pband medan din puls, andning, blodtryck och den elektriska aktiviteten i ditt hj\u00e4rta \u00f6vervakas.\",\"breadcrumb\":{\"@id\":\"https:\/\/www.heartfailurematters.org\/sv\/att-forsta-hjartsvikt\/arbetsprov\/#breadcrumb\"},\"inLanguage\":\"sv-SE\",\"potentialAction\":[{\"@type\":\"ReadAction\",\"target\":[\"https:\/\/www.heartfailurematters.org\/sv\/att-forsta-hjartsvikt\/arbetsprov\/\"]}]},{\"@type\":\"ImageObject\",\"inLanguage\":\"sv-SE\",\"@id\":\"https:\/\/www.heartfailurematters.org\/sv\/att-forsta-hjartsvikt\/arbetsprov\/#primaryimage\",\"url\":\"https:\/\/www.heartfailurematters.org\/wp-content\/uploads\/2022\/02\/shutterstock_362699957-1-min.jpg\",\"contentUrl\":\"https:\/\/www.heartfailurematters.org\/wp-content\/uploads\/2022\/02\/shutterstock_362699957-1-min.jpg\",\"width\":900,\"height\":600},{\"@type\":\"BreadcrumbList\",\"@id\":\"https:\/\/www.heartfailurematters.org\/sv\/att-forsta-hjartsvikt\/arbetsprov\/#breadcrumb\",\"itemListElement\":[{\"@type\":\"ListItem\",\"position\":1,\"name\":\"Hem\",\"item\":\"https:\/\/www.heartfailurematters.org\/sv\/\"},{\"@type\":\"ListItem\",\"position\":2,\"name\":\"Att f\u00f6rst\u00e5 hj\u00e4rtsvikt\",\"item\":\"https:\/\/www.heartfailurematters.org\/sv\/att-forsta-hjartsvikt\/\"},{\"@type\":\"ListItem\",\"position\":3,\"name\":\"Arbetsprov\"}]},{\"@type\":\"WebSite\",\"@id\":\"https:\/\/www.heartfailurematters.org\/sv\/#website\",\"url\":\"https:\/\/www.heartfailurematters.org\/sv\/\",\"name\":\"Heart Failure Matters\",\"description\":\"Practical information for patients, families and caregivers.\",\"publisher\":{\"@id\":\"https:\/\/www.heartfailurematters.org\/sv\/#organization\"},\"potentialAction\":[{\"@type\":\"SearchAction\",\"target\":{\"@type\":\"EntryPoint\",\"urlTemplate\":\"https:\/\/www.heartfailurematters.org\/sv\/?s={search_term_string}\"},\"query-input\":{\"@type\":\"PropertyValueSpecification\",\"valueRequired\":true,\"valueName\":\"search_term_string\"}}],\"inLanguage\":\"sv-SE\"},{\"@type\":\"Organization\",\"@id\":\"https:\/\/www.heartfailurematters.org\/sv\/#organization\",\"name\":\"Heart Failure Matters\",\"url\":\"https:\/\/www.heartfailurematters.org\/sv\/\",\"logo\":{\"@type\":\"ImageObject\",\"inLanguage\":\"sv-SE\",\"@id\":\"https:\/\/www.heartfailurematters.org\/sv\/#\/schema\/logo\/image\/\",\"url\":\"https:\/\/cdn-endpoint-hfm.azureedge.net\/heartfailurematters\/2024\/07\/hfm-logo1.jpg\",\"contentUrl\":\"https:\/\/cdn-endpoint-hfm.azureedge.net\/heartfailurematters\/2024\/07\/hfm-logo1.jpg\",\"width\":1280,\"height\":720,\"caption\":\"Heart Failure Matters\"},\"image\":{\"@id\":\"https:\/\/www.heartfailurematters.org\/sv\/#\/schema\/logo\/image\/\"},\"sameAs\":[\"https:\/\/www.facebook.com\/heartfailurematters\"]}]}<\/script>\n<!-- \/ Yoast SEO plugin. -->","yoast_head_json":{"title":"Tr\u00e4ningstester vid hj\u00e4rtsvikt","description":"Arbetsprov hj\u00e4lper din l\u00e4kare att ta reda p\u00e5 hur v\u00e4l ditt hj\u00e4rta hanterar tr\u00e4ning eller stress. Testet inneb\u00e4r att du motionerar p\u00e5 ett l\u00f6pband medan din puls, andning, blodtryck och den elektriska aktiviteten i ditt hj\u00e4rta \u00f6vervakas.","robots":{"index":"index","follow":"follow","max-snippet":"max-snippet:-1","max-image-preview":"max-image-preview:large","max-video-preview":"max-video-preview:-1"},"canonical":"https:\/\/www.heartfailurematters.org\/sv\/att-forsta-hjartsvikt\/arbetsprov\/","og_locale":"sv_SE","og_type":"article","og_title":"Tr\u00e4ningstester vid hj\u00e4rtsvikt","og_description":"Arbetsprov hj\u00e4lper din l\u00e4kare att ta reda p\u00e5 hur v\u00e4l ditt hj\u00e4rta hanterar tr\u00e4ning eller stress. Testet inneb\u00e4r att du motionerar p\u00e5 ett l\u00f6pband medan din puls, andning, blodtryck och den elektriska aktiviteten i ditt hj\u00e4rta \u00f6vervakas.","og_url":"https:\/\/www.heartfailurematters.org\/sv\/att-forsta-hjartsvikt\/arbetsprov\/","og_site_name":"Heart Failure Matters","article_publisher":"https:\/\/www.facebook.com\/heartfailurematters","article_modified_time":"2021-07-27T14:04:36+00:00","og_image":[{"width":900,"height":600,"url":"https:\/\/www.heartfailurematters.org\/wp-content\/uploads\/2022\/02\/shutterstock_362699957-1-min.jpg","type":"image\/jpeg"}],"twitter_card":"summary_large_image","twitter_misc":{"Ber\u00e4knad l\u00e4stid":"2 minuter"},"schema":{"@context":"https:\/\/schema.org","@graph":[{"@type":"WebPage","@id":"https:\/\/www.heartfailurematters.org\/sv\/att-forsta-hjartsvikt\/arbetsprov\/","url":"https:\/\/www.heartfailurematters.org\/sv\/att-forsta-hjartsvikt\/arbetsprov\/","name":"Tr\u00e4ningstester vid hj\u00e4rtsvikt","isPartOf":{"@id":"https:\/\/www.heartfailurematters.org\/sv\/#website"},"primaryImageOfPage":{"@id":"https:\/\/www.heartfailurematters.org\/sv\/att-forsta-hjartsvikt\/arbetsprov\/#primaryimage"},"image":{"@id":"https:\/\/www.heartfailurematters.org\/sv\/att-forsta-hjartsvikt\/arbetsprov\/#primaryimage"},"thumbnailUrl":"https:\/\/www.heartfailurematters.org\/wp-content\/uploads\/2022\/02\/shutterstock_362699957-1-min.jpg","datePublished":"2021-01-27T22:12:30+00:00","dateModified":"2021-07-27T14:04:36+00:00","description":"Arbetsprov hj\u00e4lper din l\u00e4kare att ta reda p\u00e5 hur v\u00e4l ditt hj\u00e4rta hanterar tr\u00e4ning eller stress. Testet inneb\u00e4r att du motionerar p\u00e5 ett l\u00f6pband medan din puls, andning, blodtryck och den elektriska aktiviteten i ditt hj\u00e4rta \u00f6vervakas.","breadcrumb":{"@id":"https:\/\/www.heartfailurematters.org\/sv\/att-forsta-hjartsvikt\/arbetsprov\/#breadcrumb"},"inLanguage":"sv-SE","potentialAction":[{"@type":"ReadAction","target":["https:\/\/www.heartfailurematters.org\/sv\/att-forsta-hjartsvikt\/arbetsprov\/"]}]},{"@type":"ImageObject","inLanguage":"sv-SE","@id":"https:\/\/www.heartfailurematters.org\/sv\/att-forsta-hjartsvikt\/arbetsprov\/#primaryimage","url":"https:\/\/www.heartfailurematters.org\/wp-content\/uploads\/2022\/02\/shutterstock_362699957-1-min.jpg","contentUrl":"https:\/\/www.heartfailurematters.org\/wp-content\/uploads\/2022\/02\/shutterstock_362699957-1-min.jpg","width":900,"height":600},{"@type":"BreadcrumbList","@id":"https:\/\/www.heartfailurematters.org\/sv\/att-forsta-hjartsvikt\/arbetsprov\/#breadcrumb","itemListElement":[{"@type":"ListItem","position":1,"name":"Hem","item":"https:\/\/www.heartfailurematters.org\/sv\/"},{"@type":"ListItem","position":2,"name":"Att f\u00f6rst\u00e5 hj\u00e4rtsvikt","item":"https:\/\/www.heartfailurematters.org\/sv\/att-forsta-hjartsvikt\/"},{"@type":"ListItem","position":3,"name":"Arbetsprov"}]},{"@type":"WebSite","@id":"https:\/\/www.heartfailurematters.org\/sv\/#website","url":"https:\/\/www.heartfailurematters.org\/sv\/","name":"Heart Failure Matters","description":"Practical information for patients, families and caregivers.","publisher":{"@id":"https:\/\/www.heartfailurematters.org\/sv\/#organization"},"potentialAction":[{"@type":"SearchAction","target":{"@type":"EntryPoint","urlTemplate":"https:\/\/www.heartfailurematters.org\/sv\/?s={search_term_string}"},"query-input":{"@type":"PropertyValueSpecification","valueRequired":true,"valueName":"search_term_string"}}],"inLanguage":"sv-SE"},{"@type":"Organization","@id":"https:\/\/www.heartfailurematters.org\/sv\/#organization","name":"Heart Failure Matters","url":"https:\/\/www.heartfailurematters.org\/sv\/","logo":{"@type":"ImageObject","inLanguage":"sv-SE","@id":"https:\/\/www.heartfailurematters.org\/sv\/#\/schema\/logo\/image\/","url":"https:\/\/cdn-endpoint-hfm.azureedge.net\/heartfailurematters\/2024\/07\/hfm-logo1.jpg","contentUrl":"https:\/\/cdn-endpoint-hfm.azureedge.net\/heartfailurematters\/2024\/07\/hfm-logo1.jpg","width":1280,"height":720,"caption":"Heart Failure Matters"},"image":{"@id":"https:\/\/www.heartfailurematters.org\/sv\/#\/schema\/logo\/image\/"},"sameAs":["https:\/\/www.facebook.com\/heartfailurematters"]}]}},"_links":{"self":[{"href":"https:\/\/www.heartfailurematters.org\/sv\/wp-json\/wp\/v2\/pages\/2592","targetHints":{"allow":["GET"]}}],"collection":[{"href":"https:\/\/www.heartfailurematters.org\/sv\/wp-json\/wp\/v2\/pages"}],"about":[{"href":"https:\/\/www.heartfailurematters.org\/sv\/wp-json\/wp\/v2\/types\/page"}],"author":[{"embeddable":true,"href":"https:\/\/www.heartfailurematters.org\/sv\/wp-json\/wp\/v2\/users\/1"}],"replies":[{"embeddable":true,"href":"https:\/\/www.heartfailurematters.org\/sv\/wp-json\/wp\/v2\/comments?post=2592"}],"version-history":[{"count":2,"href":"https:\/\/www.heartfailurematters.org\/sv\/wp-json\/wp\/v2\/pages\/2592\/revisions"}],"predecessor-version":[{"id":9608,"href":"https:\/\/www.heartfailurematters.org\/sv\/wp-json\/wp\/v2\/pages\/2592\/revisions\/9608"}],"up":[{"embeddable":true,"href":"https:\/\/www.heartfailurematters.org\/sv\/wp-json\/wp\/v2\/pages\/2421"}],"wp:featuredmedia":[{"embeddable":true,"href":"https:\/\/www.heartfailurematters.org\/sv\/wp-json\/wp\/v2\/media\/10672"}],"wp:attachment":[{"href":"https:\/\/www.heartfailurematters.org\/sv\/wp-json\/wp\/v2\/media?parent=2592"}],"wp:term":[{"taxonomy":"category","embeddable":true,"href":"https:\/\/www.heartfailurematters.org\/sv\/wp-json\/wp\/v2\/categories?post=2592"},{"taxonomy":"post_tag","embeddable":true,"href":"https:\/\/www.heartfailurematters.org\/sv\/wp-json\/wp\/v2\/tags?post=2592"}],"curies":[{"name":"wp","href":"https:\/\/api.w.org\/{rel}","templated":true}]}}