{"id":2590,"date":"2021-01-27T22:12:30","date_gmt":"2021-01-27T22:12:30","guid":{"rendered":"http:\/\/heartfailurematters.local:8888\/anpassa-kosten-vatska\/"},"modified":"2021-01-27T22:12:30","modified_gmt":"2021-01-27T22:12:30","slug":"anpassa-kosten-vatska","status":"publish","type":"page","link":"https:\/\/www.heartfailurematters.org\/sv\/vad-du-sjalv-kan-gora\/anpassa-kosten-vatska\/","title":{"rendered":"Anpassa kosten: v\u00e4tska"},"content":{"rendered":"<p>Att kontrollera intag av v\u00e4tska kan vara viktigt f\u00f6r vissa patienter med hj\u00e4rtsvikt.<\/p>\n<h2>Varf\u00f6r \u00e4r det viktigt att kontrollera v\u00e4tska?<\/h2>\n<p><a class=\"addtooltip\" title=\"N\u00e4r det finns f\u00f6r mycket v\u00e4tska i blodet som cirkulerar runt i kroppen och blodstockning uppst\u00e5r, stiger trycket i blodk\u00e4rlen. V\u00e4tska l\u00e4cker sedan ut i de omgivande v\u00e4vnaderna, d\u00e4r den ansamlas och leder till \u00f6dem.\"><strong>Kvarh\u00e5llande av vatten och salt <\/strong><\/a> leder till en \u00f6kad m\u00e4ngd v\u00e4tska i blodet. Ditt hj\u00e4rta m\u00e5ste arbeta h\u00e5rdare f\u00f6r att trycka runt den \u00f6kade m\u00e4ngden blod i kroppen. \u00d6verskottsv\u00e4tskan kan tryckas in i lungorna, vilket g\u00f6r det sv\u00e5rare att andas, in i buken vilket g\u00f6r det sv\u00e5rare att \u00e4ta och sm\u00e4lta maten, eller in i underbenen.<\/p>\n<h2>Hur kan du styra dina v\u00e4tskeintag?<\/h2>\n<p>Du kan f\u00f6rskrivas tabletter som&nbsp;<a class=\"addtooltip\" title=\" En grupp l\u00e4kemedel som p\u00e5verkar njurarna att producera mer urin, vilket minskar kvarh\u00e5llande av v\u00e4tska och blodstockning.\"><strong>diuretika<\/strong><\/a> f\u00f6r att hj\u00e4lpa dig bli av med extra v\u00e4tska. Du b\u00f6r dock se till att inte ers\u00e4tta detta vatten genom att dricka extra v\u00e4tska. Din l\u00e4kare eller sjuksk\u00f6terska kan rekommendera en m\u00e4ngd som du b\u00f6r dricka varje dag.<\/p>\n<p>H\u00e4r \u00e4r n\u00e5gra bra tips till dig som uppmanats att minska m\u00e4ngden v\u00e4tska du dricker:<\/p>\n<h2>Viktiga tips om hur du minskar v\u00e4tskem\u00e4ngden du dricker:<\/h2>\n<ul>\n<li>anv\u00e4nd sm\u00e5 koppar i st\u00e4llet f\u00f6r muggar<\/li>\n<li>f\u00f6rs\u00f6k sprida ditt dagliga intag \u00f6ver hela dagen<\/li>\n<li>f\u00f6rs\u00f6k dricka mycket kall eller mycket varm v\u00e4tska &#8211; det tar l\u00e4ngre tid<\/li>\n<li>Om det \u00e4r mycket varmt eller om du har feber eller diarr\u00e9, b\u00f6r du dricka 100-300 ml extra.<\/li>\n<\/ul>\n<h2>Viktiga tips n\u00e4r du \u00e4r t\u00f6rstig:<\/h2>\n<ul>\n<li>sug p\u00e5 en isbit<\/li>\n<li>begr\u00e4nsa koffeinhaltiga drycker (inklusive kaffe, te och vissa kolsyrade drycker)<\/li>\n<li>begr\u00e4nsa alkoholhaltiga drycker<\/li>\n<li>anv\u00e4nd bomullstoppar med citron och glycerin<\/li>\n<li>tugga tuggummi<\/li>\n<li>\u00e4t fryst frukt<\/li>\n<li>l\u00e4gg till citronsaft till ditt te eller mineralvatten.<\/li>\n<\/ul>\n<p><a href=\"https:\/\/www.heartfailurematters.org\/sv\/vad-du-sjalv-kan-gora\/anpassa-kosten\/\">\u00c5terg\u00e5 till &#8221;Anpassa kosten&#8221;<\/a><\/p>\n","protected":false},"excerpt":{"rendered":"<p>Att kontrollera intag av v\u00e4tska kan vara viktigt f\u00f6r vissa patienter med hj\u00e4rtsvikt. Varf\u00f6r \u00e4r det viktigt att kontrollera v\u00e4tska? Kvarh\u00e5llande av vatten och salt leder till en \u00f6kad m\u00e4ngd v\u00e4tska i blodet. Ditt hj\u00e4rta m\u00e5ste arbeta h\u00e5rdare f\u00f6r att trycka runt den \u00f6kade m\u00e4ngden blod i kroppen. \u00d6verskottsv\u00e4tskan kan tryckas in i lungorna, vilket [&hellip;]<\/p>\n","protected":false},"author":1,"featured_media":11023,"parent":2721,"menu_order":0,"comment_status":"open","ping_status":"open","template":"","meta":{"_acf_changed":false,"footnotes":""},"categories":[],"tags":[],"class_list":["post-2590","page","type-page","status-publish","has-post-thumbnail","hentry"],"acf":[],"yoast_head":"<!-- This site is optimized with the Yoast SEO plugin v24.8.1 - https:\/\/yoast.com\/wordpress\/plugins\/seo\/ -->\n<title>Anpassa kosten: v\u00e4tska<\/title>\n<meta name=\"description\" content=\"Att kontrollera intag av v\u00e4tska kan vara viktigt f\u00f6r patienter med hj\u00e4rtsvikt. Att kontrollera intag av v\u00e4tska kan vara viktigt f\u00f6r patienter med hj\u00e4rtsvikt.\" \/>\n<meta name=\"robots\" content=\"index, follow, max-snippet:-1, max-image-preview:large, max-video-preview:-1\" \/>\n<link rel=\"canonical\" href=\"https:\/\/www.heartfailurematters.org\/sv\/vad-du-sjalv-kan-gora\/anpassa-kosten-vatska\/\" \/>\n<meta property=\"og:locale\" content=\"sv_SE\" \/>\n<meta property=\"og:type\" content=\"article\" \/>\n<meta property=\"og:title\" content=\"Anpassa kosten: v\u00e4tska\" \/>\n<meta property=\"og:description\" content=\"Att kontrollera intag av v\u00e4tska kan vara viktigt f\u00f6r patienter med hj\u00e4rtsvikt. Att kontrollera intag av v\u00e4tska kan vara viktigt f\u00f6r patienter med hj\u00e4rtsvikt.\" \/>\n<meta property=\"og:url\" content=\"https:\/\/www.heartfailurematters.org\/sv\/vad-du-sjalv-kan-gora\/anpassa-kosten-vatska\/\" \/>\n<meta property=\"og:site_name\" content=\"Heart Failure Matters\" \/>\n<meta property=\"article:publisher\" content=\"https:\/\/www.facebook.com\/heartfailurematters\" \/>\n<meta property=\"og:image\" content=\"https:\/\/www.heartfailurematters.org\/wp-content\/uploads\/2022\/03\/shutterstock_1064420267-1-min.jpg\" \/>\n\t<meta property=\"og:image:width\" content=\"900\" \/>\n\t<meta property=\"og:image:height\" content=\"624\" \/>\n\t<meta property=\"og:image:type\" content=\"image\/jpeg\" \/>\n<meta name=\"twitter:card\" content=\"summary_large_image\" \/>\n<meta name=\"twitter:label1\" content=\"Ber\u00e4knad l\u00e4stid\" \/>\n\t<meta name=\"twitter:data1\" content=\"1 minut\" \/>\n<script type=\"application\/ld+json\" class=\"yoast-schema-graph\">{\"@context\":\"https:\/\/schema.org\",\"@graph\":[{\"@type\":\"WebPage\",\"@id\":\"https:\/\/www.heartfailurematters.org\/sv\/vad-du-sjalv-kan-gora\/anpassa-kosten-vatska\/\",\"url\":\"https:\/\/www.heartfailurematters.org\/sv\/vad-du-sjalv-kan-gora\/anpassa-kosten-vatska\/\",\"name\":\"Anpassa kosten: v\u00e4tska\",\"isPartOf\":{\"@id\":\"https:\/\/www.heartfailurematters.org\/sv\/#website\"},\"primaryImageOfPage\":{\"@id\":\"https:\/\/www.heartfailurematters.org\/sv\/vad-du-sjalv-kan-gora\/anpassa-kosten-vatska\/#primaryimage\"},\"image\":{\"@id\":\"https:\/\/www.heartfailurematters.org\/sv\/vad-du-sjalv-kan-gora\/anpassa-kosten-vatska\/#primaryimage\"},\"thumbnailUrl\":\"https:\/\/www.heartfailurematters.org\/wp-content\/uploads\/2022\/03\/shutterstock_1064420267-1-min.jpg\",\"datePublished\":\"2021-01-27T22:12:30+00:00\",\"description\":\"Att kontrollera intag av v\u00e4tska kan vara viktigt f\u00f6r patienter med hj\u00e4rtsvikt. Att kontrollera intag av v\u00e4tska kan vara viktigt f\u00f6r patienter med hj\u00e4rtsvikt.\",\"breadcrumb\":{\"@id\":\"https:\/\/www.heartfailurematters.org\/sv\/vad-du-sjalv-kan-gora\/anpassa-kosten-vatska\/#breadcrumb\"},\"inLanguage\":\"sv-SE\",\"potentialAction\":[{\"@type\":\"ReadAction\",\"target\":[\"https:\/\/www.heartfailurematters.org\/sv\/vad-du-sjalv-kan-gora\/anpassa-kosten-vatska\/\"]}]},{\"@type\":\"ImageObject\",\"inLanguage\":\"sv-SE\",\"@id\":\"https:\/\/www.heartfailurematters.org\/sv\/vad-du-sjalv-kan-gora\/anpassa-kosten-vatska\/#primaryimage\",\"url\":\"https:\/\/www.heartfailurematters.org\/wp-content\/uploads\/2022\/03\/shutterstock_1064420267-1-min.jpg\",\"contentUrl\":\"https:\/\/www.heartfailurematters.org\/wp-content\/uploads\/2022\/03\/shutterstock_1064420267-1-min.jpg\",\"width\":900,\"height\":624},{\"@type\":\"BreadcrumbList\",\"@id\":\"https:\/\/www.heartfailurematters.org\/sv\/vad-du-sjalv-kan-gora\/anpassa-kosten-vatska\/#breadcrumb\",\"itemListElement\":[{\"@type\":\"ListItem\",\"position\":1,\"name\":\"Hem\",\"item\":\"https:\/\/www.heartfailurematters.org\/sv\/\"},{\"@type\":\"ListItem\",\"position\":2,\"name\":\"Vad du kan g\u00f6ra f\u00f6r att hantera din hj\u00e4rtsvikt\",\"item\":\"https:\/\/www.heartfailurematters.org\/sv\/vad-du-sjalv-kan-gora\/\"},{\"@type\":\"ListItem\",\"position\":3,\"name\":\"Anpassa kosten: v\u00e4tska\"}]},{\"@type\":\"WebSite\",\"@id\":\"https:\/\/www.heartfailurematters.org\/sv\/#website\",\"url\":\"https:\/\/www.heartfailurematters.org\/sv\/\",\"name\":\"Heart Failure Matters\",\"description\":\"Practical information for patients, families and caregivers.\",\"publisher\":{\"@id\":\"https:\/\/www.heartfailurematters.org\/sv\/#organization\"},\"potentialAction\":[{\"@type\":\"SearchAction\",\"target\":{\"@type\":\"EntryPoint\",\"urlTemplate\":\"https:\/\/www.heartfailurematters.org\/sv\/?s={search_term_string}\"},\"query-input\":{\"@type\":\"PropertyValueSpecification\",\"valueRequired\":true,\"valueName\":\"search_term_string\"}}],\"inLanguage\":\"sv-SE\"},{\"@type\":\"Organization\",\"@id\":\"https:\/\/www.heartfailurematters.org\/sv\/#organization\",\"name\":\"Heart Failure Matters\",\"url\":\"https:\/\/www.heartfailurematters.org\/sv\/\",\"logo\":{\"@type\":\"ImageObject\",\"inLanguage\":\"sv-SE\",\"@id\":\"https:\/\/www.heartfailurematters.org\/sv\/#\/schema\/logo\/image\/\",\"url\":\"https:\/\/cdn-endpoint-hfm.azureedge.net\/heartfailurematters\/2024\/07\/hfm-logo1.jpg\",\"contentUrl\":\"https:\/\/cdn-endpoint-hfm.azureedge.net\/heartfailurematters\/2024\/07\/hfm-logo1.jpg\",\"width\":1280,\"height\":720,\"caption\":\"Heart Failure Matters\"},\"image\":{\"@id\":\"https:\/\/www.heartfailurematters.org\/sv\/#\/schema\/logo\/image\/\"},\"sameAs\":[\"https:\/\/www.facebook.com\/heartfailurematters\"]}]}<\/script>\n<!-- \/ Yoast SEO plugin. -->","yoast_head_json":{"title":"Anpassa kosten: v\u00e4tska","description":"Att kontrollera intag av v\u00e4tska kan vara viktigt f\u00f6r patienter med hj\u00e4rtsvikt. Att kontrollera intag av v\u00e4tska kan vara viktigt f\u00f6r patienter med hj\u00e4rtsvikt.","robots":{"index":"index","follow":"follow","max-snippet":"max-snippet:-1","max-image-preview":"max-image-preview:large","max-video-preview":"max-video-preview:-1"},"canonical":"https:\/\/www.heartfailurematters.org\/sv\/vad-du-sjalv-kan-gora\/anpassa-kosten-vatska\/","og_locale":"sv_SE","og_type":"article","og_title":"Anpassa kosten: v\u00e4tska","og_description":"Att kontrollera intag av v\u00e4tska kan vara viktigt f\u00f6r patienter med hj\u00e4rtsvikt. Att kontrollera intag av v\u00e4tska kan vara viktigt f\u00f6r patienter med hj\u00e4rtsvikt.","og_url":"https:\/\/www.heartfailurematters.org\/sv\/vad-du-sjalv-kan-gora\/anpassa-kosten-vatska\/","og_site_name":"Heart Failure Matters","article_publisher":"https:\/\/www.facebook.com\/heartfailurematters","og_image":[{"width":900,"height":624,"url":"https:\/\/www.heartfailurematters.org\/wp-content\/uploads\/2022\/03\/shutterstock_1064420267-1-min.jpg","type":"image\/jpeg"}],"twitter_card":"summary_large_image","twitter_misc":{"Ber\u00e4knad l\u00e4stid":"1 minut"},"schema":{"@context":"https:\/\/schema.org","@graph":[{"@type":"WebPage","@id":"https:\/\/www.heartfailurematters.org\/sv\/vad-du-sjalv-kan-gora\/anpassa-kosten-vatska\/","url":"https:\/\/www.heartfailurematters.org\/sv\/vad-du-sjalv-kan-gora\/anpassa-kosten-vatska\/","name":"Anpassa kosten: v\u00e4tska","isPartOf":{"@id":"https:\/\/www.heartfailurematters.org\/sv\/#website"},"primaryImageOfPage":{"@id":"https:\/\/www.heartfailurematters.org\/sv\/vad-du-sjalv-kan-gora\/anpassa-kosten-vatska\/#primaryimage"},"image":{"@id":"https:\/\/www.heartfailurematters.org\/sv\/vad-du-sjalv-kan-gora\/anpassa-kosten-vatska\/#primaryimage"},"thumbnailUrl":"https:\/\/www.heartfailurematters.org\/wp-content\/uploads\/2022\/03\/shutterstock_1064420267-1-min.jpg","datePublished":"2021-01-27T22:12:30+00:00","description":"Att kontrollera intag av v\u00e4tska kan vara viktigt f\u00f6r patienter med hj\u00e4rtsvikt. Att kontrollera intag av v\u00e4tska kan vara viktigt f\u00f6r patienter med hj\u00e4rtsvikt.","breadcrumb":{"@id":"https:\/\/www.heartfailurematters.org\/sv\/vad-du-sjalv-kan-gora\/anpassa-kosten-vatska\/#breadcrumb"},"inLanguage":"sv-SE","potentialAction":[{"@type":"ReadAction","target":["https:\/\/www.heartfailurematters.org\/sv\/vad-du-sjalv-kan-gora\/anpassa-kosten-vatska\/"]}]},{"@type":"ImageObject","inLanguage":"sv-SE","@id":"https:\/\/www.heartfailurematters.org\/sv\/vad-du-sjalv-kan-gora\/anpassa-kosten-vatska\/#primaryimage","url":"https:\/\/www.heartfailurematters.org\/wp-content\/uploads\/2022\/03\/shutterstock_1064420267-1-min.jpg","contentUrl":"https:\/\/www.heartfailurematters.org\/wp-content\/uploads\/2022\/03\/shutterstock_1064420267-1-min.jpg","width":900,"height":624},{"@type":"BreadcrumbList","@id":"https:\/\/www.heartfailurematters.org\/sv\/vad-du-sjalv-kan-gora\/anpassa-kosten-vatska\/#breadcrumb","itemListElement":[{"@type":"ListItem","position":1,"name":"Hem","item":"https:\/\/www.heartfailurematters.org\/sv\/"},{"@type":"ListItem","position":2,"name":"Vad du kan g\u00f6ra f\u00f6r att hantera din hj\u00e4rtsvikt","item":"https:\/\/www.heartfailurematters.org\/sv\/vad-du-sjalv-kan-gora\/"},{"@type":"ListItem","position":3,"name":"Anpassa kosten: v\u00e4tska"}]},{"@type":"WebSite","@id":"https:\/\/www.heartfailurematters.org\/sv\/#website","url":"https:\/\/www.heartfailurematters.org\/sv\/","name":"Heart Failure Matters","description":"Practical information for patients, families and caregivers.","publisher":{"@id":"https:\/\/www.heartfailurematters.org\/sv\/#organization"},"potentialAction":[{"@type":"SearchAction","target":{"@type":"EntryPoint","urlTemplate":"https:\/\/www.heartfailurematters.org\/sv\/?s={search_term_string}"},"query-input":{"@type":"PropertyValueSpecification","valueRequired":true,"valueName":"search_term_string"}}],"inLanguage":"sv-SE"},{"@type":"Organization","@id":"https:\/\/www.heartfailurematters.org\/sv\/#organization","name":"Heart Failure Matters","url":"https:\/\/www.heartfailurematters.org\/sv\/","logo":{"@type":"ImageObject","inLanguage":"sv-SE","@id":"https:\/\/www.heartfailurematters.org\/sv\/#\/schema\/logo\/image\/","url":"https:\/\/cdn-endpoint-hfm.azureedge.net\/heartfailurematters\/2024\/07\/hfm-logo1.jpg","contentUrl":"https:\/\/cdn-endpoint-hfm.azureedge.net\/heartfailurematters\/2024\/07\/hfm-logo1.jpg","width":1280,"height":720,"caption":"Heart Failure Matters"},"image":{"@id":"https:\/\/www.heartfailurematters.org\/sv\/#\/schema\/logo\/image\/"},"sameAs":["https:\/\/www.facebook.com\/heartfailurematters"]}]}},"_links":{"self":[{"href":"https:\/\/www.heartfailurematters.org\/sv\/wp-json\/wp\/v2\/pages\/2590","targetHints":{"allow":["GET"]}}],"collection":[{"href":"https:\/\/www.heartfailurematters.org\/sv\/wp-json\/wp\/v2\/pages"}],"about":[{"href":"https:\/\/www.heartfailurematters.org\/sv\/wp-json\/wp\/v2\/types\/page"}],"author":[{"embeddable":true,"href":"https:\/\/www.heartfailurematters.org\/sv\/wp-json\/wp\/v2\/users\/1"}],"replies":[{"embeddable":true,"href":"https:\/\/www.heartfailurematters.org\/sv\/wp-json\/wp\/v2\/comments?post=2590"}],"version-history":[{"count":0,"href":"https:\/\/www.heartfailurematters.org\/sv\/wp-json\/wp\/v2\/pages\/2590\/revisions"}],"up":[{"embeddable":true,"href":"https:\/\/www.heartfailurematters.org\/sv\/wp-json\/wp\/v2\/pages\/2721"}],"wp:featuredmedia":[{"embeddable":true,"href":"https:\/\/www.heartfailurematters.org\/sv\/wp-json\/wp\/v2\/media\/11023"}],"wp:attachment":[{"href":"https:\/\/www.heartfailurematters.org\/sv\/wp-json\/wp\/v2\/media?parent=2590"}],"wp:term":[{"taxonomy":"category","embeddable":true,"href":"https:\/\/www.heartfailurematters.org\/sv\/wp-json\/wp\/v2\/categories?post=2590"},{"taxonomy":"post_tag","embeddable":true,"href":"https:\/\/www.heartfailurematters.org\/sv\/wp-json\/wp\/v2\/tags?post=2590"}],"curies":[{"name":"wp","href":"https:\/\/api.w.org\/{rel}","templated":true}]}}