{"id":2587,"date":"2021-01-27T22:12:30","date_gmt":"2021-01-27T22:12:30","guid":{"rendered":"http:\/\/heartfailurematters.local:8888\/aktivitet-och-motion-2\/"},"modified":"2026-02-10T13:20:09","modified_gmt":"2026-02-10T13:20:09","slug":"aktivitet-och-motion","status":"publish","type":"page","link":"https:\/\/www.heartfailurematters.org\/sv\/att-leva-med-hjartsvikt\/aktivitet-och-motion\/","title":{"rendered":"Aktivitet och motion"},"content":{"rendered":"<p>Fysisk aktivitet och motion \u00e4r viktigt. Motion kan hj\u00e4lpa dig att m\u00e5 b\u00e4ttre \u00f6verlag, f\u00f6rb\u00e4ttra hj\u00e4rtats funktion och f\u00f6rb\u00e4ttra dina symtom. Skonsam fysisk aktivitet \u00e4r f\u00f6rdelaktigt f\u00f6r de flesta m\u00e4nniskor med hj\u00e4rtsvikt.<\/p>\n<h2>Hur?<\/h2>\n<p>Innan du p\u00e5b\u00f6rjar ett tr\u00e4ningsprogram eller \u00e4ndrar vilken typ av tr\u00e4ning du g\u00f6r, prata med din l\u00e4kare eller sjuksk\u00f6terska f\u00f6r att f\u00f6rs\u00e4kra dig om att du inte belastar hj\u00e4rtat f\u00f6r mycket eller f\u00f6r snabbt. Du kan kontakta ett lokalt hj\u00e4rtrehabiliteringscenter och fr\u00e5ga om de erbjuder program som passar din situation. De kan rekommendera att f\u00f6rst g\u00f6ra ett arbetstest f\u00f6r att fastst\u00e4lla vilken niv\u00e5 av uth\u00e5llighetstr\u00e4ning som \u00e4r b\u00e4st. Rehabiliteringsteamet kan ocks\u00e5 ge r\u00e5d om vilka aktiviteter som b\u00f6r undvikas.<\/p>\n<p>Nyckeln till framg\u00e5ng \u00e4r <strong>regelbunden<\/strong> fysisk aktivitet. Planera att tr\u00e4na en till tv\u00e5 timmar efter en l\u00e4tt m\u00e5ltid. <strong>V\u00e4lj en aktivitet som du tycker om<\/strong> f\u00f6r att g\u00f6ra fysisk aktivitet eller motion till en rutin i vardagen. Att tr\u00e4na med en v\u00e4n \u00e4r ocks\u00e5 en bra hj\u00e4lp eftersom ni kommer att kunna uppmuntra varandra. V\u00e4rm alltid upp och varva ner med en best\u00e4md period av stretchning innan du b\u00f6rjar tr\u00e4na \u2013 en kvalificerad instrukt\u00f6r kan visa dig hur du g\u00f6r detta p\u00e5 ett s\u00e4kert s\u00e4tt.<\/p>\n<p>Promenader \u00e4r en bra aktivitet att b\u00f6rja med. Om du redan promenerar och ser dig sj\u00e4lv som fysiskt aktiv kan du prova andra aktiviteter som du gillar, t.ex. att cykla eller g\u00e5 p\u00e5 gym. B\u00f6rja l\u00e5ngsamt och \u00f6ka gradvis avst\u00e5ndet eller intensiteten i aktiviteten i takt med att din styrka och kondition f\u00f6rb\u00e4ttras.<\/p>\n<p>En bra tumregel \u00e4r att <strong>du fortfarande ska kunna prata medan du tr\u00e4nar<\/strong>. Om du inte kan prata anstr\u00e4nger du dig f\u00f6rmodligen f\u00f6r mycket. Sakta ner om du upplever \u00f6kad andf\u00e5ddhet.<\/p>\n<p>Avbryt tr\u00e4ningen om du upplever yrsel, br\u00f6stsm\u00e4rta, illam\u00e5ende eller blir kallsvettig. Om symtomen kvarst\u00e5r, kontakta din l\u00e4kare eller sjuksk\u00f6terska.<\/p>\n<p>M\u00e5nga personer med hj\u00e4rtsvikt oroar sig f\u00f6r att inte l\u00e4ngre kunna leka med och lyfta upp sina barn eller barnbarn. Lyssna p\u00e5 kroppens signaler. Var f\u00f6rsiktig med aktiviteter som kr\u00e4ver att du h\u00e5ller andan, b\u00f6jer dig ner eller pl\u00f6tsliga kraftanstr\u00e4ngningar eftersom det kan ge obehagliga symtom.<\/p>\n","protected":false},"excerpt":{"rendered":"<p>Fysisk aktivitet och motion \u00e4r viktigt. Motion kan hj\u00e4lpa dig att m\u00e5 b\u00e4ttre \u00f6verlag, f\u00f6rb\u00e4ttra hj\u00e4rtats funktion och f\u00f6rb\u00e4ttra dina symtom. Skonsam fysisk aktivitet \u00e4r f\u00f6rdelaktigt f\u00f6r de flesta m\u00e4nniskor med hj\u00e4rtsvikt. Hur? Innan du p\u00e5b\u00f6rjar ett tr\u00e4ningsprogram eller \u00e4ndrar vilken typ av tr\u00e4ning du g\u00f6r, prata med din l\u00e4kare eller sjuksk\u00f6terska f\u00f6r att f\u00f6rs\u00e4kra [&hellip;]<\/p>\n","protected":false},"author":1,"featured_media":10990,"parent":2818,"menu_order":0,"comment_status":"open","ping_status":"open","template":"","meta":{"_acf_changed":false,"footnotes":""},"categories":[],"tags":[],"class_list":["post-2587","page","type-page","status-publish","has-post-thumbnail","hentry"],"acf":[],"yoast_head":"<!-- This site is optimized with the Yoast SEO plugin v24.8.1 - https:\/\/yoast.com\/wordpress\/plugins\/seo\/ -->\n<title>Aktivitet och motion med hj\u00e4rtsvikt<\/title>\n<meta name=\"description\" content=\"Aktivitet kan f\u00f6rb\u00e4ttra hj\u00e4rtats funktion genom att minska arbetsbelastningen och g\u00f6ra det m\u00f6jligt f\u00f6r det att sl\u00e5 mer effektivt. Detta kommer att f\u00f6rb\u00e4ttra dina symtom.\" \/>\n<meta name=\"robots\" content=\"index, follow, max-snippet:-1, max-image-preview:large, max-video-preview:-1\" \/>\n<link rel=\"canonical\" href=\"https:\/\/www.heartfailurematters.org\/sv\/att-leva-med-hjartsvikt\/aktivitet-och-motion\/\" \/>\n<meta property=\"og:locale\" content=\"sv_SE\" \/>\n<meta property=\"og:type\" content=\"article\" \/>\n<meta property=\"og:title\" content=\"Aktivitet och motion med hj\u00e4rtsvikt\" \/>\n<meta property=\"og:description\" content=\"Aktivitet kan f\u00f6rb\u00e4ttra hj\u00e4rtats funktion genom att minska arbetsbelastningen och g\u00f6ra det m\u00f6jligt f\u00f6r det att sl\u00e5 mer effektivt. Detta kommer att f\u00f6rb\u00e4ttra dina symtom.\" \/>\n<meta property=\"og:url\" content=\"https:\/\/www.heartfailurematters.org\/sv\/att-leva-med-hjartsvikt\/aktivitet-och-motion\/\" \/>\n<meta property=\"og:site_name\" content=\"Heart Failure Matters\" \/>\n<meta property=\"article:publisher\" content=\"https:\/\/www.facebook.com\/heartfailurematters\" \/>\n<meta property=\"article:modified_time\" content=\"2026-02-10T13:20:09+00:00\" \/>\n<meta property=\"og:image\" content=\"https:\/\/www.heartfailurematters.org\/wp-content\/uploads\/2022\/03\/shutterstock_1215825016-1-min.jpg\" \/>\n\t<meta property=\"og:image:width\" content=\"900\" \/>\n\t<meta property=\"og:image:height\" content=\"601\" \/>\n\t<meta property=\"og:image:type\" content=\"image\/jpeg\" \/>\n<meta name=\"twitter:card\" content=\"summary_large_image\" \/>\n<meta name=\"twitter:label1\" content=\"Ber\u00e4knad l\u00e4stid\" \/>\n\t<meta name=\"twitter:data1\" content=\"2 minuter\" \/>\n<script type=\"application\/ld+json\" class=\"yoast-schema-graph\">{\"@context\":\"https:\/\/schema.org\",\"@graph\":[{\"@type\":\"WebPage\",\"@id\":\"https:\/\/www.heartfailurematters.org\/sv\/att-leva-med-hjartsvikt\/aktivitet-och-motion\/\",\"url\":\"https:\/\/www.heartfailurematters.org\/sv\/att-leva-med-hjartsvikt\/aktivitet-och-motion\/\",\"name\":\"Aktivitet och motion med hj\u00e4rtsvikt\",\"isPartOf\":{\"@id\":\"https:\/\/www.heartfailurematters.org\/sv\/#website\"},\"primaryImageOfPage\":{\"@id\":\"https:\/\/www.heartfailurematters.org\/sv\/att-leva-med-hjartsvikt\/aktivitet-och-motion\/#primaryimage\"},\"image\":{\"@id\":\"https:\/\/www.heartfailurematters.org\/sv\/att-leva-med-hjartsvikt\/aktivitet-och-motion\/#primaryimage\"},\"thumbnailUrl\":\"https:\/\/www.heartfailurematters.org\/wp-content\/uploads\/2022\/03\/shutterstock_1215825016-1-min.jpg\",\"datePublished\":\"2021-01-27T22:12:30+00:00\",\"dateModified\":\"2026-02-10T13:20:09+00:00\",\"description\":\"Aktivitet kan f\u00f6rb\u00e4ttra hj\u00e4rtats funktion genom att minska arbetsbelastningen och g\u00f6ra det m\u00f6jligt f\u00f6r det att sl\u00e5 mer effektivt. Detta kommer att f\u00f6rb\u00e4ttra dina symtom.\",\"breadcrumb\":{\"@id\":\"https:\/\/www.heartfailurematters.org\/sv\/att-leva-med-hjartsvikt\/aktivitet-och-motion\/#breadcrumb\"},\"inLanguage\":\"sv-SE\",\"potentialAction\":[{\"@type\":\"ReadAction\",\"target\":[\"https:\/\/www.heartfailurematters.org\/sv\/att-leva-med-hjartsvikt\/aktivitet-och-motion\/\"]}]},{\"@type\":\"ImageObject\",\"inLanguage\":\"sv-SE\",\"@id\":\"https:\/\/www.heartfailurematters.org\/sv\/att-leva-med-hjartsvikt\/aktivitet-och-motion\/#primaryimage\",\"url\":\"https:\/\/www.heartfailurematters.org\/wp-content\/uploads\/2022\/03\/shutterstock_1215825016-1-min.jpg\",\"contentUrl\":\"https:\/\/www.heartfailurematters.org\/wp-content\/uploads\/2022\/03\/shutterstock_1215825016-1-min.jpg\",\"width\":900,\"height\":601},{\"@type\":\"BreadcrumbList\",\"@id\":\"https:\/\/www.heartfailurematters.org\/sv\/att-leva-med-hjartsvikt\/aktivitet-och-motion\/#breadcrumb\",\"itemListElement\":[{\"@type\":\"ListItem\",\"position\":1,\"name\":\"Hem\",\"item\":\"https:\/\/www.heartfailurematters.org\/sv\/\"},{\"@type\":\"ListItem\",\"position\":2,\"name\":\"Att leva med hj\u00e4rtsvikt\",\"item\":\"https:\/\/www.heartfailurematters.org\/sv\/att-leva-med-hjartsvikt\/\"},{\"@type\":\"ListItem\",\"position\":3,\"name\":\"Aktivitet och motion\"}]},{\"@type\":\"WebSite\",\"@id\":\"https:\/\/www.heartfailurematters.org\/sv\/#website\",\"url\":\"https:\/\/www.heartfailurematters.org\/sv\/\",\"name\":\"Heart Failure Matters\",\"description\":\"Practical information for patients, families and caregivers.\",\"publisher\":{\"@id\":\"https:\/\/www.heartfailurematters.org\/sv\/#organization\"},\"potentialAction\":[{\"@type\":\"SearchAction\",\"target\":{\"@type\":\"EntryPoint\",\"urlTemplate\":\"https:\/\/www.heartfailurematters.org\/sv\/?s={search_term_string}\"},\"query-input\":{\"@type\":\"PropertyValueSpecification\",\"valueRequired\":true,\"valueName\":\"search_term_string\"}}],\"inLanguage\":\"sv-SE\"},{\"@type\":\"Organization\",\"@id\":\"https:\/\/www.heartfailurematters.org\/sv\/#organization\",\"name\":\"Heart Failure Matters\",\"url\":\"https:\/\/www.heartfailurematters.org\/sv\/\",\"logo\":{\"@type\":\"ImageObject\",\"inLanguage\":\"sv-SE\",\"@id\":\"https:\/\/www.heartfailurematters.org\/sv\/#\/schema\/logo\/image\/\",\"url\":\"https:\/\/cdn-endpoint-hfm.azureedge.net\/heartfailurematters\/2024\/07\/hfm-logo1.jpg\",\"contentUrl\":\"https:\/\/cdn-endpoint-hfm.azureedge.net\/heartfailurematters\/2024\/07\/hfm-logo1.jpg\",\"width\":1280,\"height\":720,\"caption\":\"Heart Failure Matters\"},\"image\":{\"@id\":\"https:\/\/www.heartfailurematters.org\/sv\/#\/schema\/logo\/image\/\"},\"sameAs\":[\"https:\/\/www.facebook.com\/heartfailurematters\"]}]}<\/script>\n<!-- \/ Yoast SEO plugin. -->","yoast_head_json":{"title":"Aktivitet och motion med hj\u00e4rtsvikt","description":"Aktivitet kan f\u00f6rb\u00e4ttra hj\u00e4rtats funktion genom att minska arbetsbelastningen och g\u00f6ra det m\u00f6jligt f\u00f6r det att sl\u00e5 mer effektivt. Detta kommer att f\u00f6rb\u00e4ttra dina symtom.","robots":{"index":"index","follow":"follow","max-snippet":"max-snippet:-1","max-image-preview":"max-image-preview:large","max-video-preview":"max-video-preview:-1"},"canonical":"https:\/\/www.heartfailurematters.org\/sv\/att-leva-med-hjartsvikt\/aktivitet-och-motion\/","og_locale":"sv_SE","og_type":"article","og_title":"Aktivitet och motion med hj\u00e4rtsvikt","og_description":"Aktivitet kan f\u00f6rb\u00e4ttra hj\u00e4rtats funktion genom att minska arbetsbelastningen och g\u00f6ra det m\u00f6jligt f\u00f6r det att sl\u00e5 mer effektivt. Detta kommer att f\u00f6rb\u00e4ttra dina symtom.","og_url":"https:\/\/www.heartfailurematters.org\/sv\/att-leva-med-hjartsvikt\/aktivitet-och-motion\/","og_site_name":"Heart Failure Matters","article_publisher":"https:\/\/www.facebook.com\/heartfailurematters","article_modified_time":"2026-02-10T13:20:09+00:00","og_image":[{"width":900,"height":601,"url":"https:\/\/www.heartfailurematters.org\/wp-content\/uploads\/2022\/03\/shutterstock_1215825016-1-min.jpg","type":"image\/jpeg"}],"twitter_card":"summary_large_image","twitter_misc":{"Ber\u00e4knad l\u00e4stid":"2 minuter"},"schema":{"@context":"https:\/\/schema.org","@graph":[{"@type":"WebPage","@id":"https:\/\/www.heartfailurematters.org\/sv\/att-leva-med-hjartsvikt\/aktivitet-och-motion\/","url":"https:\/\/www.heartfailurematters.org\/sv\/att-leva-med-hjartsvikt\/aktivitet-och-motion\/","name":"Aktivitet och motion med hj\u00e4rtsvikt","isPartOf":{"@id":"https:\/\/www.heartfailurematters.org\/sv\/#website"},"primaryImageOfPage":{"@id":"https:\/\/www.heartfailurematters.org\/sv\/att-leva-med-hjartsvikt\/aktivitet-och-motion\/#primaryimage"},"image":{"@id":"https:\/\/www.heartfailurematters.org\/sv\/att-leva-med-hjartsvikt\/aktivitet-och-motion\/#primaryimage"},"thumbnailUrl":"https:\/\/www.heartfailurematters.org\/wp-content\/uploads\/2022\/03\/shutterstock_1215825016-1-min.jpg","datePublished":"2021-01-27T22:12:30+00:00","dateModified":"2026-02-10T13:20:09+00:00","description":"Aktivitet kan f\u00f6rb\u00e4ttra hj\u00e4rtats funktion genom att minska arbetsbelastningen och g\u00f6ra det m\u00f6jligt f\u00f6r det att sl\u00e5 mer effektivt. Detta kommer att f\u00f6rb\u00e4ttra dina symtom.","breadcrumb":{"@id":"https:\/\/www.heartfailurematters.org\/sv\/att-leva-med-hjartsvikt\/aktivitet-och-motion\/#breadcrumb"},"inLanguage":"sv-SE","potentialAction":[{"@type":"ReadAction","target":["https:\/\/www.heartfailurematters.org\/sv\/att-leva-med-hjartsvikt\/aktivitet-och-motion\/"]}]},{"@type":"ImageObject","inLanguage":"sv-SE","@id":"https:\/\/www.heartfailurematters.org\/sv\/att-leva-med-hjartsvikt\/aktivitet-och-motion\/#primaryimage","url":"https:\/\/www.heartfailurematters.org\/wp-content\/uploads\/2022\/03\/shutterstock_1215825016-1-min.jpg","contentUrl":"https:\/\/www.heartfailurematters.org\/wp-content\/uploads\/2022\/03\/shutterstock_1215825016-1-min.jpg","width":900,"height":601},{"@type":"BreadcrumbList","@id":"https:\/\/www.heartfailurematters.org\/sv\/att-leva-med-hjartsvikt\/aktivitet-och-motion\/#breadcrumb","itemListElement":[{"@type":"ListItem","position":1,"name":"Hem","item":"https:\/\/www.heartfailurematters.org\/sv\/"},{"@type":"ListItem","position":2,"name":"Att leva med hj\u00e4rtsvikt","item":"https:\/\/www.heartfailurematters.org\/sv\/att-leva-med-hjartsvikt\/"},{"@type":"ListItem","position":3,"name":"Aktivitet och motion"}]},{"@type":"WebSite","@id":"https:\/\/www.heartfailurematters.org\/sv\/#website","url":"https:\/\/www.heartfailurematters.org\/sv\/","name":"Heart Failure Matters","description":"Practical information for patients, families and caregivers.","publisher":{"@id":"https:\/\/www.heartfailurematters.org\/sv\/#organization"},"potentialAction":[{"@type":"SearchAction","target":{"@type":"EntryPoint","urlTemplate":"https:\/\/www.heartfailurematters.org\/sv\/?s={search_term_string}"},"query-input":{"@type":"PropertyValueSpecification","valueRequired":true,"valueName":"search_term_string"}}],"inLanguage":"sv-SE"},{"@type":"Organization","@id":"https:\/\/www.heartfailurematters.org\/sv\/#organization","name":"Heart Failure Matters","url":"https:\/\/www.heartfailurematters.org\/sv\/","logo":{"@type":"ImageObject","inLanguage":"sv-SE","@id":"https:\/\/www.heartfailurematters.org\/sv\/#\/schema\/logo\/image\/","url":"https:\/\/cdn-endpoint-hfm.azureedge.net\/heartfailurematters\/2024\/07\/hfm-logo1.jpg","contentUrl":"https:\/\/cdn-endpoint-hfm.azureedge.net\/heartfailurematters\/2024\/07\/hfm-logo1.jpg","width":1280,"height":720,"caption":"Heart Failure Matters"},"image":{"@id":"https:\/\/www.heartfailurematters.org\/sv\/#\/schema\/logo\/image\/"},"sameAs":["https:\/\/www.facebook.com\/heartfailurematters"]}]}},"_links":{"self":[{"href":"https:\/\/www.heartfailurematters.org\/sv\/wp-json\/wp\/v2\/pages\/2587","targetHints":{"allow":["GET"]}}],"collection":[{"href":"https:\/\/www.heartfailurematters.org\/sv\/wp-json\/wp\/v2\/pages"}],"about":[{"href":"https:\/\/www.heartfailurematters.org\/sv\/wp-json\/wp\/v2\/types\/page"}],"author":[{"embeddable":true,"href":"https:\/\/www.heartfailurematters.org\/sv\/wp-json\/wp\/v2\/users\/1"}],"replies":[{"embeddable":true,"href":"https:\/\/www.heartfailurematters.org\/sv\/wp-json\/wp\/v2\/comments?post=2587"}],"version-history":[{"count":1,"href":"https:\/\/www.heartfailurematters.org\/sv\/wp-json\/wp\/v2\/pages\/2587\/revisions"}],"predecessor-version":[{"id":13876,"href":"https:\/\/www.heartfailurematters.org\/sv\/wp-json\/wp\/v2\/pages\/2587\/revisions\/13876"}],"up":[{"embeddable":true,"href":"https:\/\/www.heartfailurematters.org\/sv\/wp-json\/wp\/v2\/pages\/2818"}],"wp:featuredmedia":[{"embeddable":true,"href":"https:\/\/www.heartfailurematters.org\/sv\/wp-json\/wp\/v2\/media\/10990"}],"wp:attachment":[{"href":"https:\/\/www.heartfailurematters.org\/sv\/wp-json\/wp\/v2\/media?parent=2587"}],"wp:term":[{"taxonomy":"category","embeddable":true,"href":"https:\/\/www.heartfailurematters.org\/sv\/wp-json\/wp\/v2\/categories?post=2587"},{"taxonomy":"post_tag","embeddable":true,"href":"https:\/\/www.heartfailurematters.org\/sv\/wp-json\/wp\/v2\/tags?post=2587"}],"curies":[{"name":"wp","href":"https:\/\/api.w.org\/{rel}","templated":true}]}}