{"id":2580,"date":"2021-01-27T22:12:22","date_gmt":"2021-01-27T22:12:22","guid":{"rendered":"http:\/\/heartfailurematters.local:8888\/vad-orsakar-hjartsvikt\/"},"modified":"2026-02-10T13:20:04","modified_gmt":"2026-02-10T13:20:04","slug":"vad-orsakar-hjartsvikt","status":"publish","type":"page","link":"https:\/\/www.heartfailurematters.org\/sv\/att-forsta-hjartsvikt\/vad-orsakar-hjartsvikt\/","title":{"rendered":"Vad orsakar hj\u00e4rtsvikt?"},"content":{"rendered":"<p>Patienter och v\u00e5rdare ber\u00e4ttar att det \u00e4r viktigt att veta varf\u00f6r de har hj\u00e4rtsvikt, eftersom det s\u00e4tter in diagnosen i ett sammanhang. Hj\u00e4rtsvikt kan orsakas av nuvarande eller tidigare medicinska tillst\u00e5nd, som antingen skadar hj\u00e4rtat eller belastar hj\u00e4rtat ytterligare. Om du har (eller har haft) fler \u00e4n ett av dessa tillst\u00e5nd \u00e4r risken f\u00f6r hj\u00e4rtsvikt v\u00e4sentligt h\u00f6gre. Din l\u00e4kare kan ber\u00e4tta vad det \u00e4r som kan ha orsakat din hj\u00e4rtsvikt.<\/p>\n<p>Det h\u00e4r avsnittet inneh\u00e5ller en lista med olika tillst\u00e5nd som kan orsaka eller utl\u00f6sa hj\u00e4rtsvikt, med en f\u00f6rklaring av varje tillst\u00e5nd och hur det kan orsaka hj\u00e4rtsvikt. Klicka p\u00e5 n\u00e5got av tillst\u00e5nden nedan f\u00f6r att l\u00e4sa mer.<\/p>\n<p>N\u00e5gra av de vanligaste orsakerna till hj\u00e4rtsvikt:<\/p>\n<ul>\n<li><a title=\"Tidigare hj\u00e4rtinfarkt\" href=\"https:\/\/www.heartfailurematters.org\/heart-failure-causes-and-other-common-medical-conditions\/past-heart-attacks\/\">Tidigare hj\u00e4rtinfarkt<\/a><\/li>\n<li><a title=\"Kransk\u00e4rlssjukdom\" href=\"https:\/\/www.heartfailurematters.org\/heart-failure-causes-and-other-common-medical-conditions\/coronary-artery-disease\/\">Kransk\u00e4rlssjukdom<\/a><\/li>\n<li><a title=\"H\u00f6gt blodtryck\" href=\"https:\/\/www.heartfailurematters.org\/heart-failure-causes-and-other-common-medical-conditions\/high-blood-pressure\/\">H\u00f6gt blodtryck<\/a><\/li>\n<li><a title=\"Hj\u00e4rtklaffssjukdom\" href=\"https:\/\/www.heartfailurematters.org\/heart-failure-causes-and-other-common-medical-conditions\/valvular-heart-disease-and-heart-failure\/\">Hj\u00e4rtklaffssjukdom<\/a><\/li>\n<li><a title=\"Hj\u00e4rtmuskelsjukdom eller hj\u00e4rtinflammation\" href=\"https:\/\/www.heartfailurematters.org\/heart-failure-causes-and-other-common-medical-conditions\/heart-muscle-disease-or-inflammation-of-the-heart\/\">Hj\u00e4rtmuskelsjukdom eller hj\u00e4rtinflammation<\/a><\/li>\n<li><a title=\"Medf\u00f6dda hj\u00e4rtfel\" href=\"https:\/\/www.heartfailurematters.org\/heart-failure-causes-and-other-common-medical-conditions\/adult-congenital-heart-disease\/\">Medf\u00f6dda hj\u00e4rtfel<\/a><\/li>\n<li><a title=\"Lungf\u00f6rh\u00e5llanden\" href=\"https:\/\/www.heartfailurematters.org\/heart-failure-causes-and-other-common-medical-conditions\/lung-disease\/\">Lungf\u00f6rh\u00e5llanden<\/a><\/li>\n<li><a title=\"Missbruk av alkohol\/droger\" href=\"https:\/\/www.heartfailurematters.org\/heart-failure-causes-and-other-common-medical-conditions\/alcohol-drug-abuse\/\">Missbruk av alkohol\/droger<\/a><\/li>\n<\/ul>\n<p>I vissa fall, n\u00e4r en persons kropp kompenserar hj\u00e4rtsvikten v\u00e4l, kan symtom utvecklas om hj\u00e4rtat tillf\u00e4lligt inte kan tillgodose kroppens behov. F\u00f6rh\u00e5llanden som kan utl\u00f6sa denna typ av hj\u00e4rtsvikt \u00e4r:<\/p>\n<ul>\n<li><a title=\"Infektion\" href=\"https:\/\/www.heartfailurematters.org\/heart-failure-causes-and-other-common-medical-conditions\/infection\/\">Infektion<\/a><\/li>\n<li><a title=\"Njursjukdom \/ d\u00e5lig njurfunktion\" href=\"https:\/\/www.heartfailurematters.org\/heart-failure-causes-and-other-common-medical-conditions\/kidney-disease-poor-kidney-function\/\">Njursjukdom \/ d\u00e5lig njurfunktion<\/a><\/li>\n<li><a title=\"Anemi\" href=\"https:\/\/www.heartfailurematters.org\/heart-failure-causes-and-other-common-medical-conditions\/anaemia\/\">Anemi<\/a><\/li>\n<li><a href=\"https:\/\/www.heartfailurematters.org\/heart-failure-causes-and-other-common-medical-conditions\/iron-deficiency\/\">J\u00e4rnbrist <\/a><\/li>\n<li><a title=\"Onormal hj\u00e4rtrytm\" href=\"https:\/\/www.heartfailurematters.org\/heart-failure-causes-and-other-common-medical-conditions\/abnormal-heart-rhythm-atrial-fibrillation\/\">Onormal hj\u00e4rtrytm<\/a><\/li>\n<li><a title=\"\u00d6veraktiv sk\u00f6ldk\u00f6rtel\" href=\"https:\/\/www.heartfailurematters.org\/heart-failure-causes-and-other-common-medical-conditions\/abnormal-thyroid-function\/\">\u00d6veraktiv sk\u00f6ldk\u00f6rtel<\/a><\/li>\n<\/ul>\n<p>Om dessa utl\u00f6sande faktorer behandlas, kan hj\u00e4rtsvikten ofta bli b\u00e4ttre.<\/p>\n<p>Andra tillst\u00e5nd, s\u00e5som <a title=\"Diabetes\" href=\"https:\/\/www.heartfailurematters.org\/heart-failure-causes-and-other-common-medical-conditions\/diabetes\/\">diabetes<\/a>, kan f\u00f6rv\u00e4rra hj\u00e4rtsvikt.<\/p>\n<p>Personer med hj\u00e4rtsvikt utvecklar dessutom ofta symtom om de slutar ta l\u00e4kemedel eller inte f\u00f6ljer sin behandlingsplan till fullo.<\/p>\n<p>Klicka h\u00e4r f\u00f6r att f\u00e5 <a title=\"Tips om hur du hanterar dina l\u00e4kemedel och f\u00f6ljer behandlingsplanen\" href=\"https:\/\/www.heartfailurematters.org\/what-your-doctor-can-do\/the-importance-of-taking-your-medicines\/\">tips om hur du b\u00e4st hanterar dina l\u00e4kemedel och f\u00f6ljer behandlingsplanen<\/a>.<\/p>\n<p>En del personer vet inte varf\u00f6r de drabbats av hj\u00e4rtsvikt och lider inte av n\u00e5gon av de sjukdomar som anges ovan.<\/p>\n<p>Om du \u00e4r os\u00e4ker p\u00e5 orsaken till din hj\u00e4rtsvikt, b\u00f6r du ta upp det med din l\u00e4kare.<\/p>\n","protected":false},"excerpt":{"rendered":"<p>Patienter och v\u00e5rdare ber\u00e4ttar att det \u00e4r viktigt att veta varf\u00f6r de har hj\u00e4rtsvikt, eftersom det s\u00e4tter in diagnosen i ett sammanhang. Hj\u00e4rtsvikt kan orsakas av nuvarande eller tidigare medicinska tillst\u00e5nd, som antingen skadar hj\u00e4rtat eller belastar hj\u00e4rtat ytterligare. Om du har (eller har haft) fler \u00e4n ett av dessa tillst\u00e5nd \u00e4r risken f\u00f6r hj\u00e4rtsvikt [&hellip;]<\/p>\n","protected":false},"author":1,"featured_media":0,"parent":2421,"menu_order":12,"comment_status":"open","ping_status":"closed","template":"","meta":{"_acf_changed":false,"footnotes":""},"categories":[124],"tags":[],"class_list":["post-2580","page","type-page","status-publish","hentry","category-understanding-heart-failure-sv"],"acf":[],"yoast_head":"<!-- This site is optimized with the Yoast SEO plugin v24.8.1 - https:\/\/yoast.com\/wordpress\/plugins\/seo\/ -->\n<title>Vad orsakar hj\u00e4rtsvikt hos patienter?<\/title>\n<meta name=\"description\" content=\"H\u00e4r \u00e4r en lista med olika tillst\u00e5nd som kan orsaka eller utl\u00f6sa hj\u00e4rtsvikt och som f\u00f6rklarar varje tillst\u00e5nd och hur det kan orsaka hj\u00e4rtsvikt.\" \/>\n<meta name=\"robots\" content=\"index, follow, max-snippet:-1, max-image-preview:large, max-video-preview:-1\" \/>\n<link rel=\"canonical\" href=\"https:\/\/www.heartfailurematters.org\/sv\/att-forsta-hjartsvikt\/vad-orsakar-hjartsvikt\/\" \/>\n<meta property=\"og:locale\" content=\"sv_SE\" \/>\n<meta property=\"og:type\" content=\"article\" \/>\n<meta property=\"og:title\" content=\"Vad orsakar hj\u00e4rtsvikt hos patienter?\" \/>\n<meta property=\"og:description\" content=\"H\u00e4r \u00e4r en lista med olika tillst\u00e5nd som kan orsaka eller utl\u00f6sa hj\u00e4rtsvikt och som f\u00f6rklarar varje tillst\u00e5nd och hur det kan orsaka hj\u00e4rtsvikt.\" \/>\n<meta property=\"og:url\" content=\"https:\/\/www.heartfailurematters.org\/sv\/att-forsta-hjartsvikt\/vad-orsakar-hjartsvikt\/\" \/>\n<meta property=\"og:site_name\" content=\"Heart Failure Matters\" \/>\n<meta property=\"article:publisher\" content=\"https:\/\/www.facebook.com\/heartfailurematters\" \/>\n<meta property=\"article:modified_time\" content=\"2026-02-10T13:20:04+00:00\" \/>\n<meta name=\"twitter:card\" content=\"summary_large_image\" \/>\n<meta name=\"twitter:label1\" content=\"Ber\u00e4knad l\u00e4stid\" \/>\n\t<meta name=\"twitter:data1\" content=\"2 minuter\" \/>\n<script type=\"application\/ld+json\" class=\"yoast-schema-graph\">{\"@context\":\"https:\/\/schema.org\",\"@graph\":[{\"@type\":\"WebPage\",\"@id\":\"https:\/\/www.heartfailurematters.org\/sv\/att-forsta-hjartsvikt\/vad-orsakar-hjartsvikt\/\",\"url\":\"https:\/\/www.heartfailurematters.org\/sv\/att-forsta-hjartsvikt\/vad-orsakar-hjartsvikt\/\",\"name\":\"Vad orsakar hj\u00e4rtsvikt hos patienter?\",\"isPartOf\":{\"@id\":\"https:\/\/www.heartfailurematters.org\/sv\/#website\"},\"datePublished\":\"2021-01-27T22:12:22+00:00\",\"dateModified\":\"2026-02-10T13:20:04+00:00\",\"description\":\"H\u00e4r \u00e4r en lista med olika tillst\u00e5nd som kan orsaka eller utl\u00f6sa hj\u00e4rtsvikt och som f\u00f6rklarar varje tillst\u00e5nd och hur det kan orsaka hj\u00e4rtsvikt.\",\"breadcrumb\":{\"@id\":\"https:\/\/www.heartfailurematters.org\/sv\/att-forsta-hjartsvikt\/vad-orsakar-hjartsvikt\/#breadcrumb\"},\"inLanguage\":\"sv-SE\",\"potentialAction\":[{\"@type\":\"ReadAction\",\"target\":[\"https:\/\/www.heartfailurematters.org\/sv\/att-forsta-hjartsvikt\/vad-orsakar-hjartsvikt\/\"]}]},{\"@type\":\"BreadcrumbList\",\"@id\":\"https:\/\/www.heartfailurematters.org\/sv\/att-forsta-hjartsvikt\/vad-orsakar-hjartsvikt\/#breadcrumb\",\"itemListElement\":[{\"@type\":\"ListItem\",\"position\":1,\"name\":\"Hem\",\"item\":\"https:\/\/www.heartfailurematters.org\/sv\/\"},{\"@type\":\"ListItem\",\"position\":2,\"name\":\"Att f\u00f6rst\u00e5 hj\u00e4rtsvikt\",\"item\":\"https:\/\/www.heartfailurematters.org\/sv\/att-forsta-hjartsvikt\/\"},{\"@type\":\"ListItem\",\"position\":3,\"name\":\"Vad orsakar hj\u00e4rtsvikt?\"}]},{\"@type\":\"WebSite\",\"@id\":\"https:\/\/www.heartfailurematters.org\/sv\/#website\",\"url\":\"https:\/\/www.heartfailurematters.org\/sv\/\",\"name\":\"Heart Failure Matters\",\"description\":\"Practical information for patients, families and caregivers.\",\"publisher\":{\"@id\":\"https:\/\/www.heartfailurematters.org\/sv\/#organization\"},\"potentialAction\":[{\"@type\":\"SearchAction\",\"target\":{\"@type\":\"EntryPoint\",\"urlTemplate\":\"https:\/\/www.heartfailurematters.org\/sv\/?s={search_term_string}\"},\"query-input\":{\"@type\":\"PropertyValueSpecification\",\"valueRequired\":true,\"valueName\":\"search_term_string\"}}],\"inLanguage\":\"sv-SE\"},{\"@type\":\"Organization\",\"@id\":\"https:\/\/www.heartfailurematters.org\/sv\/#organization\",\"name\":\"Heart Failure Matters\",\"url\":\"https:\/\/www.heartfailurematters.org\/sv\/\",\"logo\":{\"@type\":\"ImageObject\",\"inLanguage\":\"sv-SE\",\"@id\":\"https:\/\/www.heartfailurematters.org\/sv\/#\/schema\/logo\/image\/\",\"url\":\"https:\/\/cdn-endpoint-hfm.azureedge.net\/heartfailurematters\/2024\/07\/hfm-logo1.jpg\",\"contentUrl\":\"https:\/\/cdn-endpoint-hfm.azureedge.net\/heartfailurematters\/2024\/07\/hfm-logo1.jpg\",\"width\":1280,\"height\":720,\"caption\":\"Heart Failure Matters\"},\"image\":{\"@id\":\"https:\/\/www.heartfailurematters.org\/sv\/#\/schema\/logo\/image\/\"},\"sameAs\":[\"https:\/\/www.facebook.com\/heartfailurematters\"]}]}<\/script>\n<!-- \/ Yoast SEO plugin. -->","yoast_head_json":{"title":"Vad orsakar hj\u00e4rtsvikt hos patienter?","description":"H\u00e4r \u00e4r en lista med olika tillst\u00e5nd som kan orsaka eller utl\u00f6sa hj\u00e4rtsvikt och som f\u00f6rklarar varje tillst\u00e5nd och hur det kan orsaka hj\u00e4rtsvikt.","robots":{"index":"index","follow":"follow","max-snippet":"max-snippet:-1","max-image-preview":"max-image-preview:large","max-video-preview":"max-video-preview:-1"},"canonical":"https:\/\/www.heartfailurematters.org\/sv\/att-forsta-hjartsvikt\/vad-orsakar-hjartsvikt\/","og_locale":"sv_SE","og_type":"article","og_title":"Vad orsakar hj\u00e4rtsvikt hos patienter?","og_description":"H\u00e4r \u00e4r en lista med olika tillst\u00e5nd som kan orsaka eller utl\u00f6sa hj\u00e4rtsvikt och som f\u00f6rklarar varje tillst\u00e5nd och hur det kan orsaka hj\u00e4rtsvikt.","og_url":"https:\/\/www.heartfailurematters.org\/sv\/att-forsta-hjartsvikt\/vad-orsakar-hjartsvikt\/","og_site_name":"Heart Failure Matters","article_publisher":"https:\/\/www.facebook.com\/heartfailurematters","article_modified_time":"2026-02-10T13:20:04+00:00","twitter_card":"summary_large_image","twitter_misc":{"Ber\u00e4knad l\u00e4stid":"2 minuter"},"schema":{"@context":"https:\/\/schema.org","@graph":[{"@type":"WebPage","@id":"https:\/\/www.heartfailurematters.org\/sv\/att-forsta-hjartsvikt\/vad-orsakar-hjartsvikt\/","url":"https:\/\/www.heartfailurematters.org\/sv\/att-forsta-hjartsvikt\/vad-orsakar-hjartsvikt\/","name":"Vad orsakar hj\u00e4rtsvikt hos patienter?","isPartOf":{"@id":"https:\/\/www.heartfailurematters.org\/sv\/#website"},"datePublished":"2021-01-27T22:12:22+00:00","dateModified":"2026-02-10T13:20:04+00:00","description":"H\u00e4r \u00e4r en lista med olika tillst\u00e5nd som kan orsaka eller utl\u00f6sa hj\u00e4rtsvikt och som f\u00f6rklarar varje tillst\u00e5nd och hur det kan orsaka hj\u00e4rtsvikt.","breadcrumb":{"@id":"https:\/\/www.heartfailurematters.org\/sv\/att-forsta-hjartsvikt\/vad-orsakar-hjartsvikt\/#breadcrumb"},"inLanguage":"sv-SE","potentialAction":[{"@type":"ReadAction","target":["https:\/\/www.heartfailurematters.org\/sv\/att-forsta-hjartsvikt\/vad-orsakar-hjartsvikt\/"]}]},{"@type":"BreadcrumbList","@id":"https:\/\/www.heartfailurematters.org\/sv\/att-forsta-hjartsvikt\/vad-orsakar-hjartsvikt\/#breadcrumb","itemListElement":[{"@type":"ListItem","position":1,"name":"Hem","item":"https:\/\/www.heartfailurematters.org\/sv\/"},{"@type":"ListItem","position":2,"name":"Att f\u00f6rst\u00e5 hj\u00e4rtsvikt","item":"https:\/\/www.heartfailurematters.org\/sv\/att-forsta-hjartsvikt\/"},{"@type":"ListItem","position":3,"name":"Vad orsakar hj\u00e4rtsvikt?"}]},{"@type":"WebSite","@id":"https:\/\/www.heartfailurematters.org\/sv\/#website","url":"https:\/\/www.heartfailurematters.org\/sv\/","name":"Heart Failure Matters","description":"Practical information for patients, families and caregivers.","publisher":{"@id":"https:\/\/www.heartfailurematters.org\/sv\/#organization"},"potentialAction":[{"@type":"SearchAction","target":{"@type":"EntryPoint","urlTemplate":"https:\/\/www.heartfailurematters.org\/sv\/?s={search_term_string}"},"query-input":{"@type":"PropertyValueSpecification","valueRequired":true,"valueName":"search_term_string"}}],"inLanguage":"sv-SE"},{"@type":"Organization","@id":"https:\/\/www.heartfailurematters.org\/sv\/#organization","name":"Heart Failure Matters","url":"https:\/\/www.heartfailurematters.org\/sv\/","logo":{"@type":"ImageObject","inLanguage":"sv-SE","@id":"https:\/\/www.heartfailurematters.org\/sv\/#\/schema\/logo\/image\/","url":"https:\/\/cdn-endpoint-hfm.azureedge.net\/heartfailurematters\/2024\/07\/hfm-logo1.jpg","contentUrl":"https:\/\/cdn-endpoint-hfm.azureedge.net\/heartfailurematters\/2024\/07\/hfm-logo1.jpg","width":1280,"height":720,"caption":"Heart Failure Matters"},"image":{"@id":"https:\/\/www.heartfailurematters.org\/sv\/#\/schema\/logo\/image\/"},"sameAs":["https:\/\/www.facebook.com\/heartfailurematters"]}]}},"_links":{"self":[{"href":"https:\/\/www.heartfailurematters.org\/sv\/wp-json\/wp\/v2\/pages\/2580","targetHints":{"allow":["GET"]}}],"collection":[{"href":"https:\/\/www.heartfailurematters.org\/sv\/wp-json\/wp\/v2\/pages"}],"about":[{"href":"https:\/\/www.heartfailurematters.org\/sv\/wp-json\/wp\/v2\/types\/page"}],"author":[{"embeddable":true,"href":"https:\/\/www.heartfailurematters.org\/sv\/wp-json\/wp\/v2\/users\/1"}],"replies":[{"embeddable":true,"href":"https:\/\/www.heartfailurematters.org\/sv\/wp-json\/wp\/v2\/comments?post=2580"}],"version-history":[{"count":17,"href":"https:\/\/www.heartfailurematters.org\/sv\/wp-json\/wp\/v2\/pages\/2580\/revisions"}],"predecessor-version":[{"id":13960,"href":"https:\/\/www.heartfailurematters.org\/sv\/wp-json\/wp\/v2\/pages\/2580\/revisions\/13960"}],"up":[{"embeddable":true,"href":"https:\/\/www.heartfailurematters.org\/sv\/wp-json\/wp\/v2\/pages\/2421"}],"wp:attachment":[{"href":"https:\/\/www.heartfailurematters.org\/sv\/wp-json\/wp\/v2\/media?parent=2580"}],"wp:term":[{"taxonomy":"category","embeddable":true,"href":"https:\/\/www.heartfailurematters.org\/sv\/wp-json\/wp\/v2\/categories?post=2580"},{"taxonomy":"post_tag","embeddable":true,"href":"https:\/\/www.heartfailurematters.org\/sv\/wp-json\/wp\/v2\/tags?post=2580"}],"curies":[{"name":"wp","href":"https:\/\/api.w.org\/{rel}","templated":true}]}}