{"id":2573,"date":"2021-01-27T22:12:22","date_gmt":"2021-01-27T22:12:22","guid":{"rendered":"http:\/\/heartfailurematters.local:8888\/kranskarlssjukdom\/"},"modified":"2021-01-27T22:12:22","modified_gmt":"2021-01-27T22:12:22","slug":"kranskarlssjukdom","status":"publish","type":"page","link":"https:\/\/www.heartfailurematters.org\/sv\/orsaker-till-hjartsvikt-och-andra-vanliga-medicinska-tillstand\/kranskarlssjukdom\/","title":{"rendered":"Kransk\u00e4rlssjukdom"},"content":{"rendered":"<p>Om din hj&auml;rtsvikt orsakas av kransk&auml;rlssjukdom, har ett eller flera av dina <a class=\"addtooltip\" title=\"Blodk&auml;rl som f&ouml;rser hj&auml;rtmuskeln med blod.\"><strong>kransk&auml;rl<\/strong><\/a> (art&auml;rer som levererar blod till hj&auml;rtmuskeln) minskat p&aring; grund av uppbyggnad av <a class=\"addtooltip\" title=\"Ett vaxartat &auml;mne som &auml;r viktigt f&ouml;r m&aring;nga funktioner i kroppen och som finns i m&aring;nga livsmedel. Det finns m&aring;nga olika typer av kolesterol. F&ouml;r mycket kolesterol av l&aring;g t&auml;thet kan leda till hj&auml;rtsjukdomar.\"><strong>kolesterol<\/strong><\/a>, som inneh&aring;ller massa (plack) inuti art&auml;rv&auml;ggen. Denna f&ouml;rtr&auml;ngning av art&auml;ren reducerar den m&auml;ngd syre och n&auml;ring som kan n&aring; din hj&auml;rtmuskel, vilket orsakar <a class=\"addtooltip\" title=\"Sm&auml;rta eller obehagsk&auml;nslor i br&ouml;stet p&aring; grund av minskad blodtillf&ouml;rsel till en del av hj&auml;rtmuskeln. Orsaken &auml;r oftast kransk&auml;rlssjukdomar.\"><strong>angina<\/strong><\/a> (br&ouml;stsm&auml;rtor), ofta vid motion. Bristen p&aring; syre och n&auml;rings&auml;mnen g&ouml;r att muskeln arbetar h&aring;rdare f&ouml;r att pumpa runt blod i kroppen.<\/p>\n<p><a class=\"addtooltip\" title=\"Intr&auml;ffar n&auml;r kransk&auml;rlen blir tr&auml;ngre eller helt blockerade. Det g&ouml;r att blodfl&ouml;det minskar, vilket kan leda till angina, hj&auml;rtinfarkt  och hj&auml;rtsvikt.\"><strong>Kransk&auml;rlssjukdom<\/strong><\/a> kan f&ouml;rdr&ouml;jas, och till och med f&ouml;rhindras, genom en &auml;ndring av livsstil och l&auml;kemedel. Om du har detta tillst&aring;nd, b&ouml;r du diskutera eventuella f&ouml;r&auml;ndringar som du kan g&ouml;ra i din livsstil med din l&auml;kare och hur han\/hon kan hj&auml;lpa dig att f&ouml;rhindra ytterligare skador, bromsa uppbyggnaden av <a class=\"addtooltip\" title=\"Ansamling av kolesterol, fettf&ouml;reningar, kalcium och blodpropps&auml;mnen i v&auml;ggen i en art&auml;r.\"><strong>plack<\/strong><\/a> i art&auml;rerna, och f&ouml;rhindra utvecklingen av din hj&auml;rtsvikt<\/p>\n<p><a title=\"&Aring;terg&aring; till &quot;Vad orsakar hj&auml;rtsvikt?&quot;\" href=\"https:\/\/www.heartfailurematters.org\/sv\/att-forsta-hjartsvikt\/vad-orsakar-hjartsvikt\/\">&Aring;terg&aring; till &#8221;Vad orsakar hj&auml;rtsvikt?&#8221;<\/a><\/p>\n","protected":false},"excerpt":{"rendered":"<p>Om din hj&auml;rtsvikt orsakas av kransk&auml;rlssjukdom, har ett eller flera av dina kransk&auml;rl (art&auml;rer som levererar blod till hj&auml;rtmuskeln) minskat p&aring; grund av uppbyggnad av kolesterol, som inneh&aring;ller massa (plack) inuti art&auml;rv&auml;ggen. Denna f&ouml;rtr&auml;ngning av art&auml;ren reducerar den m&auml;ngd syre och n&auml;ring som kan n&aring; din hj&auml;rtmuskel, vilket orsakar angina (br&ouml;stsm&auml;rtor), ofta vid motion. Bristen [&hellip;]<\/p>\n","protected":false},"author":1,"featured_media":10569,"parent":8051,"menu_order":2,"comment_status":"open","ping_status":"open","template":"","meta":{"_acf_changed":false,"footnotes":""},"categories":[],"tags":[],"class_list":["post-2573","page","type-page","status-publish","has-post-thumbnail","hentry"],"acf":[],"yoast_head":"<!-- This site is optimized with the Yoast SEO plugin v24.8.1 - https:\/\/yoast.com\/wordpress\/plugins\/seo\/ -->\n<title>Kransk\u00e4rlssjukdom och hj\u00e4rtsvikt<\/title>\n<meta name=\"description\" content=\"Om din hj\u00e4rtsvikt orsakas av kransk\u00e4rlssjukdom, har ett eller flera av dina kransk\u00e4rl blivit tr\u00e4ngre p\u00e5 grund av uppbyggnad av kolesterol som inneh\u00e5ller plack inuti art\u00e4rv\u00e4ggen.\" \/>\n<meta name=\"robots\" content=\"index, follow, max-snippet:-1, max-image-preview:large, max-video-preview:-1\" \/>\n<link rel=\"canonical\" href=\"https:\/\/www.heartfailurematters.org\/sv\/orsaker-till-hjartsvikt-och-andra-vanliga-medicinska-tillstand\/kranskarlssjukdom\/\" \/>\n<meta property=\"og:locale\" content=\"sv_SE\" \/>\n<meta property=\"og:type\" content=\"article\" \/>\n<meta property=\"og:title\" content=\"Kransk\u00e4rlssjukdom och hj\u00e4rtsvikt\" \/>\n<meta property=\"og:description\" content=\"Om din hj\u00e4rtsvikt orsakas av kransk\u00e4rlssjukdom, har ett eller flera av dina kransk\u00e4rl blivit tr\u00e4ngre p\u00e5 grund av uppbyggnad av kolesterol som inneh\u00e5ller plack inuti art\u00e4rv\u00e4ggen.\" \/>\n<meta property=\"og:url\" content=\"https:\/\/www.heartfailurematters.org\/sv\/orsaker-till-hjartsvikt-och-andra-vanliga-medicinska-tillstand\/kranskarlssjukdom\/\" \/>\n<meta property=\"og:site_name\" content=\"Heart Failure Matters\" \/>\n<meta property=\"article:publisher\" content=\"https:\/\/www.facebook.com\/heartfailurematters\" \/>\n<meta property=\"og:image\" content=\"https:\/\/www.heartfailurematters.org\/wp-content\/uploads\/2022\/02\/shutterstock_1401929189-1-min.jpg\" \/>\n\t<meta property=\"og:image:width\" content=\"900\" \/>\n\t<meta property=\"og:image:height\" content=\"600\" \/>\n\t<meta property=\"og:image:type\" content=\"image\/jpeg\" \/>\n<meta name=\"twitter:card\" content=\"summary_large_image\" \/>\n<meta name=\"twitter:label1\" content=\"Ber\u00e4knad l\u00e4stid\" \/>\n\t<meta name=\"twitter:data1\" content=\"1 minut\" \/>\n<script type=\"application\/ld+json\" class=\"yoast-schema-graph\">{\"@context\":\"https:\/\/schema.org\",\"@graph\":[{\"@type\":\"WebPage\",\"@id\":\"https:\/\/www.heartfailurematters.org\/sv\/orsaker-till-hjartsvikt-och-andra-vanliga-medicinska-tillstand\/kranskarlssjukdom\/\",\"url\":\"https:\/\/www.heartfailurematters.org\/sv\/orsaker-till-hjartsvikt-och-andra-vanliga-medicinska-tillstand\/kranskarlssjukdom\/\",\"name\":\"Kransk\u00e4rlssjukdom och hj\u00e4rtsvikt\",\"isPartOf\":{\"@id\":\"https:\/\/www.heartfailurematters.org\/sv\/#website\"},\"primaryImageOfPage\":{\"@id\":\"https:\/\/www.heartfailurematters.org\/sv\/orsaker-till-hjartsvikt-och-andra-vanliga-medicinska-tillstand\/kranskarlssjukdom\/#primaryimage\"},\"image\":{\"@id\":\"https:\/\/www.heartfailurematters.org\/sv\/orsaker-till-hjartsvikt-och-andra-vanliga-medicinska-tillstand\/kranskarlssjukdom\/#primaryimage\"},\"thumbnailUrl\":\"https:\/\/www.heartfailurematters.org\/wp-content\/uploads\/2022\/02\/shutterstock_1401929189-1-min.jpg\",\"datePublished\":\"2021-01-27T22:12:22+00:00\",\"description\":\"Om din hj\u00e4rtsvikt orsakas av kransk\u00e4rlssjukdom, har ett eller flera av dina kransk\u00e4rl blivit tr\u00e4ngre p\u00e5 grund av uppbyggnad av kolesterol som inneh\u00e5ller plack inuti art\u00e4rv\u00e4ggen.\",\"breadcrumb\":{\"@id\":\"https:\/\/www.heartfailurematters.org\/sv\/orsaker-till-hjartsvikt-och-andra-vanliga-medicinska-tillstand\/kranskarlssjukdom\/#breadcrumb\"},\"inLanguage\":\"sv-SE\",\"potentialAction\":[{\"@type\":\"ReadAction\",\"target\":[\"https:\/\/www.heartfailurematters.org\/sv\/orsaker-till-hjartsvikt-och-andra-vanliga-medicinska-tillstand\/kranskarlssjukdom\/\"]}]},{\"@type\":\"ImageObject\",\"inLanguage\":\"sv-SE\",\"@id\":\"https:\/\/www.heartfailurematters.org\/sv\/orsaker-till-hjartsvikt-och-andra-vanliga-medicinska-tillstand\/kranskarlssjukdom\/#primaryimage\",\"url\":\"https:\/\/www.heartfailurematters.org\/wp-content\/uploads\/2022\/02\/shutterstock_1401929189-1-min.jpg\",\"contentUrl\":\"https:\/\/www.heartfailurematters.org\/wp-content\/uploads\/2022\/02\/shutterstock_1401929189-1-min.jpg\",\"width\":900,\"height\":600},{\"@type\":\"BreadcrumbList\",\"@id\":\"https:\/\/www.heartfailurematters.org\/sv\/orsaker-till-hjartsvikt-och-andra-vanliga-medicinska-tillstand\/kranskarlssjukdom\/#breadcrumb\",\"itemListElement\":[{\"@type\":\"ListItem\",\"position\":1,\"name\":\"Hem\",\"item\":\"https:\/\/www.heartfailurematters.org\/sv\/\"},{\"@type\":\"ListItem\",\"position\":2,\"name\":\"Orsaker till hj\u00e4rtsvikt och andra vanliga medicinska tillst\u00e5nd\",\"item\":\"https:\/\/www.heartfailurematters.org\/sv\/orsaker-till-hjartsvikt-och-andra-vanliga-medicinska-tillstand\/\"},{\"@type\":\"ListItem\",\"position\":3,\"name\":\"Kransk\u00e4rlssjukdom\"}]},{\"@type\":\"WebSite\",\"@id\":\"https:\/\/www.heartfailurematters.org\/sv\/#website\",\"url\":\"https:\/\/www.heartfailurematters.org\/sv\/\",\"name\":\"Heart Failure Matters\",\"description\":\"Practical information for patients, families and caregivers.\",\"publisher\":{\"@id\":\"https:\/\/www.heartfailurematters.org\/sv\/#organization\"},\"potentialAction\":[{\"@type\":\"SearchAction\",\"target\":{\"@type\":\"EntryPoint\",\"urlTemplate\":\"https:\/\/www.heartfailurematters.org\/sv\/?s={search_term_string}\"},\"query-input\":{\"@type\":\"PropertyValueSpecification\",\"valueRequired\":true,\"valueName\":\"search_term_string\"}}],\"inLanguage\":\"sv-SE\"},{\"@type\":\"Organization\",\"@id\":\"https:\/\/www.heartfailurematters.org\/sv\/#organization\",\"name\":\"Heart Failure Matters\",\"url\":\"https:\/\/www.heartfailurematters.org\/sv\/\",\"logo\":{\"@type\":\"ImageObject\",\"inLanguage\":\"sv-SE\",\"@id\":\"https:\/\/www.heartfailurematters.org\/sv\/#\/schema\/logo\/image\/\",\"url\":\"https:\/\/cdn-endpoint-hfm.azureedge.net\/heartfailurematters\/2024\/07\/hfm-logo1.jpg\",\"contentUrl\":\"https:\/\/cdn-endpoint-hfm.azureedge.net\/heartfailurematters\/2024\/07\/hfm-logo1.jpg\",\"width\":1280,\"height\":720,\"caption\":\"Heart Failure Matters\"},\"image\":{\"@id\":\"https:\/\/www.heartfailurematters.org\/sv\/#\/schema\/logo\/image\/\"},\"sameAs\":[\"https:\/\/www.facebook.com\/heartfailurematters\"]}]}<\/script>\n<!-- \/ Yoast SEO plugin. -->","yoast_head_json":{"title":"Kransk\u00e4rlssjukdom och hj\u00e4rtsvikt","description":"Om din hj\u00e4rtsvikt orsakas av kransk\u00e4rlssjukdom, har ett eller flera av dina kransk\u00e4rl blivit tr\u00e4ngre p\u00e5 grund av uppbyggnad av kolesterol som inneh\u00e5ller plack inuti art\u00e4rv\u00e4ggen.","robots":{"index":"index","follow":"follow","max-snippet":"max-snippet:-1","max-image-preview":"max-image-preview:large","max-video-preview":"max-video-preview:-1"},"canonical":"https:\/\/www.heartfailurematters.org\/sv\/orsaker-till-hjartsvikt-och-andra-vanliga-medicinska-tillstand\/kranskarlssjukdom\/","og_locale":"sv_SE","og_type":"article","og_title":"Kransk\u00e4rlssjukdom och hj\u00e4rtsvikt","og_description":"Om din hj\u00e4rtsvikt orsakas av kransk\u00e4rlssjukdom, har ett eller flera av dina kransk\u00e4rl blivit tr\u00e4ngre p\u00e5 grund av uppbyggnad av kolesterol som inneh\u00e5ller plack inuti art\u00e4rv\u00e4ggen.","og_url":"https:\/\/www.heartfailurematters.org\/sv\/orsaker-till-hjartsvikt-och-andra-vanliga-medicinska-tillstand\/kranskarlssjukdom\/","og_site_name":"Heart Failure Matters","article_publisher":"https:\/\/www.facebook.com\/heartfailurematters","og_image":[{"width":900,"height":600,"url":"https:\/\/www.heartfailurematters.org\/wp-content\/uploads\/2022\/02\/shutterstock_1401929189-1-min.jpg","type":"image\/jpeg"}],"twitter_card":"summary_large_image","twitter_misc":{"Ber\u00e4knad l\u00e4stid":"1 minut"},"schema":{"@context":"https:\/\/schema.org","@graph":[{"@type":"WebPage","@id":"https:\/\/www.heartfailurematters.org\/sv\/orsaker-till-hjartsvikt-och-andra-vanliga-medicinska-tillstand\/kranskarlssjukdom\/","url":"https:\/\/www.heartfailurematters.org\/sv\/orsaker-till-hjartsvikt-och-andra-vanliga-medicinska-tillstand\/kranskarlssjukdom\/","name":"Kransk\u00e4rlssjukdom och hj\u00e4rtsvikt","isPartOf":{"@id":"https:\/\/www.heartfailurematters.org\/sv\/#website"},"primaryImageOfPage":{"@id":"https:\/\/www.heartfailurematters.org\/sv\/orsaker-till-hjartsvikt-och-andra-vanliga-medicinska-tillstand\/kranskarlssjukdom\/#primaryimage"},"image":{"@id":"https:\/\/www.heartfailurematters.org\/sv\/orsaker-till-hjartsvikt-och-andra-vanliga-medicinska-tillstand\/kranskarlssjukdom\/#primaryimage"},"thumbnailUrl":"https:\/\/www.heartfailurematters.org\/wp-content\/uploads\/2022\/02\/shutterstock_1401929189-1-min.jpg","datePublished":"2021-01-27T22:12:22+00:00","description":"Om din hj\u00e4rtsvikt orsakas av kransk\u00e4rlssjukdom, har ett eller flera av dina kransk\u00e4rl blivit tr\u00e4ngre p\u00e5 grund av uppbyggnad av kolesterol som inneh\u00e5ller plack inuti art\u00e4rv\u00e4ggen.","breadcrumb":{"@id":"https:\/\/www.heartfailurematters.org\/sv\/orsaker-till-hjartsvikt-och-andra-vanliga-medicinska-tillstand\/kranskarlssjukdom\/#breadcrumb"},"inLanguage":"sv-SE","potentialAction":[{"@type":"ReadAction","target":["https:\/\/www.heartfailurematters.org\/sv\/orsaker-till-hjartsvikt-och-andra-vanliga-medicinska-tillstand\/kranskarlssjukdom\/"]}]},{"@type":"ImageObject","inLanguage":"sv-SE","@id":"https:\/\/www.heartfailurematters.org\/sv\/orsaker-till-hjartsvikt-och-andra-vanliga-medicinska-tillstand\/kranskarlssjukdom\/#primaryimage","url":"https:\/\/www.heartfailurematters.org\/wp-content\/uploads\/2022\/02\/shutterstock_1401929189-1-min.jpg","contentUrl":"https:\/\/www.heartfailurematters.org\/wp-content\/uploads\/2022\/02\/shutterstock_1401929189-1-min.jpg","width":900,"height":600},{"@type":"BreadcrumbList","@id":"https:\/\/www.heartfailurematters.org\/sv\/orsaker-till-hjartsvikt-och-andra-vanliga-medicinska-tillstand\/kranskarlssjukdom\/#breadcrumb","itemListElement":[{"@type":"ListItem","position":1,"name":"Hem","item":"https:\/\/www.heartfailurematters.org\/sv\/"},{"@type":"ListItem","position":2,"name":"Orsaker till hj\u00e4rtsvikt och andra vanliga medicinska tillst\u00e5nd","item":"https:\/\/www.heartfailurematters.org\/sv\/orsaker-till-hjartsvikt-och-andra-vanliga-medicinska-tillstand\/"},{"@type":"ListItem","position":3,"name":"Kransk\u00e4rlssjukdom"}]},{"@type":"WebSite","@id":"https:\/\/www.heartfailurematters.org\/sv\/#website","url":"https:\/\/www.heartfailurematters.org\/sv\/","name":"Heart Failure Matters","description":"Practical information for patients, families and caregivers.","publisher":{"@id":"https:\/\/www.heartfailurematters.org\/sv\/#organization"},"potentialAction":[{"@type":"SearchAction","target":{"@type":"EntryPoint","urlTemplate":"https:\/\/www.heartfailurematters.org\/sv\/?s={search_term_string}"},"query-input":{"@type":"PropertyValueSpecification","valueRequired":true,"valueName":"search_term_string"}}],"inLanguage":"sv-SE"},{"@type":"Organization","@id":"https:\/\/www.heartfailurematters.org\/sv\/#organization","name":"Heart Failure Matters","url":"https:\/\/www.heartfailurematters.org\/sv\/","logo":{"@type":"ImageObject","inLanguage":"sv-SE","@id":"https:\/\/www.heartfailurematters.org\/sv\/#\/schema\/logo\/image\/","url":"https:\/\/cdn-endpoint-hfm.azureedge.net\/heartfailurematters\/2024\/07\/hfm-logo1.jpg","contentUrl":"https:\/\/cdn-endpoint-hfm.azureedge.net\/heartfailurematters\/2024\/07\/hfm-logo1.jpg","width":1280,"height":720,"caption":"Heart Failure Matters"},"image":{"@id":"https:\/\/www.heartfailurematters.org\/sv\/#\/schema\/logo\/image\/"},"sameAs":["https:\/\/www.facebook.com\/heartfailurematters"]}]}},"_links":{"self":[{"href":"https:\/\/www.heartfailurematters.org\/sv\/wp-json\/wp\/v2\/pages\/2573","targetHints":{"allow":["GET"]}}],"collection":[{"href":"https:\/\/www.heartfailurematters.org\/sv\/wp-json\/wp\/v2\/pages"}],"about":[{"href":"https:\/\/www.heartfailurematters.org\/sv\/wp-json\/wp\/v2\/types\/page"}],"author":[{"embeddable":true,"href":"https:\/\/www.heartfailurematters.org\/sv\/wp-json\/wp\/v2\/users\/1"}],"replies":[{"embeddable":true,"href":"https:\/\/www.heartfailurematters.org\/sv\/wp-json\/wp\/v2\/comments?post=2573"}],"version-history":[{"count":0,"href":"https:\/\/www.heartfailurematters.org\/sv\/wp-json\/wp\/v2\/pages\/2573\/revisions"}],"up":[{"embeddable":true,"href":"https:\/\/www.heartfailurematters.org\/sv\/wp-json\/wp\/v2\/pages\/8051"}],"wp:featuredmedia":[{"embeddable":true,"href":"https:\/\/www.heartfailurematters.org\/sv\/wp-json\/wp\/v2\/media\/10569"}],"wp:attachment":[{"href":"https:\/\/www.heartfailurematters.org\/sv\/wp-json\/wp\/v2\/media?parent=2573"}],"wp:term":[{"taxonomy":"category","embeddable":true,"href":"https:\/\/www.heartfailurematters.org\/sv\/wp-json\/wp\/v2\/categories?post=2573"},{"taxonomy":"post_tag","embeddable":true,"href":"https:\/\/www.heartfailurematters.org\/sv\/wp-json\/wp\/v2\/tags?post=2573"}],"curies":[{"name":"wp","href":"https:\/\/api.w.org\/{rel}","templated":true}]}}