{"id":2571,"date":"2021-01-27T22:12:22","date_gmt":"2021-01-27T22:12:22","guid":{"rendered":"http:\/\/heartfailurematters.local:8888\/betablockerare\/"},"modified":"2026-02-10T13:20:13","modified_gmt":"2026-02-10T13:20:13","slug":"betablockerare","status":"publish","type":"page","link":"https:\/\/www.heartfailurematters.org\/sv\/vad-din-lakare-eller-sjukskoterska-kan-gora\/betablockerare\/","title":{"rendered":"Betablockerare"},"content":{"rendered":"<h2>Vad de g\u00f6r<\/h2>\n<p>N\u00e4r hj\u00e4rtat inte pumpar s\u00e5 bra som det borde, kommer kroppen att f\u00f6rs\u00f6ka kompensera genom att producera <a class=\"addtooltip\" title=\"&lt;div id='ToolTipTextWrap'&gt;adrenalin&lt;\/div&gt;&lt;p&gt; Ett hormon som produceras n\u00e4r kroppen \u00e4r stressad och som p\u00e5verkar hj\u00e4rtfrekvens, blodcirkulation och andra kroppsfunktioner.&lt;\/p&gt;\"><strong>adrenalin<\/strong><\/a> och noradrenalin, <a class=\"addtooltip\" title=\"&lt;div id='ToolTipTextWrap'&gt;hormoner&lt;\/div&gt;&lt;p&gt; \u00c4mnen som sl\u00e4pps ut i blodet fr\u00e5n olika k\u00f6rtlar i kroppen och som reglerar viktiga funktioner.&lt;\/p&gt;\"><strong>hormoner<\/strong><\/a> som f\u00e5r hj\u00e4rtat att sl\u00e5 snabbare och \u00f6ka blodtrycket. Vid l\u00e5ngvarig inverkan kan detta skada ett hj\u00e4rta som redan har sv\u00e5rt att fungera effektivt. <a class=\"addtooltip\" title=\"&lt;div id='ToolTipTextWrap'&gt;Betablockerare&lt;\/div&gt;&lt;p&gt; En klass l\u00e4kemedel som anv\u00e4nds f\u00f6r att minska hj\u00e4rtfrekvensen eller s\u00e4nka blodtrycket.&lt;\/p&gt;\"><strong>Betablockerare<\/strong><\/a> hj\u00e4lper hj\u00e4rtat att sl\u00e5 l\u00e5ngsammare och s\u00e4nker blodtrycket, vilket skyddar hj\u00e4rtat fr\u00e5n de skadliga effekterna av l\u00e5ngvarig uts\u00f6ndring av <a class=\"addtooltip\" title=\"&lt;div id='ToolTipTextWrap'&gt;adrenalin&lt;\/div&gt;&lt;p&gt; Ett hormon som produceras n\u00e4r kroppen \u00e4r stressad och som p\u00e5verkar hj\u00e4rtfrekvens, blodcirkulation och andra kroppsfunktioner.&lt;\/p&gt;\"><strong>adrenalin<\/strong><\/a> och <a class=\"addtooltip\" title=\"&lt;div id='ToolTipTextWrap'&gt;noradrenalin&lt;\/div&gt;&lt;p&gt; Ett hormon som produceras n\u00e4r kroppen \u00e4r stressad och som p\u00e5verkar hj\u00e4rtfrekvens, blodcirkulation och andra kroppsfunktioner.&lt;\/p&gt;\"><strong>noradrenalin<\/strong><\/a>.<\/p>\n<p><a class=\"addtooltip\" title=\"&lt;div id='ToolTipTextWrap'&gt;Betablockerare&lt;\/div&gt;&lt;p&gt; En klass l\u00e4kemedel som anv\u00e4nds f\u00f6r att minska hj\u00e4rtfrekvensen eller s\u00e4nka blodtrycket.&lt;\/p&gt;\"><strong>Betablockerare<\/strong><\/a> \u00e4r viktiga f\u00f6r din f\u00f6rm\u00e5ga att hantera hj\u00e4rtsvikt. Personer med m\u00e5ttlig eller allvarlig hj\u00e4rtsvikt kan dock beh\u00f6va b\u00f6rja med en l\u00e5g dos som sedan \u00f6kas l\u00e5ngsamt. Orsaken \u00e4r att vissa m\u00e4nniskor kan uppleva en tillf\u00e4llig \u00f6kning av sin hj\u00e4rtsviktssymtom under de f\u00f6rsta veckorna vid behandling med betablockerare.<\/p>\n<h2>Vilka \u00e4r de f\u00f6rv\u00e4ntade f\u00f6rdelarna?<\/h2>\n<p>Betablockerare har visat sig reducera hj\u00e4rtsviktsrelaterade sjukhusvistelser, f\u00f6rl\u00e4nga livet och f\u00f6rb\u00e4ttra arbetsf\u00f6rm\u00e5ga och livskvalitet.<\/p>\n<h2><strong>Biverkningar<\/strong><\/h2>\n<p><strong>Betablockerare<\/strong> s\u00e4nker hj\u00e4rtfrekvensen och blodtrycket. D\u00e4rf\u00f6r kan de ocks\u00e5 i viss m\u00e5n minska din ork (fysisk kapacitet). Det betyder att du kan k\u00e4nna dig tr\u00f6ttare n\u00e4r du \u00e4r fysiskt aktiv. Denna inledande effekt \u00e4r dock vanligtvis \u00f6verg\u00e5ende efterhand som kroppens system v\u00e4njer sig vid l\u00e4kemedlets verkan.<br \/>\nObservera att det finns vissa m\u00e5ldoser f\u00f6r varje betablockerare och din l\u00e4kare kan \u00f6ka din dos l\u00e5ngsamt f\u00f6r att ge dig st\u00f6rsta m\u00f6jliga nytta.<\/p>\n<p>Ibland kan betablockerare g\u00f6ra att dina h\u00e4nder och f\u00f6tter k\u00e4nns kalla. Det hj\u00e4lper att anv\u00e4nda vantar.<\/p>\n<p>Betablockerare kan ocks\u00e5 f\u00f6rv\u00e4rra astma, s\u00e5 var noga med att informera din l\u00e4kare om du har astma.<\/p>\n<p>Vissa betablockerare kan ibland leda till nedst\u00e4mdhet. Du b\u00f6r diskutera eventuella symtom du f\u00e5r med din sk\u00f6terska eller l\u00e4kare.<\/p>\n<p>Det \u00e4r viktigt att patienter som lider av s\u00e4rskilda hudproblem som psoriasis \u00e4r medvetna om att betablockerare iblan kan f\u00f6rv\u00e4rra tillst\u00e5ndet.<\/p>\n<h2>Topptips<\/h2>\n<p>Betablockerare kan initialt g\u00f6ra dig yr och tr\u00f6tt eftersom de s\u00e4nker blodtrycket och hj\u00e4rtfrekvensen. Patienter som b\u00f6rjar ta betablockerare rekommenderas att \u201db\u00f6rja l\u00e5gt, g\u00e5 sakta\u201d. Det kan ta n\u00e5gra veckor innan du m\u00e5r b\u00e4ttre efter att du b\u00f6rjat ta en betablockerare. Om du fortfarande k\u00e4nner dig yr efter detta ska du kontakta din l\u00e4kare eller sjuksk\u00f6terska f\u00f6r att s\u00e4kerst\u00e4lla att du har f\u00e5tt r\u00e4tt dos.<\/p>\n<p>Det \u00e4r nyttigt att h\u00e5lla koll p\u00e5 din vikt p\u00e5 en daglig basis och kontakta din l\u00e4kare eller sjuksk\u00f6terska vid betydande f\u00f6r\u00e4ndringar.<\/p>\n<p>Det \u00e4r mycket viktigt att du sj\u00e4lv h\u00e5ller koll p\u00e5 ditt blodtryck, din hj\u00e4rtfrekvens och din vikt dagligen, t.ex. genom att skriva ner p\u00e5 papper eller f\u00f6ra en digital dagbok. Se \u00f6vervakningsdiagrammet som kan laddas ner under Anv\u00e4ndbara verktyg p\u00e5 den h\u00e4r webbplatsens hemsida. Kontakta din l\u00e4kare eller sjuksk\u00f6terska om du m\u00e4rker n\u00e5gra betydande f\u00f6r\u00e4ndringar.<\/p>\n<p>Om du har v\u00e4sande andning eller k\u00e4nner dig andf\u00e5dd ska du kontakta din l\u00e4kare eftersom det kan bero p\u00e5 underliggande astmasymtom.<\/p>\n<p>Det \u00e4r viktigt att du inte slutar att ta dina betablockerare pl\u00f6tsligt. Varje minskning av dosen eller avbrytande av behandling b\u00f6r diskuteras med din l\u00e4kare f\u00f6rst.<\/p>\n<h2>\u00c4ven k\u00e4nd som:<\/h2>\n<ul>\n<li><strong>Acebutolol<br \/>\n<\/strong>(Sectral\u00ae, Prent\u00ae)<\/li>\n<li><strong>Atenolol<\/strong><br \/>\n(Atenix\u00ae, Tenormin\u00ae)<\/li>\n<li><strong>Bisoprolol<br \/>\n<\/strong>(Bisocard\u00ae, Bisomyl\u00ae, Emconcor\u00ae, Biostad\u00ae)<\/li>\n<li><strong>Karvedilol<\/strong><br \/>\n(Eucardic\u00ae, Coreg\u00ae)<\/li>\n<li><strong>Celiprolol<br \/>\n<\/strong>(Celectol\u00ae)<\/li>\n<li><strong>Labetalol<br \/>\n<\/strong>(Normodyne\u00ae, Trandate\u00ae, Normozyde\u00ae)<\/li>\n<li><strong>Metoprolol<br \/>\n<\/strong>(Bloxazoc\u00ae, Logimax\u00ae, Metomylan\u00ae, Seloken\u00ae, SelokenZOC\u00ae)<\/li>\n<li><strong>Nadolol<br \/>\n<\/strong>(Corgard\u00ae)<\/li>\n<li><strong>Nebivolol<br \/>\n<\/strong>(Nebilet\u00ae)<\/li>\n<li><strong>Oxprenolol<br \/>\n<\/strong>(Trasicor\u00ae, Slow-Trasicor\u00ae)<\/li>\n<li><strong>Pindolol<\/strong><br \/>\n(Visken\u00ae)<\/li>\n<li><strong>Propanolol<br \/>\n<\/strong>(Angilol\u00ae, Syprol\u00ae, Bedranol SR\u00ae, Beta Prograne\u00ae, Slo-Pro\u00ae, Inderal\u00ae, Half-Inderal LA\u00ae, Inderal-LA\u00ae)<\/li>\n<li><strong>Sotalol<\/strong><br \/>\n(Beta-Cardone\u00ae, Sotocor\u00ae)<\/li>\n<li><strong>Timolol<br \/>\n<\/strong>(Betim\u00ae)<\/li>\n<li><strong>Kombinationspreparat<\/strong><br \/>\n(Co-tenidone\u00ae, Kalten\u00ae, Tenoret\u00ae, Tenoretic\u00ae, Viskaldix\u00ae, Prestim\u00ae, Beta-Adalat\u00ae, Tenif\u00ae)<\/li>\n<\/ul>\n<p><a href=\"https:\/\/www.heartfailurematters.org\/what-your-doctor-can-do\/heart-failure-medicines\/\">\u00c5terg\u00e5 till Hj\u00e4rtsviktsl\u00e4kemedel<\/a><\/p>\n","protected":false},"excerpt":{"rendered":"<p>Vad de g\u00f6r N\u00e4r hj\u00e4rtat inte pumpar s\u00e5 bra som det borde, kommer kroppen att f\u00f6rs\u00f6ka kompensera genom att producera adrenalin och noradrenalin, hormoner som f\u00e5r hj\u00e4rtat att sl\u00e5 snabbare och \u00f6ka blodtrycket. Vid l\u00e5ngvarig inverkan kan detta skada ett hj\u00e4rta som redan har sv\u00e5rt att fungera effektivt. Betablockerare hj\u00e4lper hj\u00e4rtat att sl\u00e5 l\u00e5ngsammare och [&hellip;]<\/p>\n","protected":false},"author":1,"featured_media":10874,"parent":2685,"menu_order":0,"comment_status":"open","ping_status":"open","template":"","meta":{"_acf_changed":false,"footnotes":""},"categories":[],"tags":[],"class_list":["post-2571","page","type-page","status-publish","has-post-thumbnail","hentry"],"acf":[],"yoast_head":"<!-- This site is optimized with the Yoast SEO plugin v24.8.1 - https:\/\/yoast.com\/wordpress\/plugins\/seo\/ -->\n<title>Betablockerare och hantering av hj\u00e4rtsvikt<\/title>\n<meta name=\"description\" content=\"Hitta mer information om betablockerare f\u00f6r hj\u00e4rtsvikt, vad de \u00e4r, hur de kan hj\u00e4lpa och vilka eventuella biverkningar som finns.\" \/>\n<meta name=\"robots\" content=\"index, follow, max-snippet:-1, max-image-preview:large, max-video-preview:-1\" \/>\n<link rel=\"canonical\" href=\"https:\/\/www.heartfailurematters.org\/sv\/vad-din-lakare-eller-sjukskoterska-kan-gora\/betablockerare\/\" \/>\n<meta property=\"og:locale\" content=\"sv_SE\" \/>\n<meta property=\"og:type\" content=\"article\" \/>\n<meta property=\"og:title\" content=\"Betablockerare och hantering av hj\u00e4rtsvikt\" \/>\n<meta property=\"og:description\" content=\"Hitta mer information om betablockerare f\u00f6r hj\u00e4rtsvikt, vad de \u00e4r, hur de kan hj\u00e4lpa och vilka eventuella biverkningar som finns.\" \/>\n<meta property=\"og:url\" content=\"https:\/\/www.heartfailurematters.org\/sv\/vad-din-lakare-eller-sjukskoterska-kan-gora\/betablockerare\/\" \/>\n<meta property=\"og:site_name\" content=\"Heart Failure Matters\" \/>\n<meta property=\"article:publisher\" content=\"https:\/\/www.facebook.com\/heartfailurematters\" \/>\n<meta property=\"article:modified_time\" content=\"2026-02-10T13:20:13+00:00\" \/>\n<meta property=\"og:image\" content=\"https:\/\/www.heartfailurematters.org\/wp-content\/uploads\/2022\/03\/shutterstock_441673426-1-min.jpg\" \/>\n\t<meta property=\"og:image:width\" content=\"900\" \/>\n\t<meta property=\"og:image:height\" content=\"596\" \/>\n\t<meta property=\"og:image:type\" content=\"image\/jpeg\" \/>\n<meta name=\"twitter:card\" content=\"summary_large_image\" \/>\n<meta name=\"twitter:label1\" content=\"Ber\u00e4knad l\u00e4stid\" \/>\n\t<meta name=\"twitter:data1\" content=\"2 minuter\" \/>\n<script type=\"application\/ld+json\" class=\"yoast-schema-graph\">{\"@context\":\"https:\/\/schema.org\",\"@graph\":[{\"@type\":\"WebPage\",\"@id\":\"https:\/\/www.heartfailurematters.org\/sv\/vad-din-lakare-eller-sjukskoterska-kan-gora\/betablockerare\/\",\"url\":\"https:\/\/www.heartfailurematters.org\/sv\/vad-din-lakare-eller-sjukskoterska-kan-gora\/betablockerare\/\",\"name\":\"Betablockerare och hantering av hj\u00e4rtsvikt\",\"isPartOf\":{\"@id\":\"https:\/\/www.heartfailurematters.org\/sv\/#website\"},\"primaryImageOfPage\":{\"@id\":\"https:\/\/www.heartfailurematters.org\/sv\/vad-din-lakare-eller-sjukskoterska-kan-gora\/betablockerare\/#primaryimage\"},\"image\":{\"@id\":\"https:\/\/www.heartfailurematters.org\/sv\/vad-din-lakare-eller-sjukskoterska-kan-gora\/betablockerare\/#primaryimage\"},\"thumbnailUrl\":\"https:\/\/www.heartfailurematters.org\/wp-content\/uploads\/2022\/03\/shutterstock_441673426-1-min.jpg\",\"datePublished\":\"2021-01-27T22:12:22+00:00\",\"dateModified\":\"2026-02-10T13:20:13+00:00\",\"description\":\"Hitta mer information om betablockerare f\u00f6r hj\u00e4rtsvikt, vad de \u00e4r, hur de kan hj\u00e4lpa och vilka eventuella biverkningar som finns.\",\"breadcrumb\":{\"@id\":\"https:\/\/www.heartfailurematters.org\/sv\/vad-din-lakare-eller-sjukskoterska-kan-gora\/betablockerare\/#breadcrumb\"},\"inLanguage\":\"sv-SE\",\"potentialAction\":[{\"@type\":\"ReadAction\",\"target\":[\"https:\/\/www.heartfailurematters.org\/sv\/vad-din-lakare-eller-sjukskoterska-kan-gora\/betablockerare\/\"]}]},{\"@type\":\"ImageObject\",\"inLanguage\":\"sv-SE\",\"@id\":\"https:\/\/www.heartfailurematters.org\/sv\/vad-din-lakare-eller-sjukskoterska-kan-gora\/betablockerare\/#primaryimage\",\"url\":\"https:\/\/www.heartfailurematters.org\/wp-content\/uploads\/2022\/03\/shutterstock_441673426-1-min.jpg\",\"contentUrl\":\"https:\/\/www.heartfailurematters.org\/wp-content\/uploads\/2022\/03\/shutterstock_441673426-1-min.jpg\",\"width\":900,\"height\":596},{\"@type\":\"BreadcrumbList\",\"@id\":\"https:\/\/www.heartfailurematters.org\/sv\/vad-din-lakare-eller-sjukskoterska-kan-gora\/betablockerare\/#breadcrumb\",\"itemListElement\":[{\"@type\":\"ListItem\",\"position\":1,\"name\":\"Hem\",\"item\":\"https:\/\/www.heartfailurematters.org\/sv\/\"},{\"@type\":\"ListItem\",\"position\":2,\"name\":\"Vad din l\u00e4kare kan g\u00f6ra\",\"item\":\"https:\/\/www.heartfailurematters.org\/sv\/vad-din-lakare-eller-sjukskoterska-kan-gora\/\"},{\"@type\":\"ListItem\",\"position\":3,\"name\":\"Betablockerare\"}]},{\"@type\":\"WebSite\",\"@id\":\"https:\/\/www.heartfailurematters.org\/sv\/#website\",\"url\":\"https:\/\/www.heartfailurematters.org\/sv\/\",\"name\":\"Heart Failure Matters\",\"description\":\"Practical information for patients, families and caregivers.\",\"publisher\":{\"@id\":\"https:\/\/www.heartfailurematters.org\/sv\/#organization\"},\"potentialAction\":[{\"@type\":\"SearchAction\",\"target\":{\"@type\":\"EntryPoint\",\"urlTemplate\":\"https:\/\/www.heartfailurematters.org\/sv\/?s={search_term_string}\"},\"query-input\":{\"@type\":\"PropertyValueSpecification\",\"valueRequired\":true,\"valueName\":\"search_term_string\"}}],\"inLanguage\":\"sv-SE\"},{\"@type\":\"Organization\",\"@id\":\"https:\/\/www.heartfailurematters.org\/sv\/#organization\",\"name\":\"Heart Failure Matters\",\"url\":\"https:\/\/www.heartfailurematters.org\/sv\/\",\"logo\":{\"@type\":\"ImageObject\",\"inLanguage\":\"sv-SE\",\"@id\":\"https:\/\/www.heartfailurematters.org\/sv\/#\/schema\/logo\/image\/\",\"url\":\"https:\/\/cdn-endpoint-hfm.azureedge.net\/heartfailurematters\/2024\/07\/hfm-logo1.jpg\",\"contentUrl\":\"https:\/\/cdn-endpoint-hfm.azureedge.net\/heartfailurematters\/2024\/07\/hfm-logo1.jpg\",\"width\":1280,\"height\":720,\"caption\":\"Heart Failure Matters\"},\"image\":{\"@id\":\"https:\/\/www.heartfailurematters.org\/sv\/#\/schema\/logo\/image\/\"},\"sameAs\":[\"https:\/\/www.facebook.com\/heartfailurematters\"]}]}<\/script>\n<!-- \/ Yoast SEO plugin. -->","yoast_head_json":{"title":"Betablockerare och hantering av hj\u00e4rtsvikt","description":"Hitta mer information om betablockerare f\u00f6r hj\u00e4rtsvikt, vad de \u00e4r, hur de kan hj\u00e4lpa och vilka eventuella biverkningar som finns.","robots":{"index":"index","follow":"follow","max-snippet":"max-snippet:-1","max-image-preview":"max-image-preview:large","max-video-preview":"max-video-preview:-1"},"canonical":"https:\/\/www.heartfailurematters.org\/sv\/vad-din-lakare-eller-sjukskoterska-kan-gora\/betablockerare\/","og_locale":"sv_SE","og_type":"article","og_title":"Betablockerare och hantering av hj\u00e4rtsvikt","og_description":"Hitta mer information om betablockerare f\u00f6r hj\u00e4rtsvikt, vad de \u00e4r, hur de kan hj\u00e4lpa och vilka eventuella biverkningar som finns.","og_url":"https:\/\/www.heartfailurematters.org\/sv\/vad-din-lakare-eller-sjukskoterska-kan-gora\/betablockerare\/","og_site_name":"Heart Failure Matters","article_publisher":"https:\/\/www.facebook.com\/heartfailurematters","article_modified_time":"2026-02-10T13:20:13+00:00","og_image":[{"width":900,"height":596,"url":"https:\/\/www.heartfailurematters.org\/wp-content\/uploads\/2022\/03\/shutterstock_441673426-1-min.jpg","type":"image\/jpeg"}],"twitter_card":"summary_large_image","twitter_misc":{"Ber\u00e4knad l\u00e4stid":"2 minuter"},"schema":{"@context":"https:\/\/schema.org","@graph":[{"@type":"WebPage","@id":"https:\/\/www.heartfailurematters.org\/sv\/vad-din-lakare-eller-sjukskoterska-kan-gora\/betablockerare\/","url":"https:\/\/www.heartfailurematters.org\/sv\/vad-din-lakare-eller-sjukskoterska-kan-gora\/betablockerare\/","name":"Betablockerare och hantering av hj\u00e4rtsvikt","isPartOf":{"@id":"https:\/\/www.heartfailurematters.org\/sv\/#website"},"primaryImageOfPage":{"@id":"https:\/\/www.heartfailurematters.org\/sv\/vad-din-lakare-eller-sjukskoterska-kan-gora\/betablockerare\/#primaryimage"},"image":{"@id":"https:\/\/www.heartfailurematters.org\/sv\/vad-din-lakare-eller-sjukskoterska-kan-gora\/betablockerare\/#primaryimage"},"thumbnailUrl":"https:\/\/www.heartfailurematters.org\/wp-content\/uploads\/2022\/03\/shutterstock_441673426-1-min.jpg","datePublished":"2021-01-27T22:12:22+00:00","dateModified":"2026-02-10T13:20:13+00:00","description":"Hitta mer information om betablockerare f\u00f6r hj\u00e4rtsvikt, vad de \u00e4r, hur de kan hj\u00e4lpa och vilka eventuella biverkningar som finns.","breadcrumb":{"@id":"https:\/\/www.heartfailurematters.org\/sv\/vad-din-lakare-eller-sjukskoterska-kan-gora\/betablockerare\/#breadcrumb"},"inLanguage":"sv-SE","potentialAction":[{"@type":"ReadAction","target":["https:\/\/www.heartfailurematters.org\/sv\/vad-din-lakare-eller-sjukskoterska-kan-gora\/betablockerare\/"]}]},{"@type":"ImageObject","inLanguage":"sv-SE","@id":"https:\/\/www.heartfailurematters.org\/sv\/vad-din-lakare-eller-sjukskoterska-kan-gora\/betablockerare\/#primaryimage","url":"https:\/\/www.heartfailurematters.org\/wp-content\/uploads\/2022\/03\/shutterstock_441673426-1-min.jpg","contentUrl":"https:\/\/www.heartfailurematters.org\/wp-content\/uploads\/2022\/03\/shutterstock_441673426-1-min.jpg","width":900,"height":596},{"@type":"BreadcrumbList","@id":"https:\/\/www.heartfailurematters.org\/sv\/vad-din-lakare-eller-sjukskoterska-kan-gora\/betablockerare\/#breadcrumb","itemListElement":[{"@type":"ListItem","position":1,"name":"Hem","item":"https:\/\/www.heartfailurematters.org\/sv\/"},{"@type":"ListItem","position":2,"name":"Vad din l\u00e4kare kan g\u00f6ra","item":"https:\/\/www.heartfailurematters.org\/sv\/vad-din-lakare-eller-sjukskoterska-kan-gora\/"},{"@type":"ListItem","position":3,"name":"Betablockerare"}]},{"@type":"WebSite","@id":"https:\/\/www.heartfailurematters.org\/sv\/#website","url":"https:\/\/www.heartfailurematters.org\/sv\/","name":"Heart Failure Matters","description":"Practical information for patients, families and caregivers.","publisher":{"@id":"https:\/\/www.heartfailurematters.org\/sv\/#organization"},"potentialAction":[{"@type":"SearchAction","target":{"@type":"EntryPoint","urlTemplate":"https:\/\/www.heartfailurematters.org\/sv\/?s={search_term_string}"},"query-input":{"@type":"PropertyValueSpecification","valueRequired":true,"valueName":"search_term_string"}}],"inLanguage":"sv-SE"},{"@type":"Organization","@id":"https:\/\/www.heartfailurematters.org\/sv\/#organization","name":"Heart Failure Matters","url":"https:\/\/www.heartfailurematters.org\/sv\/","logo":{"@type":"ImageObject","inLanguage":"sv-SE","@id":"https:\/\/www.heartfailurematters.org\/sv\/#\/schema\/logo\/image\/","url":"https:\/\/cdn-endpoint-hfm.azureedge.net\/heartfailurematters\/2024\/07\/hfm-logo1.jpg","contentUrl":"https:\/\/cdn-endpoint-hfm.azureedge.net\/heartfailurematters\/2024\/07\/hfm-logo1.jpg","width":1280,"height":720,"caption":"Heart Failure Matters"},"image":{"@id":"https:\/\/www.heartfailurematters.org\/sv\/#\/schema\/logo\/image\/"},"sameAs":["https:\/\/www.facebook.com\/heartfailurematters"]}]}},"_links":{"self":[{"href":"https:\/\/www.heartfailurematters.org\/sv\/wp-json\/wp\/v2\/pages\/2571","targetHints":{"allow":["GET"]}}],"collection":[{"href":"https:\/\/www.heartfailurematters.org\/sv\/wp-json\/wp\/v2\/pages"}],"about":[{"href":"https:\/\/www.heartfailurematters.org\/sv\/wp-json\/wp\/v2\/types\/page"}],"author":[{"embeddable":true,"href":"https:\/\/www.heartfailurematters.org\/sv\/wp-json\/wp\/v2\/users\/1"}],"replies":[{"embeddable":true,"href":"https:\/\/www.heartfailurematters.org\/sv\/wp-json\/wp\/v2\/comments?post=2571"}],"version-history":[{"count":5,"href":"https:\/\/www.heartfailurematters.org\/sv\/wp-json\/wp\/v2\/pages\/2571\/revisions"}],"predecessor-version":[{"id":13971,"href":"https:\/\/www.heartfailurematters.org\/sv\/wp-json\/wp\/v2\/pages\/2571\/revisions\/13971"}],"up":[{"embeddable":true,"href":"https:\/\/www.heartfailurematters.org\/sv\/wp-json\/wp\/v2\/pages\/2685"}],"wp:featuredmedia":[{"embeddable":true,"href":"https:\/\/www.heartfailurematters.org\/sv\/wp-json\/wp\/v2\/media\/10874"}],"wp:attachment":[{"href":"https:\/\/www.heartfailurematters.org\/sv\/wp-json\/wp\/v2\/media?parent=2571"}],"wp:term":[{"taxonomy":"category","embeddable":true,"href":"https:\/\/www.heartfailurematters.org\/sv\/wp-json\/wp\/v2\/categories?post=2571"},{"taxonomy":"post_tag","embeddable":true,"href":"https:\/\/www.heartfailurematters.org\/sv\/wp-json\/wp\/v2\/tags?post=2571"}],"curies":[{"name":"wp","href":"https:\/\/api.w.org\/{rel}","templated":true}]}}