{"id":2562,"date":"2021-01-27T22:12:16","date_gmt":"2021-01-27T22:12:16","guid":{"rendered":"http:\/\/heartfailurematters.local:8888\/varningstecken\/"},"modified":"2021-02-18T16:46:30","modified_gmt":"2021-02-18T16:46:30","slug":"varningstecken","status":"publish","type":"page","link":"https:\/\/www.heartfailurematters.org\/sv\/varningstecken\/varningstecken\/","title":{"rendered":"Varningstecken"},"content":{"rendered":"<p>Hj\u00e4rtsvikt kan hanteras v\u00e4l med r\u00e4tt behandling och anpassad livsstil, enligt din l\u00e4kare eller sjuksk\u00f6terskas rekommendationer. Men det \u00e4r viktigt att \u00f6vervaka alla dina symtom regelbundet, eftersom hj\u00e4rtsvikt kan utvecklas l\u00e5ngsamt.<\/p>\n<p>Du kan anv\u00e4nda listan till v\u00e4nster eller n\u00e5gon av l\u00e4nkarna nedan f\u00f6r att l\u00e4sa mer om symtomen du b\u00f6r \u00f6vervaka och vad de ska g\u00f6ra om de f\u00f6rv\u00e4rras.<\/p>\n<p>Du b\u00f6r kalla p\u00e5 hj\u00e4lp omedelbart om du upplever:<\/p>\n<p><a title=\"Ih\u00e5llande br\u00f6stsm\u00e4rta \" href=\"https:\/\/www.heartfailurematters.org\/sv\/varningstecken\/brostsmarta\/\" shape=\"rect\">Ih\u00e5llande br\u00f6stsm\u00e4rta<\/a> som inte lindras av nitroglycerin<br \/>\n<a title=\"Sv\u00e5r och ih\u00e5llande andn\u00f6d\" href=\"https:\/\/www.heartfailurematters.org\/sv\/varningstecken\/andnod\/\" shape=\"rect\">Sv\u00e5r och ih\u00e5llande andn\u00f6d<\/a><br \/>\n<a title=\"Svimning\" href=\"https:\/\/www.heartfailurematters.org\/sv\/varningstecken\/svimning-och-yrsel\/\" shape=\"rect\">Svimning<\/a><\/p>\n<p>Du b\u00f6r informera din l\u00e4kare s\u00e5 snart som m\u00f6jligt om du upplever:<\/p>\n<p><a title=\"\u00d6kande andn\u00f6d\" href=\"https:\/\/www.heartfailurematters.org\/sv\/varningstecken\/andnod\/\" shape=\"rect\">\u00d6kande andn\u00f6d<\/a><br \/>\n<a title=\"Frekventa uppvaknanden p\u00e5 grund av andn\u00f6d\" href=\"https:\/\/www.heartfailurematters.org\/sv\/varningstecken\/vaknar-med-andnod-behover-fler-kuddar\/\" shape=\"rect\">\u00c5terkommande\u00a0uppvaknanden p\u00e5 grund av\u00a0andn\u00f6d<\/a><br \/>\n<a title=\"Behov av fler kuddar f\u00f6r att sova bekv\u00e4mt\" href=\"https:\/\/www.heartfailurematters.org\/sv\/varningstecken\/vaknar-med-andnod-behover-fler-kuddar\/\" shape=\"rect\">Behov av fler kuddar f\u00f6r att sova bekv\u00e4mt<\/a><br \/>\n<a title=\"Snabb hj\u00e4rtfrekvens eller f\u00f6rv\u00e4rrad hj\u00e4rtklappning\" href=\"https:\/\/www.heartfailurematters.org\/sv\/varningstecken\/hjartklappning\/\" shape=\"rect\">Snabb hj\u00e4rtfrekvens eller f\u00f6rv\u00e4rrad hj\u00e4rtklappning<\/a><\/p>\n<p>Du b\u00f6r diskutera eventuella symtom nedan med din l\u00e4kare eller sjuksk\u00f6terska:<\/p>\n<p><a title=\"Snabb vikt\u00f6kning\" href=\"https:\/\/www.heartfailurematters.org\/sv\/varningstecken\/snabb-viktokning\/\" shape=\"rect\">Snabb vikt\u00f6kning<\/a><br \/>\n<a title=\"Progressiv svullnad eller sm\u00e4rta i buken\" href=\"https:\/\/www.heartfailurematters.org\/sv\/varningstecken\/svullnad-eller-smartor-i-buken\/\" shape=\"rect\">Progressiv svullnad eller sm\u00e4rta i buken<\/a><br \/>\n<a title=\"\u00d6kad svullnad i benen eller anklarna\" href=\"https:\/\/www.heartfailurematters.org\/sv\/varningstecken\/okad-svullnad-av-ben-och-anklar\/\" shape=\"rect\">\u00d6kad svullnad i benen eller anklarna<\/a><br \/>\n<a title=\"Aptitl\u00f6shet\/illam\u00e5ende\" href=\"https:\/\/www.heartfailurematters.org\/sv\/varningstecken\/aptitloshet-illamaende\/\" shape=\"rect\">Aptitl\u00f6shet\/illam\u00e5ende<\/a><br \/>\n<a title=\"\u00d6kande tr\u00f6tthet\" href=\"https:\/\/www.heartfailurematters.org\/sv\/att-forsta-hjartsvikt\/trotthet-utmattning\/\" shape=\"rect\">\u00d6kande tr\u00f6tthet<\/a><br \/>\n<a title=\"F\u00f6rv\u00e4rrad hosta\" href=\"https:\/\/www.heartfailurematters.org\/sv\/att-forsta-hjartsvikt\/hosta-eller-pipande-eller-vasande-andning\/\" shape=\"rect\">F\u00f6rv\u00e4rrad hosta<\/a><\/p>\n<p>F\u00f6r att hj\u00e4lpa dig att \u00f6vervaka dina symtom, klicka p\u00e5 l\u00e4nkarna nedan f\u00f6r att hitta anv\u00e4ndbara resurser som du kan ladda ner, skriva ut och fylla i. Du kan sedan ta med dig dem n\u00e4r du bes\u00f6ker din l\u00e4kare eller sjuksk\u00f6terska och diskuterar dina symtom.<\/p>\n<p><a title=\"Symtom och h\u00e4ndelsedagbok\" href=\"\/wp-content\/uploads\/2021\/02\/Symtom-och-handelsedagbok.pdf\" target=\"_blank\" rel=\"noopener\" shape=\"rect\">Symtom och h\u00e4ndelsedagbok<\/a><br \/>\n<a href=\"\/wp-content\/uploads\/2021\/02\/Overvakningsdiagram.pdf\">\u00d6vervaka hj\u00e4rtsviktsdiagrammet<\/a><br \/>\n<a title=\"Varningstecken\" href=\"\/wp-content\/uploads\/2021\/02\/Varningstecken.pdf\" target=\"_blank\" rel=\"noopener\" shape=\"rect\">Folder om varningstecken<\/a><\/p>\n","protected":false},"excerpt":{"rendered":"<p>Hj\u00e4rtsvikt kan hanteras v\u00e4l med r\u00e4tt behandling och anpassad livsstil, enligt din l\u00e4kare eller sjuksk\u00f6terskas rekommendationer. Men det \u00e4r viktigt att \u00f6vervaka alla dina symtom regelbundet, eftersom hj\u00e4rtsvikt kan utvecklas l\u00e5ngsamt. Du kan anv\u00e4nda listan till v\u00e4nster eller n\u00e5gon av l\u00e4nkarna nedan f\u00f6r att l\u00e4sa mer om symtomen du b\u00f6r \u00f6vervaka och vad de ska [&hellip;]<\/p>\n","protected":false},"author":1,"featured_media":0,"parent":2870,"menu_order":0,"comment_status":"open","ping_status":"open","template":"","meta":{"_acf_changed":false,"footnotes":""},"categories":[],"tags":[],"class_list":["post-2562","page","type-page","status-publish","hentry"],"acf":[],"yoast_head":"<!-- This site is optimized with the Yoast SEO plugin v24.8.1 - https:\/\/yoast.com\/wordpress\/plugins\/seo\/ -->\n<title>Varningstecken p\u00e5 hj\u00e4rtsvikt<\/title>\n<meta name=\"description\" content=\"Hj\u00e4rtsvikt kan hanteras effektivt. F\u00f6r att g\u00f6ra det \u00e4r det viktigt att \u00f6vervaka alla dina symtom regelbundet. Ring f\u00f6r hj\u00e4lp om du har dessa symtom\" \/>\n<meta name=\"robots\" content=\"index, follow, max-snippet:-1, max-image-preview:large, max-video-preview:-1\" \/>\n<link rel=\"canonical\" href=\"https:\/\/www.heartfailurematters.org\/sv\/varningstecken\/varningstecken\/\" \/>\n<meta property=\"og:locale\" content=\"sv_SE\" \/>\n<meta property=\"og:type\" content=\"article\" \/>\n<meta property=\"og:title\" content=\"Varningstecken p\u00e5 hj\u00e4rtsvikt\" \/>\n<meta property=\"og:description\" content=\"Hj\u00e4rtsvikt kan hanteras effektivt. F\u00f6r att g\u00f6ra det \u00e4r det viktigt att \u00f6vervaka alla dina symtom regelbundet. Ring f\u00f6r hj\u00e4lp om du har dessa symtom\" \/>\n<meta property=\"og:url\" content=\"https:\/\/www.heartfailurematters.org\/sv\/varningstecken\/varningstecken\/\" \/>\n<meta property=\"og:site_name\" content=\"Heart Failure Matters\" \/>\n<meta property=\"article:publisher\" content=\"https:\/\/www.facebook.com\/heartfailurematters\" \/>\n<meta property=\"article:modified_time\" content=\"2021-02-18T16:46:30+00:00\" \/>\n<meta name=\"twitter:card\" content=\"summary_large_image\" \/>\n<meta name=\"twitter:label1\" content=\"Ber\u00e4knad l\u00e4stid\" \/>\n\t<meta name=\"twitter:data1\" content=\"1 minut\" \/>\n<script type=\"application\/ld+json\" class=\"yoast-schema-graph\">{\"@context\":\"https:\/\/schema.org\",\"@graph\":[{\"@type\":\"WebPage\",\"@id\":\"https:\/\/www.heartfailurematters.org\/sv\/varningstecken\/varningstecken\/\",\"url\":\"https:\/\/www.heartfailurematters.org\/sv\/varningstecken\/varningstecken\/\",\"name\":\"Varningstecken p\u00e5 hj\u00e4rtsvikt\",\"isPartOf\":{\"@id\":\"https:\/\/www.heartfailurematters.org\/sv\/#website\"},\"datePublished\":\"2021-01-27T22:12:16+00:00\",\"dateModified\":\"2021-02-18T16:46:30+00:00\",\"description\":\"Hj\u00e4rtsvikt kan hanteras effektivt. F\u00f6r att g\u00f6ra det \u00e4r det viktigt att \u00f6vervaka alla dina symtom regelbundet. Ring f\u00f6r hj\u00e4lp om du har dessa symtom\",\"breadcrumb\":{\"@id\":\"https:\/\/www.heartfailurematters.org\/sv\/varningstecken\/varningstecken\/#breadcrumb\"},\"inLanguage\":\"sv-SE\",\"potentialAction\":[{\"@type\":\"ReadAction\",\"target\":[\"https:\/\/www.heartfailurematters.org\/sv\/varningstecken\/varningstecken\/\"]}]},{\"@type\":\"BreadcrumbList\",\"@id\":\"https:\/\/www.heartfailurematters.org\/sv\/varningstecken\/varningstecken\/#breadcrumb\",\"itemListElement\":[{\"@type\":\"ListItem\",\"position\":1,\"name\":\"Hem\",\"item\":\"https:\/\/www.heartfailurematters.org\/sv\/\"},{\"@type\":\"ListItem\",\"position\":2,\"name\":\"Varningstecken\",\"item\":\"https:\/\/www.heartfailurematters.org\/sv\/varningstecken\/\"},{\"@type\":\"ListItem\",\"position\":3,\"name\":\"Varningstecken\"}]},{\"@type\":\"WebSite\",\"@id\":\"https:\/\/www.heartfailurematters.org\/sv\/#website\",\"url\":\"https:\/\/www.heartfailurematters.org\/sv\/\",\"name\":\"Heart Failure Matters\",\"description\":\"Practical information for patients, families and caregivers.\",\"publisher\":{\"@id\":\"https:\/\/www.heartfailurematters.org\/sv\/#organization\"},\"potentialAction\":[{\"@type\":\"SearchAction\",\"target\":{\"@type\":\"EntryPoint\",\"urlTemplate\":\"https:\/\/www.heartfailurematters.org\/sv\/?s={search_term_string}\"},\"query-input\":{\"@type\":\"PropertyValueSpecification\",\"valueRequired\":true,\"valueName\":\"search_term_string\"}}],\"inLanguage\":\"sv-SE\"},{\"@type\":\"Organization\",\"@id\":\"https:\/\/www.heartfailurematters.org\/sv\/#organization\",\"name\":\"Heart Failure Matters\",\"url\":\"https:\/\/www.heartfailurematters.org\/sv\/\",\"logo\":{\"@type\":\"ImageObject\",\"inLanguage\":\"sv-SE\",\"@id\":\"https:\/\/www.heartfailurematters.org\/sv\/#\/schema\/logo\/image\/\",\"url\":\"https:\/\/cdn-endpoint-hfm.azureedge.net\/heartfailurematters\/2024\/07\/hfm-logo1.jpg\",\"contentUrl\":\"https:\/\/cdn-endpoint-hfm.azureedge.net\/heartfailurematters\/2024\/07\/hfm-logo1.jpg\",\"width\":1280,\"height\":720,\"caption\":\"Heart Failure Matters\"},\"image\":{\"@id\":\"https:\/\/www.heartfailurematters.org\/sv\/#\/schema\/logo\/image\/\"},\"sameAs\":[\"https:\/\/www.facebook.com\/heartfailurematters\"]}]}<\/script>\n<!-- \/ Yoast SEO plugin. -->","yoast_head_json":{"title":"Varningstecken p\u00e5 hj\u00e4rtsvikt","description":"Hj\u00e4rtsvikt kan hanteras effektivt. F\u00f6r att g\u00f6ra det \u00e4r det viktigt att \u00f6vervaka alla dina symtom regelbundet. Ring f\u00f6r hj\u00e4lp om du har dessa symtom","robots":{"index":"index","follow":"follow","max-snippet":"max-snippet:-1","max-image-preview":"max-image-preview:large","max-video-preview":"max-video-preview:-1"},"canonical":"https:\/\/www.heartfailurematters.org\/sv\/varningstecken\/varningstecken\/","og_locale":"sv_SE","og_type":"article","og_title":"Varningstecken p\u00e5 hj\u00e4rtsvikt","og_description":"Hj\u00e4rtsvikt kan hanteras effektivt. F\u00f6r att g\u00f6ra det \u00e4r det viktigt att \u00f6vervaka alla dina symtom regelbundet. Ring f\u00f6r hj\u00e4lp om du har dessa symtom","og_url":"https:\/\/www.heartfailurematters.org\/sv\/varningstecken\/varningstecken\/","og_site_name":"Heart Failure Matters","article_publisher":"https:\/\/www.facebook.com\/heartfailurematters","article_modified_time":"2021-02-18T16:46:30+00:00","twitter_card":"summary_large_image","twitter_misc":{"Ber\u00e4knad l\u00e4stid":"1 minut"},"schema":{"@context":"https:\/\/schema.org","@graph":[{"@type":"WebPage","@id":"https:\/\/www.heartfailurematters.org\/sv\/varningstecken\/varningstecken\/","url":"https:\/\/www.heartfailurematters.org\/sv\/varningstecken\/varningstecken\/","name":"Varningstecken p\u00e5 hj\u00e4rtsvikt","isPartOf":{"@id":"https:\/\/www.heartfailurematters.org\/sv\/#website"},"datePublished":"2021-01-27T22:12:16+00:00","dateModified":"2021-02-18T16:46:30+00:00","description":"Hj\u00e4rtsvikt kan hanteras effektivt. F\u00f6r att g\u00f6ra det \u00e4r det viktigt att \u00f6vervaka alla dina symtom regelbundet. Ring f\u00f6r hj\u00e4lp om du har dessa symtom","breadcrumb":{"@id":"https:\/\/www.heartfailurematters.org\/sv\/varningstecken\/varningstecken\/#breadcrumb"},"inLanguage":"sv-SE","potentialAction":[{"@type":"ReadAction","target":["https:\/\/www.heartfailurematters.org\/sv\/varningstecken\/varningstecken\/"]}]},{"@type":"BreadcrumbList","@id":"https:\/\/www.heartfailurematters.org\/sv\/varningstecken\/varningstecken\/#breadcrumb","itemListElement":[{"@type":"ListItem","position":1,"name":"Hem","item":"https:\/\/www.heartfailurematters.org\/sv\/"},{"@type":"ListItem","position":2,"name":"Varningstecken","item":"https:\/\/www.heartfailurematters.org\/sv\/varningstecken\/"},{"@type":"ListItem","position":3,"name":"Varningstecken"}]},{"@type":"WebSite","@id":"https:\/\/www.heartfailurematters.org\/sv\/#website","url":"https:\/\/www.heartfailurematters.org\/sv\/","name":"Heart Failure Matters","description":"Practical information for patients, families and caregivers.","publisher":{"@id":"https:\/\/www.heartfailurematters.org\/sv\/#organization"},"potentialAction":[{"@type":"SearchAction","target":{"@type":"EntryPoint","urlTemplate":"https:\/\/www.heartfailurematters.org\/sv\/?s={search_term_string}"},"query-input":{"@type":"PropertyValueSpecification","valueRequired":true,"valueName":"search_term_string"}}],"inLanguage":"sv-SE"},{"@type":"Organization","@id":"https:\/\/www.heartfailurematters.org\/sv\/#organization","name":"Heart Failure Matters","url":"https:\/\/www.heartfailurematters.org\/sv\/","logo":{"@type":"ImageObject","inLanguage":"sv-SE","@id":"https:\/\/www.heartfailurematters.org\/sv\/#\/schema\/logo\/image\/","url":"https:\/\/cdn-endpoint-hfm.azureedge.net\/heartfailurematters\/2024\/07\/hfm-logo1.jpg","contentUrl":"https:\/\/cdn-endpoint-hfm.azureedge.net\/heartfailurematters\/2024\/07\/hfm-logo1.jpg","width":1280,"height":720,"caption":"Heart Failure Matters"},"image":{"@id":"https:\/\/www.heartfailurematters.org\/sv\/#\/schema\/logo\/image\/"},"sameAs":["https:\/\/www.facebook.com\/heartfailurematters"]}]}},"_links":{"self":[{"href":"https:\/\/www.heartfailurematters.org\/sv\/wp-json\/wp\/v2\/pages\/2562","targetHints":{"allow":["GET"]}}],"collection":[{"href":"https:\/\/www.heartfailurematters.org\/sv\/wp-json\/wp\/v2\/pages"}],"about":[{"href":"https:\/\/www.heartfailurematters.org\/sv\/wp-json\/wp\/v2\/types\/page"}],"author":[{"embeddable":true,"href":"https:\/\/www.heartfailurematters.org\/sv\/wp-json\/wp\/v2\/users\/1"}],"replies":[{"embeddable":true,"href":"https:\/\/www.heartfailurematters.org\/sv\/wp-json\/wp\/v2\/comments?post=2562"}],"version-history":[{"count":3,"href":"https:\/\/www.heartfailurematters.org\/sv\/wp-json\/wp\/v2\/pages\/2562\/revisions"}],"predecessor-version":[{"id":7076,"href":"https:\/\/www.heartfailurematters.org\/sv\/wp-json\/wp\/v2\/pages\/2562\/revisions\/7076"}],"up":[{"embeddable":true,"href":"https:\/\/www.heartfailurematters.org\/sv\/wp-json\/wp\/v2\/pages\/2870"}],"wp:attachment":[{"href":"https:\/\/www.heartfailurematters.org\/sv\/wp-json\/wp\/v2\/media?parent=2562"}],"wp:term":[{"taxonomy":"category","embeddable":true,"href":"https:\/\/www.heartfailurematters.org\/sv\/wp-json\/wp\/v2\/categories?post=2562"},{"taxonomy":"post_tag","embeddable":true,"href":"https:\/\/www.heartfailurematters.org\/sv\/wp-json\/wp\/v2\/tags?post=2562"}],"curies":[{"name":"wp","href":"https:\/\/api.w.org\/{rel}","templated":true}]}}