{"id":2561,"date":"2021-01-27T22:12:16","date_gmt":"2021-01-27T22:12:16","guid":{"rendered":"http:\/\/heartfailurematters.local:8888\/lakemedelslista\/"},"modified":"2021-01-27T22:12:16","modified_gmt":"2021-01-27T22:12:16","slug":"lakemedelslista","status":"publish","type":"page","link":"https:\/\/www.heartfailurematters.org\/sv\/vad-din-lakare-eller-sjukskoterska-kan-gora\/lakemedelslista\/","title":{"rendered":"L\u00e4kemedelslista"},"content":{"rendered":"<p>Du kan f\u00e5 flera olika mediciner f\u00f6r hj\u00e4rtsvikt. Det kan vara sv\u00e5rt att komma ih\u00e5g vilka l\u00e4kemedel man ska ta, n\u00e4r man ska ta dem och om man ska ta dem med eller utan mat.<\/p>\n<p>Klicka p\u00e5 l\u00e4nken nedan f\u00f6r att \u00f6ppna ett formul\u00e4r som du kan anv\u00e4nda som en p\u00e5minnelse. Skriv helt enkelt ut det, fyll i det och f\u00f6rvara det tillsammans med dina mediciner.<\/p>\n<p><a target=\"_blank\" href=\"https:\/\/www.heartfailurematters.org\/wp-content\/uploads\/2021\/02\/Medicine_chart_EN.pdf\" rel=\"noopener\">L\u00e4kemedelslista<\/a><\/p>\n<p>F\u00f6r mer <a href=\"https:\/\/www.heartfailurematters.org\/sv\/vad-din-lakare-eller-sjukskoterska-kan-gora\/vikten-av-att-ta-sina-mediciner\/\">tips om att hantera dina mediciner, klicka h\u00e4r<\/a><\/p>\n<p><a href=\"https:\/\/www.heartfailurematters.org\/sv\/vad-din-lakare-eller-sjukskoterska-kan-gora\/lakemedel-vid-hjartsvikt\/\">\u00c5terg\u00e5 till &#8221;L\u00e4kemedel vid hj\u00e4rtsvikt&#8221;<\/a><\/p>\n","protected":false},"excerpt":{"rendered":"<p>Du kan f\u00e5 flera olika mediciner f\u00f6r hj\u00e4rtsvikt. Det kan vara sv\u00e5rt att komma ih\u00e5g vilka l\u00e4kemedel man ska ta, n\u00e4r man ska ta dem och om man ska ta dem med eller utan mat. Klicka p\u00e5 l\u00e4nken nedan f\u00f6r att \u00f6ppna ett formul\u00e4r som du kan anv\u00e4nda som en p\u00e5minnelse. Skriv helt enkelt ut [&hellip;]<\/p>\n","protected":false},"author":1,"featured_media":10874,"parent":2685,"menu_order":0,"comment_status":"open","ping_status":"open","template":"","meta":{"_acf_changed":false,"footnotes":""},"categories":[],"tags":[],"class_list":["post-2561","page","type-page","status-publish","has-post-thumbnail","hentry"],"acf":[],"yoast_head":"<!-- This site is optimized with the Yoast SEO plugin v24.8.1 - https:\/\/yoast.com\/wordpress\/plugins\/seo\/ -->\n<title>L\u00e4kemedelslista<\/title>\n<meta name=\"description\" content=\"Klicka p\u00e5 l\u00e4nken nedan f\u00f6r att \u00f6ppna ett formul\u00e4r som du kan anv\u00e4nda som en p\u00e5minnelse. Skriv helt enkelt ut det, fyll i det och f\u00f6rvara det tillsammans med dina mediciner.\" \/>\n<meta name=\"robots\" content=\"index, follow, max-snippet:-1, max-image-preview:large, max-video-preview:-1\" \/>\n<link rel=\"canonical\" href=\"https:\/\/www.heartfailurematters.org\/sv\/vad-din-lakare-eller-sjukskoterska-kan-gora\/lakemedelslista\/\" \/>\n<meta property=\"og:locale\" content=\"sv_SE\" \/>\n<meta property=\"og:type\" content=\"article\" \/>\n<meta property=\"og:title\" content=\"L\u00e4kemedelslista\" \/>\n<meta property=\"og:description\" content=\"Klicka p\u00e5 l\u00e4nken nedan f\u00f6r att \u00f6ppna ett formul\u00e4r som du kan anv\u00e4nda som en p\u00e5minnelse. Skriv helt enkelt ut det, fyll i det och f\u00f6rvara det tillsammans med dina mediciner.\" \/>\n<meta property=\"og:url\" content=\"https:\/\/www.heartfailurematters.org\/sv\/vad-din-lakare-eller-sjukskoterska-kan-gora\/lakemedelslista\/\" \/>\n<meta property=\"og:site_name\" content=\"Heart Failure Matters\" \/>\n<meta property=\"article:publisher\" content=\"https:\/\/www.facebook.com\/heartfailurematters\" \/>\n<meta property=\"og:image\" content=\"https:\/\/www.heartfailurematters.org\/wp-content\/uploads\/2022\/03\/shutterstock_441673426-1-min.jpg\" \/>\n\t<meta property=\"og:image:width\" content=\"900\" \/>\n\t<meta property=\"og:image:height\" content=\"596\" \/>\n\t<meta property=\"og:image:type\" content=\"image\/jpeg\" \/>\n<meta name=\"twitter:card\" content=\"summary_large_image\" \/>\n<script type=\"application\/ld+json\" class=\"yoast-schema-graph\">{\"@context\":\"https:\/\/schema.org\",\"@graph\":[{\"@type\":\"WebPage\",\"@id\":\"https:\/\/www.heartfailurematters.org\/sv\/vad-din-lakare-eller-sjukskoterska-kan-gora\/lakemedelslista\/\",\"url\":\"https:\/\/www.heartfailurematters.org\/sv\/vad-din-lakare-eller-sjukskoterska-kan-gora\/lakemedelslista\/\",\"name\":\"L\u00e4kemedelslista\",\"isPartOf\":{\"@id\":\"https:\/\/www.heartfailurematters.org\/sv\/#website\"},\"primaryImageOfPage\":{\"@id\":\"https:\/\/www.heartfailurematters.org\/sv\/vad-din-lakare-eller-sjukskoterska-kan-gora\/lakemedelslista\/#primaryimage\"},\"image\":{\"@id\":\"https:\/\/www.heartfailurematters.org\/sv\/vad-din-lakare-eller-sjukskoterska-kan-gora\/lakemedelslista\/#primaryimage\"},\"thumbnailUrl\":\"https:\/\/www.heartfailurematters.org\/wp-content\/uploads\/2022\/03\/shutterstock_441673426-1-min.jpg\",\"datePublished\":\"2021-01-27T22:12:16+00:00\",\"description\":\"Klicka p\u00e5 l\u00e4nken nedan f\u00f6r att \u00f6ppna ett formul\u00e4r som du kan anv\u00e4nda som en p\u00e5minnelse. Skriv helt enkelt ut det, fyll i det och f\u00f6rvara det tillsammans med dina mediciner.\",\"breadcrumb\":{\"@id\":\"https:\/\/www.heartfailurematters.org\/sv\/vad-din-lakare-eller-sjukskoterska-kan-gora\/lakemedelslista\/#breadcrumb\"},\"inLanguage\":\"sv-SE\",\"potentialAction\":[{\"@type\":\"ReadAction\",\"target\":[\"https:\/\/www.heartfailurematters.org\/sv\/vad-din-lakare-eller-sjukskoterska-kan-gora\/lakemedelslista\/\"]}]},{\"@type\":\"ImageObject\",\"inLanguage\":\"sv-SE\",\"@id\":\"https:\/\/www.heartfailurematters.org\/sv\/vad-din-lakare-eller-sjukskoterska-kan-gora\/lakemedelslista\/#primaryimage\",\"url\":\"https:\/\/www.heartfailurematters.org\/wp-content\/uploads\/2022\/03\/shutterstock_441673426-1-min.jpg\",\"contentUrl\":\"https:\/\/www.heartfailurematters.org\/wp-content\/uploads\/2022\/03\/shutterstock_441673426-1-min.jpg\",\"width\":900,\"height\":596},{\"@type\":\"BreadcrumbList\",\"@id\":\"https:\/\/www.heartfailurematters.org\/sv\/vad-din-lakare-eller-sjukskoterska-kan-gora\/lakemedelslista\/#breadcrumb\",\"itemListElement\":[{\"@type\":\"ListItem\",\"position\":1,\"name\":\"Hem\",\"item\":\"https:\/\/www.heartfailurematters.org\/sv\/\"},{\"@type\":\"ListItem\",\"position\":2,\"name\":\"Vad din l\u00e4kare kan g\u00f6ra\",\"item\":\"https:\/\/www.heartfailurematters.org\/sv\/vad-din-lakare-eller-sjukskoterska-kan-gora\/\"},{\"@type\":\"ListItem\",\"position\":3,\"name\":\"L\u00e4kemedelslista\"}]},{\"@type\":\"WebSite\",\"@id\":\"https:\/\/www.heartfailurematters.org\/sv\/#website\",\"url\":\"https:\/\/www.heartfailurematters.org\/sv\/\",\"name\":\"Heart Failure Matters\",\"description\":\"Practical information for patients, families and caregivers.\",\"publisher\":{\"@id\":\"https:\/\/www.heartfailurematters.org\/sv\/#organization\"},\"potentialAction\":[{\"@type\":\"SearchAction\",\"target\":{\"@type\":\"EntryPoint\",\"urlTemplate\":\"https:\/\/www.heartfailurematters.org\/sv\/?s={search_term_string}\"},\"query-input\":{\"@type\":\"PropertyValueSpecification\",\"valueRequired\":true,\"valueName\":\"search_term_string\"}}],\"inLanguage\":\"sv-SE\"},{\"@type\":\"Organization\",\"@id\":\"https:\/\/www.heartfailurematters.org\/sv\/#organization\",\"name\":\"Heart Failure Matters\",\"url\":\"https:\/\/www.heartfailurematters.org\/sv\/\",\"logo\":{\"@type\":\"ImageObject\",\"inLanguage\":\"sv-SE\",\"@id\":\"https:\/\/www.heartfailurematters.org\/sv\/#\/schema\/logo\/image\/\",\"url\":\"https:\/\/cdn-endpoint-hfm.azureedge.net\/heartfailurematters\/2024\/07\/hfm-logo1.jpg\",\"contentUrl\":\"https:\/\/cdn-endpoint-hfm.azureedge.net\/heartfailurematters\/2024\/07\/hfm-logo1.jpg\",\"width\":1280,\"height\":720,\"caption\":\"Heart Failure Matters\"},\"image\":{\"@id\":\"https:\/\/www.heartfailurematters.org\/sv\/#\/schema\/logo\/image\/\"},\"sameAs\":[\"https:\/\/www.facebook.com\/heartfailurematters\"]}]}<\/script>\n<!-- \/ Yoast SEO plugin. -->","yoast_head_json":{"title":"L\u00e4kemedelslista","description":"Klicka p\u00e5 l\u00e4nken nedan f\u00f6r att \u00f6ppna ett formul\u00e4r som du kan anv\u00e4nda som en p\u00e5minnelse. Skriv helt enkelt ut det, fyll i det och f\u00f6rvara det tillsammans med dina mediciner.","robots":{"index":"index","follow":"follow","max-snippet":"max-snippet:-1","max-image-preview":"max-image-preview:large","max-video-preview":"max-video-preview:-1"},"canonical":"https:\/\/www.heartfailurematters.org\/sv\/vad-din-lakare-eller-sjukskoterska-kan-gora\/lakemedelslista\/","og_locale":"sv_SE","og_type":"article","og_title":"L\u00e4kemedelslista","og_description":"Klicka p\u00e5 l\u00e4nken nedan f\u00f6r att \u00f6ppna ett formul\u00e4r som du kan anv\u00e4nda som en p\u00e5minnelse. Skriv helt enkelt ut det, fyll i det och f\u00f6rvara det tillsammans med dina mediciner.","og_url":"https:\/\/www.heartfailurematters.org\/sv\/vad-din-lakare-eller-sjukskoterska-kan-gora\/lakemedelslista\/","og_site_name":"Heart Failure Matters","article_publisher":"https:\/\/www.facebook.com\/heartfailurematters","og_image":[{"width":900,"height":596,"url":"https:\/\/www.heartfailurematters.org\/wp-content\/uploads\/2022\/03\/shutterstock_441673426-1-min.jpg","type":"image\/jpeg"}],"twitter_card":"summary_large_image","schema":{"@context":"https:\/\/schema.org","@graph":[{"@type":"WebPage","@id":"https:\/\/www.heartfailurematters.org\/sv\/vad-din-lakare-eller-sjukskoterska-kan-gora\/lakemedelslista\/","url":"https:\/\/www.heartfailurematters.org\/sv\/vad-din-lakare-eller-sjukskoterska-kan-gora\/lakemedelslista\/","name":"L\u00e4kemedelslista","isPartOf":{"@id":"https:\/\/www.heartfailurematters.org\/sv\/#website"},"primaryImageOfPage":{"@id":"https:\/\/www.heartfailurematters.org\/sv\/vad-din-lakare-eller-sjukskoterska-kan-gora\/lakemedelslista\/#primaryimage"},"image":{"@id":"https:\/\/www.heartfailurematters.org\/sv\/vad-din-lakare-eller-sjukskoterska-kan-gora\/lakemedelslista\/#primaryimage"},"thumbnailUrl":"https:\/\/www.heartfailurematters.org\/wp-content\/uploads\/2022\/03\/shutterstock_441673426-1-min.jpg","datePublished":"2021-01-27T22:12:16+00:00","description":"Klicka p\u00e5 l\u00e4nken nedan f\u00f6r att \u00f6ppna ett formul\u00e4r som du kan anv\u00e4nda som en p\u00e5minnelse. Skriv helt enkelt ut det, fyll i det och f\u00f6rvara det tillsammans med dina mediciner.","breadcrumb":{"@id":"https:\/\/www.heartfailurematters.org\/sv\/vad-din-lakare-eller-sjukskoterska-kan-gora\/lakemedelslista\/#breadcrumb"},"inLanguage":"sv-SE","potentialAction":[{"@type":"ReadAction","target":["https:\/\/www.heartfailurematters.org\/sv\/vad-din-lakare-eller-sjukskoterska-kan-gora\/lakemedelslista\/"]}]},{"@type":"ImageObject","inLanguage":"sv-SE","@id":"https:\/\/www.heartfailurematters.org\/sv\/vad-din-lakare-eller-sjukskoterska-kan-gora\/lakemedelslista\/#primaryimage","url":"https:\/\/www.heartfailurematters.org\/wp-content\/uploads\/2022\/03\/shutterstock_441673426-1-min.jpg","contentUrl":"https:\/\/www.heartfailurematters.org\/wp-content\/uploads\/2022\/03\/shutterstock_441673426-1-min.jpg","width":900,"height":596},{"@type":"BreadcrumbList","@id":"https:\/\/www.heartfailurematters.org\/sv\/vad-din-lakare-eller-sjukskoterska-kan-gora\/lakemedelslista\/#breadcrumb","itemListElement":[{"@type":"ListItem","position":1,"name":"Hem","item":"https:\/\/www.heartfailurematters.org\/sv\/"},{"@type":"ListItem","position":2,"name":"Vad din l\u00e4kare kan g\u00f6ra","item":"https:\/\/www.heartfailurematters.org\/sv\/vad-din-lakare-eller-sjukskoterska-kan-gora\/"},{"@type":"ListItem","position":3,"name":"L\u00e4kemedelslista"}]},{"@type":"WebSite","@id":"https:\/\/www.heartfailurematters.org\/sv\/#website","url":"https:\/\/www.heartfailurematters.org\/sv\/","name":"Heart Failure Matters","description":"Practical information for patients, families and caregivers.","publisher":{"@id":"https:\/\/www.heartfailurematters.org\/sv\/#organization"},"potentialAction":[{"@type":"SearchAction","target":{"@type":"EntryPoint","urlTemplate":"https:\/\/www.heartfailurematters.org\/sv\/?s={search_term_string}"},"query-input":{"@type":"PropertyValueSpecification","valueRequired":true,"valueName":"search_term_string"}}],"inLanguage":"sv-SE"},{"@type":"Organization","@id":"https:\/\/www.heartfailurematters.org\/sv\/#organization","name":"Heart Failure Matters","url":"https:\/\/www.heartfailurematters.org\/sv\/","logo":{"@type":"ImageObject","inLanguage":"sv-SE","@id":"https:\/\/www.heartfailurematters.org\/sv\/#\/schema\/logo\/image\/","url":"https:\/\/cdn-endpoint-hfm.azureedge.net\/heartfailurematters\/2024\/07\/hfm-logo1.jpg","contentUrl":"https:\/\/cdn-endpoint-hfm.azureedge.net\/heartfailurematters\/2024\/07\/hfm-logo1.jpg","width":1280,"height":720,"caption":"Heart Failure Matters"},"image":{"@id":"https:\/\/www.heartfailurematters.org\/sv\/#\/schema\/logo\/image\/"},"sameAs":["https:\/\/www.facebook.com\/heartfailurematters"]}]}},"_links":{"self":[{"href":"https:\/\/www.heartfailurematters.org\/sv\/wp-json\/wp\/v2\/pages\/2561","targetHints":{"allow":["GET"]}}],"collection":[{"href":"https:\/\/www.heartfailurematters.org\/sv\/wp-json\/wp\/v2\/pages"}],"about":[{"href":"https:\/\/www.heartfailurematters.org\/sv\/wp-json\/wp\/v2\/types\/page"}],"author":[{"embeddable":true,"href":"https:\/\/www.heartfailurematters.org\/sv\/wp-json\/wp\/v2\/users\/1"}],"replies":[{"embeddable":true,"href":"https:\/\/www.heartfailurematters.org\/sv\/wp-json\/wp\/v2\/comments?post=2561"}],"version-history":[{"count":0,"href":"https:\/\/www.heartfailurematters.org\/sv\/wp-json\/wp\/v2\/pages\/2561\/revisions"}],"up":[{"embeddable":true,"href":"https:\/\/www.heartfailurematters.org\/sv\/wp-json\/wp\/v2\/pages\/2685"}],"wp:featuredmedia":[{"embeddable":true,"href":"https:\/\/www.heartfailurematters.org\/sv\/wp-json\/wp\/v2\/media\/10874"}],"wp:attachment":[{"href":"https:\/\/www.heartfailurematters.org\/sv\/wp-json\/wp\/v2\/media?parent=2561"}],"wp:term":[{"taxonomy":"category","embeddable":true,"href":"https:\/\/www.heartfailurematters.org\/sv\/wp-json\/wp\/v2\/categories?post=2561"},{"taxonomy":"post_tag","embeddable":true,"href":"https:\/\/www.heartfailurematters.org\/sv\/wp-json\/wp\/v2\/tags?post=2561"}],"curies":[{"name":"wp","href":"https:\/\/api.w.org\/{rel}","templated":true}]}}