{"id":2560,"date":"2021-01-27T22:12:16","date_gmt":"2021-01-27T22:12:16","guid":{"rendered":"http:\/\/heartfailurematters.local:8888\/ekokardiogram\/"},"modified":"2021-07-22T17:10:33","modified_gmt":"2021-07-22T16:10:33","slug":"ekokardiogram","status":"publish","type":"page","link":"https:\/\/www.heartfailurematters.org\/sv\/att-forsta-hjartsvikt\/ekokardiogram\/","title":{"rendered":"Ekokardiogram"},"content":{"rendered":"<p><a class=\"addtooltip\" title=\" Ett test som anv\u00e4nder ultraljud f\u00f6r att se hj\u00e4rtats h\u00e5lrum, klaffar och omgivande v\u00e4vnader. Funktion och blodfl\u00f6de kan d\u00e5 bed\u00f6mas. \" href=\"\/sv\/att-forsta-hjartsvikt\/ekokardiogram\/\"><strong>Ekokardiografi <\/strong><\/a> \u00e4r ett test som anv\u00e4nder ljudv\u00e5gor (<a class=\"addtooltip\" title=\" En skanning som ger bilder av insidan av kroppen med hj\u00e4lp av ljudv\u00e5gor. En gel appliceras p\u00e5 huden och en mikrofon f\u00f6rs fram och tillbaka \u00f6ver det omr\u00e5de som ska skannas. En dator omvandlar de \u00e5tergivna ljudv\u00e5gorna till en bild p\u00e5 en sk\u00e4rm. \" href=\"\/sv\/att-forsta-hjartsvikt\/ekokardiogram\/\"><strong>ultraljud<\/strong><\/a>) f\u00f6r att unders\u00f6ka hj\u00e4rtat. Det \u00e4r samma metod som anv\u00e4nds p\u00e5 en gravid kvinna f\u00f6r att titta p\u00e5 barnet, men ekokardiografi unders\u00f6ker ditt hj\u00e4rta ist\u00e4llet.<\/p>\n<p>L\u00e4karen kommer att placera gel som sm\u00f6rjs in p\u00e5 br\u00f6stet f\u00f6rst. Sedan placeras instrumentet p\u00e5 br\u00f6stet och en puls av ultraljud kommer att passera genom huden p\u00e5 br\u00f6stet. Instrumentet tar upp ekon som \u00e5terges fr\u00e5n olika delar av ditt hj\u00e4rta och \u00f6vers\u00e4tter dem till en bild p\u00e5 sk\u00e4rmen.<\/p>\n<p>Unders\u00f6kningen \u00e4r helt sm\u00e4rtfri och ofarlig och tar ungef\u00e4r tio till femton minuter.<\/p>\n<p>Ekokardiografi kan ge exakt information om strukturen p\u00e5 ditt hj\u00e4rta, dess funktion och dess \u00a0<a class=\"addtooltip\" title=\" Klaffar styr det enkelriktade blodfl\u00f6det genom hj\u00e4rtat, vilket f\u00f6rhindrar blod fr\u00e5n att str\u00f6mma bak\u00e5t. \" href=\"\/sv\/att-forsta-hjartsvikt\/ekokardiogram\/\"><strong>hj\u00e4rtklaffar<\/strong><\/a>.<\/p>\n<p>I vissa fall kan l\u00e4karen vilja g\u00f6ra unders\u00f6kningen efter att ditt hj\u00e4rta har utsatts f\u00f6r lindrigare stress. Du kan d\u00e5 bli ombedd att motionera en kort stund f\u00f6r att \u00f6ka din puls, varefter unders\u00f6kningen upprepas.<\/p>\n<p>L\u00e4kare best\u00e4ller ofta en 24-timmarsregistrering av EKG f\u00f6r att uppt\u00e4cka hj\u00e4rtrytmrubbningar. Du kommer att b\u00e4ra en liten apparat, som \u00e4r som en EKG-apparat i miniatyr, f\u00f6r att registrera din hj\u00e4rtaktivitet med samma f\u00e4stkuddar kopplade till br\u00f6stet. Du kommer vanligtvis att ha den under en dag och b\u00f6r f\u00f6rs\u00f6ka att leva ett normalt liv under registreringen.<\/p>\n<p><a href=\"\/sv\/att-forsta-hjartsvikt\/vanliga-hjartsviktsundersokningar\/\">\u00c5terg\u00e5 till &#8221;Vanliga hj\u00e4rtsviktstester&#8221;<\/a><\/p>\n<table border=\"1\" width=\"100%\" cellspacing=\"0\" cellpadding=\"0\">\n<tbody>\n<tr>\n<td width=\"100%\"><img decoding=\"async\" class=\"alignnone size-full wp-image-6576\" src=\"https:\/\/cdn-endpoint-hfm.azureedge.net\/heartfailurematters\/2021\/02\/Patient-having-an-echocardiogram.jpg\" alt=\"\" width=\"211\" height=\"206\" \/><\/td>\n<\/tr>\n<tr>\n<td width=\"100%\"><span class=\"caption\">\u00a9 Siemens<br \/>\n<\/span><span style=\"font-size: medium;\">En patient f\u00e5r genomg\u00e5r ekokardiografi.<\/span><\/td>\n<\/tr>\n<tr>\n<td width=\"100%\"><\/td>\n<\/tr>\n<tr>\n<td width=\"100%\"><img decoding=\"async\" class=\"alignnone size-full wp-image-6586\" src=\"https:\/\/cdn-endpoint-hfm.azureedge.net\/heartfailurematters\/2021\/02\/Example-of-echocardiogram.jpg\" alt=\"\" width=\"211\" height=\"206\" \/><\/td>\n<\/tr>\n<tr>\n<td width=\"100%\"><span class=\"caption\">\u00a9 Siemens<\/span><br \/>\n<span style=\"font-size: medium;\">Exempel p\u00e5 ekokardiografi<\/span><\/td>\n<\/tr>\n<\/tbody>\n<\/table>\n<p><a href=\"https:\/\/www.heartfailurematters.org\/sv\/att-forsta-hjartsvikt\/vanliga-hjartsviktsundersokningar\/\">\u00c5terg\u00e5 till &#8221;Vanliga hj\u00e4rtsviktstester&#8221;<\/a><\/p>\n<p>&nbsp;<\/p>\n","protected":false},"excerpt":{"rendered":"<p>Ekokardiografi \u00e4r ett test som anv\u00e4nder ljudv\u00e5gor (ultraljud) f\u00f6r att unders\u00f6ka hj\u00e4rtat. Det \u00e4r samma metod som anv\u00e4nds p\u00e5 en gravid kvinna f\u00f6r att titta p\u00e5 barnet, men ekokardiografi unders\u00f6ker ditt hj\u00e4rta ist\u00e4llet. L\u00e4karen kommer att placera gel som sm\u00f6rjs in p\u00e5 br\u00f6stet f\u00f6rst. Sedan placeras instrumentet p\u00e5 br\u00f6stet och en puls av ultraljud kommer [&hellip;]<\/p>\n","protected":false},"author":1,"featured_media":10652,"parent":2421,"menu_order":0,"comment_status":"open","ping_status":"open","template":"","meta":{"_acf_changed":false,"footnotes":""},"categories":[],"tags":[],"class_list":["post-2560","page","type-page","status-publish","has-post-thumbnail","hentry"],"acf":[],"yoast_head":"<!-- This site is optimized with the Yoast SEO plugin v24.8.1 - https:\/\/yoast.com\/wordpress\/plugins\/seo\/ -->\n<title>Ekokardiogram och hj\u00e4rtsvikt<\/title>\n<meta name=\"description\" content=\"Ekokardiografi \u00e4r ett test d\u00e4r ljudv\u00e5gor (ultraljud) anv\u00e4nds f\u00f6r att unders\u00f6ka hj\u00e4rtat. Det \u00e4r samma metod som anv\u00e4nds p\u00e5 en gravid kvinna f\u00f6r att titta p\u00e5 barnet, men ett ekokardiogram unders\u00f6ker ditt hj\u00e4rta ist\u00e4llet.\" \/>\n<meta name=\"robots\" content=\"index, follow, max-snippet:-1, max-image-preview:large, max-video-preview:-1\" \/>\n<link rel=\"canonical\" href=\"https:\/\/www.heartfailurematters.org\/sv\/att-forsta-hjartsvikt\/ekokardiogram\/\" \/>\n<meta property=\"og:locale\" content=\"sv_SE\" \/>\n<meta property=\"og:type\" content=\"article\" \/>\n<meta property=\"og:title\" content=\"Ekokardiogram och hj\u00e4rtsvikt\" \/>\n<meta property=\"og:description\" content=\"Ekokardiografi \u00e4r ett test d\u00e4r ljudv\u00e5gor (ultraljud) anv\u00e4nds f\u00f6r att unders\u00f6ka hj\u00e4rtat. Det \u00e4r samma metod som anv\u00e4nds p\u00e5 en gravid kvinna f\u00f6r att titta p\u00e5 barnet, men ett ekokardiogram unders\u00f6ker ditt hj\u00e4rta ist\u00e4llet.\" \/>\n<meta property=\"og:url\" content=\"https:\/\/www.heartfailurematters.org\/sv\/att-forsta-hjartsvikt\/ekokardiogram\/\" \/>\n<meta property=\"og:site_name\" content=\"Heart Failure Matters\" \/>\n<meta property=\"article:publisher\" content=\"https:\/\/www.facebook.com\/heartfailurematters\" \/>\n<meta property=\"article:modified_time\" content=\"2021-07-22T16:10:33+00:00\" \/>\n<meta property=\"og:image\" content=\"https:\/\/www.heartfailurematters.org\/wp-content\/uploads\/2022\/02\/shutterstock_1552030727-1-min.jpg\" \/>\n\t<meta property=\"og:image:width\" content=\"900\" \/>\n\t<meta property=\"og:image:height\" content=\"600\" \/>\n\t<meta property=\"og:image:type\" content=\"image\/jpeg\" \/>\n<meta name=\"twitter:card\" content=\"summary_large_image\" \/>\n<meta name=\"twitter:label1\" content=\"Ber\u00e4knad l\u00e4stid\" \/>\n\t<meta name=\"twitter:data1\" content=\"2 minuter\" \/>\n<script type=\"application\/ld+json\" class=\"yoast-schema-graph\">{\"@context\":\"https:\/\/schema.org\",\"@graph\":[{\"@type\":\"WebPage\",\"@id\":\"https:\/\/www.heartfailurematters.org\/sv\/att-forsta-hjartsvikt\/ekokardiogram\/\",\"url\":\"https:\/\/www.heartfailurematters.org\/sv\/att-forsta-hjartsvikt\/ekokardiogram\/\",\"name\":\"Ekokardiogram och hj\u00e4rtsvikt\",\"isPartOf\":{\"@id\":\"https:\/\/www.heartfailurematters.org\/sv\/#website\"},\"primaryImageOfPage\":{\"@id\":\"https:\/\/www.heartfailurematters.org\/sv\/att-forsta-hjartsvikt\/ekokardiogram\/#primaryimage\"},\"image\":{\"@id\":\"https:\/\/www.heartfailurematters.org\/sv\/att-forsta-hjartsvikt\/ekokardiogram\/#primaryimage\"},\"thumbnailUrl\":\"https:\/\/www.heartfailurematters.org\/wp-content\/uploads\/2022\/02\/shutterstock_1552030727-1-min.jpg\",\"datePublished\":\"2021-01-27T22:12:16+00:00\",\"dateModified\":\"2021-07-22T16:10:33+00:00\",\"description\":\"Ekokardiografi \u00e4r ett test d\u00e4r ljudv\u00e5gor (ultraljud) anv\u00e4nds f\u00f6r att unders\u00f6ka hj\u00e4rtat. Det \u00e4r samma metod som anv\u00e4nds p\u00e5 en gravid kvinna f\u00f6r att titta p\u00e5 barnet, men ett ekokardiogram unders\u00f6ker ditt hj\u00e4rta ist\u00e4llet.\",\"breadcrumb\":{\"@id\":\"https:\/\/www.heartfailurematters.org\/sv\/att-forsta-hjartsvikt\/ekokardiogram\/#breadcrumb\"},\"inLanguage\":\"sv-SE\",\"potentialAction\":[{\"@type\":\"ReadAction\",\"target\":[\"https:\/\/www.heartfailurematters.org\/sv\/att-forsta-hjartsvikt\/ekokardiogram\/\"]}]},{\"@type\":\"ImageObject\",\"inLanguage\":\"sv-SE\",\"@id\":\"https:\/\/www.heartfailurematters.org\/sv\/att-forsta-hjartsvikt\/ekokardiogram\/#primaryimage\",\"url\":\"https:\/\/www.heartfailurematters.org\/wp-content\/uploads\/2022\/02\/shutterstock_1552030727-1-min.jpg\",\"contentUrl\":\"https:\/\/www.heartfailurematters.org\/wp-content\/uploads\/2022\/02\/shutterstock_1552030727-1-min.jpg\",\"width\":900,\"height\":600},{\"@type\":\"BreadcrumbList\",\"@id\":\"https:\/\/www.heartfailurematters.org\/sv\/att-forsta-hjartsvikt\/ekokardiogram\/#breadcrumb\",\"itemListElement\":[{\"@type\":\"ListItem\",\"position\":1,\"name\":\"Hem\",\"item\":\"https:\/\/www.heartfailurematters.org\/sv\/\"},{\"@type\":\"ListItem\",\"position\":2,\"name\":\"Att f\u00f6rst\u00e5 hj\u00e4rtsvikt\",\"item\":\"https:\/\/www.heartfailurematters.org\/sv\/att-forsta-hjartsvikt\/\"},{\"@type\":\"ListItem\",\"position\":3,\"name\":\"Ekokardiogram\"}]},{\"@type\":\"WebSite\",\"@id\":\"https:\/\/www.heartfailurematters.org\/sv\/#website\",\"url\":\"https:\/\/www.heartfailurematters.org\/sv\/\",\"name\":\"Heart Failure Matters\",\"description\":\"Practical information for patients, families and caregivers.\",\"publisher\":{\"@id\":\"https:\/\/www.heartfailurematters.org\/sv\/#organization\"},\"potentialAction\":[{\"@type\":\"SearchAction\",\"target\":{\"@type\":\"EntryPoint\",\"urlTemplate\":\"https:\/\/www.heartfailurematters.org\/sv\/?s={search_term_string}\"},\"query-input\":{\"@type\":\"PropertyValueSpecification\",\"valueRequired\":true,\"valueName\":\"search_term_string\"}}],\"inLanguage\":\"sv-SE\"},{\"@type\":\"Organization\",\"@id\":\"https:\/\/www.heartfailurematters.org\/sv\/#organization\",\"name\":\"Heart Failure Matters\",\"url\":\"https:\/\/www.heartfailurematters.org\/sv\/\",\"logo\":{\"@type\":\"ImageObject\",\"inLanguage\":\"sv-SE\",\"@id\":\"https:\/\/www.heartfailurematters.org\/sv\/#\/schema\/logo\/image\/\",\"url\":\"https:\/\/cdn-endpoint-hfm.azureedge.net\/heartfailurematters\/2024\/07\/hfm-logo1.jpg\",\"contentUrl\":\"https:\/\/cdn-endpoint-hfm.azureedge.net\/heartfailurematters\/2024\/07\/hfm-logo1.jpg\",\"width\":1280,\"height\":720,\"caption\":\"Heart Failure Matters\"},\"image\":{\"@id\":\"https:\/\/www.heartfailurematters.org\/sv\/#\/schema\/logo\/image\/\"},\"sameAs\":[\"https:\/\/www.facebook.com\/heartfailurematters\"]}]}<\/script>\n<!-- \/ Yoast SEO plugin. -->","yoast_head_json":{"title":"Ekokardiogram och hj\u00e4rtsvikt","description":"Ekokardiografi \u00e4r ett test d\u00e4r ljudv\u00e5gor (ultraljud) anv\u00e4nds f\u00f6r att unders\u00f6ka hj\u00e4rtat. Det \u00e4r samma metod som anv\u00e4nds p\u00e5 en gravid kvinna f\u00f6r att titta p\u00e5 barnet, men ett ekokardiogram unders\u00f6ker ditt hj\u00e4rta ist\u00e4llet.","robots":{"index":"index","follow":"follow","max-snippet":"max-snippet:-1","max-image-preview":"max-image-preview:large","max-video-preview":"max-video-preview:-1"},"canonical":"https:\/\/www.heartfailurematters.org\/sv\/att-forsta-hjartsvikt\/ekokardiogram\/","og_locale":"sv_SE","og_type":"article","og_title":"Ekokardiogram och hj\u00e4rtsvikt","og_description":"Ekokardiografi \u00e4r ett test d\u00e4r ljudv\u00e5gor (ultraljud) anv\u00e4nds f\u00f6r att unders\u00f6ka hj\u00e4rtat. Det \u00e4r samma metod som anv\u00e4nds p\u00e5 en gravid kvinna f\u00f6r att titta p\u00e5 barnet, men ett ekokardiogram unders\u00f6ker ditt hj\u00e4rta ist\u00e4llet.","og_url":"https:\/\/www.heartfailurematters.org\/sv\/att-forsta-hjartsvikt\/ekokardiogram\/","og_site_name":"Heart Failure Matters","article_publisher":"https:\/\/www.facebook.com\/heartfailurematters","article_modified_time":"2021-07-22T16:10:33+00:00","og_image":[{"width":900,"height":600,"url":"https:\/\/www.heartfailurematters.org\/wp-content\/uploads\/2022\/02\/shutterstock_1552030727-1-min.jpg","type":"image\/jpeg"}],"twitter_card":"summary_large_image","twitter_misc":{"Ber\u00e4knad l\u00e4stid":"2 minuter"},"schema":{"@context":"https:\/\/schema.org","@graph":[{"@type":"WebPage","@id":"https:\/\/www.heartfailurematters.org\/sv\/att-forsta-hjartsvikt\/ekokardiogram\/","url":"https:\/\/www.heartfailurematters.org\/sv\/att-forsta-hjartsvikt\/ekokardiogram\/","name":"Ekokardiogram och hj\u00e4rtsvikt","isPartOf":{"@id":"https:\/\/www.heartfailurematters.org\/sv\/#website"},"primaryImageOfPage":{"@id":"https:\/\/www.heartfailurematters.org\/sv\/att-forsta-hjartsvikt\/ekokardiogram\/#primaryimage"},"image":{"@id":"https:\/\/www.heartfailurematters.org\/sv\/att-forsta-hjartsvikt\/ekokardiogram\/#primaryimage"},"thumbnailUrl":"https:\/\/www.heartfailurematters.org\/wp-content\/uploads\/2022\/02\/shutterstock_1552030727-1-min.jpg","datePublished":"2021-01-27T22:12:16+00:00","dateModified":"2021-07-22T16:10:33+00:00","description":"Ekokardiografi \u00e4r ett test d\u00e4r ljudv\u00e5gor (ultraljud) anv\u00e4nds f\u00f6r att unders\u00f6ka hj\u00e4rtat. Det \u00e4r samma metod som anv\u00e4nds p\u00e5 en gravid kvinna f\u00f6r att titta p\u00e5 barnet, men ett ekokardiogram unders\u00f6ker ditt hj\u00e4rta ist\u00e4llet.","breadcrumb":{"@id":"https:\/\/www.heartfailurematters.org\/sv\/att-forsta-hjartsvikt\/ekokardiogram\/#breadcrumb"},"inLanguage":"sv-SE","potentialAction":[{"@type":"ReadAction","target":["https:\/\/www.heartfailurematters.org\/sv\/att-forsta-hjartsvikt\/ekokardiogram\/"]}]},{"@type":"ImageObject","inLanguage":"sv-SE","@id":"https:\/\/www.heartfailurematters.org\/sv\/att-forsta-hjartsvikt\/ekokardiogram\/#primaryimage","url":"https:\/\/www.heartfailurematters.org\/wp-content\/uploads\/2022\/02\/shutterstock_1552030727-1-min.jpg","contentUrl":"https:\/\/www.heartfailurematters.org\/wp-content\/uploads\/2022\/02\/shutterstock_1552030727-1-min.jpg","width":900,"height":600},{"@type":"BreadcrumbList","@id":"https:\/\/www.heartfailurematters.org\/sv\/att-forsta-hjartsvikt\/ekokardiogram\/#breadcrumb","itemListElement":[{"@type":"ListItem","position":1,"name":"Hem","item":"https:\/\/www.heartfailurematters.org\/sv\/"},{"@type":"ListItem","position":2,"name":"Att f\u00f6rst\u00e5 hj\u00e4rtsvikt","item":"https:\/\/www.heartfailurematters.org\/sv\/att-forsta-hjartsvikt\/"},{"@type":"ListItem","position":3,"name":"Ekokardiogram"}]},{"@type":"WebSite","@id":"https:\/\/www.heartfailurematters.org\/sv\/#website","url":"https:\/\/www.heartfailurematters.org\/sv\/","name":"Heart Failure Matters","description":"Practical information for patients, families and caregivers.","publisher":{"@id":"https:\/\/www.heartfailurematters.org\/sv\/#organization"},"potentialAction":[{"@type":"SearchAction","target":{"@type":"EntryPoint","urlTemplate":"https:\/\/www.heartfailurematters.org\/sv\/?s={search_term_string}"},"query-input":{"@type":"PropertyValueSpecification","valueRequired":true,"valueName":"search_term_string"}}],"inLanguage":"sv-SE"},{"@type":"Organization","@id":"https:\/\/www.heartfailurematters.org\/sv\/#organization","name":"Heart Failure Matters","url":"https:\/\/www.heartfailurematters.org\/sv\/","logo":{"@type":"ImageObject","inLanguage":"sv-SE","@id":"https:\/\/www.heartfailurematters.org\/sv\/#\/schema\/logo\/image\/","url":"https:\/\/cdn-endpoint-hfm.azureedge.net\/heartfailurematters\/2024\/07\/hfm-logo1.jpg","contentUrl":"https:\/\/cdn-endpoint-hfm.azureedge.net\/heartfailurematters\/2024\/07\/hfm-logo1.jpg","width":1280,"height":720,"caption":"Heart Failure Matters"},"image":{"@id":"https:\/\/www.heartfailurematters.org\/sv\/#\/schema\/logo\/image\/"},"sameAs":["https:\/\/www.facebook.com\/heartfailurematters"]}]}},"_links":{"self":[{"href":"https:\/\/www.heartfailurematters.org\/sv\/wp-json\/wp\/v2\/pages\/2560","targetHints":{"allow":["GET"]}}],"collection":[{"href":"https:\/\/www.heartfailurematters.org\/sv\/wp-json\/wp\/v2\/pages"}],"about":[{"href":"https:\/\/www.heartfailurematters.org\/sv\/wp-json\/wp\/v2\/types\/page"}],"author":[{"embeddable":true,"href":"https:\/\/www.heartfailurematters.org\/sv\/wp-json\/wp\/v2\/users\/1"}],"replies":[{"embeddable":true,"href":"https:\/\/www.heartfailurematters.org\/sv\/wp-json\/wp\/v2\/comments?post=2560"}],"version-history":[{"count":2,"href":"https:\/\/www.heartfailurematters.org\/sv\/wp-json\/wp\/v2\/pages\/2560\/revisions"}],"predecessor-version":[{"id":9586,"href":"https:\/\/www.heartfailurematters.org\/sv\/wp-json\/wp\/v2\/pages\/2560\/revisions\/9586"}],"up":[{"embeddable":true,"href":"https:\/\/www.heartfailurematters.org\/sv\/wp-json\/wp\/v2\/pages\/2421"}],"wp:featuredmedia":[{"embeddable":true,"href":"https:\/\/www.heartfailurematters.org\/sv\/wp-json\/wp\/v2\/media\/10652"}],"wp:attachment":[{"href":"https:\/\/www.heartfailurematters.org\/sv\/wp-json\/wp\/v2\/media?parent=2560"}],"wp:term":[{"taxonomy":"category","embeddable":true,"href":"https:\/\/www.heartfailurematters.org\/sv\/wp-json\/wp\/v2\/categories?post=2560"},{"taxonomy":"post_tag","embeddable":true,"href":"https:\/\/www.heartfailurematters.org\/sv\/wp-json\/wp\/v2\/tags?post=2560"}],"curies":[{"name":"wp","href":"https:\/\/api.w.org\/{rel}","templated":true}]}}