{"id":2557,"date":"2021-01-27T22:12:16","date_gmt":"2021-01-27T22:12:16","guid":{"rendered":"http:\/\/heartfailurematters.local:8888\/kranskarlsrontgen\/"},"modified":"2021-04-14T14:37:04","modified_gmt":"2021-04-14T13:37:04","slug":"kranskarlsrontgen","status":"publish","type":"page","link":"https:\/\/www.heartfailurematters.org\/sv\/vad-din-lakare-eller-sjukskoterska-kan-gora\/kranskarlsrontgen\/","title":{"rendered":"Kransk\u00e4rlsr\u00f6ntgen"},"content":{"rendered":"<h2>Varf\u00f6r g\u00f6r man en s\u00e5dan?<\/h2>\n<p><a class=\"addtooltip\" title=\"&lt;div id='ToolTipTextWrap'&gt;Angiografi&lt;\/div&gt;&lt;p&gt; Ett test som g\u00f6rs genom att injicera ett flytande f\u00e4rg\u00e4mne som syns p\u00e5 r\u00f6ntgenbilder, s\u00e5 att f\u00f6rtr\u00e4ngningar i kransk\u00e4rlen kan uppt\u00e4ckas.&lt;\/p&gt;\"><strong>En kransk\u00e4rlsr\u00f6ntgen (angiografi)<\/strong><\/a>\u00a0\u00e4r en r\u00f6ntgenunders\u00f6kning av dina vener, art\u00e4rer och hj\u00e4rtats kammare d\u00e4r man ser p\u00e5 blodfl\u00f6det. <a class=\"addtooltip\" title=\"&lt;div id='ToolTipTextWrap'&gt;Angiografi&lt;\/div&gt;&lt;p&gt; Ett test som g\u00f6rs genom att injicera ett flytande f\u00e4rg\u00e4mne som syns p\u00e5 r\u00f6ntgenbilder, s\u00e5 att f\u00f6rtr\u00e4ngningar i kransk\u00e4rlen kan uppt\u00e4ckas.&lt;\/p&gt;\"><strong>Kransk\u00e4rlsr\u00f6ntgen<\/strong><\/a> kan anv\u00e4ndas f\u00f6r att identifiera de platser d\u00e4r art\u00e4rerna har smalnat eller blockerats och kan \u00e4ven avsl\u00f6ja eventuella blodproppar, kalkavlagringar eller en f\u00f6rsvagning eller utbuktning av dina k\u00e4rlv\u00e4ggar (<a class=\"addtooltip\" title=\"&lt;div id='ToolTipTextWrap'&gt;Aneurysm&lt;\/div&gt;&lt;p&gt; En blodfylld s\u00e4ck som bildas i en f\u00f6rsvagad del av ett blodk\u00e4rl.&lt;\/p&gt;\"><strong>aneurysm<\/strong><\/a>). Ofta beh\u00f6vs en kransk\u00e4rlsr\u00f6ntgen f\u00f6r att best\u00e4mma vilken behandling som \u00e4r n\u00f6dv\u00e4ndig f\u00f6r din hj\u00e4rtsvikt.<\/p>\n<h2>Vad inneb\u00e4r det?<\/h2>\n<p>Ett fint, flexibelt, ih\u00e5ligt r\u00f6r (<a class=\"addtooltip\" title=\"&lt;div id='ToolTipTextWrap'&gt;Kateter&lt;\/div&gt;&lt;p&gt; Ett tunt, flexibelt r\u00f6r, som anv\u00e4nds i m\u00e5nga ingrepp.&lt;\/p&gt;\"><strong>kateter<\/strong><\/a>) f\u00f6rs in i ett blodk\u00e4rl i ljumsken eller armen. Spetsen av r\u00f6ret placeras antingen i hj\u00e4rtat eller vid ing\u00e5ngen av de art\u00e4rer som f\u00f6rs\u00f6rjer hj\u00e4rtat, innan ett speciellt f\u00e4rg\u00e4mne injiceras, som syns med r\u00f6ntgen. Bilderna som f\u00e5s kallas angiogram.<\/p>\n<h2>Fr\u00e5gor att st\u00e4lla till din l\u00e4kare:<\/h2>\n<ul>\n<li>Vad finns det f\u00f6r risker med det h\u00e4r ingreppet?<\/li>\n<li>Hur l\u00e5ng tid tar ingreppet?<\/li>\n<li>Finns det n\u00e5got jag beh\u00f6ver g\u00f6ra f\u00f6r att f\u00f6rbereda mig inf\u00f6r en kransk\u00e4rlsr\u00f6ntgen, dvs. kan jag \u00e4ta och dricka?<\/li>\n<\/ul>\n<p><a href=\"https:\/\/www.heartfailurematters.org\/what-your-doctor-can-do\/other-procedures\/\">\u00c5terg\u00e5 till &#8221;Andra ingrepp&#8221;<\/a><\/p>\n","protected":false},"excerpt":{"rendered":"<p>Varf\u00f6r g\u00f6r man en s\u00e5dan? En kransk\u00e4rlsr\u00f6ntgen (angiografi)\u00a0\u00e4r en r\u00f6ntgenunders\u00f6kning av dina vener, art\u00e4rer och hj\u00e4rtats kammare d\u00e4r man ser p\u00e5 blodfl\u00f6det. Kransk\u00e4rlsr\u00f6ntgen kan anv\u00e4ndas f\u00f6r att identifiera de platser d\u00e4r art\u00e4rerna har smalnat eller blockerats och kan \u00e4ven avsl\u00f6ja eventuella blodproppar, kalkavlagringar eller en f\u00f6rsvagning eller utbuktning av dina k\u00e4rlv\u00e4ggar (aneurysm). Ofta beh\u00f6vs en [&hellip;]<\/p>\n","protected":false},"author":1,"featured_media":10692,"parent":2685,"menu_order":0,"comment_status":"open","ping_status":"open","template":"","meta":{"_acf_changed":false,"footnotes":""},"categories":[],"tags":[],"class_list":["post-2557","page","type-page","status-publish","has-post-thumbnail","hentry"],"acf":[],"yoast_head":"<!-- This site is optimized with the Yoast SEO plugin v24.8.1 - https:\/\/yoast.com\/wordpress\/plugins\/seo\/ -->\n<title>Vad \u00e4r kransk\u00e4rlsr\u00f6ntgen<\/title>\n<meta name=\"description\" content=\"Angiografi \u00e4r en r\u00f6ntgenunders\u00f6kning av dina vener, art\u00e4rer och hj\u00e4rtats kammare d\u00e4r man ser p\u00e5 blodfl\u00f6det. Ta reda p\u00e5 mer\" \/>\n<meta name=\"robots\" content=\"index, follow, max-snippet:-1, max-image-preview:large, max-video-preview:-1\" \/>\n<link rel=\"canonical\" href=\"https:\/\/www.heartfailurematters.org\/sv\/vad-din-lakare-eller-sjukskoterska-kan-gora\/kranskarlsrontgen\/\" \/>\n<meta property=\"og:locale\" content=\"sv_SE\" \/>\n<meta property=\"og:type\" content=\"article\" \/>\n<meta property=\"og:title\" content=\"Vad \u00e4r kransk\u00e4rlsr\u00f6ntgen\" \/>\n<meta property=\"og:description\" content=\"Angiografi \u00e4r en r\u00f6ntgenunders\u00f6kning av dina vener, art\u00e4rer och hj\u00e4rtats kammare d\u00e4r man ser p\u00e5 blodfl\u00f6det. Ta reda p\u00e5 mer\" \/>\n<meta property=\"og:url\" content=\"https:\/\/www.heartfailurematters.org\/sv\/vad-din-lakare-eller-sjukskoterska-kan-gora\/kranskarlsrontgen\/\" \/>\n<meta property=\"og:site_name\" content=\"Heart Failure Matters\" \/>\n<meta property=\"article:publisher\" content=\"https:\/\/www.facebook.com\/heartfailurematters\" \/>\n<meta property=\"article:modified_time\" content=\"2021-04-14T13:37:04+00:00\" \/>\n<meta property=\"og:image\" content=\"https:\/\/www.heartfailurematters.org\/wp-content\/uploads\/2022\/02\/shutterstock_26945083-1-min.jpg\" \/>\n\t<meta property=\"og:image:width\" content=\"900\" \/>\n\t<meta property=\"og:image:height\" content=\"600\" \/>\n\t<meta property=\"og:image:type\" content=\"image\/jpeg\" \/>\n<meta name=\"twitter:card\" content=\"summary_large_image\" \/>\n<meta name=\"twitter:label1\" content=\"Ber\u00e4knad l\u00e4stid\" \/>\n\t<meta name=\"twitter:data1\" content=\"1 minut\" \/>\n<script type=\"application\/ld+json\" class=\"yoast-schema-graph\">{\"@context\":\"https:\/\/schema.org\",\"@graph\":[{\"@type\":\"WebPage\",\"@id\":\"https:\/\/www.heartfailurematters.org\/sv\/vad-din-lakare-eller-sjukskoterska-kan-gora\/kranskarlsrontgen\/\",\"url\":\"https:\/\/www.heartfailurematters.org\/sv\/vad-din-lakare-eller-sjukskoterska-kan-gora\/kranskarlsrontgen\/\",\"name\":\"Vad \u00e4r kransk\u00e4rlsr\u00f6ntgen\",\"isPartOf\":{\"@id\":\"https:\/\/www.heartfailurematters.org\/sv\/#website\"},\"primaryImageOfPage\":{\"@id\":\"https:\/\/www.heartfailurematters.org\/sv\/vad-din-lakare-eller-sjukskoterska-kan-gora\/kranskarlsrontgen\/#primaryimage\"},\"image\":{\"@id\":\"https:\/\/www.heartfailurematters.org\/sv\/vad-din-lakare-eller-sjukskoterska-kan-gora\/kranskarlsrontgen\/#primaryimage\"},\"thumbnailUrl\":\"https:\/\/www.heartfailurematters.org\/wp-content\/uploads\/2022\/02\/shutterstock_26945083-1-min.jpg\",\"datePublished\":\"2021-01-27T22:12:16+00:00\",\"dateModified\":\"2021-04-14T13:37:04+00:00\",\"description\":\"Angiografi \u00e4r en r\u00f6ntgenunders\u00f6kning av dina vener, art\u00e4rer och hj\u00e4rtats kammare d\u00e4r man ser p\u00e5 blodfl\u00f6det. Ta reda p\u00e5 mer\",\"breadcrumb\":{\"@id\":\"https:\/\/www.heartfailurematters.org\/sv\/vad-din-lakare-eller-sjukskoterska-kan-gora\/kranskarlsrontgen\/#breadcrumb\"},\"inLanguage\":\"sv-SE\",\"potentialAction\":[{\"@type\":\"ReadAction\",\"target\":[\"https:\/\/www.heartfailurematters.org\/sv\/vad-din-lakare-eller-sjukskoterska-kan-gora\/kranskarlsrontgen\/\"]}]},{\"@type\":\"ImageObject\",\"inLanguage\":\"sv-SE\",\"@id\":\"https:\/\/www.heartfailurematters.org\/sv\/vad-din-lakare-eller-sjukskoterska-kan-gora\/kranskarlsrontgen\/#primaryimage\",\"url\":\"https:\/\/www.heartfailurematters.org\/wp-content\/uploads\/2022\/02\/shutterstock_26945083-1-min.jpg\",\"contentUrl\":\"https:\/\/www.heartfailurematters.org\/wp-content\/uploads\/2022\/02\/shutterstock_26945083-1-min.jpg\",\"width\":900,\"height\":600},{\"@type\":\"BreadcrumbList\",\"@id\":\"https:\/\/www.heartfailurematters.org\/sv\/vad-din-lakare-eller-sjukskoterska-kan-gora\/kranskarlsrontgen\/#breadcrumb\",\"itemListElement\":[{\"@type\":\"ListItem\",\"position\":1,\"name\":\"Hem\",\"item\":\"https:\/\/www.heartfailurematters.org\/sv\/\"},{\"@type\":\"ListItem\",\"position\":2,\"name\":\"Vad din l\u00e4kare kan g\u00f6ra\",\"item\":\"https:\/\/www.heartfailurematters.org\/sv\/vad-din-lakare-eller-sjukskoterska-kan-gora\/\"},{\"@type\":\"ListItem\",\"position\":3,\"name\":\"Kransk\u00e4rlsr\u00f6ntgen\"}]},{\"@type\":\"WebSite\",\"@id\":\"https:\/\/www.heartfailurematters.org\/sv\/#website\",\"url\":\"https:\/\/www.heartfailurematters.org\/sv\/\",\"name\":\"Heart Failure Matters\",\"description\":\"Practical information for patients, families and caregivers.\",\"publisher\":{\"@id\":\"https:\/\/www.heartfailurematters.org\/sv\/#organization\"},\"potentialAction\":[{\"@type\":\"SearchAction\",\"target\":{\"@type\":\"EntryPoint\",\"urlTemplate\":\"https:\/\/www.heartfailurematters.org\/sv\/?s={search_term_string}\"},\"query-input\":{\"@type\":\"PropertyValueSpecification\",\"valueRequired\":true,\"valueName\":\"search_term_string\"}}],\"inLanguage\":\"sv-SE\"},{\"@type\":\"Organization\",\"@id\":\"https:\/\/www.heartfailurematters.org\/sv\/#organization\",\"name\":\"Heart Failure Matters\",\"url\":\"https:\/\/www.heartfailurematters.org\/sv\/\",\"logo\":{\"@type\":\"ImageObject\",\"inLanguage\":\"sv-SE\",\"@id\":\"https:\/\/www.heartfailurematters.org\/sv\/#\/schema\/logo\/image\/\",\"url\":\"https:\/\/cdn-endpoint-hfm.azureedge.net\/heartfailurematters\/2024\/07\/hfm-logo1.jpg\",\"contentUrl\":\"https:\/\/cdn-endpoint-hfm.azureedge.net\/heartfailurematters\/2024\/07\/hfm-logo1.jpg\",\"width\":1280,\"height\":720,\"caption\":\"Heart Failure Matters\"},\"image\":{\"@id\":\"https:\/\/www.heartfailurematters.org\/sv\/#\/schema\/logo\/image\/\"},\"sameAs\":[\"https:\/\/www.facebook.com\/heartfailurematters\"]}]}<\/script>\n<!-- \/ Yoast SEO plugin. -->","yoast_head_json":{"title":"Vad \u00e4r kransk\u00e4rlsr\u00f6ntgen","description":"Angiografi \u00e4r en r\u00f6ntgenunders\u00f6kning av dina vener, art\u00e4rer och hj\u00e4rtats kammare d\u00e4r man ser p\u00e5 blodfl\u00f6det. Ta reda p\u00e5 mer","robots":{"index":"index","follow":"follow","max-snippet":"max-snippet:-1","max-image-preview":"max-image-preview:large","max-video-preview":"max-video-preview:-1"},"canonical":"https:\/\/www.heartfailurematters.org\/sv\/vad-din-lakare-eller-sjukskoterska-kan-gora\/kranskarlsrontgen\/","og_locale":"sv_SE","og_type":"article","og_title":"Vad \u00e4r kransk\u00e4rlsr\u00f6ntgen","og_description":"Angiografi \u00e4r en r\u00f6ntgenunders\u00f6kning av dina vener, art\u00e4rer och hj\u00e4rtats kammare d\u00e4r man ser p\u00e5 blodfl\u00f6det. Ta reda p\u00e5 mer","og_url":"https:\/\/www.heartfailurematters.org\/sv\/vad-din-lakare-eller-sjukskoterska-kan-gora\/kranskarlsrontgen\/","og_site_name":"Heart Failure Matters","article_publisher":"https:\/\/www.facebook.com\/heartfailurematters","article_modified_time":"2021-04-14T13:37:04+00:00","og_image":[{"width":900,"height":600,"url":"https:\/\/www.heartfailurematters.org\/wp-content\/uploads\/2022\/02\/shutterstock_26945083-1-min.jpg","type":"image\/jpeg"}],"twitter_card":"summary_large_image","twitter_misc":{"Ber\u00e4knad l\u00e4stid":"1 minut"},"schema":{"@context":"https:\/\/schema.org","@graph":[{"@type":"WebPage","@id":"https:\/\/www.heartfailurematters.org\/sv\/vad-din-lakare-eller-sjukskoterska-kan-gora\/kranskarlsrontgen\/","url":"https:\/\/www.heartfailurematters.org\/sv\/vad-din-lakare-eller-sjukskoterska-kan-gora\/kranskarlsrontgen\/","name":"Vad \u00e4r kransk\u00e4rlsr\u00f6ntgen","isPartOf":{"@id":"https:\/\/www.heartfailurematters.org\/sv\/#website"},"primaryImageOfPage":{"@id":"https:\/\/www.heartfailurematters.org\/sv\/vad-din-lakare-eller-sjukskoterska-kan-gora\/kranskarlsrontgen\/#primaryimage"},"image":{"@id":"https:\/\/www.heartfailurematters.org\/sv\/vad-din-lakare-eller-sjukskoterska-kan-gora\/kranskarlsrontgen\/#primaryimage"},"thumbnailUrl":"https:\/\/www.heartfailurematters.org\/wp-content\/uploads\/2022\/02\/shutterstock_26945083-1-min.jpg","datePublished":"2021-01-27T22:12:16+00:00","dateModified":"2021-04-14T13:37:04+00:00","description":"Angiografi \u00e4r en r\u00f6ntgenunders\u00f6kning av dina vener, art\u00e4rer och hj\u00e4rtats kammare d\u00e4r man ser p\u00e5 blodfl\u00f6det. Ta reda p\u00e5 mer","breadcrumb":{"@id":"https:\/\/www.heartfailurematters.org\/sv\/vad-din-lakare-eller-sjukskoterska-kan-gora\/kranskarlsrontgen\/#breadcrumb"},"inLanguage":"sv-SE","potentialAction":[{"@type":"ReadAction","target":["https:\/\/www.heartfailurematters.org\/sv\/vad-din-lakare-eller-sjukskoterska-kan-gora\/kranskarlsrontgen\/"]}]},{"@type":"ImageObject","inLanguage":"sv-SE","@id":"https:\/\/www.heartfailurematters.org\/sv\/vad-din-lakare-eller-sjukskoterska-kan-gora\/kranskarlsrontgen\/#primaryimage","url":"https:\/\/www.heartfailurematters.org\/wp-content\/uploads\/2022\/02\/shutterstock_26945083-1-min.jpg","contentUrl":"https:\/\/www.heartfailurematters.org\/wp-content\/uploads\/2022\/02\/shutterstock_26945083-1-min.jpg","width":900,"height":600},{"@type":"BreadcrumbList","@id":"https:\/\/www.heartfailurematters.org\/sv\/vad-din-lakare-eller-sjukskoterska-kan-gora\/kranskarlsrontgen\/#breadcrumb","itemListElement":[{"@type":"ListItem","position":1,"name":"Hem","item":"https:\/\/www.heartfailurematters.org\/sv\/"},{"@type":"ListItem","position":2,"name":"Vad din l\u00e4kare kan g\u00f6ra","item":"https:\/\/www.heartfailurematters.org\/sv\/vad-din-lakare-eller-sjukskoterska-kan-gora\/"},{"@type":"ListItem","position":3,"name":"Kransk\u00e4rlsr\u00f6ntgen"}]},{"@type":"WebSite","@id":"https:\/\/www.heartfailurematters.org\/sv\/#website","url":"https:\/\/www.heartfailurematters.org\/sv\/","name":"Heart Failure Matters","description":"Practical information for patients, families and caregivers.","publisher":{"@id":"https:\/\/www.heartfailurematters.org\/sv\/#organization"},"potentialAction":[{"@type":"SearchAction","target":{"@type":"EntryPoint","urlTemplate":"https:\/\/www.heartfailurematters.org\/sv\/?s={search_term_string}"},"query-input":{"@type":"PropertyValueSpecification","valueRequired":true,"valueName":"search_term_string"}}],"inLanguage":"sv-SE"},{"@type":"Organization","@id":"https:\/\/www.heartfailurematters.org\/sv\/#organization","name":"Heart Failure Matters","url":"https:\/\/www.heartfailurematters.org\/sv\/","logo":{"@type":"ImageObject","inLanguage":"sv-SE","@id":"https:\/\/www.heartfailurematters.org\/sv\/#\/schema\/logo\/image\/","url":"https:\/\/cdn-endpoint-hfm.azureedge.net\/heartfailurematters\/2024\/07\/hfm-logo1.jpg","contentUrl":"https:\/\/cdn-endpoint-hfm.azureedge.net\/heartfailurematters\/2024\/07\/hfm-logo1.jpg","width":1280,"height":720,"caption":"Heart Failure Matters"},"image":{"@id":"https:\/\/www.heartfailurematters.org\/sv\/#\/schema\/logo\/image\/"},"sameAs":["https:\/\/www.facebook.com\/heartfailurematters"]}]}},"_links":{"self":[{"href":"https:\/\/www.heartfailurematters.org\/sv\/wp-json\/wp\/v2\/pages\/2557","targetHints":{"allow":["GET"]}}],"collection":[{"href":"https:\/\/www.heartfailurematters.org\/sv\/wp-json\/wp\/v2\/pages"}],"about":[{"href":"https:\/\/www.heartfailurematters.org\/sv\/wp-json\/wp\/v2\/types\/page"}],"author":[{"embeddable":true,"href":"https:\/\/www.heartfailurematters.org\/sv\/wp-json\/wp\/v2\/users\/1"}],"replies":[{"embeddable":true,"href":"https:\/\/www.heartfailurematters.org\/sv\/wp-json\/wp\/v2\/comments?post=2557"}],"version-history":[{"count":1,"href":"https:\/\/www.heartfailurematters.org\/sv\/wp-json\/wp\/v2\/pages\/2557\/revisions"}],"predecessor-version":[{"id":8708,"href":"https:\/\/www.heartfailurematters.org\/sv\/wp-json\/wp\/v2\/pages\/2557\/revisions\/8708"}],"up":[{"embeddable":true,"href":"https:\/\/www.heartfailurematters.org\/sv\/wp-json\/wp\/v2\/pages\/2685"}],"wp:featuredmedia":[{"embeddable":true,"href":"https:\/\/www.heartfailurematters.org\/sv\/wp-json\/wp\/v2\/media\/10692"}],"wp:attachment":[{"href":"https:\/\/www.heartfailurematters.org\/sv\/wp-json\/wp\/v2\/media?parent=2557"}],"wp:term":[{"taxonomy":"category","embeddable":true,"href":"https:\/\/www.heartfailurematters.org\/sv\/wp-json\/wp\/v2\/categories?post=2557"},{"taxonomy":"post_tag","embeddable":true,"href":"https:\/\/www.heartfailurematters.org\/sv\/wp-json\/wp\/v2\/tags?post=2557"}],"curies":[{"name":"wp","href":"https:\/\/api.w.org\/{rel}","templated":true}]}}