{"id":2556,"date":"2021-01-27T22:12:16","date_gmt":"2021-01-27T22:12:16","guid":{"rendered":"http:\/\/heartfailurematters.local:8888\/lungfunktionstester\/"},"modified":"2021-08-16T17:14:34","modified_gmt":"2021-08-16T16:14:34","slug":"lungfunktionstester","status":"publish","type":"page","link":"https:\/\/www.heartfailurematters.org\/sv\/att-forsta-hjartsvikt\/lungfunktionstester\/","title":{"rendered":"Lungfunktionstester"},"content":{"rendered":"<p>Eftersom vissa lungsjukdomar kan ha liknande symtom som hj\u00e4rtsvikt, och eftersom lungsjukdom kan sammanfalla med hj\u00e4rtsvikt, kan din l\u00e4kare be dig att genomg\u00e5 lungfunktionstester. Lungfunktionstester bed\u00f6mer hur v\u00e4l dina lungor fungerar. Huvudtestet kallas <strong>s<\/strong><a class=\"addtooltip\" title=\"&lt;div id='ToolTipTextWrap'&gt;Spirometri&lt;\/div&gt;&lt;p&gt; Ett test som anv\u00e4nds f\u00f6r att m\u00e4ta volymen och fl\u00f6det av luft som lungorna andas in eller ut.&lt;\/p&gt;\"><strong>pirometri<\/strong><\/a>. Det m\u00e4ter hur mycket och hur snabbt du kan f\u00e5 luft in i och ut ur lungorna.<\/p>\n<p>F\u00f6r de flesta lungfunktionstester, kommer du att ha en n\u00e4skl\u00e4mma f\u00f6r att se till att ingen luft passerar in eller ut ur n\u00e4san under testet. Du kommer sedan att bli ombedd att andas i ett munstycke som \u00e4r anslutet till en registreringsapparat (spirometer). Du kommer att f\u00e5 instruktioner om vad du ska g\u00f6ra, som att andas in s\u00e5 djupt som m\u00f6jligt och sedan andas ut s\u00e5 snabbt och h\u00e5rt som m\u00f6jligt.<\/p>\n<p>Noggrannheten av testerna beror p\u00e5 din f\u00f6rm\u00e5ga att f\u00f6lja alla instruktioner. Den andningsterapeut som utf\u00f6r testet kan uppmuntra dig att andas djupt under n\u00e5gra av testerna f\u00f6r att f\u00e5 b\u00e4sta resultat.<\/p>\n<p>Du kan b\u00f6rja hosta eller k\u00e4nna dig yr efter vissa tester, men du kommer att f\u00e5 en m\u00f6jlighet att vila mellan proven. Testerna kan ta fr\u00e5n fem till femton minuter, beroende p\u00e5 hur m\u00e5nga som genomf\u00f6rs.<\/p>\n<p>Resultaten av testerna b\u00f6r hj\u00e4lpa din l\u00e4kare att:<\/p>\n<ul>\n<li>best\u00e4mma orsaken till dina andningsproblem<\/li>\n<li>diagnostisera varje lungsjukdom du kan ha, t.ex. <a class=\"addtooltip\" title=\"&lt;div id='ToolTipTextWrap'&gt;Kronisk obstruktiv lungsjukdom (KOL)&lt;\/div&gt;&lt;p&gt; En lungsjukdom som vanligtvis orsakas av r\u00f6kning och d\u00e4r luftr\u00f6ren i lungorna \u00e4r delvis blockerade, vilket g\u00f6r det sv\u00e5rt att andas.&lt;\/p&gt;\"><strong>kronisk obstruktiv lungsjukdom (KOL)<\/strong><\/a> eller <a class=\"addtooltip\" title=\"&lt;div id='ToolTipTextWrap'&gt;Astma&lt;\/div&gt;&lt;p&gt; En sjukdom i luftv\u00e4garna som orsakar f\u00f6rtr\u00e4ngning av luftr\u00f6ren i lungorna, vilket g\u00f6r det s\u00e4rskilt sv\u00e5rt att andas ut.&lt;\/p&gt;\"><strong>astma<\/strong><\/a><\/li>\n<li>\u00f6vervaka behandling om du behandlas f\u00f6r lungsjukdomar.<\/li>\n<\/ul>\n<p><a href=\"https:\/\/www.heartfailurematters.org\/sv\/att-forsta-hjartsvikt\/vanliga-hjartsviktsundersokningar\/\">\u00c5terg\u00e5 till &#8221;Vanliga hj\u00e4rtsviktstester&#8221;<\/a><\/p>\n","protected":false},"excerpt":{"rendered":"<p>Eftersom vissa lungsjukdomar kan ha liknande symtom som hj\u00e4rtsvikt, och eftersom lungsjukdom kan sammanfalla med hj\u00e4rtsvikt, kan din l\u00e4kare be dig att genomg\u00e5 lungfunktionstester. Lungfunktionstester bed\u00f6mer hur v\u00e4l dina lungor fungerar. Huvudtestet kallas spirometri. Det m\u00e4ter hur mycket och hur snabbt du kan f\u00e5 luft in i och ut ur lungorna. F\u00f6r de flesta lungfunktionstester, [&hellip;]<\/p>\n","protected":false},"author":1,"featured_media":10662,"parent":2421,"menu_order":0,"comment_status":"open","ping_status":"open","template":"","meta":{"_acf_changed":false,"footnotes":""},"categories":[],"tags":[],"class_list":["post-2556","page","type-page","status-publish","has-post-thumbnail","hentry"],"acf":[],"yoast_head":"<!-- This site is optimized with the Yoast SEO plugin v24.8.1 - https:\/\/yoast.com\/wordpress\/plugins\/seo\/ -->\n<title>Lungfunktionstest f\u00f6r hj\u00e4rtsvikt<\/title>\n<meta name=\"description\" content=\"Eftersom vissa lungsjukdomar kan ha liknande symtom som hj\u00e4rtsvikt, och eftersom lungsjukdom kan sammanfalla med hj\u00e4rtsvikt, kan din l\u00e4kare be dig att genomg\u00e5 lungfunktionstester.\" \/>\n<meta name=\"robots\" content=\"index, follow, max-snippet:-1, max-image-preview:large, max-video-preview:-1\" \/>\n<link rel=\"canonical\" href=\"https:\/\/www.heartfailurematters.org\/sv\/att-forsta-hjartsvikt\/lungfunktionstester\/\" \/>\n<meta property=\"og:locale\" content=\"sv_SE\" \/>\n<meta property=\"og:type\" content=\"article\" \/>\n<meta property=\"og:title\" content=\"Lungfunktionstest f\u00f6r hj\u00e4rtsvikt\" \/>\n<meta property=\"og:description\" content=\"Eftersom vissa lungsjukdomar kan ha liknande symtom som hj\u00e4rtsvikt, och eftersom lungsjukdom kan sammanfalla med hj\u00e4rtsvikt, kan din l\u00e4kare be dig att genomg\u00e5 lungfunktionstester.\" \/>\n<meta property=\"og:url\" content=\"https:\/\/www.heartfailurematters.org\/sv\/att-forsta-hjartsvikt\/lungfunktionstester\/\" \/>\n<meta property=\"og:site_name\" content=\"Heart Failure Matters\" \/>\n<meta property=\"article:publisher\" content=\"https:\/\/www.facebook.com\/heartfailurematters\" \/>\n<meta property=\"article:modified_time\" content=\"2021-08-16T16:14:34+00:00\" \/>\n<meta property=\"og:image\" content=\"https:\/\/www.heartfailurematters.org\/wp-content\/uploads\/2022\/02\/shutterstock_1497378077-1-min.jpg\" \/>\n\t<meta property=\"og:image:width\" content=\"900\" \/>\n\t<meta property=\"og:image:height\" content=\"600\" \/>\n\t<meta property=\"og:image:type\" content=\"image\/jpeg\" \/>\n<meta name=\"twitter:card\" content=\"summary_large_image\" \/>\n<meta name=\"twitter:label1\" content=\"Ber\u00e4knad l\u00e4stid\" \/>\n\t<meta name=\"twitter:data1\" content=\"1 minut\" \/>\n<script type=\"application\/ld+json\" class=\"yoast-schema-graph\">{\"@context\":\"https:\/\/schema.org\",\"@graph\":[{\"@type\":\"WebPage\",\"@id\":\"https:\/\/www.heartfailurematters.org\/sv\/att-forsta-hjartsvikt\/lungfunktionstester\/\",\"url\":\"https:\/\/www.heartfailurematters.org\/sv\/att-forsta-hjartsvikt\/lungfunktionstester\/\",\"name\":\"Lungfunktionstest f\u00f6r hj\u00e4rtsvikt\",\"isPartOf\":{\"@id\":\"https:\/\/www.heartfailurematters.org\/sv\/#website\"},\"primaryImageOfPage\":{\"@id\":\"https:\/\/www.heartfailurematters.org\/sv\/att-forsta-hjartsvikt\/lungfunktionstester\/#primaryimage\"},\"image\":{\"@id\":\"https:\/\/www.heartfailurematters.org\/sv\/att-forsta-hjartsvikt\/lungfunktionstester\/#primaryimage\"},\"thumbnailUrl\":\"https:\/\/www.heartfailurematters.org\/wp-content\/uploads\/2022\/02\/shutterstock_1497378077-1-min.jpg\",\"datePublished\":\"2021-01-27T22:12:16+00:00\",\"dateModified\":\"2021-08-16T16:14:34+00:00\",\"description\":\"Eftersom vissa lungsjukdomar kan ha liknande symtom som hj\u00e4rtsvikt, och eftersom lungsjukdom kan sammanfalla med hj\u00e4rtsvikt, kan din l\u00e4kare be dig att genomg\u00e5 lungfunktionstester.\",\"breadcrumb\":{\"@id\":\"https:\/\/www.heartfailurematters.org\/sv\/att-forsta-hjartsvikt\/lungfunktionstester\/#breadcrumb\"},\"inLanguage\":\"sv-SE\",\"potentialAction\":[{\"@type\":\"ReadAction\",\"target\":[\"https:\/\/www.heartfailurematters.org\/sv\/att-forsta-hjartsvikt\/lungfunktionstester\/\"]}]},{\"@type\":\"ImageObject\",\"inLanguage\":\"sv-SE\",\"@id\":\"https:\/\/www.heartfailurematters.org\/sv\/att-forsta-hjartsvikt\/lungfunktionstester\/#primaryimage\",\"url\":\"https:\/\/www.heartfailurematters.org\/wp-content\/uploads\/2022\/02\/shutterstock_1497378077-1-min.jpg\",\"contentUrl\":\"https:\/\/www.heartfailurematters.org\/wp-content\/uploads\/2022\/02\/shutterstock_1497378077-1-min.jpg\",\"width\":900,\"height\":600},{\"@type\":\"BreadcrumbList\",\"@id\":\"https:\/\/www.heartfailurematters.org\/sv\/att-forsta-hjartsvikt\/lungfunktionstester\/#breadcrumb\",\"itemListElement\":[{\"@type\":\"ListItem\",\"position\":1,\"name\":\"Hem\",\"item\":\"https:\/\/www.heartfailurematters.org\/sv\/\"},{\"@type\":\"ListItem\",\"position\":2,\"name\":\"Att f\u00f6rst\u00e5 hj\u00e4rtsvikt\",\"item\":\"https:\/\/www.heartfailurematters.org\/sv\/att-forsta-hjartsvikt\/\"},{\"@type\":\"ListItem\",\"position\":3,\"name\":\"Lungfunktionstester\"}]},{\"@type\":\"WebSite\",\"@id\":\"https:\/\/www.heartfailurematters.org\/sv\/#website\",\"url\":\"https:\/\/www.heartfailurematters.org\/sv\/\",\"name\":\"Heart Failure Matters\",\"description\":\"Practical information for patients, families and caregivers.\",\"publisher\":{\"@id\":\"https:\/\/www.heartfailurematters.org\/sv\/#organization\"},\"potentialAction\":[{\"@type\":\"SearchAction\",\"target\":{\"@type\":\"EntryPoint\",\"urlTemplate\":\"https:\/\/www.heartfailurematters.org\/sv\/?s={search_term_string}\"},\"query-input\":{\"@type\":\"PropertyValueSpecification\",\"valueRequired\":true,\"valueName\":\"search_term_string\"}}],\"inLanguage\":\"sv-SE\"},{\"@type\":\"Organization\",\"@id\":\"https:\/\/www.heartfailurematters.org\/sv\/#organization\",\"name\":\"Heart Failure Matters\",\"url\":\"https:\/\/www.heartfailurematters.org\/sv\/\",\"logo\":{\"@type\":\"ImageObject\",\"inLanguage\":\"sv-SE\",\"@id\":\"https:\/\/www.heartfailurematters.org\/sv\/#\/schema\/logo\/image\/\",\"url\":\"https:\/\/cdn-endpoint-hfm.azureedge.net\/heartfailurematters\/2024\/07\/hfm-logo1.jpg\",\"contentUrl\":\"https:\/\/cdn-endpoint-hfm.azureedge.net\/heartfailurematters\/2024\/07\/hfm-logo1.jpg\",\"width\":1280,\"height\":720,\"caption\":\"Heart Failure Matters\"},\"image\":{\"@id\":\"https:\/\/www.heartfailurematters.org\/sv\/#\/schema\/logo\/image\/\"},\"sameAs\":[\"https:\/\/www.facebook.com\/heartfailurematters\"]}]}<\/script>\n<!-- \/ Yoast SEO plugin. -->","yoast_head_json":{"title":"Lungfunktionstest f\u00f6r hj\u00e4rtsvikt","description":"Eftersom vissa lungsjukdomar kan ha liknande symtom som hj\u00e4rtsvikt, och eftersom lungsjukdom kan sammanfalla med hj\u00e4rtsvikt, kan din l\u00e4kare be dig att genomg\u00e5 lungfunktionstester.","robots":{"index":"index","follow":"follow","max-snippet":"max-snippet:-1","max-image-preview":"max-image-preview:large","max-video-preview":"max-video-preview:-1"},"canonical":"https:\/\/www.heartfailurematters.org\/sv\/att-forsta-hjartsvikt\/lungfunktionstester\/","og_locale":"sv_SE","og_type":"article","og_title":"Lungfunktionstest f\u00f6r hj\u00e4rtsvikt","og_description":"Eftersom vissa lungsjukdomar kan ha liknande symtom som hj\u00e4rtsvikt, och eftersom lungsjukdom kan sammanfalla med hj\u00e4rtsvikt, kan din l\u00e4kare be dig att genomg\u00e5 lungfunktionstester.","og_url":"https:\/\/www.heartfailurematters.org\/sv\/att-forsta-hjartsvikt\/lungfunktionstester\/","og_site_name":"Heart Failure Matters","article_publisher":"https:\/\/www.facebook.com\/heartfailurematters","article_modified_time":"2021-08-16T16:14:34+00:00","og_image":[{"width":900,"height":600,"url":"https:\/\/www.heartfailurematters.org\/wp-content\/uploads\/2022\/02\/shutterstock_1497378077-1-min.jpg","type":"image\/jpeg"}],"twitter_card":"summary_large_image","twitter_misc":{"Ber\u00e4knad l\u00e4stid":"1 minut"},"schema":{"@context":"https:\/\/schema.org","@graph":[{"@type":"WebPage","@id":"https:\/\/www.heartfailurematters.org\/sv\/att-forsta-hjartsvikt\/lungfunktionstester\/","url":"https:\/\/www.heartfailurematters.org\/sv\/att-forsta-hjartsvikt\/lungfunktionstester\/","name":"Lungfunktionstest f\u00f6r hj\u00e4rtsvikt","isPartOf":{"@id":"https:\/\/www.heartfailurematters.org\/sv\/#website"},"primaryImageOfPage":{"@id":"https:\/\/www.heartfailurematters.org\/sv\/att-forsta-hjartsvikt\/lungfunktionstester\/#primaryimage"},"image":{"@id":"https:\/\/www.heartfailurematters.org\/sv\/att-forsta-hjartsvikt\/lungfunktionstester\/#primaryimage"},"thumbnailUrl":"https:\/\/www.heartfailurematters.org\/wp-content\/uploads\/2022\/02\/shutterstock_1497378077-1-min.jpg","datePublished":"2021-01-27T22:12:16+00:00","dateModified":"2021-08-16T16:14:34+00:00","description":"Eftersom vissa lungsjukdomar kan ha liknande symtom som hj\u00e4rtsvikt, och eftersom lungsjukdom kan sammanfalla med hj\u00e4rtsvikt, kan din l\u00e4kare be dig att genomg\u00e5 lungfunktionstester.","breadcrumb":{"@id":"https:\/\/www.heartfailurematters.org\/sv\/att-forsta-hjartsvikt\/lungfunktionstester\/#breadcrumb"},"inLanguage":"sv-SE","potentialAction":[{"@type":"ReadAction","target":["https:\/\/www.heartfailurematters.org\/sv\/att-forsta-hjartsvikt\/lungfunktionstester\/"]}]},{"@type":"ImageObject","inLanguage":"sv-SE","@id":"https:\/\/www.heartfailurematters.org\/sv\/att-forsta-hjartsvikt\/lungfunktionstester\/#primaryimage","url":"https:\/\/www.heartfailurematters.org\/wp-content\/uploads\/2022\/02\/shutterstock_1497378077-1-min.jpg","contentUrl":"https:\/\/www.heartfailurematters.org\/wp-content\/uploads\/2022\/02\/shutterstock_1497378077-1-min.jpg","width":900,"height":600},{"@type":"BreadcrumbList","@id":"https:\/\/www.heartfailurematters.org\/sv\/att-forsta-hjartsvikt\/lungfunktionstester\/#breadcrumb","itemListElement":[{"@type":"ListItem","position":1,"name":"Hem","item":"https:\/\/www.heartfailurematters.org\/sv\/"},{"@type":"ListItem","position":2,"name":"Att f\u00f6rst\u00e5 hj\u00e4rtsvikt","item":"https:\/\/www.heartfailurematters.org\/sv\/att-forsta-hjartsvikt\/"},{"@type":"ListItem","position":3,"name":"Lungfunktionstester"}]},{"@type":"WebSite","@id":"https:\/\/www.heartfailurematters.org\/sv\/#website","url":"https:\/\/www.heartfailurematters.org\/sv\/","name":"Heart Failure Matters","description":"Practical information for patients, families and caregivers.","publisher":{"@id":"https:\/\/www.heartfailurematters.org\/sv\/#organization"},"potentialAction":[{"@type":"SearchAction","target":{"@type":"EntryPoint","urlTemplate":"https:\/\/www.heartfailurematters.org\/sv\/?s={search_term_string}"},"query-input":{"@type":"PropertyValueSpecification","valueRequired":true,"valueName":"search_term_string"}}],"inLanguage":"sv-SE"},{"@type":"Organization","@id":"https:\/\/www.heartfailurematters.org\/sv\/#organization","name":"Heart Failure Matters","url":"https:\/\/www.heartfailurematters.org\/sv\/","logo":{"@type":"ImageObject","inLanguage":"sv-SE","@id":"https:\/\/www.heartfailurematters.org\/sv\/#\/schema\/logo\/image\/","url":"https:\/\/cdn-endpoint-hfm.azureedge.net\/heartfailurematters\/2024\/07\/hfm-logo1.jpg","contentUrl":"https:\/\/cdn-endpoint-hfm.azureedge.net\/heartfailurematters\/2024\/07\/hfm-logo1.jpg","width":1280,"height":720,"caption":"Heart Failure Matters"},"image":{"@id":"https:\/\/www.heartfailurematters.org\/sv\/#\/schema\/logo\/image\/"},"sameAs":["https:\/\/www.facebook.com\/heartfailurematters"]}]}},"_links":{"self":[{"href":"https:\/\/www.heartfailurematters.org\/sv\/wp-json\/wp\/v2\/pages\/2556","targetHints":{"allow":["GET"]}}],"collection":[{"href":"https:\/\/www.heartfailurematters.org\/sv\/wp-json\/wp\/v2\/pages"}],"about":[{"href":"https:\/\/www.heartfailurematters.org\/sv\/wp-json\/wp\/v2\/types\/page"}],"author":[{"embeddable":true,"href":"https:\/\/www.heartfailurematters.org\/sv\/wp-json\/wp\/v2\/users\/1"}],"replies":[{"embeddable":true,"href":"https:\/\/www.heartfailurematters.org\/sv\/wp-json\/wp\/v2\/comments?post=2556"}],"version-history":[{"count":1,"href":"https:\/\/www.heartfailurematters.org\/sv\/wp-json\/wp\/v2\/pages\/2556\/revisions"}],"predecessor-version":[{"id":9909,"href":"https:\/\/www.heartfailurematters.org\/sv\/wp-json\/wp\/v2\/pages\/2556\/revisions\/9909"}],"up":[{"embeddable":true,"href":"https:\/\/www.heartfailurematters.org\/sv\/wp-json\/wp\/v2\/pages\/2421"}],"wp:featuredmedia":[{"embeddable":true,"href":"https:\/\/www.heartfailurematters.org\/sv\/wp-json\/wp\/v2\/media\/10662"}],"wp:attachment":[{"href":"https:\/\/www.heartfailurematters.org\/sv\/wp-json\/wp\/v2\/media?parent=2556"}],"wp:term":[{"taxonomy":"category","embeddable":true,"href":"https:\/\/www.heartfailurematters.org\/sv\/wp-json\/wp\/v2\/categories?post=2556"},{"taxonomy":"post_tag","embeddable":true,"href":"https:\/\/www.heartfailurematters.org\/sv\/wp-json\/wp\/v2\/tags?post=2556"}],"curies":[{"name":"wp","href":"https:\/\/api.w.org\/{rel}","templated":true}]}}