{"id":2554,"date":"2021-01-27T22:12:16","date_gmt":"2021-01-27T22:12:16","guid":{"rendered":"http:\/\/heartfailurematters.local:8888\/fragor-att-stalla-till-din-lakare-farmaceut-eller-sjukskoterska-om-dina-mediciner\/"},"modified":"2021-01-27T22:12:16","modified_gmt":"2021-01-27T22:12:16","slug":"fragor-att-stalla-till-din-lakare-farmaceut-eller-sjukskoterska-om-dina-mediciner","status":"publish","type":"page","link":"https:\/\/www.heartfailurematters.org\/sv\/vad-du-sjalv-kan-gora\/fragor-att-stalla-till-din-lakare-farmaceut-eller-sjukskoterska-om-dina-mediciner\/","title":{"rendered":"Fr\u00e5gor att st\u00e4lla till din l\u00e4kare, farmaceut eller sjuksk\u00f6terska om dina mediciner"},"content":{"rendered":"<ul>\n<li>Vilka biverkningar f\u00f6rknippas med min medicin?<\/li>\n<li>Finns det n\u00e5got jag kan g\u00f6ra f\u00f6r att minska biverkningarna?<\/li>\n<li>Vad h\u00e4nder om jag gl\u00f6mmer att ta en dos?<\/li>\n<li>Finns det n\u00e5got jag inte kan \u00e4ta eller dricka medan jag tar min medicin?<\/li>\n<li>Vilken tid p\u00e5 dagen (det vill s\u00e4ga morgon eller kv\u00e4ll) ska jag ta min medicin?<\/li>\n<\/ul>\n<p><a title=\"\" href=\"https:\/\/www.heartfailurematters.org\/sv\/vad-du-sjalv-kan-gora\/hur-man-hanterar-lakemedel\/\">\u00c5terg\u00e5 till &#8221;Hur man hanterar sina l\u00e4kemedel&#8221;<\/a><\/p>\n","protected":false},"excerpt":{"rendered":"<p>Vilka biverkningar f\u00f6rknippas med min medicin? Finns det n\u00e5got jag kan g\u00f6ra f\u00f6r att minska biverkningarna? Vad h\u00e4nder om jag gl\u00f6mmer att ta en dos? Finns det n\u00e5got jag inte kan \u00e4ta eller dricka medan jag tar min medicin? Vilken tid p\u00e5 dagen (det vill s\u00e4ga morgon eller kv\u00e4ll) ska jag ta min medicin? \u00c5terg\u00e5 [&hellip;]<\/p>\n","protected":false},"author":1,"featured_media":0,"parent":2721,"menu_order":0,"comment_status":"open","ping_status":"open","template":"","meta":{"_acf_changed":false,"footnotes":""},"categories":[],"tags":[],"class_list":["post-2554","page","type-page","status-publish","hentry"],"acf":[],"yoast_head":"<!-- This site is optimized with the Yoast SEO plugin v24.8.1 - https:\/\/yoast.com\/wordpress\/plugins\/seo\/ -->\n<title>Fr\u00e5gor att st\u00e4lla till din l\u00e4kare, farmaceut eller sjuksk\u00f6terska om dina mediciner<\/title>\n<meta name=\"description\" content=\"H\u00e4r hittar du fr\u00e5gor du b\u00f6r st\u00e4lla till din l\u00e4kare om dina hj\u00e4rtsviktsmediciner.\" \/>\n<meta name=\"robots\" content=\"index, follow, max-snippet:-1, max-image-preview:large, max-video-preview:-1\" \/>\n<link rel=\"canonical\" href=\"https:\/\/www.heartfailurematters.org\/sv\/vad-du-sjalv-kan-gora\/fragor-att-stalla-till-din-lakare-farmaceut-eller-sjukskoterska-om-dina-mediciner\/\" \/>\n<meta property=\"og:locale\" content=\"sv_SE\" \/>\n<meta property=\"og:type\" content=\"article\" \/>\n<meta property=\"og:title\" content=\"Fr\u00e5gor att st\u00e4lla till din l\u00e4kare, farmaceut eller sjuksk\u00f6terska om dina mediciner\" \/>\n<meta property=\"og:description\" content=\"H\u00e4r hittar du fr\u00e5gor du b\u00f6r st\u00e4lla till din l\u00e4kare om dina hj\u00e4rtsviktsmediciner.\" \/>\n<meta property=\"og:url\" content=\"https:\/\/www.heartfailurematters.org\/sv\/vad-du-sjalv-kan-gora\/fragor-att-stalla-till-din-lakare-farmaceut-eller-sjukskoterska-om-dina-mediciner\/\" \/>\n<meta property=\"og:site_name\" content=\"Heart Failure Matters\" \/>\n<meta property=\"article:publisher\" content=\"https:\/\/www.facebook.com\/heartfailurematters\" \/>\n<meta name=\"twitter:card\" content=\"summary_large_image\" \/>\n<script type=\"application\/ld+json\" class=\"yoast-schema-graph\">{\"@context\":\"https:\/\/schema.org\",\"@graph\":[{\"@type\":\"WebPage\",\"@id\":\"https:\/\/www.heartfailurematters.org\/sv\/vad-du-sjalv-kan-gora\/fragor-att-stalla-till-din-lakare-farmaceut-eller-sjukskoterska-om-dina-mediciner\/\",\"url\":\"https:\/\/www.heartfailurematters.org\/sv\/vad-du-sjalv-kan-gora\/fragor-att-stalla-till-din-lakare-farmaceut-eller-sjukskoterska-om-dina-mediciner\/\",\"name\":\"Fr\u00e5gor att st\u00e4lla till din l\u00e4kare, farmaceut eller sjuksk\u00f6terska om dina mediciner\",\"isPartOf\":{\"@id\":\"https:\/\/www.heartfailurematters.org\/sv\/#website\"},\"datePublished\":\"2021-01-27T22:12:16+00:00\",\"description\":\"H\u00e4r hittar du fr\u00e5gor du b\u00f6r st\u00e4lla till din l\u00e4kare om dina hj\u00e4rtsviktsmediciner.\",\"breadcrumb\":{\"@id\":\"https:\/\/www.heartfailurematters.org\/sv\/vad-du-sjalv-kan-gora\/fragor-att-stalla-till-din-lakare-farmaceut-eller-sjukskoterska-om-dina-mediciner\/#breadcrumb\"},\"inLanguage\":\"sv-SE\",\"potentialAction\":[{\"@type\":\"ReadAction\",\"target\":[\"https:\/\/www.heartfailurematters.org\/sv\/vad-du-sjalv-kan-gora\/fragor-att-stalla-till-din-lakare-farmaceut-eller-sjukskoterska-om-dina-mediciner\/\"]}]},{\"@type\":\"BreadcrumbList\",\"@id\":\"https:\/\/www.heartfailurematters.org\/sv\/vad-du-sjalv-kan-gora\/fragor-att-stalla-till-din-lakare-farmaceut-eller-sjukskoterska-om-dina-mediciner\/#breadcrumb\",\"itemListElement\":[{\"@type\":\"ListItem\",\"position\":1,\"name\":\"Hem\",\"item\":\"https:\/\/www.heartfailurematters.org\/sv\/\"},{\"@type\":\"ListItem\",\"position\":2,\"name\":\"Vad du kan g\u00f6ra f\u00f6r att hantera din hj\u00e4rtsvikt\",\"item\":\"https:\/\/www.heartfailurematters.org\/sv\/vad-du-sjalv-kan-gora\/\"},{\"@type\":\"ListItem\",\"position\":3,\"name\":\"Fr\u00e5gor att st\u00e4lla till din l\u00e4kare, farmaceut eller sjuksk\u00f6terska om dina mediciner\"}]},{\"@type\":\"WebSite\",\"@id\":\"https:\/\/www.heartfailurematters.org\/sv\/#website\",\"url\":\"https:\/\/www.heartfailurematters.org\/sv\/\",\"name\":\"Heart Failure Matters\",\"description\":\"Practical information for patients, families and caregivers.\",\"publisher\":{\"@id\":\"https:\/\/www.heartfailurematters.org\/sv\/#organization\"},\"potentialAction\":[{\"@type\":\"SearchAction\",\"target\":{\"@type\":\"EntryPoint\",\"urlTemplate\":\"https:\/\/www.heartfailurematters.org\/sv\/?s={search_term_string}\"},\"query-input\":{\"@type\":\"PropertyValueSpecification\",\"valueRequired\":true,\"valueName\":\"search_term_string\"}}],\"inLanguage\":\"sv-SE\"},{\"@type\":\"Organization\",\"@id\":\"https:\/\/www.heartfailurematters.org\/sv\/#organization\",\"name\":\"Heart Failure Matters\",\"url\":\"https:\/\/www.heartfailurematters.org\/sv\/\",\"logo\":{\"@type\":\"ImageObject\",\"inLanguage\":\"sv-SE\",\"@id\":\"https:\/\/www.heartfailurematters.org\/sv\/#\/schema\/logo\/image\/\",\"url\":\"https:\/\/cdn-endpoint-hfm.azureedge.net\/heartfailurematters\/2024\/07\/hfm-logo1.jpg\",\"contentUrl\":\"https:\/\/cdn-endpoint-hfm.azureedge.net\/heartfailurematters\/2024\/07\/hfm-logo1.jpg\",\"width\":1280,\"height\":720,\"caption\":\"Heart Failure Matters\"},\"image\":{\"@id\":\"https:\/\/www.heartfailurematters.org\/sv\/#\/schema\/logo\/image\/\"},\"sameAs\":[\"https:\/\/www.facebook.com\/heartfailurematters\"]}]}<\/script>\n<!-- \/ Yoast SEO plugin. -->","yoast_head_json":{"title":"Fr\u00e5gor att st\u00e4lla till din l\u00e4kare, farmaceut eller sjuksk\u00f6terska om dina mediciner","description":"H\u00e4r hittar du fr\u00e5gor du b\u00f6r st\u00e4lla till din l\u00e4kare om dina hj\u00e4rtsviktsmediciner.","robots":{"index":"index","follow":"follow","max-snippet":"max-snippet:-1","max-image-preview":"max-image-preview:large","max-video-preview":"max-video-preview:-1"},"canonical":"https:\/\/www.heartfailurematters.org\/sv\/vad-du-sjalv-kan-gora\/fragor-att-stalla-till-din-lakare-farmaceut-eller-sjukskoterska-om-dina-mediciner\/","og_locale":"sv_SE","og_type":"article","og_title":"Fr\u00e5gor att st\u00e4lla till din l\u00e4kare, farmaceut eller sjuksk\u00f6terska om dina mediciner","og_description":"H\u00e4r hittar du fr\u00e5gor du b\u00f6r st\u00e4lla till din l\u00e4kare om dina hj\u00e4rtsviktsmediciner.","og_url":"https:\/\/www.heartfailurematters.org\/sv\/vad-du-sjalv-kan-gora\/fragor-att-stalla-till-din-lakare-farmaceut-eller-sjukskoterska-om-dina-mediciner\/","og_site_name":"Heart Failure Matters","article_publisher":"https:\/\/www.facebook.com\/heartfailurematters","twitter_card":"summary_large_image","schema":{"@context":"https:\/\/schema.org","@graph":[{"@type":"WebPage","@id":"https:\/\/www.heartfailurematters.org\/sv\/vad-du-sjalv-kan-gora\/fragor-att-stalla-till-din-lakare-farmaceut-eller-sjukskoterska-om-dina-mediciner\/","url":"https:\/\/www.heartfailurematters.org\/sv\/vad-du-sjalv-kan-gora\/fragor-att-stalla-till-din-lakare-farmaceut-eller-sjukskoterska-om-dina-mediciner\/","name":"Fr\u00e5gor att st\u00e4lla till din l\u00e4kare, farmaceut eller sjuksk\u00f6terska om dina mediciner","isPartOf":{"@id":"https:\/\/www.heartfailurematters.org\/sv\/#website"},"datePublished":"2021-01-27T22:12:16+00:00","description":"H\u00e4r hittar du fr\u00e5gor du b\u00f6r st\u00e4lla till din l\u00e4kare om dina hj\u00e4rtsviktsmediciner.","breadcrumb":{"@id":"https:\/\/www.heartfailurematters.org\/sv\/vad-du-sjalv-kan-gora\/fragor-att-stalla-till-din-lakare-farmaceut-eller-sjukskoterska-om-dina-mediciner\/#breadcrumb"},"inLanguage":"sv-SE","potentialAction":[{"@type":"ReadAction","target":["https:\/\/www.heartfailurematters.org\/sv\/vad-du-sjalv-kan-gora\/fragor-att-stalla-till-din-lakare-farmaceut-eller-sjukskoterska-om-dina-mediciner\/"]}]},{"@type":"BreadcrumbList","@id":"https:\/\/www.heartfailurematters.org\/sv\/vad-du-sjalv-kan-gora\/fragor-att-stalla-till-din-lakare-farmaceut-eller-sjukskoterska-om-dina-mediciner\/#breadcrumb","itemListElement":[{"@type":"ListItem","position":1,"name":"Hem","item":"https:\/\/www.heartfailurematters.org\/sv\/"},{"@type":"ListItem","position":2,"name":"Vad du kan g\u00f6ra f\u00f6r att hantera din hj\u00e4rtsvikt","item":"https:\/\/www.heartfailurematters.org\/sv\/vad-du-sjalv-kan-gora\/"},{"@type":"ListItem","position":3,"name":"Fr\u00e5gor att st\u00e4lla till din l\u00e4kare, farmaceut eller sjuksk\u00f6terska om dina mediciner"}]},{"@type":"WebSite","@id":"https:\/\/www.heartfailurematters.org\/sv\/#website","url":"https:\/\/www.heartfailurematters.org\/sv\/","name":"Heart Failure Matters","description":"Practical information for patients, families and caregivers.","publisher":{"@id":"https:\/\/www.heartfailurematters.org\/sv\/#organization"},"potentialAction":[{"@type":"SearchAction","target":{"@type":"EntryPoint","urlTemplate":"https:\/\/www.heartfailurematters.org\/sv\/?s={search_term_string}"},"query-input":{"@type":"PropertyValueSpecification","valueRequired":true,"valueName":"search_term_string"}}],"inLanguage":"sv-SE"},{"@type":"Organization","@id":"https:\/\/www.heartfailurematters.org\/sv\/#organization","name":"Heart Failure Matters","url":"https:\/\/www.heartfailurematters.org\/sv\/","logo":{"@type":"ImageObject","inLanguage":"sv-SE","@id":"https:\/\/www.heartfailurematters.org\/sv\/#\/schema\/logo\/image\/","url":"https:\/\/cdn-endpoint-hfm.azureedge.net\/heartfailurematters\/2024\/07\/hfm-logo1.jpg","contentUrl":"https:\/\/cdn-endpoint-hfm.azureedge.net\/heartfailurematters\/2024\/07\/hfm-logo1.jpg","width":1280,"height":720,"caption":"Heart Failure Matters"},"image":{"@id":"https:\/\/www.heartfailurematters.org\/sv\/#\/schema\/logo\/image\/"},"sameAs":["https:\/\/www.facebook.com\/heartfailurematters"]}]}},"_links":{"self":[{"href":"https:\/\/www.heartfailurematters.org\/sv\/wp-json\/wp\/v2\/pages\/2554","targetHints":{"allow":["GET"]}}],"collection":[{"href":"https:\/\/www.heartfailurematters.org\/sv\/wp-json\/wp\/v2\/pages"}],"about":[{"href":"https:\/\/www.heartfailurematters.org\/sv\/wp-json\/wp\/v2\/types\/page"}],"author":[{"embeddable":true,"href":"https:\/\/www.heartfailurematters.org\/sv\/wp-json\/wp\/v2\/users\/1"}],"replies":[{"embeddable":true,"href":"https:\/\/www.heartfailurematters.org\/sv\/wp-json\/wp\/v2\/comments?post=2554"}],"version-history":[{"count":0,"href":"https:\/\/www.heartfailurematters.org\/sv\/wp-json\/wp\/v2\/pages\/2554\/revisions"}],"up":[{"embeddable":true,"href":"https:\/\/www.heartfailurematters.org\/sv\/wp-json\/wp\/v2\/pages\/2721"}],"wp:attachment":[{"href":"https:\/\/www.heartfailurematters.org\/sv\/wp-json\/wp\/v2\/media?parent=2554"}],"wp:term":[{"taxonomy":"category","embeddable":true,"href":"https:\/\/www.heartfailurematters.org\/sv\/wp-json\/wp\/v2\/categories?post=2554"},{"taxonomy":"post_tag","embeddable":true,"href":"https:\/\/www.heartfailurematters.org\/sv\/wp-json\/wp\/v2\/tags?post=2554"}],"curies":[{"name":"wp","href":"https:\/\/api.w.org\/{rel}","templated":true}]}}