{"id":2548,"date":"2021-01-27T22:12:16","date_gmt":"2021-01-27T22:12:16","guid":{"rendered":"http:\/\/heartfailurematters.local:8888\/diuretika-urindrivande\/"},"modified":"2026-02-10T13:20:09","modified_gmt":"2026-02-10T13:20:09","slug":"diuretika-urindrivande","status":"publish","type":"page","link":"https:\/\/www.heartfailurematters.org\/sv\/vad-din-lakare-eller-sjukskoterska-kan-gora\/diuretika-urindrivande\/","title":{"rendered":"Diuretika"},"content":{"rendered":"<table border=\"1\" width=\"100%\" cellspacing=\"0\" cellpadding=\"0\">\n<tbody>\n<tr>\n<td style=\"width: 25%;\"\/>\n<td style=\"width: 75%; vertical-align: middle; text-align: left;\"\/>\n<\/tr>\n<tr>\n<td style=\"width: 25%;\">\n<h2>Animering<\/h2>\n<\/td>\n<td style=\"width: 75%; vertical-align: middle; text-align: left;\"\/>\n<\/tr>\n<tr>\n<td style=\"width: 25%;\"><a class=\"lightview\" href=\"https:\/\/www.youtube.com\/embed\/XVb7ykMfR68?hl=en_UK&amp;autoplay=1;&amp;version=3&amp;rel=0&amp;showinfo=0\" data-lightview-title=\"How diuretics work in heart failure\" data-lightview-options=\"width: 620, height: 450\" data-lightview-type=\"iframe\" data-lightview-group=\"journey\"><img decoding=\"async\" class=\"alignnone size-full wp-image-5082\" src=\"https:\/\/cdn-endpoint-hfm.azureedge.net\/heartfailurematters\/2021\/02\/08-animation.jpg\" alt=\"\" width=\"180\" height=\"130\"\/><\/a><\/td>\n<td style=\"width: 75%; vertical-align: middle; text-align: left;\">Animation som f\u00f6rklarar hur diuretika<br \/>\nfungerar vid hj\u00e4rtsvikt<\/td>\n<\/tr>\n<\/tbody>\n<\/table>\n<p>&nbsp;<\/p>\n<h2>Vad de g\u00f6r<\/h2>\n<p><a class=\"addtooltip\" title=\"&lt;div id='ToolTipTextWrap\u2019&gt;Diuretika&lt;\/div&gt;&lt;p&gt;En klass l\u00e4kemedel som g\u00f6r att njurarna producerar mer urin, vilket minskar v\u00e4tskeretention och v\u00e4tskestas.&lt;\/p&gt;\"><strong>Diuretika (urindrivande)<\/strong><\/a> hj\u00e4lper kroppen att bli av med \u00f6verfl\u00f6dig v\u00e4tska genom att f\u00e5 njurarna att producera mer urin. Du kommer att m\u00e4rka att du kissar mer n\u00e4r du tar l\u00e4kemedlet, men det \u00e4r inget att oroa sig f\u00f6r. Du kan beh\u00f6va planera resor utifr\u00e5n de tidpunkter du tar dina tabletter och ibland kan du \u00e4ndra tidpunkten n\u00e4r du tar tabletterna. R\u00e5dfr\u00e5ga din l\u00e4kare eller sjuksk\u00f6terska om detta. Att bli av med v\u00e4tske\u00f6verskottet g\u00f6r det l\u00e4ttare f\u00f6r hj\u00e4rtat eftersom det inneb\u00e4r mindre v\u00e4tska att pumpa runt kroppen. Det b\u00f6r mildra <a class=\"addtooltip\" title=\"&lt;div id='ToolTipTextWrap'&gt;v\u00e4tskestas&lt;\/div&gt;&lt;p&gt; Ett \u00f6verskott av v\u00e4tska i en del av kroppen.&lt;\/p&gt;\"><strong>blodstockningen<\/strong><\/a> i lungorna, vilket g\u00f6r din andning l\u00e4ttare. Svullnad (<a class=\"addtooltip\" title=\"&lt;div id='ToolTipTextWrap'&gt;\u00d6dem&lt;\/div&gt;&lt;p&gt; svullnad i en v\u00e4vnad p\u00e5 grund av v\u00e4tskeansamling och v\u00e4tskestas.&lt;\/p&gt;\"><strong>\u00f6dem<\/strong><\/a>) i benen och andra delar av kroppen b\u00f6r ocks\u00e5 minska. Det kan leda till viktminskning.<\/p>\n<h2>Vilka \u00e4r de f\u00f6rv\u00e4ntade f\u00f6rdelarna?<\/h2>\n<p>Diuretika lindrar hj\u00e4rtsviktssymtom. I synnerhet minskar de andf\u00e5ddhet och svullnad orsakad av v\u00e4tskeansamling.<\/p>\n<h2>Biverkningar<\/h2>\n<p>L\u00e5ngvarig anv\u00e4ndning av diuretika (urindrivande) kan leda till att du f\u00f6rlorar <a class=\"addtooltip\" title=\"&lt;div id='ToolTipTextWrap'&gt;kalium&lt;\/div&gt;&lt;p&gt;Ett v\u00e4sentligt mineral\u00e4mne som kroppen beh\u00f6ver f\u00f6r normal cellfunktion. Diuretika kan leda till minskad kaliumhalt.&lt;\/p&gt;\"><strong>kalium<\/strong><\/a>, ett salt som beh\u00f6vs f\u00f6r att din kropp och ditt hj\u00e4rta ska fungera normalt. D\u00e4rf\u00f6r kommer din l\u00e4kare att \u00f6vervaka dina kaliumniv\u00e5er genom regelbundna blodprover och r\u00e5da dig att \u00e4ta mer <a title=\"Livsmedel som inneh\u00e5ller kalium\" href=\"https:\/\/www.heartfailurematters.org\/what-you-can-do\/adjusting-your-diet-potassium\/\">livsmedel som inneh\u00e5ller kalium<\/a>.<\/p>\n<p>Diuretika kan ocks\u00e5 g\u00f6ra att du kissar oftare. Om du tar f\u00f6r h\u00f6ga doser av diuretika kan du bli uttorkad och eventuellt k\u00e4nna dig yr.<\/p>\n<h2>Topptips<\/h2>\n<p>Det \u00e4r en bra id\u00e9 att v\u00e4ga sig varje dag och skriva ner vikten s\u00e5 att du kan diskutera den med din l\u00e4kare eller sjuksk\u00f6terska. Det hj\u00e4lper dig att kontrollera om du f\u00f6rlorar f\u00f6r mycket eller f\u00f6r lite v\u00e4tska, s\u00e5 att din diuretikados kan justeras om det skulle beh\u00f6vas.<\/p>\n<p>Vissa personer tycker att det \u00e4r b\u00e4st att ta diuretika p\u00e5 morgonen, s\u00e5 att behovet av att kissa huvudsakligen sker dagtid \u2013 att ta dessa l\u00e4kemedel p\u00e5 kv\u00e4llen kan st\u00f6ra s\u00f6mnen.<\/p>\n<h2>\u00c4ven k\u00e4nd som:<\/h2>\n<ul>\n<li><strong>Amilorid<\/strong><br \/>\n(Amilamont\u00ae, Midamor\u00ae)<\/li>\n<li><strong>Bendroflumetiazid<br \/>\n<\/strong> (Salures)<\/li>\n<li><strong>Bumetanid<br \/>\n<\/strong>(Burinex)<\/li>\n<li><strong>Klortiazid<\/strong><br \/>\n(Diuril\u00ae)<\/li>\n<li><strong>Klortalidon<br \/>\n<\/strong>(Hygropax)<\/li>\n<li><strong>Cyklopentiazid<br \/>\n<\/strong>(Navidrex\u00ae)<\/li>\n<li><strong>Eplerenon<br \/>\n<\/strong>(Inspra\u00ae, Eplerenon\u00ae, Eplerenone\u00ae)<\/li>\n<li><strong>Furosemid<br \/>\n<\/strong>(Furix\u00ae, Impugan\u00ae, Lasix\u00ae)<\/li>\n<li><strong>Hydroklortiazid<\/strong><br \/>\n(HydroDIURIL\u00ae)<\/li>\n<li><strong>Indapamid<br \/>\n<\/strong>(Natrilix\u00ae, Apo-Indapamide\u00ae, Arifon\u00ae, Bajaten\u00ae, Cormil\u00ae, Damide\u00ae, Fludex\u00ae, Gen-Indapamide\u00ae, Idapamide\u00ae, Indaflex\u00ae, Indamol\u00ae, Indapamida\u00ae, Indapamidum\u00ae, Ipamix\u00ae, Lozide\u00ae, Lozol\u00ae, Natrilix\u00ae, Natrix\u00ae, Noranat\u00ae, Novo-Indapamide\u00ae, Nu-Indapamide\u00ae, Pressurai\u00ae, Tandix\u00ae, Tertensif\u00ae, Veroxil\u00ae)<\/li>\n<li><strong>Metolazon<br \/>\n<\/strong>(Zaroxolyn\u00ae)<\/li>\n<li><strong>Polytiazid<br \/>\n<\/strong>(Renese\u00ae, Minizide\u00ae, Nindaxa\u00ae, Natrilix SR\u00ae, Nephril\u00ae)<\/li>\n<li><strong>Spironolacton<br \/>\n<\/strong>(Spironolakton\u00ae, Spironolactone\u00ae, Aldactone\u00ae)<\/li>\n<li><strong>Torasemid<br \/>\n<\/strong>(Torem\u00ae)<\/li>\n<li><strong>Triamteren<br \/>\n<\/strong>(Dytac\u00ae, Dyrenium\u00ae)<\/li>\n<li><strong>Xipamid<\/strong><br \/>\n(Diurexan\u00ae)<\/li>\n<li><strong>Kombinationsmedel<\/strong><br \/>\n(Moduret\u00ae, Amil-Co\u00ae, Moduretic\u00ae, Navispare\u00ae, Frumil LS\u00ae, Froop-Co\u00ae, Fru-Co\u00ae, Aridil\u00ae, Burinex A\u00ae, Triam-Co\u00ae, Dytide\u00ae, Kalspare\u00ae, Frusene\u00ae, Aldactide\u00ae, Lasilactone\u00ae, Burinex K\u00ae, Centyl K\u00ae, Diumide-K\u00ae, Lasikal\u00ae, Neo0NaClex-K\u00ae, Dyazide\u00ae)<\/li>\n<\/ul>\n<p><a title=\"\u00c5terg\u00e5 till Hj\u00e4rtsviktsl\u00e4kemedel\" href=\"https:\/\/www.heartfailurematters.org\/what-your-doctor-can-do\/heart-failure-medicines\/\">\u00c5terg\u00e5 till Hj\u00e4rtsviktsl\u00e4kemedel<\/a><\/p>\n<p>&nbsp;<\/p>\n","protected":false},"excerpt":{"rendered":"<p>Animering Animation som f\u00f6rklarar hur diuretika fungerar vid hj\u00e4rtsvikt &nbsp; Vad de g\u00f6r Diuretika (urindrivande) hj\u00e4lper kroppen att bli av med \u00f6verfl\u00f6dig v\u00e4tska genom att f\u00e5 njurarna att producera mer urin. Du kommer att m\u00e4rka att du kissar mer n\u00e4r du tar l\u00e4kemedlet, men det \u00e4r inget att oroa sig f\u00f6r. Du kan beh\u00f6va planera [&hellip;]<\/p>\n","protected":false},"author":1,"featured_media":10874,"parent":2685,"menu_order":0,"comment_status":"open","ping_status":"open","template":"","meta":{"_acf_changed":false,"footnotes":""},"categories":[],"tags":[],"class_list":["post-2548","page","type-page","status-publish","has-post-thumbnail","hentry"],"acf":[],"yoast_head":"<!-- This site is optimized with the Yoast SEO plugin v24.8.1 - https:\/\/yoast.com\/wordpress\/plugins\/seo\/ -->\n<title>Diuretika f\u00f6r patienter med hj\u00e4rtsvikt<\/title>\n<meta name=\"description\" content=\"Diuretika stimulerar njurarna att producera mer urin. Att bli av med detta v\u00e4tske\u00f6verskott b\u00f6r g\u00f6ra det l\u00e4ttare f\u00f6r hj\u00e4rtat att pumpa, eftersom det \u00e4r mindre v\u00e4tska att pumpa runt kroppen.\" \/>\n<meta name=\"robots\" content=\"index, follow, max-snippet:-1, max-image-preview:large, max-video-preview:-1\" \/>\n<link rel=\"canonical\" href=\"https:\/\/www.heartfailurematters.org\/sv\/vad-din-lakare-eller-sjukskoterska-kan-gora\/diuretika-urindrivande\/\" \/>\n<meta property=\"og:locale\" content=\"sv_SE\" \/>\n<meta property=\"og:type\" content=\"article\" \/>\n<meta property=\"og:title\" content=\"Diuretika f\u00f6r patienter med hj\u00e4rtsvikt\" \/>\n<meta property=\"og:description\" content=\"Diuretika stimulerar njurarna att producera mer urin. Att bli av med detta v\u00e4tske\u00f6verskott b\u00f6r g\u00f6ra det l\u00e4ttare f\u00f6r hj\u00e4rtat att pumpa, eftersom det \u00e4r mindre v\u00e4tska att pumpa runt kroppen.\" \/>\n<meta property=\"og:url\" content=\"https:\/\/www.heartfailurematters.org\/sv\/vad-din-lakare-eller-sjukskoterska-kan-gora\/diuretika-urindrivande\/\" \/>\n<meta property=\"og:site_name\" content=\"Heart Failure Matters\" \/>\n<meta property=\"article:publisher\" content=\"https:\/\/www.facebook.com\/heartfailurematters\" \/>\n<meta property=\"article:modified_time\" content=\"2026-02-10T13:20:09+00:00\" \/>\n<meta property=\"og:image\" content=\"https:\/\/www.heartfailurematters.org\/wp-content\/uploads\/2022\/03\/shutterstock_441673426-1-min.jpg\" \/>\n\t<meta property=\"og:image:width\" content=\"900\" \/>\n\t<meta property=\"og:image:height\" content=\"596\" \/>\n\t<meta property=\"og:image:type\" content=\"image\/jpeg\" \/>\n<meta name=\"twitter:card\" content=\"summary_large_image\" \/>\n<meta name=\"twitter:label1\" content=\"Ber\u00e4knad l\u00e4stid\" \/>\n\t<meta name=\"twitter:data1\" content=\"2 minuter\" \/>\n<script type=\"application\/ld+json\" class=\"yoast-schema-graph\">{\"@context\":\"https:\/\/schema.org\",\"@graph\":[{\"@type\":\"WebPage\",\"@id\":\"https:\/\/www.heartfailurematters.org\/sv\/vad-din-lakare-eller-sjukskoterska-kan-gora\/diuretika-urindrivande\/\",\"url\":\"https:\/\/www.heartfailurematters.org\/sv\/vad-din-lakare-eller-sjukskoterska-kan-gora\/diuretika-urindrivande\/\",\"name\":\"Diuretika f\u00f6r patienter med hj\u00e4rtsvikt\",\"isPartOf\":{\"@id\":\"https:\/\/www.heartfailurematters.org\/sv\/#website\"},\"primaryImageOfPage\":{\"@id\":\"https:\/\/www.heartfailurematters.org\/sv\/vad-din-lakare-eller-sjukskoterska-kan-gora\/diuretika-urindrivande\/#primaryimage\"},\"image\":{\"@id\":\"https:\/\/www.heartfailurematters.org\/sv\/vad-din-lakare-eller-sjukskoterska-kan-gora\/diuretika-urindrivande\/#primaryimage\"},\"thumbnailUrl\":\"https:\/\/www.heartfailurematters.org\/wp-content\/uploads\/2022\/03\/shutterstock_441673426-1-min.jpg\",\"datePublished\":\"2021-01-27T22:12:16+00:00\",\"dateModified\":\"2026-02-10T13:20:09+00:00\",\"description\":\"Diuretika stimulerar njurarna att producera mer urin. Att bli av med detta v\u00e4tske\u00f6verskott b\u00f6r g\u00f6ra det l\u00e4ttare f\u00f6r hj\u00e4rtat att pumpa, eftersom det \u00e4r mindre v\u00e4tska att pumpa runt kroppen.\",\"breadcrumb\":{\"@id\":\"https:\/\/www.heartfailurematters.org\/sv\/vad-din-lakare-eller-sjukskoterska-kan-gora\/diuretika-urindrivande\/#breadcrumb\"},\"inLanguage\":\"sv-SE\",\"potentialAction\":[{\"@type\":\"ReadAction\",\"target\":[\"https:\/\/www.heartfailurematters.org\/sv\/vad-din-lakare-eller-sjukskoterska-kan-gora\/diuretika-urindrivande\/\"]}]},{\"@type\":\"ImageObject\",\"inLanguage\":\"sv-SE\",\"@id\":\"https:\/\/www.heartfailurematters.org\/sv\/vad-din-lakare-eller-sjukskoterska-kan-gora\/diuretika-urindrivande\/#primaryimage\",\"url\":\"https:\/\/www.heartfailurematters.org\/wp-content\/uploads\/2022\/03\/shutterstock_441673426-1-min.jpg\",\"contentUrl\":\"https:\/\/www.heartfailurematters.org\/wp-content\/uploads\/2022\/03\/shutterstock_441673426-1-min.jpg\",\"width\":900,\"height\":596},{\"@type\":\"BreadcrumbList\",\"@id\":\"https:\/\/www.heartfailurematters.org\/sv\/vad-din-lakare-eller-sjukskoterska-kan-gora\/diuretika-urindrivande\/#breadcrumb\",\"itemListElement\":[{\"@type\":\"ListItem\",\"position\":1,\"name\":\"Hem\",\"item\":\"https:\/\/www.heartfailurematters.org\/sv\/\"},{\"@type\":\"ListItem\",\"position\":2,\"name\":\"Vad din l\u00e4kare kan g\u00f6ra\",\"item\":\"https:\/\/www.heartfailurematters.org\/sv\/vad-din-lakare-eller-sjukskoterska-kan-gora\/\"},{\"@type\":\"ListItem\",\"position\":3,\"name\":\"Diuretika\"}]},{\"@type\":\"WebSite\",\"@id\":\"https:\/\/www.heartfailurematters.org\/sv\/#website\",\"url\":\"https:\/\/www.heartfailurematters.org\/sv\/\",\"name\":\"Heart Failure Matters\",\"description\":\"Practical information for patients, families and caregivers.\",\"publisher\":{\"@id\":\"https:\/\/www.heartfailurematters.org\/sv\/#organization\"},\"potentialAction\":[{\"@type\":\"SearchAction\",\"target\":{\"@type\":\"EntryPoint\",\"urlTemplate\":\"https:\/\/www.heartfailurematters.org\/sv\/?s={search_term_string}\"},\"query-input\":{\"@type\":\"PropertyValueSpecification\",\"valueRequired\":true,\"valueName\":\"search_term_string\"}}],\"inLanguage\":\"sv-SE\"},{\"@type\":\"Organization\",\"@id\":\"https:\/\/www.heartfailurematters.org\/sv\/#organization\",\"name\":\"Heart Failure Matters\",\"url\":\"https:\/\/www.heartfailurematters.org\/sv\/\",\"logo\":{\"@type\":\"ImageObject\",\"inLanguage\":\"sv-SE\",\"@id\":\"https:\/\/www.heartfailurematters.org\/sv\/#\/schema\/logo\/image\/\",\"url\":\"https:\/\/cdn-endpoint-hfm.azureedge.net\/heartfailurematters\/2024\/07\/hfm-logo1.jpg\",\"contentUrl\":\"https:\/\/cdn-endpoint-hfm.azureedge.net\/heartfailurematters\/2024\/07\/hfm-logo1.jpg\",\"width\":1280,\"height\":720,\"caption\":\"Heart Failure Matters\"},\"image\":{\"@id\":\"https:\/\/www.heartfailurematters.org\/sv\/#\/schema\/logo\/image\/\"},\"sameAs\":[\"https:\/\/www.facebook.com\/heartfailurematters\"]}]}<\/script>\n<!-- \/ Yoast SEO plugin. -->","yoast_head_json":{"title":"Diuretika f\u00f6r patienter med hj\u00e4rtsvikt","description":"Diuretika stimulerar njurarna att producera mer urin. Att bli av med detta v\u00e4tske\u00f6verskott b\u00f6r g\u00f6ra det l\u00e4ttare f\u00f6r hj\u00e4rtat att pumpa, eftersom det \u00e4r mindre v\u00e4tska att pumpa runt kroppen.","robots":{"index":"index","follow":"follow","max-snippet":"max-snippet:-1","max-image-preview":"max-image-preview:large","max-video-preview":"max-video-preview:-1"},"canonical":"https:\/\/www.heartfailurematters.org\/sv\/vad-din-lakare-eller-sjukskoterska-kan-gora\/diuretika-urindrivande\/","og_locale":"sv_SE","og_type":"article","og_title":"Diuretika f\u00f6r patienter med hj\u00e4rtsvikt","og_description":"Diuretika stimulerar njurarna att producera mer urin. Att bli av med detta v\u00e4tske\u00f6verskott b\u00f6r g\u00f6ra det l\u00e4ttare f\u00f6r hj\u00e4rtat att pumpa, eftersom det \u00e4r mindre v\u00e4tska att pumpa runt kroppen.","og_url":"https:\/\/www.heartfailurematters.org\/sv\/vad-din-lakare-eller-sjukskoterska-kan-gora\/diuretika-urindrivande\/","og_site_name":"Heart Failure Matters","article_publisher":"https:\/\/www.facebook.com\/heartfailurematters","article_modified_time":"2026-02-10T13:20:09+00:00","og_image":[{"width":900,"height":596,"url":"https:\/\/www.heartfailurematters.org\/wp-content\/uploads\/2022\/03\/shutterstock_441673426-1-min.jpg","type":"image\/jpeg"}],"twitter_card":"summary_large_image","twitter_misc":{"Ber\u00e4knad l\u00e4stid":"2 minuter"},"schema":{"@context":"https:\/\/schema.org","@graph":[{"@type":"WebPage","@id":"https:\/\/www.heartfailurematters.org\/sv\/vad-din-lakare-eller-sjukskoterska-kan-gora\/diuretika-urindrivande\/","url":"https:\/\/www.heartfailurematters.org\/sv\/vad-din-lakare-eller-sjukskoterska-kan-gora\/diuretika-urindrivande\/","name":"Diuretika f\u00f6r patienter med hj\u00e4rtsvikt","isPartOf":{"@id":"https:\/\/www.heartfailurematters.org\/sv\/#website"},"primaryImageOfPage":{"@id":"https:\/\/www.heartfailurematters.org\/sv\/vad-din-lakare-eller-sjukskoterska-kan-gora\/diuretika-urindrivande\/#primaryimage"},"image":{"@id":"https:\/\/www.heartfailurematters.org\/sv\/vad-din-lakare-eller-sjukskoterska-kan-gora\/diuretika-urindrivande\/#primaryimage"},"thumbnailUrl":"https:\/\/www.heartfailurematters.org\/wp-content\/uploads\/2022\/03\/shutterstock_441673426-1-min.jpg","datePublished":"2021-01-27T22:12:16+00:00","dateModified":"2026-02-10T13:20:09+00:00","description":"Diuretika stimulerar njurarna att producera mer urin. Att bli av med detta v\u00e4tske\u00f6verskott b\u00f6r g\u00f6ra det l\u00e4ttare f\u00f6r hj\u00e4rtat att pumpa, eftersom det \u00e4r mindre v\u00e4tska att pumpa runt kroppen.","breadcrumb":{"@id":"https:\/\/www.heartfailurematters.org\/sv\/vad-din-lakare-eller-sjukskoterska-kan-gora\/diuretika-urindrivande\/#breadcrumb"},"inLanguage":"sv-SE","potentialAction":[{"@type":"ReadAction","target":["https:\/\/www.heartfailurematters.org\/sv\/vad-din-lakare-eller-sjukskoterska-kan-gora\/diuretika-urindrivande\/"]}]},{"@type":"ImageObject","inLanguage":"sv-SE","@id":"https:\/\/www.heartfailurematters.org\/sv\/vad-din-lakare-eller-sjukskoterska-kan-gora\/diuretika-urindrivande\/#primaryimage","url":"https:\/\/www.heartfailurematters.org\/wp-content\/uploads\/2022\/03\/shutterstock_441673426-1-min.jpg","contentUrl":"https:\/\/www.heartfailurematters.org\/wp-content\/uploads\/2022\/03\/shutterstock_441673426-1-min.jpg","width":900,"height":596},{"@type":"BreadcrumbList","@id":"https:\/\/www.heartfailurematters.org\/sv\/vad-din-lakare-eller-sjukskoterska-kan-gora\/diuretika-urindrivande\/#breadcrumb","itemListElement":[{"@type":"ListItem","position":1,"name":"Hem","item":"https:\/\/www.heartfailurematters.org\/sv\/"},{"@type":"ListItem","position":2,"name":"Vad din l\u00e4kare kan g\u00f6ra","item":"https:\/\/www.heartfailurematters.org\/sv\/vad-din-lakare-eller-sjukskoterska-kan-gora\/"},{"@type":"ListItem","position":3,"name":"Diuretika"}]},{"@type":"WebSite","@id":"https:\/\/www.heartfailurematters.org\/sv\/#website","url":"https:\/\/www.heartfailurematters.org\/sv\/","name":"Heart Failure Matters","description":"Practical information for patients, families and caregivers.","publisher":{"@id":"https:\/\/www.heartfailurematters.org\/sv\/#organization"},"potentialAction":[{"@type":"SearchAction","target":{"@type":"EntryPoint","urlTemplate":"https:\/\/www.heartfailurematters.org\/sv\/?s={search_term_string}"},"query-input":{"@type":"PropertyValueSpecification","valueRequired":true,"valueName":"search_term_string"}}],"inLanguage":"sv-SE"},{"@type":"Organization","@id":"https:\/\/www.heartfailurematters.org\/sv\/#organization","name":"Heart Failure Matters","url":"https:\/\/www.heartfailurematters.org\/sv\/","logo":{"@type":"ImageObject","inLanguage":"sv-SE","@id":"https:\/\/www.heartfailurematters.org\/sv\/#\/schema\/logo\/image\/","url":"https:\/\/cdn-endpoint-hfm.azureedge.net\/heartfailurematters\/2024\/07\/hfm-logo1.jpg","contentUrl":"https:\/\/cdn-endpoint-hfm.azureedge.net\/heartfailurematters\/2024\/07\/hfm-logo1.jpg","width":1280,"height":720,"caption":"Heart Failure Matters"},"image":{"@id":"https:\/\/www.heartfailurematters.org\/sv\/#\/schema\/logo\/image\/"},"sameAs":["https:\/\/www.facebook.com\/heartfailurematters"]}]}},"_links":{"self":[{"href":"https:\/\/www.heartfailurematters.org\/sv\/wp-json\/wp\/v2\/pages\/2548","targetHints":{"allow":["GET"]}}],"collection":[{"href":"https:\/\/www.heartfailurematters.org\/sv\/wp-json\/wp\/v2\/pages"}],"about":[{"href":"https:\/\/www.heartfailurematters.org\/sv\/wp-json\/wp\/v2\/types\/page"}],"author":[{"embeddable":true,"href":"https:\/\/www.heartfailurematters.org\/sv\/wp-json\/wp\/v2\/users\/1"}],"replies":[{"embeddable":true,"href":"https:\/\/www.heartfailurematters.org\/sv\/wp-json\/wp\/v2\/comments?post=2548"}],"version-history":[{"count":5,"href":"https:\/\/www.heartfailurematters.org\/sv\/wp-json\/wp\/v2\/pages\/2548\/revisions"}],"predecessor-version":[{"id":13966,"href":"https:\/\/www.heartfailurematters.org\/sv\/wp-json\/wp\/v2\/pages\/2548\/revisions\/13966"}],"up":[{"embeddable":true,"href":"https:\/\/www.heartfailurematters.org\/sv\/wp-json\/wp\/v2\/pages\/2685"}],"wp:featuredmedia":[{"embeddable":true,"href":"https:\/\/www.heartfailurematters.org\/sv\/wp-json\/wp\/v2\/media\/10874"}],"wp:attachment":[{"href":"https:\/\/www.heartfailurematters.org\/sv\/wp-json\/wp\/v2\/media?parent=2548"}],"wp:term":[{"taxonomy":"category","embeddable":true,"href":"https:\/\/www.heartfailurematters.org\/sv\/wp-json\/wp\/v2\/categories?post=2548"},{"taxonomy":"post_tag","embeddable":true,"href":"https:\/\/www.heartfailurematters.org\/sv\/wp-json\/wp\/v2\/tags?post=2548"}],"curies":[{"name":"wp","href":"https:\/\/api.w.org\/{rel}","templated":true}]}}