{"id":2547,"date":"2021-01-27T22:12:16","date_gmt":"2021-01-27T22:12:16","guid":{"rendered":"http:\/\/heartfailurematters.local:8888\/inplanterbara-apparater\/"},"modified":"2021-04-14T14:50:11","modified_gmt":"2021-04-14T13:50:11","slug":"inplanterbara-apparater","status":"publish","type":"page","link":"https:\/\/www.heartfailurematters.org\/sv\/vad-din-lakare-eller-sjukskoterska-kan-gora\/inplanterbara-apparater\/","title":{"rendered":"Inplanterbara apparater"},"content":{"rendered":"<p>Om du har en onormal hj\u00e4rtrytm eller om de elektriska impulserna inte f\u00e4rdas genom hj\u00e4rtat p\u00e5 r\u00e4tt s\u00e4tt, kan din l\u00e4kare besluta att ditt hj\u00e4rta beh\u00f6ver extra st\u00f6d. Det finns flera avancerade medicintekniska apparater som kan bidra till att st\u00f6dja ditt hj\u00e4rta genom att anv\u00e4nda sm\u00e4rtfria elektriska signaler f\u00f6r att f\u00e5 det att sl\u00e5 regelbundet och\/eller f\u00f6rb\u00e4ttra funktionen. Dessa apparater kan inte bara f\u00f6rb\u00e4ttra symtom, utan har visat sig f\u00f6rb\u00e4ttra l\u00e5ngsiktig \u00f6verlevnad.<\/p>\n<p>Apparaterna blir st\u00e4ndigt mindre och effektivare, och batterierna varar l\u00e4ngre. Dessa apparater s\u00e4tts oftast in under lokalbed\u00f6vning. De placeras under nyckelbenet f\u00f6r att inte vara synliga p\u00e5 utsidan av kroppen. De flesta apparater kr\u00e4ver regelbunden \u00f6vervakning, oftast \u00e5rligen p\u00e5 en klinik.<\/p>\n<p>F\u00f6rutom att ge elektriska impulser, erbjuder nu m\u00e5nga inplanterbara apparater m\u00f6jlighet att skicka kliniska data direkt till din l\u00e4kare med hj\u00e4lp av fj\u00e4rr\u00f6vervakning. Denna anslutning sker antingen genom att anv\u00e4nda en vanlig telefonlinje eller via en tr\u00e5dl\u00f6s internetanslutning. L\u00e4karen kan sedan anv\u00e4nda dessa data f\u00f6r att kontrollera ditt tillst\u00e5nd och eventuellt uppt\u00e4cka tecken p\u00e5 f\u00f6rs\u00e4mring tidigare.<\/p>\n<p>Klicka p\u00e5 n\u00e5gon av l\u00e4nkarna nedan f\u00f6r att l\u00e4sa mer om de apparater f\u00f6r hj\u00e4rtat som f\u00f6r n\u00e4rvarande finns tillg\u00e4ngliga:<\/p>\n<ul>\n<li><a title=\"Pacemaker\" href=\"https:\/\/www.heartfailurematters.org\/sv\/vad-din-lakare-eller-sjukskoterska-kan-gora\/pacemaker\/\">Pacemaker<\/a><\/li>\n<li><a title=\"Hj\u00e4rtresynkroniseringsbehandling (biventrikul\u00e4r pacemakerterapi), hj\u00e4rtsviktspacemaker)\" href=\"https:\/\/www.heartfailurematters.org\/sv\/vad-din-lakare-eller-sjukskoterska-kan-gora\/hjartresynkroniseringsbehandling-biventrikular-pacemakerterapi-aven-forkortad-crt-efter-engelskans-cardiac-resynchronisation-therapy\/\">Hj\u00e4rtresynkroniseringsbehandling (biventrikul\u00e4r pacemakerterapi), hj\u00e4rtsviktspacemaker)<\/a><\/li>\n<li><a href=\"https:\/\/www.heartfailurematters.org\/sv\/vad-din-lakare-eller-sjukskoterska-kan-gora\/inplanterbar-defibrillator-icd\/\">Inplanterbar defibrillator (ICD)<\/a><\/li>\n<li><a title=\"Hj\u00e4lpanordning f\u00f6r v\u00e4nster kammare (LVAD)\" href=\"https:\/\/www.heartfailurematters.org\/what-your-doctor-can-do\/left-ventricular-assist-devices-lvad\/\">Hj\u00e4lpanordning f\u00f6r v\u00e4nster kammare (LVAD)<\/a><\/li>\n<\/ul>\n<table border=\"1\" width=\"100%\" cellspacing=\"0\" cellpadding=\"0\">\n<tbody>\n<tr>\n<td style=\"width: 25%;\">\n<h2>Animation<\/h2>\n<\/td>\n<td style=\"width: 75%; text-align: left; vertical-align: middle;\"><\/td>\n<\/tr>\n<tr>\n<td style=\"width: 25%;\"><a class=\"lightview\" href=\"https:\/\/www.youtube.com\/embed\/e3_Otnat6ZI?hl=en_UK&amp;autoplay=1;&amp;version=3&amp;rel=0&amp;showinfo=0\" data-lightview-caption=\"The animation above shows how a number of advanced medical devices can be used to help patients that suffer from heart failure. These devices support your heart by using painless electrical signals to keep it beating regularly and\/or improve function. They may not only improve symptoms but can also contribute to improve long-term survival.\" data-lightview-title=\"How medical devices work\" data-lightview-options=\"width: 535, height: 400\" data-lightview-type=\"iframe\" data-lightview-group=\"journey\"><img decoding=\"async\" class=\"alignnone size-full wp-image-6341\" src=\"https:\/\/cdn-endpoint-hfm.azureedge.net\/heartfailurematters\/2021\/02\/How-medical-devices-work-in-heart-failure.jpg\" alt=\"\" width=\"180\" height=\"130\" \/><\/a><\/td>\n<td style=\"width: 75%; text-align: left; vertical-align: middle;\">S\u00e5 fungerar medicinska apparater vid hj\u00e4rtsvikt<\/td>\n<\/tr>\n<tr>\n<td style=\"width: 25%;\"><\/td>\n<td style=\"width: 75%; text-align: left; vertical-align: middle;\"><\/td>\n<\/tr>\n<tr>\n<td style=\"width: 25%;\">\n<h2>Filmklipp<\/h2>\n<\/td>\n<td style=\"width: 75%; text-align: left; vertical-align: middle;\"><\/td>\n<\/tr>\n<tr>\n<td style=\"width: 25%;\"><a href=\"http:\/\/www.youtube.com\/watch?v=3DsorXGSFQI\" target=\"_blank\" rel=\"noopener\"><img decoding=\"async\" class=\"alignnone size-full wp-image-6281\" src=\"https:\/\/cdn-endpoint-hfm.azureedge.net\/heartfailurematters\/2021\/02\/CRT-slide-set-for-primary-care-physicians.jpg\" alt=\"\" width=\"180\" height=\"130\" \/><\/a><\/td>\n<td style=\"width: 75%; text-align: left; vertical-align: middle;\">Hj\u00e4rtresynkroniseringsbehandling (CRT) vid hj\u00e4rtsvikt Viktig information f\u00f6r prim\u00e4rv\u00e5rdsl\u00e4kare<\/td>\n<\/tr>\n<\/tbody>\n<\/table>\n<p>&nbsp;<\/p>\n","protected":false},"excerpt":{"rendered":"<p>Om du har en onormal hj\u00e4rtrytm eller om de elektriska impulserna inte f\u00e4rdas genom hj\u00e4rtat p\u00e5 r\u00e4tt s\u00e4tt, kan din l\u00e4kare besluta att ditt hj\u00e4rta beh\u00f6ver extra st\u00f6d. Det finns flera avancerade medicintekniska apparater som kan bidra till att st\u00f6dja ditt hj\u00e4rta genom att anv\u00e4nda sm\u00e4rtfria elektriska signaler f\u00f6r att f\u00e5 det att sl\u00e5 regelbundet [&hellip;]<\/p>\n","protected":false},"author":1,"featured_media":10896,"parent":2685,"menu_order":7,"comment_status":"open","ping_status":"closed","template":"","meta":{"_acf_changed":false,"footnotes":""},"categories":[150],"tags":[],"class_list":["post-2547","page","type-page","status-publish","has-post-thumbnail","hentry","category-what-can-your-doctor-do-sv"],"acf":[],"yoast_head":"<!-- This site is optimized with the Yoast SEO plugin v24.8.1 - https:\/\/yoast.com\/wordpress\/plugins\/seo\/ -->\n<title>Implanterbara apparater vid hj\u00e4rtsvikt<\/title>\n<meta name=\"description\" content=\"Om du lider av hj\u00e4rtsvikt kan din l\u00e4kare avg\u00f6ra om hj\u00e4rtat beh\u00f6ver extra st\u00f6d. L\u00e4s mer om de medicintekniska apparater som f\u00f6r n\u00e4rvarande finns tillg\u00e4ngliga.\" \/>\n<meta name=\"robots\" content=\"index, follow, max-snippet:-1, max-image-preview:large, max-video-preview:-1\" \/>\n<link rel=\"canonical\" href=\"https:\/\/www.heartfailurematters.org\/sv\/vad-din-lakare-eller-sjukskoterska-kan-gora\/inplanterbara-apparater\/\" \/>\n<meta property=\"og:locale\" content=\"sv_SE\" \/>\n<meta property=\"og:type\" content=\"article\" \/>\n<meta property=\"og:title\" content=\"Implanterbara apparater vid hj\u00e4rtsvikt\" \/>\n<meta property=\"og:description\" content=\"Om du lider av hj\u00e4rtsvikt kan din l\u00e4kare avg\u00f6ra om hj\u00e4rtat beh\u00f6ver extra st\u00f6d. L\u00e4s mer om de medicintekniska apparater som f\u00f6r n\u00e4rvarande finns tillg\u00e4ngliga.\" \/>\n<meta property=\"og:url\" content=\"https:\/\/www.heartfailurematters.org\/sv\/vad-din-lakare-eller-sjukskoterska-kan-gora\/inplanterbara-apparater\/\" \/>\n<meta property=\"og:site_name\" content=\"Heart Failure Matters\" \/>\n<meta property=\"article:publisher\" content=\"https:\/\/www.facebook.com\/heartfailurematters\" \/>\n<meta property=\"article:modified_time\" content=\"2021-04-14T13:50:11+00:00\" \/>\n<meta property=\"og:image\" content=\"https:\/\/www.heartfailurematters.org\/wp-content\/uploads\/2022\/03\/shutterstock_1330247153-1-min.jpg?_t=1773225110\" \/>\n\t<meta property=\"og:image:width\" content=\"900\" \/>\n\t<meta property=\"og:image:height\" content=\"600\" \/>\n\t<meta property=\"og:image:type\" content=\"image\/jpeg\" \/>\n<meta name=\"twitter:card\" content=\"summary_large_image\" \/>\n<meta name=\"twitter:label1\" content=\"Ber\u00e4knad l\u00e4stid\" \/>\n\t<meta name=\"twitter:data1\" content=\"2 minuter\" \/>\n<script type=\"application\/ld+json\" class=\"yoast-schema-graph\">{\"@context\":\"https:\/\/schema.org\",\"@graph\":[{\"@type\":\"WebPage\",\"@id\":\"https:\/\/www.heartfailurematters.org\/sv\/vad-din-lakare-eller-sjukskoterska-kan-gora\/inplanterbara-apparater\/\",\"url\":\"https:\/\/www.heartfailurematters.org\/sv\/vad-din-lakare-eller-sjukskoterska-kan-gora\/inplanterbara-apparater\/\",\"name\":\"Implanterbara apparater vid hj\u00e4rtsvikt\",\"isPartOf\":{\"@id\":\"https:\/\/www.heartfailurematters.org\/sv\/#website\"},\"primaryImageOfPage\":{\"@id\":\"https:\/\/www.heartfailurematters.org\/sv\/vad-din-lakare-eller-sjukskoterska-kan-gora\/inplanterbara-apparater\/#primaryimage\"},\"image\":{\"@id\":\"https:\/\/www.heartfailurematters.org\/sv\/vad-din-lakare-eller-sjukskoterska-kan-gora\/inplanterbara-apparater\/#primaryimage\"},\"thumbnailUrl\":\"https:\/\/www.heartfailurematters.org\/wp-content\/uploads\/2022\/03\/shutterstock_1330247153-1-min.jpg\",\"datePublished\":\"2021-01-27T22:12:16+00:00\",\"dateModified\":\"2021-04-14T13:50:11+00:00\",\"description\":\"Om du lider av hj\u00e4rtsvikt kan din l\u00e4kare avg\u00f6ra om hj\u00e4rtat beh\u00f6ver extra st\u00f6d. L\u00e4s mer om de medicintekniska apparater som f\u00f6r n\u00e4rvarande finns tillg\u00e4ngliga.\",\"breadcrumb\":{\"@id\":\"https:\/\/www.heartfailurematters.org\/sv\/vad-din-lakare-eller-sjukskoterska-kan-gora\/inplanterbara-apparater\/#breadcrumb\"},\"inLanguage\":\"sv-SE\",\"potentialAction\":[{\"@type\":\"ReadAction\",\"target\":[\"https:\/\/www.heartfailurematters.org\/sv\/vad-din-lakare-eller-sjukskoterska-kan-gora\/inplanterbara-apparater\/\"]}]},{\"@type\":\"ImageObject\",\"inLanguage\":\"sv-SE\",\"@id\":\"https:\/\/www.heartfailurematters.org\/sv\/vad-din-lakare-eller-sjukskoterska-kan-gora\/inplanterbara-apparater\/#primaryimage\",\"url\":\"https:\/\/www.heartfailurematters.org\/wp-content\/uploads\/2022\/03\/shutterstock_1330247153-1-min.jpg\",\"contentUrl\":\"https:\/\/www.heartfailurematters.org\/wp-content\/uploads\/2022\/03\/shutterstock_1330247153-1-min.jpg\",\"width\":900,\"height\":600},{\"@type\":\"BreadcrumbList\",\"@id\":\"https:\/\/www.heartfailurematters.org\/sv\/vad-din-lakare-eller-sjukskoterska-kan-gora\/inplanterbara-apparater\/#breadcrumb\",\"itemListElement\":[{\"@type\":\"ListItem\",\"position\":1,\"name\":\"Hem\",\"item\":\"https:\/\/www.heartfailurematters.org\/sv\/\"},{\"@type\":\"ListItem\",\"position\":2,\"name\":\"Vad din l\u00e4kare kan g\u00f6ra\",\"item\":\"https:\/\/www.heartfailurematters.org\/sv\/vad-din-lakare-eller-sjukskoterska-kan-gora\/\"},{\"@type\":\"ListItem\",\"position\":3,\"name\":\"Inplanterbara apparater\"}]},{\"@type\":\"WebSite\",\"@id\":\"https:\/\/www.heartfailurematters.org\/sv\/#website\",\"url\":\"https:\/\/www.heartfailurematters.org\/sv\/\",\"name\":\"Heart Failure Matters\",\"description\":\"Practical information for patients, families and caregivers.\",\"publisher\":{\"@id\":\"https:\/\/www.heartfailurematters.org\/sv\/#organization\"},\"potentialAction\":[{\"@type\":\"SearchAction\",\"target\":{\"@type\":\"EntryPoint\",\"urlTemplate\":\"https:\/\/www.heartfailurematters.org\/sv\/?s={search_term_string}\"},\"query-input\":{\"@type\":\"PropertyValueSpecification\",\"valueRequired\":true,\"valueName\":\"search_term_string\"}}],\"inLanguage\":\"sv-SE\"},{\"@type\":\"Organization\",\"@id\":\"https:\/\/www.heartfailurematters.org\/sv\/#organization\",\"name\":\"Heart Failure Matters\",\"url\":\"https:\/\/www.heartfailurematters.org\/sv\/\",\"logo\":{\"@type\":\"ImageObject\",\"inLanguage\":\"sv-SE\",\"@id\":\"https:\/\/www.heartfailurematters.org\/sv\/#\/schema\/logo\/image\/\",\"url\":\"https:\/\/cdn-endpoint-hfm.azureedge.net\/heartfailurematters\/2024\/07\/hfm-logo1.jpg\",\"contentUrl\":\"https:\/\/cdn-endpoint-hfm.azureedge.net\/heartfailurematters\/2024\/07\/hfm-logo1.jpg\",\"width\":1280,\"height\":720,\"caption\":\"Heart Failure Matters\"},\"image\":{\"@id\":\"https:\/\/www.heartfailurematters.org\/sv\/#\/schema\/logo\/image\/\"},\"sameAs\":[\"https:\/\/www.facebook.com\/heartfailurematters\"]}]}<\/script>\n<!-- \/ Yoast SEO plugin. -->","yoast_head_json":{"title":"Implanterbara apparater vid hj\u00e4rtsvikt","description":"Om du lider av hj\u00e4rtsvikt kan din l\u00e4kare avg\u00f6ra om hj\u00e4rtat beh\u00f6ver extra st\u00f6d. L\u00e4s mer om de medicintekniska apparater som f\u00f6r n\u00e4rvarande finns tillg\u00e4ngliga.","robots":{"index":"index","follow":"follow","max-snippet":"max-snippet:-1","max-image-preview":"max-image-preview:large","max-video-preview":"max-video-preview:-1"},"canonical":"https:\/\/www.heartfailurematters.org\/sv\/vad-din-lakare-eller-sjukskoterska-kan-gora\/inplanterbara-apparater\/","og_locale":"sv_SE","og_type":"article","og_title":"Implanterbara apparater vid hj\u00e4rtsvikt","og_description":"Om du lider av hj\u00e4rtsvikt kan din l\u00e4kare avg\u00f6ra om hj\u00e4rtat beh\u00f6ver extra st\u00f6d. L\u00e4s mer om de medicintekniska apparater som f\u00f6r n\u00e4rvarande finns tillg\u00e4ngliga.","og_url":"https:\/\/www.heartfailurematters.org\/sv\/vad-din-lakare-eller-sjukskoterska-kan-gora\/inplanterbara-apparater\/","og_site_name":"Heart Failure Matters","article_publisher":"https:\/\/www.facebook.com\/heartfailurematters","article_modified_time":"2021-04-14T13:50:11+00:00","og_image":[{"width":900,"height":600,"url":"https:\/\/www.heartfailurematters.org\/wp-content\/uploads\/2022\/03\/shutterstock_1330247153-1-min.jpg?_t=1773225110","type":"image\/jpeg"}],"twitter_card":"summary_large_image","twitter_misc":{"Ber\u00e4knad l\u00e4stid":"2 minuter"},"schema":{"@context":"https:\/\/schema.org","@graph":[{"@type":"WebPage","@id":"https:\/\/www.heartfailurematters.org\/sv\/vad-din-lakare-eller-sjukskoterska-kan-gora\/inplanterbara-apparater\/","url":"https:\/\/www.heartfailurematters.org\/sv\/vad-din-lakare-eller-sjukskoterska-kan-gora\/inplanterbara-apparater\/","name":"Implanterbara apparater vid hj\u00e4rtsvikt","isPartOf":{"@id":"https:\/\/www.heartfailurematters.org\/sv\/#website"},"primaryImageOfPage":{"@id":"https:\/\/www.heartfailurematters.org\/sv\/vad-din-lakare-eller-sjukskoterska-kan-gora\/inplanterbara-apparater\/#primaryimage"},"image":{"@id":"https:\/\/www.heartfailurematters.org\/sv\/vad-din-lakare-eller-sjukskoterska-kan-gora\/inplanterbara-apparater\/#primaryimage"},"thumbnailUrl":"https:\/\/www.heartfailurematters.org\/wp-content\/uploads\/2022\/03\/shutterstock_1330247153-1-min.jpg","datePublished":"2021-01-27T22:12:16+00:00","dateModified":"2021-04-14T13:50:11+00:00","description":"Om du lider av hj\u00e4rtsvikt kan din l\u00e4kare avg\u00f6ra om hj\u00e4rtat beh\u00f6ver extra st\u00f6d. L\u00e4s mer om de medicintekniska apparater som f\u00f6r n\u00e4rvarande finns tillg\u00e4ngliga.","breadcrumb":{"@id":"https:\/\/www.heartfailurematters.org\/sv\/vad-din-lakare-eller-sjukskoterska-kan-gora\/inplanterbara-apparater\/#breadcrumb"},"inLanguage":"sv-SE","potentialAction":[{"@type":"ReadAction","target":["https:\/\/www.heartfailurematters.org\/sv\/vad-din-lakare-eller-sjukskoterska-kan-gora\/inplanterbara-apparater\/"]}]},{"@type":"ImageObject","inLanguage":"sv-SE","@id":"https:\/\/www.heartfailurematters.org\/sv\/vad-din-lakare-eller-sjukskoterska-kan-gora\/inplanterbara-apparater\/#primaryimage","url":"https:\/\/www.heartfailurematters.org\/wp-content\/uploads\/2022\/03\/shutterstock_1330247153-1-min.jpg","contentUrl":"https:\/\/www.heartfailurematters.org\/wp-content\/uploads\/2022\/03\/shutterstock_1330247153-1-min.jpg","width":900,"height":600},{"@type":"BreadcrumbList","@id":"https:\/\/www.heartfailurematters.org\/sv\/vad-din-lakare-eller-sjukskoterska-kan-gora\/inplanterbara-apparater\/#breadcrumb","itemListElement":[{"@type":"ListItem","position":1,"name":"Hem","item":"https:\/\/www.heartfailurematters.org\/sv\/"},{"@type":"ListItem","position":2,"name":"Vad din l\u00e4kare kan g\u00f6ra","item":"https:\/\/www.heartfailurematters.org\/sv\/vad-din-lakare-eller-sjukskoterska-kan-gora\/"},{"@type":"ListItem","position":3,"name":"Inplanterbara apparater"}]},{"@type":"WebSite","@id":"https:\/\/www.heartfailurematters.org\/sv\/#website","url":"https:\/\/www.heartfailurematters.org\/sv\/","name":"Heart Failure Matters","description":"Practical information for patients, families and caregivers.","publisher":{"@id":"https:\/\/www.heartfailurematters.org\/sv\/#organization"},"potentialAction":[{"@type":"SearchAction","target":{"@type":"EntryPoint","urlTemplate":"https:\/\/www.heartfailurematters.org\/sv\/?s={search_term_string}"},"query-input":{"@type":"PropertyValueSpecification","valueRequired":true,"valueName":"search_term_string"}}],"inLanguage":"sv-SE"},{"@type":"Organization","@id":"https:\/\/www.heartfailurematters.org\/sv\/#organization","name":"Heart Failure Matters","url":"https:\/\/www.heartfailurematters.org\/sv\/","logo":{"@type":"ImageObject","inLanguage":"sv-SE","@id":"https:\/\/www.heartfailurematters.org\/sv\/#\/schema\/logo\/image\/","url":"https:\/\/cdn-endpoint-hfm.azureedge.net\/heartfailurematters\/2024\/07\/hfm-logo1.jpg","contentUrl":"https:\/\/cdn-endpoint-hfm.azureedge.net\/heartfailurematters\/2024\/07\/hfm-logo1.jpg","width":1280,"height":720,"caption":"Heart Failure Matters"},"image":{"@id":"https:\/\/www.heartfailurematters.org\/sv\/#\/schema\/logo\/image\/"},"sameAs":["https:\/\/www.facebook.com\/heartfailurematters"]}]}},"_links":{"self":[{"href":"https:\/\/www.heartfailurematters.org\/sv\/wp-json\/wp\/v2\/pages\/2547","targetHints":{"allow":["GET"]}}],"collection":[{"href":"https:\/\/www.heartfailurematters.org\/sv\/wp-json\/wp\/v2\/pages"}],"about":[{"href":"https:\/\/www.heartfailurematters.org\/sv\/wp-json\/wp\/v2\/types\/page"}],"author":[{"embeddable":true,"href":"https:\/\/www.heartfailurematters.org\/sv\/wp-json\/wp\/v2\/users\/1"}],"replies":[{"embeddable":true,"href":"https:\/\/www.heartfailurematters.org\/sv\/wp-json\/wp\/v2\/comments?post=2547"}],"version-history":[{"count":2,"href":"https:\/\/www.heartfailurematters.org\/sv\/wp-json\/wp\/v2\/pages\/2547\/revisions"}],"predecessor-version":[{"id":8736,"href":"https:\/\/www.heartfailurematters.org\/sv\/wp-json\/wp\/v2\/pages\/2547\/revisions\/8736"}],"up":[{"embeddable":true,"href":"https:\/\/www.heartfailurematters.org\/sv\/wp-json\/wp\/v2\/pages\/2685"}],"wp:featuredmedia":[{"embeddable":true,"href":"https:\/\/www.heartfailurematters.org\/sv\/wp-json\/wp\/v2\/media\/10896"}],"wp:attachment":[{"href":"https:\/\/www.heartfailurematters.org\/sv\/wp-json\/wp\/v2\/media?parent=2547"}],"wp:term":[{"taxonomy":"category","embeddable":true,"href":"https:\/\/www.heartfailurematters.org\/sv\/wp-json\/wp\/v2\/categories?post=2547"},{"taxonomy":"post_tag","embeddable":true,"href":"https:\/\/www.heartfailurematters.org\/sv\/wp-json\/wp\/v2\/tags?post=2547"}],"curies":[{"name":"wp","href":"https:\/\/api.w.org\/{rel}","templated":true}]}}