{"id":2546,"date":"2021-01-27T22:12:16","date_gmt":"2021-01-27T22:12:16","guid":{"rendered":"http:\/\/heartfailurematters.local:8888\/lakemedel-vid-hjartsvikt\/"},"modified":"2026-02-10T13:20:07","modified_gmt":"2026-02-10T13:20:07","slug":"lakemedel-vid-hjartsvikt","status":"publish","type":"page","link":"https:\/\/www.heartfailurematters.org\/sv\/vad-din-lakare-eller-sjukskoterska-kan-gora\/lakemedel-vid-hjartsvikt\/","title":{"rendered":"L\u00e4kemedel vid hj\u00e4rtsvikt"},"content":{"rendered":"<p>Nedan hittar du en guide till de olika l\u00e4kemedel f\u00f6r hj\u00e4rtsvikt som \u00e4r tillg\u00e4ngliga. De flesta patienter vill f\u00f6rst\u00e5 varf\u00f6r ett visst l\u00e4kemedel beh\u00f6ver tas, inklusive nytta och biverkningar, vilken dos och vid vilka tidpunkter. Det \u00e4r d\u00e4rf\u00f6r viktigt att tala med v\u00e5rdpersonal om eventuella funderingar eller fr\u00e5gor du har om dina hj\u00e4rtsviktsl\u00e4kemedel. De flesta personer med hj\u00e4rtsvikt kommer att beh\u00f6va ta dessa l\u00e4kemedel under resten av livet.<\/p>\n<p>I dagsl\u00e4get finns det n\u00e5gra s\u00e4rskilt viktiga l\u00e4kemedel f\u00f6r hj\u00e4rtsvikt. De kan hj\u00e4lpa dig att h\u00e5lla dina symtom under kontroll, f\u00f6rb\u00e4ttra din livskvalitet och g\u00f6ra att du lever l\u00e4ngre. N\u00e5gra av dem kan ha biverkningar \u2013 men f\u00f6rdelarna uppv\u00e4ger vanligtvis i h\u00f6g grad problemen. Om du har sv\u00e5rt att ta n\u00e5gra av dina mediciner p\u00e5 grund av biverkningar \u00e4r det viktigt att tala med din l\u00e4kare eller sjuksk\u00f6terska som kan hj\u00e4lpa dig. Sluta inte ta dina mediciner och justera inte dina doser p\u00e5 eget bev\u00e5g. Din l\u00e4kare kan hj\u00e4lpa dig att hitta en dos eller ett liknande l\u00e4kemedel som passar dig b\u00e4ttre. F\u00f6r m\u00e5nga patienter f\u00f6rsvinner de inledande biverkningarna av hj\u00e4rtsviktsl\u00e4kemedel snabbt eller f\u00f6rb\u00e4ttras efter en tid. D\u00e4rf\u00f6r \u00e4r det viktigt att forts\u00e4tta behandlingen och be din l\u00e4kare eller sjuksk\u00f6terska om hj\u00e4lp.<\/p>\n<p>En person med hj\u00e4rtsvikt beh\u00f6ver inte ta alla l\u00e4kemedel som finns. Vilka l\u00e4kemedel som \u00e4r r\u00e4tt f\u00f6r dig beror p\u00e5 dina symtom, din typ av hj\u00e4rtsvikt, din allm\u00e4nna h\u00e4lsa och din livsstil. L\u00e4karen kommer ocks\u00e5 att \u00f6verv\u00e4ga andra medicinska problem som du har som kan p\u00e5verka din behandling. Det \u00e4r dock mycket viktigt att du tar dina l\u00e4kemedel i enlighet med ditt recept, eftersom det ser till att medicinen fungerar f\u00f6r dig. F\u00f6r b\u00e4sta effekt m\u00e5ste vissa l\u00e4kemedel ges vid optimal dos, vilket vanligtvis inneb\u00e4r att doseringen av tabletter \u00f6kar med tiden. Detta kallas upptitrering, vilket inneb\u00e4r att medicindosen \u00f6kas gradvis. Testresultat fr\u00e5n blodtryck, hj\u00e4rtfrekvens och blod kan beh\u00f6va mer noggrann \u00f6vervakning under perioder d\u00e5 medicineringen \u00e4ndras: din l\u00e4kare eller sk\u00f6terska kommer att kunna ge dig r\u00e5d. Olika hj\u00e4rtsviktsl\u00e4kemedel fungerar p\u00e5 olika s\u00e4tt, s\u00e5 du kommer sannolikt att beh\u00f6va ta mer \u00e4n ett l\u00e4kemedel \u00e5t g\u00e5ngen. Det finns stark evidens f\u00f6r att en kombination av hj\u00e4rtsviktstabletter kan f\u00f6rb\u00e4ttra dina symtom, minska risken f\u00f6r att bli inlagd p\u00e5 sjukhus med hj\u00e4rtsvikt och hj\u00e4lpa dig leva l\u00e4ngre. Att g\u00f6ra en anteckning eller tabell kan hj\u00e4lpa dig att h\u00e5lla reda p\u00e5 saker och ting. Se den h\u00e4r webbplatsens hemsida f\u00f6r anv\u00e4ndbara verktyg.<\/p>\n<p>Klicka p\u00e5 n\u00e5gon av l\u00e4nkarna nedan f\u00f6r att l\u00e4ra dig mer om de olika grupperna av hj\u00e4rtsviktsl\u00e4kemedel som finns:<\/p>\n<p>Ladda ner det anv\u00e4ndbara verktyget \u201d<a href=\"\/wp-content\/uploads\/2021\/02\/Medicine_chart_EN.pdf\" target=\"_blank\" rel=\"noopener\">L\u00e4kemedelstabell<\/a>\u201d.<\/p>\n<h2>L\u00e4kemedelslista<\/h2>\n<ul>\n<li><a title=\"Diuretika\" href=\"https:\/\/www.heartfailurematters.org\/what-your-doctor-can-do\/diuretics\/\">Diuretika<\/a><\/li>\n<li><a title=\"ACE-h\u00e4mmare (angiotensinkonverterande enzym)\" href=\"https:\/\/www.heartfailurematters.org\/what-your-doctor-can-do\/ace-angiotensin-converting-enzyme-inhibitors\/\">ACE-h\u00e4mmare (angiotensinkonverterande enzym)<\/a><\/li>\n<li><a title=\"Arb (Angiotensin II-receptorblockerare)\" href=\"https:\/\/www.heartfailurematters.org\/what-your-doctor-can-do\/arbs-angiotensin-ii-receptor-blockers\/\">Arb (Angiotensin II-receptorblockerare)<\/a><\/li>\n<li><a href=\"https:\/\/www.heartfailurematters.org\/what-your-doctor-can-do\/angiotensin-receptor-neprilysin-inhibitor-arni-sacubitril-valsartan\/\">ARNI (angiotensinreceptor-neprilysinh\u00e4mmare)<\/a><\/li>\n<li><a title=\"Betablockerare\" href=\"https:\/\/www.heartfailurematters.org\/what-your-doctor-can-do\/beta-blockers\/\">Betablockerare<\/a><\/li>\n<li><a title=\"Aldosteronreceptorantagonister\" href=\"https:\/\/www.heartfailurematters.org\/what-your-doctor-can-do\/aldosterone-receptor-antagonists-or-mineralocorticoid-receptor-antagonist-mras\/\">Aldosteronreceptorantagonister<\/a><\/li>\n<li><a title=\"SGLT2 (Sodium Glucose Cotransporter 2) inhibitors\" href=\"https:\/\/www.heartfailurematters.org\/what-your-doctor-can-do\/sglt2-sodium-glucose-cotransporter-2-inhibitors\/\">SGLT2 (Sodium Glucose Cotransporter 2) inhibitors<\/a><\/li>\n<li><a title=\"Bih\u00e5leh\u00e4mmare\" href=\"https:\/\/www.heartfailurematters.org\/what-your-doctor-can-do\/sinus-node-inhibitors\/\">Bih\u00e5leh\u00e4mmare<\/a><\/li>\n<li><a title=\"Intraven\u00f6st j\u00e4rn\" href=\"https:\/\/www.heartfailurematters.org\/what-your-doctor-can-do\/iron-therapy-in-patients-with-heart-failure-and-iron-deficiency\/\">Intraven\u00f6st j\u00e4rn<\/a><\/li>\n<li><a title=\"SGC-stimulatorer\" href=\"https:\/\/www.heartfailurematters.org\/what-your-doctor-can-do\/sgc-stimulators\/\">SGC-stimulatorer<\/a><\/li>\n<li><a title=\"Vasodilatorer\" href=\"https:\/\/www.heartfailurematters.org\/what-your-doctor-can-do\/nitrates-vasodilators\/\">Nitrater\/vasodilatorer (k\u00e4rlvidgande l\u00e4kemedel)<\/a><\/li>\n<li><a title=\"Digitalispreparat\" href=\"https:\/\/www.heartfailurematters.org\/what-your-doctor-can-do\/digitalis\/\">Digitalis<\/a><\/li>\n<li><a title=\"Antikoagulantia (blodf\u00f6rtunningsmedel)\" href=\"https:\/\/www.heartfailurematters.org\/what-your-doctor-can-do\/anticoagulants-and-new-oral-anticoagulants\/\">Antikoagulantia, inklusive nya orala antikoagulantia (NOAC)<\/a><\/li>\n<li><a href=\"https:\/\/www.heartfailurematters.org\/what-your-doctor-can-do\/antiplatelet-treatment\/\">Trombocyth\u00e4mmare<\/a><\/li>\n<li><a title=\"Statiner\" href=\"https:\/\/www.heartfailurematters.org\/what-your-doctor-can-do\/statins\/\">Statiner<\/a><\/li>\n<li><a title=\"L\u00e4kemedel mot akut hj\u00e4rtsvikt\" href=\"https:\/\/www.heartfailurematters.org\/what-your-doctor-can-do\/medicines-for-acute-heart-failure\/\">L\u00e4kemedel mot akut hj\u00e4rtsvikt<\/a><\/li>\n<\/ul>\n<p>&nbsp;<\/p>\n<h2>R\u00e5d<\/h2>\n<ul>\n<li><a title=\"L\u00e4kemedelsdiagram\" href=\"https:\/\/www.heartfailurematters.org\/what-your-doctor-can-do\/medicine-chart\/\">L\u00e4kemedelsdiagram<\/a><\/li>\n<li><a title=\"Vikten av att ta dina mediciner\" href=\"https:\/\/www.heartfailurematters.org\/what-your-doctor-can-do\/the-importance-of-taking-your-medicines\/\">Vikten av att ta dina mediciner<\/a><\/li>\n<li><a title=\"Fr\u00e5gor att st\u00e4lla till din l\u00e4kare, apotekspersonal eller sjuksk\u00f6terska om dina l\u00e4kemedel\" href=\"https:\/\/www.heartfailurematters.org\/what-your-doctor-can-do\/questions-to-ask-your-doctor-pharmacist-or-nurse-about-your-medicines\/\">Fr\u00e5gor att st\u00e4lla till din l\u00e4kare, apotekspersonal eller sjuksk\u00f6terska om dina l\u00e4kemedel<\/a><\/li>\n<li><a title=\"Hur \u00e4r det med alternativa\/naturl\u00e4kemedel?\" href=\"https:\/\/www.heartfailurematters.org\/what-your-doctor-can-do\/what-about-alternative-or-natural-remedies\/\">Hur \u00e4r det med alternativa\/naturl\u00e4kemedel?<\/a><\/li>\n<\/ul>\n","protected":false},"excerpt":{"rendered":"<p>Nedan hittar du en guide till de olika l\u00e4kemedel f\u00f6r hj\u00e4rtsvikt som \u00e4r tillg\u00e4ngliga. De flesta patienter vill f\u00f6rst\u00e5 varf\u00f6r ett visst l\u00e4kemedel beh\u00f6ver tas, inklusive nytta och biverkningar, vilken dos och vid vilka tidpunkter. Det \u00e4r d\u00e4rf\u00f6r viktigt att tala med v\u00e5rdpersonal om eventuella funderingar eller fr\u00e5gor du har om dina hj\u00e4rtsviktsl\u00e4kemedel. De flesta [&hellip;]<\/p>\n","protected":false},"author":1,"featured_media":10874,"parent":2685,"menu_order":5,"comment_status":"open","ping_status":"closed","template":"","meta":{"_acf_changed":false,"footnotes":""},"categories":[150],"tags":[],"class_list":["post-2546","page","type-page","status-publish","has-post-thumbnail","hentry","category-what-can-your-doctor-do-sv"],"acf":[],"yoast_head":"<!-- This site is optimized with the Yoast SEO plugin v24.8.1 - https:\/\/yoast.com\/wordpress\/plugins\/seo\/ -->\n<title>L\u00e4kemedel vid hj\u00e4rtsvikt och initiala biverkningar<\/title>\n<meta name=\"description\" content=\"Vi tillhandah\u00e5ller en guide \u00f6ver de typer av l\u00e4kemedel som finns f\u00f6r hj\u00e4rtsvikt. Det \u00e4r viktigt att du talar med din l\u00e4kare om alla fr\u00e5gor eller problem du har.\" \/>\n<meta name=\"robots\" content=\"index, follow, max-snippet:-1, max-image-preview:large, max-video-preview:-1\" \/>\n<link rel=\"canonical\" href=\"https:\/\/www.heartfailurematters.org\/sv\/vad-din-lakare-eller-sjukskoterska-kan-gora\/lakemedel-vid-hjartsvikt\/\" \/>\n<meta property=\"og:locale\" content=\"sv_SE\" \/>\n<meta property=\"og:type\" content=\"article\" \/>\n<meta property=\"og:title\" content=\"L\u00e4kemedel vid hj\u00e4rtsvikt och initiala biverkningar\" \/>\n<meta property=\"og:description\" content=\"Vi tillhandah\u00e5ller en guide \u00f6ver de typer av l\u00e4kemedel som finns f\u00f6r hj\u00e4rtsvikt. Det \u00e4r viktigt att du talar med din l\u00e4kare om alla fr\u00e5gor eller problem du har.\" \/>\n<meta property=\"og:url\" content=\"https:\/\/www.heartfailurematters.org\/sv\/vad-din-lakare-eller-sjukskoterska-kan-gora\/lakemedel-vid-hjartsvikt\/\" \/>\n<meta property=\"og:site_name\" content=\"Heart Failure Matters\" \/>\n<meta property=\"article:publisher\" content=\"https:\/\/www.facebook.com\/heartfailurematters\" \/>\n<meta property=\"article:modified_time\" content=\"2026-02-10T13:20:07+00:00\" \/>\n<meta property=\"og:image\" content=\"https:\/\/www.heartfailurematters.org\/wp-content\/uploads\/2022\/03\/shutterstock_441673426-1-min.jpg\" \/>\n\t<meta property=\"og:image:width\" content=\"900\" \/>\n\t<meta property=\"og:image:height\" content=\"596\" \/>\n\t<meta property=\"og:image:type\" content=\"image\/jpeg\" \/>\n<meta name=\"twitter:card\" content=\"summary_large_image\" \/>\n<meta name=\"twitter:label1\" content=\"Ber\u00e4knad l\u00e4stid\" \/>\n\t<meta name=\"twitter:data1\" content=\"2 minuter\" \/>\n<script type=\"application\/ld+json\" class=\"yoast-schema-graph\">{\"@context\":\"https:\/\/schema.org\",\"@graph\":[{\"@type\":\"WebPage\",\"@id\":\"https:\/\/www.heartfailurematters.org\/sv\/vad-din-lakare-eller-sjukskoterska-kan-gora\/lakemedel-vid-hjartsvikt\/\",\"url\":\"https:\/\/www.heartfailurematters.org\/sv\/vad-din-lakare-eller-sjukskoterska-kan-gora\/lakemedel-vid-hjartsvikt\/\",\"name\":\"L\u00e4kemedel vid hj\u00e4rtsvikt och initiala biverkningar\",\"isPartOf\":{\"@id\":\"https:\/\/www.heartfailurematters.org\/sv\/#website\"},\"primaryImageOfPage\":{\"@id\":\"https:\/\/www.heartfailurematters.org\/sv\/vad-din-lakare-eller-sjukskoterska-kan-gora\/lakemedel-vid-hjartsvikt\/#primaryimage\"},\"image\":{\"@id\":\"https:\/\/www.heartfailurematters.org\/sv\/vad-din-lakare-eller-sjukskoterska-kan-gora\/lakemedel-vid-hjartsvikt\/#primaryimage\"},\"thumbnailUrl\":\"https:\/\/www.heartfailurematters.org\/wp-content\/uploads\/2022\/03\/shutterstock_441673426-1-min.jpg\",\"datePublished\":\"2021-01-27T22:12:16+00:00\",\"dateModified\":\"2026-02-10T13:20:07+00:00\",\"description\":\"Vi tillhandah\u00e5ller en guide \u00f6ver de typer av l\u00e4kemedel som finns f\u00f6r hj\u00e4rtsvikt. Det \u00e4r viktigt att du talar med din l\u00e4kare om alla fr\u00e5gor eller problem du har.\",\"breadcrumb\":{\"@id\":\"https:\/\/www.heartfailurematters.org\/sv\/vad-din-lakare-eller-sjukskoterska-kan-gora\/lakemedel-vid-hjartsvikt\/#breadcrumb\"},\"inLanguage\":\"sv-SE\",\"potentialAction\":[{\"@type\":\"ReadAction\",\"target\":[\"https:\/\/www.heartfailurematters.org\/sv\/vad-din-lakare-eller-sjukskoterska-kan-gora\/lakemedel-vid-hjartsvikt\/\"]}]},{\"@type\":\"ImageObject\",\"inLanguage\":\"sv-SE\",\"@id\":\"https:\/\/www.heartfailurematters.org\/sv\/vad-din-lakare-eller-sjukskoterska-kan-gora\/lakemedel-vid-hjartsvikt\/#primaryimage\",\"url\":\"https:\/\/www.heartfailurematters.org\/wp-content\/uploads\/2022\/03\/shutterstock_441673426-1-min.jpg\",\"contentUrl\":\"https:\/\/www.heartfailurematters.org\/wp-content\/uploads\/2022\/03\/shutterstock_441673426-1-min.jpg\",\"width\":900,\"height\":596},{\"@type\":\"BreadcrumbList\",\"@id\":\"https:\/\/www.heartfailurematters.org\/sv\/vad-din-lakare-eller-sjukskoterska-kan-gora\/lakemedel-vid-hjartsvikt\/#breadcrumb\",\"itemListElement\":[{\"@type\":\"ListItem\",\"position\":1,\"name\":\"Hem\",\"item\":\"https:\/\/www.heartfailurematters.org\/sv\/\"},{\"@type\":\"ListItem\",\"position\":2,\"name\":\"Vad din l\u00e4kare kan g\u00f6ra\",\"item\":\"https:\/\/www.heartfailurematters.org\/sv\/vad-din-lakare-eller-sjukskoterska-kan-gora\/\"},{\"@type\":\"ListItem\",\"position\":3,\"name\":\"L\u00e4kemedel vid hj\u00e4rtsvikt\"}]},{\"@type\":\"WebSite\",\"@id\":\"https:\/\/www.heartfailurematters.org\/sv\/#website\",\"url\":\"https:\/\/www.heartfailurematters.org\/sv\/\",\"name\":\"Heart Failure Matters\",\"description\":\"Practical information for patients, families and caregivers.\",\"publisher\":{\"@id\":\"https:\/\/www.heartfailurematters.org\/sv\/#organization\"},\"potentialAction\":[{\"@type\":\"SearchAction\",\"target\":{\"@type\":\"EntryPoint\",\"urlTemplate\":\"https:\/\/www.heartfailurematters.org\/sv\/?s={search_term_string}\"},\"query-input\":{\"@type\":\"PropertyValueSpecification\",\"valueRequired\":true,\"valueName\":\"search_term_string\"}}],\"inLanguage\":\"sv-SE\"},{\"@type\":\"Organization\",\"@id\":\"https:\/\/www.heartfailurematters.org\/sv\/#organization\",\"name\":\"Heart Failure Matters\",\"url\":\"https:\/\/www.heartfailurematters.org\/sv\/\",\"logo\":{\"@type\":\"ImageObject\",\"inLanguage\":\"sv-SE\",\"@id\":\"https:\/\/www.heartfailurematters.org\/sv\/#\/schema\/logo\/image\/\",\"url\":\"https:\/\/cdn-endpoint-hfm.azureedge.net\/heartfailurematters\/2024\/07\/hfm-logo1.jpg\",\"contentUrl\":\"https:\/\/cdn-endpoint-hfm.azureedge.net\/heartfailurematters\/2024\/07\/hfm-logo1.jpg\",\"width\":1280,\"height\":720,\"caption\":\"Heart Failure Matters\"},\"image\":{\"@id\":\"https:\/\/www.heartfailurematters.org\/sv\/#\/schema\/logo\/image\/\"},\"sameAs\":[\"https:\/\/www.facebook.com\/heartfailurematters\"]}]}<\/script>\n<!-- \/ Yoast SEO plugin. -->","yoast_head_json":{"title":"L\u00e4kemedel vid hj\u00e4rtsvikt och initiala biverkningar","description":"Vi tillhandah\u00e5ller en guide \u00f6ver de typer av l\u00e4kemedel som finns f\u00f6r hj\u00e4rtsvikt. Det \u00e4r viktigt att du talar med din l\u00e4kare om alla fr\u00e5gor eller problem du har.","robots":{"index":"index","follow":"follow","max-snippet":"max-snippet:-1","max-image-preview":"max-image-preview:large","max-video-preview":"max-video-preview:-1"},"canonical":"https:\/\/www.heartfailurematters.org\/sv\/vad-din-lakare-eller-sjukskoterska-kan-gora\/lakemedel-vid-hjartsvikt\/","og_locale":"sv_SE","og_type":"article","og_title":"L\u00e4kemedel vid hj\u00e4rtsvikt och initiala biverkningar","og_description":"Vi tillhandah\u00e5ller en guide \u00f6ver de typer av l\u00e4kemedel som finns f\u00f6r hj\u00e4rtsvikt. Det \u00e4r viktigt att du talar med din l\u00e4kare om alla fr\u00e5gor eller problem du har.","og_url":"https:\/\/www.heartfailurematters.org\/sv\/vad-din-lakare-eller-sjukskoterska-kan-gora\/lakemedel-vid-hjartsvikt\/","og_site_name":"Heart Failure Matters","article_publisher":"https:\/\/www.facebook.com\/heartfailurematters","article_modified_time":"2026-02-10T13:20:07+00:00","og_image":[{"width":900,"height":596,"url":"https:\/\/www.heartfailurematters.org\/wp-content\/uploads\/2022\/03\/shutterstock_441673426-1-min.jpg","type":"image\/jpeg"}],"twitter_card":"summary_large_image","twitter_misc":{"Ber\u00e4knad l\u00e4stid":"2 minuter"},"schema":{"@context":"https:\/\/schema.org","@graph":[{"@type":"WebPage","@id":"https:\/\/www.heartfailurematters.org\/sv\/vad-din-lakare-eller-sjukskoterska-kan-gora\/lakemedel-vid-hjartsvikt\/","url":"https:\/\/www.heartfailurematters.org\/sv\/vad-din-lakare-eller-sjukskoterska-kan-gora\/lakemedel-vid-hjartsvikt\/","name":"L\u00e4kemedel vid hj\u00e4rtsvikt och initiala biverkningar","isPartOf":{"@id":"https:\/\/www.heartfailurematters.org\/sv\/#website"},"primaryImageOfPage":{"@id":"https:\/\/www.heartfailurematters.org\/sv\/vad-din-lakare-eller-sjukskoterska-kan-gora\/lakemedel-vid-hjartsvikt\/#primaryimage"},"image":{"@id":"https:\/\/www.heartfailurematters.org\/sv\/vad-din-lakare-eller-sjukskoterska-kan-gora\/lakemedel-vid-hjartsvikt\/#primaryimage"},"thumbnailUrl":"https:\/\/www.heartfailurematters.org\/wp-content\/uploads\/2022\/03\/shutterstock_441673426-1-min.jpg","datePublished":"2021-01-27T22:12:16+00:00","dateModified":"2026-02-10T13:20:07+00:00","description":"Vi tillhandah\u00e5ller en guide \u00f6ver de typer av l\u00e4kemedel som finns f\u00f6r hj\u00e4rtsvikt. Det \u00e4r viktigt att du talar med din l\u00e4kare om alla fr\u00e5gor eller problem du har.","breadcrumb":{"@id":"https:\/\/www.heartfailurematters.org\/sv\/vad-din-lakare-eller-sjukskoterska-kan-gora\/lakemedel-vid-hjartsvikt\/#breadcrumb"},"inLanguage":"sv-SE","potentialAction":[{"@type":"ReadAction","target":["https:\/\/www.heartfailurematters.org\/sv\/vad-din-lakare-eller-sjukskoterska-kan-gora\/lakemedel-vid-hjartsvikt\/"]}]},{"@type":"ImageObject","inLanguage":"sv-SE","@id":"https:\/\/www.heartfailurematters.org\/sv\/vad-din-lakare-eller-sjukskoterska-kan-gora\/lakemedel-vid-hjartsvikt\/#primaryimage","url":"https:\/\/www.heartfailurematters.org\/wp-content\/uploads\/2022\/03\/shutterstock_441673426-1-min.jpg","contentUrl":"https:\/\/www.heartfailurematters.org\/wp-content\/uploads\/2022\/03\/shutterstock_441673426-1-min.jpg","width":900,"height":596},{"@type":"BreadcrumbList","@id":"https:\/\/www.heartfailurematters.org\/sv\/vad-din-lakare-eller-sjukskoterska-kan-gora\/lakemedel-vid-hjartsvikt\/#breadcrumb","itemListElement":[{"@type":"ListItem","position":1,"name":"Hem","item":"https:\/\/www.heartfailurematters.org\/sv\/"},{"@type":"ListItem","position":2,"name":"Vad din l\u00e4kare kan g\u00f6ra","item":"https:\/\/www.heartfailurematters.org\/sv\/vad-din-lakare-eller-sjukskoterska-kan-gora\/"},{"@type":"ListItem","position":3,"name":"L\u00e4kemedel vid hj\u00e4rtsvikt"}]},{"@type":"WebSite","@id":"https:\/\/www.heartfailurematters.org\/sv\/#website","url":"https:\/\/www.heartfailurematters.org\/sv\/","name":"Heart Failure Matters","description":"Practical information for patients, families and caregivers.","publisher":{"@id":"https:\/\/www.heartfailurematters.org\/sv\/#organization"},"potentialAction":[{"@type":"SearchAction","target":{"@type":"EntryPoint","urlTemplate":"https:\/\/www.heartfailurematters.org\/sv\/?s={search_term_string}"},"query-input":{"@type":"PropertyValueSpecification","valueRequired":true,"valueName":"search_term_string"}}],"inLanguage":"sv-SE"},{"@type":"Organization","@id":"https:\/\/www.heartfailurematters.org\/sv\/#organization","name":"Heart Failure Matters","url":"https:\/\/www.heartfailurematters.org\/sv\/","logo":{"@type":"ImageObject","inLanguage":"sv-SE","@id":"https:\/\/www.heartfailurematters.org\/sv\/#\/schema\/logo\/image\/","url":"https:\/\/cdn-endpoint-hfm.azureedge.net\/heartfailurematters\/2024\/07\/hfm-logo1.jpg","contentUrl":"https:\/\/cdn-endpoint-hfm.azureedge.net\/heartfailurematters\/2024\/07\/hfm-logo1.jpg","width":1280,"height":720,"caption":"Heart Failure Matters"},"image":{"@id":"https:\/\/www.heartfailurematters.org\/sv\/#\/schema\/logo\/image\/"},"sameAs":["https:\/\/www.facebook.com\/heartfailurematters"]}]}},"_links":{"self":[{"href":"https:\/\/www.heartfailurematters.org\/sv\/wp-json\/wp\/v2\/pages\/2546","targetHints":{"allow":["GET"]}}],"collection":[{"href":"https:\/\/www.heartfailurematters.org\/sv\/wp-json\/wp\/v2\/pages"}],"about":[{"href":"https:\/\/www.heartfailurematters.org\/sv\/wp-json\/wp\/v2\/types\/page"}],"author":[{"embeddable":true,"href":"https:\/\/www.heartfailurematters.org\/sv\/wp-json\/wp\/v2\/users\/1"}],"replies":[{"embeddable":true,"href":"https:\/\/www.heartfailurematters.org\/sv\/wp-json\/wp\/v2\/comments?post=2546"}],"version-history":[{"count":8,"href":"https:\/\/www.heartfailurematters.org\/sv\/wp-json\/wp\/v2\/pages\/2546\/revisions"}],"predecessor-version":[{"id":13964,"href":"https:\/\/www.heartfailurematters.org\/sv\/wp-json\/wp\/v2\/pages\/2546\/revisions\/13964"}],"up":[{"embeddable":true,"href":"https:\/\/www.heartfailurematters.org\/sv\/wp-json\/wp\/v2\/pages\/2685"}],"wp:featuredmedia":[{"embeddable":true,"href":"https:\/\/www.heartfailurematters.org\/sv\/wp-json\/wp\/v2\/media\/10874"}],"wp:attachment":[{"href":"https:\/\/www.heartfailurematters.org\/sv\/wp-json\/wp\/v2\/media?parent=2546"}],"wp:term":[{"taxonomy":"category","embeddable":true,"href":"https:\/\/www.heartfailurematters.org\/sv\/wp-json\/wp\/v2\/categories?post=2546"},{"taxonomy":"post_tag","embeddable":true,"href":"https:\/\/www.heartfailurematters.org\/sv\/wp-json\/wp\/v2\/tags?post=2546"}],"curies":[{"name":"wp","href":"https:\/\/api.w.org\/{rel}","templated":true}]}}