{"id":2543,"date":"2021-01-27T22:12:09","date_gmt":"2021-01-27T22:12:09","guid":{"rendered":"http:\/\/heartfailurematters.local:8888\/onormal-hjartrytm\/"},"modified":"2021-06-25T17:24:35","modified_gmt":"2021-06-25T16:24:35","slug":"onormal-hjartrytm","status":"publish","type":"page","link":"https:\/\/www.heartfailurematters.org\/sv\/orsaker-till-hjartsvikt-och-andra-vanliga-medicinska-tillstand\/onormal-hjartrytm\/","title":{"rendered":"Onormal hj\u00e4rtrytm\/ f\u00f6rmaksflimmer"},"content":{"rendered":"<p>En f\u00f6r\u00e4ndring av hj\u00e4rtats rytm kan f\u00e5 hj\u00e4rtat att sl\u00e5 antingen f\u00f6r snabbt eller f\u00f6r l\u00e5ngsamt eller oregelbundet. Det kan p\u00e5verka ditt hj\u00e4rtats f\u00f6rm\u00e5ga att pumpa tillr\u00e4ckligt med blod f\u00f6r att tillgodose kroppens behov. Om det p\u00e5g\u00e5r l\u00e4nge, kan det resultera i hj\u00e4rtsvikt.<\/p>\n<p>De flesta onormala hj\u00e4rtrytmer kan behandlas med l\u00e4kemedel. I allvarligare fall kan du beh\u00f6va en pacemaker, radiofrekvensablation eller kirurgi. Om du har n\u00e5gra fr\u00e5gor om din hj\u00e4rtrytm b\u00f6r du ta upp dem med din l\u00e4kare.<\/p>\n<h2>Vad \u00e4r f\u00f6rmaksflimmer?<\/h2>\n<p><strong>F\u00f6rmaksflimmer (AF)<\/strong> \u00e4r den vanligaste formen av onormal hj\u00e4rtrytm eller hj\u00e4rtarytmin. F\u00f6rmaksflimmer f\u00f6rekommer ofta med hj\u00e4rtsvikt. F\u00f6rmaksflimmer uppst\u00e5r n\u00e4r den elektriska aktiveringen i hj\u00e4rtats \u00f6vre kamrar, \u00e4ven kallade f\u00f6rmak, \u00e4r okoordinerade, vilket leder till en ineffektiv f\u00f6rmakssammandragning. Det k\u00e4nnetecknas av en oregelbunden hj\u00e4rtfrekvens, som kan vara mycket snabb, och diagnostiseras efter EKG-analys.<\/p>\n<p>Dessa arytmiepisoder kan upptr\u00e4da och sedan upph\u00f6ra spontant (s.k. paroxysmalt f\u00f6rmaksflimmer) eller vara kontinuerliga (s.k. ih\u00e5llande eller permanent f\u00f6rmaksflimmer). Faktorer som bidrar till utvecklingen av f\u00f6rmaksflimmer inbegriper h\u00f6g \u00e5lder, hypertoni, diabetes, r\u00f6kning, alkoholkonsumtion, hj\u00e4rtsvikt, kransk\u00e4rlssjukdom, kronisk njursjukdom, fetma och obstruktiv s\u00f6mnapn\u00e9.<\/p>\n<p><strong>Konsekvenser:<\/strong> Vissa patienter har tydliga symtom p\u00e5 f\u00f6rmaksflimmer, medan andra kanske inte k\u00e4nner av det alls. Symtomen \u00e4r hj\u00e4rtklappning, andf\u00e5ddhet, utmattning, br\u00f6stsm\u00e4rtor, d\u00e5lig tr\u00e4ningstolerans, yrsel eller sv\u00e5rare symtom.<br \/>\nDe tv\u00e5 st\u00f6rsta riskerna med denna vanliga rytmst\u00f6rning \u00e4r utveckling eller f\u00f6rs\u00e4mring av hj\u00e4rtsvikt och stroke.<br \/>\nVid f\u00f6rmaksflimmer har f\u00f6rmakskamrarna f\u00f6rs\u00e4mrad sammandragningsf\u00f6rm\u00e5ga. Denna f\u00f6rlust av normala sammandragningar av f\u00f6rmak och kammare kan f\u00f6rs\u00e4mra hj\u00e4rtats pumpfunktion och \u00f6ka hj\u00e4rtsviktssymtomen. Dessutom kan blodstagnation i f\u00f6rmaken leda till bildning av blodproppar. Men framf\u00f6rallt, om dessa sm\u00e5 proppar kommer ut i blodomloppet kan det leda till stroke.<\/p>\n<p><strong>Hantering av f\u00f6rmaksflimmer:<\/strong> Behandlingen av f\u00f6rmaksflimmer skr\u00e4ddarsys f\u00f6r varje enskild patienten av ett team som kan best\u00e5 av en kardiolog, allm\u00e4nl\u00e4kare och sjuksk\u00f6terska. En psykolog, dietist och farmaceut kan ocks\u00e5 vara en del av behandlingsteamet.<br \/>\nBehandlingen av denna form av arytmi kan delas in i tre huvudomr\u00e5den:<\/p>\n<ul>\n<li style=\"list-style-type: none;\">\n<ul>\n<li><strong>Antikoagulationsbehandling<\/strong><br \/>\nRiskbed\u00f6mningar f\u00f6r stroke och bl\u00f6dning \u00e4r olika f\u00f6r varje patient. Beroende p\u00e5 dessa aspekter kan antikoagulationsbehandling (blodf\u00f6rtunnande behandling) f\u00f6resl\u00e5s.<\/li>\n<li><strong>Symtomkontroll, inklusive kontroll av hj\u00e4rtfrekvens eller hj\u00e4rtrytm<\/strong><br \/>\nBeroende p\u00e5 patienten kan m\u00e5nga olika strategier f\u00f6r att kontrollera hj\u00e4rtrytmen f\u00f6resl\u00e5s.<br \/>\nDet kan till exempel handla om l\u00e4kemedel f\u00f6r att sakta ner hj\u00e4rtat, elkonvertering (en elektrisk st\u00f6t mot hj\u00e4rtat under narkos) f\u00f6r att \u00e5terst\u00e4lla till normal hj\u00e4rtrytm, eller ablation av hj\u00e4rtat (br\u00e4nning eller frysning av ett visst omr\u00e5de som orsakar arytmin).<\/li>\n<li><strong>Hantering av kardiovaskul\u00e4ra riskfaktorer:<\/strong><br \/>\nDet kan vara n\u00f6dv\u00e4ndigt att \u00e4ndra livsstil, genom att till exempel sluta r\u00f6ka, minska alkoholkonsumtionen, \u00e4ndra kosten och \u00f6ka aktivitets-\/motionsniv\u00e5n. En viktig komponent i en framg\u00e5ngsrik hantering av f\u00f6rmaksflimmer \u00e4r att patienten deltar aktivt i sin behandling.<\/li>\n<\/ul>\n<\/li>\n<\/ul>\n<p>&nbsp;<\/p>\n<p><strong>Vad g\u00f6r den?<\/strong> Episoder med hj\u00e4rtklappning, antingen supraventrikul\u00e4ra fr\u00e5n hj\u00e4rtat f\u00f6rmak eller ventrikul\u00e4ra arytmier fr\u00e5n hj\u00e4rtats kamrar, \u00e4r ganska vanligt och \u00e4r ofta f\u00f6rknippat med f\u00f6rsv\u00e5rade symtom som kan kr\u00e4va sjukhusv\u00e5rd. Den medicinska behandlingen f\u00f6r hj\u00e4rtsvikt minskar risken f\u00f6r s\u00e5dana komplikationer i form av hj\u00e4rtrytmrubbningar, men misslyckas ofta med att eliminera dem. N\u00e4r risken f\u00f6r rytmrubbningar fr\u00e5n hj\u00e4rtkamrarna \u00e4r h\u00f6g, kan en implanterbar hj\u00e4rtdefibrillator (ICD) opereras in f\u00f6r behandling av dessa allvarliga arytmier som kan leda till f\u00f6rs\u00e4mring av symtom eller pl\u00f6tslig d\u00f6d.<\/p>\n<p>En kateter \u00e4r en l\u00e5ng tunn slang eller tr\u00e5d som kan inf\u00f6ras i en ven och f\u00f6ras upp till hj\u00e4rtat. Kateterablation \u00e4r f\u00f6r n\u00e4rvarande den mest effektiva behandlingen f\u00f6r att minska hj\u00e4rtrytmrubbningar. Vid hj\u00e4rtsvikt kan f\u00f6r\u00e4ndringar inom hj\u00e4rtcellerna \u00e4ndra m\u00f6nstret f\u00f6r elektriska signaler som genererar hj\u00e4rtslag (elektrisk aktivering). Vissa delar av hj\u00e4rtat kan allts\u00e5 aktiveras spontant (prematur kontraktion) eller bli en del av en elektrisk slinga eller \u00e5terintr\u00e4dessystem som kan leda till en ih\u00e5llande snabb puls. Kateterablation syftar till att skapa ytliga \u00e4rr i hj\u00e4rtats elektriska ledningssystem f\u00f6r att eliminera det omr\u00e5de som utl\u00f6ser hj\u00e4rtrytmrubbningen med hj\u00e4lp av en radiofrekvenskateter eller en kryoballong som applicerar kyla. P\u00e5 liknande s\u00e4tt kan kateterablation vara effektivt vid eliminering eller minskning av frekvensen av f\u00f6rmaksflimmer.<\/p>\n<p><strong>Kateterablation anv\u00e4nds huvudsakligen av tv\u00e5 sk\u00e4l:<\/strong><\/p>\n<ol>\n<li>F\u00f6r att minska episoder av snabb hj\u00e4rtklappning som framkallats av supraventrikul\u00e4ra (f\u00f6rmaksfladder, f\u00f6rmaksflimmer) eller ventrikul\u00e4ra arytmier.<\/li>\n<li>F\u00f6r att minska risken f\u00f6r pl\u00f6tslig hj\u00e4rtd\u00f6d (kammartakykardi, ventrikelflimmer).<br \/>\nKateterablation har anv\u00e4nts i flera decennier och har visat sig minska hj\u00e4rtrytmrubbningar effektivt och f\u00f6rb\u00e4ttra hj\u00e4rtfunktionen i vissa fall.<\/li>\n<\/ol>\n<p><strong>Kateterablation innefattar tre enheter:<\/strong><\/p>\n<ol>\n<li>En diagnostisk kateter f\u00f6r att lokalisera de elektriska signalerna och kartl\u00e4gga ett ledningsm\u00f6nster.<\/li>\n<li>En ablationskateter f\u00f6r att generera \u00e4rr, med olika typer av energi (radiofrekvens, kryoterapi).<\/li>\n<li>Ett system f\u00f6r att lokalisera kateterns position i hj\u00e4rtat (fluoroskopi eller tredimensionella system).<\/li>\n<\/ol>\n<p><strong>Hur g\u00e5r det till?<\/strong> Katetern f\u00f6rs in i hj\u00e4rtat genom att sticka in en liten n\u00e5l i venen under lokalbed\u00f6vning, vanligtvis i ljumsken. Under den f\u00f6rsta delen av ingreppet unders\u00f6ks och lokaliseras ursprunget till hj\u00e4rtrytmrubbningen. Kateterablation, som d\u00e4refter g\u00f6rs i samma ingrepp kr\u00e4ver vanligtvis en l\u00e4tt narkos eller bed\u00f6vning och lugnande medicinering. Energi tillf\u00f6rs f\u00f6r att skapa sm\u00e5 \u00e4rr i l\u00e4mpliga omr\u00e5den av hj\u00e4rtats elektriska ledningssystem. F\u00f6r att se hur framg\u00e5ngsrikt ingreppet varit g\u00f6rs regelbundna tester f\u00f6r att s\u00e4kerst\u00e4lla att den onormala elektriska \u00f6verf\u00f6ringen inte kan utl\u00f6sas igen, vilket anger att behandlingen \u00e4r slutf\u00f6rd.<\/p>\n<p><strong>Efter ingreppet<\/strong> Efter ingreppet f\u00e5r du stanna kvar p\u00e5 en hj\u00e4rtavdelning i ett till tv\u00e5 dygn f\u00f6r att \u00f6vervaka hj\u00e4rtat och s\u00e4kerst\u00e4lla att eventuell arytmi inte upprepas. Beroende p\u00e5 typ av hj\u00e4rtrytmrubbning och ingrepp kommer du sannolikt att rekommenderas att vila n\u00e5gra dagar efter hemresan.<br \/>\nS\u00e4llsynta, men m\u00f6jliga, biverkningar kan omfatta bl\u00f6dning, behov av hj\u00e4rtoperation, emboli (blodpropp), hj\u00e4rtrytmrubbningar eller skador p\u00e5 det elektriska ledningssystemet som kr\u00e4ver pacemaker.<br \/>\n\u00c5terfall av hj\u00e4rtrytmrubbningen kan uppst\u00e5 inom de f\u00f6rsta m\u00e5naderna p\u00e5 grund av vissa f\u00f6r\u00e4ndringar under l\u00e4kningsprocessen. Ingreppet med kateterablation kan utf\u00f6ras flera g\u00e5nger f\u00f6r att behandla \u00e5terfall eller om andra hj\u00e4rtrytmrubbningar utvecklas.<\/p>\n<p><a title=\"G\u00e5 tillbaka till \"Vanliga hj\u00e4rtfel\"\" href=\"https:\/\/www.heartfailurematters.org\/heart-failure-causes-and-other-common-medical-conditions\/common-heart-conditions\/\">G\u00e5 tillbaka till &#8221;Vanliga hj\u00e4rtfel&#8221;<\/a><\/p>\n","protected":false},"excerpt":{"rendered":"<p>En f\u00f6r\u00e4ndring av hj\u00e4rtats rytm kan f\u00e5 hj\u00e4rtat att sl\u00e5 antingen f\u00f6r snabbt eller f\u00f6r l\u00e5ngsamt eller oregelbundet. Det kan p\u00e5verka ditt hj\u00e4rtats f\u00f6rm\u00e5ga att pumpa tillr\u00e4ckligt med blod f\u00f6r att tillgodose kroppens behov. Om det p\u00e5g\u00e5r l\u00e4nge, kan det resultera i hj\u00e4rtsvikt. De flesta onormala hj\u00e4rtrytmer kan behandlas med l\u00e4kemedel. I allvarligare fall kan [&hellip;]<\/p>\n","protected":false},"author":1,"featured_media":10569,"parent":8051,"menu_order":6,"comment_status":"open","ping_status":"open","template":"","meta":{"_acf_changed":false,"footnotes":""},"categories":[],"tags":[],"class_list":["post-2543","page","type-page","status-publish","has-post-thumbnail","hentry"],"acf":[],"yoast_head":"<!-- This site is optimized with the Yoast SEO plugin v24.8.1 - https:\/\/yoast.com\/wordpress\/plugins\/seo\/ -->\n<title>Onormal hj\u00e4rtrytm\/ f\u00f6rmaksflimmer<\/title>\n<meta name=\"description\" content=\"En f\u00f6r\u00e4ndring av hj\u00e4rtats rytm kan f\u00e5 hj\u00e4rtat att sl\u00e5 antingen f\u00f6r snabbt eller f\u00f6r l\u00e5ngsamt eller oregelbundet. Det kan p\u00e5verka ditt hj\u00e4rtats f\u00f6rm\u00e5ga att pumpa blod.\" \/>\n<meta name=\"robots\" content=\"index, follow, max-snippet:-1, max-image-preview:large, max-video-preview:-1\" \/>\n<link rel=\"canonical\" href=\"https:\/\/www.heartfailurematters.org\/sv\/orsaker-till-hjartsvikt-och-andra-vanliga-medicinska-tillstand\/onormal-hjartrytm\/\" \/>\n<meta property=\"og:locale\" content=\"sv_SE\" \/>\n<meta property=\"og:type\" content=\"article\" \/>\n<meta property=\"og:title\" content=\"Onormal hj\u00e4rtrytm\/ f\u00f6rmaksflimmer\" \/>\n<meta property=\"og:description\" content=\"En f\u00f6r\u00e4ndring av hj\u00e4rtats rytm kan f\u00e5 hj\u00e4rtat att sl\u00e5 antingen f\u00f6r snabbt eller f\u00f6r l\u00e5ngsamt eller oregelbundet. Det kan p\u00e5verka ditt hj\u00e4rtats f\u00f6rm\u00e5ga att pumpa blod.\" \/>\n<meta property=\"og:url\" content=\"https:\/\/www.heartfailurematters.org\/sv\/orsaker-till-hjartsvikt-och-andra-vanliga-medicinska-tillstand\/onormal-hjartrytm\/\" \/>\n<meta property=\"og:site_name\" content=\"Heart Failure Matters\" \/>\n<meta property=\"article:publisher\" content=\"https:\/\/www.facebook.com\/heartfailurematters\" \/>\n<meta property=\"article:modified_time\" content=\"2021-06-25T16:24:35+00:00\" \/>\n<meta property=\"og:image\" content=\"https:\/\/www.heartfailurematters.org\/wp-content\/uploads\/2022\/02\/shutterstock_1401929189-1-min.jpg?_t=1773217661\" \/>\n\t<meta property=\"og:image:width\" content=\"900\" \/>\n\t<meta property=\"og:image:height\" content=\"600\" \/>\n\t<meta property=\"og:image:type\" content=\"image\/jpeg\" \/>\n<meta name=\"twitter:card\" content=\"summary_large_image\" \/>\n<meta name=\"twitter:label1\" content=\"Ber\u00e4knad l\u00e4stid\" \/>\n\t<meta name=\"twitter:data1\" content=\"6 minuter\" \/>\n<script type=\"application\/ld+json\" class=\"yoast-schema-graph\">{\"@context\":\"https:\/\/schema.org\",\"@graph\":[{\"@type\":\"WebPage\",\"@id\":\"https:\/\/www.heartfailurematters.org\/sv\/orsaker-till-hjartsvikt-och-andra-vanliga-medicinska-tillstand\/onormal-hjartrytm\/\",\"url\":\"https:\/\/www.heartfailurematters.org\/sv\/orsaker-till-hjartsvikt-och-andra-vanliga-medicinska-tillstand\/onormal-hjartrytm\/\",\"name\":\"Onormal hj\u00e4rtrytm\/ f\u00f6rmaksflimmer\",\"isPartOf\":{\"@id\":\"https:\/\/www.heartfailurematters.org\/sv\/#website\"},\"primaryImageOfPage\":{\"@id\":\"https:\/\/www.heartfailurematters.org\/sv\/orsaker-till-hjartsvikt-och-andra-vanliga-medicinska-tillstand\/onormal-hjartrytm\/#primaryimage\"},\"image\":{\"@id\":\"https:\/\/www.heartfailurematters.org\/sv\/orsaker-till-hjartsvikt-och-andra-vanliga-medicinska-tillstand\/onormal-hjartrytm\/#primaryimage\"},\"thumbnailUrl\":\"https:\/\/www.heartfailurematters.org\/wp-content\/uploads\/2022\/02\/shutterstock_1401929189-1-min.jpg\",\"datePublished\":\"2021-01-27T22:12:09+00:00\",\"dateModified\":\"2021-06-25T16:24:35+00:00\",\"description\":\"En f\u00f6r\u00e4ndring av hj\u00e4rtats rytm kan f\u00e5 hj\u00e4rtat att sl\u00e5 antingen f\u00f6r snabbt eller f\u00f6r l\u00e5ngsamt eller oregelbundet. Det kan p\u00e5verka ditt hj\u00e4rtats f\u00f6rm\u00e5ga att pumpa blod.\",\"breadcrumb\":{\"@id\":\"https:\/\/www.heartfailurematters.org\/sv\/orsaker-till-hjartsvikt-och-andra-vanliga-medicinska-tillstand\/onormal-hjartrytm\/#breadcrumb\"},\"inLanguage\":\"sv-SE\",\"potentialAction\":[{\"@type\":\"ReadAction\",\"target\":[\"https:\/\/www.heartfailurematters.org\/sv\/orsaker-till-hjartsvikt-och-andra-vanliga-medicinska-tillstand\/onormal-hjartrytm\/\"]}]},{\"@type\":\"ImageObject\",\"inLanguage\":\"sv-SE\",\"@id\":\"https:\/\/www.heartfailurematters.org\/sv\/orsaker-till-hjartsvikt-och-andra-vanliga-medicinska-tillstand\/onormal-hjartrytm\/#primaryimage\",\"url\":\"https:\/\/www.heartfailurematters.org\/wp-content\/uploads\/2022\/02\/shutterstock_1401929189-1-min.jpg\",\"contentUrl\":\"https:\/\/www.heartfailurematters.org\/wp-content\/uploads\/2022\/02\/shutterstock_1401929189-1-min.jpg\",\"width\":900,\"height\":600},{\"@type\":\"BreadcrumbList\",\"@id\":\"https:\/\/www.heartfailurematters.org\/sv\/orsaker-till-hjartsvikt-och-andra-vanliga-medicinska-tillstand\/onormal-hjartrytm\/#breadcrumb\",\"itemListElement\":[{\"@type\":\"ListItem\",\"position\":1,\"name\":\"Hem\",\"item\":\"https:\/\/www.heartfailurematters.org\/sv\/\"},{\"@type\":\"ListItem\",\"position\":2,\"name\":\"Orsaker till hj\u00e4rtsvikt och andra vanliga medicinska tillst\u00e5nd\",\"item\":\"https:\/\/www.heartfailurematters.org\/sv\/orsaker-till-hjartsvikt-och-andra-vanliga-medicinska-tillstand\/\"},{\"@type\":\"ListItem\",\"position\":3,\"name\":\"Onormal hj\u00e4rtrytm\/ f\u00f6rmaksflimmer\"}]},{\"@type\":\"WebSite\",\"@id\":\"https:\/\/www.heartfailurematters.org\/sv\/#website\",\"url\":\"https:\/\/www.heartfailurematters.org\/sv\/\",\"name\":\"Heart Failure Matters\",\"description\":\"Practical information for patients, families and caregivers.\",\"publisher\":{\"@id\":\"https:\/\/www.heartfailurematters.org\/sv\/#organization\"},\"potentialAction\":[{\"@type\":\"SearchAction\",\"target\":{\"@type\":\"EntryPoint\",\"urlTemplate\":\"https:\/\/www.heartfailurematters.org\/sv\/?s={search_term_string}\"},\"query-input\":{\"@type\":\"PropertyValueSpecification\",\"valueRequired\":true,\"valueName\":\"search_term_string\"}}],\"inLanguage\":\"sv-SE\"},{\"@type\":\"Organization\",\"@id\":\"https:\/\/www.heartfailurematters.org\/sv\/#organization\",\"name\":\"Heart Failure Matters\",\"url\":\"https:\/\/www.heartfailurematters.org\/sv\/\",\"logo\":{\"@type\":\"ImageObject\",\"inLanguage\":\"sv-SE\",\"@id\":\"https:\/\/www.heartfailurematters.org\/sv\/#\/schema\/logo\/image\/\",\"url\":\"https:\/\/cdn-endpoint-hfm.azureedge.net\/heartfailurematters\/2024\/07\/hfm-logo1.jpg\",\"contentUrl\":\"https:\/\/cdn-endpoint-hfm.azureedge.net\/heartfailurematters\/2024\/07\/hfm-logo1.jpg\",\"width\":1280,\"height\":720,\"caption\":\"Heart Failure Matters\"},\"image\":{\"@id\":\"https:\/\/www.heartfailurematters.org\/sv\/#\/schema\/logo\/image\/\"},\"sameAs\":[\"https:\/\/www.facebook.com\/heartfailurematters\"]}]}<\/script>\n<!-- \/ Yoast SEO plugin. -->","yoast_head_json":{"title":"Onormal hj\u00e4rtrytm\/ f\u00f6rmaksflimmer","description":"En f\u00f6r\u00e4ndring av hj\u00e4rtats rytm kan f\u00e5 hj\u00e4rtat att sl\u00e5 antingen f\u00f6r snabbt eller f\u00f6r l\u00e5ngsamt eller oregelbundet. Det kan p\u00e5verka ditt hj\u00e4rtats f\u00f6rm\u00e5ga att pumpa blod.","robots":{"index":"index","follow":"follow","max-snippet":"max-snippet:-1","max-image-preview":"max-image-preview:large","max-video-preview":"max-video-preview:-1"},"canonical":"https:\/\/www.heartfailurematters.org\/sv\/orsaker-till-hjartsvikt-och-andra-vanliga-medicinska-tillstand\/onormal-hjartrytm\/","og_locale":"sv_SE","og_type":"article","og_title":"Onormal hj\u00e4rtrytm\/ f\u00f6rmaksflimmer","og_description":"En f\u00f6r\u00e4ndring av hj\u00e4rtats rytm kan f\u00e5 hj\u00e4rtat att sl\u00e5 antingen f\u00f6r snabbt eller f\u00f6r l\u00e5ngsamt eller oregelbundet. Det kan p\u00e5verka ditt hj\u00e4rtats f\u00f6rm\u00e5ga att pumpa blod.","og_url":"https:\/\/www.heartfailurematters.org\/sv\/orsaker-till-hjartsvikt-och-andra-vanliga-medicinska-tillstand\/onormal-hjartrytm\/","og_site_name":"Heart Failure Matters","article_publisher":"https:\/\/www.facebook.com\/heartfailurematters","article_modified_time":"2021-06-25T16:24:35+00:00","og_image":[{"width":900,"height":600,"url":"https:\/\/www.heartfailurematters.org\/wp-content\/uploads\/2022\/02\/shutterstock_1401929189-1-min.jpg?_t=1773217661","type":"image\/jpeg"}],"twitter_card":"summary_large_image","twitter_misc":{"Ber\u00e4knad l\u00e4stid":"6 minuter"},"schema":{"@context":"https:\/\/schema.org","@graph":[{"@type":"WebPage","@id":"https:\/\/www.heartfailurematters.org\/sv\/orsaker-till-hjartsvikt-och-andra-vanliga-medicinska-tillstand\/onormal-hjartrytm\/","url":"https:\/\/www.heartfailurematters.org\/sv\/orsaker-till-hjartsvikt-och-andra-vanliga-medicinska-tillstand\/onormal-hjartrytm\/","name":"Onormal hj\u00e4rtrytm\/ f\u00f6rmaksflimmer","isPartOf":{"@id":"https:\/\/www.heartfailurematters.org\/sv\/#website"},"primaryImageOfPage":{"@id":"https:\/\/www.heartfailurematters.org\/sv\/orsaker-till-hjartsvikt-och-andra-vanliga-medicinska-tillstand\/onormal-hjartrytm\/#primaryimage"},"image":{"@id":"https:\/\/www.heartfailurematters.org\/sv\/orsaker-till-hjartsvikt-och-andra-vanliga-medicinska-tillstand\/onormal-hjartrytm\/#primaryimage"},"thumbnailUrl":"https:\/\/www.heartfailurematters.org\/wp-content\/uploads\/2022\/02\/shutterstock_1401929189-1-min.jpg","datePublished":"2021-01-27T22:12:09+00:00","dateModified":"2021-06-25T16:24:35+00:00","description":"En f\u00f6r\u00e4ndring av hj\u00e4rtats rytm kan f\u00e5 hj\u00e4rtat att sl\u00e5 antingen f\u00f6r snabbt eller f\u00f6r l\u00e5ngsamt eller oregelbundet. Det kan p\u00e5verka ditt hj\u00e4rtats f\u00f6rm\u00e5ga att pumpa blod.","breadcrumb":{"@id":"https:\/\/www.heartfailurematters.org\/sv\/orsaker-till-hjartsvikt-och-andra-vanliga-medicinska-tillstand\/onormal-hjartrytm\/#breadcrumb"},"inLanguage":"sv-SE","potentialAction":[{"@type":"ReadAction","target":["https:\/\/www.heartfailurematters.org\/sv\/orsaker-till-hjartsvikt-och-andra-vanliga-medicinska-tillstand\/onormal-hjartrytm\/"]}]},{"@type":"ImageObject","inLanguage":"sv-SE","@id":"https:\/\/www.heartfailurematters.org\/sv\/orsaker-till-hjartsvikt-och-andra-vanliga-medicinska-tillstand\/onormal-hjartrytm\/#primaryimage","url":"https:\/\/www.heartfailurematters.org\/wp-content\/uploads\/2022\/02\/shutterstock_1401929189-1-min.jpg","contentUrl":"https:\/\/www.heartfailurematters.org\/wp-content\/uploads\/2022\/02\/shutterstock_1401929189-1-min.jpg","width":900,"height":600},{"@type":"BreadcrumbList","@id":"https:\/\/www.heartfailurematters.org\/sv\/orsaker-till-hjartsvikt-och-andra-vanliga-medicinska-tillstand\/onormal-hjartrytm\/#breadcrumb","itemListElement":[{"@type":"ListItem","position":1,"name":"Hem","item":"https:\/\/www.heartfailurematters.org\/sv\/"},{"@type":"ListItem","position":2,"name":"Orsaker till hj\u00e4rtsvikt och andra vanliga medicinska tillst\u00e5nd","item":"https:\/\/www.heartfailurematters.org\/sv\/orsaker-till-hjartsvikt-och-andra-vanliga-medicinska-tillstand\/"},{"@type":"ListItem","position":3,"name":"Onormal hj\u00e4rtrytm\/ f\u00f6rmaksflimmer"}]},{"@type":"WebSite","@id":"https:\/\/www.heartfailurematters.org\/sv\/#website","url":"https:\/\/www.heartfailurematters.org\/sv\/","name":"Heart Failure Matters","description":"Practical information for patients, families and caregivers.","publisher":{"@id":"https:\/\/www.heartfailurematters.org\/sv\/#organization"},"potentialAction":[{"@type":"SearchAction","target":{"@type":"EntryPoint","urlTemplate":"https:\/\/www.heartfailurematters.org\/sv\/?s={search_term_string}"},"query-input":{"@type":"PropertyValueSpecification","valueRequired":true,"valueName":"search_term_string"}}],"inLanguage":"sv-SE"},{"@type":"Organization","@id":"https:\/\/www.heartfailurematters.org\/sv\/#organization","name":"Heart Failure Matters","url":"https:\/\/www.heartfailurematters.org\/sv\/","logo":{"@type":"ImageObject","inLanguage":"sv-SE","@id":"https:\/\/www.heartfailurematters.org\/sv\/#\/schema\/logo\/image\/","url":"https:\/\/cdn-endpoint-hfm.azureedge.net\/heartfailurematters\/2024\/07\/hfm-logo1.jpg","contentUrl":"https:\/\/cdn-endpoint-hfm.azureedge.net\/heartfailurematters\/2024\/07\/hfm-logo1.jpg","width":1280,"height":720,"caption":"Heart Failure Matters"},"image":{"@id":"https:\/\/www.heartfailurematters.org\/sv\/#\/schema\/logo\/image\/"},"sameAs":["https:\/\/www.facebook.com\/heartfailurematters"]}]}},"_links":{"self":[{"href":"https:\/\/www.heartfailurematters.org\/sv\/wp-json\/wp\/v2\/pages\/2543","targetHints":{"allow":["GET"]}}],"collection":[{"href":"https:\/\/www.heartfailurematters.org\/sv\/wp-json\/wp\/v2\/pages"}],"about":[{"href":"https:\/\/www.heartfailurematters.org\/sv\/wp-json\/wp\/v2\/types\/page"}],"author":[{"embeddable":true,"href":"https:\/\/www.heartfailurematters.org\/sv\/wp-json\/wp\/v2\/users\/1"}],"replies":[{"embeddable":true,"href":"https:\/\/www.heartfailurematters.org\/sv\/wp-json\/wp\/v2\/comments?post=2543"}],"version-history":[{"count":2,"href":"https:\/\/www.heartfailurematters.org\/sv\/wp-json\/wp\/v2\/pages\/2543\/revisions"}],"predecessor-version":[{"id":9199,"href":"https:\/\/www.heartfailurematters.org\/sv\/wp-json\/wp\/v2\/pages\/2543\/revisions\/9199"}],"up":[{"embeddable":true,"href":"https:\/\/www.heartfailurematters.org\/sv\/wp-json\/wp\/v2\/pages\/8051"}],"wp:featuredmedia":[{"embeddable":true,"href":"https:\/\/www.heartfailurematters.org\/sv\/wp-json\/wp\/v2\/media\/10569"}],"wp:attachment":[{"href":"https:\/\/www.heartfailurematters.org\/sv\/wp-json\/wp\/v2\/media?parent=2543"}],"wp:term":[{"taxonomy":"category","embeddable":true,"href":"https:\/\/www.heartfailurematters.org\/sv\/wp-json\/wp\/v2\/categories?post=2543"},{"taxonomy":"post_tag","embeddable":true,"href":"https:\/\/www.heartfailurematters.org\/sv\/wp-json\/wp\/v2\/tags?post=2543"}],"curies":[{"name":"wp","href":"https:\/\/api.w.org\/{rel}","templated":true}]}}