{"id":2535,"date":"2021-01-27T22:12:09","date_gmt":"2021-01-27T22:12:09","guid":{"rendered":"http:\/\/heartfailurematters.local:8888\/elektrokardiogram-ekg\/"},"modified":"2021-07-27T14:11:43","modified_gmt":"2021-07-27T13:11:43","slug":"elektrokardiogram-ekg","status":"publish","type":"page","link":"https:\/\/www.heartfailurematters.org\/sv\/att-forsta-hjartsvikt\/elektrokardiogram-ekg\/","title":{"rendered":"Elektrokardiogram (EKG)"},"content":{"rendered":"<p>Ett elektrokardiogram eller EKG \u00e4r ett test som registrerar rytmen och den elektriska aktiviteten i hj\u00e4rtats ledningssystem. Det \u00e4r denna elektriska aktivitet som g\u00f6r att ditt hj\u00e4rta drar ihop sig, och genom att m\u00e4ta den, kan alla problem med ditt hj\u00e4rtas takt eller rytm identifieras. Ett EKG \u00e4r sm\u00e4rtfritt och tar bara cirka fem minuter. Man f\u00e4ster flera sm\u00e5, sj\u00e4lvh\u00e4ftande lappar p\u00e5 handlederna, anklarna och br\u00f6stet. Lapparna \u00e4r anslutna till ledningar, som leder till en apparat. Maskinen ger inte elchocker eller p\u00e5verkar ditt hj\u00e4rta p\u00e5 n\u00e5got s\u00e4tt. Den registrerar ett antal hj\u00e4rtslag p\u00e5 ett papper. L\u00e4karen kommer sedan att granska resultatet f\u00f6r att se om:&nbsp;&nbsp;&nbsp;<\/p>\n<ul>\n<li>det finns n\u00e5gra problem med din hj\u00e4rtrytm<\/li>\n<li>du har haft en <a class=\"addtooltip\" title=\"&lt;div id='ToolTipTextWrap'&gt;Hj\u00e4rtinfarkt&lt;\/div&gt;&lt;p&gt; Skador som uppst\u00e5r i hj\u00e4rtmuskeln n\u00e4r ett kransk\u00e4rl blir blockerat och blodfl\u00f6det till en del av muskeln kraftigt reduceras eller stoppas.&lt;\/p&gt;\"><strong>hj\u00e4rtinfarkt<\/strong><\/a> nyligen eller f\u00f6r l\u00e4nge sedan<\/li>\n<li>du har nedsatt blodtillf\u00f6rsel (ischemi)<\/li>\n<li>ditt hj\u00e4rta arbetar under press<\/li>\n<li>ditt hj\u00e4rta \u00e4r f\u00f6rstorat<\/li>\n<\/ul>\n<p><a href=\"https:\/\/www.heartfailurematters.org\/sv\/att-forsta-hjartsvikt\/vanliga-hjartsviktsundersokningar\/\">\u00c5terg\u00e5 till &#8221;Vanliga hj\u00e4rtsviktstester&#8221;<\/a><\/p>\n","protected":false},"excerpt":{"rendered":"<p>Ett elektrokardiogram eller EKG \u00e4r ett test som registrerar rytmen och den elektriska aktiviteten i hj\u00e4rtats ledningssystem. Det \u00e4r denna elektriska aktivitet som g\u00f6r att ditt hj\u00e4rta drar ihop sig, och genom att m\u00e4ta den, kan alla problem med ditt hj\u00e4rtas takt eller rytm identifieras. Ett EKG \u00e4r sm\u00e4rtfritt och tar bara cirka fem minuter. [&hellip;]<\/p>\n","protected":false},"author":1,"featured_media":10611,"parent":2421,"menu_order":0,"comment_status":"open","ping_status":"open","template":"","meta":{"_acf_changed":false,"footnotes":""},"categories":[],"tags":[],"class_list":["post-2535","page","type-page","status-publish","has-post-thumbnail","hentry"],"acf":[],"yoast_head":"<!-- This site is optimized with the Yoast SEO plugin v24.8.1 - https:\/\/yoast.com\/wordpress\/plugins\/seo\/ -->\n<title>Elektrokardiogram (EKG) och hj\u00e4rtsvikt<\/title>\n<meta name=\"description\" content=\"Ett elektrokardiogram eller EKG \u00e4r ett test som registrerar rytmen och den elektriska aktiviteten i hj\u00e4rtats ledningssystem. Ta reda p\u00e5 mer om EKG h\u00e4r\" \/>\n<meta name=\"robots\" content=\"index, follow, max-snippet:-1, max-image-preview:large, max-video-preview:-1\" \/>\n<link rel=\"canonical\" href=\"https:\/\/www.heartfailurematters.org\/sv\/att-forsta-hjartsvikt\/elektrokardiogram-ekg\/\" \/>\n<meta property=\"og:locale\" content=\"sv_SE\" \/>\n<meta property=\"og:type\" content=\"article\" \/>\n<meta property=\"og:title\" content=\"Elektrokardiogram (EKG) och hj\u00e4rtsvikt\" \/>\n<meta property=\"og:description\" content=\"Ett elektrokardiogram eller EKG \u00e4r ett test som registrerar rytmen och den elektriska aktiviteten i hj\u00e4rtats ledningssystem. Ta reda p\u00e5 mer om EKG h\u00e4r\" \/>\n<meta property=\"og:url\" content=\"https:\/\/www.heartfailurematters.org\/sv\/att-forsta-hjartsvikt\/elektrokardiogram-ekg\/\" \/>\n<meta property=\"og:site_name\" content=\"Heart Failure Matters\" \/>\n<meta property=\"article:publisher\" content=\"https:\/\/www.facebook.com\/heartfailurematters\" \/>\n<meta property=\"article:modified_time\" content=\"2021-07-27T13:11:43+00:00\" \/>\n<meta property=\"og:image\" content=\"https:\/\/www.heartfailurematters.org\/wp-content\/uploads\/2022\/02\/shutterstock_1507886318-1-min.jpg\" \/>\n\t<meta property=\"og:image:width\" content=\"900\" \/>\n\t<meta property=\"og:image:height\" content=\"600\" \/>\n\t<meta property=\"og:image:type\" content=\"image\/jpeg\" \/>\n<meta name=\"twitter:card\" content=\"summary_large_image\" \/>\n<meta name=\"twitter:label1\" content=\"Ber\u00e4knad l\u00e4stid\" \/>\n\t<meta name=\"twitter:data1\" content=\"1 minut\" \/>\n<script type=\"application\/ld+json\" class=\"yoast-schema-graph\">{\"@context\":\"https:\/\/schema.org\",\"@graph\":[{\"@type\":\"WebPage\",\"@id\":\"https:\/\/www.heartfailurematters.org\/sv\/att-forsta-hjartsvikt\/elektrokardiogram-ekg\/\",\"url\":\"https:\/\/www.heartfailurematters.org\/sv\/att-forsta-hjartsvikt\/elektrokardiogram-ekg\/\",\"name\":\"Elektrokardiogram (EKG) och hj\u00e4rtsvikt\",\"isPartOf\":{\"@id\":\"https:\/\/www.heartfailurematters.org\/sv\/#website\"},\"primaryImageOfPage\":{\"@id\":\"https:\/\/www.heartfailurematters.org\/sv\/att-forsta-hjartsvikt\/elektrokardiogram-ekg\/#primaryimage\"},\"image\":{\"@id\":\"https:\/\/www.heartfailurematters.org\/sv\/att-forsta-hjartsvikt\/elektrokardiogram-ekg\/#primaryimage\"},\"thumbnailUrl\":\"https:\/\/www.heartfailurematters.org\/wp-content\/uploads\/2022\/02\/shutterstock_1507886318-1-min.jpg\",\"datePublished\":\"2021-01-27T22:12:09+00:00\",\"dateModified\":\"2021-07-27T13:11:43+00:00\",\"description\":\"Ett elektrokardiogram eller EKG \u00e4r ett test som registrerar rytmen och den elektriska aktiviteten i hj\u00e4rtats ledningssystem. Ta reda p\u00e5 mer om EKG h\u00e4r\",\"breadcrumb\":{\"@id\":\"https:\/\/www.heartfailurematters.org\/sv\/att-forsta-hjartsvikt\/elektrokardiogram-ekg\/#breadcrumb\"},\"inLanguage\":\"sv-SE\",\"potentialAction\":[{\"@type\":\"ReadAction\",\"target\":[\"https:\/\/www.heartfailurematters.org\/sv\/att-forsta-hjartsvikt\/elektrokardiogram-ekg\/\"]}]},{\"@type\":\"ImageObject\",\"inLanguage\":\"sv-SE\",\"@id\":\"https:\/\/www.heartfailurematters.org\/sv\/att-forsta-hjartsvikt\/elektrokardiogram-ekg\/#primaryimage\",\"url\":\"https:\/\/www.heartfailurematters.org\/wp-content\/uploads\/2022\/02\/shutterstock_1507886318-1-min.jpg\",\"contentUrl\":\"https:\/\/www.heartfailurematters.org\/wp-content\/uploads\/2022\/02\/shutterstock_1507886318-1-min.jpg\",\"width\":900,\"height\":600},{\"@type\":\"BreadcrumbList\",\"@id\":\"https:\/\/www.heartfailurematters.org\/sv\/att-forsta-hjartsvikt\/elektrokardiogram-ekg\/#breadcrumb\",\"itemListElement\":[{\"@type\":\"ListItem\",\"position\":1,\"name\":\"Hem\",\"item\":\"https:\/\/www.heartfailurematters.org\/sv\/\"},{\"@type\":\"ListItem\",\"position\":2,\"name\":\"Att f\u00f6rst\u00e5 hj\u00e4rtsvikt\",\"item\":\"https:\/\/www.heartfailurematters.org\/sv\/att-forsta-hjartsvikt\/\"},{\"@type\":\"ListItem\",\"position\":3,\"name\":\"Elektrokardiogram (EKG)\"}]},{\"@type\":\"WebSite\",\"@id\":\"https:\/\/www.heartfailurematters.org\/sv\/#website\",\"url\":\"https:\/\/www.heartfailurematters.org\/sv\/\",\"name\":\"Heart Failure Matters\",\"description\":\"Practical information for patients, families and caregivers.\",\"publisher\":{\"@id\":\"https:\/\/www.heartfailurematters.org\/sv\/#organization\"},\"potentialAction\":[{\"@type\":\"SearchAction\",\"target\":{\"@type\":\"EntryPoint\",\"urlTemplate\":\"https:\/\/www.heartfailurematters.org\/sv\/?s={search_term_string}\"},\"query-input\":{\"@type\":\"PropertyValueSpecification\",\"valueRequired\":true,\"valueName\":\"search_term_string\"}}],\"inLanguage\":\"sv-SE\"},{\"@type\":\"Organization\",\"@id\":\"https:\/\/www.heartfailurematters.org\/sv\/#organization\",\"name\":\"Heart Failure Matters\",\"url\":\"https:\/\/www.heartfailurematters.org\/sv\/\",\"logo\":{\"@type\":\"ImageObject\",\"inLanguage\":\"sv-SE\",\"@id\":\"https:\/\/www.heartfailurematters.org\/sv\/#\/schema\/logo\/image\/\",\"url\":\"https:\/\/cdn-endpoint-hfm.azureedge.net\/heartfailurematters\/2024\/07\/hfm-logo1.jpg\",\"contentUrl\":\"https:\/\/cdn-endpoint-hfm.azureedge.net\/heartfailurematters\/2024\/07\/hfm-logo1.jpg\",\"width\":1280,\"height\":720,\"caption\":\"Heart Failure Matters\"},\"image\":{\"@id\":\"https:\/\/www.heartfailurematters.org\/sv\/#\/schema\/logo\/image\/\"},\"sameAs\":[\"https:\/\/www.facebook.com\/heartfailurematters\"]}]}<\/script>\n<!-- \/ Yoast SEO plugin. -->","yoast_head_json":{"title":"Elektrokardiogram (EKG) och hj\u00e4rtsvikt","description":"Ett elektrokardiogram eller EKG \u00e4r ett test som registrerar rytmen och den elektriska aktiviteten i hj\u00e4rtats ledningssystem. Ta reda p\u00e5 mer om EKG h\u00e4r","robots":{"index":"index","follow":"follow","max-snippet":"max-snippet:-1","max-image-preview":"max-image-preview:large","max-video-preview":"max-video-preview:-1"},"canonical":"https:\/\/www.heartfailurematters.org\/sv\/att-forsta-hjartsvikt\/elektrokardiogram-ekg\/","og_locale":"sv_SE","og_type":"article","og_title":"Elektrokardiogram (EKG) och hj\u00e4rtsvikt","og_description":"Ett elektrokardiogram eller EKG \u00e4r ett test som registrerar rytmen och den elektriska aktiviteten i hj\u00e4rtats ledningssystem. Ta reda p\u00e5 mer om EKG h\u00e4r","og_url":"https:\/\/www.heartfailurematters.org\/sv\/att-forsta-hjartsvikt\/elektrokardiogram-ekg\/","og_site_name":"Heart Failure Matters","article_publisher":"https:\/\/www.facebook.com\/heartfailurematters","article_modified_time":"2021-07-27T13:11:43+00:00","og_image":[{"width":900,"height":600,"url":"https:\/\/www.heartfailurematters.org\/wp-content\/uploads\/2022\/02\/shutterstock_1507886318-1-min.jpg","type":"image\/jpeg"}],"twitter_card":"summary_large_image","twitter_misc":{"Ber\u00e4knad l\u00e4stid":"1 minut"},"schema":{"@context":"https:\/\/schema.org","@graph":[{"@type":"WebPage","@id":"https:\/\/www.heartfailurematters.org\/sv\/att-forsta-hjartsvikt\/elektrokardiogram-ekg\/","url":"https:\/\/www.heartfailurematters.org\/sv\/att-forsta-hjartsvikt\/elektrokardiogram-ekg\/","name":"Elektrokardiogram (EKG) och hj\u00e4rtsvikt","isPartOf":{"@id":"https:\/\/www.heartfailurematters.org\/sv\/#website"},"primaryImageOfPage":{"@id":"https:\/\/www.heartfailurematters.org\/sv\/att-forsta-hjartsvikt\/elektrokardiogram-ekg\/#primaryimage"},"image":{"@id":"https:\/\/www.heartfailurematters.org\/sv\/att-forsta-hjartsvikt\/elektrokardiogram-ekg\/#primaryimage"},"thumbnailUrl":"https:\/\/www.heartfailurematters.org\/wp-content\/uploads\/2022\/02\/shutterstock_1507886318-1-min.jpg","datePublished":"2021-01-27T22:12:09+00:00","dateModified":"2021-07-27T13:11:43+00:00","description":"Ett elektrokardiogram eller EKG \u00e4r ett test som registrerar rytmen och den elektriska aktiviteten i hj\u00e4rtats ledningssystem. Ta reda p\u00e5 mer om EKG h\u00e4r","breadcrumb":{"@id":"https:\/\/www.heartfailurematters.org\/sv\/att-forsta-hjartsvikt\/elektrokardiogram-ekg\/#breadcrumb"},"inLanguage":"sv-SE","potentialAction":[{"@type":"ReadAction","target":["https:\/\/www.heartfailurematters.org\/sv\/att-forsta-hjartsvikt\/elektrokardiogram-ekg\/"]}]},{"@type":"ImageObject","inLanguage":"sv-SE","@id":"https:\/\/www.heartfailurematters.org\/sv\/att-forsta-hjartsvikt\/elektrokardiogram-ekg\/#primaryimage","url":"https:\/\/www.heartfailurematters.org\/wp-content\/uploads\/2022\/02\/shutterstock_1507886318-1-min.jpg","contentUrl":"https:\/\/www.heartfailurematters.org\/wp-content\/uploads\/2022\/02\/shutterstock_1507886318-1-min.jpg","width":900,"height":600},{"@type":"BreadcrumbList","@id":"https:\/\/www.heartfailurematters.org\/sv\/att-forsta-hjartsvikt\/elektrokardiogram-ekg\/#breadcrumb","itemListElement":[{"@type":"ListItem","position":1,"name":"Hem","item":"https:\/\/www.heartfailurematters.org\/sv\/"},{"@type":"ListItem","position":2,"name":"Att f\u00f6rst\u00e5 hj\u00e4rtsvikt","item":"https:\/\/www.heartfailurematters.org\/sv\/att-forsta-hjartsvikt\/"},{"@type":"ListItem","position":3,"name":"Elektrokardiogram (EKG)"}]},{"@type":"WebSite","@id":"https:\/\/www.heartfailurematters.org\/sv\/#website","url":"https:\/\/www.heartfailurematters.org\/sv\/","name":"Heart Failure Matters","description":"Practical information for patients, families and caregivers.","publisher":{"@id":"https:\/\/www.heartfailurematters.org\/sv\/#organization"},"potentialAction":[{"@type":"SearchAction","target":{"@type":"EntryPoint","urlTemplate":"https:\/\/www.heartfailurematters.org\/sv\/?s={search_term_string}"},"query-input":{"@type":"PropertyValueSpecification","valueRequired":true,"valueName":"search_term_string"}}],"inLanguage":"sv-SE"},{"@type":"Organization","@id":"https:\/\/www.heartfailurematters.org\/sv\/#organization","name":"Heart Failure Matters","url":"https:\/\/www.heartfailurematters.org\/sv\/","logo":{"@type":"ImageObject","inLanguage":"sv-SE","@id":"https:\/\/www.heartfailurematters.org\/sv\/#\/schema\/logo\/image\/","url":"https:\/\/cdn-endpoint-hfm.azureedge.net\/heartfailurematters\/2024\/07\/hfm-logo1.jpg","contentUrl":"https:\/\/cdn-endpoint-hfm.azureedge.net\/heartfailurematters\/2024\/07\/hfm-logo1.jpg","width":1280,"height":720,"caption":"Heart Failure Matters"},"image":{"@id":"https:\/\/www.heartfailurematters.org\/sv\/#\/schema\/logo\/image\/"},"sameAs":["https:\/\/www.facebook.com\/heartfailurematters"]}]}},"_links":{"self":[{"href":"https:\/\/www.heartfailurematters.org\/sv\/wp-json\/wp\/v2\/pages\/2535","targetHints":{"allow":["GET"]}}],"collection":[{"href":"https:\/\/www.heartfailurematters.org\/sv\/wp-json\/wp\/v2\/pages"}],"about":[{"href":"https:\/\/www.heartfailurematters.org\/sv\/wp-json\/wp\/v2\/types\/page"}],"author":[{"embeddable":true,"href":"https:\/\/www.heartfailurematters.org\/sv\/wp-json\/wp\/v2\/users\/1"}],"replies":[{"embeddable":true,"href":"https:\/\/www.heartfailurematters.org\/sv\/wp-json\/wp\/v2\/comments?post=2535"}],"version-history":[{"count":1,"href":"https:\/\/www.heartfailurematters.org\/sv\/wp-json\/wp\/v2\/pages\/2535\/revisions"}],"predecessor-version":[{"id":9598,"href":"https:\/\/www.heartfailurematters.org\/sv\/wp-json\/wp\/v2\/pages\/2535\/revisions\/9598"}],"up":[{"embeddable":true,"href":"https:\/\/www.heartfailurematters.org\/sv\/wp-json\/wp\/v2\/pages\/2421"}],"wp:featuredmedia":[{"embeddable":true,"href":"https:\/\/www.heartfailurematters.org\/sv\/wp-json\/wp\/v2\/media\/10611"}],"wp:attachment":[{"href":"https:\/\/www.heartfailurematters.org\/sv\/wp-json\/wp\/v2\/media?parent=2535"}],"wp:term":[{"taxonomy":"category","embeddable":true,"href":"https:\/\/www.heartfailurematters.org\/sv\/wp-json\/wp\/v2\/categories?post=2535"},{"taxonomy":"post_tag","embeddable":true,"href":"https:\/\/www.heartfailurematters.org\/sv\/wp-json\/wp\/v2\/tags?post=2535"}],"curies":[{"name":"wp","href":"https:\/\/api.w.org\/{rel}","templated":true}]}}