{"id":2534,"date":"2021-01-27T22:12:09","date_gmt":"2021-01-27T22:12:09","guid":{"rendered":"http:\/\/heartfailurematters.local:8888\/hur-fungerar-det-med-alternativa-lakemedel-eller-naturmedicin\/"},"modified":"2026-02-10T13:20:04","modified_gmt":"2026-02-10T13:20:04","slug":"hur-fungerar-det-med-alternativa-lakemedel-eller-naturmedicin","status":"publish","type":"page","link":"https:\/\/www.heartfailurematters.org\/sv\/vad-din-lakare-eller-sjukskoterska-kan-gora\/hur-fungerar-det-med-alternativa-lakemedel-eller-naturmedicin\/","title":{"rendered":"Hur fungerar det med alternativa l\u00e4kemedel eller naturmedicin?"},"content":{"rendered":"<p>Du kanske har l\u00e4st n\u00e5gra uppmuntrande p\u00e5st\u00e5enden om alternativa eller naturliga behandlingar eller naturl\u00e4kemedelsbehandlingar, men det finns ofta inga medicinska bevis p\u00e5 att dessa f\u00f6rb\u00e4ttrar hj\u00e4rtsvikt. Tv\u00e4rtom kan ingredienser i en del av dessa alternativa behandlingar st\u00f6ra effekten av vissa hj\u00e4rtsviktsl\u00e4kemedel och kan ha skadliga effekter.<\/p>\n<p>N\u00e5gra av de mer vanliga alternativa preparat eller naturl\u00e4kemedel som kan interagera ogynnsamt med vissa hj\u00e4rtsviktsl\u00e4kemedel innefattar:<\/p>\n<ul>\n<li>Ephedra (Ma Huang)<\/li>\n<li>Efedrinmetaboliter<\/li>\n<li>Kinesiska \u00f6rter<\/li>\n<li>Hagtornsprodukter (Crataegus)<\/li>\n<li>Vitl\u00f6k<\/li>\n<li>Ginseng<\/li>\n<li>Ginko<\/li>\n<li>Coenzym Q-10<\/li>\n<\/ul>\n<p>Det rekommenderas starkt att du talar med din l\u00e4kare, sjuksk\u00f6terska eller apotekspersonal innan du tar n\u00e5gra alternativa medel\/naturl\u00e4kemedel\/\u00f6rtbehandling.<\/p>\n<p><a href=\"https:\/\/www.heartfailurematters.org\/what-your-doctor-can-do\/heart-failure-medicines\/\">\u00c5terg\u00e5 till Hj\u00e4rtsviktsl\u00e4kemedel<\/a><\/p>\n","protected":false},"excerpt":{"rendered":"<p>Du kanske har l\u00e4st n\u00e5gra uppmuntrande p\u00e5st\u00e5enden om alternativa eller naturliga behandlingar eller naturl\u00e4kemedelsbehandlingar, men det finns ofta inga medicinska bevis p\u00e5 att dessa f\u00f6rb\u00e4ttrar hj\u00e4rtsvikt. Tv\u00e4rtom kan ingredienser i en del av dessa alternativa behandlingar st\u00f6ra effekten av vissa hj\u00e4rtsviktsl\u00e4kemedel och kan ha skadliga effekter. N\u00e5gra av de mer vanliga alternativa preparat eller naturl\u00e4kemedel [&hellip;]<\/p>\n","protected":false},"author":1,"featured_media":10966,"parent":2685,"menu_order":0,"comment_status":"open","ping_status":"open","template":"","meta":{"_acf_changed":false,"footnotes":""},"categories":[],"tags":[],"class_list":["post-2534","page","type-page","status-publish","has-post-thumbnail","hentry"],"acf":[],"yoast_head":"<!-- This site is optimized with the Yoast SEO plugin v24.8.1 - https:\/\/yoast.com\/wordpress\/plugins\/seo\/ -->\n<title>Alternativa medel eller naturl\u00e4kemedel f\u00f6r hj\u00e4rtsvikt<\/title>\n<meta name=\"description\" content=\"Du kan ha l\u00e4st p\u00e5st\u00e5enden om alternativmedicin eller naturl\u00e4kemedel. Tyv\u00e4rr finns ofta inga medicinska bel\u00e4gg f\u00f6r att dessa f\u00f6rb\u00e4ttrar hj\u00e4rtsvikt.\" \/>\n<meta name=\"robots\" content=\"index, follow, max-snippet:-1, max-image-preview:large, max-video-preview:-1\" \/>\n<link rel=\"canonical\" href=\"https:\/\/www.heartfailurematters.org\/sv\/vad-din-lakare-eller-sjukskoterska-kan-gora\/hur-fungerar-det-med-alternativa-lakemedel-eller-naturmedicin\/\" \/>\n<meta property=\"og:locale\" content=\"sv_SE\" \/>\n<meta property=\"og:type\" content=\"article\" \/>\n<meta property=\"og:title\" content=\"Alternativa medel eller naturl\u00e4kemedel f\u00f6r hj\u00e4rtsvikt\" \/>\n<meta property=\"og:description\" content=\"Du kan ha l\u00e4st p\u00e5st\u00e5enden om alternativmedicin eller naturl\u00e4kemedel. Tyv\u00e4rr finns ofta inga medicinska bel\u00e4gg f\u00f6r att dessa f\u00f6rb\u00e4ttrar hj\u00e4rtsvikt.\" \/>\n<meta property=\"og:url\" content=\"https:\/\/www.heartfailurematters.org\/sv\/vad-din-lakare-eller-sjukskoterska-kan-gora\/hur-fungerar-det-med-alternativa-lakemedel-eller-naturmedicin\/\" \/>\n<meta property=\"og:site_name\" content=\"Heart Failure Matters\" \/>\n<meta property=\"article:publisher\" content=\"https:\/\/www.facebook.com\/heartfailurematters\" \/>\n<meta property=\"article:modified_time\" content=\"2026-02-10T13:20:04+00:00\" \/>\n<meta property=\"og:image\" content=\"https:\/\/www.heartfailurematters.org\/wp-content\/uploads\/2022\/03\/shutterstock_697586869-1-min.jpg\" \/>\n\t<meta property=\"og:image:width\" content=\"900\" \/>\n\t<meta property=\"og:image:height\" content=\"600\" \/>\n\t<meta property=\"og:image:type\" content=\"image\/jpeg\" \/>\n<meta name=\"twitter:card\" content=\"summary_large_image\" \/>\n<meta name=\"twitter:label1\" content=\"Ber\u00e4knad l\u00e4stid\" \/>\n\t<meta name=\"twitter:data1\" content=\"1 minut\" \/>\n<script type=\"application\/ld+json\" class=\"yoast-schema-graph\">{\"@context\":\"https:\/\/schema.org\",\"@graph\":[{\"@type\":\"WebPage\",\"@id\":\"https:\/\/www.heartfailurematters.org\/sv\/vad-din-lakare-eller-sjukskoterska-kan-gora\/hur-fungerar-det-med-alternativa-lakemedel-eller-naturmedicin\/\",\"url\":\"https:\/\/www.heartfailurematters.org\/sv\/vad-din-lakare-eller-sjukskoterska-kan-gora\/hur-fungerar-det-med-alternativa-lakemedel-eller-naturmedicin\/\",\"name\":\"Alternativa medel eller naturl\u00e4kemedel f\u00f6r hj\u00e4rtsvikt\",\"isPartOf\":{\"@id\":\"https:\/\/www.heartfailurematters.org\/sv\/#website\"},\"primaryImageOfPage\":{\"@id\":\"https:\/\/www.heartfailurematters.org\/sv\/vad-din-lakare-eller-sjukskoterska-kan-gora\/hur-fungerar-det-med-alternativa-lakemedel-eller-naturmedicin\/#primaryimage\"},\"image\":{\"@id\":\"https:\/\/www.heartfailurematters.org\/sv\/vad-din-lakare-eller-sjukskoterska-kan-gora\/hur-fungerar-det-med-alternativa-lakemedel-eller-naturmedicin\/#primaryimage\"},\"thumbnailUrl\":\"https:\/\/www.heartfailurematters.org\/wp-content\/uploads\/2022\/03\/shutterstock_697586869-1-min.jpg\",\"datePublished\":\"2021-01-27T22:12:09+00:00\",\"dateModified\":\"2026-02-10T13:20:04+00:00\",\"description\":\"Du kan ha l\u00e4st p\u00e5st\u00e5enden om alternativmedicin eller naturl\u00e4kemedel. Tyv\u00e4rr finns ofta inga medicinska bel\u00e4gg f\u00f6r att dessa f\u00f6rb\u00e4ttrar hj\u00e4rtsvikt.\",\"breadcrumb\":{\"@id\":\"https:\/\/www.heartfailurematters.org\/sv\/vad-din-lakare-eller-sjukskoterska-kan-gora\/hur-fungerar-det-med-alternativa-lakemedel-eller-naturmedicin\/#breadcrumb\"},\"inLanguage\":\"sv-SE\",\"potentialAction\":[{\"@type\":\"ReadAction\",\"target\":[\"https:\/\/www.heartfailurematters.org\/sv\/vad-din-lakare-eller-sjukskoterska-kan-gora\/hur-fungerar-det-med-alternativa-lakemedel-eller-naturmedicin\/\"]}]},{\"@type\":\"ImageObject\",\"inLanguage\":\"sv-SE\",\"@id\":\"https:\/\/www.heartfailurematters.org\/sv\/vad-din-lakare-eller-sjukskoterska-kan-gora\/hur-fungerar-det-med-alternativa-lakemedel-eller-naturmedicin\/#primaryimage\",\"url\":\"https:\/\/www.heartfailurematters.org\/wp-content\/uploads\/2022\/03\/shutterstock_697586869-1-min.jpg\",\"contentUrl\":\"https:\/\/www.heartfailurematters.org\/wp-content\/uploads\/2022\/03\/shutterstock_697586869-1-min.jpg\",\"width\":900,\"height\":600},{\"@type\":\"BreadcrumbList\",\"@id\":\"https:\/\/www.heartfailurematters.org\/sv\/vad-din-lakare-eller-sjukskoterska-kan-gora\/hur-fungerar-det-med-alternativa-lakemedel-eller-naturmedicin\/#breadcrumb\",\"itemListElement\":[{\"@type\":\"ListItem\",\"position\":1,\"name\":\"Hem\",\"item\":\"https:\/\/www.heartfailurematters.org\/sv\/\"},{\"@type\":\"ListItem\",\"position\":2,\"name\":\"Vad din l\u00e4kare kan g\u00f6ra\",\"item\":\"https:\/\/www.heartfailurematters.org\/sv\/vad-din-lakare-eller-sjukskoterska-kan-gora\/\"},{\"@type\":\"ListItem\",\"position\":3,\"name\":\"Hur fungerar det med alternativa l\u00e4kemedel eller naturmedicin?\"}]},{\"@type\":\"WebSite\",\"@id\":\"https:\/\/www.heartfailurematters.org\/sv\/#website\",\"url\":\"https:\/\/www.heartfailurematters.org\/sv\/\",\"name\":\"Heart Failure Matters\",\"description\":\"Practical information for patients, families and caregivers.\",\"publisher\":{\"@id\":\"https:\/\/www.heartfailurematters.org\/sv\/#organization\"},\"potentialAction\":[{\"@type\":\"SearchAction\",\"target\":{\"@type\":\"EntryPoint\",\"urlTemplate\":\"https:\/\/www.heartfailurematters.org\/sv\/?s={search_term_string}\"},\"query-input\":{\"@type\":\"PropertyValueSpecification\",\"valueRequired\":true,\"valueName\":\"search_term_string\"}}],\"inLanguage\":\"sv-SE\"},{\"@type\":\"Organization\",\"@id\":\"https:\/\/www.heartfailurematters.org\/sv\/#organization\",\"name\":\"Heart Failure Matters\",\"url\":\"https:\/\/www.heartfailurematters.org\/sv\/\",\"logo\":{\"@type\":\"ImageObject\",\"inLanguage\":\"sv-SE\",\"@id\":\"https:\/\/www.heartfailurematters.org\/sv\/#\/schema\/logo\/image\/\",\"url\":\"https:\/\/cdn-endpoint-hfm.azureedge.net\/heartfailurematters\/2024\/07\/hfm-logo1.jpg\",\"contentUrl\":\"https:\/\/cdn-endpoint-hfm.azureedge.net\/heartfailurematters\/2024\/07\/hfm-logo1.jpg\",\"width\":1280,\"height\":720,\"caption\":\"Heart Failure Matters\"},\"image\":{\"@id\":\"https:\/\/www.heartfailurematters.org\/sv\/#\/schema\/logo\/image\/\"},\"sameAs\":[\"https:\/\/www.facebook.com\/heartfailurematters\"]}]}<\/script>\n<!-- \/ Yoast SEO plugin. -->","yoast_head_json":{"title":"Alternativa medel eller naturl\u00e4kemedel f\u00f6r hj\u00e4rtsvikt","description":"Du kan ha l\u00e4st p\u00e5st\u00e5enden om alternativmedicin eller naturl\u00e4kemedel. Tyv\u00e4rr finns ofta inga medicinska bel\u00e4gg f\u00f6r att dessa f\u00f6rb\u00e4ttrar hj\u00e4rtsvikt.","robots":{"index":"index","follow":"follow","max-snippet":"max-snippet:-1","max-image-preview":"max-image-preview:large","max-video-preview":"max-video-preview:-1"},"canonical":"https:\/\/www.heartfailurematters.org\/sv\/vad-din-lakare-eller-sjukskoterska-kan-gora\/hur-fungerar-det-med-alternativa-lakemedel-eller-naturmedicin\/","og_locale":"sv_SE","og_type":"article","og_title":"Alternativa medel eller naturl\u00e4kemedel f\u00f6r hj\u00e4rtsvikt","og_description":"Du kan ha l\u00e4st p\u00e5st\u00e5enden om alternativmedicin eller naturl\u00e4kemedel. Tyv\u00e4rr finns ofta inga medicinska bel\u00e4gg f\u00f6r att dessa f\u00f6rb\u00e4ttrar hj\u00e4rtsvikt.","og_url":"https:\/\/www.heartfailurematters.org\/sv\/vad-din-lakare-eller-sjukskoterska-kan-gora\/hur-fungerar-det-med-alternativa-lakemedel-eller-naturmedicin\/","og_site_name":"Heart Failure Matters","article_publisher":"https:\/\/www.facebook.com\/heartfailurematters","article_modified_time":"2026-02-10T13:20:04+00:00","og_image":[{"width":900,"height":600,"url":"https:\/\/www.heartfailurematters.org\/wp-content\/uploads\/2022\/03\/shutterstock_697586869-1-min.jpg","type":"image\/jpeg"}],"twitter_card":"summary_large_image","twitter_misc":{"Ber\u00e4knad l\u00e4stid":"1 minut"},"schema":{"@context":"https:\/\/schema.org","@graph":[{"@type":"WebPage","@id":"https:\/\/www.heartfailurematters.org\/sv\/vad-din-lakare-eller-sjukskoterska-kan-gora\/hur-fungerar-det-med-alternativa-lakemedel-eller-naturmedicin\/","url":"https:\/\/www.heartfailurematters.org\/sv\/vad-din-lakare-eller-sjukskoterska-kan-gora\/hur-fungerar-det-med-alternativa-lakemedel-eller-naturmedicin\/","name":"Alternativa medel eller naturl\u00e4kemedel f\u00f6r hj\u00e4rtsvikt","isPartOf":{"@id":"https:\/\/www.heartfailurematters.org\/sv\/#website"},"primaryImageOfPage":{"@id":"https:\/\/www.heartfailurematters.org\/sv\/vad-din-lakare-eller-sjukskoterska-kan-gora\/hur-fungerar-det-med-alternativa-lakemedel-eller-naturmedicin\/#primaryimage"},"image":{"@id":"https:\/\/www.heartfailurematters.org\/sv\/vad-din-lakare-eller-sjukskoterska-kan-gora\/hur-fungerar-det-med-alternativa-lakemedel-eller-naturmedicin\/#primaryimage"},"thumbnailUrl":"https:\/\/www.heartfailurematters.org\/wp-content\/uploads\/2022\/03\/shutterstock_697586869-1-min.jpg","datePublished":"2021-01-27T22:12:09+00:00","dateModified":"2026-02-10T13:20:04+00:00","description":"Du kan ha l\u00e4st p\u00e5st\u00e5enden om alternativmedicin eller naturl\u00e4kemedel. Tyv\u00e4rr finns ofta inga medicinska bel\u00e4gg f\u00f6r att dessa f\u00f6rb\u00e4ttrar hj\u00e4rtsvikt.","breadcrumb":{"@id":"https:\/\/www.heartfailurematters.org\/sv\/vad-din-lakare-eller-sjukskoterska-kan-gora\/hur-fungerar-det-med-alternativa-lakemedel-eller-naturmedicin\/#breadcrumb"},"inLanguage":"sv-SE","potentialAction":[{"@type":"ReadAction","target":["https:\/\/www.heartfailurematters.org\/sv\/vad-din-lakare-eller-sjukskoterska-kan-gora\/hur-fungerar-det-med-alternativa-lakemedel-eller-naturmedicin\/"]}]},{"@type":"ImageObject","inLanguage":"sv-SE","@id":"https:\/\/www.heartfailurematters.org\/sv\/vad-din-lakare-eller-sjukskoterska-kan-gora\/hur-fungerar-det-med-alternativa-lakemedel-eller-naturmedicin\/#primaryimage","url":"https:\/\/www.heartfailurematters.org\/wp-content\/uploads\/2022\/03\/shutterstock_697586869-1-min.jpg","contentUrl":"https:\/\/www.heartfailurematters.org\/wp-content\/uploads\/2022\/03\/shutterstock_697586869-1-min.jpg","width":900,"height":600},{"@type":"BreadcrumbList","@id":"https:\/\/www.heartfailurematters.org\/sv\/vad-din-lakare-eller-sjukskoterska-kan-gora\/hur-fungerar-det-med-alternativa-lakemedel-eller-naturmedicin\/#breadcrumb","itemListElement":[{"@type":"ListItem","position":1,"name":"Hem","item":"https:\/\/www.heartfailurematters.org\/sv\/"},{"@type":"ListItem","position":2,"name":"Vad din l\u00e4kare kan g\u00f6ra","item":"https:\/\/www.heartfailurematters.org\/sv\/vad-din-lakare-eller-sjukskoterska-kan-gora\/"},{"@type":"ListItem","position":3,"name":"Hur fungerar det med alternativa l\u00e4kemedel eller naturmedicin?"}]},{"@type":"WebSite","@id":"https:\/\/www.heartfailurematters.org\/sv\/#website","url":"https:\/\/www.heartfailurematters.org\/sv\/","name":"Heart Failure Matters","description":"Practical information for patients, families and caregivers.","publisher":{"@id":"https:\/\/www.heartfailurematters.org\/sv\/#organization"},"potentialAction":[{"@type":"SearchAction","target":{"@type":"EntryPoint","urlTemplate":"https:\/\/www.heartfailurematters.org\/sv\/?s={search_term_string}"},"query-input":{"@type":"PropertyValueSpecification","valueRequired":true,"valueName":"search_term_string"}}],"inLanguage":"sv-SE"},{"@type":"Organization","@id":"https:\/\/www.heartfailurematters.org\/sv\/#organization","name":"Heart Failure Matters","url":"https:\/\/www.heartfailurematters.org\/sv\/","logo":{"@type":"ImageObject","inLanguage":"sv-SE","@id":"https:\/\/www.heartfailurematters.org\/sv\/#\/schema\/logo\/image\/","url":"https:\/\/cdn-endpoint-hfm.azureedge.net\/heartfailurematters\/2024\/07\/hfm-logo1.jpg","contentUrl":"https:\/\/cdn-endpoint-hfm.azureedge.net\/heartfailurematters\/2024\/07\/hfm-logo1.jpg","width":1280,"height":720,"caption":"Heart Failure Matters"},"image":{"@id":"https:\/\/www.heartfailurematters.org\/sv\/#\/schema\/logo\/image\/"},"sameAs":["https:\/\/www.facebook.com\/heartfailurematters"]}]}},"_links":{"self":[{"href":"https:\/\/www.heartfailurematters.org\/sv\/wp-json\/wp\/v2\/pages\/2534","targetHints":{"allow":["GET"]}}],"collection":[{"href":"https:\/\/www.heartfailurematters.org\/sv\/wp-json\/wp\/v2\/pages"}],"about":[{"href":"https:\/\/www.heartfailurematters.org\/sv\/wp-json\/wp\/v2\/types\/page"}],"author":[{"embeddable":true,"href":"https:\/\/www.heartfailurematters.org\/sv\/wp-json\/wp\/v2\/users\/1"}],"replies":[{"embeddable":true,"href":"https:\/\/www.heartfailurematters.org\/sv\/wp-json\/wp\/v2\/comments?post=2534"}],"version-history":[{"count":2,"href":"https:\/\/www.heartfailurematters.org\/sv\/wp-json\/wp\/v2\/pages\/2534\/revisions"}],"predecessor-version":[{"id":13958,"href":"https:\/\/www.heartfailurematters.org\/sv\/wp-json\/wp\/v2\/pages\/2534\/revisions\/13958"}],"up":[{"embeddable":true,"href":"https:\/\/www.heartfailurematters.org\/sv\/wp-json\/wp\/v2\/pages\/2685"}],"wp:featuredmedia":[{"embeddable":true,"href":"https:\/\/www.heartfailurematters.org\/sv\/wp-json\/wp\/v2\/media\/10966"}],"wp:attachment":[{"href":"https:\/\/www.heartfailurematters.org\/sv\/wp-json\/wp\/v2\/media?parent=2534"}],"wp:term":[{"taxonomy":"category","embeddable":true,"href":"https:\/\/www.heartfailurematters.org\/sv\/wp-json\/wp\/v2\/categories?post=2534"},{"taxonomy":"post_tag","embeddable":true,"href":"https:\/\/www.heartfailurematters.org\/sv\/wp-json\/wp\/v2\/tags?post=2534"}],"curies":[{"name":"wp","href":"https:\/\/api.w.org\/{rel}","templated":true}]}}